{"id":409560,"date":"2020-06-02T14:24:08","date_gmt":"2020-06-02T12:24:08","guid":{"rendered":"https:\/\/www.burg.biz\/fr\/p\/coffres-forts\/coffre-fort-cityline\/"},"modified":"2022-06-03T12:21:01","modified_gmt":"2022-06-03T10:21:01","slug":"coffre-fort-cityline","status":"publish","type":"product","link":"https:\/\/test.burgwaechterservice.de\/fr\/p\/coffres-forts\/coffre-fort-cityline\/","title":{"rendered":"City-Line"},"content":{"rendered":"<h2>Coffre-fort \u00e0 int\u00e9grer City-Line de niveau de s\u00e9curit\u00e9 B<\/h2>\n<p>Pour la protection des objets de valeur chez-vous : Le coffre-fort \u00e0 int\u00e9grer City-Line de BURG-W\u00c4CHTER est <strong>parfait pour \u00eatre int\u00e9gr\u00e9 dans un meuble<\/strong> et prot\u00e8ge ainsi vos objets de valeur non seulement des regards de la meilleure fa\u00e7on possible, mais aussi bien s\u00fbr des vols.<\/p>\n<h3>Un lieu de d\u00e9p\u00f4t id\u00e9al<\/h3>\n<p>Les coffres-forts City-Line offrent un endroit s\u00fbr pour les documents, l&#8217;argent liquide, les bijoux. L&#8217;<strong>int\u00e9rieur d&#8217;une profondeur \u00e9quivalente \u00e0 un grand classeur<\/strong> offre assez de place pour vos grands classeurs. Par ailleurs, une \u00e9tag\u00e8re r\u00e9glable assure le rangement optimal de vos objets de valeur.<\/p>\n<div class=\"kad-youtube-shortcode videofit\"  ><div class=\"BorlabsCookie _brlbs-cb-youtube\"><div class=\"_brlbs-content-blocker\"> <div class=\"_brlbs-embed _brlbs-video-youtube\"> <img class=\"_brlbs-thumbnail\" src=\"https:\/\/test.burgwaechterservice.de\/fr\/wp-content\/plugins\/borlabs-cookie\/assets\/images\/cb-no-thumbnail.png\" alt=\"YouTube\"> <div class=\"_brlbs-caption\"> <p>By loading the video, you agree to YouTube's privacy policy.<br><a href=\"https:\/\/policies.google.com\/privacy?hl=en&amp;gl=en\" target=\"_blank\" rel=\"nofollow noopener noreferrer\">Learn more<\/a><\/p> <p><a class=\"_brlbs-btn _brlbs-icon-play-white\" href=\"#\" data-borlabs-cookie-unblock role=\"button\">Load video<\/a><\/p> <p><label><input type=\"checkbox\" name=\"unblockAll\" value=\"1\" checked> <small>Always unblock YouTube<\/small><\/label><\/p> <\/div> <\/div> <\/div><div class=\"borlabs-hide\" data-borlabs-cookie-type=\"content-blocker\" data-borlabs-cookie-id=\"youtube\"><script type=\"text\/template\">PGlmcmFtZSB3aWR0aD0iOTAwIiBoZWlnaHQ9IjQwMCIgc3JjPSJodHRwczovL3d3dy55b3V0dWJlLW5vY29va2llLmNvbS9lbWJlZC9VY1NaUHk1UXBJaz9hdXRvcGxheT0wJmNvbnRyb2xzPTEmZnM9MSZtb2Rlc3RicmFuZGluZz0wJnRoZW1lPWRhcmsmcmVsPTAmbG9vcD0wJnNob3dpbmZvPTEiIGZyYW1lYm9yZGVyPSIwIiBhbGxvd2Z1bGxzY3JlZW49InRydWUiPjwvaWZyYW1lPg==<\/script><\/div><\/div><\/div>\n<h3>Un dispositif d&#8217;ancrage pratique<\/h3>\n<p>L&#8217;installation stable de votre coffre-fort City-Line est rendue possible par l&#8217;<strong>ancrage dans le mur arri\u00e8re et dans le sol<\/strong>. Respectivement deux trous dispos\u00e9 en diagonale dans la paroi arri\u00e8re et dans le sol du coffre-fort permettent une r\u00e9sistance maximale en cas de tentative tr\u00e8s violente d&#8217;effraction.<\/p>\n<h3>Une conception robuste pour emp\u00eacher l&#8217;effraction<\/h3>\n<p>Une conception robuste et un corps \u00e0 double paroi emp\u00eachent l&#8217;effraction du coffre-fort en peu de temps. La serrure du coffre-fort est s\u00e9curis\u00e9e \u00e0 l&#8217;aide des verrouillages lat\u00e9raux avec deux \u00e0 trois p\u00eanes ronds stables en fonction de la taille du coffre-fort. Ce coffre-fort \u00e0 int\u00e9grer dans un meuble est pourvu de <strong>mat\u00e9riau ignifug\u00e9 suivant DIN 4102-A1 et d&#8217;une rainure anti-feu<\/strong>.<\/p>\n<h3>Cl\u00e9 perdue ? Il suffit de r\u00e9gler la serrure du City-Line sur une nouvelle position<\/h3>\n<p>Les coffres-forts City-Line sont disponibles en deux tailles et avec deux syst\u00e8mes de fermeture. La serrure \u00e9lectronique \u00e0 code &#8220;SecuTronic&#8221; et la serrure m\u00e9canique &#8220;SecuSafe&#8221;. Cette derni\u00e8re dispose d&#8217;un atout confortable : si vous deviez \u00e9garer une cl\u00e9, vous pouvez <strong>tout simplement r\u00e9gler la serrure &#8220;SecuSafe&#8221; sur un nouveau jeu de cl\u00e9s<\/strong>. Ainsi, aucune crainte \u00e0 avoir que des intrus ouvrent votre CityLine. <a href=\"https:\/\/www.youtube.com\/watch?v=3ziM4yiMAPQ\">Voici comment fonctionne le r\u00e9glage de la serrure<\/a>.<\/p>\n<h4>Le City-Line de BURG-W\u00c4CHTER en aper\u00e7u<\/h4>\n<ul>\n<li>Niveau de s\u00e9curit\u00e9 B suivant VDMA 24992, en l&#8217;\u00e9tat de mai 1995<\/li>\n<li>Mat\u00e9riau ignifug\u00e9 suivant DIN 4102-A1<\/li>\n<li>Double paroi<\/li>\n<li>Rainure anti feu sur tout le pourtour<\/li>\n<li>Verrouillage par des p\u00eanes ronds<\/li>\n<li>Coffre-fort \u00e0 int\u00e9grer : possibilit\u00e9 d&#8217;ancrage dans le mur et le sol, deux trous dispos\u00e9s en diagnolale respectivement dans la paroi arri\u00e8re et le sol du coffre-fort<\/li>\n<li>Int\u00e9rieur d&#8217;une profondeur \u00e9quivalente \u00e0 un grand classeur<\/li>\n<\/ul>\n<h5>Mod\u00e8le K (Serrure m\u00e9canique)<\/h5>\n<ul>\n<li>Serrure haute s\u00e9curit\u00e9 blind\u00e9e \u00e0 double panneton &#8220;SecuSafe&#8221;<\/li>\n<li>En cas de perte de cl\u00e9, il suffit (en bien peu de temps) de r\u00e9gler la serrure sur une nouvelle cl\u00e9<\/li>\n<li>10 pistons de serrure et 50 millions de fermetures diff\u00e9rentes<\/li>\n<li>V\u00e9rifi\u00e9 par le VdS (classe 2) et certifi\u00e9 ECB\u2022S suivant EN 1300 (classe de serrure B)<\/li>\n<li>Dispositif de fermeture d\u00e9passant de 5 mm du corps du coffre-fort<\/li>\n<li>Version S fabriqu\u00e9e en s\u00e9rie avec deux cl\u00e9s<\/li>\n<\/ul>\n<h5>Mod\u00e8le E (Serrure \u00e9lectronique)<\/h5>\n<ul>\n<li>Serrure \u00e9lectronique &#8220;SecuTronic&#8221; TRSE 12 H<\/li>\n<li>Clavier tactile dispo\u00e9 en pente avec \u00e9cran graphique pour une vue du dessus optimale<\/li>\n<li>1 million de variantes de code op\u00e9rationnelles<\/li>\n<li>Respectivement un code administrateur et un code usager, \u00e0 choisir librement et \u00e0 tout moment modifiable<\/li>\n<li>V\u00e9rifi\u00e9 par le VdS (Classe de serrure B \/ EN 1300)<\/li>\n<li>Menu en douze langues<\/li>\n<li>Consultation possible de l&#8217;historique des ouvertures<\/li>\n<li>Piles incluses : 4x LR 06 AA Mignon<\/li>\n<li>Changement de piles simple<\/li>\n<\/ul>\n<p><strong>Bewahren Sie Ihre Wertgegenst\u00e4nde sicher in einem M\u00f6beltresor City-Line von BURG-W\u00c4CHTER auf!<\/strong><\/p>\n<p>&nbsp;<\/p>\n<h3>Les mod\u00e8les City-Line en aper\u00e7u<\/h3>\n<table class=\"ausfuehrung\">\n<thead>\n<tr>\n<td>Article<\/td>\n<td>Ext\u00e9rieur h x l x p (mm)<\/td>\n<td>Int\u00e9rieur h x l x p (mm)<\/td>\n<td>Porte h x l (mm)<\/td>\n<td>Poids (kg)<\/td>\n<td>Contenu (l)<\/td>\n<td>Syst\u00e8me de fermeture<\/td>\n<\/tr>\n<\/thead>\n<tbody>\n<tr>\n<td>C 310 K<\/td>\n<td>278 x 402 x 376<\/td>\n<td>209 x 336 x 294<\/td>\n<td>209 x 326<\/td>\n<td>30,0<\/td>\n<td>20,6<\/td>\n<td>Serrure m\u00e9canique<\/td>\n<\/tr>\n<tr>\n<td>C 340 K<\/td>\n<td>528 x 435 x 382<\/td>\n<td>440 x 350 x 292<\/td>\n<td>440 x 345<\/td>\n<td>49,0<\/td>\n<td>45,3<\/td>\n<td>Serrure m\u00e9canique<\/td>\n<\/tr>\n<tr>\n<td>C 310 E<\/td>\n<td>278 x 402 x 376<\/td>\n<td>209 x 336 x 294<\/td>\n<td>209 x 326<\/td>\n<td>30,0<\/td>\n<td>20,6<\/td>\n<td>Serrure \u00e9lectronique<\/td>\n<\/tr>\n<tr>\n<td>C 340 E<\/td>\n<td>528 x 435 x 382<\/td>\n<td>440 x 350 x 292<\/td>\n<td>440 x 345<\/td>\n<td>49,0<\/td>\n<td>45,3<\/td>\n<td>Serrure \u00e9lectronique<\/td>\n<\/tr>\n<\/tbody>\n<\/table>\n<p>&nbsp;<\/p>\n<h3>Nos coffres-forts en comparaison<\/h3>\n<p><a class=\"mobilealternative\" href=\"https:\/\/test.burgwaechterservice.de\/wp-content\/uploads\/2016\/06\/Tresorvergleich.pdf\" target=\"_blank\" rel=\"noopener noreferrer\">T\u00e9l\u00e9charger le tableau de comparaison au format Pdf<\/a><\/p>\n<div class=\"produktvergleich\">\n<p><a href=\"https:\/\/test.burgwaechterservice.de\/tresorvergleich\">Plus d&#8217;informations dans le <strong>tableau exhaustif<\/strong><\/a><\/p>\n<table class=\"produktvergleich\" cellspacing=\"0\" cellpadding=\"0\">\n<tbody>\n<tr>\n<td class=\"tbdesc\">Coffres-forts<\/td>\n<td><a href=\"https:\/\/test.burgwaechterservice.de\/produkt-schlagwort\/pointsafe\/\">Pointsafe<\/a><\/td>\n<td><a href=\"https:\/\/test.burgwaechterservice.de\/produkt-schlagwort\/homesafe-h3\/\">Homesafe H 3<\/a><\/td>\n<td><a href=\"https:\/\/test.burgwaechterservice.de\/produkt-schlagwort\/homesafe\/\">Homesafe<\/a><\/td>\n<td><a href=\"https:\/\/test.burgwaechterservice.de\/produkt-schlagwort\/cityline\/\">CityLine<\/a><\/td>\n<td><a href=\"https:\/\/test.burgwaechterservice.de\/produkt-schlagwort\/combi-line\/\">Combi-Line<\/a><\/td>\n<td><a href=\"https:\/\/test.burgwaechterservice.de\/p\/tresor-safe\/kurzwaffentresor-magno\/\">Magno<\/a><\/td>\n<td><a href=\"https:\/\/test.burgwaechterservice.de\/produkt-schlagwort\/karat\/\">Karat<\/a><\/td>\n<td><a href=\"https:\/\/test.burgwaechterservice.de\/produkt-schlagwort\/diplomat\/\">Diplomat<\/a><\/td>\n<\/tr>\n<tr>\n<td class=\"tbdesc\">Niveau de s\u00e9curit\u00e9 BURG-W\u00c4CHTER<\/td>\n<td class=\"nopadding\"><img decoding=\"async\" class=\"alignnone size-full wp-image-31072\" src=\"https:\/\/test.burgwaechterservice.de\/wp-content\/uploads\/2016\/06\/2_Sterne-1.png\" alt=\"2_Sterne\" width=\"110\" height=\"15\" \/><\/td>\n<td class=\"nopadding\"><img decoding=\"async\" class=\"alignnone size-full wp-image-31073\" src=\"https:\/\/test.burgwaechterservice.de\/wp-content\/uploads\/2016\/06\/2_1-2_Sterne-1.png\" alt=\"2_1-2_Sterne\" width=\"110\" height=\"15\" \/><\/td>\n<td class=\"nopadding\"><img decoding=\"async\" class=\"alignnone size-full wp-image-31074\" src=\"https:\/\/test.burgwaechterservice.de\/wp-content\/uploads\/2016\/06\/3_Sterne-1.png\" alt=\"3_Sterne\" width=\"110\" height=\"15\" \/><\/td>\n<td class=\"nopadding\"><img decoding=\"async\" class=\"alignnone size-full wp-image-31074\" src=\"https:\/\/test.burgwaechterservice.de\/wp-content\/uploads\/2016\/06\/3_Sterne-1.png\" alt=\"3_Sterne\" width=\"110\" height=\"15\" \/><\/td>\n<td class=\"nopadding\"><img loading=\"lazy\" decoding=\"async\" class=\"alignnone size-full wp-image-31075\" src=\"https:\/\/test.burgwaechterservice.de\/wp-content\/uploads\/2016\/06\/4_Sterne-1.png\" alt=\"4_Sterne\" width=\"110\" height=\"15\" \/><\/td>\n<td class=\"nopadding\"><img loading=\"lazy\" decoding=\"async\" class=\"alignnone size-full wp-image-31076\" src=\"https:\/\/test.burgwaechterservice.de\/wp-content\/uploads\/2016\/06\/5_Sterne-1.png\" alt=\"5_Sterne\" width=\"110\" height=\"15\" \/><\/td>\n<td class=\"nopadding\"><img loading=\"lazy\" decoding=\"async\" class=\"alignnone size-full wp-image-31076\" src=\"https:\/\/test.burgwaechterservice.de\/wp-content\/uploads\/2016\/06\/5_Sterne-1.png\" alt=\"5_Sterne\" width=\"110\" height=\"15\" \/><\/td>\n<td class=\"nopadding\"><img loading=\"lazy\" decoding=\"async\" class=\"alignnone size-full wp-image-31077\" src=\"https:\/\/test.burgwaechterservice.de\/wp-content\/uploads\/2016\/06\/6_Sterne-1.png\" alt=\"6_Sterne\" width=\"110\" height=\"15\" \/><\/td>\n<\/tr>\n<tr>\n<td class=\"tbdesc\">Niveau de s\u00e9curit\u00e9 \/ degr\u00e9 de r\u00e9sistance<\/td>\n<td>\u2212<\/td>\n<td>A selon VDMA 24992<\/td>\n<td>B selon VDMA 24992<\/td>\n<td>B selon VDMA 24992<\/td>\n<td>B selon VDMA 24992 \/<br \/>\nS2 selon DIN EN 14450<\/td>\n<td>N selon EN 1143-1<\/td>\n<td>N selon EN 1143-1<\/td>\n<td>I selon EN 1143-1<\/td>\n<\/tr>\n<tr>\n<td class=\"tbdesc\">R\u00e9sistance au feu v\u00e9rifi\u00e9e<\/td>\n<td>\u2212<\/td>\n<td>\u2212<\/td>\n<td>\u2212<\/td>\n<td>\u2212<\/td>\n<td>30 minutes selon EN 15659<\/td>\n<td>\u2212<\/td>\n<td>\u2212<\/td>\n<td>60 minutes selon EN 15659<\/td>\n<\/tr>\n<tr>\n<td class=\"tbdesc\">Serrure de s\u00e9curit\u00e9 \u00e0 double panneton<\/td>\n<td class=\"check\"><\/td>\n<td class=\"check\"><\/td>\n<td class=\"check\"><\/td>\n<td>\u2212<\/td>\n<td class=\"check\"><\/td>\n<td class=\"check\"><\/td>\n<td>\u2212<\/td>\n<td>\u2212<\/td>\n<\/tr>\n<tr>\n<td class=\"tbdesc\">Serrure de s\u00e9curit\u00e9 r\u00e9glable \u00e0 double panneton<\/td>\n<td>\u2212<\/td>\n<td>\u2212<\/td>\n<td>\u2212<\/td>\n<td class=\"check\"><\/td>\n<td>\u2212<\/td>\n<td>\u2212<\/td>\n<td class=\"check\"><\/td>\n<td class=\"check\"><\/td>\n<\/tr>\n<tr>\n<td class=\"tbdesc\">Serrure \u00e9lectronique \u00e0 code<\/td>\n<td class=\"check\"><\/td>\n<td>\u2212<\/td>\n<td>\u2212<\/td>\n<td>\u2212<\/td>\n<td>\u2212<\/td>\n<td>\u2212<\/td>\n<td>\u2212<\/td>\n<td>\u2212<\/td>\n<\/tr>\n<tr>\n<td class=\"tbdesc\">Serrure \u00e9lectronique \u00e0 code v\u00e9rifi\u00e9e par ECB-S \/ VdS<\/td>\n<td>\u2212<\/td>\n<td class=\"check\"><\/td>\n<td class=\"check\"><\/td>\n<td class=\"check\"><\/td>\n<td class=\"check\"><\/td>\n<td class=\"check\"><\/td>\n<td class=\"check\"><\/td>\n<td class=\"check\"><\/td>\n<\/tr>\n<tr>\n<td class=\"tbdesc\">Serrure \u00e9lectronique \u00e0 code avec lecteur d&#8217;empreintes digitales<\/td>\n<td class=\"check\"><\/td>\n<td>\u2212<\/td>\n<td>\u2212<\/td>\n<td>\u2212<\/td>\n<td>\u2212<\/td>\n<td>\u2212<\/td>\n<td>\u2212<\/td>\n<td>\u2212<\/td>\n<\/tr>\n<tr>\n<td class=\"tbdesc\">Serrure \u00e9lectronique \u00e0 code avec lecteur d&#8217;empreintes digitales certifi\u00e9e VdS<\/td>\n<td>\u2212<\/td>\n<td>\u2212<\/td>\n<td>\u2212<\/td>\n<td class=\"check\"><\/td>\n<td class=\"check\"><\/td>\n<td>\u2212<\/td>\n<td class=\"check\"><\/td>\n<td class=\"check\"><\/td>\n<\/tr>\n<tr>\n<td class=\"tbdesc\"><\/td>\n<td><\/td>\n<td><\/td>\n<td><\/td>\n<td><\/td>\n<td><\/td>\n<td><\/td>\n<td><\/td>\n<td><\/td>\n<\/tr>\n<tr>\n<td class=\"tbdesc\">Montants d&#8217;assurance possibles (particulier)<\/td>\n<td>*<\/td>\n<td>*<\/td>\n<td>*<\/td>\n<td>*<\/td>\n<td>20.000 \u20ac<\/td>\n<td>40.000 \u20ac<\/td>\n<td>40.000 \u20ac<\/td>\n<td>65.000 \u20ac<\/td>\n<\/tr>\n<tr>\n<td class=\"tbdesc\">Montants d&#8217;assurance possibles (entreprise)<\/td>\n<td>\u2212<\/td>\n<td>2.500 \u20ac<\/td>\n<td>2.500 \u20ac<\/td>\n<td>2.500 \u20ac<\/td>\n<td>2.500 \u20ac<\/td>\n<td>10.000 \u20ac<\/td>\n<td>10.000 \u20ac<\/td>\n<td>20.000 \u20ac<\/td>\n<\/tr>\n<\/tbody>\n<\/table>\n<div class=\"small\">\n<h4>Conditions d&#8217;assurance pour coffres-forts<\/h4>\n<p>En raison des conditions d&#8217;assurance variables, il est n\u00e9cessaire de passer un accord avec votre assureur. Vous pourrez obtenir un montant d&#8217;assurance plus haut que ce qui est pr\u00e9vu par les dispositions l\u00e9gales en parlant avec votre assureur.<\/p>\n<ul>\n<li>Tous les coffres-forts d&#8217;une masse inf\u00e9rieure \u00e0 1 000 kg sont munis d&#8217;un dispositif d&#8217;ancrage. Ils doivent \u00eatre ancr\u00e9s en suivant la notice d&#8217;installation. Une notice d&#8217;utilisation et d&#8217;installation est fournie avec tout r\u00e9ceptacle reconnu par ECB-S\/VdS.<\/li>\n<li>En raison de la clause du port de la cl\u00e9 et du risque \u00e9lev\u00e9 de vol de cl\u00e9, les assurances recommandent des serrures \u00e0 code. Burg-W\u00e4chter propose des coffres-forts avec des serrures m\u00e9caniques \u00e0 code ou des serrures \u00e9lectroniques \u00e0 code. Celles-cis augmentent votre protection.<\/li>\n<\/ul>\n<p>Veuillez prendre en consid\u00e9ration que plus votre coffre-fort est s\u00fbr, moins ch\u00e8re sera la prime d&#8217;assurance.<\/p>\n<\/div>\n<\/div>\n","protected":false},"excerpt":{"rendered":"<p>Coffre-fort \u00e0 int\u00e9grer City-Line de niveau de s\u00e9curit\u00e9 B Pour la protection des objets de valeur chez-vous : Le coffre-fort \u00e0 int\u00e9grer City-Line de BURG-W\u00c4CHTER est parfait pour \u00eatre int\u00e9gr\u00e9 dans un meuble et prot\u00e8ge ainsi vos objets de valeur &hellip; <a class=\"kt-excerpt-readmore\" href=\"https:\/\/test.burgwaechterservice.de\/fr\/p\/coffres-forts\/coffre-fort-cityline\/\" aria-label=\"City-Line\">Lire la suite<\/a><\/p>\n","protected":false},"featured_media":409561,"comment_status":"closed","ping_status":"closed","template":"","meta":[],"product_cat":[34,58],"product_tag":[8],"yoast_head":"<!-- This site is optimized with the Yoast SEO Premium plugin v18.4 (Yoast SEO v19.13) - https:\/\/yoast.com\/wordpress\/plugins\/seo\/ -->\n<title>Coffre-fort \u00e0 int\u00e9grer City-Line par BURG-W\u00c4CHTER - pour chez-soi<\/title>\n<meta name=\"description\" content=\"Avec le coffre-fort \u00e0 int\u00e9grer City-Line du fabricant BURG-W\u00c4CHTER, vous pouvez int\u00e9grer vos objets de valeur dans une armoire ou un placard.\" \/>\n<meta name=\"robots\" content=\"index, follow, max-snippet:-1, max-image-preview:large, max-video-preview:-1\" \/>\n<link rel=\"canonical\" href=\"https:\/\/test.burgwaechterservice.de\/fr\/p\/coffres-forts\/coffre-fort-cityline\/\" \/>\n<meta property=\"og:locale\" content=\"fr_FR\" \/>\n<meta property=\"og:type\" content=\"article\" \/>\n<meta property=\"og:title\" content=\"City-Line\" \/>\n<meta property=\"og:description\" content=\"Avec le coffre-fort \u00e0 int\u00e9grer City-Line du fabricant BURG-W\u00c4CHTER, vous pouvez int\u00e9grer vos objets de valeur dans une armoire ou un placard.\" \/>\n<meta property=\"og:url\" content=\"https:\/\/test.burgwaechterservice.de\/fr\/p\/coffres-forts\/coffre-fort-cityline\/\" \/>\n<meta property=\"og:site_name\" content=\"Burg-W\u00e4chter France\" \/>\n<meta property=\"article:modified_time\" content=\"2022-06-03T10:21:01+00:00\" \/>\n<meta property=\"og:image\" content=\"https:\/\/test.burgwaechterservice.de\/fr\/wp-content\/uploads\/sites\/4\/2020\/06\/Tresor-City-Line-C310-E-BURG-W\u00c4CHTER.jpg\" \/>\n\t<meta property=\"og:image:width\" content=\"1000\" \/>\n\t<meta property=\"og:image:height\" content=\"1000\" \/>\n\t<meta property=\"og:image:type\" content=\"image\/jpeg\" \/>\n<meta name=\"twitter:card\" content=\"summary_large_image\" \/>\n<meta name=\"twitter:label1\" content=\"Dur\u00e9e de lecture estim\u00e9e\" \/>\n\t<meta name=\"twitter:data1\" content=\"5 minutes\" \/>\n<!-- \/ Yoast SEO Premium plugin. -->","yoast_head_json":{"title":"Coffre-fort \u00e0 int\u00e9grer City-Line par BURG-W\u00c4CHTER - pour chez-soi","description":"Avec le coffre-fort \u00e0 int\u00e9grer City-Line du fabricant BURG-W\u00c4CHTER, vous pouvez int\u00e9grer vos objets de valeur dans une armoire ou un placard.","robots":{"index":"index","follow":"follow","max-snippet":"max-snippet:-1","max-image-preview":"max-image-preview:large","max-video-preview":"max-video-preview:-1"},"canonical":"https:\/\/test.burgwaechterservice.de\/fr\/p\/coffres-forts\/coffre-fort-cityline\/","og_locale":"fr_FR","og_type":"article","og_title":"City-Line","og_description":"Avec le coffre-fort \u00e0 int\u00e9grer City-Line du fabricant BURG-W\u00c4CHTER, vous pouvez int\u00e9grer vos objets de valeur dans une armoire ou un placard.","og_url":"https:\/\/test.burgwaechterservice.de\/fr\/p\/coffres-forts\/coffre-fort-cityline\/","og_site_name":"Burg-W\u00e4chter France","article_modified_time":"2022-06-03T10:21:01+00:00","og_image":[{"width":1000,"height":1000,"url":"https:\/\/test.burgwaechterservice.de\/fr\/wp-content\/uploads\/sites\/4\/2020\/06\/Tresor-City-Line-C310-E-BURG-W\u00c4CHTER.jpg","type":"image\/jpeg"}],"twitter_card":"summary_large_image","twitter_misc":{"Dur\u00e9e de lecture estim\u00e9e":"5 minutes"},"schema":{"@context":"https:\/\/schema.org","@graph":[{"@type":"WebPage","@id":"https:\/\/test.burgwaechterservice.de\/fr\/p\/coffres-forts\/coffre-fort-cityline\/","url":"https:\/\/test.burgwaechterservice.de\/fr\/p\/coffres-forts\/coffre-fort-cityline\/","name":"Coffre-fort \u00e0 int\u00e9grer City-Line par BURG-W\u00c4CHTER - pour chez-soi","isPartOf":{"@id":"https:\/\/test.burgwaechterservice.de\/fr\/#website"},"datePublished":"2020-06-02T12:24:08+00:00","dateModified":"2022-06-03T10:21:01+00:00","description":"Avec le coffre-fort \u00e0 int\u00e9grer City-Line du fabricant BURG-W\u00c4CHTER, vous pouvez int\u00e9grer vos objets de valeur dans une armoire ou un placard.","breadcrumb":{"@id":"https:\/\/test.burgwaechterservice.de\/fr\/p\/coffres-forts\/coffre-fort-cityline\/#breadcrumb"},"inLanguage":"fr-FR","potentialAction":[{"@type":"ReadAction","target":["https:\/\/test.burgwaechterservice.de\/fr\/p\/coffres-forts\/coffre-fort-cityline\/"]}]},{"@type":"BreadcrumbList","@id":"https:\/\/test.burgwaechterservice.de\/fr\/p\/coffres-forts\/coffre-fort-cityline\/#breadcrumb","itemListElement":[{"@type":"ListItem","position":1,"name":"Accueil","item":"https:\/\/test.burgwaechterservice.de\/fr\/"},{"@type":"ListItem","position":2,"name":"Produits","item":"https:\/\/test.burgwaechterservice.de\/fr\/p\/"},{"@type":"ListItem","position":3,"name":"City-Line"}]},{"@type":"WebSite","@id":"https:\/\/test.burgwaechterservice.de\/fr\/#website","url":"https:\/\/test.burgwaechterservice.de\/fr\/","name":"Burg-W\u00e4chter France","description":"Le choix le plus s\u00fbr!","potentialAction":[{"@type":"SearchAction","target":{"@type":"EntryPoint","urlTemplate":"https:\/\/test.burgwaechterservice.de\/fr\/?s={search_term_string}"},"query-input":"required name=search_term_string"}],"inLanguage":"fr-FR"}]}},"_links":{"self":[{"href":"https:\/\/test.burgwaechterservice.de\/fr\/wp-json\/wp\/v2\/product\/409560"}],"collection":[{"href":"https:\/\/test.burgwaechterservice.de\/fr\/wp-json\/wp\/v2\/product"}],"about":[{"href":"https:\/\/test.burgwaechterservice.de\/fr\/wp-json\/wp\/v2\/types\/product"}],"replies":[{"embeddable":true,"href":"https:\/\/test.burgwaechterservice.de\/fr\/wp-json\/wp\/v2\/comments?post=409560"}],"wp:featuredmedia":[{"embeddable":true,"href":"https:\/\/test.burgwaechterservice.de\/fr\/wp-json\/wp\/v2\/media\/409561"}],"wp:attachment":[{"href":"https:\/\/test.burgwaechterservice.de\/fr\/wp-json\/wp\/v2\/media?parent=409560"}],"wp:term":[{"taxonomy":"product_cat","embeddable":true,"href":"https:\/\/test.burgwaechterservice.de\/fr\/wp-json\/wp\/v2\/product_cat?post=409560"},{"taxonomy":"product_tag","embeddable":true,"href":"https:\/\/test.burgwaechterservice.de\/fr\/wp-json\/wp\/v2\/product_tag?post=409560"}],"curies":[{"name":"wp","href":"https:\/\/api.w.org\/{rel}","templated":true}]}}