{"id":405185,"date":"2020-05-22T12:58:35","date_gmt":"2020-05-22T10:58:35","guid":{"rendered":"https:\/\/www.burg.biz\/fr\/p\/coffres-forts\/ranger-n7\/"},"modified":"2020-08-12T09:43:44","modified_gmt":"2020-08-12T07:43:44","slug":"ranger-n7","status":"publish","type":"product","link":"https:\/\/test.burgwaechterservice.de\/fr\/p\/coffres-forts\/ranger-n7\/","title":{"rendered":"Armoire-forte Ranger N7"},"content":{"rendered":"<h2>La nouvelle armoire-forte Ranger N7 avec degr\u00e9 de r\u00e9sistance 0 :<\/h2>\n<p><strong>L&#8217;armoire \u00e0 fusils Ranger N7 : l&#8217;endroit responsable pour le d\u00e9p\u00f4t d&#8217;armes longues et jusqu&#8217;\u00e0 5 armes courtes. Ouverture par cl\u00e9 ou code.<\/strong><\/p>\n<p>Trois compartiments dans la porte offrent de la place de rangement suppl\u00e9mentaire. Par ailleurs, l&#8217;armoire-forte Ranger N7 dispose de trois fixations pour canon. Le coffre-fort a les dimensions ext\u00e9rieures suivantes : hauteur : 1304 mm; largeur : 472 mm; profondeur : 368 mm.<\/p>\n<h2>Protection anti-effraction certifi\u00e9e<\/h2>\n<p>Avec sa<strong> serrure de s\u00e9curit\u00e9 \u00e0 double panneton blind\u00e9e (Ranger 7N S)<\/strong>, l&#8217;armoire-forte Ranger N 7 garde de mani\u00e8re tout-\u00e0-fait s\u00fbre vos armes longues et courtes ainsi que les munitions. L&#8217;armoire-forte est con\u00e7ue pour 7 armes longues. La serrure de coffre-fort &#8220;SecuSafe&#8221; offre un million de fermetures diff\u00e9rentes, ceci est <strong>certifi\u00e9 VdS et ECB-S<\/strong>. Par ailleurs, l&#8217;armoire-forte Ranger N7 dispose d&#8217;une <strong>protection anti-effraction certifi\u00e9e<\/strong> selon EN 1143-1.<\/p>\n<h3>Variantes : Ranger N7 S (cl\u00e9) ou Ranger N7 E (code)<\/h3>\n<p>La <strong>serrure \u00e9lectronique \u00e0 code programmable &#8220;SecuTronic&#8221; (Ranger N7 E)<\/strong> est un produit con\u00e7u et d\u00e9velopp\u00e9 par nous. Elle offre une m\u00e9thode d&#8217;ouverture particuli\u00e8rement rapide, confortable et s\u00fbre pour toutes celles et ceux qui ne souhaitent pas porter de cl\u00e9. La serrure \u00e9lectronique est <strong>certifi\u00e9e VdS<\/strong> (cat\u00e9gorie 2\/B) et assure un million de codes possibles r\u00e9ellement utilisables. Trois piles sont fournies avec la Ranger N7, de sorte que vous pouvez prendre l&#8217;armoire-forte en main sans attendre.<\/p>\n<h3>Une structure robuste pour une r\u00e9sistance \u00e9lev\u00e9e<\/h3>\n<p>La Ranger N7 est c<strong>ompos\u00e9e d&#8217;un corps \u00e0 triple-paroi et d&#8217;une porte \u00e0 double paroi<\/strong>. La porte est verrouill\u00e9e en trois c\u00f4t\u00e9s par des <strong>p\u00eanes ronds d&#8217;une \u00e9paisseur de 25 mm<\/strong>. L&#8217;armoire-forte Ranger N7 est <strong>pr\u00e9vue pour un ancrage mural solide<\/strong> et s&#8217;installe avec simplicit\u00e9 \u00e0 l&#8217;aide du mat\u00e9riel de fixation fourni. Par ailleurs, un <strong>bonus de s\u00e9curit\u00e9<\/strong> est l&#8217;existence d&#8217;un <strong>double syst\u00e8me de verrouillage de d\u00e9tresse non r\u00e9initialisable <\/strong>au sein de la m\u00e9canique de porte. Ainsi, vous \u00eates toujours du c\u00f4t\u00e9 de la s\u00e9curit\u00e9 ! Astuce : la porte de la Ranger N7 d&#8217;un poids de 40 kg (poids total : 121 kg; volume : 130 l) peut \u00eatre d\u00e9mont\u00e9e pour un transport plus facile.<\/p>\n<h3>L&#8217;armoire-fortre Ranger N7 en aper\u00e7u :<\/h3>\n<ul>\n<li>Degr\u00e9 de r\u00e9sistance 0<\/li>\n<li>S\u00e9curit\u00e9 aux normes et contr\u00f4l\u00e9e par l&#8217;ECB-S<\/li>\n<li>Protection anti-effraction certifi\u00e9e suivant EN 1143-1<\/li>\n<li>Capacit\u00e9 : jusqu&#8217;\u00e0 7 armes longues, munitions incluses<\/li>\n<li>Corps \u00e0 triple-paroi, porte \u00e0 double-paroi<\/li>\n<li>Verrouillage stable en 3 c\u00f4t\u00e9s par des p\u00eanes ronds d&#8217;une \u00e9paisseur de 25 mm<\/li>\n<li>Rail de maintient du c\u00f4t\u00e9 charni\u00e8re<\/li>\n<li>Equip\u00e9 en s\u00e9rie pour l&#8217;ancrage mural par l&#8217;arri\u00e8re, mat\u00e9riel de fixation fourni<\/li>\n<li>Bonus de s\u00e9curi\u00e9 : Deux syst\u00e8mes de verrouillage de d\u00e9tresse non r\u00e9initialisables au sein de la m\u00e9canique de porte<\/li>\n<li>3 fixations pour canon long et 3 compartiments de rangement sur la face interne de la porte<\/li>\n<li>Astuce : La porte (40 kg) peut \u00eatre d\u00e9mont\u00e9e pour un transport plus confortable dans les escaliers<\/li>\n<\/ul>\n<h4>Ranger N7 S (cl\u00e9):<\/h4>\n<ul>\n<li>Serrure de s\u00e9curit\u00e9 blind\u00e9e \u00e0 double panneton : certifi\u00e9e VdS (cat\u00e9gorie 1), ECB-S (suivant EN 1300, cat\u00e9gorie A)<\/li>\n<li>9 pistons<\/li>\n<li>1 million de fermetures diff\u00e9rentes<\/li>\n<\/ul>\n<h4>Ranger N7 E (code):<\/h4>\n<ul>\n<li>Serrure \u00e9lectronique \u00e0 code, certification VdS cat\u00e9gorie 2, certification ECB-S suivant EN 1300 (cat\u00e9gorie B)<\/li>\n<li>1 000 000 de possibilit\u00e9s r\u00e9elles de r\u00e9glage<\/li>\n<li>3 piles Micro LR 03 AAA incluses<\/li>\n<\/ul>\n<p>&nbsp;<\/p>\n<table class=\"ausfuehrung\">\n<thead>\n<tr>\n<td>Article<\/td>\n<td>Nombre d&#8217;armes<\/td>\n<td>Ext\u00e9rieur h x larg. x profond.<\/td>\n<td>Int\u00e9rieur h x larg. x profond.<\/td>\n<td>Poids<\/td>\n<\/tr>\n<\/thead>\n<tbody>\n<tr>\n<td class=\"subdesc\"><\/td>\n<td class=\"subdesc\"><\/td>\n<td class=\"subdesc\">mm<\/td>\n<td class=\"subdesc\">mm<\/td>\n<td class=\"subdesc\">kg<\/td>\n<\/tr>\n<\/tbody>\n<tbody>\n<tr>\n<td>Ranger N7 S<\/td>\n<td>7<\/td>\n<td>1304 x 472 x 368<\/td>\n<td>1250 x 394 x 263<\/td>\n<td>121<\/td>\n<\/tr>\n<tr>\n<td>Ranger N7 E<\/td>\n<td>7<\/td>\n<td>1304 x 472 x 368<\/td>\n<td>1250 x 394 x 263<\/td>\n<td>121<\/td>\n<\/tr>\n<\/tbody>\n<\/table>\n","protected":false},"excerpt":{"rendered":"<p>La nouvelle armoire-forte Ranger N7 avec degr\u00e9 de r\u00e9sistance 0 : L&#8217;armoire \u00e0 fusils Ranger N7 : l&#8217;endroit responsable pour le d\u00e9p\u00f4t d&#8217;armes longues et jusqu&#8217;\u00e0 5 armes courtes. Ouverture par cl\u00e9 ou code. Trois compartiments dans la porte offrent &hellip; <a class=\"kt-excerpt-readmore\" href=\"https:\/\/test.burgwaechterservice.de\/fr\/p\/coffres-forts\/ranger-n7\/\" aria-label=\"Armoire-forte Ranger N7\">Lire la suite<\/a><\/p>\n","protected":false},"featured_media":427447,"comment_status":"closed","ping_status":"closed","template":"","meta":[],"product_cat":[34,40],"product_tag":[547,7783],"yoast_head":"<!-- This site is optimized with the Yoast SEO Premium plugin v18.4 (Yoast SEO v19.13) - https:\/\/yoast.com\/wordpress\/plugins\/seo\/ -->\n<title>Nouvelle armoire \u00e0 fusils Ranger N7 de la maison BURG-W\u00c4CHTER<\/title>\n<meta name=\"description\" content=\"Pour un maximum de 7 armes longues. L&#039;armoire-forte Ranger N7 du sp\u00e9cialiste BURG-W\u00c4CHTER offre place et s\u00fbret\u00e9. Degr\u00e9 de r\u00e9sistance 0 (N).\" \/>\n<meta name=\"robots\" content=\"index, follow, max-snippet:-1, max-image-preview:large, max-video-preview:-1\" \/>\n<link rel=\"canonical\" href=\"https:\/\/test.burgwaechterservice.de\/fr\/p\/coffres-forts\/ranger-n7\/\" \/>\n<meta property=\"og:locale\" content=\"fr_FR\" \/>\n<meta property=\"og:type\" content=\"article\" \/>\n<meta property=\"og:title\" content=\"Armoire-forte Ranger N7\" \/>\n<meta property=\"og:description\" content=\"Pour un maximum de 7 armes longues. L&#039;armoire-forte Ranger N7 du sp\u00e9cialiste BURG-W\u00c4CHTER offre place et s\u00fbret\u00e9. Degr\u00e9 de r\u00e9sistance 0 (N).\" \/>\n<meta property=\"og:url\" content=\"https:\/\/test.burgwaechterservice.de\/fr\/p\/coffres-forts\/ranger-n7\/\" \/>\n<meta property=\"og:site_name\" content=\"Burg-W\u00e4chter France\" \/>\n<meta property=\"article:modified_time\" content=\"2020-08-12T07:43:44+00:00\" \/>\n<meta property=\"og:image\" content=\"https:\/\/test.burgwaechterservice.de\/fr\/wp-content\/uploads\/sites\/4\/2020\/05\/Ranger-N7-offen-1.jpg\" \/>\n\t<meta property=\"og:image:width\" content=\"1000\" \/>\n\t<meta property=\"og:image:height\" content=\"1000\" \/>\n\t<meta property=\"og:image:type\" content=\"image\/jpeg\" \/>\n<meta name=\"twitter:card\" content=\"summary_large_image\" \/>\n<meta name=\"twitter:label1\" content=\"Dur\u00e9e de lecture estim\u00e9e\" \/>\n\t<meta name=\"twitter:data1\" content=\"3 minutes\" \/>\n<!-- \/ Yoast SEO Premium plugin. -->","yoast_head_json":{"title":"Nouvelle armoire \u00e0 fusils Ranger N7 de la maison BURG-W\u00c4CHTER","description":"Pour un maximum de 7 armes longues. L'armoire-forte Ranger N7 du sp\u00e9cialiste BURG-W\u00c4CHTER offre place et s\u00fbret\u00e9. Degr\u00e9 de r\u00e9sistance 0 (N).","robots":{"index":"index","follow":"follow","max-snippet":"max-snippet:-1","max-image-preview":"max-image-preview:large","max-video-preview":"max-video-preview:-1"},"canonical":"https:\/\/test.burgwaechterservice.de\/fr\/p\/coffres-forts\/ranger-n7\/","og_locale":"fr_FR","og_type":"article","og_title":"Armoire-forte Ranger N7","og_description":"Pour un maximum de 7 armes longues. L'armoire-forte Ranger N7 du sp\u00e9cialiste BURG-W\u00c4CHTER offre place et s\u00fbret\u00e9. Degr\u00e9 de r\u00e9sistance 0 (N).","og_url":"https:\/\/test.burgwaechterservice.de\/fr\/p\/coffres-forts\/ranger-n7\/","og_site_name":"Burg-W\u00e4chter France","article_modified_time":"2020-08-12T07:43:44+00:00","og_image":[{"width":1000,"height":1000,"url":"https:\/\/test.burgwaechterservice.de\/fr\/wp-content\/uploads\/sites\/4\/2020\/05\/Ranger-N7-offen-1.jpg","type":"image\/jpeg"}],"twitter_card":"summary_large_image","twitter_misc":{"Dur\u00e9e de lecture estim\u00e9e":"3 minutes"},"schema":{"@context":"https:\/\/schema.org","@graph":[{"@type":"WebPage","@id":"https:\/\/test.burgwaechterservice.de\/fr\/p\/coffres-forts\/ranger-n7\/","url":"https:\/\/test.burgwaechterservice.de\/fr\/p\/coffres-forts\/ranger-n7\/","name":"Nouvelle armoire \u00e0 fusils Ranger N7 de la maison BURG-W\u00c4CHTER","isPartOf":{"@id":"https:\/\/test.burgwaechterservice.de\/fr\/#website"},"datePublished":"2020-05-22T10:58:35+00:00","dateModified":"2020-08-12T07:43:44+00:00","description":"Pour un maximum de 7 armes longues. L'armoire-forte Ranger N7 du sp\u00e9cialiste BURG-W\u00c4CHTER offre place et s\u00fbret\u00e9. Degr\u00e9 de r\u00e9sistance 0 (N).","breadcrumb":{"@id":"https:\/\/test.burgwaechterservice.de\/fr\/p\/coffres-forts\/ranger-n7\/#breadcrumb"},"inLanguage":"fr-FR","potentialAction":[{"@type":"ReadAction","target":["https:\/\/test.burgwaechterservice.de\/fr\/p\/coffres-forts\/ranger-n7\/"]}]},{"@type":"BreadcrumbList","@id":"https:\/\/test.burgwaechterservice.de\/fr\/p\/coffres-forts\/ranger-n7\/#breadcrumb","itemListElement":[{"@type":"ListItem","position":1,"name":"Accueil","item":"https:\/\/test.burgwaechterservice.de\/fr\/"},{"@type":"ListItem","position":2,"name":"Produits","item":"https:\/\/test.burgwaechterservice.de\/fr\/p\/"},{"@type":"ListItem","position":3,"name":"Armoire-forte Ranger N7"}]},{"@type":"WebSite","@id":"https:\/\/test.burgwaechterservice.de\/fr\/#website","url":"https:\/\/test.burgwaechterservice.de\/fr\/","name":"Burg-W\u00e4chter France","description":"Le choix le plus s\u00fbr!","potentialAction":[{"@type":"SearchAction","target":{"@type":"EntryPoint","urlTemplate":"https:\/\/test.burgwaechterservice.de\/fr\/?s={search_term_string}"},"query-input":"required name=search_term_string"}],"inLanguage":"fr-FR"}]}},"_links":{"self":[{"href":"https:\/\/test.burgwaechterservice.de\/fr\/wp-json\/wp\/v2\/product\/405185"}],"collection":[{"href":"https:\/\/test.burgwaechterservice.de\/fr\/wp-json\/wp\/v2\/product"}],"about":[{"href":"https:\/\/test.burgwaechterservice.de\/fr\/wp-json\/wp\/v2\/types\/product"}],"replies":[{"embeddable":true,"href":"https:\/\/test.burgwaechterservice.de\/fr\/wp-json\/wp\/v2\/comments?post=405185"}],"wp:featuredmedia":[{"embeddable":true,"href":"https:\/\/test.burgwaechterservice.de\/fr\/wp-json\/wp\/v2\/media\/427447"}],"wp:attachment":[{"href":"https:\/\/test.burgwaechterservice.de\/fr\/wp-json\/wp\/v2\/media?parent=405185"}],"wp:term":[{"taxonomy":"product_cat","embeddable":true,"href":"https:\/\/test.burgwaechterservice.de\/fr\/wp-json\/wp\/v2\/product_cat?post=405185"},{"taxonomy":"product_tag","embeddable":true,"href":"https:\/\/test.burgwaechterservice.de\/fr\/wp-json\/wp\/v2\/product_tag?post=405185"}],"curies":[{"name":"wp","href":"https:\/\/api.w.org\/{rel}","templated":true}]}}