{"id":405170,"date":"2020-05-19T11:11:38","date_gmt":"2020-05-19T09:11:38","guid":{"rendered":"https:\/\/www.burg.biz\/fr\/p\/serrure-electronique\/secuentry-5670\/"},"modified":"2020-12-21T09:10:17","modified_gmt":"2020-12-21T08:10:17","slug":"secuentry-5670","status":"publish","type":"product","link":"https:\/\/test.burgwaechterservice.de\/fr\/p\/serrure-electronique\/secuentry-5670\/","title":{"rendered":"Pont r\u00e9seau secuENTRY 5670 Bridge"},"content":{"rendered":"<p><strong>Votre serrure de porte n&#8217;a jamais \u00e9t\u00e9 aussi intelligente ! Avec le pont r\u00e9seau secuENTRY de BURG-W\u00c4CHTER, vous pouvez ouvrir votre porte d&#8217;entr\u00e9e en tout confort depuis n&#8217;importe o\u00f9 dans le monde. En toute simplicit\u00e9 via l&#8217;appli cl\u00e9 gratuite secuENTRY pour votre smartphone. Le pont r\u00e9seau secuENTRY de BURG-W\u00c4CHTER a \u00e9t\u00e9 r\u00e9compens\u00e9 avec le PLUS X AWARD 2020 pour haute qualit\u00e9, confort d&#8217;utilisation et fonctionnalit\u00e9 et il est compatible avec toutes les serrures de porte secuENTRY.<a href=\"https:\/\/test.burgwaechterservice.de\/fr\/wp-content\/uploads\/sites\/4\/2020\/05\/pxa_hqbf_en_pos_cmyk.png\"><img fetchpriority=\"high\" decoding=\"async\" class=\"size-medium wp-image-405193 alignright\" src=\"https:\/\/test.burgwaechterservice.de\/fr\/wp-content\/uploads\/sites\/4\/2020\/05\/pxa_hqbf_en_pos_cmyk-200x300.png\" alt=\"\" width=\"200\" height=\"300\" srcset=\"https:\/\/test.burgwaechterservice.de\/fr\/wp-content\/uploads\/sites\/4\/2020\/05\/pxa_hqbf_en_pos_cmyk-200x300.png 200w, https:\/\/test.burgwaechterservice.de\/fr\/wp-content\/uploads\/sites\/4\/2020\/05\/pxa_hqbf_en_pos_cmyk-684x1024.png 684w, https:\/\/test.burgwaechterservice.de\/fr\/wp-content\/uploads\/sites\/4\/2020\/05\/pxa_hqbf_en_pos_cmyk-768x1150.png 768w, https:\/\/test.burgwaechterservice.de\/fr\/wp-content\/uploads\/sites\/4\/2020\/05\/pxa_hqbf_en_pos_cmyk.png 894w\" sizes=\"(max-width: 200px) 100vw, 200px\" \/><\/a><\/strong><\/p>\n<h2>Votre nouvelle libert\u00e9 : Ouvrez votre porte sans \u00eatre chez vous gr\u00e2ce au pont r\u00e9seau secuENTRY<\/h2>\n<p>Le stade suivant de l&#8217;ouverture de porte intelligente est atteint ! <strong>Avec le pont r\u00e9seau secuENTRY, vous commandez votre serrure \u00e9lectronique de porte en tout confort depuis n&#8217;importe o\u00f9 dans le monde<\/strong> et pouvez laisser entrer visiteurs, enfants ou ouvriers dans votre maison. En effet, avec le pont r\u00e9seau BURG-W\u00c4CHTER, votre <a href=\"https:\/\/test.burgwaechterservice.de\/fr\/c\/serrure-electronique\/\">serrure \u00e9lectronique de porte secuENTRY<\/a> est accessible en ligne !<\/p>\n<h3>Ouverture par signal bluetooth s\u00e9curis\u00e9<\/h3>\n<p>Comment cela fonctionne ? C&#8217;est tr\u00e8s simple ! Avec l&#8217;<a href=\"https:\/\/test.burgwaechterservice.de\/fr\/p\/serrure-electronique\/appli-cle\/\">appli cl\u00e9 secuENTRY<\/a> (gratuite pour iOS et Android), vous envoyez le signal d&#8217;ouverture au pont r\u00e9seau BURG-W\u00c4CHTER par smartphone. Le pont r\u00e9seau reli\u00e9 \u00e0 votre WLAN domestique envoie <strong>un signal bluetooth crypt\u00e9 et ainsi s\u00e9curis\u00e9<\/strong> \u00e0 son cylindre \u00e9lectronique de porte \u00e9loign\u00e9 de jusqu&#8217;\u00e0 4 m\u00e8tres. Ainsi, vos invit\u00e9s peuvent ouvrir la porte. Il en va de m\u00eame pour la fermeture. Par ailleurs, vous pouvez contr\u00f4ler \u00e0 tout moment quand est-ce que la porte a \u00e9t\u00e9 ouverte.<\/p>\n<h3>Voici comment fonctionne le pont r\u00e9seau secuENTRY<\/h3>\n<ol>\n<li>Enregistrer le pont r\u00e9seau dans l&#8217;appli cl\u00e9<\/li>\n<li>Envoyer le signal d&#8217;ouverture pour la serrure de porte secuENTRY par appli cl\u00e9 (peu importe o\u00f9 vous vous trouvez)<\/li>\n<li>Le pont r\u00e9seau re\u00e7oit le signal et envoie l&#8217;autorisation bluetooth chiffr\u00e9e au cylindre de porte<\/li>\n<li>La serrure de porte secuENTRY peut \u00eatre ouverte<\/li>\n<\/ol>\n<h3>Attribuer des droits d&#8217;acc\u00e8s en toute simplicit\u00e9<\/h3>\n<p>Le pont r\u00e9seau offre en plus d&#8217;autres fonctionnalit\u00e9s intelligentes. En effet, il vous permet un &#8220;passage de cl\u00e9s \u00e0 distance&#8221;. Avec le pont r\u00e9seau, vous pouvez accorder des <strong>doits d&#8217;acc\u00e8s \u00e0 la minute pr\u00e8s<\/strong> pour votre logement de location en toute simplicit\u00e9. Vous pouvez g\u00e9n\u00e9rer le code d&#8217;ouverture confortablement depuis chez vous. Ainsi, votre vacancier locataire n&#8217;a plus qu&#8217;\u00e0 saisir le code sur le clavier secuENTRY.<\/p>\n<h3>Le gardien de porte vid\u00e9o Bell 8500 vous montre qui se tient devant la porte<\/h3>\n<p>Par ailleurs : Gardien de porte vid\u00e9o<a href=\"https:\/\/test.burgwaechterservice.de\/p\/tuer-fenstertechnik\/video-tuersprechanlage-door-eguard-video-bell\/\"> Bell 8500<\/a> repr\u00e9sente un compl\u00e9ment parfait au pont r\u00e9seau. En effet, avec lui, vous pouvez <strong>voir en live depuis l&#8217;appli cl\u00e9 secuENTRY qui est-ce qui est devant la porte d&#8217;entr\u00e9e en train de sonner<\/strong>, et vous pouvez ouvrir votre porte d&#8217;entr\u00e9e depuis l&#8217;endroit o\u00f9 vous \u00eates.<\/p>\n<h4>Le pont r\u00e9seau secuENTRY 5670 en aper\u00e7u<\/h4>\n<ul>\n<li>Permet l&#8217;ouverture \u00e0 distance de cylindres de fermeture secuENTRY par appli cl\u00e9<\/li>\n<li>M\u00eame lorsque vous \u00eates absent : la famille, les amis, les ouvriers peuvent entrer<\/li>\n<li>Une fois int\u00e9gr\u00e9 \u00e0 votre WLAN domestique (2,4 GHz), le pont r\u00e9seau envoie un signal bluetooth crypt\u00e9 au cylindre de porte secuENTRY<\/li>\n<li>Programmation de codes temporaires, par ex. pour les locations vacanci\u00e8res (en liaison avec un cylindre de porte secuENTRY pro)<\/li>\n<li>Programmation \u00e0 distance depuis l&#8217;appli cl\u00e9 combin\u00e9e au logiciel secuENTRY light ou pro<\/li>\n<li>Notification en cas de pile faible au niveau du cylindre de fermeture<\/li>\n<li>La mise-\u00e0-jour des micrologiciels du cylindre sur la version la plus r\u00e9cente du logiciel est condition pr\u00e9alable \u00e0 la liaison au pont r\u00e9seau<\/li>\n<li>Notification lorsque la mise-\u00e0-jour de la banque de donn\u00e9es a \u00e9t\u00e9 men\u00e9e \u00e0 bien<\/li>\n<li>Installation et am\u00e9nagement simples<\/li>\n<li>Appropri\u00e9 pour l&#8217;int\u00e9rieur<\/li>\n<li>Bloc d&#8217;alimentaiton 5V USB d&#8217;au moins 1A n\u00e9cessaire<\/li>\n<li>Reliable avec l&#8217;interface de communication intelligente pour porte eGuard Video Bell 8500 via l&#8217;appli cl\u00e9<\/li>\n<\/ul>\n","protected":false},"excerpt":{"rendered":"<p>Votre serrure de porte n&#8217;a jamais \u00e9t\u00e9 aussi intelligente ! Avec le pont r\u00e9seau secuENTRY de BURG-W\u00c4CHTER, vous pouvez ouvrir votre porte d&#8217;entr\u00e9e en tout confort depuis n&#8217;importe o\u00f9 dans le monde. En toute simplicit\u00e9 via l&#8217;appli cl\u00e9 gratuite secuENTRY &hellip; <a class=\"kt-excerpt-readmore\" href=\"https:\/\/test.burgwaechterservice.de\/fr\/p\/serrure-electronique\/secuentry-5670\/\" aria-label=\"Pont r\u00e9seau secuENTRY 5670 Bridge\">Lire la suite<\/a><\/p>\n","protected":false},"featured_media":405171,"comment_status":"closed","ping_status":"closed","template":"","meta":[],"product_cat":[5802,4211,1135,1136],"product_tag":[551,3427],"yoast_head":"<!-- This site is optimized with the Yoast SEO Premium plugin v18.4 (Yoast SEO v19.13) - https:\/\/yoast.com\/wordpress\/plugins\/seo\/ -->\n<title>Pont r\u00e9seau secuENTRY 5670 - ouverture de porte \u00e0 distance<\/title>\n<meta name=\"description\" content=\"Avec le pont r\u00e9seau secuENTRY de BURG-W\u00c4CHTER, ouvrez votre porte d&#039;entr\u00e9e confortablement depuis n&#039;importe o\u00f9 dans le monde !\" \/>\n<meta name=\"robots\" content=\"index, follow, max-snippet:-1, max-image-preview:large, max-video-preview:-1\" \/>\n<link rel=\"canonical\" href=\"https:\/\/test.burgwaechterservice.de\/fr\/p\/serrure-electronique\/secuentry-5670\/\" \/>\n<meta property=\"og:locale\" content=\"fr_FR\" \/>\n<meta property=\"og:type\" content=\"article\" \/>\n<meta property=\"og:title\" content=\"Pont r\u00e9seau secuENTRY 5670 Bridge\" \/>\n<meta property=\"og:description\" content=\"Avec le pont r\u00e9seau secuENTRY de BURG-W\u00c4CHTER, ouvrez votre porte d&#039;entr\u00e9e confortablement depuis n&#039;importe o\u00f9 dans le monde !\" \/>\n<meta property=\"og:url\" content=\"https:\/\/test.burgwaechterservice.de\/fr\/p\/serrure-electronique\/secuentry-5670\/\" \/>\n<meta property=\"og:site_name\" content=\"Burg-W\u00e4chter France\" \/>\n<meta property=\"article:modified_time\" content=\"2020-12-21T08:10:17+00:00\" \/>\n<meta property=\"og:image\" content=\"https:\/\/test.burgwaechterservice.de\/fr\/wp-content\/uploads\/sites\/4\/2020\/05\/secuENTRY-Bridge-5670-Milieu-BURG-W\u00c4CHTER.jpg\" \/>\n\t<meta property=\"og:image:width\" content=\"1000\" \/>\n\t<meta property=\"og:image:height\" content=\"1000\" \/>\n\t<meta property=\"og:image:type\" content=\"image\/jpeg\" \/>\n<meta name=\"twitter:card\" content=\"summary_large_image\" \/>\n<meta name=\"twitter:label1\" content=\"Dur\u00e9e de lecture estim\u00e9e\" \/>\n\t<meta name=\"twitter:data1\" content=\"3 minutes\" \/>\n<!-- \/ Yoast SEO Premium plugin. -->","yoast_head_json":{"title":"Pont r\u00e9seau secuENTRY 5670 - ouverture de porte \u00e0 distance","description":"Avec le pont r\u00e9seau secuENTRY de BURG-W\u00c4CHTER, ouvrez votre porte d'entr\u00e9e confortablement depuis n'importe o\u00f9 dans le monde !","robots":{"index":"index","follow":"follow","max-snippet":"max-snippet:-1","max-image-preview":"max-image-preview:large","max-video-preview":"max-video-preview:-1"},"canonical":"https:\/\/test.burgwaechterservice.de\/fr\/p\/serrure-electronique\/secuentry-5670\/","og_locale":"fr_FR","og_type":"article","og_title":"Pont r\u00e9seau secuENTRY 5670 Bridge","og_description":"Avec le pont r\u00e9seau secuENTRY de BURG-W\u00c4CHTER, ouvrez votre porte d'entr\u00e9e confortablement depuis n'importe o\u00f9 dans le monde !","og_url":"https:\/\/test.burgwaechterservice.de\/fr\/p\/serrure-electronique\/secuentry-5670\/","og_site_name":"Burg-W\u00e4chter France","article_modified_time":"2020-12-21T08:10:17+00:00","og_image":[{"width":1000,"height":1000,"url":"https:\/\/test.burgwaechterservice.de\/fr\/wp-content\/uploads\/sites\/4\/2020\/05\/secuENTRY-Bridge-5670-Milieu-BURG-W\u00c4CHTER.jpg","type":"image\/jpeg"}],"twitter_card":"summary_large_image","twitter_misc":{"Dur\u00e9e de lecture estim\u00e9e":"3 minutes"},"schema":{"@context":"https:\/\/schema.org","@graph":[{"@type":"WebPage","@id":"https:\/\/test.burgwaechterservice.de\/fr\/p\/serrure-electronique\/secuentry-5670\/","url":"https:\/\/test.burgwaechterservice.de\/fr\/p\/serrure-electronique\/secuentry-5670\/","name":"Pont r\u00e9seau secuENTRY 5670 - ouverture de porte \u00e0 distance","isPartOf":{"@id":"https:\/\/test.burgwaechterservice.de\/fr\/#website"},"datePublished":"2020-05-19T09:11:38+00:00","dateModified":"2020-12-21T08:10:17+00:00","description":"Avec le pont r\u00e9seau secuENTRY de BURG-W\u00c4CHTER, ouvrez votre porte d'entr\u00e9e confortablement depuis n'importe o\u00f9 dans le monde !","breadcrumb":{"@id":"https:\/\/test.burgwaechterservice.de\/fr\/p\/serrure-electronique\/secuentry-5670\/#breadcrumb"},"inLanguage":"fr-FR","potentialAction":[{"@type":"ReadAction","target":["https:\/\/test.burgwaechterservice.de\/fr\/p\/serrure-electronique\/secuentry-5670\/"]}]},{"@type":"BreadcrumbList","@id":"https:\/\/test.burgwaechterservice.de\/fr\/p\/serrure-electronique\/secuentry-5670\/#breadcrumb","itemListElement":[{"@type":"ListItem","position":1,"name":"Accueil","item":"https:\/\/test.burgwaechterservice.de\/fr\/"},{"@type":"ListItem","position":2,"name":"Produits","item":"https:\/\/test.burgwaechterservice.de\/fr\/p\/"},{"@type":"ListItem","position":3,"name":"Pont r\u00e9seau secuENTRY 5670 Bridge"}]},{"@type":"WebSite","@id":"https:\/\/test.burgwaechterservice.de\/fr\/#website","url":"https:\/\/test.burgwaechterservice.de\/fr\/","name":"Burg-W\u00e4chter France","description":"Le choix le plus s\u00fbr!","potentialAction":[{"@type":"SearchAction","target":{"@type":"EntryPoint","urlTemplate":"https:\/\/test.burgwaechterservice.de\/fr\/?s={search_term_string}"},"query-input":"required name=search_term_string"}],"inLanguage":"fr-FR"}]}},"_links":{"self":[{"href":"https:\/\/test.burgwaechterservice.de\/fr\/wp-json\/wp\/v2\/product\/405170"}],"collection":[{"href":"https:\/\/test.burgwaechterservice.de\/fr\/wp-json\/wp\/v2\/product"}],"about":[{"href":"https:\/\/test.burgwaechterservice.de\/fr\/wp-json\/wp\/v2\/types\/product"}],"replies":[{"embeddable":true,"href":"https:\/\/test.burgwaechterservice.de\/fr\/wp-json\/wp\/v2\/comments?post=405170"}],"wp:featuredmedia":[{"embeddable":true,"href":"https:\/\/test.burgwaechterservice.de\/fr\/wp-json\/wp\/v2\/media\/405171"}],"wp:attachment":[{"href":"https:\/\/test.burgwaechterservice.de\/fr\/wp-json\/wp\/v2\/media?parent=405170"}],"wp:term":[{"taxonomy":"product_cat","embeddable":true,"href":"https:\/\/test.burgwaechterservice.de\/fr\/wp-json\/wp\/v2\/product_cat?post=405170"},{"taxonomy":"product_tag","embeddable":true,"href":"https:\/\/test.burgwaechterservice.de\/fr\/wp-json\/wp\/v2\/product_tag?post=405170"}],"curies":[{"name":"wp","href":"https:\/\/api.w.org\/{rel}","templated":true}]}}