{"id":400764,"date":"2020-05-05T10:50:22","date_gmt":"2020-05-05T08:50:22","guid":{"rendered":"https:\/\/www.burg.biz\/fr\/p\/coffres-forts\/coffre-fort-diplomat-mtd\/"},"modified":"2022-06-24T11:24:56","modified_gmt":"2022-06-24T09:24:56","slug":"coffre-fort-diplomat-mtd","status":"publish","type":"product","link":"https:\/\/test.burgwaechterservice.de\/fr\/p\/coffres-forts\/coffre-fort-diplomat-mtd\/","title":{"rendered":"Diplomat"},"content":{"rendered":"<h2><strong>Coffre-fort Diplomat MTD pour des exigences hautes<\/strong><\/h2>\n<p>Protection contre le vol et protection contre le feu r\u00e9unies. <strong>Les coffres-forts de la gamme Diplomat de BURG-W\u00c4CHTER conf\u00e8rent d&#8217;entr\u00e9e une double s\u00e9curit\u00e9 et sont ainsi l&#8217;endroit id\u00e9al pour vos objets de valeur !<\/strong> Car le coffre-fort Diplomat avec niveau de r\u00e9sistance I est v\u00e9rifi\u00e9 selon les normes, contr\u00f4l\u00e9 par le ECB\u2022S\/VdS et certifi\u00e9 sur la protection anti-effraction selon la norme europ\u00e9enne EN 1143-1. Les diff\u00e9rents mod\u00e8les sont disponibles avec une serrure m\u00e9canique ou avec une serrure \u00e9lectronique incluant un lecteur d&#8217;empreintes digitales.<\/p>\n<h3><strong>Protection contre le feu pour au moins une heure<\/strong><\/h3>\n<p>Vos documents sont prot\u00e9g\u00e9s du feu et de la chaleur pendant au moins une heure dans le Diplomat. Car c&#8217;est exactement cela que garantit la protection ignifuge suivant EN 15659. Nos concepteurs ont \u00e9quip\u00e9 la paroi d&#8217;une isolation arm\u00e9e sp\u00e9ciale anti-feu \u00e0 cet effet. En outre, nous y avons int\u00e9gr\u00e9 <strong>un barrage \u00e0 chaleur sp\u00e9cial pour que la temp\u00e9rature \u00e0 l&#8217;int\u00e9rieur du coffre-fort ne monte que lentement<\/strong>. Par ailleurs, les rainures de la porte sont rendues imperm\u00e9ables gr\u00e2ce \u00e0 un mat\u00e9riau sp\u00e9cial qui se dilate.<\/p>\n<h3><strong>Le Diplomat \u2013 Pour votre s\u00e9curit\u00e9<\/strong><\/h3>\n<ul>\n<li>S\u00e9curit\u00e9 aux normes et contr\u00f4l\u00e9e par ECB\u2022S\/VdS<\/li>\n<li>Niveau de s\u00e9curit\u00e9 I<\/li>\n<li>Protection anti-effraction certifi\u00e9e suivant EN 1143-1<\/li>\n<li>Protection anti-feu certifi\u00e9e suivant EN 15659 (en l&#8217;\u00e9tat de 2009),<\/li>\n<li>R\u00e9sistance au feu LFS 60 P : le papier r\u00e9siste au feu pendant 60 minutes<\/li>\n<\/ul>\n<h2><strong>Coffre-fort Diplomat : Qualit\u00e9 maximale avec niveau de s\u00e9curit\u00e9 I<\/strong><\/h2>\n<h3><strong>Protection extr\u00eame gr\u00e2ce \u00e0 un kit de s\u00e9curit\u00e9 complet<\/strong><\/h3>\n<p>Le coffre-fort Diplomat soit son \u00e9norme force de r\u00e9sistance \u00e0 son corps \u00e0 triple paroi. D&#8217;autre part, la porte du coffre-fort marque des points avec sa structure \u00e0 quatre paroi. De plus, les charni\u00e8res sont int\u00e9gr\u00e9es \u00e0 l&#8217;int\u00e9rieur, ce qui augmente encore davantage la protection contre l&#8217;effraction. Cela vaut \u00e9galement pour le <strong>verrouillage des quatres c\u00f4t\u00e9s par des p\u00eanes ronds particuli\u00e8rement robustes<\/strong>. Un armage sp\u00e9cial (mat\u00e9riau de soutient dans les parois) prot\u00e8ge les verrous et les p\u00eanes. Un autre atout constituent <strong>les verrouillages de d\u00e9tresse par deux syst\u00e8mes ind\u00e9pendants non r\u00e9initialisables<\/strong>. De toutes les composantes r\u00e9sulte un syst\u00e8me de s\u00e9curit\u00e9 complet qui rend toute ouverture par la force tr\u00e8s compliqu\u00e9e ! Pour pouvoir installer le coffre-fort ignifug\u00e9, ce dernier est <strong>con\u00e7u pour l&#8217;ancrage mural ou au sol<\/strong>. Bien s\u00fbr, nous fournissons le mat\u00e9riel d&#8217;installation.<\/p>\n<h3>Coffre-fort autoris\u00e9 \u00e9galement pour le d\u00e9p\u00f4t d&#8217;armes<\/h3>\n<p>Gr\u00e2ce \u00e0 son corps mince, le Diplomat offre toute la place souhaitable dans son int\u00e9rieur. Pour que ce qui est pr\u00e9cieux soit organis\u00e9 correctement, le rangement est assur\u00e9 par une ou deux \u00e9tag\u00e8res r\u00e9glables selon le mod\u00e8le. <strong>MTD 740 et MTD 750 sont fournis avec une \u00e9tag\u00e8re r\u00e9glable, MTD 760 et MTD 780 avec deux.<\/strong> En plus de ses &#8220;qualit\u00e9s int\u00e9rieures&#8221;, le coffre-fort marque des points avec un vernissage classique et \u00e9l\u00e9gant couleur m\u00e9tal argent\u00e9. Par ailleurs, un vernissage personnalis\u00e9 est possible sur demande.<\/p>\n<h3>Pour le syst\u00e8me de fermeture, vous avez le choix !<\/h3>\n<p>Les mod\u00e8les du coffre-fort en quatre tailles diff\u00e9rentes sont disponibles avec deux syst\u00e8mes de fermeture. Evidemment avec la <strong>cl\u00e9 classique (mod\u00e8les K)<\/strong>. Ou bien avec le <strong>syst\u00e8me de fermeture \u00e9lectronique moderne &#8220;SecuTronic&#8221; (mod\u00e8les E FP)<\/strong> pour une ouverture par code ou empreinte digitale. La serrure haute s\u00e9curit\u00e9 &#8220;SecuSafe&#8221; \u00e0 double panneton offre un suppl\u00e9ment confortable. En effet, si vous deviez perdre une cl\u00e9, vous pouvez simplement commander un nouveau jeu de cl\u00e9s et r\u00e9gler la serrure sur les nouvelles cl\u00e9s. Si s&#8217;av\u00e8re qu&#8217;on a vol\u00e9 votre ancienne cl\u00e9, le coffre-fort ne peut plus \u00eatre ouvert avec cette derni\u00e8re gr\u00e2ce \u00e0 la <strong>serrure r\u00e9glable<\/strong> !<\/p>\n<h3>Le nouveau syst\u00e8me \u00e9lectronique &#8220;SecuTronic&#8221; marque des points avec son confort et sa s\u00e9curit\u00e9<\/h3>\n<p>L&#8217;\u00e9lectronique moderne pour coffre-fort \u201eSecuTronic\u201c TRSE 12 H FP marque des points avec des <strong>caract\u00e9ristiques r\u00e9fl\u00e9chies pour la s\u00e9curit\u00e9 et le confort<\/strong>. Ainsi, l&#8217;interface de commande pr\u00e9sente un <strong>clavier tactile <\/strong>dispos\u00e9 en pente<strong> avec \u00e9cran graphique<\/strong>. Au lieu de s&#8217;emb\u00eater \u00e0 chercher la touche &#8220;On&#8221;, il suffit de passer le doigt sur le clavier. Et d\u00e9j\u00e0 celui-ci est activ\u00e9 et \u00e9clair\u00e9 en deux couleurs. Par ailleurs, le clavier dispos\u00e9 en pente garantit une vue optimale m\u00eame de dessus. Le code d&#8217;ouverture est \u00e0 choisir librement bien s\u00fbr. A propos de cela, vous disposez d&#8217;<strong>un code administrateur et de neuf codes utilisateur<\/strong>. En outre, vous pouvez consulter l&#8217;historique des ouvertures directement sur l&#8217;interface.<\/p>\n<h3>Syst\u00e8me d&#8217;ouverture en diff\u00e9r\u00e9, blocage temporaire, connexion \u00e0 un syst\u00e8me d&#8217;alarme<\/h3>\n<p>La serrure \u00e9lectronique \u201eSecuTronic\u201c TRSE 12 H FP dispose d&#8217;un d&#8217;un<strong> syst\u00e8me d&#8217;ouverture en diff\u00e9r\u00e9 (max. 99 minutes)<\/strong>. C&#8217;est-\u00e0-dire qu&#8217;une fois le code correct saisi, la dur\u00e9e programm\u00e9e doit s&#8217;\u00e9couler enti\u00e8rement avant qu&#8217;il soit de nouveau possible d&#8217;ouvrir le coffre-fort. A partir de trois codes erron\u00e9s saisis, un <strong>blocage temporaire<\/strong> est activ\u00e9. Ainsi, les cambrioleurs n&#8217;ont pas la possibilit\u00e9 d&#8217;essayer de nombreuses combinaisons. Par ailleurs, les coffres-forts Diplomat peuvent \u00eatre reli\u00e9s optionnel \u00e0 un syst\u00e8me d&#8217;alarme. Tous ces d\u00e9tails augmentent votre s\u00e9curit\u00e9 encore davantage !<\/p>\n<h3>Le coffre-fort Diplomat MTD en aper\u00e7u<\/h3>\n<ul>\n<li>Coffre-fort avec niveau de r\u00e9sistance I suivant EN 1143-1, quatre tailles<\/li>\n<li>Protection anti feu certifi\u00e9e suivant EN 15659. LFS 60 P garantit au moins 60 minutes de protection contre le feu pour le papier<\/li>\n<li>Corps \u00e0 trois parois, parois avec une isolation arm\u00e9e sp\u00e9ciale anti feu<\/li>\n<li>Barrage \u00e0 chaleur sp\u00e9cial de BURG-W\u00c4CHTER dans le corps et la porte avec une construction FPC (Fire Protection Concrete)<\/li>\n<li>Porte int\u00e9gr\u00e9e dans le corps, 4 parois ; charni\u00e8res sp\u00e9ciales int\u00e9gr\u00e9es dans le corps et dissimul\u00e9es pour une forme esth\u00e9tique du coffre-fort !<\/li>\n<li>Calfeutrage de l&#8217;interstice de la porte avec un mat\u00e9riau de calfeutrage sp\u00e9cial qui se dilate<\/li>\n<li>Armage cons\u00e9quent au devant du m\u00e9canisme de verrouillage et des p\u00eanes de verrouillage<\/li>\n<li>Verrouillage des quatre c\u00f4t\u00e9s par de robustes p\u00eanes ronds<\/li>\n<li>Structure sp\u00e9ciale de la paroi arri\u00e8re avec armage suppl\u00e9mentaire<\/li>\n<li>Possibilit\u00e9 de raccordage \u00e0 une alarme ou un syst\u00e8me d&#8217;alarme<\/li>\n<li>Utilisation optimale de l&#8217;espace interne gr\u00e2ce \u00e0 la structure mince du corps<\/li>\n<li>Disposition usine pour l&#8217;ancrage mural et dans le sol, mat\u00e9riel de fixation fourni<\/li>\n<li>Profondeur d&#8217;un grand classeur ; \u00e9tag\u00e8re r\u00e9glable (MTD 740 et 750 avec une \u00e9tag\u00e8re, MTD 760 et 780 avec deux \u00e9tag\u00e8res)<\/li>\n<li>Vernis couleur m\u00e9tal argent\u00e9, vernissage personnalis\u00e9 sur demande<\/li>\n<li><strong>Bonus s\u00e9curit\u00e9 : Deux syst\u00e8mes de verrouillage de d\u00e9tresse non r\u00e9initialisables<br \/>\n<\/strong><\/li>\n<\/ul>\n<h5>Mod\u00e8le K (serrure m\u00e9canique)<\/h5>\n<ul>\n<li>Serrure haute s\u00e9curit\u00e9 blind\u00e9e &#8220;SecuSafe&#8221; \u00e0 double panneton<\/li>\n<li>Serrure r\u00e9glable, la serrure n&#8217;a qu&#8217;\u00e0 \u00eatre r\u00e9gl\u00e9e sur un nouveau jeu de cl\u00e9 en cas de cl\u00e9 perdue<\/li>\n<li>10 g\u00e2chettes de serrure, 50 millions de positions possibles et syst\u00e8me de cl\u00e9 prisonni\u00e8re (la cl\u00e9 reste dans la serrure lorsque cette derni\u00e8re est d\u00e9verrouill\u00e9e)<\/li>\n<li>Control\u00e9e par le VdS (cat\u00e9gorie 2) et certifi\u00e9e selon EN 1300 ECB\u2022S (cat\u00e9gorie B)<\/li>\n<li>La structure de la serrure d\u00e9passe de 13 mm<\/li>\n<li>Fabrication usine avec deux cl\u00e9s<\/li>\n<\/ul>\n<h5>Mod\u00e8le E FP (Serrure \u00e9lectronique avec lecteur d&#8217;empreintes digitales)<\/h5>\n<ul>\n<li>Certifi\u00e9 ECB\u2022S (cat\u00e9gorie B)<\/li>\n<li>Reconnaissance du doigt vivant \u201eFake Finger Detection\u201c<\/li>\n<li>Jusqu&#8217;\u00e0 10 codes utilisateur \u00e0 six chiffres<\/li>\n<li>Jusqu&#8217;\u00e0 20 empreintes digitales<\/li>\n<li>Electronique moderne avec un \u00e9cran graphique et et clavier de saisie tactile \u00e9clair\u00e9<\/li>\n<li>Interface dispos\u00e9e en pente pour une ergonomie optimale<\/li>\n<li>Syst\u00e8me d&#8217;ouverture en diff\u00e9r\u00e9 r\u00e9glable (max. 99 minutes)<\/li>\n<li>Possibilit\u00e9 de consulter l&#8217;historique des fermetures<\/li>\n<li>Menu en douze langues<\/li>\n<li>Changement des piles simple, piles fournies<\/li>\n<li>La structure de la serrure d\u00e9passe de 20 mm<\/li>\n<\/ul>\n<p>&nbsp;<\/p>\n<h3>Les mod\u00e8les Diplomat en aper\u00e7u<\/h3>\n<table class=\"ausfuehrung\">\n<thead>\n<tr>\n<td>Article<\/td>\n<td>Ext\u00e9rieur h x larg. x profond. (mm)<\/td>\n<td>Int\u00e9rieur h x larg. x profond. (mm)<\/td>\n<td>Porte h x larg. (ouverture en mm)<\/td>\n<td>Poids (kg)<\/td>\n<td>Volume (l)<\/td>\n<td>Syst\u00e8me de fermeture<\/td>\n<\/tr>\n<\/thead>\n<tbody>\n<tr>\n<td>MTD 740 K<\/td>\n<td>380 x 500 x 462<\/td>\n<td>255 x 372 x 300<\/td>\n<td>255 x 337<\/td>\n<td>92<\/td>\n<td>28,3<\/td>\n<td>Serrure m\u00e9canique<\/td>\n<\/tr>\n<tr>\n<td>MTD 750 K<\/td>\n<td>470 x 500 x 462<\/td>\n<td>345 x 372 x 300<\/td>\n<td>345 x 337<\/td>\n<td>104<\/td>\n<td>38,5<\/td>\n<td>Serrure m\u00e9canique<\/td>\n<\/tr>\n<\/tbody>\n<tbody>\n<tr>\n<td>MTD 760 K<\/td>\n<td>625 x 500 x 462<\/td>\n<td>500 x 372 x 300<\/td>\n<td>500 x 337<\/td>\n<td>132<\/td>\n<td>55,8<\/td>\n<td>Serrure m\u00e9canique<\/td>\n<\/tr>\n<tr>\n<td>MTD 780 K<\/td>\n<td>985 x 500 x 462<\/td>\n<td>860 x 372 x 300<\/td>\n<td>860 x 337<\/td>\n<td>186<\/td>\n<td>96,0<\/td>\n<td>Serrure m\u00e9canique<\/td>\n<\/tr>\n<tr>\n<td>MTD 740 E FP<\/td>\n<td>380 x 500 x 462<\/td>\n<td>255 x 372 x 300<\/td>\n<td>255 x 337<\/td>\n<td>92<\/td>\n<td>28,3<\/td>\n<td>Codes et empreintes digitales<\/td>\n<\/tr>\n<tr>\n<td>MTD 750 E FP<\/td>\n<td>470 x 500 x 462<\/td>\n<td>345 x 372 x 300<\/td>\n<td>345 x 337<\/td>\n<td>104<\/td>\n<td>38,5<\/td>\n<td>Codes et empreintes digitales<\/td>\n<\/tr>\n<tr>\n<td>MTD 760 E FP<\/td>\n<td>625 x 500 x 462<\/td>\n<td>500 x 372 x 300<\/td>\n<td>500 x 337<\/td>\n<td>132<\/td>\n<td>55,8<\/td>\n<td>Codes et empreintes digitales<\/td>\n<\/tr>\n<tr>\n<td>MTD 780 E FP<\/td>\n<td>985 x 500 x 462<\/td>\n<td>860 x 372 x 300<\/td>\n<td>860 x 337<\/td>\n<td>186<\/td>\n<td>96,0<\/td>\n<td>Codes et empreintes digitales<\/td>\n<\/tr>\n<\/tbody>\n<\/table>\n<h3>Nos coffres-forts compar\u00e9s<\/h3>\n<p><strong><a class=\"mobilealternative\" href=\"https:\/\/test.burgwaechterservice.de\/wp-content\/uploads\/2016\/06\/Tresorvergleich.pdf\" target=\"_blank\" rel=\"noopener noreferrer\">Tableau de comparaison au format PDF<\/a><\/strong><\/p>\n<div class=\"produktvergleich\">\n<p><a href=\"https:\/\/test.burgwaechterservice.de\/tresorvergleich\">Plus d&#8217;informations dans un <strong>tableau plus exhaustif<\/strong><\/a><\/p>\n<table class=\"produktvergleich\" cellspacing=\"0\" cellpadding=\"0\">\n<tbody>\n<tr>\n<td class=\"tbdesc\">Coffres-forts<\/td>\n<td><a href=\"https:\/\/test.burgwaechterservice.de\/produkt-schlagwort\/pointsafe\/\">Pointsafe<\/a><\/td>\n<td><a href=\"https:\/\/test.burgwaechterservice.de\/produkt-schlagwort\/homesafe-h3\/\">Homesafe H 3<\/a><\/td>\n<td><a href=\"https:\/\/test.burgwaechterservice.de\/produkt-schlagwort\/homesafe\/\">Homesafe<\/a><\/td>\n<td><a href=\"https:\/\/test.burgwaechterservice.de\/produkt-schlagwort\/cityline\/\">CityLine<\/a><\/td>\n<td><a href=\"https:\/\/test.burgwaechterservice.de\/produkt-schlagwort\/combi-line\/\">Combi-Line<\/a><\/td>\n<td><a href=\"https:\/\/test.burgwaechterservice.de\/p\/tresor-safe\/kurzwaffentresor-magno\/\">Magno<\/a><\/td>\n<td><a href=\"https:\/\/test.burgwaechterservice.de\/produkt-schlagwort\/karat\/\">Karat<\/a><\/td>\n<td><a href=\"https:\/\/test.burgwaechterservice.de\/produkt-schlagwort\/diplomat\/\">Diplomat<\/a><\/td>\n<\/tr>\n<tr>\n<td class=\"tbdesc\">Niveau de s\u00e9curit\u00e9 BURG-W\u00c4CHTER<\/td>\n<td class=\"nopadding\"><img decoding=\"async\" class=\"alignnone size-full wp-image-31072\" src=\"https:\/\/test.burgwaechterservice.de\/wp-content\/uploads\/2016\/06\/2_Sterne-1.png\" alt=\"2_Sterne\" width=\"110\" height=\"15\" \/><\/td>\n<td class=\"nopadding\"><img decoding=\"async\" class=\"alignnone size-full wp-image-31073\" src=\"https:\/\/test.burgwaechterservice.de\/wp-content\/uploads\/2016\/06\/2_1-2_Sterne-1.png\" alt=\"2_1-2_Sterne\" width=\"110\" height=\"15\" \/><\/td>\n<td class=\"nopadding\"><img decoding=\"async\" class=\"alignnone size-full wp-image-31074\" src=\"https:\/\/test.burgwaechterservice.de\/wp-content\/uploads\/2016\/06\/3_Sterne-1.png\" alt=\"3_Sterne\" width=\"110\" height=\"15\" \/><\/td>\n<td class=\"nopadding\"><img decoding=\"async\" class=\"alignnone size-full wp-image-31074\" src=\"https:\/\/test.burgwaechterservice.de\/wp-content\/uploads\/2016\/06\/3_Sterne-1.png\" alt=\"3_Sterne\" width=\"110\" height=\"15\" \/><\/td>\n<td class=\"nopadding\"><img loading=\"lazy\" decoding=\"async\" class=\"alignnone size-full wp-image-31075\" src=\"https:\/\/test.burgwaechterservice.de\/wp-content\/uploads\/2016\/06\/4_Sterne-1.png\" alt=\"4_Sterne\" width=\"110\" height=\"15\" \/><\/td>\n<td class=\"nopadding\"><img loading=\"lazy\" decoding=\"async\" class=\"alignnone size-full wp-image-31076\" src=\"https:\/\/test.burgwaechterservice.de\/wp-content\/uploads\/2016\/06\/5_Sterne-1.png\" alt=\"5_Sterne\" width=\"110\" height=\"15\" \/><\/td>\n<td class=\"nopadding\"><img loading=\"lazy\" decoding=\"async\" class=\"alignnone size-full wp-image-31076\" src=\"https:\/\/test.burgwaechterservice.de\/wp-content\/uploads\/2016\/06\/5_Sterne-1.png\" alt=\"5_Sterne\" width=\"110\" height=\"15\" \/><\/td>\n<td class=\"nopadding\"><img loading=\"lazy\" decoding=\"async\" class=\"alignnone size-full wp-image-31077\" src=\"https:\/\/test.burgwaechterservice.de\/wp-content\/uploads\/2016\/06\/6_Sterne-1.png\" alt=\"6_Sterne\" width=\"110\" height=\"15\" \/><\/td>\n<\/tr>\n<tr>\n<td class=\"tbdesc\">Niveau de s\u00e9curit\u00e9 \/ Degr\u00e9 de r\u00e9sistance<\/td>\n<td>\u2212<\/td>\n<td>A selon VDMA 24992<\/td>\n<td>B selon VDMA 24992<\/td>\n<td>B selon VDMA 24992<\/td>\n<td>B selon VDMA 24992 \/<br \/>\nS2 selon DIN EN 14450<\/td>\n<td>N selon EN 1143-1<\/td>\n<td>N selon EN 1143-1<\/td>\n<td>I selon EN 1143-1<\/td>\n<\/tr>\n<tr>\n<td class=\"tbdesc\">R\u00e9sistance au feu certifi\u00e9e<\/td>\n<td>\u2212<\/td>\n<td>\u2212<\/td>\n<td>\u2212<\/td>\n<td>\u2212<\/td>\n<td>30 minutes selon EN 15659<\/td>\n<td>\u2212<\/td>\n<td>\u2212<\/td>\n<td>60 minutes selon EN 15659<\/td>\n<\/tr>\n<tr>\n<td class=\"tbdesc\">Serrure de s\u00e9curit\u00e9 \u00e0 double panneton<\/td>\n<td class=\"check\"><\/td>\n<td class=\"check\"><\/td>\n<td class=\"check\"><\/td>\n<td>\u2212<\/td>\n<td class=\"check\"><\/td>\n<td class=\"check\"><\/td>\n<td>\u2212<\/td>\n<td>\u2212<\/td>\n<\/tr>\n<tr>\n<td class=\"tbdesc\">Serrure de s\u00e9curit\u00e9 r\u00e9glable \u00e0 double panneton<\/td>\n<td>\u2212<\/td>\n<td>\u2212<\/td>\n<td>\u2212<\/td>\n<td class=\"check\"><\/td>\n<td>\u2212<\/td>\n<td>\u2212<\/td>\n<td class=\"check\"><\/td>\n<td class=\"check\"><\/td>\n<\/tr>\n<tr>\n<td class=\"tbdesc\">Serrure \u00e9lectronique \u00e0 code<\/td>\n<td class=\"check\"><\/td>\n<td>\u2212<\/td>\n<td>\u2212<\/td>\n<td>\u2212<\/td>\n<td>\u2212<\/td>\n<td>\u2212<\/td>\n<td>\u2212<\/td>\n<td>\u2212<\/td>\n<\/tr>\n<tr>\n<td class=\"tbdesc\">Serrure \u00e9lectronique \u00e0 code certifi\u00e9e ECB-S \/ VdS<\/td>\n<td>\u2212<\/td>\n<td class=\"check\"><\/td>\n<td class=\"check\"><\/td>\n<td class=\"check\"><\/td>\n<td class=\"check\"><\/td>\n<td class=\"check\"><\/td>\n<td class=\"check\"><\/td>\n<td class=\"check\"><\/td>\n<\/tr>\n<tr>\n<td class=\"tbdesc\">Serrure \u00e9lectronique \u00e0 code avec lecteur d&#8217;empreintes digitales<\/td>\n<td class=\"check\"><\/td>\n<td>\u2212<\/td>\n<td>\u2212<\/td>\n<td>\u2212<\/td>\n<td>\u2212<\/td>\n<td>\u2212<\/td>\n<td>\u2212<\/td>\n<td>\u2212<\/td>\n<\/tr>\n<tr>\n<td class=\"tbdesc\">Serrure \u00e9lectronique \u00e0 code avec lecteur d&#8217;empreintes digitales certifi\u00e9e VdS<\/td>\n<td>\u2212<\/td>\n<td>\u2212<\/td>\n<td>\u2212<\/td>\n<td class=\"check\"><\/td>\n<td class=\"check\"><\/td>\n<td>\u2212<\/td>\n<td class=\"check\"><\/td>\n<td class=\"check\"><\/td>\n<\/tr>\n<tr>\n<td class=\"tbdesc\"><\/td>\n<td><\/td>\n<td><\/td>\n<td><\/td>\n<td><\/td>\n<td><\/td>\n<td><\/td>\n<td><\/td>\n<td><\/td>\n<\/tr>\n<tr>\n<td class=\"tbdesc\">Montant possible de l&#8217;assurance (particuliers)<\/td>\n<td>*<\/td>\n<td>*<\/td>\n<td>*<\/td>\n<td>*<\/td>\n<td>20.000 \u20ac<\/td>\n<td>40.000 \u20ac<\/td>\n<td>40.000 \u20ac<\/td>\n<td>65.000 \u20ac<\/td>\n<\/tr>\n<tr>\n<td class=\"tbdesc\">Montant possible de l&#8217;assurance (entreprises)<\/td>\n<td>\u2212<\/td>\n<td>2.500 \u20ac<\/td>\n<td>2.500 \u20ac<\/td>\n<td>2.500 \u20ac<\/td>\n<td>2.500 \u20ac<\/td>\n<td>10.000 \u20ac<\/td>\n<td>10.000 \u20ac<\/td>\n<td>20.000 \u20ac<\/td>\n<\/tr>\n<\/tbody>\n<\/table>\n<div class=\"small\">\n<h4>Conditions d&#8217;assurance pour coffres-forts<\/h4>\n<p>En raison des conditions d&#8217;assurance variables, il est n\u00e9cessaire de passer un accord avec votre assureur. Vous pourrez obtenir un montant d&#8217;assurance plus haut que ce qui est pr\u00e9vu par les dispositions l\u00e9gales en parlant avec votre assureur.<\/p>\n<ul>\n<li>Tous les coffres-forts d&#8217;une masse inf\u00e9rieure \u00e0 1 000 kg sont munis d&#8217;un dispositif d&#8217;ancrage. Ils doivent \u00eatre ancr\u00e9s en suivant la notice d&#8217;installation. Une notice d&#8217;utilisation et d&#8217;installation est fournie avec tout r\u00e9ceptacle reconnu par ECB-S\/VdS.<\/li>\n<li>En raison de la clause du port de la cl\u00e9 et du risque \u00e9lev\u00e9 de vol de cl\u00e9, les assurances recommandent des serrures \u00e0 code. Burg-W\u00e4chter propose des coffres-forts avec des serrures m\u00e9caniques \u00e0 code ou des serrures \u00e9lectroniques \u00e0 code. Celles-cis augmentent votre protection.<\/li>\n<\/ul>\n<p>Veuillez prendre en consid\u00e9ration que plus votre coffre-fort est s\u00fbr, moins ch\u00e8re sera la prime d&#8217;assurance.<\/p>\n<\/div>\n<\/div>\n","protected":false},"excerpt":{"rendered":"<p>Coffre-fort Diplomat MTD pour des exigences hautes Protection contre le vol et protection contre le feu r\u00e9unies. Les coffres-forts de la gamme Diplomat de BURG-W\u00c4CHTER conf\u00e8rent d&#8217;entr\u00e9e une double s\u00e9curit\u00e9 et sont ainsi l&#8217;endroit id\u00e9al pour vos objets de valeur &hellip; <a class=\"kt-excerpt-readmore\" href=\"https:\/\/test.burgwaechterservice.de\/fr\/p\/coffres-forts\/coffre-fort-diplomat-mtd\/\" aria-label=\"Diplomat\">Lire la suite<\/a><\/p>\n","protected":false},"featured_media":400765,"comment_status":"closed","ping_status":"closed","template":"","meta":[],"product_cat":[34,58,52],"product_tag":[10],"yoast_head":"<!-- This site is optimized with the Yoast SEO Premium plugin v18.4 (Yoast SEO v19.13) - https:\/\/yoast.com\/wordpress\/plugins\/seo\/ -->\n<title>Coffre-fort Diplomat MTD avec niveau de r\u00e9sistance I et protection anti feu<\/title>\n<meta name=\"description\" content=\"Coffre-fort ignifug\u00e9 avec niveau de r\u00e9sistance I : Le coffre-fort Diplomat MTD de BURG-W\u00c4CHTER avec serrure m\u00e9canique ou \u00e9lectronique \u00e0 empreintes digitales\" \/>\n<meta name=\"robots\" content=\"index, follow, max-snippet:-1, max-image-preview:large, max-video-preview:-1\" \/>\n<link rel=\"canonical\" href=\"https:\/\/test.burgwaechterservice.de\/fr\/p\/coffres-forts\/coffre-fort-diplomat-mtd\/\" \/>\n<meta property=\"og:locale\" content=\"fr_FR\" \/>\n<meta property=\"og:type\" content=\"article\" \/>\n<meta property=\"og:title\" content=\"Diplomat\" \/>\n<meta property=\"og:description\" content=\"Coffre-fort ignifug\u00e9 avec niveau de r\u00e9sistance I : Le coffre-fort Diplomat MTD de BURG-W\u00c4CHTER avec serrure m\u00e9canique ou \u00e9lectronique \u00e0 empreintes digitales\" \/>\n<meta property=\"og:url\" content=\"https:\/\/test.burgwaechterservice.de\/fr\/p\/coffres-forts\/coffre-fort-diplomat-mtd\/\" \/>\n<meta property=\"og:site_name\" content=\"Burg-W\u00e4chter France\" \/>\n<meta property=\"article:modified_time\" content=\"2022-06-24T09:24:56+00:00\" \/>\n<meta property=\"og:image\" content=\"https:\/\/test.burgwaechterservice.de\/fr\/wp-content\/uploads\/sites\/4\/2020\/05\/BURG-W\u00c4CHTER-Tresor-Diplomat-MTD-750-E-FP.jpg\" \/>\n\t<meta property=\"og:image:width\" content=\"1000\" \/>\n\t<meta property=\"og:image:height\" content=\"1000\" \/>\n\t<meta property=\"og:image:type\" content=\"image\/jpeg\" \/>\n<meta name=\"twitter:card\" content=\"summary_large_image\" \/>\n<meta name=\"twitter:label1\" content=\"Dur\u00e9e de lecture estim\u00e9e\" \/>\n\t<meta name=\"twitter:data1\" content=\"10 minutes\" \/>\n<!-- \/ Yoast SEO Premium plugin. -->","yoast_head_json":{"title":"Coffre-fort Diplomat MTD avec niveau de r\u00e9sistance I et protection anti feu","description":"Coffre-fort ignifug\u00e9 avec niveau de r\u00e9sistance I : Le coffre-fort Diplomat MTD de BURG-W\u00c4CHTER avec serrure m\u00e9canique ou \u00e9lectronique \u00e0 empreintes digitales","robots":{"index":"index","follow":"follow","max-snippet":"max-snippet:-1","max-image-preview":"max-image-preview:large","max-video-preview":"max-video-preview:-1"},"canonical":"https:\/\/test.burgwaechterservice.de\/fr\/p\/coffres-forts\/coffre-fort-diplomat-mtd\/","og_locale":"fr_FR","og_type":"article","og_title":"Diplomat","og_description":"Coffre-fort ignifug\u00e9 avec niveau de r\u00e9sistance I : Le coffre-fort Diplomat MTD de BURG-W\u00c4CHTER avec serrure m\u00e9canique ou \u00e9lectronique \u00e0 empreintes digitales","og_url":"https:\/\/test.burgwaechterservice.de\/fr\/p\/coffres-forts\/coffre-fort-diplomat-mtd\/","og_site_name":"Burg-W\u00e4chter France","article_modified_time":"2022-06-24T09:24:56+00:00","og_image":[{"width":1000,"height":1000,"url":"https:\/\/test.burgwaechterservice.de\/fr\/wp-content\/uploads\/sites\/4\/2020\/05\/BURG-W\u00c4CHTER-Tresor-Diplomat-MTD-750-E-FP.jpg","type":"image\/jpeg"}],"twitter_card":"summary_large_image","twitter_misc":{"Dur\u00e9e de lecture estim\u00e9e":"10 minutes"},"schema":{"@context":"https:\/\/schema.org","@graph":[{"@type":"WebPage","@id":"https:\/\/test.burgwaechterservice.de\/fr\/p\/coffres-forts\/coffre-fort-diplomat-mtd\/","url":"https:\/\/test.burgwaechterservice.de\/fr\/p\/coffres-forts\/coffre-fort-diplomat-mtd\/","name":"Coffre-fort Diplomat MTD avec niveau de r\u00e9sistance I et protection anti feu","isPartOf":{"@id":"https:\/\/test.burgwaechterservice.de\/fr\/#website"},"datePublished":"2020-05-05T08:50:22+00:00","dateModified":"2022-06-24T09:24:56+00:00","description":"Coffre-fort ignifug\u00e9 avec niveau de r\u00e9sistance I : Le coffre-fort Diplomat MTD de BURG-W\u00c4CHTER avec serrure m\u00e9canique ou \u00e9lectronique \u00e0 empreintes digitales","breadcrumb":{"@id":"https:\/\/test.burgwaechterservice.de\/fr\/p\/coffres-forts\/coffre-fort-diplomat-mtd\/#breadcrumb"},"inLanguage":"fr-FR","potentialAction":[{"@type":"ReadAction","target":["https:\/\/test.burgwaechterservice.de\/fr\/p\/coffres-forts\/coffre-fort-diplomat-mtd\/"]}]},{"@type":"BreadcrumbList","@id":"https:\/\/test.burgwaechterservice.de\/fr\/p\/coffres-forts\/coffre-fort-diplomat-mtd\/#breadcrumb","itemListElement":[{"@type":"ListItem","position":1,"name":"Accueil","item":"https:\/\/test.burgwaechterservice.de\/fr\/"},{"@type":"ListItem","position":2,"name":"Produits","item":"https:\/\/test.burgwaechterservice.de\/fr\/p\/"},{"@type":"ListItem","position":3,"name":"Diplomat"}]},{"@type":"WebSite","@id":"https:\/\/test.burgwaechterservice.de\/fr\/#website","url":"https:\/\/test.burgwaechterservice.de\/fr\/","name":"Burg-W\u00e4chter France","description":"Le choix le plus s\u00fbr!","potentialAction":[{"@type":"SearchAction","target":{"@type":"EntryPoint","urlTemplate":"https:\/\/test.burgwaechterservice.de\/fr\/?s={search_term_string}"},"query-input":"required name=search_term_string"}],"inLanguage":"fr-FR"}]}},"_links":{"self":[{"href":"https:\/\/test.burgwaechterservice.de\/fr\/wp-json\/wp\/v2\/product\/400764"}],"collection":[{"href":"https:\/\/test.burgwaechterservice.de\/fr\/wp-json\/wp\/v2\/product"}],"about":[{"href":"https:\/\/test.burgwaechterservice.de\/fr\/wp-json\/wp\/v2\/types\/product"}],"replies":[{"embeddable":true,"href":"https:\/\/test.burgwaechterservice.de\/fr\/wp-json\/wp\/v2\/comments?post=400764"}],"wp:featuredmedia":[{"embeddable":true,"href":"https:\/\/test.burgwaechterservice.de\/fr\/wp-json\/wp\/v2\/media\/400765"}],"wp:attachment":[{"href":"https:\/\/test.burgwaechterservice.de\/fr\/wp-json\/wp\/v2\/media?parent=400764"}],"wp:term":[{"taxonomy":"product_cat","embeddable":true,"href":"https:\/\/test.burgwaechterservice.de\/fr\/wp-json\/wp\/v2\/product_cat?post=400764"},{"taxonomy":"product_tag","embeddable":true,"href":"https:\/\/test.burgwaechterservice.de\/fr\/wp-json\/wp\/v2\/product_tag?post=400764"}],"curies":[{"name":"wp","href":"https:\/\/api.w.org\/{rel}","templated":true}]}}