{"id":400669,"date":"2020-04-13T10:25:30","date_gmt":"2020-04-13T08:25:30","guid":{"rendered":"https:\/\/www.burg.biz\/fr\/p\/tresor-safe\/combi-line-2\/"},"modified":"2022-06-03T12:19:36","modified_gmt":"2022-06-03T10:19:36","slug":"combi-line","status":"publish","type":"product","link":"https:\/\/test.burgwaechterservice.de\/fr\/p\/coffres-forts\/combi-line\/","title":{"rendered":"Combi-Line"},"content":{"rendered":"<h2><span style=\"color: #000000;\">Coffre-fort Combi-Line avec protection ignifuge certifi\u00e9e<br \/>\n<\/span><\/h2>\n<p><span style=\"color: #000000;\">Les coffres-forts BURG-W\u00c4CHTER de la gamme Combi-Line garantissent non seulement une <strong>protection optimale<\/strong> contre l&#8217;effraction, mais sont aussi de surcro\u00eet <strong>contr\u00f4l\u00e9s et certifi\u00e9s sur la protection anti-feu<\/strong>. Ainsi, le Combi-Line est id\u00e9alement adapt\u00e9 au d\u00e9p\u00f4t d&#8217;objets de valeur, de documents importants ainsi que ce qui \u00e0 une valeur sentimentale \u00e0 vos yeux.<br \/>\n<\/span><\/p>\n<h3><span style=\"color: #000000;\">Un ancrage solide stoppe les voleurs<br \/>\n<\/span><\/h3>\n<p><span style=\"color: #000000;\">Lorsque des voleurs pillent un coffre-fort, il faut savoir que dans l&#8217;\u00e9crasante majorit\u00e9 des cas il n&#8217;est pas ouvert sur place, mais emport\u00e9. <strong>Un ancrage solide offre une protection contre le vol<\/strong>. Le dispositif d&#8217;ancrage et pr\u00e9vu en s\u00e9rie au niveau de la fabrication usine pour la gamme Combi-Line. <strong>Bien s\u00fbr, le mat\u00e9riel de fixation n\u00e9cessaire est fourni \u00e0 l&#8217;achat<\/strong>. Le coffre-fort est attach\u00e9 au mur, au sol ou \u00e0 un meuble par respectivement deux trous d\u00e9j\u00e0 perc\u00e9s en diagonal dans la paroi arri\u00e8re et dans le sol du coffre-fort.<br \/>\n<\/span><\/p>\n<h3><span style=\"color: #000000;\">Des verrous massifs emp\u00eachent l&#8217;effraction<\/span><\/h3>\n<p><span style=\"color: #000000;\">Quiconque cherche \u00e0 ouvrir un coffre-fort Combi-Line se heurte \u00e0 une r\u00e9sistance massive. <strong>Le corps \u00e0 double paroi, le verrouillage lat\u00e9ral par de robustes goujons ronds de 25 mm d&#8217;\u00e9paisseur ainsi qu&#8217;un verrou emp\u00eachent l&#8217;effraction<\/strong>. Un autre atout en terme de s\u00e9curit\u00e9 : la charni\u00e8re se trouvant int\u00e9gr\u00e9e au corps. Gr\u00e2ce \u00e0 cela, le Combi-Line n&#8217;offre qu&#8217;une surface d&#8217;attaque minimale en cas de tentative d&#8217;effraction.<br \/>\n<\/span><\/p>\n<h3>Volume de 15 \u00e0 78 litres<\/h3>\n<p><span style=\"color: #000000;\">Les diff\u00e9rentes tailles de coffres-forts Combi-Line offrent des volumes de 15 litres (CL 410), 27 litres(CL 420), 50 litres (CL 440) et 78 litres (CL 460). Ainsi, nous avons le coffre-fort adapt\u00e9 pour chaque besoin. Pour \u00e9viter le m\u00e9lange de vos objets de valeurs et documents (le grand CL 460 peut contenir jusqu&#8217;\u00e0 8 classeurs \u00e0 levier), le Combi-Line est <strong>fabriqu\u00e9 en s\u00e9rie avec une \u00e9tag\u00e8re r\u00e9glable<\/strong>. Ainsi, vous gardez constamment une vue d&#8217;ensemble. Et gr\u00e2ce \u00e0 son design intemporel dans un noir moderne, le coffre-fort pour meuble s&#8217;adapte de mani\u00e8re id\u00e9ale \u00e0 tout int\u00e9rieur.<br \/>\n<\/span><\/p>\n<h3><span style=\"color: #000000;\">Une nouvelle technologie \u00e9lectronique de coffre-fort pour encore plus de confort<br \/>\n<\/span><\/h3>\n<p><span style=\"color: #000000;\">Pour l&#8217;ouverture des coffres-forts Combi-Line, vous avez le choix entre l&#8217;ouverture avec une cl\u00e9 classique (mod\u00e8les K), ou un code \u00e9lectronique (mod\u00e8les E). Et en l&#8217;occurrence, la nouvelle technologie \u00e9lectronique de coffre-fort &#8220;SecuTronic&#8221; TRSE 12 H parue en 2020 avec ses fonctionnalit\u00e9s con\u00e7ues intelligemment marque des point en termes de s\u00e9curit\u00e9 et de confort. De fait, l&#8217;utilisation est simple et innovante. Bien \u00e9videmment, l&#8217;\u00e9lectronique correspond \u00e0 ce qui se fait actuellement de meilleur technologiquement. Ainsi, l&#8217;interface de commande est constitu\u00e9 par un <strong>clavier de saisie tactile dispos\u00e9 en pente et avec un \u00e9cran graphique<\/strong>. Au lieu de s&#8217;emb\u00eater \u00e0 chercher la touche &#8220;On&#8221;, il suffit de passer le doigt succintement sur le clavier pour que celui-ci s&#8217;active aussit\u00f4t. Par ailleurs, <\/span><span style=\"color: #000000;\">le clavier en pente offre une vue optimale m\u00eame du dessus. Vous pouvez bien s\u00fbr choisir le code d&#8217;ouverture librement. A noter ici que vous avez \u00e0 disposition <strong>respectivement un code administrateur et un code utilisateur tous deux \u00e0 choisir librement<\/strong>. <\/span>A partir de trois saisies incorrectes, un blocage temporaire est activ\u00e9 de sorte que les cambrioleurs n\u2019ont pas la possibilit\u00e9 d\u2019essayer beaucoup de combinaisons. <span style=\"color: #000000;\">En outre, vous pouvez consulter l&#8217;historique des acc\u00e8s confortablement via l&#8217;acran graphique.<\/span><\/p>\n<p><span style=\"color: #000000;\">La gamme de coffres-forts Combi-Line offre permet de par le <strong>niveau de r\u00e9sistance B une protection d&#8217;un montant allant jusqu&#8217;\u00e0 20 000 euros (particulier) et 2500 euros (commerce)<\/strong>. Veuillez prendre en consid\u00e9ration ce qui suit : il est n\u00e9cessaire de passer un accord avec l&#8217;assureur correspondant en raison des conditions d&#8217;assurance variables.<\/span><\/p>\n<h3><span style=\"color: #000000;\">Ce que le Combi-Line offre<br \/>\n<\/span><\/h3>\n<ul>\n<li><span style=\"color: #000000;\">S\u00e9curit\u00e9 v\u00e9rifi\u00e9e et surveill\u00e9e par l&#8217;ECB-S \/ le VdS<\/span><\/li>\n<li><span style=\"color: #000000;\">R\u00e9sistance au feu LFS 30P selon EN 15659<\/span><\/li>\n<li><span style=\"color: #000000;\">Mat\u00e9riau ignifuge selon DIN 4102<\/span><\/li>\n<li><span style=\"color: #000000;\">Isolation composite au niveau de la plaque de porte pour prot\u00e9ger serrure et m\u00e9canisme de verrouillage de la chaleur<\/span><\/li>\n<li><span style=\"color: #000000;\">Niveau de s\u00e9curit\u00e9 S2 selon DIN EN 14450<\/span><\/li>\n<li><span style=\"color: #000000;\">Niveau de s\u00e9curit\u00e9 B selon VDMA 24992, en l&#8217;\u00e9tat de mai 1995<\/span><\/li>\n<li><span style=\"color: #000000;\">Structure \u00e0 double paroi<br \/>\n<\/span><\/li>\n<li><span style=\"color: #000000;\">Charni\u00e8re incluses \u00e0 l&#8217;int\u00e9rieur du corps<\/span><\/li>\n<li><span style=\"color: #000000;\">Verrouillage de c\u00f4t\u00e9 par des goujons ronds \u00e9pais de 25 mm &amp; loquet sur le dessus<br \/>\n<\/span><\/li>\n<li><span style=\"color: #000000;\">Rail de maintient du c\u00f4t\u00e9 charni\u00e8re dela porte<br \/>\n<\/span><\/li>\n<li><span style=\"color: #000000;\">Possibilit\u00e9 d&#8217;ancrage dans le mur ou au sol, respectivement deux trous dispos\u00e9s en diagonal dans la paroi arri\u00e8re et le sol du coffre-fort, mat\u00e9riel de fixation inclu<br \/>\n<\/span><\/li>\n<li><span style=\"color: #000000;\">Fabriqu\u00e9 en s\u00e9rie avec une \u00e9tag\u00e8re de s\u00e9paration<br \/>\n<\/span><\/li>\n<li><span style=\"color: #000000;\">Couleur : noir<br \/>\n<\/span><\/li>\n<\/ul>\n<h5><span style=\"color: #000000;\">Mod\u00e8le K (serrure m\u00e9canique)<\/span><\/h5>\n<ul>\n<li><span style=\"color: #000000;\">Serrure de s\u00e9curit\u00e9 blind\u00e9e SecuSafe \u00e0 double panneton : fabrication usine avec deux cl\u00e9s<br \/>\n<\/span><\/li>\n<li><span style=\"color: #000000;\">9 g\u00e2chettes et un million de fermetures diff\u00e9rentes<br \/>\n<\/span><\/li>\n<li><span style=\"color: #000000;\">contr\u00f4l\u00e9 par le VdS et certification ECB-S<\/span><span style=\"color: #000000;\"><br \/>\n<\/span><\/li>\n<\/ul>\n<h5><span style=\"color: #000000;\">Mod\u00e8le E (serrure \u00e9lectronique)<\/span><\/h5>\n<ul>\n<li><span style=\"color: #000000;\">Serrure \u00e9lectronique \u00e0 code \u201eSecuTronic\u201c TRSE 12 H<br \/>\n<\/span><\/li>\n<li>Clavier de saisie dispos\u00e9 en pente avec \u00e9cran graphique, vue du dessus optimale<\/li>\n<li><span style=\"color: #000000;\">1 million de codes effectivement possibles<br \/>\n<\/span><\/li>\n<li><span style=\"color: #000000;\">Respectivement un code \u00e0 six chiffre administrateur et un utilisateur. Choix libre du code, modifiable \u00e0 tout moment<br \/>\n<\/span><\/li>\n<li>Certifi\u00e9 VdS (classe de serrure A\/ EN 1300)<\/li>\n<li>Menu en douze langues<\/li>\n<li>Consultation de l&#8217;historique possible<\/li>\n<li><span style=\"color: #000000;\">Piles incluses : 4x Mignon LR 06 AA<\/span><\/li>\n<li>Changement des piles simple<\/li>\n<\/ul>\n<p><span style=\"color: #000000;\">Ne laissez aucune chance aux cambrioleurs et aux incendies ! <strong>Mettez en s\u00e9curit\u00e9 ce qui est co\u00fbteux ou encore cher \u00e0 vos yeux dans un coffre-fort Combi-Line de BURG-W\u00c4CHTER<\/strong>. Car le coffre-fort allie protection contre le vol, contre le for\u00e7age et contre le feu.<\/span><\/p>\n<h3>Les mod\u00e8les Combi-Line en aper\u00e7u<\/h3>\n<table class=\"ausfuehrung\">\n<thead>\n<tr>\n<td><span style=\"color: #000000;\">Article<\/span><\/td>\n<td><span style=\"color: #000000;\">Dimensions externes h x l x p (mm)<br \/>\n<\/span><\/td>\n<td><span style=\"color: #000000;\">Dimensions internes h x l x p (mm)<\/span><\/td>\n<td><span style=\"color: #000000;\">Dimensions porte h x l (ouverture en mm)<br \/>\n<\/span><\/td>\n<td><span style=\"color: #000000;\">Poids (kg)<br \/>\n<\/span><\/td>\n<td><span style=\"color: #000000;\">Contenu (l)<\/span><\/td>\n<td>Syst\u00e8me de fermeture<\/td>\n<\/tr>\n<\/thead>\n<tbody>\n<tr>\n<td><span style=\"color: #000000;\">CL 410 K<\/span><\/td>\n<td><span style=\"color: #000000;\">320 x 435 x 380<\/span><\/td>\n<td><span style=\"color: #000000;\">205 x 320 x 232<\/span><\/td>\n<td><span style=\"color: #000000;\">205 x 265<\/span><\/td>\n<td><span style=\"color: #000000;\">44,0<\/span><\/td>\n<td><span style=\"color: #000000;\">15,0<\/span><\/td>\n<td>Serrure m\u00e9canique<\/td>\n<\/tr>\n<tr>\n<td><span style=\"color: #000000;\">CL 420 K<\/span><\/td>\n<td><span style=\"color: #000000;\">360 x 495 x 445<\/span><\/td>\n<td><span style=\"color: #000000;\">245 x 380 x 297<\/span><\/td>\n<td><span style=\"color: #000000;\">245 x 325<\/span><\/td>\n<td><span style=\"color: #000000;\">55,0<\/span><\/td>\n<td><span style=\"color: #000000;\">27,0<\/span><\/td>\n<td>Serrure m\u00e9canique<\/td>\n<\/tr>\n<\/tbody>\n<tbody>\n<tr>\n<td><span style=\"color: #000000;\">CL 440 K<\/span><\/td>\n<td><span style=\"color: #000000;\">560 x 495 x 445<\/span><\/td>\n<td><span style=\"color: #000000;\">445 x 380 x 297<\/span><\/td>\n<td><span style=\"color: #000000;\">445 x 325<\/span><\/td>\n<td><span style=\"color: #000000;\">77,0<\/span><\/td>\n<td><span style=\"color: #000000;\">50,0<\/span><\/td>\n<td>Serrure m\u00e9canique<\/td>\n<\/tr>\n<tr>\n<td><span style=\"color: #000000;\">CL 460 K<\/span><\/td>\n<td><span style=\"color: #000000;\">820 x 495 x 445<\/span><\/td>\n<td><span style=\"color: #000000;\">694 x 380 x 297<\/span><\/td>\n<td><span style=\"color: #000000;\">694 x 324<\/span><\/td>\n<td><span style=\"color: #000000;\">111,0<\/span><\/td>\n<td><span style=\"color: #000000;\">78,0<\/span><\/td>\n<td>Serrure m\u00e9canique<\/td>\n<\/tr>\n<tr>\n<td><span style=\"color: #000000;\">CL 410 E<\/span><\/td>\n<td><span style=\"color: #000000;\">320 x 435 x 380<\/span><\/td>\n<td><span style=\"color: #000000;\">205 x 320 x 232<\/span><\/td>\n<td><span style=\"color: #000000;\">205 x 265<\/span><\/td>\n<td><span style=\"color: #000000;\">44,0<\/span><\/td>\n<td><span style=\"color: #000000;\">15,0<\/span><\/td>\n<td>Serrure \u00e9lectronique<\/td>\n<\/tr>\n<tr>\n<td><span style=\"color: #000000;\">CL 420 E<\/span><\/td>\n<td><span style=\"color: #000000;\">360 x 495 x 445<\/span><\/td>\n<td><span style=\"color: #000000;\">245 x 380 x 297<\/span><\/td>\n<td><span style=\"color: #000000;\">245 x 325<\/span><\/td>\n<td><span style=\"color: #000000;\">55,0<\/span><\/td>\n<td><span style=\"color: #000000;\">27,0<\/span><\/td>\n<td>Serrure \u00e9lectronique<\/td>\n<\/tr>\n<\/tbody>\n<tbody>\n<tr>\n<td><span style=\"color: #000000;\">CL 440 E<\/span><\/td>\n<td><span style=\"color: #000000;\">560 x 495 x 445<\/span><\/td>\n<td><span style=\"color: #000000;\">445 x 380 x 297<\/span><\/td>\n<td><span style=\"color: #000000;\">445 x 325<\/span><\/td>\n<td><span style=\"color: #000000;\">77,0<\/span><\/td>\n<td><span style=\"color: #000000;\">50,0<\/span><\/td>\n<td>Serrure \u00e9lectronique<\/td>\n<\/tr>\n<tr>\n<td><span style=\"color: #000000;\">CL 460 E<\/span><\/td>\n<td><span style=\"color: #000000;\">820 x 495 x 445<\/span><\/td>\n<td><span style=\"color: #000000;\">694 x 380 x 297<\/span><\/td>\n<td><span style=\"color: #000000;\">694 x 324<\/span><\/td>\n<td><span style=\"color: #000000;\">111,0<\/span><\/td>\n<td><span style=\"color: #000000;\">78,0<\/span><\/td>\n<td>Serrure \u00e9lectronique<\/td>\n<\/tr>\n<\/tbody>\n<\/table>\n","protected":false},"excerpt":{"rendered":"<p>Coffre-fort Combi-Line avec protection ignifuge certifi\u00e9e Les coffres-forts BURG-W\u00c4CHTER de la gamme Combi-Line garantissent non seulement une protection optimale contre l&#8217;effraction, mais sont aussi de surcro\u00eet contr\u00f4l\u00e9s et certifi\u00e9s sur la protection anti-feu. Ainsi, le Combi-Line est id\u00e9alement adapt\u00e9 au &hellip; <a class=\"kt-excerpt-readmore\" href=\"https:\/\/test.burgwaechterservice.de\/fr\/p\/coffres-forts\/combi-line\/\" aria-label=\"Combi-Line\">Lire la suite<\/a><\/p>\n","protected":false},"featured_media":400685,"comment_status":"closed","ping_status":"closed","template":"","meta":[],"product_cat":[34,58,52],"product_tag":[9],"yoast_head":"<!-- This site is optimized with the Yoast SEO Premium plugin v18.4 (Yoast SEO v19.13) - https:\/\/yoast.com\/wordpress\/plugins\/seo\/ -->\n<title>S\u00e9curit\u00e9 double : Coffre-fort Combi-Line ignifug\u00e9 de BURG-W\u00c4CHTER<\/title>\n<meta name=\"description\" content=\"Les coffres-forts Combi-Line garantissent la s\u00e9curit\u00e9 contre les effractions et les incendies. Coffre-fort s&#039;ouvrant par cl\u00e9 ou code.\" \/>\n<meta name=\"robots\" content=\"index, follow, max-snippet:-1, max-image-preview:large, max-video-preview:-1\" \/>\n<link rel=\"canonical\" href=\"https:\/\/test.burgwaechterservice.de\/fr\/p\/coffres-forts\/combi-line\/\" \/>\n<meta property=\"og:locale\" content=\"fr_FR\" \/>\n<meta property=\"og:type\" content=\"article\" \/>\n<meta property=\"og:title\" content=\"Combi-Line\" \/>\n<meta property=\"og:description\" content=\"Les coffres-forts Combi-Line garantissent la s\u00e9curit\u00e9 contre les effractions et les incendies. Coffre-fort s&#039;ouvrant par cl\u00e9 ou code.\" \/>\n<meta property=\"og:url\" content=\"https:\/\/test.burgwaechterservice.de\/fr\/p\/coffres-forts\/combi-line\/\" \/>\n<meta property=\"og:site_name\" content=\"Burg-W\u00e4chter France\" \/>\n<meta property=\"article:modified_time\" content=\"2022-06-03T10:19:36+00:00\" \/>\n<meta property=\"og:image\" content=\"https:\/\/test.burgwaechterservice.de\/fr\/wp-content\/uploads\/sites\/4\/2020\/04\/Burg_W\u00e4chter_Tresore_CombiLine_CL_420_E-1.jpg\" \/>\n\t<meta property=\"og:image:width\" content=\"1000\" \/>\n\t<meta property=\"og:image:height\" content=\"1000\" \/>\n\t<meta property=\"og:image:type\" content=\"image\/jpeg\" \/>\n<meta name=\"twitter:card\" content=\"summary_large_image\" \/>\n<meta name=\"twitter:label1\" content=\"Dur\u00e9e de lecture estim\u00e9e\" \/>\n\t<meta name=\"twitter:data1\" content=\"5 minutes\" \/>\n<!-- \/ Yoast SEO Premium plugin. -->","yoast_head_json":{"title":"S\u00e9curit\u00e9 double : Coffre-fort Combi-Line ignifug\u00e9 de BURG-W\u00c4CHTER","description":"Les coffres-forts Combi-Line garantissent la s\u00e9curit\u00e9 contre les effractions et les incendies. Coffre-fort s'ouvrant par cl\u00e9 ou code.","robots":{"index":"index","follow":"follow","max-snippet":"max-snippet:-1","max-image-preview":"max-image-preview:large","max-video-preview":"max-video-preview:-1"},"canonical":"https:\/\/test.burgwaechterservice.de\/fr\/p\/coffres-forts\/combi-line\/","og_locale":"fr_FR","og_type":"article","og_title":"Combi-Line","og_description":"Les coffres-forts Combi-Line garantissent la s\u00e9curit\u00e9 contre les effractions et les incendies. Coffre-fort s'ouvrant par cl\u00e9 ou code.","og_url":"https:\/\/test.burgwaechterservice.de\/fr\/p\/coffres-forts\/combi-line\/","og_site_name":"Burg-W\u00e4chter France","article_modified_time":"2022-06-03T10:19:36+00:00","og_image":[{"width":1000,"height":1000,"url":"https:\/\/test.burgwaechterservice.de\/fr\/wp-content\/uploads\/sites\/4\/2020\/04\/Burg_W\u00e4chter_Tresore_CombiLine_CL_420_E-1.jpg","type":"image\/jpeg"}],"twitter_card":"summary_large_image","twitter_misc":{"Dur\u00e9e de lecture estim\u00e9e":"5 minutes"},"schema":{"@context":"https:\/\/schema.org","@graph":[{"@type":"WebPage","@id":"https:\/\/test.burgwaechterservice.de\/fr\/p\/coffres-forts\/combi-line\/","url":"https:\/\/test.burgwaechterservice.de\/fr\/p\/coffres-forts\/combi-line\/","name":"S\u00e9curit\u00e9 double : Coffre-fort Combi-Line ignifug\u00e9 de BURG-W\u00c4CHTER","isPartOf":{"@id":"https:\/\/test.burgwaechterservice.de\/fr\/#website"},"datePublished":"2020-04-13T08:25:30+00:00","dateModified":"2022-06-03T10:19:36+00:00","description":"Les coffres-forts Combi-Line garantissent la s\u00e9curit\u00e9 contre les effractions et les incendies. Coffre-fort s'ouvrant par cl\u00e9 ou code.","breadcrumb":{"@id":"https:\/\/test.burgwaechterservice.de\/fr\/p\/coffres-forts\/combi-line\/#breadcrumb"},"inLanguage":"fr-FR","potentialAction":[{"@type":"ReadAction","target":["https:\/\/test.burgwaechterservice.de\/fr\/p\/coffres-forts\/combi-line\/"]}]},{"@type":"BreadcrumbList","@id":"https:\/\/test.burgwaechterservice.de\/fr\/p\/coffres-forts\/combi-line\/#breadcrumb","itemListElement":[{"@type":"ListItem","position":1,"name":"Accueil","item":"https:\/\/test.burgwaechterservice.de\/fr\/"},{"@type":"ListItem","position":2,"name":"Produits","item":"https:\/\/test.burgwaechterservice.de\/fr\/p\/"},{"@type":"ListItem","position":3,"name":"Combi-Line"}]},{"@type":"WebSite","@id":"https:\/\/test.burgwaechterservice.de\/fr\/#website","url":"https:\/\/test.burgwaechterservice.de\/fr\/","name":"Burg-W\u00e4chter France","description":"Le choix le plus s\u00fbr!","potentialAction":[{"@type":"SearchAction","target":{"@type":"EntryPoint","urlTemplate":"https:\/\/test.burgwaechterservice.de\/fr\/?s={search_term_string}"},"query-input":"required name=search_term_string"}],"inLanguage":"fr-FR"}]}},"_links":{"self":[{"href":"https:\/\/test.burgwaechterservice.de\/fr\/wp-json\/wp\/v2\/product\/400669"}],"collection":[{"href":"https:\/\/test.burgwaechterservice.de\/fr\/wp-json\/wp\/v2\/product"}],"about":[{"href":"https:\/\/test.burgwaechterservice.de\/fr\/wp-json\/wp\/v2\/types\/product"}],"replies":[{"embeddable":true,"href":"https:\/\/test.burgwaechterservice.de\/fr\/wp-json\/wp\/v2\/comments?post=400669"}],"wp:featuredmedia":[{"embeddable":true,"href":"https:\/\/test.burgwaechterservice.de\/fr\/wp-json\/wp\/v2\/media\/400685"}],"wp:attachment":[{"href":"https:\/\/test.burgwaechterservice.de\/fr\/wp-json\/wp\/v2\/media?parent=400669"}],"wp:term":[{"taxonomy":"product_cat","embeddable":true,"href":"https:\/\/test.burgwaechterservice.de\/fr\/wp-json\/wp\/v2\/product_cat?post=400669"},{"taxonomy":"product_tag","embeddable":true,"href":"https:\/\/test.burgwaechterservice.de\/fr\/wp-json\/wp\/v2\/product_tag?post=400669"}],"curies":[{"name":"wp","href":"https:\/\/api.w.org\/{rel}","templated":true}]}}