{"id":400656,"date":"2020-04-13T10:22:32","date_gmt":"2020-04-13T08:22:32","guid":{"rendered":"https:\/\/www.burg.biz\/fr\/p\/tresor-safe\/moebeltresor-homesafe\/"},"modified":"2021-11-29T15:51:39","modified_gmt":"2021-11-29T14:51:39","slug":"coffre-fort-meuble-homesafe","status":"publish","type":"product","link":"https:\/\/test.burgwaechterservice.de\/fr\/p\/coffres-forts\/coffre-fort-meuble-homesafe\/","title":{"rendered":"Home-Safe"},"content":{"rendered":"<h2><span style=\"color: #000000;\">Niveau de s\u00e9curit\u00e9 B : Le Home-Safe pour votre maison<br \/>\n<\/span><\/h2>\n<p><span style=\"color: #000000;\">Un coffre-fort BURG-W\u00c4CHTER de la gamme Home-Safe (Sicherheitsstufe B) <strong>s&#8217;int\u00e8gre de mani\u00e8re optimale dans le mobilier<\/strong>. Ainsi, vos objets de valeur sont bien dissimul\u00e9s et bien prot\u00e9g\u00e9s contre le vol. Le Home-Safe a \u00e9t\u00e9 r\u00e9compens\u00e9 avec la note tr\u00e8s bien dans le test de coffres-forts du portail de test<\/span><span style=\"color: #000000;\"> <em><a href=\"https:\/\/www.vergleich.org\/moebeltresor\/\" target=\"_blank\" rel=\"noopener noreferrer\">Vergleich.org<\/a>.<\/em><br \/>\n<\/span><\/p>\n<p><span style=\"color: #000000;\">Ce coffre-fort offre une <strong>protection d\u00e9j\u00e0 \u00e9prouv\u00e9e contre le vol<\/strong>. Vous avez le choix entre deux tailles ainsi qu&#8217;entre une serrure m\u00e9canique et une serrure \u00e9lectronique \u00e0 code. la variante la plus petite H 210 offre un volume int\u00e9rieur de 20,6 litres, la plus grande H 240 offre 45,3 litres.<br \/>\n<\/span><\/p>\n<h3><span style=\"color: #000000;\">Serrure \u00e9lectronique \u00e0 code SecuTronic, certifi\u00e9e ECB\u2022S<br \/>\n<\/span><\/h3>\n<p><span style=\"color: #000000;\">La serrure \u00e9lectronique \u00e0 code SecuTronic d\u00e9j\u00e0 \u00e9prouv\u00e9e et simple d&#8217;utilisation est certifi\u00e9e ECB-S suivant la norme EN 1300 (cat\u00e9gorie A). Elle offre un million de possibilit\u00e9s effectives de codes programmables. La fermeture et l&#8217;ouverture de la porte du coffre-fort est <strong>confortable<\/strong> et avant tout <strong>s\u00fbre<\/strong>, gr\u00e2ce \u00e0 un code individuel \u00e0 6 chiffres.Trois piles sont incluses \u00e0 la version E afin que vous puissiez prendre en main votre coffre-fort le plus rapidement possible avec SecuTronic. Veuillez prendre en consid\u00e9ration que le dispositif de serrure d\u00e9passe de 19 mm de l&#8217;ensemble. Bien s\u00fbr, les deux mod\u00e8les H 210 et H 240 sont disponibles \u00e9galement avec ouverture par cl\u00e9. La serrure de s\u00e9curit\u00e9 blind\u00e9e \u00e0 double-panneton SecuSafe est certifi\u00e9e VdS (cat\u00e9gorie 1) et certifi\u00e9e ECB-S suivant EN 1300 (cat\u00e9gorie A).<br \/>\n<\/span><\/p>\n<h3><span style=\"color: #000000;\">S\u00e9curit\u00e9 \u00e0 double paroi<br \/>\n<\/span><\/h3>\n<p><span style=\"color: #000000;\">La structure du Home-Safe est \u00e0 double paroi. <strong>Particuli\u00e8rement r\u00e9sistant<\/strong> donc face aux influences ext\u00e9rieures et aux actions violentes. Par ailleurs, le coffre-fort pr\u00eat \u00e0 \u00eatre ins\u00e9r\u00e9 dans un meuble est muni de <strong>mat\u00e9riau ignifuge suivant DIN 4102-A1<\/strong> et d&#8217;une rainure anti-feu sur tout le tour. L&#8217;int\u00e9rieur d&#8217;une profondeur correspondante \u00e0 celle d&#8217;un classeur et l&#8217;\u00e9tag\u00e8re r\u00e9glable assurent une place suffisante et permettent un rangement organis\u00e9. Le design classique et simple est intemporel et en harmonie avec presque tous les meubles.<br \/>\n<\/span><\/p>\n<h3><span style=\"color: #000000;\">Possibilit\u00e9 d&#8217;ancrage afin d&#8217;emp\u00eacher l&#8217;enl\u00e8vement de force<br \/>\n<\/span><\/h3>\n<p><span style=\"color: #000000;\">Vous pouvez int\u00e9grer votre coffre-fort pour meuble sans probl\u00e8me dans le mobilier. En effet, c&#8217;est pr\u00e9cis\u00e9ment dans ce but que nous avons construit cette gamme ! Le coffre-fort est perc\u00e9 respectivement de deux trous dispos\u00e9s en diagonale dans la paroi arri\u00e8re et dans le sol du coffre. Ces derniers assurent une <strong>fixation optimale et immuable<\/strong>. Ainsi, le coffre-fort en ce compris vos objets de valeur ne peut pas \u00eatre d\u00e9rob\u00e9.<br \/>\n<\/span><\/p>\n<p><strong><span style=\"color: #000000;\">Le Home-Safe de BURG-W\u00c4CHTER. La solution pour le d\u00e9p\u00f4t s\u00fbr et responsable d&#8217;objets de valeur.<\/span><\/strong><\/p>\n<h3><span style=\"color: #000000;\">Le coffre-fort Home-Safe de BURG-W\u00c4CHTER<\/span><\/h3>\n<ul>\n<li><span style=\"color: #000000;\">Niveau de s\u00e9curit\u00e9 B suivant VDMA 24992, en l&#8217;\u00e9tat de mai 1995<\/span><\/li>\n<li><span style=\"color: #000000;\">Mat\u00e9riau de protection ignifuge suivant DIN 4102-A1<\/span><\/li>\n<li><span style=\"color: #000000;\">Utilisable comme coffre-fort pour meuble<br \/>\n<\/span><\/li>\n<li><span style=\"color: #000000;\">Double paroi<br \/>\n<\/span><\/li>\n<li><span style=\"color: #000000;\">Avec une rainure anti-feu sur tout le pourtour<br \/>\n<\/span><\/li>\n<li><span style=\"color: #000000;\">Verrouillage par des goujons ronds<br \/>\n<\/span><\/li>\n<li><span style=\"color: #000000;\">Possibilit\u00e9 d&#8217;ancrage dans le mur arri\u00e8re ou le sol. Respectivement deux trous dispos\u00e9s en diagonale dans la paroi arri\u00e8re et le sol du coffre-fort<\/span><\/li>\n<li><span style=\"color: #000000;\">Int\u00e9rieur avec profondeur suffisante pour les classeurs<br \/>\n<\/span><\/li>\n<\/ul>\n<p><span style=\"color: #000000;\"><strong>Version S : Serrure m\u00e9canique avec cl\u00e9<br \/>\n<\/strong><\/span><\/p>\n<ul>\n<li><span style=\"color: #000000;\">Serrure de s\u00e9curit\u00e9 blind\u00e9e \u00e0 double panneton SecuSafe<\/span><\/li>\n<li><span style=\"color: #000000;\">Neuf g\u00e2chettes et un million de fermetures diff\u00e9rentes<\/span><\/li>\n<li><span style=\"color: #000000;\"><strong>Certifi\u00e9 VdS<\/strong> (Klasse 1) et <strong>certifi\u00e9 ECB\u2022S<\/strong> suivant EN 1300 (cat\u00e9gorie A)<\/span><\/li>\n<li><span style=\"color: #000000;\">Verrouillage oar de solides goujons ronds<br \/>\n<\/span><\/li>\n<li><span style=\"color: #000000;\">Fabriqu\u00e9 en s\u00e9rie avec deux cl\u00e9s<\/span><\/li>\n<\/ul>\n<p><span style=\"color: #000000;\"><strong>Version E : Serrure \u00e9lectronique avec code PIN<br \/>\n<\/strong><\/span><\/p>\n<ul>\n<li><span style=\"color: #000000;\">Serrure \u00e9lectronique SecuTronic \u00e0 code d\u00e9j\u00e0 \u00e9prouv\u00e9e et simple d&#8217;utilisation<br \/>\n<\/span><\/li>\n<li><span style=\"color: #000000;\"><strong>Certifi\u00e9 ECB\u2022S selon EN 1300 (cat\u00e9gorie B)<\/strong><\/span><\/li>\n<li><span style=\"color: #000000;\">Un million de codes effectivement programmables<\/span><\/li>\n<li><span style=\"color: #000000;\">Code individuel \u00e0 6 chiffres pour fermer et ouvrir la porte du coffre-fort<br \/>\n<\/span><\/li>\n<li><span style=\"color: #000000;\">Piles incluses<br \/>\n<\/span><\/li>\n<li><span style=\"color: #000000;\">Le dispositif de serrure d\u00e9passe de 19 mm de l&#8217;ensemble<br \/>\n<\/span><\/li>\n<\/ul>\n<p>&nbsp;<\/p>\n<h3>Les coffres-forts Home-Safe en aper\u00e7u<\/h3>\n<table class=\"ausfuehrung\">\n<thead>\n<tr>\n<td><span style=\"color: #000000;\">Article<\/span><\/td>\n<td><span style=\"color: #000000;\">Ext\u00e9rieur h x l x p (mm)<br \/>\n<\/span><\/td>\n<td><span style=\"color: #000000;\">Int\u00e9rieur h x l x p (mm)<br \/>\n<\/span><\/td>\n<td><span style=\"color: #000000;\">Ouverture de la porte h x l (mm)<br \/>\n<\/span><\/td>\n<td><span style=\"color: #000000;\">Poids (kg)<br \/>\n<\/span><\/td>\n<td><span style=\"color: #000000;\">Volume (l)<br \/>\n<\/span><\/td>\n<td><span style=\"color: #000000;\">Syst\u00e8me de fermeture<br \/>\n<\/span><\/td>\n<\/tr>\n<\/thead>\n<tbody>\n<tr>\n<td><span style=\"color: #000000;\">H 210 S<\/span><\/td>\n<td><span style=\"color: #000000;\">278 x 402 x 376<\/span><\/td>\n<td><span style=\"color: #000000;\">209 x 336 x 294<\/span><\/td>\n<td><span style=\"color: #000000;\">209 x 326<\/span><\/td>\n<td><span style=\"color: #000000;\">30,0<\/span><\/td>\n<td><span style=\"color: #000000;\">20,6<\/span><\/td>\n<td><span style=\"color: #000000;\">Serrure m\u00e9canique<br \/>\n<\/span><\/td>\n<\/tr>\n<tr>\n<td><span style=\"color: #000000;\">H 240 S<\/span><\/td>\n<td><span style=\"color: #000000;\">528 x 435 x 382<\/span><\/td>\n<td><span style=\"color: #000000;\">440 x 350 x 292<\/span><\/td>\n<td><span style=\"color: #000000;\">440 x 345<\/span><\/td>\n<td><span style=\"color: #000000;\">49,0<\/span><\/td>\n<td><span style=\"color: #000000;\">45,3<\/span><\/td>\n<td><span style=\"color: #000000;\">Serrure m\u00e9canique<\/span><\/td>\n<\/tr>\n<tr>\n<td><span style=\"color: #000000;\">H 210 E<\/span><\/td>\n<td><span style=\"color: #000000;\">278 x 402 x 376<\/span><\/td>\n<td><span style=\"color: #000000;\">209 x 336 x 294<\/span><\/td>\n<td><span style=\"color: #000000;\">209 x 326<\/span><\/td>\n<td><span style=\"color: #000000;\">30,0<\/span><\/td>\n<td><span style=\"color: #000000;\">20,6<\/span><\/td>\n<td><span style=\"color: #000000;\">Serrure \u00e9lectronique<\/span><\/td>\n<\/tr>\n<tr>\n<td><span style=\"color: #000000;\">H 240 E<\/span><\/td>\n<td><span style=\"color: #000000;\">528 x 435 x 382<\/span><\/td>\n<td><span style=\"color: #000000;\">440 x 350 x 292<\/span><\/td>\n<td><span style=\"color: #000000;\">440 x 345<\/span><\/td>\n<td><span style=\"color: #000000;\">49,0<\/span><\/td>\n<td><span style=\"color: #000000;\">45,3<\/span><\/td>\n<td><span style=\"color: #000000;\">Serrure \u00e9lectronique<\/span><\/td>\n<\/tr>\n<\/tbody>\n<\/table>\n","protected":false},"excerpt":{"rendered":"<p>Niveau de s\u00e9curit\u00e9 B : Le Home-Safe pour votre maison Un coffre-fort BURG-W\u00c4CHTER de la gamme Home-Safe (Sicherheitsstufe B) s&#8217;int\u00e8gre de mani\u00e8re optimale dans le mobilier. Ainsi, vos objets de valeur sont bien dissimul\u00e9s et bien prot\u00e9g\u00e9s contre le vol. &hellip; <a class=\"kt-excerpt-readmore\" href=\"https:\/\/test.burgwaechterservice.de\/fr\/p\/coffres-forts\/coffre-fort-meuble-homesafe\/\" aria-label=\"Home-Safe\">Lire la suite<\/a><\/p>\n","protected":false},"featured_media":400657,"comment_status":"closed","ping_status":"closed","template":"","meta":[],"product_cat":[34,58],"product_tag":[16],"yoast_head":"<!-- This site is optimized with the Yoast SEO Premium plugin v18.4 (Yoast SEO v19.13) - https:\/\/yoast.com\/wordpress\/plugins\/seo\/ -->\n<title>Coffre-fort pour meuble Home-Safe niveau de s\u00e9curit\u00e9 B I Burg-W\u00e4chter<\/title>\n<meta name=\"description\" content=\"S\u00e9curit\u00e9 : coffre-fort Home-Safe de BURG-W\u00c4CHTER \u00e0 int\u00e9grer dans un meuble. 2 tailles, serrure \u00e9lectronique confortable avec code ou bien ouvertu\" \/>\n<meta name=\"robots\" content=\"index, follow, max-snippet:-1, max-image-preview:large, max-video-preview:-1\" \/>\n<link rel=\"canonical\" href=\"https:\/\/test.burgwaechterservice.de\/fr\/p\/coffres-forts\/coffre-fort-meuble-homesafe\/\" \/>\n<meta property=\"og:locale\" content=\"fr_FR\" \/>\n<meta property=\"og:type\" content=\"article\" \/>\n<meta property=\"og:title\" content=\"Home-Safe\" \/>\n<meta property=\"og:description\" content=\"S\u00e9curit\u00e9 : coffre-fort Home-Safe de BURG-W\u00c4CHTER \u00e0 int\u00e9grer dans un meuble. 2 tailles, serrure \u00e9lectronique confortable avec code ou bien ouvertu\" \/>\n<meta property=\"og:url\" content=\"https:\/\/test.burgwaechterservice.de\/fr\/p\/coffres-forts\/coffre-fort-meuble-homesafe\/\" \/>\n<meta property=\"og:site_name\" content=\"Burg-W\u00e4chter France\" \/>\n<meta property=\"article:modified_time\" content=\"2021-11-29T14:51:39+00:00\" \/>\n<meta property=\"og:image\" content=\"https:\/\/test.burgwaechterservice.de\/fr\/wp-content\/uploads\/sites\/4\/2020\/04\/Burg_W\u00e4chter_Tresore_HOME_SAFE_H210E-1.jpg\" \/>\n\t<meta property=\"og:image:width\" content=\"600\" \/>\n\t<meta property=\"og:image:height\" content=\"482\" \/>\n\t<meta property=\"og:image:type\" content=\"image\/jpeg\" \/>\n<meta name=\"twitter:card\" content=\"summary_large_image\" \/>\n<meta name=\"twitter:label1\" content=\"Dur\u00e9e de lecture estim\u00e9e\" \/>\n\t<meta name=\"twitter:data1\" content=\"4 minutes\" \/>\n<!-- \/ Yoast SEO Premium plugin. -->","yoast_head_json":{"title":"Coffre-fort pour meuble Home-Safe niveau de s\u00e9curit\u00e9 B I Burg-W\u00e4chter","description":"S\u00e9curit\u00e9 : coffre-fort Home-Safe de BURG-W\u00c4CHTER \u00e0 int\u00e9grer dans un meuble. 2 tailles, serrure \u00e9lectronique confortable avec code ou bien ouvertu","robots":{"index":"index","follow":"follow","max-snippet":"max-snippet:-1","max-image-preview":"max-image-preview:large","max-video-preview":"max-video-preview:-1"},"canonical":"https:\/\/test.burgwaechterservice.de\/fr\/p\/coffres-forts\/coffre-fort-meuble-homesafe\/","og_locale":"fr_FR","og_type":"article","og_title":"Home-Safe","og_description":"S\u00e9curit\u00e9 : coffre-fort Home-Safe de BURG-W\u00c4CHTER \u00e0 int\u00e9grer dans un meuble. 2 tailles, serrure \u00e9lectronique confortable avec code ou bien ouvertu","og_url":"https:\/\/test.burgwaechterservice.de\/fr\/p\/coffres-forts\/coffre-fort-meuble-homesafe\/","og_site_name":"Burg-W\u00e4chter France","article_modified_time":"2021-11-29T14:51:39+00:00","og_image":[{"width":600,"height":482,"url":"https:\/\/test.burgwaechterservice.de\/fr\/wp-content\/uploads\/sites\/4\/2020\/04\/Burg_W\u00e4chter_Tresore_HOME_SAFE_H210E-1.jpg","type":"image\/jpeg"}],"twitter_card":"summary_large_image","twitter_misc":{"Dur\u00e9e de lecture estim\u00e9e":"4 minutes"},"schema":{"@context":"https:\/\/schema.org","@graph":[{"@type":"WebPage","@id":"https:\/\/test.burgwaechterservice.de\/fr\/p\/coffres-forts\/coffre-fort-meuble-homesafe\/","url":"https:\/\/test.burgwaechterservice.de\/fr\/p\/coffres-forts\/coffre-fort-meuble-homesafe\/","name":"Coffre-fort pour meuble Home-Safe niveau de s\u00e9curit\u00e9 B I Burg-W\u00e4chter","isPartOf":{"@id":"https:\/\/test.burgwaechterservice.de\/fr\/#website"},"datePublished":"2020-04-13T08:22:32+00:00","dateModified":"2021-11-29T14:51:39+00:00","description":"S\u00e9curit\u00e9 : coffre-fort Home-Safe de BURG-W\u00c4CHTER \u00e0 int\u00e9grer dans un meuble. 2 tailles, serrure \u00e9lectronique confortable avec code ou bien ouvertu","breadcrumb":{"@id":"https:\/\/test.burgwaechterservice.de\/fr\/p\/coffres-forts\/coffre-fort-meuble-homesafe\/#breadcrumb"},"inLanguage":"fr-FR","potentialAction":[{"@type":"ReadAction","target":["https:\/\/test.burgwaechterservice.de\/fr\/p\/coffres-forts\/coffre-fort-meuble-homesafe\/"]}]},{"@type":"BreadcrumbList","@id":"https:\/\/test.burgwaechterservice.de\/fr\/p\/coffres-forts\/coffre-fort-meuble-homesafe\/#breadcrumb","itemListElement":[{"@type":"ListItem","position":1,"name":"Accueil","item":"https:\/\/test.burgwaechterservice.de\/fr\/"},{"@type":"ListItem","position":2,"name":"Produits","item":"https:\/\/test.burgwaechterservice.de\/fr\/p\/"},{"@type":"ListItem","position":3,"name":"Home-Safe"}]},{"@type":"WebSite","@id":"https:\/\/test.burgwaechterservice.de\/fr\/#website","url":"https:\/\/test.burgwaechterservice.de\/fr\/","name":"Burg-W\u00e4chter France","description":"Le choix le plus s\u00fbr!","potentialAction":[{"@type":"SearchAction","target":{"@type":"EntryPoint","urlTemplate":"https:\/\/test.burgwaechterservice.de\/fr\/?s={search_term_string}"},"query-input":"required name=search_term_string"}],"inLanguage":"fr-FR"}]}},"_links":{"self":[{"href":"https:\/\/test.burgwaechterservice.de\/fr\/wp-json\/wp\/v2\/product\/400656"}],"collection":[{"href":"https:\/\/test.burgwaechterservice.de\/fr\/wp-json\/wp\/v2\/product"}],"about":[{"href":"https:\/\/test.burgwaechterservice.de\/fr\/wp-json\/wp\/v2\/types\/product"}],"replies":[{"embeddable":true,"href":"https:\/\/test.burgwaechterservice.de\/fr\/wp-json\/wp\/v2\/comments?post=400656"}],"wp:featuredmedia":[{"embeddable":true,"href":"https:\/\/test.burgwaechterservice.de\/fr\/wp-json\/wp\/v2\/media\/400657"}],"wp:attachment":[{"href":"https:\/\/test.burgwaechterservice.de\/fr\/wp-json\/wp\/v2\/media?parent=400656"}],"wp:term":[{"taxonomy":"product_cat","embeddable":true,"href":"https:\/\/test.burgwaechterservice.de\/fr\/wp-json\/wp\/v2\/product_cat?post=400656"},{"taxonomy":"product_tag","embeddable":true,"href":"https:\/\/test.burgwaechterservice.de\/fr\/wp-json\/wp\/v2\/product_tag?post=400656"}],"curies":[{"name":"wp","href":"https:\/\/api.w.org\/{rel}","templated":true}]}}