{"id":391704,"date":"2020-02-26T10:23:45","date_gmt":"2020-02-26T09:23:45","guid":{"rendered":"https:\/\/www.burg.biz\/fr\/p\/coffres-forts\/pointsafe-p2-ews\/"},"modified":"2022-02-02T11:42:58","modified_gmt":"2022-02-02T10:42:58","slug":"pointsafe-p2-ews","status":"publish","type":"product","link":"https:\/\/test.burgwaechterservice.de\/fr\/p\/coffres-forts\/pointsafe-p2-ews\/","title":{"rendered":"Coffre-fort PointSafe P2 EWS avec deux fentes d&#8217;insertion"},"content":{"rendered":"<h2>Coffre-fort Point Safe P2 EWS \u2212 Le coffre-fort pour meuble avec deux pratiques fentes d&#8217;insertion<\/h2>\n<p>D\u00e9poser rapidement une enveloppe ou des documents importants dans un coffre-fort : cette situation est courante dans le monde de l&#8217;entreprise comme chez les particuliers. Avec le coffre-fort P2 EWS, vous n&#8217;avez pas besoin d&#8217;ouvrir le coffre pour y d\u00e9poser rapidement et fiablement ce qui est important. Car le coffre-fort PointSafevP2 EWS dispose m\u00eame de <strong>deux pratiques fentes d&#8217;insertion<\/strong>. Une sur le dessus du coffre (325 mm x 10 mm) pour des papiers de grande taille jusqu&#8217;au format A4. L&#8217;autre sur l&#8217;avant (240 mm x 10 mm). Le point pratique : m\u00eame si le coffre-fort est int\u00e9gr\u00e9, par exemple dans une armoire, vous acc\u00e9derez toujours facilement \u00e0 une fente.<\/p>\n<h3>Avec serrure \u00e0 double panneton ou serrure \u00e9lectronique \u00e0 code<\/h3>\n<p>Le coffre-fort EWS est \u00e9quip\u00e9 d&#8217;un corps robuste \u00e0 une paroi et d&#8217;une porte \u00e0 double paroi. Vous avez le choix pour ce coffre-fort entre <strong>deux syst\u00e8mes de fermeture<\/strong> diff\u00e9rents. La variante avec serrure \u00e0 double panneton comprend deux cl\u00e9s. Pour la serrure \u00e9lectronique, les piles n\u00e9cessaires sont fournies. Ainsi, vous pouvez prendre en main votre coffre-fort avec fentes d&#8217;insertion sans attendre. Par ailleurs, une serrure m\u00e9canique de secours est pr\u00e9sente. Pour la serrure \u00e9lectronique \u00e0 code, vous programmez votre code personnel ou g\u00e9n\u00e9ral. Bien \u00e9videmment, vous pouvez modifier votre code confidentiel \u00e0 tout moment.<\/p>\n<h3>Le coffre-fort P2 EWS est con\u00e7u pour l&#8217;ancrage<\/h3>\n<p>Pour que le coffre-fort soit prot\u00e9g\u00e9 contre le vol, il faut qu&#8217;il soit ancr\u00e9 de mani\u00e8re fiable dans un mur et\/ou dans le sol. Bien s\u00fbr, <strong>le mat\u00e9riel de fixation adapt\u00e9 est fourni<\/strong>. Les trous pour l&#8217;ancrage sont d\u00e9j\u00e0 perc\u00e9s. Deux dans la paroi arri\u00e8re, deux dans le sol du coffre-fort. Par ailleurs, les mod\u00e8les P2 disposent d&#8217;une \u00e9tag\u00e8re enlevable. Ainsi, vous pouvez trier et stocker les objets de valeur, documents et objets \u00e0 valeur sentimentale de mani\u00e8re id\u00e9ale.<\/p>\n<h4>Le coffre-fort PointSafe P2 EWS en aper\u00e7u<\/h4>\n<ul>\n<li>Test\u00e9 dans le laboratoire de test BURG-W\u00c4CHTER<\/li>\n<li>Pr\u00e9vu pour \u00eatre int\u00e9gr\u00e9 dans des placards, bureaux, etc.<\/li>\n<li>Corps robuste \u00e0 une paroi<\/li>\n<li>Porte \u00e0 double paroi<\/li>\n<li>Deux fentes d&#8217;insertion : sur le dessus (325 mm x 10 mm) pour les papiers de grande taille jusqu&#8217;au format A4, et sur la face avant (240 mm x 10 mm)<\/li>\n<li>Con\u00e7u pour la fixation murale et au sol, deux trous dans la paroi arri\u00e8re et deux trous dans le sol du coffre-fort ; le mat\u00e9riel de fixation est fourni<\/li>\n<li>Avec une \u00e9tag\u00e8re amovible<\/li>\n<\/ul>\n<h5>PointSafe EWS Version E (Serrure \u00e9lectronique \u00e0 code)<\/h5>\n<ul>\n<li>Manutention confortable gr\u00e2ce \u00e0 un verrouillage motoris\u00e9 avec ouverture automatique de la porte<\/li>\n<li>Code g\u00e9n\u00e9ral et code utilisateur : combinaison modifiable<\/li>\n<li>Fonctionnement \u00e0 piles ; 4x Mignon LR 6 AA incluses<\/li>\n<li>Aucun branchement \u00e0 l&#8217;alimentation n\u00e9cessaire<\/li>\n<li>Serrure de secours suppl\u00e9mentaire<\/li>\n<li>L&#8217;armature de la serrure d\u00e9passe de 15 mm<\/li>\n<\/ul>\n<h5>PointSafe EWS Version S (Serrure \u00e0 double panneton)<\/h5>\n<ul>\n<li>Fabriqu\u00e9 en s\u00e9rie avec deux cl\u00e9s<\/li>\n<\/ul>\n<p>&nbsp;<\/p>\n<table class=\"ausfuehrung\">\n<thead>\n<tr>\n<td>Article<\/td>\n<td>Ext\u00e9rieur h x larg. x profond.<\/td>\n<td>Int\u00e9rieur h x larg. x profond.<\/td>\n<td>Fente d&#8217;insertion larg. x h<\/td>\n<td>Poids<\/td>\n<td>Contenu<\/td>\n<\/tr>\n<\/thead>\n<tbody>\n<tr>\n<td class=\"subdesc\"><\/td>\n<td class=\"subdesc\">mm<\/td>\n<td class=\"subdesc\">mm<\/td>\n<td class=\"subdesc\">mm<\/td>\n<td class=\"subdesc\">kg<\/td>\n<td class=\"subdesc\">\u00a0l<\/td>\n<\/tr>\n<\/tbody>\n<tbody>\n<tr>\n<td>Coffre-fort PointSafe P2 S EWS (Serrure \u00e0 double panneton)<\/td>\n<td>255 x 350 x 300<\/td>\n<td>248 x 343 x 241<\/td>\n<td>325 x 10 \/ 240 x 10<\/td>\n<td>14,0<\/td>\n<td>20,5<\/td>\n<\/tr>\n<tr>\n<td>Coffre-fort PointSafe P2 E EWS (Serrure \u00e9lectronique \u00e0 code)<\/td>\n<td>255 x 350 x 300<\/td>\n<td>248 x 343 x 241<\/td>\n<td>325 x 10 \/ 240 x 10<\/td>\n<td>14,0<\/td>\n<td>20,5<\/td>\n<\/tr>\n<\/tbody>\n<\/table>\n","protected":false},"excerpt":{"rendered":"<p>Coffre-fort Point Safe P2 EWS \u2212 Le coffre-fort pour meuble avec deux pratiques fentes d&#8217;insertion D\u00e9poser rapidement une enveloppe ou des documents importants dans un coffre-fort : cette situation est courante dans le monde de l&#8217;entreprise comme chez les particuliers. &hellip; <a class=\"kt-excerpt-readmore\" href=\"https:\/\/test.burgwaechterservice.de\/fr\/p\/coffres-forts\/pointsafe-p2-ews\/\" aria-label=\"Coffre-fort PointSafe P2 EWS avec deux fentes d&#8217;insertion\">Lire la suite<\/a><\/p>\n","protected":false},"featured_media":391705,"comment_status":"closed","ping_status":"closed","template":"","meta":[],"product_cat":[34,58],"product_tag":[],"yoast_head":"<!-- This site is optimized with the Yoast SEO Premium plugin v18.4 (Yoast SEO v19.13) - https:\/\/yoast.com\/wordpress\/plugins\/seo\/ -->\n<title>Pratique : le coffre-fort PointSafe P2 EWS avec 2 fentes d&#039;insertion<\/title>\n<meta name=\"description\" content=\"Pour la maison et le bureau : le coffre-fort PointSafe P2 EWS par BURG-W\u00c4CHTER. Avec deux fentes d&#039;insertion pour faciliter le d\u00e9p\u00f4t d&#039;enveloppes.\" \/>\n<meta name=\"robots\" content=\"index, follow, max-snippet:-1, max-image-preview:large, max-video-preview:-1\" \/>\n<link rel=\"canonical\" href=\"https:\/\/test.burgwaechterservice.de\/fr\/p\/coffres-forts\/pointsafe-p2-ews\/\" \/>\n<meta property=\"og:locale\" content=\"fr_FR\" \/>\n<meta property=\"og:type\" content=\"article\" \/>\n<meta property=\"og:title\" content=\"Coffre-fort PointSafe P2 EWS avec deux fentes d&#039;insertion\" \/>\n<meta property=\"og:description\" content=\"Pour la maison et le bureau : le coffre-fort PointSafe P2 EWS par BURG-W\u00c4CHTER. Avec deux fentes d&#039;insertion pour faciliter le d\u00e9p\u00f4t d&#039;enveloppes.\" \/>\n<meta property=\"og:url\" content=\"https:\/\/test.burgwaechterservice.de\/fr\/p\/coffres-forts\/pointsafe-p2-ews\/\" \/>\n<meta property=\"og:site_name\" content=\"Burg-W\u00e4chter France\" \/>\n<meta property=\"article:modified_time\" content=\"2022-02-02T10:42:58+00:00\" \/>\n<meta property=\"og:image\" content=\"https:\/\/test.burgwaechterservice.de\/fr\/wp-content\/uploads\/sites\/4\/2020\/02\/BURG-W\u00c4CHTER-PointSafe-P2-mit-Einwurfschlitz.jpg\" \/>\n\t<meta property=\"og:image:width\" content=\"800\" \/>\n\t<meta property=\"og:image:height\" content=\"800\" \/>\n\t<meta property=\"og:image:type\" content=\"image\/jpeg\" \/>\n<meta name=\"twitter:card\" content=\"summary_large_image\" \/>\n<meta name=\"twitter:label1\" content=\"Dur\u00e9e de lecture estim\u00e9e\" \/>\n\t<meta name=\"twitter:data1\" content=\"3 minutes\" \/>\n<!-- \/ Yoast SEO Premium plugin. -->","yoast_head_json":{"title":"Pratique : le coffre-fort PointSafe P2 EWS avec 2 fentes d'insertion","description":"Pour la maison et le bureau : le coffre-fort PointSafe P2 EWS par BURG-W\u00c4CHTER. Avec deux fentes d'insertion pour faciliter le d\u00e9p\u00f4t d'enveloppes.","robots":{"index":"index","follow":"follow","max-snippet":"max-snippet:-1","max-image-preview":"max-image-preview:large","max-video-preview":"max-video-preview:-1"},"canonical":"https:\/\/test.burgwaechterservice.de\/fr\/p\/coffres-forts\/pointsafe-p2-ews\/","og_locale":"fr_FR","og_type":"article","og_title":"Coffre-fort PointSafe P2 EWS avec deux fentes d'insertion","og_description":"Pour la maison et le bureau : le coffre-fort PointSafe P2 EWS par BURG-W\u00c4CHTER. Avec deux fentes d'insertion pour faciliter le d\u00e9p\u00f4t d'enveloppes.","og_url":"https:\/\/test.burgwaechterservice.de\/fr\/p\/coffres-forts\/pointsafe-p2-ews\/","og_site_name":"Burg-W\u00e4chter France","article_modified_time":"2022-02-02T10:42:58+00:00","og_image":[{"width":800,"height":800,"url":"https:\/\/test.burgwaechterservice.de\/fr\/wp-content\/uploads\/sites\/4\/2020\/02\/BURG-W\u00c4CHTER-PointSafe-P2-mit-Einwurfschlitz.jpg","type":"image\/jpeg"}],"twitter_card":"summary_large_image","twitter_misc":{"Dur\u00e9e de lecture estim\u00e9e":"3 minutes"},"schema":{"@context":"https:\/\/schema.org","@graph":[{"@type":"WebPage","@id":"https:\/\/test.burgwaechterservice.de\/fr\/p\/coffres-forts\/pointsafe-p2-ews\/","url":"https:\/\/test.burgwaechterservice.de\/fr\/p\/coffres-forts\/pointsafe-p2-ews\/","name":"Pratique : le coffre-fort PointSafe P2 EWS avec 2 fentes d'insertion","isPartOf":{"@id":"https:\/\/test.burgwaechterservice.de\/fr\/#website"},"datePublished":"2020-02-26T09:23:45+00:00","dateModified":"2022-02-02T10:42:58+00:00","description":"Pour la maison et le bureau : le coffre-fort PointSafe P2 EWS par BURG-W\u00c4CHTER. Avec deux fentes d'insertion pour faciliter le d\u00e9p\u00f4t d'enveloppes.","breadcrumb":{"@id":"https:\/\/test.burgwaechterservice.de\/fr\/p\/coffres-forts\/pointsafe-p2-ews\/#breadcrumb"},"inLanguage":"fr-FR","potentialAction":[{"@type":"ReadAction","target":["https:\/\/test.burgwaechterservice.de\/fr\/p\/coffres-forts\/pointsafe-p2-ews\/"]}]},{"@type":"BreadcrumbList","@id":"https:\/\/test.burgwaechterservice.de\/fr\/p\/coffres-forts\/pointsafe-p2-ews\/#breadcrumb","itemListElement":[{"@type":"ListItem","position":1,"name":"Accueil","item":"https:\/\/test.burgwaechterservice.de\/fr\/"},{"@type":"ListItem","position":2,"name":"Produits","item":"https:\/\/test.burgwaechterservice.de\/fr\/p\/"},{"@type":"ListItem","position":3,"name":"Coffre-fort PointSafe P2 EWS avec deux fentes d&#8217;insertion"}]},{"@type":"WebSite","@id":"https:\/\/test.burgwaechterservice.de\/fr\/#website","url":"https:\/\/test.burgwaechterservice.de\/fr\/","name":"Burg-W\u00e4chter France","description":"Le choix le plus s\u00fbr!","potentialAction":[{"@type":"SearchAction","target":{"@type":"EntryPoint","urlTemplate":"https:\/\/test.burgwaechterservice.de\/fr\/?s={search_term_string}"},"query-input":"required name=search_term_string"}],"inLanguage":"fr-FR"}]}},"_links":{"self":[{"href":"https:\/\/test.burgwaechterservice.de\/fr\/wp-json\/wp\/v2\/product\/391704"}],"collection":[{"href":"https:\/\/test.burgwaechterservice.de\/fr\/wp-json\/wp\/v2\/product"}],"about":[{"href":"https:\/\/test.burgwaechterservice.de\/fr\/wp-json\/wp\/v2\/types\/product"}],"replies":[{"embeddable":true,"href":"https:\/\/test.burgwaechterservice.de\/fr\/wp-json\/wp\/v2\/comments?post=391704"}],"wp:featuredmedia":[{"embeddable":true,"href":"https:\/\/test.burgwaechterservice.de\/fr\/wp-json\/wp\/v2\/media\/391705"}],"wp:attachment":[{"href":"https:\/\/test.burgwaechterservice.de\/fr\/wp-json\/wp\/v2\/media?parent=391704"}],"wp:term":[{"taxonomy":"product_cat","embeddable":true,"href":"https:\/\/test.burgwaechterservice.de\/fr\/wp-json\/wp\/v2\/product_cat?post=391704"},{"taxonomy":"product_tag","embeddable":true,"href":"https:\/\/test.burgwaechterservice.de\/fr\/wp-json\/wp\/v2\/product_tag?post=391704"}],"curies":[{"name":"wp","href":"https:\/\/api.w.org\/{rel}","templated":true}]}}