{"id":391699,"date":"2020-02-26T10:08:07","date_gmt":"2020-02-26T09:08:07","guid":{"rendered":"https:\/\/www.burg.biz\/fr\/p\/portes-et-fenetres\/interphone-video-eguard\/"},"modified":"2021-10-27T09:31:35","modified_gmt":"2021-10-27T07:31:35","slug":"interphone-video-eguard","status":"publish","type":"product","link":"https:\/\/test.burgwaechterservice.de\/fr\/p\/portes-et-fenetres\/interphone-video-eguard\/","title":{"rendered":"Gardien de porte interphone vid\u00e9o Bell DG8500"},"content":{"rendered":"<h2>Gardien de porte Bell DG8500 \u2013 L&#8217;interphone vid\u00e9o<\/h2>\n<p>Un oeil sur votre porte d&#8217;entr\u00e9e o\u00f9 que vous soyez ! Gr\u00e2ce au gardien de porte video Bell DG8500, ce n&#8217;est plus un probl\u00e8me. La sonnette intelligente enregistre les mouvements ainsi que toute pression du bouton de sonnette. Depuis son smartphone ou sa tablette, on peut alors voir via l&#8217;application qui se tient devant l&#8217;entr\u00e9e. Bien s\u00fbr, le gardien de porte vid\u00e9o Bell DG8500 est \u00e9quip\u00e9 d&#8217;une <strong>fonction interphone<\/strong>. Ainsi, vous pouvez sans probl\u00e8me communiquer avec votre invit\u00e9 et indiquer par exemple au service de colis ou \u00e0 des connaissances via l&#8217;interphone quand est-ce que vous serez de nouveau \u00e0 votre domicile. Pour cela, seules une connexion WLAN et l&#8217;<strong>application gratuite intelligente Tuya<\/strong> sont n\u00e9cessaires. Pour monter la sonnette vid\u00e9o, vous n&#8217;avez qu&#8217;\u00e0 retirer l&#8217;ancienne sonnette et utiliser les c\u00e2bles d\u00e9j\u00e0 pr\u00e9sents. On peut en r\u00e8gle g\u00e9n\u00e9ral continuer d&#8217;utiliser la sonnette int\u00e9gr\u00e9e dans le b\u00e2timent.<\/p>\n<h3>Sonnette sans fil avec 16 sonneries diff\u00e9rentes<\/h3>\n<p>Ce qui est tr\u00e8s pratique avec la sonnette WLAN, c&#8217;est la <strong>sonnerie sans fil<\/strong> fournie dans le produit. Celle-ci est aliment\u00e9e par pile et peut \u00eatre plac\u00e9e chez-vous tr\u00e8s librement gr\u00e2ce \u00e0 la port\u00e9e \u00e9lev\u00e9e de 30 m\u00e8tres. Si quelqu&#8217;un appuie sur le bouton de sonnette de l&#8217;interphone vid\u00e9o, la sonnerie retentit dans la maison. Vous avez soit dit en passant le choix entre <strong>16 sonneries diff\u00e9rentes<\/strong> et cinq niveaux sonores. Dans le m\u00eame temps, vous \u00eates inform\u00e9 de la visite par un message d&#8217;avertissement suppl\u00e9mentaire envoy\u00e9 sur votre smartphone.<\/p>\n<h3>Le gardien de porte vid\u00e9o Bell offre une vision \u00e0 160 d\u00e9gr\u00e9, une qualit\u00e9 HD et la vision nocturne<\/h3>\n<p>L&#8217;interphone vid\u00e9o offre une vision \u00e0 160 degr\u00e9. <strong>Aussi bien le visionnage en live que l&#8217;audio et vid\u00e9o sur demande<\/strong> sont possibles. Et les deux en excellente qualit\u00e9 HD. Bien s\u00fbr, la prise vid\u00e9o fonctionne \u00e9galement dans la p\u00e9nombre et l&#8217;obscurit\u00e9. Des <strong>LEDs infrarouges \u00e0 vision nocturne<\/strong> le permettent. Le rayonnement solaire lui-aussi peut conduire \u00e0 des probl\u00e8mes de lumi\u00e8re pour les cam\u00e9ra. Pour qu&#8217;il n&#8217;en soit rien, le gardien de porte vid\u00e9o Bell est d&#8217;ores et d\u00e9j\u00e0 \u00e9quip\u00e9 d&#8217;un <strong>pare-soleil<\/strong>. Doublement pratique, puisque le pare-soleil sert en m\u00eame temps de parapluie pour la lentille.<\/p>\n<h3>Sonnette de porte vid\u00e9o avec d\u00e9tection de mouvements : commande avec l&#8217;application gratuite<\/h3>\n<p>C&#8217;est vous-m\u00eame qui choisissez \u00e0 quelle distance de la porte d&#8217;entr\u00e9e une personne doit \u00eatre d\u00e9tect\u00e9e. En effet, vous pouvez r\u00e9gler les param\u00e8tres correspondants depuis l&#8217;application. Cette derni\u00e8re est tr\u00e8s <strong>simple d&#8217;utilisation et intuitive<\/strong>, et est bien s\u00fbr disponible pour iOS et Android. Pour l&#8217;enregistrement de prises vid\u00e9os, il est possible d&#8217;ins\u00e9rer dans le gardien de porte vid\u00e9o Bell DG8500 une carte SD d&#8217;enregistrement jusqu&#8217;\u00e0 128 GB. Du reste, il est bien \u00e9videmment possible de consulter les prises vid\u00e9os depuis l&#8217;application.<\/p>\n<p>&nbsp;<\/p>\n<div class=\"row\"> <div class=\"col-md-6  \">\n<p><a href=\"https:\/\/play.google.com\/store\/apps\/details?id=com.tuya.smart&amp;hl=de\" target=\"_blank\" rel=\"noopener noreferrer\"><img decoding=\"async\" class=\"alignright\" src=\"https:\/\/test.burgwaechterservice.de\/wp-content\/uploads\/2016\/08\/Google-Play-store-Kopie.png\" alt=\"google-play-store-kopie\" width=\"205\" height=\"69\" \/><\/a><\/p>\n<p>&nbsp;<\/p>\n<p>&nbsp;<\/p>\n<\/div><div class=\"col-md-6  \">\n<p><a href=\"https:\/\/apps.apple.com\/de\/app\/tuyasmart\/id1034649547\" target=\"_blank\" rel=\"noopener noreferrer\"><img decoding=\"async\" class=\"alignleft\" src=\"https:\/\/test.burgwaechterservice.de\/wp-content\/uploads\/2016\/08\/App-Store.png\" alt=\"app-store\" width=\"225\" height=\"68\" \/><\/a><\/p>\n<\/div><\/div>\n<p>&nbsp;<\/p>\n<h4>Interphone vid\u00e9o Bell DG8500 en aper\u00e7u<\/h4>\n<ul>\n<li>Interphone vid\u00e9o et audio WLAN<\/li>\n<li>Vid\u00e9o live ou enregistr\u00e9e disponible via une application gratuite<\/li>\n<li>Qualit\u00e9 vid\u00e9o HD<\/li>\n<li>Appropri\u00e9 pour la lumi\u00e8re du jour comme pour le fonctionnement nocturne<\/li>\n<li>Angle de prise 160\u00b0<\/li>\n<li>D\u00e9tection de mouvements<\/li>\n<li>Audio bilat\u00e9ral avec suppression du gr\u00e9sillement<\/li>\n<li>Message d&#8217;avertissement lorsqu&#8217;on sonne \u00e0 la porte<\/li>\n<li>Sonnette sans fil \u00e0 installer dans votre int\u00e9rieur<\/li>\n<li>Supporte l&#8217;enregistrement avec carte microSD jusqu&#8217;\u00e0 32 GB<\/li>\n<li>Toit de protection contre la pluie et le soleil pour les al\u00e9as du temps<\/li>\n<li>Appropri\u00e9 en int\u00e9rieur comme en ext\u00e9rieur (IP55)<\/li>\n<\/ul>\n<p>&nbsp;<\/p>\n<table class=\"ausfuehrung\">\n<tbody>\n<tr>\n<td>Objectif<\/td>\n<td>160\u00b0 Grand-angle<\/td>\n<\/tr>\n<tr>\n<td>R\u00e9solution<\/td>\n<td>1280 x 720 pour 25 images par seconde<\/td>\n<\/tr>\n<tr>\n<td>Compression des donn\u00e9es<\/td>\n<td>H.264<\/td>\n<\/tr>\n<tr>\n<td>Vision nocturne<\/td>\n<td>IR LEDs vision effective jusqu&#8217;\u00e0 5m*<\/td>\n<\/tr>\n<tr>\n<td>D\u00e9tection de mouvements<\/td>\n<td>D\u00e9tecteur de mouvement PIR jusqu&#8217;\u00e0 5 m<\/td>\n<\/tr>\n<tr>\n<td>M\u00e9moire<\/td>\n<td>Fente carte SD pr\u00e9vue pour des cartes micro SDHC jusqu&#8217;\u00e0 32 GB<\/td>\n<\/tr>\n<tr>\n<td>Transmission audio<\/td>\n<td>Audio bilat\u00e9ral avec suppression du gr\u00e9sillement<\/td>\n<\/tr>\n<tr>\n<td>Pile interne<\/td>\n<td>Batterie Lithium-ion<\/td>\n<\/tr>\n<tr>\n<td>Entr\u00e9e courant<\/td>\n<td>&lt; 2.5 W<\/td>\n<\/tr>\n<tr>\n<td>Tension d&#8217;alimentation<\/td>\n<td>~8 \u2013 20 Vac<\/td>\n<\/tr>\n<tr>\n<td>Temp\u00e9rature de fonctionnement<\/td>\n<td>-20\u00b0C \u2013 60\u00b0C<\/td>\n<\/tr>\n<tr>\n<td>Temp\u00e9rature de stockage<\/td>\n<td>-40\u00b0C \u2013 70\u00b0C<\/td>\n<\/tr>\n<tr>\n<td>Protection contre les intemp\u00e9ries<\/td>\n<td>IP55 (mont\u00e9)<\/td>\n<\/tr>\n<\/tbody>\n<\/table>\n<p>&nbsp;<\/p>\n<p>* La port\u00e9e effective est d\u00e9pendante des conditions sur place.<\/p>\n","protected":false},"excerpt":{"rendered":"<p>Gardien de porte Bell DG8500 \u2013 L&#8217;interphone vid\u00e9o Un oeil sur votre porte d&#8217;entr\u00e9e o\u00f9 que vous soyez ! Gr\u00e2ce au gardien de porte video Bell DG8500, ce n&#8217;est plus un probl\u00e8me. La sonnette intelligente enregistre les mouvements ainsi que &hellip; <a class=\"kt-excerpt-readmore\" href=\"https:\/\/test.burgwaechterservice.de\/fr\/p\/portes-et-fenetres\/interphone-video-eguard\/\" aria-label=\"Gardien de porte interphone vid\u00e9o Bell DG8500\">Lire la suite<\/a><\/p>\n","protected":false},"featured_media":391700,"comment_status":"closed","ping_status":"closed","template":"","meta":[],"product_cat":[35,48],"product_tag":[],"yoast_head":"<!-- This site is optimized with the Yoast SEO Premium plugin v18.4 (Yoast SEO v19.13) - https:\/\/yoast.com\/wordpress\/plugins\/seo\/ -->\n<title>Interphone vid\u00e9o Door eGuard Video Bell DG8500<\/title>\n<meta name=\"description\" content=\"Avec l&#039;interphone vid\u00e9o Door eGuard Bell DG8500 de Burg-W\u00e4chter, vous gardez toujours un oeil sur votre porte d&#039;entr\u00e9e. Vid\u00e9o en live via l&#039;application.\" \/>\n<meta name=\"robots\" content=\"index, follow, max-snippet:-1, max-image-preview:large, max-video-preview:-1\" \/>\n<link rel=\"canonical\" href=\"https:\/\/test.burgwaechterservice.de\/fr\/p\/portes-et-fenetres\/interphone-video-eguard\/\" \/>\n<meta property=\"og:locale\" content=\"fr_FR\" \/>\n<meta property=\"og:type\" content=\"article\" \/>\n<meta property=\"og:title\" content=\"Gardien de porte interphone vid\u00e9o Bell DG8500\" \/>\n<meta property=\"og:description\" content=\"Avec l&#039;interphone vid\u00e9o Door eGuard Bell DG8500 de Burg-W\u00e4chter, vous gardez toujours un oeil sur votre porte d&#039;entr\u00e9e. Vid\u00e9o en live via l&#039;application.\" \/>\n<meta property=\"og:url\" content=\"https:\/\/test.burgwaechterservice.de\/fr\/p\/portes-et-fenetres\/interphone-video-eguard\/\" \/>\n<meta property=\"og:site_name\" content=\"Burg-W\u00e4chter France\" \/>\n<meta property=\"article:modified_time\" content=\"2021-10-27T07:31:35+00:00\" \/>\n<meta property=\"og:image\" content=\"https:\/\/test.burgwaechterservice.de\/fr\/wp-content\/uploads\/sites\/4\/2020\/02\/DOOReGuard_VideoBell_frontal.png\" \/>\n\t<meta property=\"og:image:width\" content=\"1000\" \/>\n\t<meta property=\"og:image:height\" content=\"1000\" \/>\n\t<meta property=\"og:image:type\" content=\"image\/png\" \/>\n<meta name=\"twitter:card\" content=\"summary_large_image\" \/>\n<meta name=\"twitter:label1\" content=\"Dur\u00e9e de lecture estim\u00e9e\" \/>\n\t<meta name=\"twitter:data1\" content=\"4 minutes\" \/>\n<!-- \/ Yoast SEO Premium plugin. -->","yoast_head_json":{"title":"Interphone vid\u00e9o Door eGuard Video Bell DG8500","description":"Avec l'interphone vid\u00e9o Door eGuard Bell DG8500 de Burg-W\u00e4chter, vous gardez toujours un oeil sur votre porte d'entr\u00e9e. Vid\u00e9o en live via l'application.","robots":{"index":"index","follow":"follow","max-snippet":"max-snippet:-1","max-image-preview":"max-image-preview:large","max-video-preview":"max-video-preview:-1"},"canonical":"https:\/\/test.burgwaechterservice.de\/fr\/p\/portes-et-fenetres\/interphone-video-eguard\/","og_locale":"fr_FR","og_type":"article","og_title":"Gardien de porte interphone vid\u00e9o Bell DG8500","og_description":"Avec l'interphone vid\u00e9o Door eGuard Bell DG8500 de Burg-W\u00e4chter, vous gardez toujours un oeil sur votre porte d'entr\u00e9e. Vid\u00e9o en live via l'application.","og_url":"https:\/\/test.burgwaechterservice.de\/fr\/p\/portes-et-fenetres\/interphone-video-eguard\/","og_site_name":"Burg-W\u00e4chter France","article_modified_time":"2021-10-27T07:31:35+00:00","og_image":[{"width":1000,"height":1000,"url":"https:\/\/test.burgwaechterservice.de\/fr\/wp-content\/uploads\/sites\/4\/2020\/02\/DOOReGuard_VideoBell_frontal.png","type":"image\/png"}],"twitter_card":"summary_large_image","twitter_misc":{"Dur\u00e9e de lecture estim\u00e9e":"4 minutes"},"schema":{"@context":"https:\/\/schema.org","@graph":[{"@type":"WebPage","@id":"https:\/\/test.burgwaechterservice.de\/fr\/p\/portes-et-fenetres\/interphone-video-eguard\/","url":"https:\/\/test.burgwaechterservice.de\/fr\/p\/portes-et-fenetres\/interphone-video-eguard\/","name":"Interphone vid\u00e9o Door eGuard Video Bell DG8500","isPartOf":{"@id":"https:\/\/test.burgwaechterservice.de\/fr\/#website"},"datePublished":"2020-02-26T09:08:07+00:00","dateModified":"2021-10-27T07:31:35+00:00","description":"Avec l'interphone vid\u00e9o Door eGuard Bell DG8500 de Burg-W\u00e4chter, vous gardez toujours un oeil sur votre porte d'entr\u00e9e. Vid\u00e9o en live via l'application.","breadcrumb":{"@id":"https:\/\/test.burgwaechterservice.de\/fr\/p\/portes-et-fenetres\/interphone-video-eguard\/#breadcrumb"},"inLanguage":"fr-FR","potentialAction":[{"@type":"ReadAction","target":["https:\/\/test.burgwaechterservice.de\/fr\/p\/portes-et-fenetres\/interphone-video-eguard\/"]}]},{"@type":"BreadcrumbList","@id":"https:\/\/test.burgwaechterservice.de\/fr\/p\/portes-et-fenetres\/interphone-video-eguard\/#breadcrumb","itemListElement":[{"@type":"ListItem","position":1,"name":"Accueil","item":"https:\/\/test.burgwaechterservice.de\/fr\/"},{"@type":"ListItem","position":2,"name":"Produits","item":"https:\/\/test.burgwaechterservice.de\/fr\/p\/"},{"@type":"ListItem","position":3,"name":"Gardien de porte interphone vid\u00e9o Bell DG8500"}]},{"@type":"WebSite","@id":"https:\/\/test.burgwaechterservice.de\/fr\/#website","url":"https:\/\/test.burgwaechterservice.de\/fr\/","name":"Burg-W\u00e4chter France","description":"Le choix le plus s\u00fbr!","potentialAction":[{"@type":"SearchAction","target":{"@type":"EntryPoint","urlTemplate":"https:\/\/test.burgwaechterservice.de\/fr\/?s={search_term_string}"},"query-input":"required name=search_term_string"}],"inLanguage":"fr-FR"}]}},"_links":{"self":[{"href":"https:\/\/test.burgwaechterservice.de\/fr\/wp-json\/wp\/v2\/product\/391699"}],"collection":[{"href":"https:\/\/test.burgwaechterservice.de\/fr\/wp-json\/wp\/v2\/product"}],"about":[{"href":"https:\/\/test.burgwaechterservice.de\/fr\/wp-json\/wp\/v2\/types\/product"}],"replies":[{"embeddable":true,"href":"https:\/\/test.burgwaechterservice.de\/fr\/wp-json\/wp\/v2\/comments?post=391699"}],"wp:featuredmedia":[{"embeddable":true,"href":"https:\/\/test.burgwaechterservice.de\/fr\/wp-json\/wp\/v2\/media\/391700"}],"wp:attachment":[{"href":"https:\/\/test.burgwaechterservice.de\/fr\/wp-json\/wp\/v2\/media?parent=391699"}],"wp:term":[{"taxonomy":"product_cat","embeddable":true,"href":"https:\/\/test.burgwaechterservice.de\/fr\/wp-json\/wp\/v2\/product_cat?post=391699"},{"taxonomy":"product_tag","embeddable":true,"href":"https:\/\/test.burgwaechterservice.de\/fr\/wp-json\/wp\/v2\/product_tag?post=391699"}],"curies":[{"name":"wp","href":"https:\/\/api.w.org\/{rel}","templated":true}]}}