{"id":391695,"date":"2020-02-26T10:00:02","date_gmt":"2020-02-26T09:00:02","guid":{"rendered":"https:\/\/www.burg.biz\/fr\/p\/cadenas-antivols-verrous\/394\/"},"modified":"2020-04-08T11:28:20","modified_gmt":"2020-04-08T09:28:20","slug":"394","status":"publish","type":"product","link":"https:\/\/test.burgwaechterservice.de\/fr\/p\/cadenas-et-porte-cadenas\/394\/","title":{"rendered":"394"},"content":{"rendered":"<p><a href=\"https:\/\/test.burgwaechterservice.de\/?attachment_id=459348\"><img decoding=\"async\" class=\"wp-image-459348 size-full alignnone\" src=\"https:\/\/test.burgwaechterservice.de\/wp-content\/uploads\/2020\/02\/Schloss-394-Piktos.png\" alt=\"Schloss 394 Piktos\" width=\"150\" height=\"72\" \/><\/a><\/p>\n<h2>Le robuste cadenas 394<\/h2>\n<p>Avec le cadenas 394, vous pouvez s\u00e9curiser portes, portails et autres verrous contre les intrusions. Tout particuli\u00e8rement l\u00e0 o\u00f9 un cadenas peut entrer en contact avec de la salet\u00e9 ou du sable, il est adapt\u00e9 au mieux. Car contrairement aux serrures \u00e0 cylindre, le 394 n&#8217;est pas endommag\u00e9 par le sable et la salet\u00e9. Cela est assur\u00e9 par la <strong>fermeture robuste<\/strong> ainsi que le <strong>cache en laiton qui recouvre le trou de serrure<\/strong>. Gr\u00e2ce \u00e0 sa structure robuste, le cadenas 394 est parfaitement adapt\u00e9 pour s\u00e9curiser des affaires de plage ou des caisses de poids-lourd, ou encore des exploitations foresti\u00e8res.<\/p>\n<p>Le cadenas 394 est <strong>galvanis\u00e9 sur toute sa surface<\/strong>. De surcro\u00eet, son corps est fix\u00e9 avec de solides <strong>rivets \u00e0 t\u00eate ronde<\/strong>. Lorsque vous ouvrez le cadenas, l&#8217;anse s&#8217;ouvre sur le c\u00f4t\u00e9. On ajoutera que l&#8217;insertion de la cl\u00e9 dans le 394 est particuli\u00e8rement facile et agr\u00e9able.<\/p>\n<p>En outre, le cadenas 394 est disponible \u00e9galement sur demande en<strong> lot de<\/strong> <strong>plusieurs unit\u00e9s avec serrure<\/strong> \/ motif <strong>identique<\/strong>.<\/p>\n<h3>Le 394 en aper\u00e7u<\/h3>\n<ul>\n<li>Cadenas robuste<\/li>\n<li>Avec de solides rivets \u00e0 t\u00eate ronde<\/li>\n<li>Int\u00e9gralement galvanis\u00e9<\/li>\n<li>Protection suppl\u00e9mentaire gr\u00e2ce \u00e0 un cache sur le trou de serrure<\/li>\n<li>Disponible \u00e9galement en lot \u00e0 fermeture \/ motif identique<\/li>\n<li>Fourni avec deux cl\u00e9s<\/li>\n<\/ul>\n<p>&nbsp;<\/p>\n<table class=\"ausfuehrung\">\n<thead>\n<tr>\n<td>Article<\/td>\n<td>Epaisseur de l&#8217;anse (mm)<\/td>\n<td>Largeur de l&#8217;anse (mm)<\/td>\n<td>Hauteur de l&#8217;anse (mm)<\/td>\n<td>Hauteur totale (mm)<\/td>\n<\/tr>\n<\/thead>\n<tbody>\n<tr>\n<td>394 45<\/td>\n<td>6,5<\/td>\n<td>26,0<\/td>\n<td>21,5<\/td>\n<td>68,0<\/td>\n<\/tr>\n<tr>\n<td>394 55<\/td>\n<td>8,0<\/td>\n<td>34,5<\/td>\n<td>26,5<\/td>\n<td>83,0<\/td>\n<\/tr>\n<\/tbody>\n<\/table>\n","protected":false},"excerpt":{"rendered":"<p>Le robuste cadenas 394 Avec le cadenas 394, vous pouvez s\u00e9curiser portes, portails et autres verrous contre les intrusions. Tout particuli\u00e8rement l\u00e0 o\u00f9 un cadenas peut entrer en contact avec de la salet\u00e9 ou du sable, il est adapt\u00e9 au &hellip; <a class=\"kt-excerpt-readmore\" href=\"https:\/\/test.burgwaechterservice.de\/fr\/p\/cadenas-et-porte-cadenas\/394\/\" aria-label=\"394\">Lire la suite<\/a><\/p>\n","protected":false},"featured_media":391696,"comment_status":"closed","ping_status":"closed","template":"","meta":[],"product_cat":[39,3127],"product_tag":[],"yoast_head":"<!-- This site is optimized with the Yoast SEO Premium plugin v18.4 (Yoast SEO v19.13) - https:\/\/yoast.com\/wordpress\/plugins\/seo\/ -->\n<title>Cadenas 394 de BURG-W\u00c4CHTER : solide &amp; robuste<\/title>\n<meta name=\"description\" content=\"Le cadenas 394 du sp\u00e9cialiste BURG-W\u00c4CHTER est particuli\u00e8rement insensible \u00e0 la salet\u00e9 \u25ba S\u00e9curise portes \u2713 Cabanons \u2713 Caisses \u2713\" \/>\n<meta name=\"robots\" content=\"index, follow, max-snippet:-1, max-image-preview:large, max-video-preview:-1\" \/>\n<link rel=\"canonical\" href=\"https:\/\/test.burgwaechterservice.de\/fr\/p\/cadenas-et-porte-cadenas\/394\/\" \/>\n<meta property=\"og:locale\" content=\"fr_FR\" \/>\n<meta property=\"og:type\" content=\"article\" \/>\n<meta property=\"og:title\" content=\"394\" \/>\n<meta property=\"og:description\" content=\"Le cadenas 394 du sp\u00e9cialiste BURG-W\u00c4CHTER est particuli\u00e8rement insensible \u00e0 la salet\u00e9 \u25ba S\u00e9curise portes \u2713 Cabanons \u2713 Caisses \u2713\" \/>\n<meta property=\"og:url\" content=\"https:\/\/test.burgwaechterservice.de\/fr\/p\/cadenas-et-porte-cadenas\/394\/\" \/>\n<meta property=\"og:site_name\" content=\"Burg-W\u00e4chter France\" \/>\n<meta property=\"article:modified_time\" content=\"2020-04-08T09:28:20+00:00\" \/>\n<meta property=\"og:image\" content=\"https:\/\/test.burgwaechterservice.de\/fr\/wp-content\/uploads\/sites\/4\/2020\/02\/394-45.jpg\" \/>\n\t<meta property=\"og:image:width\" content=\"1000\" \/>\n\t<meta property=\"og:image:height\" content=\"1000\" \/>\n\t<meta property=\"og:image:type\" content=\"image\/jpeg\" \/>\n<meta name=\"twitter:card\" content=\"summary_large_image\" \/>\n<meta name=\"twitter:label1\" content=\"Dur\u00e9e de lecture estim\u00e9e\" \/>\n\t<meta name=\"twitter:data1\" content=\"1 minute\" \/>\n<!-- \/ Yoast SEO Premium plugin. -->","yoast_head_json":{"title":"Cadenas 394 de BURG-W\u00c4CHTER : solide & robuste","description":"Le cadenas 394 du sp\u00e9cialiste BURG-W\u00c4CHTER est particuli\u00e8rement insensible \u00e0 la salet\u00e9 \u25ba S\u00e9curise portes \u2713 Cabanons \u2713 Caisses \u2713","robots":{"index":"index","follow":"follow","max-snippet":"max-snippet:-1","max-image-preview":"max-image-preview:large","max-video-preview":"max-video-preview:-1"},"canonical":"https:\/\/test.burgwaechterservice.de\/fr\/p\/cadenas-et-porte-cadenas\/394\/","og_locale":"fr_FR","og_type":"article","og_title":"394","og_description":"Le cadenas 394 du sp\u00e9cialiste BURG-W\u00c4CHTER est particuli\u00e8rement insensible \u00e0 la salet\u00e9 \u25ba S\u00e9curise portes \u2713 Cabanons \u2713 Caisses \u2713","og_url":"https:\/\/test.burgwaechterservice.de\/fr\/p\/cadenas-et-porte-cadenas\/394\/","og_site_name":"Burg-W\u00e4chter France","article_modified_time":"2020-04-08T09:28:20+00:00","og_image":[{"width":1000,"height":1000,"url":"https:\/\/test.burgwaechterservice.de\/fr\/wp-content\/uploads\/sites\/4\/2020\/02\/394-45.jpg","type":"image\/jpeg"}],"twitter_card":"summary_large_image","twitter_misc":{"Dur\u00e9e de lecture estim\u00e9e":"1 minute"},"schema":{"@context":"https:\/\/schema.org","@graph":[{"@type":"WebPage","@id":"https:\/\/test.burgwaechterservice.de\/fr\/p\/cadenas-et-porte-cadenas\/394\/","url":"https:\/\/test.burgwaechterservice.de\/fr\/p\/cadenas-et-porte-cadenas\/394\/","name":"Cadenas 394 de BURG-W\u00c4CHTER : solide & robuste","isPartOf":{"@id":"https:\/\/test.burgwaechterservice.de\/fr\/#website"},"datePublished":"2020-02-26T09:00:02+00:00","dateModified":"2020-04-08T09:28:20+00:00","description":"Le cadenas 394 du sp\u00e9cialiste BURG-W\u00c4CHTER est particuli\u00e8rement insensible \u00e0 la salet\u00e9 \u25ba S\u00e9curise portes \u2713 Cabanons \u2713 Caisses \u2713","breadcrumb":{"@id":"https:\/\/test.burgwaechterservice.de\/fr\/p\/cadenas-et-porte-cadenas\/394\/#breadcrumb"},"inLanguage":"fr-FR","potentialAction":[{"@type":"ReadAction","target":["https:\/\/test.burgwaechterservice.de\/fr\/p\/cadenas-et-porte-cadenas\/394\/"]}]},{"@type":"BreadcrumbList","@id":"https:\/\/test.burgwaechterservice.de\/fr\/p\/cadenas-et-porte-cadenas\/394\/#breadcrumb","itemListElement":[{"@type":"ListItem","position":1,"name":"Accueil","item":"https:\/\/test.burgwaechterservice.de\/fr\/"},{"@type":"ListItem","position":2,"name":"Produits","item":"https:\/\/test.burgwaechterservice.de\/fr\/p\/"},{"@type":"ListItem","position":3,"name":"394"}]},{"@type":"WebSite","@id":"https:\/\/test.burgwaechterservice.de\/fr\/#website","url":"https:\/\/test.burgwaechterservice.de\/fr\/","name":"Burg-W\u00e4chter France","description":"Le choix le plus s\u00fbr!","potentialAction":[{"@type":"SearchAction","target":{"@type":"EntryPoint","urlTemplate":"https:\/\/test.burgwaechterservice.de\/fr\/?s={search_term_string}"},"query-input":"required name=search_term_string"}],"inLanguage":"fr-FR"}]}},"_links":{"self":[{"href":"https:\/\/test.burgwaechterservice.de\/fr\/wp-json\/wp\/v2\/product\/391695"}],"collection":[{"href":"https:\/\/test.burgwaechterservice.de\/fr\/wp-json\/wp\/v2\/product"}],"about":[{"href":"https:\/\/test.burgwaechterservice.de\/fr\/wp-json\/wp\/v2\/types\/product"}],"replies":[{"embeddable":true,"href":"https:\/\/test.burgwaechterservice.de\/fr\/wp-json\/wp\/v2\/comments?post=391695"}],"wp:featuredmedia":[{"embeddable":true,"href":"https:\/\/test.burgwaechterservice.de\/fr\/wp-json\/wp\/v2\/media\/391696"}],"wp:attachment":[{"href":"https:\/\/test.burgwaechterservice.de\/fr\/wp-json\/wp\/v2\/media?parent=391695"}],"wp:term":[{"taxonomy":"product_cat","embeddable":true,"href":"https:\/\/test.burgwaechterservice.de\/fr\/wp-json\/wp\/v2\/product_cat?post=391695"},{"taxonomy":"product_tag","embeddable":true,"href":"https:\/\/test.burgwaechterservice.de\/fr\/wp-json\/wp\/v2\/product_tag?post=391695"}],"curies":[{"name":"wp","href":"https:\/\/api.w.org\/{rel}","templated":true}]}}