{"id":391685,"date":"2020-02-26T09:44:19","date_gmt":"2020-02-26T08:44:19","guid":{"rendered":"https:\/\/www.burg.biz\/fr\/p\/boites-aux-lettres\/turn\/"},"modified":"2022-05-06T11:45:06","modified_gmt":"2022-05-06T09:45:06","slug":"turn","status":"publish","type":"product","link":"https:\/\/test.burgwaechterservice.de\/fr\/p\/boites-aux-lettres\/turn\/","title":{"rendered":"Turn"},"content":{"rendered":"<p><a href=\"https:\/\/warranty.burg.biz\/bk\/\" target=\"_blank\" rel=\"noopener noreferrer\"><br \/>\n<\/a><a href=\"https:\/\/test.burgwaechterservice.de\/fr\/wp-content\/uploads\/sites\/4\/2016\/07\/Piano-Pearl-Kiel-Malm\u00f6-Verona-1.jpg\"><img decoding=\"async\" class=\"alignnone wp-image-164057\" src=\"https:\/\/test.burgwaechterservice.de\/fr\/wp-content\/uploads\/sites\/4\/2016\/07\/Piano-Pearl-Kiel-Malm\u00f6-Verona-1.jpg\" alt=\"\" width=\"349\" height=\"125\" srcset=\"https:\/\/test.burgwaechterservice.de\/fr\/wp-content\/uploads\/sites\/4\/2016\/07\/Piano-Pearl-Kiel-Malm\u00f6-Verona-1.jpg 890w, https:\/\/test.burgwaechterservice.de\/fr\/wp-content\/uploads\/sites\/4\/2016\/07\/Piano-Pearl-Kiel-Malm\u00f6-Verona-1-300x108.jpg 300w, https:\/\/test.burgwaechterservice.de\/fr\/wp-content\/uploads\/sites\/4\/2016\/07\/Piano-Pearl-Kiel-Malm\u00f6-Verona-1-768x275.jpg 768w, https:\/\/test.burgwaechterservice.de\/fr\/wp-content\/uploads\/sites\/4\/2016\/07\/Piano-Pearl-Kiel-Malm\u00f6-Verona-1-600x215.jpg 600w\" sizes=\"(max-width: 349px) 100vw, 349px\" \/><\/a><\/p>\n<h2>Turn \u2212 La bo\u00eete aux lettres styl\u00e9e aux arrondies \u00e9l\u00e9gants<a href=\"https:\/\/warranty.burg.biz\/bk\/?lng=fr\"><img fetchpriority=\"high\" decoding=\"async\" class=\"alignright wp-image-254979\" src=\"https:\/\/test.burgwaechterservice.de\/fr\/wp-content\/uploads\/sites\/4\/2016\/07\/Siegel_5_Jahre_Garantie_FR_.jpg\" alt=\"\" width=\"250\" height=\"255\" srcset=\"https:\/\/test.burgwaechterservice.de\/fr\/wp-content\/uploads\/sites\/4\/2016\/07\/Siegel_5_Jahre_Garantie_FR_.jpg 485w, https:\/\/test.burgwaechterservice.de\/fr\/wp-content\/uploads\/sites\/4\/2016\/07\/Siegel_5_Jahre_Garantie_FR_-295x300.jpg 295w\" sizes=\"(max-width: 250px) 100vw, 250px\" \/><\/a><\/h2>\n<p>du PVC robuste, une but\u00e9e de porte pratique, une capacit\u00e9 accrue : la bo\u00eete aux lettres arrondie Turn fabriqu\u00e9e en Allemagne est un v\u00e9ritable accroche-regard au devant de toute porte d&#8217;entr\u00e9e. La bo\u00eete aux lettres r\u00e9siste aux intemp\u00e9ries et offre assez de place pour y distribuer le courrier &#8211; et ce pour des envois allant jusqu&#8217;au format C4. Car la <strong>norme europ\u00e9enne EN 13724<\/strong> garantie que m\u00eame les envois du format C4 n&#8217;ont pas \u00e0 \u00eatre pli\u00e9 lors de la distribution. Par ailleurs, la <strong>but\u00e9e de porte<\/strong> ajoute du confort \u00e0 la r\u00e9ception du courrier.<\/p>\n<h3>Une allure moderne, disponible en deux couleurs<\/h3>\n<p>La bo\u00eete aux lettres Turn est disponible en deux couleurs. En ce qui concerne la fa\u00e7ade pourvue d&#8217;un rev\u00eatement de qualit\u00e9, vous avez le choix entre<strong> blanc cass\u00e9 et couleur inox<\/strong>. Le corps de la bo\u00eete aux lettres demeure anthracite dans les deux cas. Pour que la couleur ne ternisse pas, la bo\u00eete aux lettres en PVC est rev\u00eatue en plus d&#8217;un <strong>stabilisateur UV<\/strong>.<\/p>\n<h3>Entretien facile et long\u00e9vit\u00e9 accrue<\/h3>\n<p>Une bo\u00eete aux lettres en PVC de qualit\u00e9 comme le mod\u00e8le Turn <strong>ne craint rien et est facile d&#8217;entretien<\/strong>. Elle est \u00e9galement tr\u00e8s r\u00e9sistante aux intemp\u00e9ries. Ainsi, vous aurez pendant longtemps grand plaisir \u00e0 utiliser votre bo\u00eete aux lettres en PVC. Notre conseil d&#8217;entretien : nettoyez votre mod\u00e8le r\u00e9guli\u00e8rement avec un chiffon propre humide. Car de cette mani\u00e8re, les salet\u00e9s et autres particules ne pourront pas user la bo\u00eete aux lettres.<\/p>\n<h3>Voici comment installer la bo\u00eete aux lettres Turn<\/h3>\n<p>Pour que votre bo\u00eete aux lettres dure encore plus longtemps, nous vous recommandons de l&#8217;installer dans un endroit prot\u00e9g\u00e9 des intemp\u00e9ries. Par exemple le mur de la maison. Bien \u00e9videmment, vous pouvez \u00e9galement installer le mod\u00e8le Turn en autonomie sur un pi\u00e9destal.<\/p>\n<h3>La bo\u00eete aux lettres en PVC Turn ; un aper\u00e7u<\/h3>\n<ul>\n<li>Fabriqu\u00e9e en Allemagne<\/li>\n<li>Bo\u00eete aux lettres en PVC couleur anthracite rev\u00eatue d&#8217;un stabilisateur UV<\/li>\n<li>Fa\u00e7ade avec rev\u00eatement de qualit\u00e9 &#8211; blanc cass\u00e9 ou bien avec une pi\u00e8ce de qualit\u00e9 effet inox<\/li>\n<li>Avec serrure int\u00e9gr\u00e9e, deux cl\u00e9s fournies<\/li>\n<li>Bonus confort : une but\u00e9e d&#8217;ouverture<\/li>\n<li>Haute r\u00e9sistance \u00e0 la corrosion<\/li>\n<li>Capacit\u00e9 accrue, certifi\u00e9e selon la norme europ\u00e9enne EN 13724<\/li>\n<li>Mat\u00e9riel d&#8217;installation fourni<\/li>\n<\/ul>\n<p>&nbsp;<\/p>\n<table class=\"ausfuehrung\">\n<thead>\n<tr>\n<td>Article<\/td>\n<td>Couleur<\/td>\n<td>h x larg. x profond. (mm)<\/td>\n<td>h x larg. de la fente (mm)<\/td>\n<\/tr>\n<\/thead>\n<tbody>\n<tr>\n<td>Turn 4941 \/ Turn 4942<\/td>\n<td>Blanc cass\u00e9 \/ Effet inox<\/td>\n<td>443 x 374 x 160<\/td>\n<td>360 x 32<\/td>\n<\/tr>\n<\/tbody>\n<\/table>\n","protected":false},"excerpt":{"rendered":"<p>Turn \u2212 La bo\u00eete aux lettres styl\u00e9e aux arrondies \u00e9l\u00e9gants du PVC robuste, une but\u00e9e de porte pratique, une capacit\u00e9 accrue : la bo\u00eete aux lettres arrondie Turn fabriqu\u00e9e en Allemagne est un v\u00e9ritable accroche-regard au devant de toute porte &hellip; <a class=\"kt-excerpt-readmore\" href=\"https:\/\/test.burgwaechterservice.de\/fr\/p\/boites-aux-lettres\/turn\/\" aria-label=\"Turn\">Lire la suite<\/a><\/p>\n","protected":false},"featured_media":391686,"comment_status":"closed","ping_status":"closed","template":"","meta":[],"product_cat":[23,28],"product_tag":[],"yoast_head":"<!-- This site is optimized with the Yoast SEO Premium plugin v18.4 (Yoast SEO v19.13) - https:\/\/yoast.com\/wordpress\/plugins\/seo\/ -->\n<title>Bo\u00eete aux lettres Turn en PVC de qualit\u00e9, par BURG-W\u00c4CHTER<\/title>\n<meta name=\"description\" content=\"La bo\u00eete aux lettres Turn en PVC fabriqu\u00e9e par BURG-W\u00c4CHTER marque des points avec ses courbes \u00e9l\u00e9gantes et son confort. Disponible en deux couleurs.\" \/>\n<meta name=\"robots\" content=\"index, follow, max-snippet:-1, max-image-preview:large, max-video-preview:-1\" \/>\n<link rel=\"canonical\" href=\"https:\/\/test.burgwaechterservice.de\/fr\/p\/boites-aux-lettres\/turn\/\" \/>\n<meta property=\"og:locale\" content=\"fr_FR\" \/>\n<meta property=\"og:type\" content=\"article\" \/>\n<meta property=\"og:title\" content=\"Turn\" \/>\n<meta property=\"og:description\" content=\"La bo\u00eete aux lettres Turn en PVC fabriqu\u00e9e par BURG-W\u00c4CHTER marque des points avec ses courbes \u00e9l\u00e9gantes et son confort. Disponible en deux couleurs.\" \/>\n<meta property=\"og:url\" content=\"https:\/\/test.burgwaechterservice.de\/fr\/p\/boites-aux-lettres\/turn\/\" \/>\n<meta property=\"og:site_name\" content=\"Burg-W\u00e4chter France\" \/>\n<meta property=\"article:modified_time\" content=\"2022-05-06T09:45:06+00:00\" \/>\n<meta property=\"og:image\" content=\"https:\/\/test.burgwaechterservice.de\/fr\/wp-content\/uploads\/sites\/4\/2020\/02\/Turn-Briefkasten-seitlich-silber.jpg\" \/>\n\t<meta property=\"og:image:width\" content=\"1000\" \/>\n\t<meta property=\"og:image:height\" content=\"1000\" \/>\n\t<meta property=\"og:image:type\" content=\"image\/jpeg\" \/>\n<meta name=\"twitter:card\" content=\"summary_large_image\" \/>\n<meta name=\"twitter:label1\" content=\"Dur\u00e9e de lecture estim\u00e9e\" \/>\n\t<meta name=\"twitter:data1\" content=\"2 minutes\" \/>\n<!-- \/ Yoast SEO Premium plugin. -->","yoast_head_json":{"title":"Bo\u00eete aux lettres Turn en PVC de qualit\u00e9, par BURG-W\u00c4CHTER","description":"La bo\u00eete aux lettres Turn en PVC fabriqu\u00e9e par BURG-W\u00c4CHTER marque des points avec ses courbes \u00e9l\u00e9gantes et son confort. Disponible en deux couleurs.","robots":{"index":"index","follow":"follow","max-snippet":"max-snippet:-1","max-image-preview":"max-image-preview:large","max-video-preview":"max-video-preview:-1"},"canonical":"https:\/\/test.burgwaechterservice.de\/fr\/p\/boites-aux-lettres\/turn\/","og_locale":"fr_FR","og_type":"article","og_title":"Turn","og_description":"La bo\u00eete aux lettres Turn en PVC fabriqu\u00e9e par BURG-W\u00c4CHTER marque des points avec ses courbes \u00e9l\u00e9gantes et son confort. Disponible en deux couleurs.","og_url":"https:\/\/test.burgwaechterservice.de\/fr\/p\/boites-aux-lettres\/turn\/","og_site_name":"Burg-W\u00e4chter France","article_modified_time":"2022-05-06T09:45:06+00:00","og_image":[{"width":1000,"height":1000,"url":"https:\/\/test.burgwaechterservice.de\/fr\/wp-content\/uploads\/sites\/4\/2020\/02\/Turn-Briefkasten-seitlich-silber.jpg","type":"image\/jpeg"}],"twitter_card":"summary_large_image","twitter_misc":{"Dur\u00e9e de lecture estim\u00e9e":"2 minutes"},"schema":{"@context":"https:\/\/schema.org","@graph":[{"@type":"WebPage","@id":"https:\/\/test.burgwaechterservice.de\/fr\/p\/boites-aux-lettres\/turn\/","url":"https:\/\/test.burgwaechterservice.de\/fr\/p\/boites-aux-lettres\/turn\/","name":"Bo\u00eete aux lettres Turn en PVC de qualit\u00e9, par BURG-W\u00c4CHTER","isPartOf":{"@id":"https:\/\/test.burgwaechterservice.de\/fr\/#website"},"datePublished":"2020-02-26T08:44:19+00:00","dateModified":"2022-05-06T09:45:06+00:00","description":"La bo\u00eete aux lettres Turn en PVC fabriqu\u00e9e par BURG-W\u00c4CHTER marque des points avec ses courbes \u00e9l\u00e9gantes et son confort. Disponible en deux couleurs.","breadcrumb":{"@id":"https:\/\/test.burgwaechterservice.de\/fr\/p\/boites-aux-lettres\/turn\/#breadcrumb"},"inLanguage":"fr-FR","potentialAction":[{"@type":"ReadAction","target":["https:\/\/test.burgwaechterservice.de\/fr\/p\/boites-aux-lettres\/turn\/"]}]},{"@type":"BreadcrumbList","@id":"https:\/\/test.burgwaechterservice.de\/fr\/p\/boites-aux-lettres\/turn\/#breadcrumb","itemListElement":[{"@type":"ListItem","position":1,"name":"Accueil","item":"https:\/\/test.burgwaechterservice.de\/fr\/"},{"@type":"ListItem","position":2,"name":"Produits","item":"https:\/\/test.burgwaechterservice.de\/fr\/p\/"},{"@type":"ListItem","position":3,"name":"Turn"}]},{"@type":"WebSite","@id":"https:\/\/test.burgwaechterservice.de\/fr\/#website","url":"https:\/\/test.burgwaechterservice.de\/fr\/","name":"Burg-W\u00e4chter France","description":"Le choix le plus s\u00fbr!","potentialAction":[{"@type":"SearchAction","target":{"@type":"EntryPoint","urlTemplate":"https:\/\/test.burgwaechterservice.de\/fr\/?s={search_term_string}"},"query-input":"required name=search_term_string"}],"inLanguage":"fr-FR"}]}},"_links":{"self":[{"href":"https:\/\/test.burgwaechterservice.de\/fr\/wp-json\/wp\/v2\/product\/391685"}],"collection":[{"href":"https:\/\/test.burgwaechterservice.de\/fr\/wp-json\/wp\/v2\/product"}],"about":[{"href":"https:\/\/test.burgwaechterservice.de\/fr\/wp-json\/wp\/v2\/types\/product"}],"replies":[{"embeddable":true,"href":"https:\/\/test.burgwaechterservice.de\/fr\/wp-json\/wp\/v2\/comments?post=391685"}],"wp:featuredmedia":[{"embeddable":true,"href":"https:\/\/test.burgwaechterservice.de\/fr\/wp-json\/wp\/v2\/media\/391686"}],"wp:attachment":[{"href":"https:\/\/test.burgwaechterservice.de\/fr\/wp-json\/wp\/v2\/media?parent=391685"}],"wp:term":[{"taxonomy":"product_cat","embeddable":true,"href":"https:\/\/test.burgwaechterservice.de\/fr\/wp-json\/wp\/v2\/product_cat?post=391685"},{"taxonomy":"product_tag","embeddable":true,"href":"https:\/\/test.burgwaechterservice.de\/fr\/wp-json\/wp\/v2\/product_tag?post=391685"}],"curies":[{"name":"wp","href":"https:\/\/api.w.org\/{rel}","templated":true}]}}