{"id":391678,"date":"2020-02-26T09:43:12","date_gmt":"2020-02-26T08:43:12","guid":{"rendered":"https:\/\/www.burg.biz\/fr\/p\/boites-aux-lettres\/cosmo\/"},"modified":"2020-04-08T10:38:00","modified_gmt":"2020-04-08T08:38:00","slug":"cosmo","status":"publish","type":"product","link":"https:\/\/test.burgwaechterservice.de\/fr\/p\/boites-aux-lettres\/cosmo\/","title":{"rendered":"Cosmo"},"content":{"rendered":"<p><a href=\"https:\/\/test.burgwaechterservice.de\/fr\/wp-content\/uploads\/sites\/4\/2016\/07\/Verona-Opera-Amrum-und-Set-1.jpg\"><img fetchpriority=\"high\" decoding=\"async\" class=\"alignnone wp-image-164061\" src=\"https:\/\/test.burgwaechterservice.de\/fr\/wp-content\/uploads\/sites\/4\/2016\/07\/Verona-Opera-Amrum-und-Set-1.jpg\" alt=\"\" width=\"427\" height=\"120\" srcset=\"https:\/\/test.burgwaechterservice.de\/fr\/wp-content\/uploads\/sites\/4\/2016\/07\/Verona-Opera-Amrum-und-Set-1.jpg 1135w, https:\/\/test.burgwaechterservice.de\/fr\/wp-content\/uploads\/sites\/4\/2016\/07\/Verona-Opera-Amrum-und-Set-1-300x84.jpg 300w, https:\/\/test.burgwaechterservice.de\/fr\/wp-content\/uploads\/sites\/4\/2016\/07\/Verona-Opera-Amrum-und-Set-1-768x216.jpg 768w, https:\/\/test.burgwaechterservice.de\/fr\/wp-content\/uploads\/sites\/4\/2016\/07\/Verona-Opera-Amrum-und-Set-1-1024x288.jpg 1024w, https:\/\/test.burgwaechterservice.de\/fr\/wp-content\/uploads\/sites\/4\/2016\/07\/Verona-Opera-Amrum-und-Set-1-600x169.jpg 600w\" sizes=\"(max-width: 427px) 100vw, 427px\" \/><\/a><\/p>\n<h2><a href=\"https:\/\/warranty.burg.biz\/bk\/?lng=fr\"><img decoding=\"async\" class=\"alignright wp-image-254979\" src=\"https:\/\/test.burgwaechterservice.de\/fr\/wp-content\/uploads\/sites\/4\/2016\/07\/Siegel_5_Jahre_Garantie_FR_.jpg\" alt=\"\" width=\"275\" height=\"280\" srcset=\"https:\/\/test.burgwaechterservice.de\/fr\/wp-content\/uploads\/sites\/4\/2016\/07\/Siegel_5_Jahre_Garantie_FR_.jpg 485w, https:\/\/test.burgwaechterservice.de\/fr\/wp-content\/uploads\/sites\/4\/2016\/07\/Siegel_5_Jahre_Garantie_FR_-295x300.jpg 295w\" sizes=\"(max-width: 275px) 100vw, 275px\" \/><\/a>La bo\u00eete aux lettres Cosmo en acier inoxydable : moderne, pratique, esth\u00e9tique<\/h2>\n<p>Un design non conventionnel alli\u00e9 \u00e0 un mat\u00e9riau de premier choix : la bo\u00eete aux lettres Cosmo est fabriqu\u00e9e en Allemagne et c&#8217;est un v\u00e9ritable accroche-regard que l&#8217;on peut placer \u00e0 n&#8217;importe quelle porte d&#8217;entr\u00e9e. De plus, elle vous accompagnera de nombreuses ann\u00e9es. En effet, l&#8217;acier inoxydable non d\u00e9natur\u00e9 et liss\u00e9 \u00e0 la main est absolument invuln\u00e9rable \u00e0 la rouille et ce contre vents et mar\u00e9es.<\/p>\n<h3>Des fonctionnalit\u00e9s confort probantes<\/h3>\n<p>Le design harmonieux de la bo\u00eete aux lettres Cosmo lui conf\u00e8re un aspect gracieux. De plus, ce mod\u00e8le est s\u00e9duisant de par son <strong>haptique marquante<\/strong>. En effet, avec un poids de 10,7 kilos, vous ressentez dans vos mains une v\u00e9ritable sensation de poids \u00e0 chaque ouverture ou fermeture de la bo\u00eete aux lettres et \u00e0 chaque fois que vous soulevez le battant. Une bo\u00eete aux lettres premium en somme !<\/p>\n<p>Naturellement, la bo\u00eete aux lettres Cosmo marque des points non seulement avec son mat\u00e9riau de premier choix et son aspect gracieux, mais aussi avec le confort qu&#8217;elle vous offre dans votre utilisation quotidienne gr\u00e2ce \u00e0 des fonctionnalit\u00e9s intelligentes. Ainsi, le cylindre de fermeture n&#8217;est pas seulement dissimul\u00e9, mais il offre aussi une pratique <strong>fermeture \u00e0 clic<\/strong>. Ce qui implique que vous pouvez fermer la bo\u00eete aux lettres sans aucune cl\u00e9. Par ailleurs, la bo\u00eete aux lettres Cosmo dispose d&#8217;une <strong>but\u00e9e d&#8217;ouverture<\/strong> avec une charni\u00e8re de confort qui s&#8217;ouvre tout en douceur. Ainsi, votre courrier ne tombera plus jamais sur le sol. Ces deux atouts rendent la bo\u00eete aux lettres tr\u00e8s fonctionnelle et ergonomique.<\/p>\n<h3>Cosmo offre un grand compartiment journal et beaucoup de place<\/h3>\n<p>Gr\u00e2ce au <strong>compartiment journal<\/strong> spacieux \u00e0 l&#8217;arri\u00e8re, vous avez \u00e0 tout moment vos journaux et magazines accessibles. En outre, la bo\u00eete aux letters Cosmo en acier inoxydable offre assez de place pour accumuler du courrier. Cette bo\u00eete aux lettres de qualit\u00e9 correspond bien s\u00fbr \u00e0 la norme europ\u00e9enne EN 13724. Ce qui veut dire que tout courrier jusqu&#8217;au <strong>format DIN C4<\/strong> entre dans la Cosmo sans avoir \u00e0 \u00eatre pli\u00e9.<\/p>\n<h3>Acier inoxydable r\u00e9sistant aux intemp\u00e9ries, installation murale ou sur pied<\/h3>\n<p>La bo\u00eete aux lettres de premier choix Cosmo n&#8217;est pas seulement un v\u00e9ritable accroche-regard, elle est aussi extr\u00eamement r\u00e9sistante. Ceci est assur\u00e9 par l&#8217;acier inoxydable liss\u00e9 \u00e0 la main, de par son extr\u00eame robustesse. Et en m\u00eame temps, ce dernier est particuli\u00e8rement <strong>facile d&#8217;entretien<\/strong>. Car il suffit simplement de nettoyer votre bo\u00eete aux lettres en inox de temps en temps \u00e0 l&#8217;aide d&#8217;un chiffon propre humide.<\/p>\n<p>Pour que vous puissiez utiliser votre bo\u00eete aux lettres sans attendre, le <strong>mat\u00e9riel d&#8217;installation<\/strong> est fourni. Sur l&#8217;arri\u00e8re de la bo\u00eete aux lettres Cosmo, vous trouvez, sp\u00e9cialement pr\u00e9vus pour la fixation, quatre trous int\u00e9gr\u00e9s. Si vous pr\u00e9f\u00e9rez monter la bo\u00eete aux lettres Cosmo plut\u00f4t sur pied autonome, alors vous trouverez les <strong>pi\u00e9destals adapt\u00e9s<\/strong> avec nos mod\u00e8les <a href=\"https:\/\/test.burgwaechterservice.de\/fr\/p\/boites-aux-lettres\/rondo\/\">Rondo<\/a> ou <a href=\"https:\/\/test.burgwaechterservice.de\/fr\/p\/boites-aux-lettres\/universal-150\/\">Universal<\/a>. Afin d&#8217;augmenter encore davantage la long\u00e9vit\u00e9 de la bo\u00eete aux lettres, nous vous recommandons de l&#8217;installer dans un endroit \u00e0 l&#8217;abri des intemp\u00e9ries.<\/p>\n<h4>La bo\u00eete aux lettres Cosmo en acier inoxydable : un aper\u00e7u<\/h4>\n<ul>\n<li>Mat\u00e9riau de premier choix : en acier inoxydable brut liss\u00e9 \u00e0 la main<\/li>\n<li>Devanture particuli\u00e8rement robuste en acier inoxydable<\/li>\n<li>Serrure dissimul\u00e9e et fermeture \u00e0 clic pour fermer en tout confort sans cl\u00e9<\/li>\n<li>But\u00e9e d&#8217;ouverture avec charni\u00e8re de confort pour une ouverture tout en douceur<\/li>\n<li>Compartiment \u00e0 journal spaciaux \u00e0 l&#8217;arri\u00e8re, ouvert des deux c\u00f4t\u00e9s<\/li>\n<li>Assez de place pour accumuler le courrier, correspond \u00e0 la norme europ\u00e9enne EN 13724<\/li>\n<li>Mat\u00e9riel d&#8217;installation fourni<\/li>\n<li>Dimensions : 437 x 370 x 164 mm; Fente : 326 x 35 mm<\/li>\n<li>Poids : 10,7 kg<\/li>\n<\/ul>\n<p>&nbsp;<\/p>\n<table class=\"ausfuehrung\">\n<thead>\n<tr>\n<td>Article<\/td>\n<td>h x larg. x profond. (mm)<\/td>\n<td>Fente (mm)<\/td>\n<\/tr>\n<\/thead>\n<tbody>\n<tr>\n<td>3765 Ni<\/td>\n<td>437 x 370 x 164<\/td>\n<td>326 x 35<\/td>\n<\/tr>\n<\/tbody>\n<\/table>\n","protected":false},"excerpt":{"rendered":"<p>La bo\u00eete aux lettres Cosmo en acier inoxydable : moderne, pratique, esth\u00e9tique Un design non conventionnel alli\u00e9 \u00e0 un mat\u00e9riau de premier choix : la bo\u00eete aux lettres Cosmo est fabriqu\u00e9e en Allemagne et c&#8217;est un v\u00e9ritable accroche-regard que l&#8217;on &hellip; <a class=\"kt-excerpt-readmore\" href=\"https:\/\/test.burgwaechterservice.de\/fr\/p\/boites-aux-lettres\/cosmo\/\" aria-label=\"Cosmo\">Lire la suite<\/a><\/p>\n","protected":false},"featured_media":391679,"comment_status":"closed","ping_status":"closed","template":"","meta":[],"product_cat":[23,25],"product_tag":[],"yoast_head":"<!-- This site is optimized with the Yoast SEO Premium plugin v18.4 (Yoast SEO v19.13) - https:\/\/yoast.com\/wordpress\/plugins\/seo\/ -->\n<title>Bo\u00eete aux lettres en inox par Burg-W\u00e4chter : l&#039;\u00e9l\u00e9gance alli\u00e9e au confort<\/title>\n<meta name=\"description\" content=\"Bo\u00eete aux lettres premium Cosmo par BURG-W\u00c4CHTER : un vrai accroche-regard \u25ba Acier inoxydable brut, liss\u00e9 \u00e0 la main \u2713 Ergonomique \u2713 Aspect \u00e9l\u00e9gant \u2713\" \/>\n<meta name=\"robots\" content=\"index, follow, max-snippet:-1, max-image-preview:large, max-video-preview:-1\" \/>\n<link rel=\"canonical\" href=\"https:\/\/test.burgwaechterservice.de\/fr\/p\/boites-aux-lettres\/cosmo\/\" \/>\n<meta property=\"og:locale\" content=\"fr_FR\" \/>\n<meta property=\"og:type\" content=\"article\" \/>\n<meta property=\"og:title\" content=\"Cosmo\" \/>\n<meta property=\"og:description\" content=\"Bo\u00eete aux lettres premium Cosmo par BURG-W\u00c4CHTER : un vrai accroche-regard \u25ba Acier inoxydable brut, liss\u00e9 \u00e0 la main \u2713 Ergonomique \u2713 Aspect \u00e9l\u00e9gant \u2713\" \/>\n<meta property=\"og:url\" content=\"https:\/\/test.burgwaechterservice.de\/fr\/p\/boites-aux-lettres\/cosmo\/\" \/>\n<meta property=\"og:site_name\" content=\"Burg-W\u00e4chter France\" \/>\n<meta property=\"article:modified_time\" content=\"2020-04-08T08:38:00+00:00\" \/>\n<meta property=\"og:image\" content=\"https:\/\/test.burgwaechterservice.de\/fr\/wp-content\/uploads\/sites\/4\/2020\/02\/Briefkasten-Cosmo-Burg-W\u00e4chter-Zeitungsfach.jpg\" \/>\n\t<meta property=\"og:image:width\" content=\"1000\" \/>\n\t<meta property=\"og:image:height\" content=\"1000\" \/>\n\t<meta property=\"og:image:type\" content=\"image\/jpeg\" \/>\n<meta name=\"twitter:card\" content=\"summary_large_image\" \/>\n<meta name=\"twitter:label1\" content=\"Dur\u00e9e de lecture estim\u00e9e\" \/>\n\t<meta name=\"twitter:data1\" content=\"3 minutes\" \/>\n<!-- \/ Yoast SEO Premium plugin. -->","yoast_head_json":{"title":"Bo\u00eete aux lettres en inox par Burg-W\u00e4chter : l'\u00e9l\u00e9gance alli\u00e9e au confort","description":"Bo\u00eete aux lettres premium Cosmo par BURG-W\u00c4CHTER : un vrai accroche-regard \u25ba Acier inoxydable brut, liss\u00e9 \u00e0 la main \u2713 Ergonomique \u2713 Aspect \u00e9l\u00e9gant \u2713","robots":{"index":"index","follow":"follow","max-snippet":"max-snippet:-1","max-image-preview":"max-image-preview:large","max-video-preview":"max-video-preview:-1"},"canonical":"https:\/\/test.burgwaechterservice.de\/fr\/p\/boites-aux-lettres\/cosmo\/","og_locale":"fr_FR","og_type":"article","og_title":"Cosmo","og_description":"Bo\u00eete aux lettres premium Cosmo par BURG-W\u00c4CHTER : un vrai accroche-regard \u25ba Acier inoxydable brut, liss\u00e9 \u00e0 la main \u2713 Ergonomique \u2713 Aspect \u00e9l\u00e9gant \u2713","og_url":"https:\/\/test.burgwaechterservice.de\/fr\/p\/boites-aux-lettres\/cosmo\/","og_site_name":"Burg-W\u00e4chter France","article_modified_time":"2020-04-08T08:38:00+00:00","og_image":[{"width":1000,"height":1000,"url":"https:\/\/test.burgwaechterservice.de\/fr\/wp-content\/uploads\/sites\/4\/2020\/02\/Briefkasten-Cosmo-Burg-W\u00e4chter-Zeitungsfach.jpg","type":"image\/jpeg"}],"twitter_card":"summary_large_image","twitter_misc":{"Dur\u00e9e de lecture estim\u00e9e":"3 minutes"},"schema":{"@context":"https:\/\/schema.org","@graph":[{"@type":"WebPage","@id":"https:\/\/test.burgwaechterservice.de\/fr\/p\/boites-aux-lettres\/cosmo\/","url":"https:\/\/test.burgwaechterservice.de\/fr\/p\/boites-aux-lettres\/cosmo\/","name":"Bo\u00eete aux lettres en inox par Burg-W\u00e4chter : l'\u00e9l\u00e9gance alli\u00e9e au confort","isPartOf":{"@id":"https:\/\/test.burgwaechterservice.de\/fr\/#website"},"datePublished":"2020-02-26T08:43:12+00:00","dateModified":"2020-04-08T08:38:00+00:00","description":"Bo\u00eete aux lettres premium Cosmo par BURG-W\u00c4CHTER : un vrai accroche-regard \u25ba Acier inoxydable brut, liss\u00e9 \u00e0 la main \u2713 Ergonomique \u2713 Aspect \u00e9l\u00e9gant \u2713","breadcrumb":{"@id":"https:\/\/test.burgwaechterservice.de\/fr\/p\/boites-aux-lettres\/cosmo\/#breadcrumb"},"inLanguage":"fr-FR","potentialAction":[{"@type":"ReadAction","target":["https:\/\/test.burgwaechterservice.de\/fr\/p\/boites-aux-lettres\/cosmo\/"]}]},{"@type":"BreadcrumbList","@id":"https:\/\/test.burgwaechterservice.de\/fr\/p\/boites-aux-lettres\/cosmo\/#breadcrumb","itemListElement":[{"@type":"ListItem","position":1,"name":"Accueil","item":"https:\/\/test.burgwaechterservice.de\/fr\/"},{"@type":"ListItem","position":2,"name":"Produits","item":"https:\/\/test.burgwaechterservice.de\/fr\/p\/"},{"@type":"ListItem","position":3,"name":"Cosmo"}]},{"@type":"WebSite","@id":"https:\/\/test.burgwaechterservice.de\/fr\/#website","url":"https:\/\/test.burgwaechterservice.de\/fr\/","name":"Burg-W\u00e4chter France","description":"Le choix le plus s\u00fbr!","potentialAction":[{"@type":"SearchAction","target":{"@type":"EntryPoint","urlTemplate":"https:\/\/test.burgwaechterservice.de\/fr\/?s={search_term_string}"},"query-input":"required name=search_term_string"}],"inLanguage":"fr-FR"}]}},"_links":{"self":[{"href":"https:\/\/test.burgwaechterservice.de\/fr\/wp-json\/wp\/v2\/product\/391678"}],"collection":[{"href":"https:\/\/test.burgwaechterservice.de\/fr\/wp-json\/wp\/v2\/product"}],"about":[{"href":"https:\/\/test.burgwaechterservice.de\/fr\/wp-json\/wp\/v2\/types\/product"}],"replies":[{"embeddable":true,"href":"https:\/\/test.burgwaechterservice.de\/fr\/wp-json\/wp\/v2\/comments?post=391678"}],"wp:featuredmedia":[{"embeddable":true,"href":"https:\/\/test.burgwaechterservice.de\/fr\/wp-json\/wp\/v2\/media\/391679"}],"wp:attachment":[{"href":"https:\/\/test.burgwaechterservice.de\/fr\/wp-json\/wp\/v2\/media?parent=391678"}],"wp:term":[{"taxonomy":"product_cat","embeddable":true,"href":"https:\/\/test.burgwaechterservice.de\/fr\/wp-json\/wp\/v2\/product_cat?post=391678"},{"taxonomy":"product_tag","embeddable":true,"href":"https:\/\/test.burgwaechterservice.de\/fr\/wp-json\/wp\/v2\/product_tag?post=391678"}],"curies":[{"name":"wp","href":"https:\/\/api.w.org\/{rel}","templated":true}]}}