{"id":37271,"date":"2016-09-30T09:16:50","date_gmt":"2016-09-30T07:16:50","guid":{"rendered":"https:\/\/www.burg.biz\/fr\/?post_type=product&#038;p=37271"},"modified":"2019-05-28T10:59:32","modified_gmt":"2019-05-28T08:59:32","slug":"boite-aux-lettres-solaire-malaga-4400","status":"publish","type":"product","link":"https:\/\/test.burgwaechterservice.de\/fr\/p\/boites-aux-lettres\/boite-aux-lettres-solaire-malaga-4400\/","title":{"rendered":"Bo\u00eete aux lettres solaire Malaga 4400"},"content":{"rendered":"<p><img fetchpriority=\"high\" decoding=\"async\" class=\"alignnone wp-image-41827\" src=\"https:\/\/test.burgwaechterservice.de\/fr\/wp-content\/uploads\/sites\/4\/2016\/07\/Malaga.jpg\" alt=\"BUW-Icons-BK 4c OK.indd\" width=\"730\" height=\"118\" srcset=\"https:\/\/test.burgwaechterservice.de\/fr\/wp-content\/uploads\/sites\/4\/2016\/07\/Malaga.jpg 1973w, https:\/\/test.burgwaechterservice.de\/fr\/wp-content\/uploads\/sites\/4\/2016\/07\/Malaga-300x49.jpg 300w, https:\/\/test.burgwaechterservice.de\/fr\/wp-content\/uploads\/sites\/4\/2016\/07\/Malaga-768x124.jpg 768w, https:\/\/test.burgwaechterservice.de\/fr\/wp-content\/uploads\/sites\/4\/2016\/07\/Malaga-1024x166.jpg 1024w\" sizes=\"(max-width: 730px) 100vw, 730px\" \/><a href=\"https:\/\/warranty.burg.biz\/bk\/\" target=\"_blank\" rel=\"noopener noreferrer\"><img decoding=\"async\" class=\"alignright wp-image-254979\" src=\"https:\/\/test.burgwaechterservice.de\/fr\/wp-content\/uploads\/sites\/4\/2016\/07\/Siegel_5_Jahre_Garantie_FR_-295x300.jpg\" alt=\"\" width=\"214\" height=\"218\" srcset=\"https:\/\/test.burgwaechterservice.de\/fr\/wp-content\/uploads\/sites\/4\/2016\/07\/Siegel_5_Jahre_Garantie_FR_-295x300.jpg 295w, https:\/\/test.burgwaechterservice.de\/fr\/wp-content\/uploads\/sites\/4\/2016\/07\/Siegel_5_Jahre_Garantie_FR_.jpg 485w\" sizes=\"(max-width: 214px) 100vw, 214px\" \/><br \/>\n<\/a><\/p>\n<p>Le mod\u00e8le Malaga donne de la visibilit\u00e9 \u00e0 votre num\u00e9ro de maison<br \/>\n<strong>Design<\/strong> et <strong>fonctionnalit\u00e9<\/strong> sont optimalement\u00a0 concili\u00e9s. \u00c9quip\u00e9 avec un cadre illumin\u00e9 pour le num\u00e9ro de maison, cette bo\u00eete aux lettres ne peut pas seulement recevoir votre courrier, mais peut aussi guider vos visiteurs par une mauvaise luminosit\u00e9.<\/p>\n<p>Un \u00e9clairage LED \u00e0 entra\u00eenement solaire\u00a0: d\u00e9coratif et efficace<br \/>\nLa particularit\u00e9 de cette bo\u00eete aux lettres est le <strong>cadre illumin\u00e9 pour le num\u00e9ro de maison<\/strong> sur le devant. Il est \u00e9quip\u00e9 avec des <strong>luminaires \u00e0 LED<\/strong> et il fonctionne seulement <strong>\u00e0 l\u2019aide d\u2019\u00e9nergie solaire. <\/strong>Lors du cr\u00e9puscule, pendant la nuit et \u00e0 l\u2019aube, un accu int\u00e9gr\u00e9 alimente les LED en \u00e9lectricit\u00e9.<\/p>\n<p>\u00c0 l\u2019aide des num\u00e9ros joints autocollants vous pouvez facilement coller votre num\u00e9ro de maison sur le cadre.<\/p>\n<p>Une construction de haute qualit\u00e9<br \/>\nLa Malaga 4400 Ni est faite d\u2019acier affin\u00e9 inoxydable.<br \/>\nLa <strong>bo\u00eete aux lettres en acier<\/strong> Malaga 4400 Si\/W est <strong>compl\u00e8tement zingu\u00e9e<\/strong> et couverte avec une <strong>application de vernis protecteur <\/strong>haut de gamme.<br \/>\nLa bo\u00eete aux lettres devrait \u00eatre install\u00e9e <strong>\u00e0 l\u2019ext\u00e9rieur \u00e0 l\u2019abri des intemp\u00e9ries<\/strong> \u2013 ainsi la fonctionnalit\u00e9 de Malaga sera pr\u00e9serv\u00e9e.<\/p>\n<p>La bo\u00eete aux lettres est \u00e9quip\u00e9e\u00a0 avec une serrure \u00e0 cylindre et de s\u00e9rie avec deux cl\u00e9s.<br \/>\nPour recevoir votre journal s\u00e9par\u00e9ment, il y a une porte-journaux suppl\u00e9mentaire sous la bo\u00eete aux lettres.<\/p>\n<p><strong>Conseil de montage pour une fonctionnalit\u00e9 optimale\u00a0<\/strong>: SVP, faites attention lors du montage que les photopiles sont orient\u00e9es vers le soleil ou bien qu\u2019il y a beaucoup de lumi\u00e8re sur les cellules.<\/p>\n<p>&nbsp;<\/p>\n<p>La bo\u00eete aux lettres solaire Malaga de BURG-W\u00c4CHTER d\u2019un seul coup d\u2019\u0153il<\/p>\n<ul>\n<li>Version Ni\n<ul>\n<li>acier affin\u00e9 inoxydable<\/li>\n<li>acier affin\u00e9 avec un vernis protecteur transparent<\/li>\n<\/ul>\n<\/li>\n<li>Version an acier\n<ul>\n<li>acier compl\u00e8tement zingu\u00e9, recouvert de bonne qualit\u00e9<\/li>\n<\/ul>\n<\/li>\n<li>avec une serrure \u00e0 cylindre et deux cl\u00e9s<\/li>\n<li>\u00e9clairage du num\u00e9ro de maison par LED solaire avec un capteur cr\u00e9pusculaire<\/li>\n<li>num\u00e9ros de maison autocollants inclus (3x 0-9, A-F)<\/li>\n<li>1x accu AA (1,2V) compris<\/li>\n<li>avec porte-journaux int\u00e9gr\u00e9<\/li>\n<li>couleur\u00a0: acier affin\u00e9, blanc ou argent<\/li>\n<li>format de fente DIN C4 (L x H\u00a0: 332 x 31 mm)<\/li>\n<li>mesures H x L x P\u00a0: 420 x 377 115 mm<\/li>\n<\/ul>\n<p>*Rustproof = <strong>Version Ni<\/strong><\/p>\n","protected":false},"excerpt":{"rendered":"<p>Le mod\u00e8le Malaga donne de la visibilit\u00e9 \u00e0 votre num\u00e9ro de maison Design et fonctionnalit\u00e9 sont optimalement\u00a0 concili\u00e9s. \u00c9quip\u00e9 avec un cadre illumin\u00e9 pour le num\u00e9ro de maison, cette bo\u00eete aux lettres ne peut pas seulement recevoir votre courrier, mais &hellip; <a class=\"kt-excerpt-readmore\" href=\"https:\/\/test.burgwaechterservice.de\/fr\/p\/boites-aux-lettres\/boite-aux-lettres-solaire-malaga-4400\/\" aria-label=\"Bo\u00eete aux lettres solaire Malaga 4400\">Lire la suite<\/a><\/p>\n","protected":false},"featured_media":37273,"comment_status":"closed","ping_status":"closed","template":"","meta":[],"product_cat":[23,25,33],"product_tag":[],"yoast_head":"<!-- This site is optimized with the Yoast SEO Premium plugin v18.4 (Yoast SEO v19.13) - https:\/\/yoast.com\/wordpress\/plugins\/seo\/ -->\n<title>Bo\u00eete aux lettres solaire Malaga 4400 - BURG-W\u00c4CHTER<\/title>\n<meta name=\"description\" content=\"Le mod\u00e8le Malaga donne de la visibilit\u00e9 \u00e0 votre num\u00e9ro de maison Design et fonctionnalit\u00e9 sont optimalement\u00a0 concili\u00e9s. \u00c9quip\u00e9 avec un cadre illumin\u00e9 pour\" \/>\n<meta name=\"robots\" content=\"index, follow, max-snippet:-1, max-image-preview:large, max-video-preview:-1\" \/>\n<link rel=\"canonical\" href=\"https:\/\/test.burgwaechterservice.de\/fr\/p\/boites-aux-lettres\/boite-aux-lettres-solaire-malaga-4400\/\" \/>\n<meta property=\"og:locale\" content=\"fr_FR\" \/>\n<meta property=\"og:type\" content=\"article\" \/>\n<meta property=\"og:title\" content=\"Bo\u00eete aux lettres solaire Malaga 4400\" \/>\n<meta property=\"og:description\" content=\"Le mod\u00e8le Malaga donne de la visibilit\u00e9 \u00e0 votre num\u00e9ro de maison Design et fonctionnalit\u00e9 sont optimalement\u00a0 concili\u00e9s. \u00c9quip\u00e9 avec un cadre illumin\u00e9 pour\" \/>\n<meta property=\"og:url\" content=\"https:\/\/test.burgwaechterservice.de\/fr\/p\/boites-aux-lettres\/boite-aux-lettres-solaire-malaga-4400\/\" \/>\n<meta property=\"og:site_name\" content=\"Burg-W\u00e4chter France\" \/>\n<meta property=\"article:modified_time\" content=\"2019-05-28T08:59:32+00:00\" \/>\n<meta property=\"og:image\" content=\"https:\/\/test.burgwaechterservice.de\/fr\/wp-content\/uploads\/sites\/4\/2016\/09\/BK_Malaga_4400_Si_leuchtet.jpg\" \/>\n\t<meta property=\"og:image:width\" content=\"800\" \/>\n\t<meta property=\"og:image:height\" content=\"800\" \/>\n\t<meta property=\"og:image:type\" content=\"image\/jpeg\" \/>\n<meta name=\"twitter:card\" content=\"summary_large_image\" \/>\n<meta name=\"twitter:label1\" content=\"Dur\u00e9e de lecture estim\u00e9e\" \/>\n\t<meta name=\"twitter:data1\" content=\"2 minutes\" \/>\n<!-- \/ Yoast SEO Premium plugin. -->","yoast_head_json":{"title":"Bo\u00eete aux lettres solaire Malaga 4400 - BURG-W\u00c4CHTER","description":"Le mod\u00e8le Malaga donne de la visibilit\u00e9 \u00e0 votre num\u00e9ro de maison Design et fonctionnalit\u00e9 sont optimalement\u00a0 concili\u00e9s. \u00c9quip\u00e9 avec un cadre illumin\u00e9 pour","robots":{"index":"index","follow":"follow","max-snippet":"max-snippet:-1","max-image-preview":"max-image-preview:large","max-video-preview":"max-video-preview:-1"},"canonical":"https:\/\/test.burgwaechterservice.de\/fr\/p\/boites-aux-lettres\/boite-aux-lettres-solaire-malaga-4400\/","og_locale":"fr_FR","og_type":"article","og_title":"Bo\u00eete aux lettres solaire Malaga 4400","og_description":"Le mod\u00e8le Malaga donne de la visibilit\u00e9 \u00e0 votre num\u00e9ro de maison Design et fonctionnalit\u00e9 sont optimalement\u00a0 concili\u00e9s. \u00c9quip\u00e9 avec un cadre illumin\u00e9 pour","og_url":"https:\/\/test.burgwaechterservice.de\/fr\/p\/boites-aux-lettres\/boite-aux-lettres-solaire-malaga-4400\/","og_site_name":"Burg-W\u00e4chter France","article_modified_time":"2019-05-28T08:59:32+00:00","og_image":[{"width":800,"height":800,"url":"https:\/\/test.burgwaechterservice.de\/fr\/wp-content\/uploads\/sites\/4\/2016\/09\/BK_Malaga_4400_Si_leuchtet.jpg","type":"image\/jpeg"}],"twitter_card":"summary_large_image","twitter_misc":{"Dur\u00e9e de lecture estim\u00e9e":"2 minutes"},"schema":{"@context":"https:\/\/schema.org","@graph":[{"@type":"WebPage","@id":"https:\/\/test.burgwaechterservice.de\/fr\/p\/boites-aux-lettres\/boite-aux-lettres-solaire-malaga-4400\/","url":"https:\/\/test.burgwaechterservice.de\/fr\/p\/boites-aux-lettres\/boite-aux-lettres-solaire-malaga-4400\/","name":"Bo\u00eete aux lettres solaire Malaga 4400 - BURG-W\u00c4CHTER","isPartOf":{"@id":"https:\/\/test.burgwaechterservice.de\/fr\/#website"},"datePublished":"2016-09-30T07:16:50+00:00","dateModified":"2019-05-28T08:59:32+00:00","description":"Le mod\u00e8le Malaga donne de la visibilit\u00e9 \u00e0 votre num\u00e9ro de maison Design et fonctionnalit\u00e9 sont optimalement\u00a0 concili\u00e9s. \u00c9quip\u00e9 avec un cadre illumin\u00e9 pour","breadcrumb":{"@id":"https:\/\/test.burgwaechterservice.de\/fr\/p\/boites-aux-lettres\/boite-aux-lettres-solaire-malaga-4400\/#breadcrumb"},"inLanguage":"fr-FR","potentialAction":[{"@type":"ReadAction","target":["https:\/\/test.burgwaechterservice.de\/fr\/p\/boites-aux-lettres\/boite-aux-lettres-solaire-malaga-4400\/"]}]},{"@type":"BreadcrumbList","@id":"https:\/\/test.burgwaechterservice.de\/fr\/p\/boites-aux-lettres\/boite-aux-lettres-solaire-malaga-4400\/#breadcrumb","itemListElement":[{"@type":"ListItem","position":1,"name":"Accueil","item":"https:\/\/test.burgwaechterservice.de\/fr\/"},{"@type":"ListItem","position":2,"name":"Produits","item":"https:\/\/test.burgwaechterservice.de\/fr\/p\/"},{"@type":"ListItem","position":3,"name":"Bo\u00eete aux lettres solaire Malaga 4400"}]},{"@type":"WebSite","@id":"https:\/\/test.burgwaechterservice.de\/fr\/#website","url":"https:\/\/test.burgwaechterservice.de\/fr\/","name":"Burg-W\u00e4chter France","description":"Le choix le plus s\u00fbr!","potentialAction":[{"@type":"SearchAction","target":{"@type":"EntryPoint","urlTemplate":"https:\/\/test.burgwaechterservice.de\/fr\/?s={search_term_string}"},"query-input":"required name=search_term_string"}],"inLanguage":"fr-FR"}]}},"_links":{"self":[{"href":"https:\/\/test.burgwaechterservice.de\/fr\/wp-json\/wp\/v2\/product\/37271"}],"collection":[{"href":"https:\/\/test.burgwaechterservice.de\/fr\/wp-json\/wp\/v2\/product"}],"about":[{"href":"https:\/\/test.burgwaechterservice.de\/fr\/wp-json\/wp\/v2\/types\/product"}],"replies":[{"embeddable":true,"href":"https:\/\/test.burgwaechterservice.de\/fr\/wp-json\/wp\/v2\/comments?post=37271"}],"wp:featuredmedia":[{"embeddable":true,"href":"https:\/\/test.burgwaechterservice.de\/fr\/wp-json\/wp\/v2\/media\/37273"}],"wp:attachment":[{"href":"https:\/\/test.burgwaechterservice.de\/fr\/wp-json\/wp\/v2\/media?parent=37271"}],"wp:term":[{"taxonomy":"product_cat","embeddable":true,"href":"https:\/\/test.burgwaechterservice.de\/fr\/wp-json\/wp\/v2\/product_cat?post=37271"},{"taxonomy":"product_tag","embeddable":true,"href":"https:\/\/test.burgwaechterservice.de\/fr\/wp-json\/wp\/v2\/product_tag?post=37271"}],"curies":[{"name":"wp","href":"https:\/\/api.w.org\/{rel}","templated":true}]}}