{"id":37269,"date":"2016-09-30T09:19:42","date_gmt":"2016-09-30T07:19:42","guid":{"rendered":"https:\/\/www.burg.biz\/fr\/?post_type=product&#038;p=37269"},"modified":"2016-09-30T09:54:00","modified_gmt":"2016-09-30T07:54:00","slug":"balutic","status":"publish","type":"product","link":"https:\/\/test.burgwaechterservice.de\/fr\/p\/boites-aux-lettres\/balutic\/","title":{"rendered":"BALUtic"},"content":{"rendered":"<h3>Bo\u00eete aux lettres normalis\u00e9e \u00e0 ouverture horizontale et double points de fermetures<\/h3>\n<ul>\n<li>ouverture horizontale<\/li>\n<li>2 points de fermeture (porte avant)<\/li>\n<li>volet en aluminium anodis\u00e9 avec amortisseur<\/li>\n<li>axes int\u00e9gr\u00e9s ultra r\u00e9sistants<\/li>\n<li>porte arri\u00e8re &#8211; ouverture verticale : Rampes facilitants la prise du courrier, Stop Courrier (porte bloqu\u00e9e \u00e0 120\u00b0)<\/li>\n<li>disponible en 1 porte ou 2 portes<\/li>\n<li>pas de trace d\u2018assemblage<\/li>\n<li>barillet PTT agr\u00e9\u00e9 La Poste<\/li>\n<li>porte \u00e9tiquette anti-UV<\/li>\n<\/ul>\n<table class=\"ausfuehrung\">\n<thead>\n<tr>\n<td>Article<\/td>\n<td>Couleurs<\/td>\n<td>Description<\/td>\n<td>H x L x P<\/td>\n<td>Fente<\/td>\n<\/tr>\n<tr>\n<td class=\"subdesc\"><\/td>\n<td><\/td>\n<td><\/td>\n<td class=\"subdesc\">mm<\/td>\n<td class=\"subdesc\">L x H (mm)<\/td>\n<\/tr>\n<\/thead>\n<tbody>\n<tr>\n<td>525 BE ALU<\/td>\n<td>beige<\/td>\n<td>1 porte<\/td>\n<td>310 x 280 x 365<\/td>\n<td>235 x 24<\/td>\n<\/tr>\n<tr>\n<td>525 BL ALU<\/td>\n<td>blanc<\/td>\n<td>1 porte<\/td>\n<td>310 x 280 x 365<\/td>\n<td>235 x 24<\/td>\n<\/tr>\n<tr>\n<td>525NO ALU<\/td>\n<td>noir<\/td>\n<td>1 porte<\/td>\n<td>310 x 280 x 365<\/td>\n<td>235 x 24<\/td>\n<\/tr>\n<tr>\n<td>525 ANT ALU<\/td>\n<td>anthracite<\/td>\n<td>1 porte<\/td>\n<td>310 x 280 x 365<\/td>\n<td>235 x 24<\/td>\n<\/tr>\n<tr>\n<td>526 BE ALU<\/td>\n<td>beige<\/td>\n<td>2 portes<\/td>\n<td>310 x 280 x 365<\/td>\n<td>235 x 24<\/td>\n<\/tr>\n<tr>\n<td>526 BL ALU<\/td>\n<td>blanc<\/td>\n<td>2 portes<\/td>\n<td>310 x 280 x 365<\/td>\n<td>235 x 24<\/td>\n<\/tr>\n<tr>\n<td>526 NO ALU<\/td>\n<td>noir<\/td>\n<td>2 portes<\/td>\n<td>310 x 280 x 365<\/td>\n<td>235 x 24<\/td>\n<\/tr>\n<tr>\n<td>526 ANT ALU<\/td>\n<td>anthracite<\/td>\n<td>2 portes<\/td>\n<td>310 x 280 x 365<\/td>\n<td>235 x 24<\/td>\n<\/tr>\n<\/tbody>\n<\/table>\n","protected":false},"excerpt":{"rendered":"<p>Bo\u00eete aux lettres normalis\u00e9e \u00e0 ouverture horizontale et double points de fermetures ouverture horizontale 2 points de fermeture (porte avant) volet en aluminium anodis\u00e9 avec amortisseur axes int\u00e9gr\u00e9s ultra r\u00e9sistants porte arri\u00e8re &#8211; ouverture verticale : Rampes facilitants la prise &hellip; <a class=\"kt-excerpt-readmore\" href=\"https:\/\/test.burgwaechterservice.de\/fr\/p\/boites-aux-lettres\/balutic\/\" aria-label=\"BALUtic\">Lire la suite<\/a><\/p>\n","protected":false},"featured_media":37289,"comment_status":"closed","ping_status":"closed","template":"","meta":[],"product_cat":[23,597],"product_tag":[],"yoast_head":"<!-- This site is optimized with the Yoast SEO Premium plugin v18.4 (Yoast SEO v19.13) - https:\/\/yoast.com\/wordpress\/plugins\/seo\/ -->\n<title>BALUtic - BURG-W\u00c4CHTER<\/title>\n<meta name=\"description\" content=\"Bo\u00eete aux lettres normalis\u00e9e \u00e0 ouverture horizontale et double points de fermetures ouverture horizontale 2 points de fermeture (porte avant) volet en\" \/>\n<meta name=\"robots\" content=\"index, follow, max-snippet:-1, max-image-preview:large, max-video-preview:-1\" \/>\n<link rel=\"canonical\" href=\"https:\/\/test.burgwaechterservice.de\/fr\/p\/boites-aux-lettres\/balutic\/\" \/>\n<meta property=\"og:locale\" content=\"fr_FR\" \/>\n<meta property=\"og:type\" content=\"article\" \/>\n<meta property=\"og:title\" content=\"BALUtic\" \/>\n<meta property=\"og:description\" content=\"Bo\u00eete aux lettres normalis\u00e9e \u00e0 ouverture horizontale et double points de fermetures ouverture horizontale 2 points de fermeture (porte avant) volet en\" \/>\n<meta property=\"og:url\" content=\"https:\/\/test.burgwaechterservice.de\/fr\/p\/boites-aux-lettres\/balutic\/\" \/>\n<meta property=\"og:site_name\" content=\"Burg-W\u00e4chter France\" \/>\n<meta property=\"article:modified_time\" content=\"2016-09-30T07:54:00+00:00\" \/>\n<meta property=\"og:image\" content=\"https:\/\/test.burgwaechterservice.de\/fr\/wp-content\/uploads\/sites\/4\/2016\/09\/BK_BALUtic_anthrazit_seitlich_Tuer_offen-1.jpg\" \/>\n\t<meta property=\"og:image:width\" content=\"1334\" \/>\n\t<meta property=\"og:image:height\" content=\"1333\" \/>\n\t<meta property=\"og:image:type\" content=\"image\/jpeg\" \/>\n<meta name=\"twitter:card\" content=\"summary_large_image\" \/>\n<meta name=\"twitter:label1\" content=\"Dur\u00e9e de lecture estim\u00e9e\" \/>\n\t<meta name=\"twitter:data1\" content=\"1 minute\" \/>\n<!-- \/ Yoast SEO Premium plugin. -->","yoast_head_json":{"title":"BALUtic - BURG-W\u00c4CHTER","description":"Bo\u00eete aux lettres normalis\u00e9e \u00e0 ouverture horizontale et double points de fermetures ouverture horizontale 2 points de fermeture (porte avant) volet en","robots":{"index":"index","follow":"follow","max-snippet":"max-snippet:-1","max-image-preview":"max-image-preview:large","max-video-preview":"max-video-preview:-1"},"canonical":"https:\/\/test.burgwaechterservice.de\/fr\/p\/boites-aux-lettres\/balutic\/","og_locale":"fr_FR","og_type":"article","og_title":"BALUtic","og_description":"Bo\u00eete aux lettres normalis\u00e9e \u00e0 ouverture horizontale et double points de fermetures ouverture horizontale 2 points de fermeture (porte avant) volet en","og_url":"https:\/\/test.burgwaechterservice.de\/fr\/p\/boites-aux-lettres\/balutic\/","og_site_name":"Burg-W\u00e4chter France","article_modified_time":"2016-09-30T07:54:00+00:00","og_image":[{"width":1334,"height":1333,"url":"https:\/\/test.burgwaechterservice.de\/fr\/wp-content\/uploads\/sites\/4\/2016\/09\/BK_BALUtic_anthrazit_seitlich_Tuer_offen-1.jpg","type":"image\/jpeg"}],"twitter_card":"summary_large_image","twitter_misc":{"Dur\u00e9e de lecture estim\u00e9e":"1 minute"},"schema":{"@context":"https:\/\/schema.org","@graph":[{"@type":"WebPage","@id":"https:\/\/test.burgwaechterservice.de\/fr\/p\/boites-aux-lettres\/balutic\/","url":"https:\/\/test.burgwaechterservice.de\/fr\/p\/boites-aux-lettres\/balutic\/","name":"BALUtic - BURG-W\u00c4CHTER","isPartOf":{"@id":"https:\/\/test.burgwaechterservice.de\/fr\/#website"},"datePublished":"2016-09-30T07:19:42+00:00","dateModified":"2016-09-30T07:54:00+00:00","description":"Bo\u00eete aux lettres normalis\u00e9e \u00e0 ouverture horizontale et double points de fermetures ouverture horizontale 2 points de fermeture (porte avant) volet en","breadcrumb":{"@id":"https:\/\/test.burgwaechterservice.de\/fr\/p\/boites-aux-lettres\/balutic\/#breadcrumb"},"inLanguage":"fr-FR","potentialAction":[{"@type":"ReadAction","target":["https:\/\/test.burgwaechterservice.de\/fr\/p\/boites-aux-lettres\/balutic\/"]}]},{"@type":"BreadcrumbList","@id":"https:\/\/test.burgwaechterservice.de\/fr\/p\/boites-aux-lettres\/balutic\/#breadcrumb","itemListElement":[{"@type":"ListItem","position":1,"name":"Accueil","item":"https:\/\/test.burgwaechterservice.de\/fr\/"},{"@type":"ListItem","position":2,"name":"Produits","item":"https:\/\/test.burgwaechterservice.de\/fr\/p\/"},{"@type":"ListItem","position":3,"name":"BALUtic"}]},{"@type":"WebSite","@id":"https:\/\/test.burgwaechterservice.de\/fr\/#website","url":"https:\/\/test.burgwaechterservice.de\/fr\/","name":"Burg-W\u00e4chter France","description":"Le choix le plus s\u00fbr!","potentialAction":[{"@type":"SearchAction","target":{"@type":"EntryPoint","urlTemplate":"https:\/\/test.burgwaechterservice.de\/fr\/?s={search_term_string}"},"query-input":"required name=search_term_string"}],"inLanguage":"fr-FR"}]}},"_links":{"self":[{"href":"https:\/\/test.burgwaechterservice.de\/fr\/wp-json\/wp\/v2\/product\/37269"}],"collection":[{"href":"https:\/\/test.burgwaechterservice.de\/fr\/wp-json\/wp\/v2\/product"}],"about":[{"href":"https:\/\/test.burgwaechterservice.de\/fr\/wp-json\/wp\/v2\/types\/product"}],"replies":[{"embeddable":true,"href":"https:\/\/test.burgwaechterservice.de\/fr\/wp-json\/wp\/v2\/comments?post=37269"}],"wp:featuredmedia":[{"embeddable":true,"href":"https:\/\/test.burgwaechterservice.de\/fr\/wp-json\/wp\/v2\/media\/37289"}],"wp:attachment":[{"href":"https:\/\/test.burgwaechterservice.de\/fr\/wp-json\/wp\/v2\/media?parent=37269"}],"wp:term":[{"taxonomy":"product_cat","embeddable":true,"href":"https:\/\/test.burgwaechterservice.de\/fr\/wp-json\/wp\/v2\/product_cat?post=37269"},{"taxonomy":"product_tag","embeddable":true,"href":"https:\/\/test.burgwaechterservice.de\/fr\/wp-json\/wp\/v2\/product_tag?post=37269"}],"curies":[{"name":"wp","href":"https:\/\/api.w.org\/{rel}","templated":true}]}}