{"id":36744,"date":"2016-09-15T09:57:51","date_gmt":"2016-09-15T07:57:51","guid":{"rendered":"https:\/\/www.burg.biz\/fr\/?post_type=product&#038;p=36744"},"modified":"2016-10-04T14:12:40","modified_gmt":"2016-10-04T12:12:40","slug":"accessoires-boites-aux-lettres","status":"publish","type":"product","link":"https:\/\/test.burgwaechterservice.de\/fr\/p\/boites-aux-lettres\/accessoires-boites-aux-lettres\/","title":{"rendered":"Accessoires &#8211; Bo\u00eetes aux lettres"},"content":{"rendered":"<p><strong>N1 :<\/strong> Porte-\u00e9tiquette standard<br \/>\n<strong>N2 :<\/strong> Pour le mod\u00e8le Europa<br \/>\n<strong>S1 :<\/strong> Plaquette de vue pour mod\u00e8le K\u00f6ln<br \/>\n<strong>P1 :<\/strong> Cor de poste, autocollant<br \/>\n<strong>P2 :<\/strong> Cor de poste, \u00e0 riveter<br \/>\n<strong>SD1 :<\/strong> Couvercle lat\u00e9ral pour\u00a0porte- journaux<\/p>\n<table class=\"ausfuehrung\">\n<thead>\n<tr>\n<td>Article<\/td>\n<td>Description<\/td>\n<\/tr>\n<tr>\n<td class=\"subdesc\"><\/td>\n<td><\/td>\n<\/tr>\n<\/thead>\n<tbody>\n<tr>\n<td>Cylindres en vrac<\/td>\n<td>veuillez indiquer le mod\u00e8le de bo\u00eete\u00a0aux lettres<\/td>\n<\/tr>\n<tr>\n<td>Cl\u00e9s pour bo\u00eetes<\/td>\n<td>selon n\u00b0 \u00e0 7 chiffres<\/td>\n<\/tr>\n<tr>\n<td>Porte-\u00e9tiquette N1<\/td>\n<td>taille : 74 x 22 mm<\/td>\n<\/tr>\n<tr>\n<td>Porte-\u00e9tiquette N2<\/td>\n<td>taille : 111 x 31 mm<\/td>\n<\/tr>\n<tr>\n<td>Plaquette de vue S1<\/td>\n<td>taille : 44 x 14 mm<\/td>\n<\/tr>\n<tr>\n<td>Cor de poste 1G<\/td>\n<td>pour bo\u00eetes aux lettres Roma<\/td>\n<\/tr>\n<tr>\n<td>Cor de poste 2<\/td>\n<td>pour bo\u00eetes aux lettres Sylt<\/td>\n<\/tr>\n<tr>\n<td>Cover SD1 SB<\/td>\n<td>\u00d8 120 mm, packed in pairs<\/td>\n<\/tr>\n<\/tbody>\n<\/table>\n","protected":false},"excerpt":{"rendered":"<p>N1 : Porte-\u00e9tiquette standard N2 : Pour le mod\u00e8le Europa S1 : Plaquette de vue pour mod\u00e8le K\u00f6ln P1 : Cor de poste, autocollant P2 : Cor de poste, \u00e0 riveter SD1 : Couvercle lat\u00e9ral pour\u00a0porte- journaux Article Description Cylindres &hellip; <a class=\"kt-excerpt-readmore\" href=\"https:\/\/test.burgwaechterservice.de\/fr\/p\/boites-aux-lettres\/accessoires-boites-aux-lettres\/\" aria-label=\"Accessoires &#8211; Bo\u00eetes aux lettres\">Lire la suite<\/a><\/p>\n","protected":false},"featured_media":32613,"comment_status":"closed","ping_status":"closed","template":"","meta":[],"product_cat":[23,44],"product_tag":[],"yoast_head":"<!-- This site is optimized with the Yoast SEO Premium plugin v18.4 (Yoast SEO v19.13) - https:\/\/yoast.com\/wordpress\/plugins\/seo\/ -->\n<title>Accessoires - Bo\u00eetes aux lettres - BURG-W\u00c4CHTER<\/title>\n<meta name=\"description\" content=\"N1 : Porte-\u00e9tiquette standard N2 : Pour le mod\u00e8le Europa S1 : Plaquette de vue pour mod\u00e8le K\u00f6ln P1 : Cor de poste, autocollant P2 : Cor de poste, \u00e0\" \/>\n<meta name=\"robots\" content=\"index, follow, max-snippet:-1, max-image-preview:large, max-video-preview:-1\" \/>\n<link rel=\"canonical\" href=\"https:\/\/test.burgwaechterservice.de\/fr\/p\/boites-aux-lettres\/accessoires-boites-aux-lettres\/\" \/>\n<meta property=\"og:locale\" content=\"fr_FR\" \/>\n<meta property=\"og:type\" content=\"article\" \/>\n<meta property=\"og:title\" content=\"Accessoires - Bo\u00eetes aux lettres\" \/>\n<meta property=\"og:description\" content=\"N1 : Porte-\u00e9tiquette standard N2 : Pour le mod\u00e8le Europa S1 : Plaquette de vue pour mod\u00e8le K\u00f6ln P1 : Cor de poste, autocollant P2 : Cor de poste, \u00e0\" \/>\n<meta property=\"og:url\" content=\"https:\/\/test.burgwaechterservice.de\/fr\/p\/boites-aux-lettres\/accessoires-boites-aux-lettres\/\" \/>\n<meta property=\"og:site_name\" content=\"Burg-W\u00e4chter France\" \/>\n<meta property=\"article:modified_time\" content=\"2016-10-04T12:12:40+00:00\" \/>\n<meta property=\"og:image\" content=\"https:\/\/test.burgwaechterservice.de\/fr\/wp-content\/uploads\/sites\/4\/2016\/07\/Briefkasten_Roma_1824_K_075401-01.jpg\" \/>\n\t<meta property=\"og:image:width\" content=\"1000\" \/>\n\t<meta property=\"og:image:height\" content=\"1000\" \/>\n\t<meta property=\"og:image:type\" content=\"image\/jpeg\" \/>\n<meta name=\"twitter:card\" content=\"summary_large_image\" \/>\n<meta name=\"twitter:label1\" content=\"Dur\u00e9e de lecture estim\u00e9e\" \/>\n\t<meta name=\"twitter:data1\" content=\"1 minute\" \/>\n<!-- \/ Yoast SEO Premium plugin. -->","yoast_head_json":{"title":"Accessoires - Bo\u00eetes aux lettres - BURG-W\u00c4CHTER","description":"N1 : Porte-\u00e9tiquette standard N2 : Pour le mod\u00e8le Europa S1 : Plaquette de vue pour mod\u00e8le K\u00f6ln P1 : Cor de poste, autocollant P2 : Cor de poste, \u00e0","robots":{"index":"index","follow":"follow","max-snippet":"max-snippet:-1","max-image-preview":"max-image-preview:large","max-video-preview":"max-video-preview:-1"},"canonical":"https:\/\/test.burgwaechterservice.de\/fr\/p\/boites-aux-lettres\/accessoires-boites-aux-lettres\/","og_locale":"fr_FR","og_type":"article","og_title":"Accessoires - Bo\u00eetes aux lettres","og_description":"N1 : Porte-\u00e9tiquette standard N2 : Pour le mod\u00e8le Europa S1 : Plaquette de vue pour mod\u00e8le K\u00f6ln P1 : Cor de poste, autocollant P2 : Cor de poste, \u00e0","og_url":"https:\/\/test.burgwaechterservice.de\/fr\/p\/boites-aux-lettres\/accessoires-boites-aux-lettres\/","og_site_name":"Burg-W\u00e4chter France","article_modified_time":"2016-10-04T12:12:40+00:00","og_image":[{"width":1000,"height":1000,"url":"https:\/\/test.burgwaechterservice.de\/fr\/wp-content\/uploads\/sites\/4\/2016\/07\/Briefkasten_Roma_1824_K_075401-01.jpg","type":"image\/jpeg"}],"twitter_card":"summary_large_image","twitter_misc":{"Dur\u00e9e de lecture estim\u00e9e":"1 minute"},"schema":{"@context":"https:\/\/schema.org","@graph":[{"@type":"WebPage","@id":"https:\/\/test.burgwaechterservice.de\/fr\/p\/boites-aux-lettres\/accessoires-boites-aux-lettres\/","url":"https:\/\/test.burgwaechterservice.de\/fr\/p\/boites-aux-lettres\/accessoires-boites-aux-lettres\/","name":"Accessoires - Bo\u00eetes aux lettres - BURG-W\u00c4CHTER","isPartOf":{"@id":"https:\/\/test.burgwaechterservice.de\/fr\/#website"},"datePublished":"2016-09-15T07:57:51+00:00","dateModified":"2016-10-04T12:12:40+00:00","description":"N1 : Porte-\u00e9tiquette standard N2 : Pour le mod\u00e8le Europa S1 : Plaquette de vue pour mod\u00e8le K\u00f6ln P1 : Cor de poste, autocollant P2 : Cor de poste, \u00e0","breadcrumb":{"@id":"https:\/\/test.burgwaechterservice.de\/fr\/p\/boites-aux-lettres\/accessoires-boites-aux-lettres\/#breadcrumb"},"inLanguage":"fr-FR","potentialAction":[{"@type":"ReadAction","target":["https:\/\/test.burgwaechterservice.de\/fr\/p\/boites-aux-lettres\/accessoires-boites-aux-lettres\/"]}]},{"@type":"BreadcrumbList","@id":"https:\/\/test.burgwaechterservice.de\/fr\/p\/boites-aux-lettres\/accessoires-boites-aux-lettres\/#breadcrumb","itemListElement":[{"@type":"ListItem","position":1,"name":"Accueil","item":"https:\/\/test.burgwaechterservice.de\/fr\/"},{"@type":"ListItem","position":2,"name":"Produits","item":"https:\/\/test.burgwaechterservice.de\/fr\/p\/"},{"@type":"ListItem","position":3,"name":"Accessoires &#8211; Bo\u00eetes aux lettres"}]},{"@type":"WebSite","@id":"https:\/\/test.burgwaechterservice.de\/fr\/#website","url":"https:\/\/test.burgwaechterservice.de\/fr\/","name":"Burg-W\u00e4chter France","description":"Le choix le plus s\u00fbr!","potentialAction":[{"@type":"SearchAction","target":{"@type":"EntryPoint","urlTemplate":"https:\/\/test.burgwaechterservice.de\/fr\/?s={search_term_string}"},"query-input":"required name=search_term_string"}],"inLanguage":"fr-FR"}]}},"_links":{"self":[{"href":"https:\/\/test.burgwaechterservice.de\/fr\/wp-json\/wp\/v2\/product\/36744"}],"collection":[{"href":"https:\/\/test.burgwaechterservice.de\/fr\/wp-json\/wp\/v2\/product"}],"about":[{"href":"https:\/\/test.burgwaechterservice.de\/fr\/wp-json\/wp\/v2\/types\/product"}],"replies":[{"embeddable":true,"href":"https:\/\/test.burgwaechterservice.de\/fr\/wp-json\/wp\/v2\/comments?post=36744"}],"wp:featuredmedia":[{"embeddable":true,"href":"https:\/\/test.burgwaechterservice.de\/fr\/wp-json\/wp\/v2\/media\/32613"}],"wp:attachment":[{"href":"https:\/\/test.burgwaechterservice.de\/fr\/wp-json\/wp\/v2\/media?parent=36744"}],"wp:term":[{"taxonomy":"product_cat","embeddable":true,"href":"https:\/\/test.burgwaechterservice.de\/fr\/wp-json\/wp\/v2\/product_cat?post=36744"},{"taxonomy":"product_tag","embeddable":true,"href":"https:\/\/test.burgwaechterservice.de\/fr\/wp-json\/wp\/v2\/product_tag?post=36744"}],"curies":[{"name":"wp","href":"https:\/\/api.w.org\/{rel}","templated":true}]}}