{"id":36732,"date":"2016-09-15T08:40:48","date_gmt":"2016-09-15T06:40:48","guid":{"rendered":"https:\/\/www.burg.biz\/fr\/?post_type=product&#038;p=36732"},"modified":"2019-07-04T08:59:35","modified_gmt":"2019-07-04T06:59:35","slug":"500-point","status":"publish","type":"product","link":"https:\/\/test.burgwaechterservice.de\/fr\/p\/cadenas-et-porte-cadenas\/500-point\/","title":{"rendered":"500 Point"},"content":{"rendered":"<ul>\n<li>cadenas bon march\u00e9 en laiton<\/li>\n<li>qualit\u00e9 simple<\/li>\n<li>avec 3 cl\u00e9s<\/li>\n<li>non livrable en fabrications sp\u00e9ciales (s\u00b4entrouvant, etc.)<\/li>\n<\/ul>\n<table class=\"ausfuehrung\">\n<thead>\n<tr>\n<td>Article<\/td>\n<td>\u00d8 de l\u2018anse<\/td>\n<td>Largeur libre de l\u2018anse<\/td>\n<td>Hauteur libre de l\u2018anse<\/td>\n<\/tr>\n<\/thead>\n<tbody>\n<tr>\n<td class=\"subdesc\"><\/td>\n<td class=\"subdesc\">mm<\/td>\n<td class=\"subdesc\">mm<\/td>\n<td class=\"subdesc\">mm<\/td>\n<\/tr>\n<\/tbody>\n<tbody>\n<tr>\n<td>500 20<\/td>\n<td>3,0<\/td>\n<td>10,5<\/td>\n<td>11,0<\/td>\n<\/tr>\n<tr>\n<td>500 25<\/td>\n<td>3,5<\/td>\n<td>13,5<\/td>\n<td>15,5<\/td>\n<\/tr>\n<tr>\n<td>500 30<\/td>\n<td>4,5<\/td>\n<td>16,0<\/td>\n<td>17,5<\/td>\n<\/tr>\n<tr>\n<td>500 40<\/td>\n<td>5,5<\/td>\n<td>22,5<\/td>\n<td>22,5<\/td>\n<\/tr>\n<tr>\n<td>500 45<\/td>\n<td>5,5<\/td>\n<td>27,0<\/td>\n<td>26,0<\/td>\n<\/tr>\n<tr>\n<td>500 50<\/td>\n<td>6,5<\/td>\n<td>30,0<\/td>\n<td>27,0<\/td>\n<\/tr>\n<\/tbody>\n<\/table>\n","protected":false},"excerpt":{"rendered":"<p>cadenas bon march\u00e9 en laiton qualit\u00e9 simple avec 3 cl\u00e9s non livrable en fabrications sp\u00e9ciales (s\u00b4entrouvant, etc.) Article \u00d8 de l\u2018anse Largeur libre de l\u2018anse Hauteur libre de l\u2018anse mm mm mm 500 20 3,0 10,5 11,0 500 25 3,5 &hellip; <a class=\"kt-excerpt-readmore\" href=\"https:\/\/test.burgwaechterservice.de\/fr\/p\/cadenas-et-porte-cadenas\/500-point\/\" aria-label=\"500 Point\">Lire la suite<\/a><\/p>\n","protected":false},"featured_media":36743,"comment_status":"closed","ping_status":"closed","template":"","meta":[],"product_cat":[30,39,3122],"product_tag":[],"yoast_head":"<!-- This site is optimized with the Yoast SEO Premium plugin v18.4 (Yoast SEO v19.13) - https:\/\/yoast.com\/wordpress\/plugins\/seo\/ -->\n<title>500 Point - BURG-W\u00c4CHTER<\/title>\n<meta name=\"description\" content=\"cadenas bon march\u00e9 en laiton qualit\u00e9 simple avec 3 cl\u00e9s non livrable en fabrications sp\u00e9ciales (s\u00b4entrouvant, etc.) Article \u00d8 de l\u2018anse Largeur libre de\" \/>\n<meta name=\"robots\" content=\"index, follow, max-snippet:-1, max-image-preview:large, max-video-preview:-1\" \/>\n<link rel=\"canonical\" href=\"https:\/\/test.burgwaechterservice.de\/fr\/p\/cadenas-et-porte-cadenas\/500-point\/\" \/>\n<meta property=\"og:locale\" content=\"fr_FR\" \/>\n<meta property=\"og:type\" content=\"article\" \/>\n<meta property=\"og:title\" content=\"500 Point\" \/>\n<meta property=\"og:description\" content=\"cadenas bon march\u00e9 en laiton qualit\u00e9 simple avec 3 cl\u00e9s non livrable en fabrications sp\u00e9ciales (s\u00b4entrouvant, etc.) Article \u00d8 de l\u2018anse Largeur libre de\" \/>\n<meta property=\"og:url\" content=\"https:\/\/test.burgwaechterservice.de\/fr\/p\/cadenas-et-porte-cadenas\/500-point\/\" \/>\n<meta property=\"og:site_name\" content=\"Burg-W\u00e4chter France\" \/>\n<meta property=\"article:modified_time\" content=\"2019-07-04T06:59:35+00:00\" \/>\n<meta property=\"og:image\" content=\"https:\/\/test.burgwaechterservice.de\/fr\/wp-content\/uploads\/sites\/4\/2016\/09\/Zylinder_Vorhangschloss_500_Point_01-456x456.jpg\" \/>\n\t<meta property=\"og:image:width\" content=\"456\" \/>\n\t<meta property=\"og:image:height\" content=\"456\" \/>\n\t<meta property=\"og:image:type\" content=\"image\/jpeg\" \/>\n<meta name=\"twitter:card\" content=\"summary_large_image\" \/>\n<!-- \/ Yoast SEO Premium plugin. -->","yoast_head_json":{"title":"500 Point - BURG-W\u00c4CHTER","description":"cadenas bon march\u00e9 en laiton qualit\u00e9 simple avec 3 cl\u00e9s non livrable en fabrications sp\u00e9ciales (s\u00b4entrouvant, etc.) Article \u00d8 de l\u2018anse Largeur libre de","robots":{"index":"index","follow":"follow","max-snippet":"max-snippet:-1","max-image-preview":"max-image-preview:large","max-video-preview":"max-video-preview:-1"},"canonical":"https:\/\/test.burgwaechterservice.de\/fr\/p\/cadenas-et-porte-cadenas\/500-point\/","og_locale":"fr_FR","og_type":"article","og_title":"500 Point","og_description":"cadenas bon march\u00e9 en laiton qualit\u00e9 simple avec 3 cl\u00e9s non livrable en fabrications sp\u00e9ciales (s\u00b4entrouvant, etc.) Article \u00d8 de l\u2018anse Largeur libre de","og_url":"https:\/\/test.burgwaechterservice.de\/fr\/p\/cadenas-et-porte-cadenas\/500-point\/","og_site_name":"Burg-W\u00e4chter France","article_modified_time":"2019-07-04T06:59:35+00:00","og_image":[{"width":456,"height":456,"url":"https:\/\/test.burgwaechterservice.de\/fr\/wp-content\/uploads\/sites\/4\/2016\/09\/Zylinder_Vorhangschloss_500_Point_01-456x456.jpg","type":"image\/jpeg"}],"twitter_card":"summary_large_image","schema":{"@context":"https:\/\/schema.org","@graph":[{"@type":"WebPage","@id":"https:\/\/test.burgwaechterservice.de\/fr\/p\/cadenas-et-porte-cadenas\/500-point\/","url":"https:\/\/test.burgwaechterservice.de\/fr\/p\/cadenas-et-porte-cadenas\/500-point\/","name":"500 Point - BURG-W\u00c4CHTER","isPartOf":{"@id":"https:\/\/test.burgwaechterservice.de\/fr\/#website"},"datePublished":"2016-09-15T06:40:48+00:00","dateModified":"2019-07-04T06:59:35+00:00","description":"cadenas bon march\u00e9 en laiton qualit\u00e9 simple avec 3 cl\u00e9s non livrable en fabrications sp\u00e9ciales (s\u00b4entrouvant, etc.) Article \u00d8 de l\u2018anse Largeur libre de","breadcrumb":{"@id":"https:\/\/test.burgwaechterservice.de\/fr\/p\/cadenas-et-porte-cadenas\/500-point\/#breadcrumb"},"inLanguage":"fr-FR","potentialAction":[{"@type":"ReadAction","target":["https:\/\/test.burgwaechterservice.de\/fr\/p\/cadenas-et-porte-cadenas\/500-point\/"]}]},{"@type":"BreadcrumbList","@id":"https:\/\/test.burgwaechterservice.de\/fr\/p\/cadenas-et-porte-cadenas\/500-point\/#breadcrumb","itemListElement":[{"@type":"ListItem","position":1,"name":"Accueil","item":"https:\/\/test.burgwaechterservice.de\/fr\/"},{"@type":"ListItem","position":2,"name":"Produits","item":"https:\/\/test.burgwaechterservice.de\/fr\/p\/"},{"@type":"ListItem","position":3,"name":"500 Point"}]},{"@type":"WebSite","@id":"https:\/\/test.burgwaechterservice.de\/fr\/#website","url":"https:\/\/test.burgwaechterservice.de\/fr\/","name":"Burg-W\u00e4chter France","description":"Le choix le plus s\u00fbr!","potentialAction":[{"@type":"SearchAction","target":{"@type":"EntryPoint","urlTemplate":"https:\/\/test.burgwaechterservice.de\/fr\/?s={search_term_string}"},"query-input":"required name=search_term_string"}],"inLanguage":"fr-FR"}]}},"_links":{"self":[{"href":"https:\/\/test.burgwaechterservice.de\/fr\/wp-json\/wp\/v2\/product\/36732"}],"collection":[{"href":"https:\/\/test.burgwaechterservice.de\/fr\/wp-json\/wp\/v2\/product"}],"about":[{"href":"https:\/\/test.burgwaechterservice.de\/fr\/wp-json\/wp\/v2\/types\/product"}],"replies":[{"embeddable":true,"href":"https:\/\/test.burgwaechterservice.de\/fr\/wp-json\/wp\/v2\/comments?post=36732"}],"wp:featuredmedia":[{"embeddable":true,"href":"https:\/\/test.burgwaechterservice.de\/fr\/wp-json\/wp\/v2\/media\/36743"}],"wp:attachment":[{"href":"https:\/\/test.burgwaechterservice.de\/fr\/wp-json\/wp\/v2\/media?parent=36732"}],"wp:term":[{"taxonomy":"product_cat","embeddable":true,"href":"https:\/\/test.burgwaechterservice.de\/fr\/wp-json\/wp\/v2\/product_cat?post=36732"},{"taxonomy":"product_tag","embeddable":true,"href":"https:\/\/test.burgwaechterservice.de\/fr\/wp-json\/wp\/v2\/product_tag?post=36732"}],"curies":[{"name":"wp","href":"https:\/\/api.w.org\/{rel}","templated":true}]}}