{"id":36598,"date":"2016-09-09T08:25:52","date_gmt":"2016-09-09T06:25:52","guid":{"rendered":"https:\/\/www.burg.biz\/fr\/?post_type=product&#038;p=36598"},"modified":"2016-11-17T13:29:08","modified_gmt":"2016-11-17T12:29:08","slug":"balthazar","status":"publish","type":"product","link":"https:\/\/test.burgwaechterservice.de\/fr\/p\/boites-aux-lettres\/balthazar\/","title":{"rendered":"BALthazar"},"content":{"rendered":"<h3><img decoding=\"async\" src=\"https:\/\/test.burgwaechterservice.de\/fr\/wp-content\/uploads\/sites\/4\/2016\/09\/quality_made_in_france.png\" alt=\"quality_made_in_france\" width=\"118\" height=\"118\" \/>\u00a0<img fetchpriority=\"high\" decoding=\"async\" src=\"https:\/\/test.burgwaechterservice.de\/fr\/wp-content\/uploads\/sites\/4\/2016\/09\/BALthazar-Piktos.jpg\" alt=\"balthazar-piktos\" width=\"752\" height=\"118\" \/><\/h3>\n<h3>Bo\u00eete aux lettres normalis\u00e9e<\/h3>\n<ul>\n<li>bo\u00eete aux lettres en acier galvanis\u00e9 pr\u00e9-laqu\u00e9<\/li>\n<li>pas de trace d\u2019assemblage<\/li>\n<li>volet en acier galvanis\u00e9 pr\u00e9-laqu\u00e9<\/li>\n<li>charni\u00e8re(s) en acier galvanis\u00e9, axe(s) en inox<\/li>\n<li>peinture r\u00e9sistante \u00e0 l\u2018abrasion<\/li>\n<li>porte \u00e9tiquette trait\u00e9 anti UV<\/li>\n<li>porte \u00e0 Ouverture Totale<\/li>\n<li>barillet La Poste fabriqu\u00e9 par nos soins<\/li>\n<li>plus produit : Stop-courrier (porte bloqu\u00e9e \u00e0 120\u00b0)<\/li>\n<\/ul>\n<table class=\"ausfuehrung\">\n<thead>\n<tr>\n<td>Article<\/td>\n<td>Couleurs<\/td>\n<td>Description<\/td>\n<td>H x\u00a0L x P<\/td>\n<td>Fente<\/td>\n<\/tr>\n<tr>\n<td class=\"subdesc\"><\/td>\n<td><\/td>\n<td><\/td>\n<td class=\"subdesc\">\u00a0mm<\/td>\n<td class=\"subdesc\">L\u00a0x H (mm)<\/td>\n<\/tr>\n<\/thead>\n<tbody>\n<tr>\n<td>508 BE F<\/td>\n<td>beige fonc\u00e9<\/td>\n<td>1 porte<\/td>\n<td>310 x 280 x 365<\/td>\n<td>235 x 24<\/td>\n<\/tr>\n<tr>\n<td>508 BO<\/td>\n<td>bordeaux<\/td>\n<td>1 porte<\/td>\n<td>310 x 280 x 365<\/td>\n<td>235 x 24<\/td>\n<\/tr>\n<tr>\n<td>508 BL<\/td>\n<td>blanc<\/td>\n<td>1 porte<\/td>\n<td>310 x 280 x 365<\/td>\n<td>235 x 24<\/td>\n<\/tr>\n<tr>\n<td>508 VE<\/td>\n<td>vert<\/td>\n<td>1 porte<\/td>\n<td>310 x 280 x 365<\/td>\n<td>235 x 24<\/td>\n<\/tr>\n<tr>\n<td>508 NO<\/td>\n<td>noir<\/td>\n<td>1 porte<\/td>\n<td>310 x 280 x 365<\/td>\n<td>235 x 24<\/td>\n<\/tr>\n<tr>\n<td>508 ANT<\/td>\n<td>anthracite<\/td>\n<td>1 porte<\/td>\n<td>310 x 280 x 365<\/td>\n<td>235 x 24<\/td>\n<\/tr>\n<tr>\n<td>509 BE F<\/td>\n<td>beige fonc\u00e9<\/td>\n<td>2 portes<\/td>\n<td>310 x 280 x 365<\/td>\n<td>235 x 24<\/td>\n<\/tr>\n<tr>\n<td>509 BO<\/td>\n<td>bordeaux<\/td>\n<td>2 portes<\/td>\n<td>310 x 280 x 365<\/td>\n<td>235 x 24<\/td>\n<\/tr>\n<tr>\n<td>509 BL<\/td>\n<td>blanc<\/td>\n<td>2 portes<\/td>\n<td>310 x 280 x 365<\/td>\n<td>235 x 24<\/td>\n<\/tr>\n<tr>\n<td>509 VE<\/td>\n<td>vert<\/td>\n<td>2 portes<\/td>\n<td>310 x 280 x 365<\/td>\n<td>235 x 24<\/td>\n<\/tr>\n<tr>\n<td>509 NO<\/td>\n<td>noir<\/td>\n<td>2 portes<\/td>\n<td>310 x 280 x 365<\/td>\n<td>235 x 24<\/td>\n<\/tr>\n<tr>\n<td>509 ANT<\/td>\n<td>anthracite<\/td>\n<td>2 portes<\/td>\n<td>310 x 280 x 365<\/td>\n<td>235 x 24<\/td>\n<\/tr>\n<\/tbody>\n<\/table>\n","protected":false},"excerpt":{"rendered":"<p>\u00a0 Bo\u00eete aux lettres normalis\u00e9e bo\u00eete aux lettres en acier galvanis\u00e9 pr\u00e9-laqu\u00e9 pas de trace d\u2019assemblage volet en acier galvanis\u00e9 pr\u00e9-laqu\u00e9 charni\u00e8re(s) en acier galvanis\u00e9, axe(s) en inox peinture r\u00e9sistante \u00e0 l\u2018abrasion porte \u00e9tiquette trait\u00e9 anti UV porte \u00e0 Ouverture &hellip; <a class=\"kt-excerpt-readmore\" href=\"https:\/\/test.burgwaechterservice.de\/fr\/p\/boites-aux-lettres\/balthazar\/\" aria-label=\"BALthazar\">Lire la suite<\/a><\/p>\n","protected":false},"featured_media":36706,"comment_status":"closed","ping_status":"closed","template":"","meta":[],"product_cat":[23,597],"product_tag":[],"yoast_head":"<!-- This site is optimized with the Yoast SEO Premium plugin v18.4 (Yoast SEO v19.13) - https:\/\/yoast.com\/wordpress\/plugins\/seo\/ -->\n<title>BALthazar - BURG-W\u00c4CHTER<\/title>\n<meta name=\"description\" content=\"\u00a0 Bo\u00eete aux lettres normalis\u00e9e bo\u00eete aux lettres en acier galvanis\u00e9 pr\u00e9-laqu\u00e9 pas de trace d\u2019assemblage volet en acier galvanis\u00e9 pr\u00e9-laqu\u00e9 charni\u00e8re(s) en\" \/>\n<meta name=\"robots\" content=\"index, follow, max-snippet:-1, max-image-preview:large, max-video-preview:-1\" \/>\n<link rel=\"canonical\" href=\"https:\/\/test.burgwaechterservice.de\/fr\/p\/boites-aux-lettres\/balthazar\/\" \/>\n<meta property=\"og:locale\" content=\"fr_FR\" \/>\n<meta property=\"og:type\" content=\"article\" \/>\n<meta property=\"og:title\" content=\"BALthazar\" \/>\n<meta property=\"og:description\" content=\"\u00a0 Bo\u00eete aux lettres normalis\u00e9e bo\u00eete aux lettres en acier galvanis\u00e9 pr\u00e9-laqu\u00e9 pas de trace d\u2019assemblage volet en acier galvanis\u00e9 pr\u00e9-laqu\u00e9 charni\u00e8re(s) en\" \/>\n<meta property=\"og:url\" content=\"https:\/\/test.burgwaechterservice.de\/fr\/p\/boites-aux-lettres\/balthazar\/\" \/>\n<meta property=\"og:site_name\" content=\"Burg-W\u00e4chter France\" \/>\n<meta property=\"article:modified_time\" content=\"2016-11-17T12:29:08+00:00\" \/>\n<meta property=\"og:image\" content=\"https:\/\/test.burgwaechterservice.de\/fr\/wp-content\/uploads\/sites\/4\/2016\/09\/BALthazar_beige_isometrisch.jpg\" \/>\n\t<meta property=\"og:image:width\" content=\"300\" \/>\n\t<meta property=\"og:image:height\" content=\"300\" \/>\n\t<meta property=\"og:image:type\" content=\"image\/jpeg\" \/>\n<meta name=\"twitter:card\" content=\"summary_large_image\" \/>\n<meta name=\"twitter:label1\" content=\"Dur\u00e9e de lecture estim\u00e9e\" \/>\n\t<meta name=\"twitter:data1\" content=\"1 minute\" \/>\n<!-- \/ Yoast SEO Premium plugin. -->","yoast_head_json":{"title":"BALthazar - BURG-W\u00c4CHTER","description":"\u00a0 Bo\u00eete aux lettres normalis\u00e9e bo\u00eete aux lettres en acier galvanis\u00e9 pr\u00e9-laqu\u00e9 pas de trace d\u2019assemblage volet en acier galvanis\u00e9 pr\u00e9-laqu\u00e9 charni\u00e8re(s) en","robots":{"index":"index","follow":"follow","max-snippet":"max-snippet:-1","max-image-preview":"max-image-preview:large","max-video-preview":"max-video-preview:-1"},"canonical":"https:\/\/test.burgwaechterservice.de\/fr\/p\/boites-aux-lettres\/balthazar\/","og_locale":"fr_FR","og_type":"article","og_title":"BALthazar","og_description":"\u00a0 Bo\u00eete aux lettres normalis\u00e9e bo\u00eete aux lettres en acier galvanis\u00e9 pr\u00e9-laqu\u00e9 pas de trace d\u2019assemblage volet en acier galvanis\u00e9 pr\u00e9-laqu\u00e9 charni\u00e8re(s) en","og_url":"https:\/\/test.burgwaechterservice.de\/fr\/p\/boites-aux-lettres\/balthazar\/","og_site_name":"Burg-W\u00e4chter France","article_modified_time":"2016-11-17T12:29:08+00:00","og_image":[{"width":300,"height":300,"url":"https:\/\/test.burgwaechterservice.de\/fr\/wp-content\/uploads\/sites\/4\/2016\/09\/BALthazar_beige_isometrisch.jpg","type":"image\/jpeg"}],"twitter_card":"summary_large_image","twitter_misc":{"Dur\u00e9e de lecture estim\u00e9e":"1 minute"},"schema":{"@context":"https:\/\/schema.org","@graph":[{"@type":"WebPage","@id":"https:\/\/test.burgwaechterservice.de\/fr\/p\/boites-aux-lettres\/balthazar\/","url":"https:\/\/test.burgwaechterservice.de\/fr\/p\/boites-aux-lettres\/balthazar\/","name":"BALthazar - BURG-W\u00c4CHTER","isPartOf":{"@id":"https:\/\/test.burgwaechterservice.de\/fr\/#website"},"datePublished":"2016-09-09T06:25:52+00:00","dateModified":"2016-11-17T12:29:08+00:00","description":"\u00a0 Bo\u00eete aux lettres normalis\u00e9e bo\u00eete aux lettres en acier galvanis\u00e9 pr\u00e9-laqu\u00e9 pas de trace d\u2019assemblage volet en acier galvanis\u00e9 pr\u00e9-laqu\u00e9 charni\u00e8re(s) en","breadcrumb":{"@id":"https:\/\/test.burgwaechterservice.de\/fr\/p\/boites-aux-lettres\/balthazar\/#breadcrumb"},"inLanguage":"fr-FR","potentialAction":[{"@type":"ReadAction","target":["https:\/\/test.burgwaechterservice.de\/fr\/p\/boites-aux-lettres\/balthazar\/"]}]},{"@type":"BreadcrumbList","@id":"https:\/\/test.burgwaechterservice.de\/fr\/p\/boites-aux-lettres\/balthazar\/#breadcrumb","itemListElement":[{"@type":"ListItem","position":1,"name":"Accueil","item":"https:\/\/test.burgwaechterservice.de\/fr\/"},{"@type":"ListItem","position":2,"name":"Produits","item":"https:\/\/test.burgwaechterservice.de\/fr\/p\/"},{"@type":"ListItem","position":3,"name":"BALthazar"}]},{"@type":"WebSite","@id":"https:\/\/test.burgwaechterservice.de\/fr\/#website","url":"https:\/\/test.burgwaechterservice.de\/fr\/","name":"Burg-W\u00e4chter France","description":"Le choix le plus s\u00fbr!","potentialAction":[{"@type":"SearchAction","target":{"@type":"EntryPoint","urlTemplate":"https:\/\/test.burgwaechterservice.de\/fr\/?s={search_term_string}"},"query-input":"required name=search_term_string"}],"inLanguage":"fr-FR"}]}},"_links":{"self":[{"href":"https:\/\/test.burgwaechterservice.de\/fr\/wp-json\/wp\/v2\/product\/36598"}],"collection":[{"href":"https:\/\/test.burgwaechterservice.de\/fr\/wp-json\/wp\/v2\/product"}],"about":[{"href":"https:\/\/test.burgwaechterservice.de\/fr\/wp-json\/wp\/v2\/types\/product"}],"replies":[{"embeddable":true,"href":"https:\/\/test.burgwaechterservice.de\/fr\/wp-json\/wp\/v2\/comments?post=36598"}],"wp:featuredmedia":[{"embeddable":true,"href":"https:\/\/test.burgwaechterservice.de\/fr\/wp-json\/wp\/v2\/media\/36706"}],"wp:attachment":[{"href":"https:\/\/test.burgwaechterservice.de\/fr\/wp-json\/wp\/v2\/media?parent=36598"}],"wp:term":[{"taxonomy":"product_cat","embeddable":true,"href":"https:\/\/test.burgwaechterservice.de\/fr\/wp-json\/wp\/v2\/product_cat?post=36598"},{"taxonomy":"product_tag","embeddable":true,"href":"https:\/\/test.burgwaechterservice.de\/fr\/wp-json\/wp\/v2\/product_tag?post=36598"}],"curies":[{"name":"wp","href":"https:\/\/api.w.org\/{rel}","templated":true}]}}