{"id":36544,"date":"2016-09-09T08:04:09","date_gmt":"2016-09-09T06:04:09","guid":{"rendered":"https:\/\/www.burg.biz\/fr\/?post_type=product&#038;p=36544"},"modified":"2017-06-08T12:40:27","modified_gmt":"2017-06-08T10:40:27","slug":"balneaire","status":"publish","type":"product","link":"https:\/\/test.burgwaechterservice.de\/fr\/p\/boites-aux-lettres\/balneaire\/","title":{"rendered":"BALn\u00e9aire"},"content":{"rendered":"<h3><img decoding=\"async\" src=\"https:\/\/test.burgwaechterservice.de\/fr\/wp-content\/uploads\/sites\/4\/2016\/09\/quality_made_in_france.png\" alt=\"quality_made_in_france\" width=\"118\" height=\"118\" \/>\u00a0<img fetchpriority=\"high\" decoding=\"async\" src=\"https:\/\/test.burgwaechterservice.de\/fr\/wp-content\/uploads\/sites\/4\/2016\/09\/BALn\u00e9aire-Piktos.jpg\" alt=\"balneaire-piktos\" width=\"755\" height=\"118\" \/><\/h3>\n<h3>Bo\u00eete aux lettres normalis\u00e9e<\/h3>\n<ul>\n<li>bo\u00eete aux lettres en acier galvanis\u00e9 pr\u00e9-laqu\u00e9<\/li>\n<li>pas de trace d\u2019assemblage<\/li>\n<li>volet en aluminium anodis\u00e9 avec amortisseur<\/li>\n<li>charni\u00e8re(s) en inox<\/li>\n<li>peinture r\u00e9sistante \u00e0 l\u2018abrasion<\/li>\n<li>porte \u00e9tiquette trait\u00e9 anti UV<\/li>\n<li>porte \u00e0 Ouverture Totale<\/li>\n<li>barillet La Poste fabriqu\u00e9 par nos soins<\/li>\n<li>plus produit : Stop-courrier (porte bloqu\u00e9e \u00e0 120\u00b0)<\/li>\n<li>en option avec arri\u00e8re vitr\u00e9e<\/li>\n<\/ul>\n<p>&nbsp;<\/p>\n<table class=\"ausfuehrung\">\n<thead>\n<tr>\n<td>Article<\/td>\n<td>Couleurs<\/td>\n<td>Description<\/td>\n<td>H x\u00a0L x P<\/td>\n<td>Fente<\/td>\n<\/tr>\n<tr>\n<td class=\"subdesc\"><\/td>\n<td><\/td>\n<td><\/td>\n<td class=\"subdesc\">\u00a0mm<\/td>\n<td class=\"subdesc\">L\u00a0x H (mm)<\/td>\n<\/tr>\n<\/thead>\n<tbody>\n<tr>\n<td>515 BE F<\/td>\n<td>beige fonc\u00e9<\/td>\n<td>1 porte<\/td>\n<td>310 x 280 x 365<\/td>\n<td>235 x 24<\/td>\n<\/tr>\n<tr>\n<td>515 BO<\/td>\n<td>bordeaux<\/td>\n<td>1 porte<\/td>\n<td>310 x 280 x 365<\/td>\n<td>235 x 24<\/td>\n<\/tr>\n<tr>\n<td>515 BL<\/td>\n<td>blanc<\/td>\n<td>1 porte<\/td>\n<td>310 x 280 x 365<\/td>\n<td>235 x 24<\/td>\n<\/tr>\n<tr>\n<td>515 VE<\/td>\n<td>vert<\/td>\n<td>1 porte<\/td>\n<td>310 x 280 x 365<\/td>\n<td>235 x 24<\/td>\n<\/tr>\n<tr>\n<td>515 NO<\/td>\n<td>noir<\/td>\n<td>1 porte<\/td>\n<td>310 x 280 x 365<\/td>\n<td>235 x 24<\/td>\n<\/tr>\n<tr>\n<td>515 ANT<\/td>\n<td>anthracite<\/td>\n<td>1 porte<\/td>\n<td>310 x 280 x 365<\/td>\n<td>235 x 24<\/td>\n<\/tr>\n<tr>\n<td>516 BE F<\/td>\n<td>beige fonc\u00e9<\/td>\n<td>2 portes<\/td>\n<td>310 x 280 x 365<\/td>\n<td>235 x 24<\/td>\n<\/tr>\n<tr>\n<td>516 BO<\/td>\n<td>bordeaux<\/td>\n<td>2 portes<\/td>\n<td>310 x 280 x 365<\/td>\n<td>235 x 24<\/td>\n<\/tr>\n<tr>\n<td>516 BL<\/td>\n<td>blanc<\/td>\n<td>2 portes<\/td>\n<td>310 x 280 x 365<\/td>\n<td>235 x 24<\/td>\n<\/tr>\n<tr>\n<td>516 VE<\/td>\n<td>vert<\/td>\n<td>2 portes<\/td>\n<td>310 x 280 x 365<\/td>\n<td>235 x 24<\/td>\n<\/tr>\n<tr>\n<td>516 NO<\/td>\n<td>noir<\/td>\n<td>2 portes<\/td>\n<td>310 x 280 x 365<\/td>\n<td>235 x 24<\/td>\n<\/tr>\n<tr>\n<td>516 ANT<\/td>\n<td>anthracite<\/td>\n<td>2 portes<\/td>\n<td>310 x 280 x 365<\/td>\n<td>235 x 24<\/td>\n<\/tr>\n<tr>\n<td>en option avec porte arri\u00e8re vitr\u00e9e:<\/td>\n<\/tr>\n<tr>\n<td>516 BE F PV<\/td>\n<td>beige fonc\u00e9<\/td>\n<td>porte arri\u00e8re vitr\u00e9e<\/td>\n<td>310 x 280 x 365<\/td>\n<td>235 x 24<\/td>\n<\/tr>\n<tr>\n<td>516 BO PV<\/td>\n<td>bordeaux<\/td>\n<td>porte arri\u00e8re vitr\u00e9e<\/td>\n<td>310 x 280 x 365<\/td>\n<td>235 x 24<\/td>\n<\/tr>\n<tr>\n<td>516 BL PV<\/td>\n<td>blanc<\/td>\n<td>porte arri\u00e8re vitr\u00e9e<\/td>\n<td>310 x 280 x 365<\/td>\n<td>235 x 24<\/td>\n<\/tr>\n<tr>\n<td>516 VE PV<\/td>\n<td>vert<\/td>\n<td>porte arri\u00e8re vitr\u00e9e<\/td>\n<td>310 x 280 x 365<\/td>\n<td>235 x 24<\/td>\n<\/tr>\n<tr>\n<td>516 NO PV<\/td>\n<td>noir<\/td>\n<td>porte arri\u00e8re vitr\u00e9e<\/td>\n<td>310 x 280 x 365<\/td>\n<td>235 x 24<\/td>\n<\/tr>\n<tr>\n<td>516 ANT PV<\/td>\n<td>anthracite<\/td>\n<td>porte arri\u00e8re vitr\u00e9e<\/td>\n<td>310 x 280 x 365<\/td>\n<td>235 x 24<\/td>\n<\/tr>\n<\/tbody>\n<\/table>\n","protected":false},"excerpt":{"rendered":"<p>\u00a0 Bo\u00eete aux lettres normalis\u00e9e bo\u00eete aux lettres en acier galvanis\u00e9 pr\u00e9-laqu\u00e9 pas de trace d\u2019assemblage volet en aluminium anodis\u00e9 avec amortisseur charni\u00e8re(s) en inox peinture r\u00e9sistante \u00e0 l\u2018abrasion porte \u00e9tiquette trait\u00e9 anti UV porte \u00e0 Ouverture Totale barillet La &hellip; <a class=\"kt-excerpt-readmore\" href=\"https:\/\/test.burgwaechterservice.de\/fr\/p\/boites-aux-lettres\/balneaire\/\" aria-label=\"BALn\u00e9aire\">Lire la suite<\/a><\/p>\n","protected":false},"featured_media":81280,"comment_status":"closed","ping_status":"closed","template":"","meta":[],"product_cat":[23,597],"product_tag":[],"yoast_head":"<!-- This site is optimized with the Yoast SEO Premium plugin v18.4 (Yoast SEO v19.13) - https:\/\/yoast.com\/wordpress\/plugins\/seo\/ -->\n<title>BALn\u00e9aire - BURG-W\u00c4CHTER<\/title>\n<meta name=\"description\" content=\"\u00a0 Bo\u00eete aux lettres normalis\u00e9e bo\u00eete aux lettres en acier galvanis\u00e9 pr\u00e9-laqu\u00e9 pas de trace d\u2019assemblage volet en aluminium anodis\u00e9 avec amortisseur\" \/>\n<meta name=\"robots\" content=\"index, follow, max-snippet:-1, max-image-preview:large, max-video-preview:-1\" \/>\n<link rel=\"canonical\" href=\"https:\/\/test.burgwaechterservice.de\/fr\/p\/boites-aux-lettres\/balneaire\/\" \/>\n<meta property=\"og:locale\" content=\"fr_FR\" \/>\n<meta property=\"og:type\" content=\"article\" \/>\n<meta property=\"og:title\" content=\"BALn\u00e9aire\" \/>\n<meta property=\"og:description\" content=\"\u00a0 Bo\u00eete aux lettres normalis\u00e9e bo\u00eete aux lettres en acier galvanis\u00e9 pr\u00e9-laqu\u00e9 pas de trace d\u2019assemblage volet en aluminium anodis\u00e9 avec amortisseur\" \/>\n<meta property=\"og:url\" content=\"https:\/\/test.burgwaechterservice.de\/fr\/p\/boites-aux-lettres\/balneaire\/\" \/>\n<meta property=\"og:site_name\" content=\"Burg-W\u00e4chter France\" \/>\n<meta property=\"article:modified_time\" content=\"2017-06-08T10:40:27+00:00\" \/>\n<meta property=\"og:image\" content=\"https:\/\/test.burgwaechterservice.de\/fr\/wp-content\/uploads\/sites\/4\/2016\/09\/BALneaire_anthrazit_isometrisch_ohne-rosace_klein.jpg\" \/>\n\t<meta property=\"og:image:width\" content=\"1000\" \/>\n\t<meta property=\"og:image:height\" content=\"944\" \/>\n\t<meta property=\"og:image:type\" content=\"image\/jpeg\" \/>\n<meta name=\"twitter:card\" content=\"summary_large_image\" \/>\n<meta name=\"twitter:label1\" content=\"Dur\u00e9e de lecture estim\u00e9e\" \/>\n\t<meta name=\"twitter:data1\" content=\"1 minute\" \/>\n<!-- \/ Yoast SEO Premium plugin. -->","yoast_head_json":{"title":"BALn\u00e9aire - BURG-W\u00c4CHTER","description":"\u00a0 Bo\u00eete aux lettres normalis\u00e9e bo\u00eete aux lettres en acier galvanis\u00e9 pr\u00e9-laqu\u00e9 pas de trace d\u2019assemblage volet en aluminium anodis\u00e9 avec amortisseur","robots":{"index":"index","follow":"follow","max-snippet":"max-snippet:-1","max-image-preview":"max-image-preview:large","max-video-preview":"max-video-preview:-1"},"canonical":"https:\/\/test.burgwaechterservice.de\/fr\/p\/boites-aux-lettres\/balneaire\/","og_locale":"fr_FR","og_type":"article","og_title":"BALn\u00e9aire","og_description":"\u00a0 Bo\u00eete aux lettres normalis\u00e9e bo\u00eete aux lettres en acier galvanis\u00e9 pr\u00e9-laqu\u00e9 pas de trace d\u2019assemblage volet en aluminium anodis\u00e9 avec amortisseur","og_url":"https:\/\/test.burgwaechterservice.de\/fr\/p\/boites-aux-lettres\/balneaire\/","og_site_name":"Burg-W\u00e4chter France","article_modified_time":"2017-06-08T10:40:27+00:00","og_image":[{"width":1000,"height":944,"url":"https:\/\/test.burgwaechterservice.de\/fr\/wp-content\/uploads\/sites\/4\/2016\/09\/BALneaire_anthrazit_isometrisch_ohne-rosace_klein.jpg","type":"image\/jpeg"}],"twitter_card":"summary_large_image","twitter_misc":{"Dur\u00e9e de lecture estim\u00e9e":"1 minute"},"schema":{"@context":"https:\/\/schema.org","@graph":[{"@type":"WebPage","@id":"https:\/\/test.burgwaechterservice.de\/fr\/p\/boites-aux-lettres\/balneaire\/","url":"https:\/\/test.burgwaechterservice.de\/fr\/p\/boites-aux-lettres\/balneaire\/","name":"BALn\u00e9aire - BURG-W\u00c4CHTER","isPartOf":{"@id":"https:\/\/test.burgwaechterservice.de\/fr\/#website"},"datePublished":"2016-09-09T06:04:09+00:00","dateModified":"2017-06-08T10:40:27+00:00","description":"\u00a0 Bo\u00eete aux lettres normalis\u00e9e bo\u00eete aux lettres en acier galvanis\u00e9 pr\u00e9-laqu\u00e9 pas de trace d\u2019assemblage volet en aluminium anodis\u00e9 avec amortisseur","breadcrumb":{"@id":"https:\/\/test.burgwaechterservice.de\/fr\/p\/boites-aux-lettres\/balneaire\/#breadcrumb"},"inLanguage":"fr-FR","potentialAction":[{"@type":"ReadAction","target":["https:\/\/test.burgwaechterservice.de\/fr\/p\/boites-aux-lettres\/balneaire\/"]}]},{"@type":"BreadcrumbList","@id":"https:\/\/test.burgwaechterservice.de\/fr\/p\/boites-aux-lettres\/balneaire\/#breadcrumb","itemListElement":[{"@type":"ListItem","position":1,"name":"Accueil","item":"https:\/\/test.burgwaechterservice.de\/fr\/"},{"@type":"ListItem","position":2,"name":"Produits","item":"https:\/\/test.burgwaechterservice.de\/fr\/p\/"},{"@type":"ListItem","position":3,"name":"BALn\u00e9aire"}]},{"@type":"WebSite","@id":"https:\/\/test.burgwaechterservice.de\/fr\/#website","url":"https:\/\/test.burgwaechterservice.de\/fr\/","name":"Burg-W\u00e4chter France","description":"Le choix le plus s\u00fbr!","potentialAction":[{"@type":"SearchAction","target":{"@type":"EntryPoint","urlTemplate":"https:\/\/test.burgwaechterservice.de\/fr\/?s={search_term_string}"},"query-input":"required name=search_term_string"}],"inLanguage":"fr-FR"}]}},"_links":{"self":[{"href":"https:\/\/test.burgwaechterservice.de\/fr\/wp-json\/wp\/v2\/product\/36544"}],"collection":[{"href":"https:\/\/test.burgwaechterservice.de\/fr\/wp-json\/wp\/v2\/product"}],"about":[{"href":"https:\/\/test.burgwaechterservice.de\/fr\/wp-json\/wp\/v2\/types\/product"}],"replies":[{"embeddable":true,"href":"https:\/\/test.burgwaechterservice.de\/fr\/wp-json\/wp\/v2\/comments?post=36544"}],"wp:featuredmedia":[{"embeddable":true,"href":"https:\/\/test.burgwaechterservice.de\/fr\/wp-json\/wp\/v2\/media\/81280"}],"wp:attachment":[{"href":"https:\/\/test.burgwaechterservice.de\/fr\/wp-json\/wp\/v2\/media?parent=36544"}],"wp:term":[{"taxonomy":"product_cat","embeddable":true,"href":"https:\/\/test.burgwaechterservice.de\/fr\/wp-json\/wp\/v2\/product_cat?post=36544"},{"taxonomy":"product_tag","embeddable":true,"href":"https:\/\/test.burgwaechterservice.de\/fr\/wp-json\/wp\/v2\/product_tag?post=36544"}],"curies":[{"name":"wp","href":"https:\/\/api.w.org\/{rel}","templated":true}]}}