{"id":36495,"date":"2016-09-08T16:37:26","date_gmt":"2016-09-08T14:37:26","guid":{"rendered":"https:\/\/www.burg.biz\/fr\/?post_type=product&#038;p=36495"},"modified":"2016-10-04T13:58:01","modified_gmt":"2016-10-04T11:58:01","slug":"mail-5877","status":"publish","type":"product","link":"https:\/\/test.burgwaechterservice.de\/fr\/p\/boites-aux-lettres\/mail-5877\/","title":{"rendered":"Mail 5877"},"content":{"rendered":"<h2>Point: La s\u00e9rie de bo\u00eetes aux lettres \u00e9conomique<\/h2>\n<p>Qualit\u00e9 \u201efabriqu\u00e9 en Allemagne\u201c avec un bon rapport qualit\u00e9-prix.<\/p>\n<ul>\n<li>les mod\u00e8les Mail et Journal r\u00e9pondent aux exigences de la norme EN 13724.<\/li>\n<li>serrure cylindrique avec 2 cl\u00e9s<\/li>\n<li>en acier galvanis\u00e9<\/li>\n<li>resistante aux intemp\u00e9ries<\/li>\n<li>finition en epoxy en 4 coloris diff\u00e9rents<\/li>\n<li>mod\u00e8le Mail aussi appropri\u00e9 pour montage en batterie<\/li>\n<\/ul>\n<p>&nbsp;<\/p>\n<table class=\"ausfuehrung\">\n<thead>\n<tr>\n<td>Article<\/td>\n<td>Couleurs<\/td>\n<td>H x L x P<\/td>\n<td>Fente<\/td>\n<\/tr>\n<tr>\n<td class=\"subdesc\"><\/td>\n<td><\/td>\n<td class=\"subdesc\">mm<\/td>\n<td class=\"subdesc\">L x H (mm)<\/td>\n<\/tr>\n<\/thead>\n<tbody>\n<tr>\n<td>Mail 5877 E<\/td>\n<td>anthracite<\/td>\n<td>322 x 362 x 100<\/td>\n<td>333 x 34<\/td>\n<\/tr>\n<tr>\n<td>Mail 5877 W<\/td>\n<td>blanc<\/td>\n<td>322 x 362 x 100<\/td>\n<td>333 x 34<\/td>\n<\/tr>\n<tr>\n<td>Mail 5877 Si<\/td>\n<td>argent<\/td>\n<td>322 x 362 x 100<\/td>\n<td>333 x 34<\/td>\n<\/tr>\n<\/tbody>\n<\/table>\n","protected":false},"excerpt":{"rendered":"<p>Point: La s\u00e9rie de bo\u00eetes aux lettres \u00e9conomique Qualit\u00e9 \u201efabriqu\u00e9 en Allemagne\u201c avec un bon rapport qualit\u00e9-prix. les mod\u00e8les Mail et Journal r\u00e9pondent aux exigences de la norme EN 13724. serrure cylindrique avec 2 cl\u00e9s en acier galvanis\u00e9 resistante aux &hellip; <a class=\"kt-excerpt-readmore\" href=\"https:\/\/test.burgwaechterservice.de\/fr\/p\/boites-aux-lettres\/mail-5877\/\" aria-label=\"Mail 5877\">Lire la suite<\/a><\/p>\n","protected":false},"featured_media":36571,"comment_status":"closed","ping_status":"closed","template":"","meta":[],"product_cat":[33],"product_tag":[],"yoast_head":"<!-- This site is optimized with the Yoast SEO Premium plugin v18.4 (Yoast SEO v19.13) - https:\/\/yoast.com\/wordpress\/plugins\/seo\/ -->\n<title>Mail 5877 - BURG-W\u00c4CHTER<\/title>\n<meta name=\"description\" content=\"Point: La s\u00e9rie de bo\u00eetes aux lettres \u00e9conomique Qualit\u00e9 \u201efabriqu\u00e9 en Allemagne\u201c avec un bon rapport qualit\u00e9-prix. les mod\u00e8les Mail et Journal r\u00e9pondent\" \/>\n<meta name=\"robots\" content=\"index, follow, max-snippet:-1, max-image-preview:large, max-video-preview:-1\" \/>\n<link rel=\"canonical\" href=\"https:\/\/test.burgwaechterservice.de\/fr\/p\/boites-aux-lettres\/mail-5877\/\" \/>\n<meta property=\"og:locale\" content=\"fr_FR\" \/>\n<meta property=\"og:type\" content=\"article\" \/>\n<meta property=\"og:title\" content=\"Mail 5877\" \/>\n<meta property=\"og:description\" content=\"Point: La s\u00e9rie de bo\u00eetes aux lettres \u00e9conomique Qualit\u00e9 \u201efabriqu\u00e9 en Allemagne\u201c avec un bon rapport qualit\u00e9-prix. les mod\u00e8les Mail et Journal r\u00e9pondent\" \/>\n<meta property=\"og:url\" content=\"https:\/\/test.burgwaechterservice.de\/fr\/p\/boites-aux-lettres\/mail-5877\/\" \/>\n<meta property=\"og:site_name\" content=\"Burg-W\u00e4chter France\" \/>\n<meta property=\"article:modified_time\" content=\"2016-10-04T11:58:01+00:00\" \/>\n<meta property=\"og:image\" content=\"https:\/\/test.burgwaechterservice.de\/fr\/wp-content\/uploads\/sites\/4\/2016\/09\/Mail5877W.jpg\" \/>\n\t<meta property=\"og:image:width\" content=\"1765\" \/>\n\t<meta property=\"og:image:height\" content=\"1181\" \/>\n\t<meta property=\"og:image:type\" content=\"image\/jpeg\" \/>\n<meta name=\"twitter:card\" content=\"summary_large_image\" \/>\n<!-- \/ Yoast SEO Premium plugin. -->","yoast_head_json":{"title":"Mail 5877 - BURG-W\u00c4CHTER","description":"Point: La s\u00e9rie de bo\u00eetes aux lettres \u00e9conomique Qualit\u00e9 \u201efabriqu\u00e9 en Allemagne\u201c avec un bon rapport qualit\u00e9-prix. les mod\u00e8les Mail et Journal r\u00e9pondent","robots":{"index":"index","follow":"follow","max-snippet":"max-snippet:-1","max-image-preview":"max-image-preview:large","max-video-preview":"max-video-preview:-1"},"canonical":"https:\/\/test.burgwaechterservice.de\/fr\/p\/boites-aux-lettres\/mail-5877\/","og_locale":"fr_FR","og_type":"article","og_title":"Mail 5877","og_description":"Point: La s\u00e9rie de bo\u00eetes aux lettres \u00e9conomique Qualit\u00e9 \u201efabriqu\u00e9 en Allemagne\u201c avec un bon rapport qualit\u00e9-prix. les mod\u00e8les Mail et Journal r\u00e9pondent","og_url":"https:\/\/test.burgwaechterservice.de\/fr\/p\/boites-aux-lettres\/mail-5877\/","og_site_name":"Burg-W\u00e4chter France","article_modified_time":"2016-10-04T11:58:01+00:00","og_image":[{"width":1765,"height":1181,"url":"https:\/\/test.burgwaechterservice.de\/fr\/wp-content\/uploads\/sites\/4\/2016\/09\/Mail5877W.jpg","type":"image\/jpeg"}],"twitter_card":"summary_large_image","schema":{"@context":"https:\/\/schema.org","@graph":[{"@type":"WebPage","@id":"https:\/\/test.burgwaechterservice.de\/fr\/p\/boites-aux-lettres\/mail-5877\/","url":"https:\/\/test.burgwaechterservice.de\/fr\/p\/boites-aux-lettres\/mail-5877\/","name":"Mail 5877 - BURG-W\u00c4CHTER","isPartOf":{"@id":"https:\/\/test.burgwaechterservice.de\/fr\/#website"},"datePublished":"2016-09-08T14:37:26+00:00","dateModified":"2016-10-04T11:58:01+00:00","description":"Point: La s\u00e9rie de bo\u00eetes aux lettres \u00e9conomique Qualit\u00e9 \u201efabriqu\u00e9 en Allemagne\u201c avec un bon rapport qualit\u00e9-prix. les mod\u00e8les Mail et Journal r\u00e9pondent","breadcrumb":{"@id":"https:\/\/test.burgwaechterservice.de\/fr\/p\/boites-aux-lettres\/mail-5877\/#breadcrumb"},"inLanguage":"fr-FR","potentialAction":[{"@type":"ReadAction","target":["https:\/\/test.burgwaechterservice.de\/fr\/p\/boites-aux-lettres\/mail-5877\/"]}]},{"@type":"BreadcrumbList","@id":"https:\/\/test.burgwaechterservice.de\/fr\/p\/boites-aux-lettres\/mail-5877\/#breadcrumb","itemListElement":[{"@type":"ListItem","position":1,"name":"Accueil","item":"https:\/\/test.burgwaechterservice.de\/fr\/"},{"@type":"ListItem","position":2,"name":"Produits","item":"https:\/\/test.burgwaechterservice.de\/fr\/p\/"},{"@type":"ListItem","position":3,"name":"Mail 5877"}]},{"@type":"WebSite","@id":"https:\/\/test.burgwaechterservice.de\/fr\/#website","url":"https:\/\/test.burgwaechterservice.de\/fr\/","name":"Burg-W\u00e4chter France","description":"Le choix le plus s\u00fbr!","potentialAction":[{"@type":"SearchAction","target":{"@type":"EntryPoint","urlTemplate":"https:\/\/test.burgwaechterservice.de\/fr\/?s={search_term_string}"},"query-input":"required name=search_term_string"}],"inLanguage":"fr-FR"}]}},"_links":{"self":[{"href":"https:\/\/test.burgwaechterservice.de\/fr\/wp-json\/wp\/v2\/product\/36495"}],"collection":[{"href":"https:\/\/test.burgwaechterservice.de\/fr\/wp-json\/wp\/v2\/product"}],"about":[{"href":"https:\/\/test.burgwaechterservice.de\/fr\/wp-json\/wp\/v2\/types\/product"}],"replies":[{"embeddable":true,"href":"https:\/\/test.burgwaechterservice.de\/fr\/wp-json\/wp\/v2\/comments?post=36495"}],"wp:featuredmedia":[{"embeddable":true,"href":"https:\/\/test.burgwaechterservice.de\/fr\/wp-json\/wp\/v2\/media\/36571"}],"wp:attachment":[{"href":"https:\/\/test.burgwaechterservice.de\/fr\/wp-json\/wp\/v2\/media?parent=36495"}],"wp:term":[{"taxonomy":"product_cat","embeddable":true,"href":"https:\/\/test.burgwaechterservice.de\/fr\/wp-json\/wp\/v2\/product_cat?post=36495"},{"taxonomy":"product_tag","embeddable":true,"href":"https:\/\/test.burgwaechterservice.de\/fr\/wp-json\/wp\/v2\/product_tag?post=36495"}],"curies":[{"name":"wp","href":"https:\/\/api.w.org\/{rel}","templated":true}]}}