{"id":35558,"date":"2016-09-05T16:45:52","date_gmt":"2016-09-05T14:45:52","guid":{"rendered":"https:\/\/www.burg.biz\/?post_type=product&#038;p=35558"},"modified":"2016-09-09T09:49:08","modified_gmt":"2016-09-09T07:49:08","slug":"cles-supplementaires","status":"publish","type":"product","link":"https:\/\/test.burgwaechterservice.de\/fr\/p\/coffres-forts\/cles-supplementaires\/","title":{"rendered":"Cl\u00e9s suppl\u00e9mentaires"},"content":{"rendered":"<h2>Cl\u00e9s suppl\u00e9mentaires pour OL 101-126 S, Ranger I\/8 S, MTD 34 &#8211; 38 F60 S<\/h2>\n<p>&nbsp;<\/p>\n<table class=\"ausfuehrung\">\n<thead>\n<tr>\n<td>Cl\u00e9s<\/td>\n<td>\u00a0\u00a0\u00a0\u00a0\u00a0\u00a0\u00a0\u00a0\u00a0\u00a0\u00a0\u00a0\u00a0\u00a0\u00a0\u00a0\u00a0\u00a0\u00a0\u00a0\u00a0\u00a0\u00a0\u00a0\u00a0\u00a0\u00a0\u00a0\u00a0\u00a0\u00a0\u00a0\u00a0\u00a0\u00a0\u00a0\u00a0\u00a0\u00a0\u00a0\u00a0\u00a0\u00a0\u00a0\u00a0\u00a0\u00a0\u00a0\u00a0\u00a0\u00a0\u00a0\u00a0\u00a0\u00a0\u00a0\u00a0\u00a0\u00a0\u00a0\u00a0\u00a0\u00a0\u00a0\u00a0\u00a0\u00a0\u00a0\u00a0\u00a0\u00a0\u00a0\u00a0\u00a0\u00a0\u00a0 \u00a0 \u00a0 \u00a0 \u00a0 \u00a0 \u00a0 \u00a0 \u00a0 \u00a0 \u00a0 \u00a0 \u00a0 \u00a0 \u00a0 \u00a0 \u00a0 \u00a0 \u00a0 \u00a0 \u00a0 \u00a0 \u00a0 \u00a0 \u00a0 \u00a0\u00a0 Description<\/td>\n<\/tr>\n<\/thead>\n<tbody>\n<tr>\n<td>Set 55 124-2<\/td>\n<td style=\"text-align: center\">avec 2 cl\u00e9s, 124 mm de longueur<\/td>\n<\/tr>\n<\/tbody>\n<tbody>\n<tr>\n<td>Set 55 124-4<\/td>\n<td style=\"text-align: center\">avec 4 cl\u00e9s, 124 mm de longueur<\/td>\n<\/tr>\n<\/tbody>\n<tbody>\n<tr>\n<td>Set 55 124-6<\/td>\n<td style=\"text-align: center\">avec 6 cl\u00e9s, 124 mm de longueur<\/td>\n<\/tr>\n<tr>\n<td>selon \u00e9chantillon<\/td>\n<td style=\"text-align: center\">serrure classe B, avec 6 cl\u00e9s, 124 mm de longueur<\/td>\n<\/tr>\n<\/tbody>\n<\/table>\n","protected":false},"excerpt":{"rendered":"<p>Cl\u00e9s suppl\u00e9mentaires pour OL 101-126 S, Ranger I\/8 S, MTD 34 &#8211; 38 F60 S &nbsp; Cl\u00e9s \u00a0\u00a0\u00a0\u00a0\u00a0\u00a0\u00a0\u00a0\u00a0\u00a0\u00a0\u00a0\u00a0\u00a0\u00a0\u00a0\u00a0\u00a0\u00a0\u00a0\u00a0\u00a0\u00a0\u00a0\u00a0\u00a0\u00a0\u00a0\u00a0\u00a0\u00a0\u00a0\u00a0\u00a0\u00a0\u00a0\u00a0\u00a0\u00a0\u00a0\u00a0\u00a0\u00a0\u00a0\u00a0\u00a0\u00a0\u00a0\u00a0\u00a0\u00a0\u00a0\u00a0\u00a0\u00a0\u00a0\u00a0\u00a0\u00a0\u00a0\u00a0\u00a0\u00a0\u00a0\u00a0\u00a0\u00a0\u00a0\u00a0\u00a0\u00a0\u00a0\u00a0\u00a0\u00a0\u00a0 \u00a0 \u00a0 \u00a0 \u00a0 \u00a0 \u00a0 \u00a0 \u00a0 \u00a0 \u00a0 \u00a0 \u00a0 \u00a0 \u00a0 \u00a0 \u00a0 \u00a0 \u00a0 \u00a0 \u00a0 \u00a0 \u00a0 &hellip; <a class=\"kt-excerpt-readmore\" href=\"https:\/\/test.burgwaechterservice.de\/fr\/p\/coffres-forts\/cles-supplementaires\/\" aria-label=\"Cl\u00e9s suppl\u00e9mentaires\">Lire la suite<\/a><\/p>\n","protected":false},"featured_media":35844,"comment_status":"closed","ping_status":"closed","template":"","meta":[],"product_cat":[34,58,41,53],"product_tag":[],"yoast_head":"<!-- This site is optimized with the Yoast SEO Premium plugin v18.4 (Yoast SEO v19.13) - https:\/\/yoast.com\/wordpress\/plugins\/seo\/ -->\n<title>Cl\u00e9s suppl\u00e9mentaires - BURG-W\u00c4CHTER<\/title>\n<meta name=\"description\" content=\"Cl\u00e9s suppl\u00e9mentaires pour OL 101-126 S, Ranger I\/8 S, MTD 34 - 38 F60 S &nbsp; Cl\u00e9s\" \/>\n<meta name=\"robots\" content=\"index, follow, max-snippet:-1, max-image-preview:large, max-video-preview:-1\" \/>\n<link rel=\"canonical\" href=\"https:\/\/test.burgwaechterservice.de\/fr\/p\/coffres-forts\/cles-supplementaires\/\" \/>\n<meta property=\"og:locale\" content=\"fr_FR\" \/>\n<meta property=\"og:type\" content=\"article\" \/>\n<meta property=\"og:title\" content=\"Cl\u00e9s suppl\u00e9mentaires\" \/>\n<meta property=\"og:description\" content=\"Cl\u00e9s suppl\u00e9mentaires pour OL 101-126 S, Ranger I\/8 S, MTD 34 - 38 F60 S &nbsp; Cl\u00e9s\" \/>\n<meta property=\"og:url\" content=\"https:\/\/test.burgwaechterservice.de\/fr\/p\/coffres-forts\/cles-supplementaires\/\" \/>\n<meta property=\"og:site_name\" content=\"Burg-W\u00e4chter France\" \/>\n<meta property=\"article:modified_time\" content=\"2016-09-09T07:49:08+00:00\" \/>\n<meta property=\"og:image\" content=\"https:\/\/test.burgwaechterservice.de\/fr\/wp-content\/uploads\/sites\/4\/2016\/09\/Tresorschl\u00fcssel-1.jpg\" \/>\n\t<meta property=\"og:image:width\" content=\"1200\" \/>\n\t<meta property=\"og:image:height\" content=\"1200\" \/>\n\t<meta property=\"og:image:type\" content=\"image\/jpeg\" \/>\n<meta name=\"twitter:card\" content=\"summary_large_image\" \/>\n<!-- \/ Yoast SEO Premium plugin. -->","yoast_head_json":{"title":"Cl\u00e9s suppl\u00e9mentaires - BURG-W\u00c4CHTER","description":"Cl\u00e9s suppl\u00e9mentaires pour OL 101-126 S, Ranger I\/8 S, MTD 34 - 38 F60 S &nbsp; Cl\u00e9s","robots":{"index":"index","follow":"follow","max-snippet":"max-snippet:-1","max-image-preview":"max-image-preview:large","max-video-preview":"max-video-preview:-1"},"canonical":"https:\/\/test.burgwaechterservice.de\/fr\/p\/coffres-forts\/cles-supplementaires\/","og_locale":"fr_FR","og_type":"article","og_title":"Cl\u00e9s suppl\u00e9mentaires","og_description":"Cl\u00e9s suppl\u00e9mentaires pour OL 101-126 S, Ranger I\/8 S, MTD 34 - 38 F60 S &nbsp; Cl\u00e9s","og_url":"https:\/\/test.burgwaechterservice.de\/fr\/p\/coffres-forts\/cles-supplementaires\/","og_site_name":"Burg-W\u00e4chter France","article_modified_time":"2016-09-09T07:49:08+00:00","og_image":[{"width":1200,"height":1200,"url":"https:\/\/test.burgwaechterservice.de\/fr\/wp-content\/uploads\/sites\/4\/2016\/09\/Tresorschl\u00fcssel-1.jpg","type":"image\/jpeg"}],"twitter_card":"summary_large_image","schema":{"@context":"https:\/\/schema.org","@graph":[{"@type":"WebPage","@id":"https:\/\/test.burgwaechterservice.de\/fr\/p\/coffres-forts\/cles-supplementaires\/","url":"https:\/\/test.burgwaechterservice.de\/fr\/p\/coffres-forts\/cles-supplementaires\/","name":"Cl\u00e9s suppl\u00e9mentaires - BURG-W\u00c4CHTER","isPartOf":{"@id":"https:\/\/test.burgwaechterservice.de\/fr\/#website"},"datePublished":"2016-09-05T14:45:52+00:00","dateModified":"2016-09-09T07:49:08+00:00","description":"Cl\u00e9s suppl\u00e9mentaires pour OL 101-126 S, Ranger I\/8 S, MTD 34 - 38 F60 S &nbsp; Cl\u00e9s","breadcrumb":{"@id":"https:\/\/test.burgwaechterservice.de\/fr\/p\/coffres-forts\/cles-supplementaires\/#breadcrumb"},"inLanguage":"fr-FR","potentialAction":[{"@type":"ReadAction","target":["https:\/\/test.burgwaechterservice.de\/fr\/p\/coffres-forts\/cles-supplementaires\/"]}]},{"@type":"BreadcrumbList","@id":"https:\/\/test.burgwaechterservice.de\/fr\/p\/coffres-forts\/cles-supplementaires\/#breadcrumb","itemListElement":[{"@type":"ListItem","position":1,"name":"Accueil","item":"https:\/\/test.burgwaechterservice.de\/fr\/"},{"@type":"ListItem","position":2,"name":"Produits","item":"https:\/\/test.burgwaechterservice.de\/fr\/p\/"},{"@type":"ListItem","position":3,"name":"Cl\u00e9s suppl\u00e9mentaires"}]},{"@type":"WebSite","@id":"https:\/\/test.burgwaechterservice.de\/fr\/#website","url":"https:\/\/test.burgwaechterservice.de\/fr\/","name":"Burg-W\u00e4chter France","description":"Le choix le plus s\u00fbr!","potentialAction":[{"@type":"SearchAction","target":{"@type":"EntryPoint","urlTemplate":"https:\/\/test.burgwaechterservice.de\/fr\/?s={search_term_string}"},"query-input":"required name=search_term_string"}],"inLanguage":"fr-FR"}]}},"_links":{"self":[{"href":"https:\/\/test.burgwaechterservice.de\/fr\/wp-json\/wp\/v2\/product\/35558"}],"collection":[{"href":"https:\/\/test.burgwaechterservice.de\/fr\/wp-json\/wp\/v2\/product"}],"about":[{"href":"https:\/\/test.burgwaechterservice.de\/fr\/wp-json\/wp\/v2\/types\/product"}],"replies":[{"embeddable":true,"href":"https:\/\/test.burgwaechterservice.de\/fr\/wp-json\/wp\/v2\/comments?post=35558"}],"wp:featuredmedia":[{"embeddable":true,"href":"https:\/\/test.burgwaechterservice.de\/fr\/wp-json\/wp\/v2\/media\/35844"}],"wp:attachment":[{"href":"https:\/\/test.burgwaechterservice.de\/fr\/wp-json\/wp\/v2\/media?parent=35558"}],"wp:term":[{"taxonomy":"product_cat","embeddable":true,"href":"https:\/\/test.burgwaechterservice.de\/fr\/wp-json\/wp\/v2\/product_cat?post=35558"},{"taxonomy":"product_tag","embeddable":true,"href":"https:\/\/test.burgwaechterservice.de\/fr\/wp-json\/wp\/v2\/product_tag?post=35558"}],"curies":[{"name":"wp","href":"https:\/\/api.w.org\/{rel}","templated":true}]}}