{"id":352216,"date":"2019-12-02T17:37:29","date_gmt":"2019-12-02T16:37:29","guid":{"rendered":"https:\/\/www.burg.biz\/fr\/?post_type=product&#038;p=352216"},"modified":"2020-02-13T10:50:01","modified_gmt":"2020-02-13T09:50:01","slug":"cadenas-rond-23","status":"publish","type":"product","link":"https:\/\/test.burgwaechterservice.de\/fr\/p\/cadenas-et-porte-cadenas\/cadenas-rond-23\/","title":{"rendered":"Cadenas rond Circle 23"},"content":{"rendered":"<p><img decoding=\"async\" class=\"alignnone wp-image-270863\" src=\"https:\/\/test.burgwaechterservice.de\/wp-content\/uploads\/2016\/07\/Circle-23-Piktos.jpg\" alt=\"\" width=\"264\" height=\"88\" \/><\/p>\n<h2>Le cadenas rond robuste Circle 23<\/h2>\n<p>Protection optimale contre les intemp\u00e9ries. Et une anse durcie, avec tr\u00e8s peu de points d&#8217;attaque pour des outils d&#8217;effraction. Avec cette combinaison, le cadenas rond 23 marque des points. Gr\u00e2ce \u00e0 cela, le cadenas rond est <strong>un v\u00e9ritable tout-terrain<\/strong> pour l&#8217;utilisation en int\u00e9rieur comme en ext\u00e9rieur. A vous de choisir comment ouvrir et fermer votre cadenas rond 23, en effet, il est simple de r\u00e9gler le code \u00e0 quatre chiffres sur votre combinaison pr\u00e9f\u00e9r\u00e9e parmi les <strong>10 000 combinaisons possibles<\/strong>. Le gros avantage d&#8217;un cadenas \u00e0 code : vous ne pouvez plus perdre, \u00e9garer, ou oublier votre cl\u00e9.<\/p>\n<h3>Corps en acier inoxydable et anse chrom\u00e9e<\/h3>\n<p>Le corps du cadenas rond 23 est fait en acier inoxydable. Ainsi, le cadenas est <strong>prot\u00e9g\u00e9 au mieux contre la rouille<\/strong>. Il en va bien s\u00fbr de m\u00eame pour l&#8217;anse qui est chrom\u00e9e et durcie, et a une \u00e9paisseur de neuf millim\u00e8tres. Gr\u00e2ce \u00e0 la structure particuli\u00e8re du cadenas, l&#8217;anse est prot\u00e9g\u00e9e contre les pinces. En effet, si le cadenas rond 23 est attach\u00e9 par exemple \u00e0 un verrou, les hors-la-loi auront de s\u00e9rieuses difficult\u00e9s \u00e0 trouver un point d&#8217;attaque. Pour \u00e9viter \u00e9raflures et rayures, le cadenas rond 23 dispose d&#8217;une protection anti-choc en caoutchouc. Gr\u00e2ce \u00e0 celle-ci, le corps de cadenas en acier inoxydable moderne reste longtemps beau comme au premier jour.<\/p>\n<h3>Cadenas rond \u2013 ouvrir et fermer avec votre code pr\u00e9f\u00e9r\u00e9<\/h3>\n<p>Pour ouvrir et fermer le cadenas rond, vous devez utiliser le petit levier sur la face avant. Ainsi, vous enclenchez ou lib\u00e9rez &#8211; si le code \u00e0 quatre chiffres est juste &#8211; l&#8217;anse du cadenas dans le corps. Si la combinaison est fausse, l&#8217;anse ne peut bien s\u00fbr pas \u00eatre mani\u00e9e. Pour <strong>modifier le code chiffr\u00e9<\/strong>, c&#8217;est la fente sur la face arri\u00e8re qui est utilis\u00e9e. Apr\u00e8s un quart de tour dans le sens des aiguilles d&#8217;une montre &#8211; par exemple \u00e0 l&#8217;aide d&#8217;une pi\u00e8ce -, vous pouvez r\u00e9gler le code de votre choix. Une fois la fente remise en position initiale, c&#8217;est la nouvelle combinaison qui est valable.<\/p>\n<h4>Le cadenas rond Circle 23 en aper\u00e7u<\/h4>\n<ul>\n<li>Corps du cadenas en acier inoxydable<\/li>\n<li>Anse chrom\u00e9e<\/li>\n<li>Ance durcie<\/li>\n<li>Protection contre les pinces<\/li>\n<li>Combinaison secr\u00e8te personnalisable (4 chiffres)<\/li>\n<li>10.000 combinaisons diff\u00e9rentes<\/li>\n<li>Tr\u00e8s bien adapt\u00e9 pour l&#8217;utilisation en ext\u00e9rieur gr\u00e2ce \u00e0 une protection optimale contre la corrosion<\/li>\n<li>Protection en caoutchouc pour \u00e9viter les rayures<\/li>\n<\/ul>\n<p>&nbsp;<\/p>\n<table>\n<thead>\n<tr>\n<td>Artikel<\/td>\n<td>Epaisseur d&#8217;ance (mm)<\/td>\n<td>Largeur d&#8217;ance (mm)<\/td>\n<td>Hauteur d&#8217;ance (mm)<\/td>\n<td>hauteur totale (mm)<\/td>\n<\/tr>\n<tr>\n<td>23 C 70<\/td>\n<td>9,0<\/td>\n<td>24,0<\/td>\n<td>14,0<\/td>\n<td>70<\/td>\n<\/tr>\n<\/thead>\n<\/table>\n","protected":false},"excerpt":{"rendered":"<p>Le cadenas rond robuste Circle 23 Protection optimale contre les intemp\u00e9ries. Et une anse durcie, avec tr\u00e8s peu de points d&#8217;attaque pour des outils d&#8217;effraction. Avec cette combinaison, le cadenas rond 23 marque des points. Gr\u00e2ce \u00e0 cela, le cadenas &hellip; <a class=\"kt-excerpt-readmore\" href=\"https:\/\/test.burgwaechterservice.de\/fr\/p\/cadenas-et-porte-cadenas\/cadenas-rond-23\/\" aria-label=\"Cadenas rond Circle 23\">Lire la suite<\/a><\/p>\n","protected":false},"featured_media":352221,"comment_status":"closed","ping_status":"closed","template":"","meta":[],"product_cat":[30,39,3123,3126],"product_tag":[],"yoast_head":"<!-- This site is optimized with the Yoast SEO Premium plugin v18.4 (Yoast SEO v19.13) - https:\/\/yoast.com\/wordpress\/plugins\/seo\/ -->\n<title>Cadenas rond Circle 23 du sp\u00e9cialiste BURG-W\u00c4CHTER<\/title>\n<meta name=\"description\" content=\"Cadenas rond Circle 23 du sp\u00e9cialiste de la s\u00e9curit\u00e9 Burg-W\u00e4chter. R\u00e9sistance accrue aux pinces, id\u00e9al en ext\u00e9rieur car inoxydable, combinaison chiffr\u00e9e.\" \/>\n<meta name=\"robots\" content=\"index, follow, max-snippet:-1, max-image-preview:large, max-video-preview:-1\" \/>\n<link rel=\"canonical\" href=\"https:\/\/test.burgwaechterservice.de\/fr\/p\/cadenas-et-porte-cadenas\/cadenas-rond-23\/\" \/>\n<meta property=\"og:locale\" content=\"fr_FR\" \/>\n<meta property=\"og:type\" content=\"article\" \/>\n<meta property=\"og:title\" content=\"Cadenas rond Circle 23\" \/>\n<meta property=\"og:description\" content=\"Cadenas rond Circle 23 du sp\u00e9cialiste de la s\u00e9curit\u00e9 Burg-W\u00e4chter. R\u00e9sistance accrue aux pinces, id\u00e9al en ext\u00e9rieur car inoxydable, combinaison chiffr\u00e9e.\" \/>\n<meta property=\"og:url\" content=\"https:\/\/test.burgwaechterservice.de\/fr\/p\/cadenas-et-porte-cadenas\/cadenas-rond-23\/\" \/>\n<meta property=\"og:site_name\" content=\"Burg-W\u00e4chter France\" \/>\n<meta property=\"article:modified_time\" content=\"2020-02-13T09:50:01+00:00\" \/>\n<meta property=\"og:image\" content=\"https:\/\/test.burgwaechterservice.de\/fr\/wp-content\/uploads\/sites\/4\/2019\/12\/Cadenas-rond-Circle-23-BURG-W\u00c4CHTER.jpg\" \/>\n\t<meta property=\"og:image:width\" content=\"600\" \/>\n\t<meta property=\"og:image:height\" content=\"600\" \/>\n\t<meta property=\"og:image:type\" content=\"image\/jpeg\" \/>\n<meta name=\"twitter:card\" content=\"summary_large_image\" \/>\n<meta name=\"twitter:label1\" content=\"Dur\u00e9e de lecture estim\u00e9e\" \/>\n\t<meta name=\"twitter:data1\" content=\"2 minutes\" \/>\n<!-- \/ Yoast SEO Premium plugin. -->","yoast_head_json":{"title":"Cadenas rond Circle 23 du sp\u00e9cialiste BURG-W\u00c4CHTER","description":"Cadenas rond Circle 23 du sp\u00e9cialiste de la s\u00e9curit\u00e9 Burg-W\u00e4chter. R\u00e9sistance accrue aux pinces, id\u00e9al en ext\u00e9rieur car inoxydable, combinaison chiffr\u00e9e.","robots":{"index":"index","follow":"follow","max-snippet":"max-snippet:-1","max-image-preview":"max-image-preview:large","max-video-preview":"max-video-preview:-1"},"canonical":"https:\/\/test.burgwaechterservice.de\/fr\/p\/cadenas-et-porte-cadenas\/cadenas-rond-23\/","og_locale":"fr_FR","og_type":"article","og_title":"Cadenas rond Circle 23","og_description":"Cadenas rond Circle 23 du sp\u00e9cialiste de la s\u00e9curit\u00e9 Burg-W\u00e4chter. R\u00e9sistance accrue aux pinces, id\u00e9al en ext\u00e9rieur car inoxydable, combinaison chiffr\u00e9e.","og_url":"https:\/\/test.burgwaechterservice.de\/fr\/p\/cadenas-et-porte-cadenas\/cadenas-rond-23\/","og_site_name":"Burg-W\u00e4chter France","article_modified_time":"2020-02-13T09:50:01+00:00","og_image":[{"width":600,"height":600,"url":"https:\/\/test.burgwaechterservice.de\/fr\/wp-content\/uploads\/sites\/4\/2019\/12\/Cadenas-rond-Circle-23-BURG-W\u00c4CHTER.jpg","type":"image\/jpeg"}],"twitter_card":"summary_large_image","twitter_misc":{"Dur\u00e9e de lecture estim\u00e9e":"2 minutes"},"schema":{"@context":"https:\/\/schema.org","@graph":[{"@type":"WebPage","@id":"https:\/\/test.burgwaechterservice.de\/fr\/p\/cadenas-et-porte-cadenas\/cadenas-rond-23\/","url":"https:\/\/test.burgwaechterservice.de\/fr\/p\/cadenas-et-porte-cadenas\/cadenas-rond-23\/","name":"Cadenas rond Circle 23 du sp\u00e9cialiste BURG-W\u00c4CHTER","isPartOf":{"@id":"https:\/\/test.burgwaechterservice.de\/fr\/#website"},"datePublished":"2019-12-02T16:37:29+00:00","dateModified":"2020-02-13T09:50:01+00:00","description":"Cadenas rond Circle 23 du sp\u00e9cialiste de la s\u00e9curit\u00e9 Burg-W\u00e4chter. R\u00e9sistance accrue aux pinces, id\u00e9al en ext\u00e9rieur car inoxydable, combinaison chiffr\u00e9e.","breadcrumb":{"@id":"https:\/\/test.burgwaechterservice.de\/fr\/p\/cadenas-et-porte-cadenas\/cadenas-rond-23\/#breadcrumb"},"inLanguage":"fr-FR","potentialAction":[{"@type":"ReadAction","target":["https:\/\/test.burgwaechterservice.de\/fr\/p\/cadenas-et-porte-cadenas\/cadenas-rond-23\/"]}]},{"@type":"BreadcrumbList","@id":"https:\/\/test.burgwaechterservice.de\/fr\/p\/cadenas-et-porte-cadenas\/cadenas-rond-23\/#breadcrumb","itemListElement":[{"@type":"ListItem","position":1,"name":"Accueil","item":"https:\/\/test.burgwaechterservice.de\/fr\/"},{"@type":"ListItem","position":2,"name":"Produits","item":"https:\/\/test.burgwaechterservice.de\/fr\/p\/"},{"@type":"ListItem","position":3,"name":"Cadenas rond Circle 23"}]},{"@type":"WebSite","@id":"https:\/\/test.burgwaechterservice.de\/fr\/#website","url":"https:\/\/test.burgwaechterservice.de\/fr\/","name":"Burg-W\u00e4chter France","description":"Le choix le plus s\u00fbr!","potentialAction":[{"@type":"SearchAction","target":{"@type":"EntryPoint","urlTemplate":"https:\/\/test.burgwaechterservice.de\/fr\/?s={search_term_string}"},"query-input":"required name=search_term_string"}],"inLanguage":"fr-FR"}]}},"_links":{"self":[{"href":"https:\/\/test.burgwaechterservice.de\/fr\/wp-json\/wp\/v2\/product\/352216"}],"collection":[{"href":"https:\/\/test.burgwaechterservice.de\/fr\/wp-json\/wp\/v2\/product"}],"about":[{"href":"https:\/\/test.burgwaechterservice.de\/fr\/wp-json\/wp\/v2\/types\/product"}],"replies":[{"embeddable":true,"href":"https:\/\/test.burgwaechterservice.de\/fr\/wp-json\/wp\/v2\/comments?post=352216"}],"wp:featuredmedia":[{"embeddable":true,"href":"https:\/\/test.burgwaechterservice.de\/fr\/wp-json\/wp\/v2\/media\/352221"}],"wp:attachment":[{"href":"https:\/\/test.burgwaechterservice.de\/fr\/wp-json\/wp\/v2\/media?parent=352216"}],"wp:term":[{"taxonomy":"product_cat","embeddable":true,"href":"https:\/\/test.burgwaechterservice.de\/fr\/wp-json\/wp\/v2\/product_cat?post=352216"},{"taxonomy":"product_tag","embeddable":true,"href":"https:\/\/test.burgwaechterservice.de\/fr\/wp-json\/wp\/v2\/product_tag?post=352216"}],"curies":[{"name":"wp","href":"https:\/\/api.w.org\/{rel}","templated":true}]}}