{"id":35163,"date":"2016-09-05T10:45:29","date_gmt":"2016-09-05T08:45:29","guid":{"rendered":"https:\/\/www.burg.biz\/?post_type=product&#038;p=35163"},"modified":"2016-11-21T11:16:01","modified_gmt":"2016-11-21T10:16:01","slug":"royal-e512-558","status":"publish","type":"product","link":"https:\/\/test.burgwaechterservice.de\/fr\/p\/coffres-forts\/royal-e512-558\/","title":{"rendered":"Accessoires Royal E 512-558"},"content":{"rendered":"<h2>Accessoires Royal<\/h2>\n<p><strong>Pour les tailles 2 \u2013 6 <\/strong>vous pouvez \u00e9quiper votre armoire de s\u00e9curit\u00e9 Royal avec un coffre-fort int\u00e9rieur ou des tablettes suppl\u00e9mentaires. Vous avez ici le choix entre un<\/p>\n<ul>\n<li>Coffre-fort IT 1 ZS avec <strong>serrure \u00e0 cylindre<\/strong> et une hauteur de 250 mm (int\u00e9rieur 210 mm)<\/li>\n<li>Coffre-fort IT 2 TR avec serrure \u00e0 double panneton et une hauteur de 405 mm (int\u00e9rieur 365 mm), offrant un espace suppl\u00e9mentaire pour des classeurs<\/li>\n<li>Tablettes suppl\u00e9mentaires<\/li>\n<li>Tablette amovible t\u00e9lescopique<\/li>\n<li>Cadre amovible t\u00e9lescopique<\/li>\n<\/ul>\n<p><strong>Pour le Royal en taille 8<\/strong> vous pouvez \u00e9galement acheter<\/p>\n<ul>\n<li>un coffre-fort int\u00e9rieur avec serrure \u00e0 double panneton et une hauteur de 405 mm (int\u00e9rieur 365 mm), offrant un espace de stockage suppl\u00e9mentaire pour des classeurs<\/li>\n<\/ul>\n<p>ou<\/p>\n<ul>\n<li>une tablette suppl\u00e9mentaire<\/li>\n<\/ul>\n<p>afin de l&#8217;en \u00e9quiper.<\/p>\n<p>De plus, vous pouvez mettre votre Royal en valeur avec un<strong> vernis sp\u00e9cial<\/strong> RAL et\/ou brillant.<\/p>\n<table class=\"ausfuehrung\">\n<thead>\n<tr>\n<td>Article<\/td>\n<td style=\"text-align: left\">Description<\/td>\n<\/tr>\n<\/thead>\n<tbody>\n<tr>\n<td><\/td>\n<td style=\"text-align: left\"><strong>pour ROYAL taille 2 &#8211; 6:<\/strong><\/td>\n<\/tr>\n<\/tbody>\n<tbody>\n<tr>\n<td>IT 1 ZS mont\u00e9<\/td>\n<td style=\"text-align: left\"><strong>Coffre-fort int\u00e9rieur<\/strong> avec serrure \u00e0 cylindre \u2013 250 mm\u00a0de hauteur (int\u00e9rieur 210 mm)<\/td>\n<\/tr>\n<tr>\n<td>IT 2 TR mont\u00e9<\/td>\n<td style=\"text-align: left\"><strong>Coffre-fort int\u00e9rieur<\/strong> avec serrure \u00e0 double panneton \u2013 405 mm\u00a0de hauteur (int\u00e9rieur 365 mm pour classeur)<\/td>\n<\/tr>\n<tr>\n<td>FB 36<\/td>\n<td style=\"text-align: left\"><strong>Etag\u00e8re<\/strong> suppl\u00e9mentaire<\/td>\n<\/tr>\n<tr>\n<td>A-FB 510<\/td>\n<td style=\"text-align: left\"><strong>Etag\u00e8re t\u00e9lescopique<\/strong><\/td>\n<\/tr>\n<tr>\n<td>A-HR 510<\/td>\n<td style=\"text-align: left\"><strong>Cadre pour dossiers suspendus t\u00e9lescopique<\/strong><\/td>\n<\/tr>\n<tr>\n<td><\/td>\n<td style=\"text-align: left\"><strong>pour ROYAL taille 8:<br \/>\n<\/strong><\/td>\n<\/tr>\n<tr>\n<td>IT 2 TR mont\u00e9<\/td>\n<td style=\"text-align: left\"><strong>Coffre-fort int\u00e9rieu<\/strong>r avec serrure \u00e0 double panneton \u2013 405 mm<br \/>\nde hauteur (int\u00e9rieur 365 mm pour classeur).<\/td>\n<\/tr>\n<tr>\n<td>FB 37<\/td>\n<td style=\"text-align: left\"><strong>Etag\u00e8re<\/strong> suppl\u00e9mentaire<\/td>\n<\/tr>\n<\/tbody>\n<\/table>\n","protected":false},"excerpt":{"rendered":"<p>Accessoires Royal Pour les tailles 2 \u2013 6 vous pouvez \u00e9quiper votre armoire de s\u00e9curit\u00e9 Royal avec un coffre-fort int\u00e9rieur ou des tablettes suppl\u00e9mentaires. Vous avez ici le choix entre un Coffre-fort IT 1 ZS avec serrure \u00e0 cylindre et &hellip; <a class=\"kt-excerpt-readmore\" href=\"https:\/\/test.burgwaechterservice.de\/fr\/p\/coffres-forts\/royal-e512-558\/\" aria-label=\"Accessoires Royal E 512-558\">Lire la suite<\/a><\/p>\n","protected":false},"featured_media":35173,"comment_status":"closed","ping_status":"closed","template":"","meta":[],"product_cat":[53],"product_tag":[548,549],"yoast_head":"<!-- This site is optimized with the Yoast SEO Premium plugin v18.4 (Yoast SEO v19.13) - https:\/\/yoast.com\/wordpress\/plugins\/seo\/ -->\n<title>Royal<\/title>\n<meta name=\"description\" content=\"Accessoires Royal Pour les tailles 2 \u2013 6 vous pouvez \u00e9quiper votre armoire de s\u00e9curit\u00e9 Royal avec un coffre-fort int\u00e9rieur ou des tablettes\" \/>\n<meta name=\"robots\" content=\"index, follow, max-snippet:-1, max-image-preview:large, max-video-preview:-1\" \/>\n<link rel=\"canonical\" href=\"https:\/\/test.burgwaechterservice.de\/fr\/p\/coffres-forts\/royal-e512-558\/\" \/>\n<meta property=\"og:locale\" content=\"fr_FR\" \/>\n<meta property=\"og:type\" content=\"article\" \/>\n<meta property=\"og:title\" content=\"Accessoires Royal E 512-558\" \/>\n<meta property=\"og:description\" content=\"Accessoires Royal Pour les tailles 2 \u2013 6 vous pouvez \u00e9quiper votre armoire de s\u00e9curit\u00e9 Royal avec un coffre-fort int\u00e9rieur ou des tablettes\" \/>\n<meta property=\"og:url\" content=\"https:\/\/test.burgwaechterservice.de\/fr\/p\/coffres-forts\/royal-e512-558\/\" \/>\n<meta property=\"og:site_name\" content=\"Burg-W\u00e4chter France\" \/>\n<meta property=\"article:modified_time\" content=\"2016-11-21T10:16:01+00:00\" \/>\n<meta property=\"og:image\" content=\"https:\/\/test.burgwaechterservice.de\/fr\/wp-content\/uploads\/sites\/4\/2016\/09\/TRA-FB510_.jpg\" \/>\n\t<meta property=\"og:image:width\" content=\"1100\" \/>\n\t<meta property=\"og:image:height\" content=\"1100\" \/>\n\t<meta property=\"og:image:type\" content=\"image\/jpeg\" \/>\n<meta name=\"twitter:card\" content=\"summary_large_image\" \/>\n<meta name=\"twitter:label1\" content=\"Dur\u00e9e de lecture estim\u00e9e\" \/>\n\t<meta name=\"twitter:data1\" content=\"1 minute\" \/>\n<!-- \/ Yoast SEO Premium plugin. -->","yoast_head_json":{"title":"Royal","description":"Accessoires Royal Pour les tailles 2 \u2013 6 vous pouvez \u00e9quiper votre armoire de s\u00e9curit\u00e9 Royal avec un coffre-fort int\u00e9rieur ou des tablettes","robots":{"index":"index","follow":"follow","max-snippet":"max-snippet:-1","max-image-preview":"max-image-preview:large","max-video-preview":"max-video-preview:-1"},"canonical":"https:\/\/test.burgwaechterservice.de\/fr\/p\/coffres-forts\/royal-e512-558\/","og_locale":"fr_FR","og_type":"article","og_title":"Accessoires Royal E 512-558","og_description":"Accessoires Royal Pour les tailles 2 \u2013 6 vous pouvez \u00e9quiper votre armoire de s\u00e9curit\u00e9 Royal avec un coffre-fort int\u00e9rieur ou des tablettes","og_url":"https:\/\/test.burgwaechterservice.de\/fr\/p\/coffres-forts\/royal-e512-558\/","og_site_name":"Burg-W\u00e4chter France","article_modified_time":"2016-11-21T10:16:01+00:00","og_image":[{"width":1100,"height":1100,"url":"https:\/\/test.burgwaechterservice.de\/fr\/wp-content\/uploads\/sites\/4\/2016\/09\/TRA-FB510_.jpg","type":"image\/jpeg"}],"twitter_card":"summary_large_image","twitter_misc":{"Dur\u00e9e de lecture estim\u00e9e":"1 minute"},"schema":{"@context":"https:\/\/schema.org","@graph":[{"@type":"WebPage","@id":"https:\/\/test.burgwaechterservice.de\/fr\/p\/coffres-forts\/royal-e512-558\/","url":"https:\/\/test.burgwaechterservice.de\/fr\/p\/coffres-forts\/royal-e512-558\/","name":"Royal","isPartOf":{"@id":"https:\/\/test.burgwaechterservice.de\/fr\/#website"},"datePublished":"2016-09-05T08:45:29+00:00","dateModified":"2016-11-21T10:16:01+00:00","description":"Accessoires Royal Pour les tailles 2 \u2013 6 vous pouvez \u00e9quiper votre armoire de s\u00e9curit\u00e9 Royal avec un coffre-fort int\u00e9rieur ou des tablettes","breadcrumb":{"@id":"https:\/\/test.burgwaechterservice.de\/fr\/p\/coffres-forts\/royal-e512-558\/#breadcrumb"},"inLanguage":"fr-FR","potentialAction":[{"@type":"ReadAction","target":["https:\/\/test.burgwaechterservice.de\/fr\/p\/coffres-forts\/royal-e512-558\/"]}]},{"@type":"BreadcrumbList","@id":"https:\/\/test.burgwaechterservice.de\/fr\/p\/coffres-forts\/royal-e512-558\/#breadcrumb","itemListElement":[{"@type":"ListItem","position":1,"name":"Accueil","item":"https:\/\/test.burgwaechterservice.de\/fr\/"},{"@type":"ListItem","position":2,"name":"Produits","item":"https:\/\/test.burgwaechterservice.de\/fr\/p\/"},{"@type":"ListItem","position":3,"name":"Accessoires Royal E 512-558"}]},{"@type":"WebSite","@id":"https:\/\/test.burgwaechterservice.de\/fr\/#website","url":"https:\/\/test.burgwaechterservice.de\/fr\/","name":"Burg-W\u00e4chter France","description":"Le choix le plus s\u00fbr!","potentialAction":[{"@type":"SearchAction","target":{"@type":"EntryPoint","urlTemplate":"https:\/\/test.burgwaechterservice.de\/fr\/?s={search_term_string}"},"query-input":"required name=search_term_string"}],"inLanguage":"fr-FR"}]}},"_links":{"self":[{"href":"https:\/\/test.burgwaechterservice.de\/fr\/wp-json\/wp\/v2\/product\/35163"}],"collection":[{"href":"https:\/\/test.burgwaechterservice.de\/fr\/wp-json\/wp\/v2\/product"}],"about":[{"href":"https:\/\/test.burgwaechterservice.de\/fr\/wp-json\/wp\/v2\/types\/product"}],"replies":[{"embeddable":true,"href":"https:\/\/test.burgwaechterservice.de\/fr\/wp-json\/wp\/v2\/comments?post=35163"}],"wp:featuredmedia":[{"embeddable":true,"href":"https:\/\/test.burgwaechterservice.de\/fr\/wp-json\/wp\/v2\/media\/35173"}],"wp:attachment":[{"href":"https:\/\/test.burgwaechterservice.de\/fr\/wp-json\/wp\/v2\/media?parent=35163"}],"wp:term":[{"taxonomy":"product_cat","embeddable":true,"href":"https:\/\/test.burgwaechterservice.de\/fr\/wp-json\/wp\/v2\/product_cat?post=35163"},{"taxonomy":"product_tag","embeddable":true,"href":"https:\/\/test.burgwaechterservice.de\/fr\/wp-json\/wp\/v2\/product_tag?post=35163"}],"curies":[{"name":"wp","href":"https:\/\/api.w.org\/{rel}","templated":true}]}}