{"id":35112,"date":"2016-09-05T09:42:40","date_gmt":"2016-09-05T07:42:40","guid":{"rendered":"https:\/\/www.burg.biz\/?post_type=product&#038;p=35112"},"modified":"2019-08-20T10:38:30","modified_gmt":"2019-08-20T08:38:30","slug":"laser-meter-20-ps-7520","status":"publish","type":"product","link":"https:\/\/test.burgwaechterservice.de\/fr\/p\/appareils-de-mesure\/laser-meter-20-ps-7520\/","title":{"rendered":"Laser Meter 20 PS 7520"},"content":{"rendered":"<p><img fetchpriority=\"high\" decoding=\"async\" class=\"alignnone wp-image-37298\" src=\"https:\/\/test.burgwaechterservice.de\/fr\/wp-content\/uploads\/sites\/4\/2016\/09\/LaserMeter-20-Piktos-gesamt.jpg\" alt=\"lasermeter-20-piktos-gesamt\" width=\"510\" height=\"118\" srcset=\"https:\/\/test.burgwaechterservice.de\/fr\/wp-content\/uploads\/sites\/4\/2016\/09\/LaserMeter-20-Piktos-gesamt.jpg 800w, https:\/\/test.burgwaechterservice.de\/fr\/wp-content\/uploads\/sites\/4\/2016\/09\/LaserMeter-20-Piktos-gesamt-300x69.jpg 300w, https:\/\/test.burgwaechterservice.de\/fr\/wp-content\/uploads\/sites\/4\/2016\/09\/LaserMeter-20-Piktos-gesamt-768x178.jpg 768w\" sizes=\"(max-width: 510px) 100vw, 510px\" \/><\/p>\n<h2>T\u00e9l\u00e9m\u00e8tre laser Laser Meter 20 PS 7520<\/h2>\n<ul>\n<li>Mesure pr\u00e9cise des distances jusqu\u00b4\u00e0 20 m<\/li>\n<li>Bonne manipulation gr\u00e2ce aux bonnes dimensions des boutons et de l\u00b4\u00e9cran \u00e9clair\u00e9.<\/li>\n<li>Pour le calcul de distances et surfaces<\/li>\n<li>Incl. 2 piles AAA (1.5V)<\/li>\n<\/ul>\n","protected":false},"excerpt":{"rendered":"<p>T\u00e9l\u00e9m\u00e8tre laser Laser Meter 20 PS 7520 Mesure pr\u00e9cise des distances jusqu\u00b4\u00e0 20 m Bonne manipulation gr\u00e2ce aux bonnes dimensions des boutons et de l\u00b4\u00e9cran \u00e9clair\u00e9. Pour le calcul de distances et surfaces Incl. 2 piles AAA (1.5V)<\/p>\n","protected":false},"featured_media":286123,"comment_status":"closed","ping_status":"closed","template":"","meta":[],"product_cat":[585],"product_tag":[592],"yoast_head":"<!-- This site is optimized with the Yoast SEO Premium plugin v18.4 (Yoast SEO v19.13) - https:\/\/yoast.com\/wordpress\/plugins\/seo\/ -->\n<title>Laser Meter 20 PS 7520 - Burg-W\u00e4chter<\/title>\n<meta name=\"description\" content=\"T\u00e9l\u00e9m\u00e8tre laser Laser Meter 20 PS 7520 Mesure pr\u00e9cise des distances jusqu\u00b4\u00e0 20 m Bonne manipulation gr\u00e2ce aux bonnes dimensions des boutons et de l\u00b4\u00e9cran\" \/>\n<meta name=\"robots\" content=\"index, follow, max-snippet:-1, max-image-preview:large, max-video-preview:-1\" \/>\n<link rel=\"canonical\" href=\"https:\/\/test.burgwaechterservice.de\/fr\/p\/appareils-de-mesure\/laser-meter-20-ps-7520\/\" \/>\n<meta property=\"og:locale\" content=\"fr_FR\" \/>\n<meta property=\"og:type\" content=\"article\" \/>\n<meta property=\"og:title\" content=\"Laser Meter 20 PS 7520\" \/>\n<meta property=\"og:description\" content=\"T\u00e9l\u00e9m\u00e8tre laser Laser Meter 20 PS 7520 Mesure pr\u00e9cise des distances jusqu\u00b4\u00e0 20 m Bonne manipulation gr\u00e2ce aux bonnes dimensions des boutons et de l\u00b4\u00e9cran\" \/>\n<meta property=\"og:url\" content=\"https:\/\/test.burgwaechterservice.de\/fr\/p\/appareils-de-mesure\/laser-meter-20-ps-7520\/\" \/>\n<meta property=\"og:site_name\" content=\"Burg-W\u00e4chter France\" \/>\n<meta property=\"article:modified_time\" content=\"2019-08-20T08:38:30+00:00\" \/>\n<meta property=\"og:image\" content=\"https:\/\/test.burgwaechterservice.de\/fr\/wp-content\/uploads\/sites\/4\/2016\/09\/LASER-METER-20-PS-7520.jpg\" \/>\n\t<meta property=\"og:image:width\" content=\"800\" \/>\n\t<meta property=\"og:image:height\" content=\"800\" \/>\n\t<meta property=\"og:image:type\" content=\"image\/jpeg\" \/>\n<meta name=\"twitter:card\" content=\"summary_large_image\" \/>\n<!-- \/ Yoast SEO Premium plugin. -->","yoast_head_json":{"title":"Laser Meter 20 PS 7520 - Burg-W\u00e4chter","description":"T\u00e9l\u00e9m\u00e8tre laser Laser Meter 20 PS 7520 Mesure pr\u00e9cise des distances jusqu\u00b4\u00e0 20 m Bonne manipulation gr\u00e2ce aux bonnes dimensions des boutons et de l\u00b4\u00e9cran","robots":{"index":"index","follow":"follow","max-snippet":"max-snippet:-1","max-image-preview":"max-image-preview:large","max-video-preview":"max-video-preview:-1"},"canonical":"https:\/\/test.burgwaechterservice.de\/fr\/p\/appareils-de-mesure\/laser-meter-20-ps-7520\/","og_locale":"fr_FR","og_type":"article","og_title":"Laser Meter 20 PS 7520","og_description":"T\u00e9l\u00e9m\u00e8tre laser Laser Meter 20 PS 7520 Mesure pr\u00e9cise des distances jusqu\u00b4\u00e0 20 m Bonne manipulation gr\u00e2ce aux bonnes dimensions des boutons et de l\u00b4\u00e9cran","og_url":"https:\/\/test.burgwaechterservice.de\/fr\/p\/appareils-de-mesure\/laser-meter-20-ps-7520\/","og_site_name":"Burg-W\u00e4chter France","article_modified_time":"2019-08-20T08:38:30+00:00","og_image":[{"width":800,"height":800,"url":"https:\/\/test.burgwaechterservice.de\/fr\/wp-content\/uploads\/sites\/4\/2016\/09\/LASER-METER-20-PS-7520.jpg","type":"image\/jpeg"}],"twitter_card":"summary_large_image","schema":{"@context":"https:\/\/schema.org","@graph":[{"@type":"WebPage","@id":"https:\/\/test.burgwaechterservice.de\/fr\/p\/appareils-de-mesure\/laser-meter-20-ps-7520\/","url":"https:\/\/test.burgwaechterservice.de\/fr\/p\/appareils-de-mesure\/laser-meter-20-ps-7520\/","name":"Laser Meter 20 PS 7520 - Burg-W\u00e4chter","isPartOf":{"@id":"https:\/\/test.burgwaechterservice.de\/fr\/#website"},"datePublished":"2016-09-05T07:42:40+00:00","dateModified":"2019-08-20T08:38:30+00:00","description":"T\u00e9l\u00e9m\u00e8tre laser Laser Meter 20 PS 7520 Mesure pr\u00e9cise des distances jusqu\u00b4\u00e0 20 m Bonne manipulation gr\u00e2ce aux bonnes dimensions des boutons et de l\u00b4\u00e9cran","breadcrumb":{"@id":"https:\/\/test.burgwaechterservice.de\/fr\/p\/appareils-de-mesure\/laser-meter-20-ps-7520\/#breadcrumb"},"inLanguage":"fr-FR","potentialAction":[{"@type":"ReadAction","target":["https:\/\/test.burgwaechterservice.de\/fr\/p\/appareils-de-mesure\/laser-meter-20-ps-7520\/"]}]},{"@type":"BreadcrumbList","@id":"https:\/\/test.burgwaechterservice.de\/fr\/p\/appareils-de-mesure\/laser-meter-20-ps-7520\/#breadcrumb","itemListElement":[{"@type":"ListItem","position":1,"name":"Accueil","item":"https:\/\/test.burgwaechterservice.de\/fr\/"},{"@type":"ListItem","position":2,"name":"Produits","item":"https:\/\/test.burgwaechterservice.de\/fr\/p\/"},{"@type":"ListItem","position":3,"name":"Laser Meter 20 PS 7520"}]},{"@type":"WebSite","@id":"https:\/\/test.burgwaechterservice.de\/fr\/#website","url":"https:\/\/test.burgwaechterservice.de\/fr\/","name":"Burg-W\u00e4chter France","description":"Le choix le plus s\u00fbr!","potentialAction":[{"@type":"SearchAction","target":{"@type":"EntryPoint","urlTemplate":"https:\/\/test.burgwaechterservice.de\/fr\/?s={search_term_string}"},"query-input":"required name=search_term_string"}],"inLanguage":"fr-FR"}]}},"_links":{"self":[{"href":"https:\/\/test.burgwaechterservice.de\/fr\/wp-json\/wp\/v2\/product\/35112"}],"collection":[{"href":"https:\/\/test.burgwaechterservice.de\/fr\/wp-json\/wp\/v2\/product"}],"about":[{"href":"https:\/\/test.burgwaechterservice.de\/fr\/wp-json\/wp\/v2\/types\/product"}],"replies":[{"embeddable":true,"href":"https:\/\/test.burgwaechterservice.de\/fr\/wp-json\/wp\/v2\/comments?post=35112"}],"wp:featuredmedia":[{"embeddable":true,"href":"https:\/\/test.burgwaechterservice.de\/fr\/wp-json\/wp\/v2\/media\/286123"}],"wp:attachment":[{"href":"https:\/\/test.burgwaechterservice.de\/fr\/wp-json\/wp\/v2\/media?parent=35112"}],"wp:term":[{"taxonomy":"product_cat","embeddable":true,"href":"https:\/\/test.burgwaechterservice.de\/fr\/wp-json\/wp\/v2\/product_cat?post=35112"},{"taxonomy":"product_tag","embeddable":true,"href":"https:\/\/test.burgwaechterservice.de\/fr\/wp-json\/wp\/v2\/product_tag?post=35112"}],"curies":[{"name":"wp","href":"https:\/\/api.w.org\/{rel}","templated":true}]}}