{"id":34605,"date":"2016-09-01T14:46:55","date_gmt":"2016-09-01T12:46:55","guid":{"rendered":"https:\/\/www.burg.biz\/?post_type=product&#038;p=34605"},"modified":"2022-01-17T08:23:46","modified_gmt":"2022-01-17T07:23:46","slug":"officeline","status":"publish","type":"product","link":"https:\/\/test.burgwaechterservice.de\/fr\/p\/coffres-forts\/officeline\/","title":{"rendered":"OfficeLine"},"content":{"rendered":"<h2>La gamme OfficeLine de BURG-W\u00c4CHTER\u00a0: Un coffre-fort d&#8217;affaires id\u00e9al<\/h2>\n<h3>Vue d\u2019ensemble de la gamme OFFICE LINE (ancienne version jusqu\u2019\u00e0 2019)<\/h3>\n<p><a href=\"https:\/\/test.burgwaechterservice.de\/fr\/p\/coffres-forts\/officeline-2\/\" target=\"_blank\" rel=\"noopener noreferrer\">Pour la nouvelle g\u00e9n\u00e9ration des coffres OFFICE LINE, c\u2018est ici !<\/a><\/p>\n<p>L&#8217;armoire de s\u00e9curit\u00e9 OfficeLine est id\u00e9al comme coffre-fort d&#8217;affaires. Il offre une protection s\u00fbre et fiable pour votre argent liquide, documents, fichiers clients et plus encore.<\/p>\n<p>Qu&#8217;il b\u00e9n\u00e9ficie du <strong>degr\u00e9 de s\u00e9curit\u00e9 B<\/strong> ou du <strong>degr\u00e9 de r\u00e9sistance I <\/strong>ou <strong>II,<\/strong> avec un OfficeLine, le contenu est prot\u00e9g\u00e9 efficacement contre le vol.<\/p>\n<p>Une construction robuste qui prot\u00e8ge contre le vol<\/p>\n<p>Le corps, ainsi que la porte de l&#8217;OfficeLine poss\u00e8dent une double paroi. Le <strong>verrouillage solide sur 3 points<\/strong> est effectu\u00e9 par des p\u00eanes ronds de 28 mm d&#8217;\u00e9paisseur et est \u00e9galement renforc\u00e9 par des p\u00eanes ronds rigides suppl\u00e9mentaires faisant office de rail de verrouillage continu du c\u00f4t\u00e9 charni\u00e8res.<\/p>\n<p>Avec la possibilit\u00e9 d&#8217;ancrage pr\u00e9vue de s\u00e9rie et le mat\u00e9riel de fixation fourni dans la livraison, l&#8217;ancrage au sol de l&#8217;OfficeLine est solide. Ce syst\u00e8me d&#8217;ancrage offre une r\u00e9sistance \u00e9lev\u00e9e contre les tentatives d&#8217;effraction.<\/p>\n<p>Syst\u00e8me de stockage s\u00fbr pour l&#8217;argent liquide, les fichiers clients et les documents<\/p>\n<p>L&#8217;OfficeLine permet de <strong>conserver en toute s\u00e9curit\u00e9<\/strong> l&#8217;argent liquide, les fichiers clients et tout autre document important. Gr\u00e2ce \u00e0 la profondeur int\u00e9rieure, il est possible d&#8217;y conserver sans probl\u00e8me des classeurs volumineux. Les \u00e9tag\u00e8res amovibles et r\u00e9glables permettent \u00e9galement d&#8217;avoir un rangement organis\u00e9.<br \/>\nSi vous avez besoin d&#8217;encore plus d&#8217;espace de rangement et de doubler la s\u00e9curit\u00e9, vous pouvez \u00e9galement demander <strong>un coffre-fort int\u00e9rieur suppl\u00e9mentaire<\/strong>. Cliquez ici pour choisir les accessoires OfficeLine\u00a0!<\/p>\n<p><strong>\u00c9l\u00e9gance et simplicit\u00e9\u00a0:<\/strong> l&#8217;armoire de s\u00e9curit\u00e9 est peinte de s\u00e9rie en gris clair (RAL 7035). Le dispositif d&#8217;ouverture plac\u00e9 sur la porte est noir afin d&#8217;\u00eatre plus facile \u00e0 voir. Nous pouvons peindre sur demande votre OfficeLine dans la couleur de votre choix.<\/p>\n<h3>Diff\u00e9rents syst\u00e8mes de fermeture<\/h3>\n<p>Choisissez parmi <strong>diff\u00e9rents syst\u00e8mes de fermeture<\/strong> celui qui constitue la variante la plus s\u00fbre et la plus pratique pour vous ou votre entreprise.<\/p>\n<p>Serrure haute-s\u00e9curit\u00e9 avec combinaison de cl\u00e9 interchangeable<\/p>\n<p>L&#8217;armoire de s\u00e9curit\u00e9, dans la version S, est \u00e9quip\u00e9e d&#8217;une <strong>serrure blind\u00e9e haute s\u00e9curit\u00e9 \u00e0 double panneton \u00ab\u00a0SecuSafe\u00a0\u00bb avec combinaison de cl\u00e9 interchangeable\u00a0int\u00e9gr\u00e9e.<\/strong> Elle est <strong>contr\u00f4l\u00e9e par le VdS<\/strong> (cat\u00e9gorie 2) et<strong> certifi\u00e9e selon la norme europ\u00e9enne EN 1300 par l&#8217;ECB\u2022S <\/strong>(cat\u00e9gorie B). Votre avantage\u00a0: Si jamais vous \u00e9garez une cl\u00e9, vous pouvez r\u00e9gler une autre position de fermeture du coffre-fort \u00e0 l&#8217;aide du double des cl\u00e9s et d&#8217;un jeu de cl\u00e9s disponible s\u00e9par\u00e9ment. Vous \u00e9vitez ainsi que l&#8217;armoire ne soit ouverte \u00e0 l&#8217;aide de la cl\u00e9 perdue ou d\u00e9rob\u00e9e.\u00a0 Le \u00ab\u00a0SecuSafe\u00a0\u00bb offre 10 g\u00e2chettes, 50 millions de combinaisons diff\u00e9rentes de fermeture et dispose d&#8217;un syst\u00e8me de cl\u00e9 prisonni\u00e8re, qui emp\u00eache de retirer la cl\u00e9 lorsque l&#8217;armoire n&#8217;est pas verrouill\u00e9e correctement. Veuillez noter que l&#8217;armature de la serrure d\u00e9passe de 25 mm.<\/p>\n<h3>Pour les mod\u00e8les OfficeLine 101 \u2013 106\u00a0: Serrure \u00e0 code \u00e9lectronique \u00e0 combinaison \u201eSecuTronic\u201c<\/h3>\n<p>La serrure \u00e0 code \u00e9lectronique \u00ab\u00a0SecuTronic\u00a0\u00bb offre un million de possibilit\u00e9s de programmation, ainsi qu&#8217;une<strong> utilisation extr\u00eamement confortable.<\/strong> La serrure est <strong>contr\u00f4l\u00e9e par le VdS<\/strong> (cat\u00e9gorie 2) et <strong>certifi\u00e9e selon la norme europ\u00e9enne EN 1300 par l&#8217;ECB\u2022S<\/strong> (cat\u00e9gorie B). Vous pouvez <strong>ouvrir et fermer ais\u00e9ment<\/strong> le coffre-fort gr\u00e2ce \u00e0 votre code personnel \u00e0 6 chiffres. Trois piles (Mignon LR 6 AA) sont comprises dans la livraison, afin que vous puissiez utiliser votre armoire de s\u00e9curit\u00e9 le plus vite possible. Veuillez noter en plus que l&#8217;armature de la serrure d\u00e9passe de 50 mm.<\/p>\n<h3>Pour les mod\u00e8les OfficeLine 111 \u2013 126\u00a0:\u00a0 Serrure \u00e0 code \u00e9lectronique \u201eSecuTronic\u201c avec module de lecteur d&#8217;empreintes digitales int\u00e9gr\u00e9<\/h3>\n<p>Notre syst\u00e8me unique de serrure \u00e9lectronique \u00e0 code programmable \u00ab\u00a0SecuTronic\u00a0\u00bb est install\u00e9 de s\u00e9rie avec un lecteur d&#8217;empreintes digitales int\u00e9gr\u00e9. Il s&#8217;agit ainsi d&#8217;une solution extr\u00eamement rapide, confortable et s\u00fbre destin\u00e9e \u00e0 tous ceux qui ne souhaitent pas avoir une cl\u00e9 sur eux.<br \/>\nVous devez commencer par programmer\/scanner deux doigts avant de pouvoir ouvrir le coffre-fort avec le lecteur d&#8217;empreintes digitales. Cette technique d&#8217;authentification est extr\u00eamement pr\u00e9cise, rapide et fiable. Le capteur d&#8217;empreintes digitales dispose \u00e9galement du syst\u00e8me <strong>\u00ab\u00a0Fake Finger Detection\u00a0\u00bb<\/strong> permettant de distinguer les v\u00e9ritables doigts des doigts factices lors de l&#8217;identification, ce qui <strong>apporte une protection optimale contre toute manipulation<\/strong>.<\/p>\n<p>La serrure \u00e9lectronique est <strong>certifi\u00e9e par le VdS<\/strong> (cat\u00e9gorie 2) et offre v\u00e9ritablement un million de possibilit\u00e9s de programmation. Le syst\u00e8me intelligent de gestion des utilisateurs peut administrer jusqu&#8217;\u00e0 10 <strong>codes utilisateurs \u00e0 six chiffres que l&#8217;on peut programmer soi-m\u00eam<\/strong>e, jusqu&#8217;\u00e0 20 empreintes digitales et, en option, jusqu&#8217;\u00e0 300 cl\u00e9s \u00e9lectroniques TSE E-Keys. En option, un logiciel de TSE sur PC permet de g\u00e9rer les noms d&#8217;utilisateur, les horaires et les droits d&#8217;acc\u00e8s, les fonctions de calendrier et bien d&#8217;autres param\u00e8tres.<br \/>\nLe mod\u00e8le \u00ab\u00a0OfficeLine\u00a0\u00bb est livr\u00e9 avec deux piles afin que vous puissiez utiliser votre armoire de s\u00e9curit\u00e9 imm\u00e9diatement.<br \/>\nVeuillez noter en plus que l&#8217;armature de la serrure d\u00e9passe de 50 mm.<\/p>\n<h3>Le mod\u00e8le \u00ab\u00a0OfficeLine\u00a0\u00bb en bref<\/h3>\n<ul>\n<li>Porte \u00e0 double paroi<\/li>\n<li>Porte \u00e0 double paroi<\/li>\n<li>Verrouillage solide sur 3 points avec des p\u00eanes ronds de 28 mm d&#8217;\u00e9paisseur, p\u00eanes ronds rigides suppl\u00e9mentaires agissant comme un rail de verrouillage continu du c\u00f4t\u00e9 charni\u00e8res<\/li>\n<li>\u00c9quip\u00e9 de s\u00e9rie pour ancrage au sol avec mat\u00e9riel de fixation et per\u00e7age au sol centr\u00e9<\/li>\n<li>Profondeur d&#8217;un classeur, \u00e9tag\u00e8res r\u00e9glables, possibilit\u00e9 de livraison avec un coffre-fort int\u00e9rieur<\/li>\n<li>Peinture de s\u00e9rie gris clair RAL 7035, dispositif d&#8217;ouverture noir plac\u00e9 sur la porte<\/li>\n<\/ul>\n<p>&nbsp;<\/p>\n<h3>Pour les mod\u00e8les OfficeLine 101 \u2013 106 avec degr\u00e9 de r\u00e9sistance B<\/h3>\n<ul>\n<li>Armoire de s\u00e9curit\u00e9\/Coffre-fort d&#8217;affaires<\/li>\n<li>Niveau de s\u00e9curit\u00e9 B selon la norme VDMA 24992 de la f\u00e9d\u00e9ration du g\u00e9nie m\u00e9canique allemande, version de mai 1995<\/li>\n<li>Types de syst\u00e8mes de fermeture\u00a0:<\/li>\n<\/ul>\n<h4>VERSION S<\/h4>\n<ul>\n<li>Serrure blind\u00e9e haute s\u00e9curit\u00e9 \u00e0 double panneton \u00ab\u00a0SecuSafe\u00a0\u00bb avec combinaison de cl\u00e9 interchangeable, test\u00e9e par le VdS (cat\u00e9gorie 2), certifi\u00e9e par l&#8217;ECB\u2022S selon la norme europ\u00e9enne EN 1300 (cat\u00e9gorie A)<\/li>\n<\/ul>\n<table class=\"ausfuehrung\">\n<thead>\n<tr>\n<td>Article<\/td>\n<td>Ext\u00e9rieur H x L x P<\/td>\n<td>Int\u00e9rieur H x L x P<\/td>\n<td>Porte H x L<\/td>\n<td>Poids<\/td>\n<td>Volume<\/td>\n<\/tr>\n<\/thead>\n<tbody>\n<tr>\n<td class=\"subdesc\"><\/td>\n<td class=\"subdesc\">mm<\/td>\n<td class=\"subdesc\">mm<\/td>\n<td class=\"subdesc\">Ouverture mm<\/td>\n<td class=\"subdesc\">kg<\/td>\n<td class=\"subdesc\">\u00a0l<\/td>\n<\/tr>\n<\/tbody>\n<tbody>\n<tr>\n<td>Office 101 S<\/td>\n<td>626 x 641 x 554<\/td>\n<td>476 x 498\u00a0x\u00a0370<\/td>\n<td>476 x\u00a0498<\/td>\n<td>110<\/td>\n<td>87<\/td>\n<\/tr>\n<tr>\n<td>Office 102 S<\/td>\n<td>816 x 641 x\u00a0554<\/td>\n<td>666\u00a0x 498\u00a0x 370<\/td>\n<td>666\u00a0x 498<\/td>\n<td>126<\/td>\n<td>122<\/td>\n<\/tr>\n<tr>\n<td>Office 102 S 300<\/td>\n<td>816 x 641 x 554<\/td>\n<td>666\u00a0x 498\u00a0x 370<\/td>\n<td>666\u00a0x 498<\/td>\n<td>300<\/td>\n<td>122<\/td>\n<\/tr>\n<tr>\n<td>Office 104 S<\/td>\n<td>1096 x 641 x 554<\/td>\n<td>946\u00a0x 498\u00a0x 370<\/td>\n<td>964\u00a0x 498<\/td>\n<td>163<\/td>\n<td>174<\/td>\n<\/tr>\n<tr>\n<td>Office 104 S 300<\/td>\n<td>1096 x 641 x 554<\/td>\n<td>946\u00a0x 498\u00a0x 370<\/td>\n<td>964\u00a0x 498<\/td>\n<td>300<\/td>\n<td>174<\/td>\n<\/tr>\n<tr>\n<td>Office 106 S<\/td>\n<td>1486 x\u00a0780 x 554<\/td>\n<td>1336\u00a0x 638\u00a0x 370<\/td>\n<td>1336 x 638<\/td>\n<td>300<\/td>\n<td>315<\/td>\n<\/tr>\n<\/tbody>\n<\/table>\n<h4><\/h4>\n<h4>VERSION E<\/h4>\n<ul>\n<li>Serrure \u00e0 code \u00e9lectronique \u00ab\u00a0SecuTronic\u00a0\u00bb, test\u00e9e par le VdS (cat\u00e9gorie 2), certifi\u00e9e par l&#8217;ECB\u2022S selon la norme europ\u00e9enne EN 1300 (cat\u00e9gorie B)<\/li>\n<\/ul>\n<table class=\"ausfuehrung\">\n<thead>\n<tr>\n<td>Article<\/td>\n<td>Ext\u00e9rieur H x L x P<\/td>\n<td>Int\u00e9rieur H x L x P<\/td>\n<td>Porte H x L<\/td>\n<td>Poids<\/td>\n<td>Volume<\/td>\n<\/tr>\n<\/thead>\n<tbody>\n<tr>\n<td class=\"subdesc\"><\/td>\n<td class=\"subdesc\">mm<\/td>\n<td class=\"subdesc\">mm<\/td>\n<td class=\"subdesc\">Ouverture mm<\/td>\n<td class=\"subdesc\">kg<\/td>\n<td class=\"subdesc\">\u00a0l<\/td>\n<\/tr>\n<\/tbody>\n<tbody>\n<tr>\n<td>Office 101 E<\/td>\n<td>626 x 641 x 554<\/td>\n<td>476 x 498\u00a0x\u00a0370<\/td>\n<td>476 x\u00a0498<\/td>\n<td>110<\/td>\n<td>87<\/td>\n<\/tr>\n<tr>\n<td>Office 102 E<\/td>\n<td>816 x 641 x\u00a0554<\/td>\n<td>666\u00a0x 498\u00a0x 370<\/td>\n<td>666\u00a0x\u00a0498<\/td>\n<td>126<\/td>\n<td>122<\/td>\n<\/tr>\n<tr>\n<td>Office 102 E 300<\/td>\n<td>816 x 641 x 554<\/td>\n<td>666\u00a0x 498\u00a0x 370<\/td>\n<td>666\u00a0x 498<\/td>\n<td>300<\/td>\n<td>122<\/td>\n<\/tr>\n<tr>\n<td>Office 104 E<\/td>\n<td>1096 x 641 x 554<\/td>\n<td>946\u00a0x 498\u00a0x 370<\/td>\n<td>964\u00a0x 498<\/td>\n<td>163<\/td>\n<td>174<\/td>\n<\/tr>\n<tr>\n<td>Office 104 E 300<\/td>\n<td>1096 x 641 x 554<\/td>\n<td>946\u00a0x 498\u00a0x 370<\/td>\n<td>964\u00a0x 498<\/td>\n<td>300<\/td>\n<td>174<\/td>\n<\/tr>\n<tr>\n<td>Office 106 E<\/td>\n<td>1486 x\u00a0780 x 554<\/td>\n<td>1336\u00a0x 638\u00a0x 370<\/td>\n<td>1336 x 638<\/td>\n<td>300<\/td>\n<td>315<\/td>\n<\/tr>\n<\/tbody>\n<\/table>\n<hr \/>\n<p>&nbsp;<\/p>\n<h3>Pour OfficeLine 111 \u2013 116 avec degr\u00e9 de r\u00e9sistance I<\/h3>\n<ul>\n<li>Armoire de s\u00e9curit\u00e9 ind\u00e9pendante\/ coffre-fort d\u2019affaires<\/li>\n<li><strong>Degr\u00e9 de r\u00e9sistance I<\/strong><\/li>\n<li>Homologation et supervision de la s\u00e9curit\u00e9 par l&#8217;ECB\u2022S et le VdS<\/li>\n<li>Protection contre les incendies et protection certifi\u00e9e contre l&#8217;effraction selon la norme EN 1143-1<\/li>\n<li><strong>Atout s\u00e9curit\u00e9\u00a0:<\/strong><br \/>\nsyst\u00e8me de verrouillage d&#8217;urgence, non r\u00e9initialisable, plac\u00e9 dans le m\u00e9canisme de la porte<\/li>\n<li>Types de syst\u00e8mes de fermeture\u00a0:<\/li>\n<\/ul>\n<p>&nbsp;<\/p>\n<h4><\/h4>\n<h4>VERSION S<\/h4>\n<ul>\n<li>Serrure blind\u00e9e haute s\u00e9curit\u00e9 \u00e0 double panneton \u00ab\u00a0SecuSafe\u00a0\u00bb avec combinaison de cl\u00e9 interchangeable, test\u00e9e par le VdS (cat\u00e9gorie 2), certifi\u00e9e par l&#8217;ECB\u2022S selon la norme europ\u00e9enne EN 1300 (cat\u00e9gorie A)<\/li>\n<\/ul>\n<table class=\"ausfuehrung\">\n<thead>\n<tr>\n<td>Article<\/td>\n<td>Ext\u00e9rieur H x L x P<\/td>\n<td>Int\u00e9rieur H x L x P<\/td>\n<td>Porte H x L<\/td>\n<td>Poids<\/td>\n<td>Volume<\/td>\n<\/tr>\n<\/thead>\n<tbody>\n<tr>\n<td class=\"subdesc\"><\/td>\n<td class=\"subdesc\">mm<\/td>\n<td class=\"subdesc\">mm<\/td>\n<td class=\"subdesc\">Ouverture mm<\/td>\n<td class=\"subdesc\">kg<\/td>\n<td class=\"subdesc\">\u00a0l<\/td>\n<\/tr>\n<\/tbody>\n<tbody>\n<tr>\n<td>Office 111 S<\/td>\n<td>626 x 641 x 554<\/td>\n<td>476 x 498\u00a0x\u00a0370<\/td>\n<td>476 x 498<\/td>\n<td>121<\/td>\n<td>87<\/td>\n<\/tr>\n<tr>\n<td>Office 112 S<\/td>\n<td>816 x 641 x\u00a0554<\/td>\n<td>666\u00a0x 498\u00a0x 370<\/td>\n<td>666\u00a0x 498<\/td>\n<td>205<\/td>\n<td>122<\/td>\n<\/tr>\n<tr>\n<td>Office 114 S<\/td>\n<td>1096 x 641 x 554<\/td>\n<td>946\u00a0x 498\u00a0x 370<\/td>\n<td>964\u00a0x\u00a0498<\/td>\n<td>213<\/td>\n<td>174<\/td>\n<\/tr>\n<tr>\n<td>Office 114 S 300<\/td>\n<td>1096 x 641 x 554<\/td>\n<td>946\u00a0x 498\u00a0x 370<\/td>\n<td>964\u00a0x\u00a0498<\/td>\n<td>305<\/td>\n<td>174<\/td>\n<\/tr>\n<tr>\n<td>Office 116 S<\/td>\n<td>1486 x\u00a0780 x 554<\/td>\n<td>1336\u00a0x 638\u00a0x 370<\/td>\n<td>1336 x\u00a0638<\/td>\n<td>310<\/td>\n<td>315<\/td>\n<\/tr>\n<\/tbody>\n<\/table>\n<h4><\/h4>\n<h4>VERSION E FS<\/h4>\n<ul>\n<li>Serrure \u00e0 code \u00e9lectronique \u201eSecuTronic\u201c programmable avec module de lecteur d&#8217;empreintes digitales int\u00e9gr\u00e9, test\u00e9e pat le Vds (cat\u00e9gorie 2)<\/li>\n<\/ul>\n<table class=\"ausfuehrung\">\n<thead>\n<tr>\n<td>Article<\/td>\n<td>Ext\u00e9rieur H x L x P<\/td>\n<td>Int\u00e9rieur H x L x P<\/td>\n<td>Porte H x L<\/td>\n<td>Poids<\/td>\n<td>Volume<\/td>\n<\/tr>\n<\/thead>\n<tbody>\n<tr>\n<td class=\"subdesc\"><\/td>\n<td class=\"subdesc\">mm<\/td>\n<td class=\"subdesc\">mm<\/td>\n<td class=\"subdesc\">Ouverture mm<\/td>\n<td class=\"subdesc\">kg<\/td>\n<td class=\"subdesc\">\u00a0l<\/td>\n<\/tr>\n<\/tbody>\n<tbody>\n<tr>\n<td>Office 111 E<\/td>\n<td>626 x 641 x 554<\/td>\n<td>476 x 498\u00a0x\u00a0370<\/td>\n<td>476 x 498<\/td>\n<td>121<\/td>\n<td>87<\/td>\n<\/tr>\n<tr>\n<td>Office 112\u00a0E<\/td>\n<td>816 x 641 x\u00a0554<\/td>\n<td>666\u00a0x 498\u00a0x 370<\/td>\n<td>666\u00a0x 498<\/td>\n<td>205<\/td>\n<td>122<\/td>\n<\/tr>\n<tr>\n<td>Office 114\u00a0E<\/td>\n<td>1096 x 641 x 554<\/td>\n<td>946\u00a0x 498\u00a0x 370<\/td>\n<td>964\u00a0x\u00a0498<\/td>\n<td>213<\/td>\n<td>174<\/td>\n<\/tr>\n<tr>\n<td>Office 114 E\u00a0300<\/td>\n<td>1096 x 641 x 554<\/td>\n<td>946\u00a0x 498\u00a0x 370<\/td>\n<td>964\u00a0x\u00a0498<\/td>\n<td>305<\/td>\n<td>174<\/td>\n<\/tr>\n<tr>\n<td>Office 116\u00a0E<\/td>\n<td>1486 x\u00a0780 x 554<\/td>\n<td>1336\u00a0x 638\u00a0x 370<\/td>\n<td>1336 x\u00a0638<\/td>\n<td>310<\/td>\n<td>315<\/td>\n<\/tr>\n<\/tbody>\n<\/table>\n<hr \/>\n<h3>Pour OfficeLine 121 \u2013 126 avec degr\u00e9 de r\u00e9sistance II<\/h3>\n<ul>\n<li>Armoire de s\u00e9curit\u00e9 ind\u00e9pendante\/ coffre-fort d\u2019affaires<\/li>\n<li><strong>Degr\u00e9 de r\u00e9sistance II<\/strong><\/li>\n<li>Homologation et supervision de la s\u00e9curit\u00e9 par l&#8217;ECB\u2022S et le VdS<\/li>\n<li>Protection contre les incendies et protection certifi\u00e9e contre l&#8217;effraction selon la norme EN 1143-1<\/li>\n<li><strong>Atout s\u00e9curit\u00e9\u00a0:<\/strong><br \/>\n<strong>Double<\/strong> syst\u00e8me de verrouillage d&#8217;urgence non-r\u00e9initialisable plac\u00e9 dans le m\u00e9canisme de la porte<\/li>\n<li>Types de syst\u00e8mes de fermeture\u00a0:<\/li>\n<\/ul>\n<p>&nbsp;<\/p>\n<h4><\/h4>\n<h4>VERSION S<\/h4>\n<ul>\n<li>Serrure blind\u00e9e haute s\u00e9curit\u00e9 \u00e0 double panneton \u00ab\u00a0SecuSafe\u00a0\u00bb avec combinaison de cl\u00e9 interchangeable, test\u00e9e par le VdS (cat\u00e9gorie 2), certifi\u00e9e par l&#8217;ECB\u2022S selon la norme europ\u00e9enne EN 1300 (cat\u00e9gorie A)<\/li>\n<\/ul>\n<table class=\"ausfuehrung\">\n<thead>\n<tr>\n<td>Article<\/td>\n<td>Ext\u00e9rieur H x L x P<\/td>\n<td>Int\u00e9rieur H x L x P<\/td>\n<td>Porte H x L<\/td>\n<td>Poids<\/td>\n<td>Volume<\/td>\n<\/tr>\n<\/thead>\n<tbody>\n<tr>\n<td class=\"subdesc\"><\/td>\n<td class=\"subdesc\">mm<\/td>\n<td class=\"subdesc\">mm<\/td>\n<td class=\"subdesc\">Ouverture mm<\/td>\n<td class=\"subdesc\">kg<\/td>\n<td class=\"subdesc\">\u00a0l<\/td>\n<\/tr>\n<\/tbody>\n<tbody>\n<tr>\n<td>Office 121 S<\/td>\n<td>626 x 641 x 554<\/td>\n<td>476 x 498\u00a0x\u00a0370<\/td>\n<td>476 x 498<\/td>\n<td>205<\/td>\n<td>87<\/td>\n<\/tr>\n<tr>\n<td>Office 122 S<\/td>\n<td>816 x 641 x\u00a0554<\/td>\n<td>666\u00a0x 498\u00a0x 370<\/td>\n<td>666\u00a0x 498<\/td>\n<td>205<\/td>\n<td>122<\/td>\n<\/tr>\n<tr>\n<td>Office 124 S<\/td>\n<td>1096 x 641 x 554<\/td>\n<td>946\u00a0x 498\u00a0x 370<\/td>\n<td>964\u00a0x\u00a0498<\/td>\n<td>239<\/td>\n<td>174<\/td>\n<\/tr>\n<tr>\n<td>Office 126 S<\/td>\n<td>1486 x\u00a0780 x 554<\/td>\n<td>1336\u00a0x 638\u00a0x 370<\/td>\n<td>1336 x\u00a0638<\/td>\n<td>336<\/td>\n<td>315<\/td>\n<\/tr>\n<\/tbody>\n<\/table>\n<h4><\/h4>\n<h4>VERSION E FS<\/h4>\n<ul>\n<li>Serrure \u00e0 code \u00e9lectronique \u201eSecuTronic\u201c programmable avec module de lecteur d&#8217;empreintes digitales int\u00e9gr\u00e9, test\u00e9e pat le Vds (cat\u00e9gorie 2)<\/li>\n<\/ul>\n<table class=\"ausfuehrung\">\n<thead>\n<tr>\n<td>Article<\/td>\n<td>Ext\u00e9rieur H x L x P<\/td>\n<td>Int\u00e9rieur H x L x P<\/td>\n<td>Porte H x L<\/td>\n<td>Poids<\/td>\n<td>Volume<\/td>\n<\/tr>\n<\/thead>\n<tbody>\n<tr>\n<td class=\"subdesc\"><\/td>\n<td class=\"subdesc\">mm<\/td>\n<td class=\"subdesc\">mm<\/td>\n<td class=\"subdesc\">Ouverture mm<\/td>\n<td class=\"subdesc\">kg<\/td>\n<td class=\"subdesc\">\u00a0l<\/td>\n<\/tr>\n<\/tbody>\n<tbody>\n<tr>\n<td>Office 121\u00a0E<\/td>\n<td>626 x 641 x 554<\/td>\n<td>476 x 498\u00a0x\u00a0370<\/td>\n<td>476 x 498<\/td>\n<td>205<\/td>\n<td>87<\/td>\n<\/tr>\n<tr>\n<td>Office 122\u00a0E<\/td>\n<td>816 x 641 x\u00a0554<\/td>\n<td>666\u00a0x 498\u00a0x 370<\/td>\n<td>666\u00a0x 498<\/td>\n<td>205<\/td>\n<td>122<\/td>\n<\/tr>\n<tr>\n<td>Office 124\u00a0E<\/td>\n<td>1096 x 641 x 554<\/td>\n<td>946\u00a0x 498\u00a0x 370<\/td>\n<td>964\u00a0x\u00a0498<\/td>\n<td>239<\/td>\n<td>174<\/td>\n<\/tr>\n<tr>\n<td>Office 126\u00a0E<\/td>\n<td>1486 x\u00a0780 x 554<\/td>\n<td>1336\u00a0x 638\u00a0x 370<\/td>\n<td>1336 x\u00a0638<\/td>\n<td>336<\/td>\n<td>315<\/td>\n<\/tr>\n<\/tbody>\n<\/table>\n","protected":false},"excerpt":{"rendered":"<p>La gamme OfficeLine de BURG-W\u00c4CHTER\u00a0: Un coffre-fort d&#8217;affaires id\u00e9al Vue d\u2019ensemble de la gamme OFFICE LINE (ancienne version jusqu\u2019\u00e0 2019) Pour la nouvelle g\u00e9n\u00e9ration des coffres OFFICE LINE, c\u2018est ici ! L&#8217;armoire de s\u00e9curit\u00e9 OfficeLine est id\u00e9al comme coffre-fort d&#8217;affaires. &hellip; <a class=\"kt-excerpt-readmore\" href=\"https:\/\/test.burgwaechterservice.de\/fr\/p\/coffres-forts\/officeline\/\" aria-label=\"OfficeLine\">Lire la suite<\/a><\/p>\n","protected":false},"featured_media":427400,"comment_status":"closed","ping_status":"closed","template":"","meta":[],"product_cat":[7991],"product_tag":[],"yoast_head":"<!-- This site is optimized with the Yoast SEO Premium plugin v18.4 (Yoast SEO v19.13) - https:\/\/yoast.com\/wordpress\/plugins\/seo\/ -->\n<title>OfficeLine - BURG-W\u00c4CHTER<\/title>\n<meta name=\"description\" content=\"La gamme OfficeLine de BURG-W\u00c4CHTER\u00a0: Un coffre-fort d&#039;affaires id\u00e9al Vue d\u2019ensemble de la gamme OFFICE LINE (ancienne version jusqu\u2019\u00e0 2019) Pour la\" \/>\n<meta name=\"robots\" content=\"index, follow, max-snippet:-1, max-image-preview:large, max-video-preview:-1\" \/>\n<link rel=\"canonical\" href=\"https:\/\/test.burgwaechterservice.de\/fr\/p\/coffres-forts\/officeline\/\" \/>\n<meta property=\"og:locale\" content=\"fr_FR\" \/>\n<meta property=\"og:type\" content=\"article\" \/>\n<meta property=\"og:title\" content=\"OfficeLine\" \/>\n<meta property=\"og:description\" content=\"La gamme OfficeLine de BURG-W\u00c4CHTER\u00a0: Un coffre-fort d&#039;affaires id\u00e9al Vue d\u2019ensemble de la gamme OFFICE LINE (ancienne version jusqu\u2019\u00e0 2019) Pour la\" \/>\n<meta property=\"og:url\" content=\"https:\/\/test.burgwaechterservice.de\/fr\/p\/coffres-forts\/officeline\/\" \/>\n<meta property=\"og:site_name\" content=\"Burg-W\u00e4chter France\" \/>\n<meta property=\"article:modified_time\" content=\"2022-01-17T07:23:46+00:00\" \/>\n<meta property=\"og:image\" content=\"https:\/\/test.burgwaechterservice.de\/fr\/wp-content\/uploads\/sites\/4\/2016\/09\/Office-Line-EI.png\" \/>\n\t<meta property=\"og:image:width\" content=\"600\" \/>\n\t<meta property=\"og:image:height\" content=\"600\" \/>\n\t<meta property=\"og:image:type\" content=\"image\/png\" \/>\n<meta name=\"twitter:card\" content=\"summary_large_image\" \/>\n<meta name=\"twitter:label1\" content=\"Dur\u00e9e de lecture estim\u00e9e\" \/>\n\t<meta name=\"twitter:data1\" content=\"9 minutes\" \/>\n<!-- \/ Yoast SEO Premium plugin. -->","yoast_head_json":{"title":"OfficeLine - BURG-W\u00c4CHTER","description":"La gamme OfficeLine de BURG-W\u00c4CHTER\u00a0: Un coffre-fort d'affaires id\u00e9al Vue d\u2019ensemble de la gamme OFFICE LINE (ancienne version jusqu\u2019\u00e0 2019) Pour la","robots":{"index":"index","follow":"follow","max-snippet":"max-snippet:-1","max-image-preview":"max-image-preview:large","max-video-preview":"max-video-preview:-1"},"canonical":"https:\/\/test.burgwaechterservice.de\/fr\/p\/coffres-forts\/officeline\/","og_locale":"fr_FR","og_type":"article","og_title":"OfficeLine","og_description":"La gamme OfficeLine de BURG-W\u00c4CHTER\u00a0: Un coffre-fort d'affaires id\u00e9al Vue d\u2019ensemble de la gamme OFFICE LINE (ancienne version jusqu\u2019\u00e0 2019) Pour la","og_url":"https:\/\/test.burgwaechterservice.de\/fr\/p\/coffres-forts\/officeline\/","og_site_name":"Burg-W\u00e4chter France","article_modified_time":"2022-01-17T07:23:46+00:00","og_image":[{"width":600,"height":600,"url":"https:\/\/test.burgwaechterservice.de\/fr\/wp-content\/uploads\/sites\/4\/2016\/09\/Office-Line-EI.png","type":"image\/png"}],"twitter_card":"summary_large_image","twitter_misc":{"Dur\u00e9e de lecture estim\u00e9e":"9 minutes"},"schema":{"@context":"https:\/\/schema.org","@graph":[{"@type":"WebPage","@id":"https:\/\/test.burgwaechterservice.de\/fr\/p\/coffres-forts\/officeline\/","url":"https:\/\/test.burgwaechterservice.de\/fr\/p\/coffres-forts\/officeline\/","name":"OfficeLine - BURG-W\u00c4CHTER","isPartOf":{"@id":"https:\/\/test.burgwaechterservice.de\/fr\/#website"},"datePublished":"2016-09-01T12:46:55+00:00","dateModified":"2022-01-17T07:23:46+00:00","description":"La gamme OfficeLine de BURG-W\u00c4CHTER\u00a0: Un coffre-fort d'affaires id\u00e9al Vue d\u2019ensemble de la gamme OFFICE LINE (ancienne version jusqu\u2019\u00e0 2019) Pour la","breadcrumb":{"@id":"https:\/\/test.burgwaechterservice.de\/fr\/p\/coffres-forts\/officeline\/#breadcrumb"},"inLanguage":"fr-FR","potentialAction":[{"@type":"ReadAction","target":["https:\/\/test.burgwaechterservice.de\/fr\/p\/coffres-forts\/officeline\/"]}]},{"@type":"BreadcrumbList","@id":"https:\/\/test.burgwaechterservice.de\/fr\/p\/coffres-forts\/officeline\/#breadcrumb","itemListElement":[{"@type":"ListItem","position":1,"name":"Accueil","item":"https:\/\/test.burgwaechterservice.de\/fr\/"},{"@type":"ListItem","position":2,"name":"Produits","item":"https:\/\/test.burgwaechterservice.de\/fr\/p\/"},{"@type":"ListItem","position":3,"name":"OfficeLine"}]},{"@type":"WebSite","@id":"https:\/\/test.burgwaechterservice.de\/fr\/#website","url":"https:\/\/test.burgwaechterservice.de\/fr\/","name":"Burg-W\u00e4chter France","description":"Le choix le plus s\u00fbr!","potentialAction":[{"@type":"SearchAction","target":{"@type":"EntryPoint","urlTemplate":"https:\/\/test.burgwaechterservice.de\/fr\/?s={search_term_string}"},"query-input":"required name=search_term_string"}],"inLanguage":"fr-FR"}]}},"_links":{"self":[{"href":"https:\/\/test.burgwaechterservice.de\/fr\/wp-json\/wp\/v2\/product\/34605"}],"collection":[{"href":"https:\/\/test.burgwaechterservice.de\/fr\/wp-json\/wp\/v2\/product"}],"about":[{"href":"https:\/\/test.burgwaechterservice.de\/fr\/wp-json\/wp\/v2\/types\/product"}],"replies":[{"embeddable":true,"href":"https:\/\/test.burgwaechterservice.de\/fr\/wp-json\/wp\/v2\/comments?post=34605"}],"wp:featuredmedia":[{"embeddable":true,"href":"https:\/\/test.burgwaechterservice.de\/fr\/wp-json\/wp\/v2\/media\/427400"}],"wp:attachment":[{"href":"https:\/\/test.burgwaechterservice.de\/fr\/wp-json\/wp\/v2\/media?parent=34605"}],"wp:term":[{"taxonomy":"product_cat","embeddable":true,"href":"https:\/\/test.burgwaechterservice.de\/fr\/wp-json\/wp\/v2\/product_cat?post=34605"},{"taxonomy":"product_tag","embeddable":true,"href":"https:\/\/test.burgwaechterservice.de\/fr\/wp-json\/wp\/v2\/product_tag?post=34605"}],"curies":[{"name":"wp","href":"https:\/\/api.w.org\/{rel}","templated":true}]}}