{"id":34036,"date":"2016-08-29T12:37:47","date_gmt":"2016-08-29T10:37:47","guid":{"rendered":"https:\/\/www.burg.biz\/?post_type=product&#038;p=34036"},"modified":"2017-04-24T12:49:04","modified_gmt":"2017-04-24T10:49:04","slug":"door-eguard-dg-8200","status":"publish","type":"product","link":"https:\/\/test.burgwaechterservice.de\/fr\/p\/portes-et-fenetres\/door-eguard-dg-8200\/","title":{"rendered":"Door eGuard DG 8200"},"content":{"rendered":"<p><img fetchpriority=\"high\" decoding=\"async\" class=\"alignnone wp-image-109799 \" src=\"https:\/\/test.burgwaechterservice.de\/wp-content\/uploads\/2016\/08\/Piktos-DG8200.jpg\" width=\"883\" height=\"108\" \/><\/p>\n<h2>Judas \u00e9lecronique avec fonction sonnette<\/h2>\n<ul>\n<li>montage simple<\/li>\n<li>\u00e9paisseur de la porte 38 &#8211; 110 mm<\/li>\n<li>image clair, nette, de jour comme de nuit (IR LED)<\/li>\n<li>Carte micro SD non fournie!<\/li>\n<li>affichage de Iximage en 1 seconde d\u00e9j\u00e0<\/li>\n<\/ul>\n","protected":false},"excerpt":{"rendered":"<p>Judas \u00e9lecronique avec fonction sonnette montage simple \u00e9paisseur de la porte 38 &#8211; 110 mm image clair, nette, de jour comme de nuit (IR LED) Carte micro SD non fournie! affichage de Iximage en 1 seconde d\u00e9j\u00e0<\/p>\n","protected":false},"featured_media":35982,"comment_status":"closed","ping_status":"closed","template":"","meta":[],"product_cat":[35,48],"product_tag":[],"yoast_head":"<!-- This site is optimized with the Yoast SEO Premium plugin v18.4 (Yoast SEO v19.13) - https:\/\/yoast.com\/wordpress\/plugins\/seo\/ -->\n<title>Door eGuard DG 8200 - BURG-W\u00c4CHTER<\/title>\n<meta name=\"description\" content=\"Judas \u00e9lecronique avec fonction sonnette montage simple \u00e9paisseur de la porte 38 - 110 mm image clair, nette, de jour comme de nuit (IR LED) Carte micro\" \/>\n<meta name=\"robots\" content=\"index, follow, max-snippet:-1, max-image-preview:large, max-video-preview:-1\" \/>\n<link rel=\"canonical\" href=\"https:\/\/test.burgwaechterservice.de\/fr\/p\/portes-et-fenetres\/door-eguard-dg-8200\/\" \/>\n<meta property=\"og:locale\" content=\"fr_FR\" \/>\n<meta property=\"og:type\" content=\"article\" \/>\n<meta property=\"og:title\" content=\"Door eGuard DG 8200\" \/>\n<meta property=\"og:description\" content=\"Judas \u00e9lecronique avec fonction sonnette montage simple \u00e9paisseur de la porte 38 - 110 mm image clair, nette, de jour comme de nuit (IR LED) Carte micro\" \/>\n<meta property=\"og:url\" content=\"https:\/\/test.burgwaechterservice.de\/fr\/p\/portes-et-fenetres\/door-eguard-dg-8200\/\" \/>\n<meta property=\"og:site_name\" content=\"Burg-W\u00e4chter France\" \/>\n<meta property=\"article:modified_time\" content=\"2017-04-24T10:49:04+00:00\" \/>\n<meta property=\"og:image\" content=\"https:\/\/test.burgwaechterservice.de\/fr\/wp-content\/uploads\/sites\/4\/2016\/08\/DG_8200_Display-2-1024x720.jpg\" \/>\n\t<meta property=\"og:image:width\" content=\"1024\" \/>\n\t<meta property=\"og:image:height\" content=\"720\" \/>\n\t<meta property=\"og:image:type\" content=\"image\/jpeg\" \/>\n<meta name=\"twitter:card\" content=\"summary_large_image\" \/>\n<!-- \/ Yoast SEO Premium plugin. -->","yoast_head_json":{"title":"Door eGuard DG 8200 - BURG-W\u00c4CHTER","description":"Judas \u00e9lecronique avec fonction sonnette montage simple \u00e9paisseur de la porte 38 - 110 mm image clair, nette, de jour comme de nuit (IR LED) Carte micro","robots":{"index":"index","follow":"follow","max-snippet":"max-snippet:-1","max-image-preview":"max-image-preview:large","max-video-preview":"max-video-preview:-1"},"canonical":"https:\/\/test.burgwaechterservice.de\/fr\/p\/portes-et-fenetres\/door-eguard-dg-8200\/","og_locale":"fr_FR","og_type":"article","og_title":"Door eGuard DG 8200","og_description":"Judas \u00e9lecronique avec fonction sonnette montage simple \u00e9paisseur de la porte 38 - 110 mm image clair, nette, de jour comme de nuit (IR LED) Carte micro","og_url":"https:\/\/test.burgwaechterservice.de\/fr\/p\/portes-et-fenetres\/door-eguard-dg-8200\/","og_site_name":"Burg-W\u00e4chter France","article_modified_time":"2017-04-24T10:49:04+00:00","og_image":[{"width":1024,"height":720,"url":"https:\/\/test.burgwaechterservice.de\/fr\/wp-content\/uploads\/sites\/4\/2016\/08\/DG_8200_Display-2-1024x720.jpg","type":"image\/jpeg"}],"twitter_card":"summary_large_image","schema":{"@context":"https:\/\/schema.org","@graph":[{"@type":"WebPage","@id":"https:\/\/test.burgwaechterservice.de\/fr\/p\/portes-et-fenetres\/door-eguard-dg-8200\/","url":"https:\/\/test.burgwaechterservice.de\/fr\/p\/portes-et-fenetres\/door-eguard-dg-8200\/","name":"Door eGuard DG 8200 - BURG-W\u00c4CHTER","isPartOf":{"@id":"https:\/\/test.burgwaechterservice.de\/fr\/#website"},"datePublished":"2016-08-29T10:37:47+00:00","dateModified":"2017-04-24T10:49:04+00:00","description":"Judas \u00e9lecronique avec fonction sonnette montage simple \u00e9paisseur de la porte 38 - 110 mm image clair, nette, de jour comme de nuit (IR LED) Carte micro","breadcrumb":{"@id":"https:\/\/test.burgwaechterservice.de\/fr\/p\/portes-et-fenetres\/door-eguard-dg-8200\/#breadcrumb"},"inLanguage":"fr-FR","potentialAction":[{"@type":"ReadAction","target":["https:\/\/test.burgwaechterservice.de\/fr\/p\/portes-et-fenetres\/door-eguard-dg-8200\/"]}]},{"@type":"BreadcrumbList","@id":"https:\/\/test.burgwaechterservice.de\/fr\/p\/portes-et-fenetres\/door-eguard-dg-8200\/#breadcrumb","itemListElement":[{"@type":"ListItem","position":1,"name":"Accueil","item":"https:\/\/test.burgwaechterservice.de\/fr\/"},{"@type":"ListItem","position":2,"name":"Produits","item":"https:\/\/test.burgwaechterservice.de\/fr\/p\/"},{"@type":"ListItem","position":3,"name":"Door eGuard DG 8200"}]},{"@type":"WebSite","@id":"https:\/\/test.burgwaechterservice.de\/fr\/#website","url":"https:\/\/test.burgwaechterservice.de\/fr\/","name":"Burg-W\u00e4chter France","description":"Le choix le plus s\u00fbr!","potentialAction":[{"@type":"SearchAction","target":{"@type":"EntryPoint","urlTemplate":"https:\/\/test.burgwaechterservice.de\/fr\/?s={search_term_string}"},"query-input":"required name=search_term_string"}],"inLanguage":"fr-FR"}]}},"_links":{"self":[{"href":"https:\/\/test.burgwaechterservice.de\/fr\/wp-json\/wp\/v2\/product\/34036"}],"collection":[{"href":"https:\/\/test.burgwaechterservice.de\/fr\/wp-json\/wp\/v2\/product"}],"about":[{"href":"https:\/\/test.burgwaechterservice.de\/fr\/wp-json\/wp\/v2\/types\/product"}],"replies":[{"embeddable":true,"href":"https:\/\/test.burgwaechterservice.de\/fr\/wp-json\/wp\/v2\/comments?post=34036"}],"wp:featuredmedia":[{"embeddable":true,"href":"https:\/\/test.burgwaechterservice.de\/fr\/wp-json\/wp\/v2\/media\/35982"}],"wp:attachment":[{"href":"https:\/\/test.burgwaechterservice.de\/fr\/wp-json\/wp\/v2\/media?parent=34036"}],"wp:term":[{"taxonomy":"product_cat","embeddable":true,"href":"https:\/\/test.burgwaechterservice.de\/fr\/wp-json\/wp\/v2\/product_cat?post=34036"},{"taxonomy":"product_tag","embeddable":true,"href":"https:\/\/test.burgwaechterservice.de\/fr\/wp-json\/wp\/v2\/product_tag?post=34036"}],"curies":[{"name":"wp","href":"https:\/\/api.w.org\/{rel}","templated":true}]}}