{"id":33769,"date":"2016-08-19T10:56:08","date_gmt":"2016-08-19T08:56:08","guid":{"rendered":"https:\/\/www.burg.biz\/?post_type=product&#038;p=33769"},"modified":"2016-09-06T12:11:02","modified_gmt":"2016-09-06T10:11:02","slug":"cylindre-de-remplacement","status":"publish","type":"product","link":"https:\/\/test.burgwaechterservice.de\/fr\/p\/portes-et-fenetres\/cylindre-de-remplacement\/","title":{"rendered":"Cylindre de remplacement"},"content":{"rendered":"<h3>Pratique! Une cl\u00e9 pour 5 syst\u00e8mes de verrouillage diff\u00e9rents!<\/h3>\n<p>\u2022 Pour vos clients, mettez en place une fermeture unique pour les protections WS 11, 22, 33, WR 60 et WZ 60<br \/>\n\u2022 Montage et d\u00e9montage facile des cylindres existants avec la cl\u00e9 sp\u00e9ciale de change<br \/>\n\u2022 Pouvant \u00eatre employ\u00e9 universellement pour WS 11, 22, 33, WR 60 et WZ 60<br \/>\n\u2022 4 fermetures diff\u00e9rentes disponibles<br \/>\n\u2022 Changement du cylindre uniquement possible en position ouverte<br \/>\n\u2022 Dans chaque emballage de 10 cylindres il y a une cl\u00e9 de change<\/p>\n<p>&nbsp;<\/p>\n<table class=\"ausfuehrung\">\n<thead>\n<tr>\n<td>Article<\/td>\n<td>Info<\/td>\n<\/tr>\n<\/thead>\n<tbody>\n<tr>\n<td>Key blank 79 W<\/td>\n<td><\/td>\n<\/tr>\n<tr>\n<td>Winsafe ZS 79 F2 GL<\/td>\n<td>s&#8217;entrouvrant F2<\/td>\n<\/tr>\n<tr>\n<td>Winsafe ZS 79 F3 GL<\/td>\n<td>s&#8217;entrouvrant F3<\/td>\n<\/tr>\n<tr>\n<td>Winsafe ZS 79 F4 GL<\/td>\n<td>s&#8217;entrouvrant F4<\/td>\n<\/tr>\n<tr>\n<td>Winsafe ZS 79 F5 GL<\/td>\n<td>s&#8217;entrouvrant F5<\/td>\n<\/tr>\n<tr>\n<td>Winsafe ZS 79 VS<\/td>\n<td>serrures diff\u00e9rentes<\/td>\n<\/tr>\n<\/tbody>\n<\/table>\n","protected":false},"excerpt":{"rendered":"<p>Pratique! Une cl\u00e9 pour 5 syst\u00e8mes de verrouillage diff\u00e9rents! \u2022 Pour vos clients, mettez en place une fermeture unique pour les protections WS 11, 22, 33, WR 60 et WZ 60 \u2022 Montage et d\u00e9montage facile des cylindres existants avec &hellip; <a class=\"kt-excerpt-readmore\" href=\"https:\/\/test.burgwaechterservice.de\/fr\/p\/portes-et-fenetres\/cylindre-de-remplacement\/\" aria-label=\"Cylindre de remplacement\">Lire la suite<\/a><\/p>\n","protected":false},"featured_media":33768,"comment_status":"closed","ping_status":"closed","template":"","meta":[],"product_cat":[35,57],"product_tag":[],"yoast_head":"<!-- This site is optimized with the Yoast SEO Premium plugin v18.4 (Yoast SEO v19.13) - https:\/\/yoast.com\/wordpress\/plugins\/seo\/ -->\n<title>Cylindre de remplacement - BURG-W\u00c4CHTER<\/title>\n<meta name=\"description\" content=\"Pratique! Une cl\u00e9 pour 5 syst\u00e8mes de verrouillage diff\u00e9rents! \u2022 Pour vos clients, mettez en place une fermeture unique pour les protections WS 11, 22, 33,\" \/>\n<meta name=\"robots\" content=\"index, follow, max-snippet:-1, max-image-preview:large, max-video-preview:-1\" \/>\n<link rel=\"canonical\" href=\"https:\/\/test.burgwaechterservice.de\/fr\/p\/portes-et-fenetres\/cylindre-de-remplacement\/\" \/>\n<meta property=\"og:locale\" content=\"fr_FR\" \/>\n<meta property=\"og:type\" content=\"article\" \/>\n<meta property=\"og:title\" content=\"Cylindre de remplacement\" \/>\n<meta property=\"og:description\" content=\"Pratique! Une cl\u00e9 pour 5 syst\u00e8mes de verrouillage diff\u00e9rents! \u2022 Pour vos clients, mettez en place une fermeture unique pour les protections WS 11, 22, 33,\" \/>\n<meta property=\"og:url\" content=\"https:\/\/test.burgwaechterservice.de\/fr\/p\/portes-et-fenetres\/cylindre-de-remplacement\/\" \/>\n<meta property=\"og:site_name\" content=\"Burg-W\u00e4chter France\" \/>\n<meta property=\"article:modified_time\" content=\"2016-09-06T10:11:02+00:00\" \/>\n<meta property=\"og:image\" content=\"https:\/\/test.burgwaechterservice.de\/fr\/wp-content\/uploads\/sites\/4\/2016\/08\/Zylinder_austauschen_2.jpg\" \/>\n\t<meta property=\"og:image:width\" content=\"2000\" \/>\n\t<meta property=\"og:image:height\" content=\"1335\" \/>\n\t<meta property=\"og:image:type\" content=\"image\/jpeg\" \/>\n<meta name=\"twitter:card\" content=\"summary_large_image\" \/>\n<meta name=\"twitter:label1\" content=\"Dur\u00e9e de lecture estim\u00e9e\" \/>\n\t<meta name=\"twitter:data1\" content=\"1 minute\" \/>\n<!-- \/ Yoast SEO Premium plugin. -->","yoast_head_json":{"title":"Cylindre de remplacement - BURG-W\u00c4CHTER","description":"Pratique! Une cl\u00e9 pour 5 syst\u00e8mes de verrouillage diff\u00e9rents! \u2022 Pour vos clients, mettez en place une fermeture unique pour les protections WS 11, 22, 33,","robots":{"index":"index","follow":"follow","max-snippet":"max-snippet:-1","max-image-preview":"max-image-preview:large","max-video-preview":"max-video-preview:-1"},"canonical":"https:\/\/test.burgwaechterservice.de\/fr\/p\/portes-et-fenetres\/cylindre-de-remplacement\/","og_locale":"fr_FR","og_type":"article","og_title":"Cylindre de remplacement","og_description":"Pratique! Une cl\u00e9 pour 5 syst\u00e8mes de verrouillage diff\u00e9rents! \u2022 Pour vos clients, mettez en place une fermeture unique pour les protections WS 11, 22, 33,","og_url":"https:\/\/test.burgwaechterservice.de\/fr\/p\/portes-et-fenetres\/cylindre-de-remplacement\/","og_site_name":"Burg-W\u00e4chter France","article_modified_time":"2016-09-06T10:11:02+00:00","og_image":[{"width":2000,"height":1335,"url":"https:\/\/test.burgwaechterservice.de\/fr\/wp-content\/uploads\/sites\/4\/2016\/08\/Zylinder_austauschen_2.jpg","type":"image\/jpeg"}],"twitter_card":"summary_large_image","twitter_misc":{"Dur\u00e9e de lecture estim\u00e9e":"1 minute"},"schema":{"@context":"https:\/\/schema.org","@graph":[{"@type":"WebPage","@id":"https:\/\/test.burgwaechterservice.de\/fr\/p\/portes-et-fenetres\/cylindre-de-remplacement\/","url":"https:\/\/test.burgwaechterservice.de\/fr\/p\/portes-et-fenetres\/cylindre-de-remplacement\/","name":"Cylindre de remplacement - BURG-W\u00c4CHTER","isPartOf":{"@id":"https:\/\/test.burgwaechterservice.de\/fr\/#website"},"datePublished":"2016-08-19T08:56:08+00:00","dateModified":"2016-09-06T10:11:02+00:00","description":"Pratique! Une cl\u00e9 pour 5 syst\u00e8mes de verrouillage diff\u00e9rents! \u2022 Pour vos clients, mettez en place une fermeture unique pour les protections WS 11, 22, 33,","breadcrumb":{"@id":"https:\/\/test.burgwaechterservice.de\/fr\/p\/portes-et-fenetres\/cylindre-de-remplacement\/#breadcrumb"},"inLanguage":"fr-FR","potentialAction":[{"@type":"ReadAction","target":["https:\/\/test.burgwaechterservice.de\/fr\/p\/portes-et-fenetres\/cylindre-de-remplacement\/"]}]},{"@type":"BreadcrumbList","@id":"https:\/\/test.burgwaechterservice.de\/fr\/p\/portes-et-fenetres\/cylindre-de-remplacement\/#breadcrumb","itemListElement":[{"@type":"ListItem","position":1,"name":"Accueil","item":"https:\/\/test.burgwaechterservice.de\/fr\/"},{"@type":"ListItem","position":2,"name":"Produits","item":"https:\/\/test.burgwaechterservice.de\/fr\/p\/"},{"@type":"ListItem","position":3,"name":"Cylindre de remplacement"}]},{"@type":"WebSite","@id":"https:\/\/test.burgwaechterservice.de\/fr\/#website","url":"https:\/\/test.burgwaechterservice.de\/fr\/","name":"Burg-W\u00e4chter France","description":"Le choix le plus s\u00fbr!","potentialAction":[{"@type":"SearchAction","target":{"@type":"EntryPoint","urlTemplate":"https:\/\/test.burgwaechterservice.de\/fr\/?s={search_term_string}"},"query-input":"required name=search_term_string"}],"inLanguage":"fr-FR"}]}},"_links":{"self":[{"href":"https:\/\/test.burgwaechterservice.de\/fr\/wp-json\/wp\/v2\/product\/33769"}],"collection":[{"href":"https:\/\/test.burgwaechterservice.de\/fr\/wp-json\/wp\/v2\/product"}],"about":[{"href":"https:\/\/test.burgwaechterservice.de\/fr\/wp-json\/wp\/v2\/types\/product"}],"replies":[{"embeddable":true,"href":"https:\/\/test.burgwaechterservice.de\/fr\/wp-json\/wp\/v2\/comments?post=33769"}],"wp:featuredmedia":[{"embeddable":true,"href":"https:\/\/test.burgwaechterservice.de\/fr\/wp-json\/wp\/v2\/media\/33768"}],"wp:attachment":[{"href":"https:\/\/test.burgwaechterservice.de\/fr\/wp-json\/wp\/v2\/media?parent=33769"}],"wp:term":[{"taxonomy":"product_cat","embeddable":true,"href":"https:\/\/test.burgwaechterservice.de\/fr\/wp-json\/wp\/v2\/product_cat?post=33769"},{"taxonomy":"product_tag","embeddable":true,"href":"https:\/\/test.burgwaechterservice.de\/fr\/wp-json\/wp\/v2\/product_tag?post=33769"}],"curies":[{"name":"wp","href":"https:\/\/api.w.org\/{rel}","templated":true}]}}