{"id":33496,"date":"2016-08-16T15:33:22","date_gmt":"2016-08-16T13:33:22","guid":{"rendered":"https:\/\/www.burg.biz\/?post_type=product&#038;p=33496"},"modified":"2017-11-20T10:59:42","modified_gmt":"2017-11-20T09:59:42","slug":"officedoku","status":"publish","type":"product","link":"https:\/\/test.burgwaechterservice.de\/fr\/p\/coffres-forts\/officedoku\/","title":{"rendered":"Cl\u00e9s suppl\u00e9mentaires pour OL 121+124 Doku"},"content":{"rendered":"<table class=\"ausfuehrung\">\n<thead>\n<tr>\n<td>Cl\u00e9s<\/td>\n<td><\/td>\n<\/tr>\n<\/thead>\n<tbody>\n<tr>\n<td>Set de cl\u00e9s\u00a055 GLK-2<\/td>\n<td>avec 2 cl\u00e9s, 162 mm de longueur, avec articulation<\/td>\n<\/tr>\n<\/tbody>\n<tbody>\n<tr>\n<td>Set de cl\u00e9s\u00a055 GLK-4<\/td>\n<td>avec 4 cl\u00e9s, 162 mm de longueur, avec articulation<\/td>\n<\/tr>\n<\/tbody>\n<tbody>\n<tr>\n<td>Set de cl\u00e9s\u00a055 GLK-6<\/td>\n<td>avec 6 cl\u00e9s, 162 mm de longueur, avec articulation<\/td>\n<\/tr>\n<\/tbody>\n<\/table>\n","protected":false},"excerpt":{"rendered":"<p>Cl\u00e9s Set de cl\u00e9s\u00a055 GLK-2 avec 2 cl\u00e9s, 162 mm de longueur, avec articulation Set de cl\u00e9s\u00a055 GLK-4 avec 4 cl\u00e9s, 162 mm de longueur, avec articulation Set de cl\u00e9s\u00a055 GLK-6 avec 6 cl\u00e9s, 162 mm de longueur, avec articulation<\/p>\n","protected":false},"featured_media":119137,"comment_status":"closed","ping_status":"closed","template":"","meta":[],"product_cat":[34,53],"product_tag":[539],"yoast_head":"<!-- This site is optimized with the Yoast SEO Premium plugin v18.4 (Yoast SEO v19.13) - https:\/\/yoast.com\/wordpress\/plugins\/seo\/ -->\n<title>Cl\u00e9s suppl\u00e9mentaires pour OL 121+124 Doku - BURG-W\u00c4CHTER<\/title>\n<meta name=\"description\" content=\"Cl\u00e9s Set de cl\u00e9s\u00a055 GLK-2 avec 2 cl\u00e9s, 162 mm de longueur, avec articulation Set de cl\u00e9s\u00a055 GLK-4 avec 4 cl\u00e9s, 162 mm de longueur, avec articulation Set\" \/>\n<meta name=\"robots\" content=\"index, follow, max-snippet:-1, max-image-preview:large, max-video-preview:-1\" \/>\n<link rel=\"canonical\" href=\"https:\/\/test.burgwaechterservice.de\/fr\/p\/coffres-forts\/officedoku\/\" \/>\n<meta property=\"og:locale\" content=\"fr_FR\" \/>\n<meta property=\"og:type\" content=\"article\" \/>\n<meta property=\"og:title\" content=\"Cl\u00e9s suppl\u00e9mentaires pour OL 121+124 Doku\" \/>\n<meta property=\"og:description\" content=\"Cl\u00e9s Set de cl\u00e9s\u00a055 GLK-2 avec 2 cl\u00e9s, 162 mm de longueur, avec articulation Set de cl\u00e9s\u00a055 GLK-4 avec 4 cl\u00e9s, 162 mm de longueur, avec articulation Set\" \/>\n<meta property=\"og:url\" content=\"https:\/\/test.burgwaechterservice.de\/fr\/p\/coffres-forts\/officedoku\/\" \/>\n<meta property=\"og:site_name\" content=\"Burg-W\u00e4chter France\" \/>\n<meta property=\"article:modified_time\" content=\"2017-11-20T09:59:42+00:00\" \/>\n<meta property=\"og:image\" content=\"https:\/\/test.burgwaechterservice.de\/fr\/wp-content\/uploads\/sites\/4\/2016\/08\/Schl\u00fcssel-tr_.jpg\" \/>\n\t<meta property=\"og:image:width\" content=\"777\" \/>\n\t<meta property=\"og:image:height\" content=\"768\" \/>\n\t<meta property=\"og:image:type\" content=\"image\/jpeg\" \/>\n<meta name=\"twitter:card\" content=\"summary_large_image\" \/>\n<!-- \/ Yoast SEO Premium plugin. -->","yoast_head_json":{"title":"Cl\u00e9s suppl\u00e9mentaires pour OL 121+124 Doku - BURG-W\u00c4CHTER","description":"Cl\u00e9s Set de cl\u00e9s\u00a055 GLK-2 avec 2 cl\u00e9s, 162 mm de longueur, avec articulation Set de cl\u00e9s\u00a055 GLK-4 avec 4 cl\u00e9s, 162 mm de longueur, avec articulation Set","robots":{"index":"index","follow":"follow","max-snippet":"max-snippet:-1","max-image-preview":"max-image-preview:large","max-video-preview":"max-video-preview:-1"},"canonical":"https:\/\/test.burgwaechterservice.de\/fr\/p\/coffres-forts\/officedoku\/","og_locale":"fr_FR","og_type":"article","og_title":"Cl\u00e9s suppl\u00e9mentaires pour OL 121+124 Doku","og_description":"Cl\u00e9s Set de cl\u00e9s\u00a055 GLK-2 avec 2 cl\u00e9s, 162 mm de longueur, avec articulation Set de cl\u00e9s\u00a055 GLK-4 avec 4 cl\u00e9s, 162 mm de longueur, avec articulation Set","og_url":"https:\/\/test.burgwaechterservice.de\/fr\/p\/coffres-forts\/officedoku\/","og_site_name":"Burg-W\u00e4chter France","article_modified_time":"2017-11-20T09:59:42+00:00","og_image":[{"width":777,"height":768,"url":"https:\/\/test.burgwaechterservice.de\/fr\/wp-content\/uploads\/sites\/4\/2016\/08\/Schl\u00fcssel-tr_.jpg","type":"image\/jpeg"}],"twitter_card":"summary_large_image","schema":{"@context":"https:\/\/schema.org","@graph":[{"@type":"WebPage","@id":"https:\/\/test.burgwaechterservice.de\/fr\/p\/coffres-forts\/officedoku\/","url":"https:\/\/test.burgwaechterservice.de\/fr\/p\/coffres-forts\/officedoku\/","name":"Cl\u00e9s suppl\u00e9mentaires pour OL 121+124 Doku - BURG-W\u00c4CHTER","isPartOf":{"@id":"https:\/\/test.burgwaechterservice.de\/fr\/#website"},"datePublished":"2016-08-16T13:33:22+00:00","dateModified":"2017-11-20T09:59:42+00:00","description":"Cl\u00e9s Set de cl\u00e9s\u00a055 GLK-2 avec 2 cl\u00e9s, 162 mm de longueur, avec articulation Set de cl\u00e9s\u00a055 GLK-4 avec 4 cl\u00e9s, 162 mm de longueur, avec articulation Set","breadcrumb":{"@id":"https:\/\/test.burgwaechterservice.de\/fr\/p\/coffres-forts\/officedoku\/#breadcrumb"},"inLanguage":"fr-FR","potentialAction":[{"@type":"ReadAction","target":["https:\/\/test.burgwaechterservice.de\/fr\/p\/coffres-forts\/officedoku\/"]}]},{"@type":"BreadcrumbList","@id":"https:\/\/test.burgwaechterservice.de\/fr\/p\/coffres-forts\/officedoku\/#breadcrumb","itemListElement":[{"@type":"ListItem","position":1,"name":"Accueil","item":"https:\/\/test.burgwaechterservice.de\/fr\/"},{"@type":"ListItem","position":2,"name":"Produits","item":"https:\/\/test.burgwaechterservice.de\/fr\/p\/"},{"@type":"ListItem","position":3,"name":"Cl\u00e9s suppl\u00e9mentaires pour OL 121+124 Doku"}]},{"@type":"WebSite","@id":"https:\/\/test.burgwaechterservice.de\/fr\/#website","url":"https:\/\/test.burgwaechterservice.de\/fr\/","name":"Burg-W\u00e4chter France","description":"Le choix le plus s\u00fbr!","potentialAction":[{"@type":"SearchAction","target":{"@type":"EntryPoint","urlTemplate":"https:\/\/test.burgwaechterservice.de\/fr\/?s={search_term_string}"},"query-input":"required name=search_term_string"}],"inLanguage":"fr-FR"}]}},"_links":{"self":[{"href":"https:\/\/test.burgwaechterservice.de\/fr\/wp-json\/wp\/v2\/product\/33496"}],"collection":[{"href":"https:\/\/test.burgwaechterservice.de\/fr\/wp-json\/wp\/v2\/product"}],"about":[{"href":"https:\/\/test.burgwaechterservice.de\/fr\/wp-json\/wp\/v2\/types\/product"}],"replies":[{"embeddable":true,"href":"https:\/\/test.burgwaechterservice.de\/fr\/wp-json\/wp\/v2\/comments?post=33496"}],"wp:featuredmedia":[{"embeddable":true,"href":"https:\/\/test.burgwaechterservice.de\/fr\/wp-json\/wp\/v2\/media\/119137"}],"wp:attachment":[{"href":"https:\/\/test.burgwaechterservice.de\/fr\/wp-json\/wp\/v2\/media?parent=33496"}],"wp:term":[{"taxonomy":"product_cat","embeddable":true,"href":"https:\/\/test.burgwaechterservice.de\/fr\/wp-json\/wp\/v2\/product_cat?post=33496"},{"taxonomy":"product_tag","embeddable":true,"href":"https:\/\/test.burgwaechterservice.de\/fr\/wp-json\/wp\/v2\/product_tag?post=33496"}],"curies":[{"name":"wp","href":"https:\/\/api.w.org\/{rel}","templated":true}]}}