{"id":33487,"date":"2016-08-16T14:48:17","date_gmt":"2016-08-16T12:48:17","guid":{"rendered":"https:\/\/www.burg.biz\/?post_type=product&#038;p=33487"},"modified":"2022-01-17T08:24:39","modified_gmt":"2022-01-17T07:24:39","slug":"officedoku-version-e","status":"publish","type":"product","link":"https:\/\/test.burgwaechterservice.de\/fr\/p\/coffres-forts\/officedoku-version-e\/","title":{"rendered":"OfficeDoku Version E"},"content":{"rendered":"<h2>L&#8217;armoire \u00e0 documents solide et ignifug\u00e9e Office Doku<\/h2>\n<h3>Vue d\u2019ensemble de la gamme OFFICE DOKU (ancienne version jusqu\u2019\u00e0 2019)<\/h3>\n<p><a href=\"https:\/\/test.burgwaechterservice.de\/fr\/p\/coffres-forts\/officedoku-2\/\" target=\"_blank\" rel=\"noopener noreferrer\">Pour la nouvelle g\u00e9n\u00e9ration des coffres OFFICE DOKU, c\u2018est ici !<\/a><\/p>\n<p>Office Doku de BURG-W\u00c4CHTER\u00a0: <strong>un meuble incontournable pour chaque entreprise<\/strong> qui accorde de l&#8217;importance au stockage s\u00fbr des informations sur leurs clients, de leurs dossiers et documents. La structure robuste de ce coffre-fort, son volume et sa protection \u00e9lev\u00e9e contre le feu garantissent une <strong>r\u00e9sistance importante contre le vol (niveau de s\u00e9curit\u00e9 II)<\/strong> et une <strong>protection consid\u00e9rable du papier en cas de feu ou de d\u00e9gagement de chaleur (cat\u00e9gorie S 60 P).<\/strong><\/p>\n<h3>Protection contre le feu sur toute la surface de l&#8217;armoire<\/h3>\n<p>La structure \u00e0 double paroi de l&#8217;Office Doku est <strong>r\u00e9alis\u00e9e enti\u00e8rement dans un mat\u00e9riau de protection contre le feu<\/strong> afin de prot\u00e9ger son contenu du feu et de la chaleur. L&#8217;armoire \u00e0 documents est \u00e9quip\u00e9e en s\u00e9rie d&#8217;un dispositif d&#8217;ancrage au sol. Fixez solidement au sol le coffre-fort \u00e0 l&#8217;aide des trous perc\u00e9s et du mat\u00e9riel de fixation compris dans la livraison.<\/p>\n<p>Sa porte est \u00e9galement \u00e0 double-paroi et se ferme \u00e0 l&#8217;aide d&#8217;une <strong>serrure 3 points<\/strong> avec des <strong>p\u00eanes ronds massifs<\/strong> de 28 mm. Des p\u00eanes ronds fixes suppl\u00e9mentaires se logent dans le cadre pour une fixation de l&#8217;int\u00e9rieur. Ainsi la porte de l&#8217;Office Doku offre une r\u00e9sistance \u00e9lev\u00e9e contre les tentatives d&#8217;effraction violentes.<\/p>\n<h3>Contr\u00f4l\u00e9 par le VdS\u00a0: lecteur d&#8217;empreintes digitales int\u00e9gr\u00e9 pour un meilleur confort d&#8217;utilisation<\/h3>\n<p>Notre syst\u00e8me unique de serrure \u00e9lectronique \u00e0 code programmable \u00ab\u00a0SecuTronic\u00a0\u00bb est install\u00e9 de s\u00e9rie avec un lecteur d&#8217;empreintes digitales int\u00e9gr\u00e9. Il s&#8217;agit ainsi d&#8217;une solution extr\u00eamement rapide, confortable et s\u00fbre destin\u00e9e \u00e0 tous ceux qui ne souhaitent pas avoir une cl\u00e9 sur eux.<br \/>\nVous devez commencer par programmer\/scanner deux doigts avant de pouvoir ouvrir le coffre-fort avec le lecteur d&#8217;empreintes digitales. Cette technique d&#8217;authentification est extr\u00eamement pr\u00e9cise, rapide et fiable. Le lecteur d&#8217;empreintes digitales dispose en plus du syst\u00e8me <strong>\u00ab\u00a0Fake Finger Detection\u00a0\u00bb<\/strong> permettant de reconna\u00eetre les v\u00e9ritables doigts de r\u00e9pliques lors de l&#8217;identification ce qui <strong>apporte une protection optimale contre les fraudes<\/strong>.<\/p>\n<p>La serrure \u00e9lectronique est <strong>certifi\u00e9e par le VdS<\/strong> (cat\u00e9gorie 2) et offre un million de possibilit\u00e9s de programmation. Le syst\u00e8me intelligent de gestion des utilisateurs peut administrer jusqu&#8217;\u00e0 <strong>10<\/strong> <strong>codes personnels \u00e0 six chiffres programm\u00e9s par les utilisateurs, 20 empreintes digitales<\/strong> et, en option, jusqu&#8217;\u00e0 300 cl\u00e9s \u00e9lectroniques TSE E-Keys. En option, un logiciel de TSE sur PC permet de g\u00e9rer les noms d&#8217;utilisateur, les horaires et les droits d&#8217;acc\u00e8s, les fonctions de calendrier et bien d&#8217;autres param\u00e8tres.<br \/>\nL&#8217;armoire \u00e0 documents Office Doku est livr\u00e9e avec deux piles (LR 6 AA) afin de pouvoir utiliser sans attendre votre coffre-fort.<br \/>\nVeuillez noter en plus que l&#8217;armature de la serrure d\u00e9passe de 50 mm.<\/p>\n<h3>Protection contre le vol et les incendies pour l&#8217;argent, les informations sur les clients et les documents<\/h3>\n<p>Gr\u00e2ce \u00e0 sa <strong>protection certifi\u00e9e contre les effractions selon la norme EN 1143-1<\/strong>, l&#8217;Office Doku permet de <strong>conserver en toute s\u00e9curit\u00e9<\/strong> l&#8217;argent, les informations sur les clients et tout autre document important. L&#8217;armoire \u00e0 documents a \u00e9t\u00e9 soumise \u00e0 un <strong>test de r\u00e9sistance au feu<\/strong> d&#8217;une heure et \u00e0 un <strong>test de chute<\/strong> qu&#8217;elle a <strong>r\u00e9ussi avec succ\u00e8s<\/strong>. La <strong>cat\u00e9gorie S 60 P<\/strong> garantit une protection compl\u00e8te contre les incendies pour vos papiers de valeur.<\/p>\n<p>Gr\u00e2ce \u00e0 l&#8217;int\u00e9rieur profond du coffre-fort, il est possible d&#8217;y conserver sans probl\u00e8me des classeurs. Les \u00e9tag\u00e8res amovibles et r\u00e9glables permettent \u00e9galement d&#8217;avoir un rangement organis\u00e9.<br \/>\nSi vous avez besoin d&#8217;encore plus d&#8217;espace de rangement et de doubler la s\u00e9curit\u00e9, vous pouvez \u00e9galement demander <strong>un coffre-fort int\u00e9rieur suppl\u00e9mentaire<\/strong>. <a href=\"https:\/\/test.burgwaechterservice.de\/fr\/p\/coffres-forts\/accessoires-pour-officeline-et-officedoku\/\">Choisissez ici votre coffre-fort int\u00e9rieur Office Doku<\/a>\u00a0!<\/p>\n<p><strong>\u00c9l\u00e9gance et simplicit\u00e9\u00a0:<\/strong> le coffre-fort est peint en s\u00e9rie en gris clair (RAL 7035). Le dispositif d&#8217;ouverture plac\u00e9 sur la porte est noir afin d&#8217;\u00eatre plus visible. Nous pouvons sur demande peindre votre Office Doku dans la couleur que vous voulez.<\/p>\n<p>L&#8217;Office Doku (niveau de s\u00e9curit\u00e9 II) s&#8217;accompagne d&#8217;une <strong>couverture d&#8217;assurance de 50\u00a0000\u00a0\u20ac pour les professionnels et de 100\u00a0000\u00a0\u20ac pour les personnes priv\u00e9es.<\/strong> Veuillez noter qu&#8217;en raison des diff\u00e9rentes clauses d&#8217;assurances, vous devez demander l&#8217;accord de l&#8217;assureur.<\/p>\n<h3>Le mod\u00e8le Office Doku en bref<\/h3>\n<ul>\n<li>Coffre-fort pour conserver les documents, protection contre l&#8217;effraction et les incendies<\/li>\n<li>Niveau de s\u00e9curit\u00e9 II<\/li>\n<li>Deux niveaux de s\u00e9curit\u00e9 en un\u00a0: protection certifi\u00e9e contre l&#8217;effraction selon la norme EN 1143-1 et protection contre les incendies conform\u00e9ment \u00e0 la norme EN 1047-1<\/li>\n<li>Protection contr\u00f4l\u00e9e contre les incendies selon la cat\u00e9gorie S 60 P (test de r\u00e9sistance au feu d&#8217;une heure pour les papiers, test de chute inclus)<\/li>\n<li>Structure \u00e0 double paroi, massive sur toute la surface coul\u00e9e dans du mat\u00e9riau ignifug\u00e9<\/li>\n<li>Structure avec rainure anti-feu<\/li>\n<li>Porte \u00e0 double paroi<\/li>\n<li>Verrouillage solide 3 points avec des p\u00eanes ronds de 28 mm d&#8217;\u00e9paisseur pour maintenir la porte dans le cadre depuis l&#8217;int\u00e9rieur<\/li>\n<li>\u00c9quip\u00e9 en s\u00e9rie pour ancrage au sol avec mat\u00e9riel de fixation et trous perc\u00e9s dans le sol du coffre<\/li>\n<li>Profondeur d&#8217;un classeur, \u00e9tag\u00e8res r\u00e9glables, possibilit\u00e9 de livraison avec un coffre-fort int\u00e9rieur<\/li>\n<li>Peint en s\u00e9rie en gris clair RAL 7035, dispositif d&#8217;ouverture noir plac\u00e9 sur la porte<\/li>\n<\/ul>\n<p>Votre avantage s\u00e9curit\u00e9\u00a0:<\/p>\n<ul>\n<li>syst\u00e8me de verrouillage d\u00e9finitif d&#8217;urgence plac\u00e9 dans le m\u00e9canisme de la porte (d\u00e9lateur)<\/li>\n<\/ul>\n<p>&nbsp;<\/p>\n<table class=\"ausfuehrung\">\n<thead>\n<tr>\n<td>Article<\/td>\n<td>Ext\u00e9rieur h x l x p<\/td>\n<td>Int\u00e9rieur h x l x p<\/td>\n<td>Porte h x l<\/td>\n<td>Poids<\/td>\n<td>Volume<\/td>\n<\/tr>\n<\/thead>\n<tbody>\n<tr>\n<td class=\"subdesc\"><\/td>\n<td class=\"subdesc\">mm<\/td>\n<td class=\"subdesc\">mm<\/td>\n<td class=\"subdesc\">Ouverture mm<\/td>\n<td class=\"subdesc\">kg<\/td>\n<td class=\"subdesc\">l<\/td>\n<\/tr>\n<\/tbody>\n<tbody>\n<tr>\n<td>OfficeDoku 121 E<\/td>\n<td>626 x 641 x 555<\/td>\n<td>476 x 498 x 336<\/td>\n<td>476 x 498<\/td>\n<td>300<\/td>\n<td>79,6<\/td>\n<\/tr>\n<tr>\n<td>Office Doku 124 E<\/td>\n<td>1096 x 641 x 555<\/td>\n<td>964 x 498 x 336<\/td>\n<td>946 x 498<\/td>\n<td>450<\/td>\n<td>158,3<\/td>\n<\/tr>\n<\/tbody>\n<\/table>\n","protected":false},"excerpt":{"rendered":"<p>L&#8217;armoire \u00e0 documents solide et ignifug\u00e9e Office Doku Vue d\u2019ensemble de la gamme OFFICE DOKU (ancienne version jusqu\u2019\u00e0 2019) Pour la nouvelle g\u00e9n\u00e9ration des coffres OFFICE DOKU, c\u2018est ici ! Office Doku de BURG-W\u00c4CHTER\u00a0: un meuble incontournable pour chaque entreprise &hellip; <a class=\"kt-excerpt-readmore\" href=\"https:\/\/test.burgwaechterservice.de\/fr\/p\/coffres-forts\/officedoku-version-e\/\" aria-label=\"OfficeDoku Version E\">Lire la suite<\/a><\/p>\n","protected":false},"featured_media":427400,"comment_status":"closed","ping_status":"closed","template":"","meta":[],"product_cat":[34],"product_tag":[539,553],"yoast_head":"<!-- This site is optimized with the Yoast SEO Premium plugin v18.4 (Yoast SEO v19.13) - https:\/\/yoast.com\/wordpress\/plugins\/seo\/ -->\n<title>OfficeDoku Version E - BURG-W\u00c4CHTER<\/title>\n<meta name=\"description\" content=\"L&#039;armoire \u00e0 documents solide et ignifug\u00e9e Office Doku Vue d\u2019ensemble de la gamme OFFICE DOKU (ancienne version jusqu\u2019\u00e0 2019) Pour la nouvelle g\u00e9n\u00e9ration\" \/>\n<meta name=\"robots\" content=\"index, follow, max-snippet:-1, max-image-preview:large, max-video-preview:-1\" \/>\n<link rel=\"canonical\" href=\"https:\/\/test.burgwaechterservice.de\/fr\/p\/coffres-forts\/officedoku-version-e\/\" \/>\n<meta property=\"og:locale\" content=\"fr_FR\" \/>\n<meta property=\"og:type\" content=\"article\" \/>\n<meta property=\"og:title\" content=\"OfficeDoku Version E\" \/>\n<meta property=\"og:description\" content=\"L&#039;armoire \u00e0 documents solide et ignifug\u00e9e Office Doku Vue d\u2019ensemble de la gamme OFFICE DOKU (ancienne version jusqu\u2019\u00e0 2019) Pour la nouvelle g\u00e9n\u00e9ration\" \/>\n<meta property=\"og:url\" content=\"https:\/\/test.burgwaechterservice.de\/fr\/p\/coffres-forts\/officedoku-version-e\/\" \/>\n<meta property=\"og:site_name\" content=\"Burg-W\u00e4chter France\" \/>\n<meta property=\"article:modified_time\" content=\"2022-01-17T07:24:39+00:00\" \/>\n<meta property=\"og:image\" content=\"https:\/\/test.burgwaechterservice.de\/fr\/wp-content\/uploads\/sites\/4\/2016\/09\/Office-Line-EI.png\" \/>\n\t<meta property=\"og:image:width\" content=\"600\" \/>\n\t<meta property=\"og:image:height\" content=\"600\" \/>\n\t<meta property=\"og:image:type\" content=\"image\/png\" \/>\n<meta name=\"twitter:card\" content=\"summary_large_image\" \/>\n<meta name=\"twitter:label1\" content=\"Dur\u00e9e de lecture estim\u00e9e\" \/>\n\t<meta name=\"twitter:data1\" content=\"5 minutes\" \/>\n<!-- \/ Yoast SEO Premium plugin. -->","yoast_head_json":{"title":"OfficeDoku Version E - BURG-W\u00c4CHTER","description":"L'armoire \u00e0 documents solide et ignifug\u00e9e Office Doku Vue d\u2019ensemble de la gamme OFFICE DOKU (ancienne version jusqu\u2019\u00e0 2019) Pour la nouvelle g\u00e9n\u00e9ration","robots":{"index":"index","follow":"follow","max-snippet":"max-snippet:-1","max-image-preview":"max-image-preview:large","max-video-preview":"max-video-preview:-1"},"canonical":"https:\/\/test.burgwaechterservice.de\/fr\/p\/coffres-forts\/officedoku-version-e\/","og_locale":"fr_FR","og_type":"article","og_title":"OfficeDoku Version E","og_description":"L'armoire \u00e0 documents solide et ignifug\u00e9e Office Doku Vue d\u2019ensemble de la gamme OFFICE DOKU (ancienne version jusqu\u2019\u00e0 2019) Pour la nouvelle g\u00e9n\u00e9ration","og_url":"https:\/\/test.burgwaechterservice.de\/fr\/p\/coffres-forts\/officedoku-version-e\/","og_site_name":"Burg-W\u00e4chter France","article_modified_time":"2022-01-17T07:24:39+00:00","og_image":[{"width":600,"height":600,"url":"https:\/\/test.burgwaechterservice.de\/fr\/wp-content\/uploads\/sites\/4\/2016\/09\/Office-Line-EI.png","type":"image\/png"}],"twitter_card":"summary_large_image","twitter_misc":{"Dur\u00e9e de lecture estim\u00e9e":"5 minutes"},"schema":{"@context":"https:\/\/schema.org","@graph":[{"@type":"WebPage","@id":"https:\/\/test.burgwaechterservice.de\/fr\/p\/coffres-forts\/officedoku-version-e\/","url":"https:\/\/test.burgwaechterservice.de\/fr\/p\/coffres-forts\/officedoku-version-e\/","name":"OfficeDoku Version E - BURG-W\u00c4CHTER","isPartOf":{"@id":"https:\/\/test.burgwaechterservice.de\/fr\/#website"},"datePublished":"2016-08-16T12:48:17+00:00","dateModified":"2022-01-17T07:24:39+00:00","description":"L'armoire \u00e0 documents solide et ignifug\u00e9e Office Doku Vue d\u2019ensemble de la gamme OFFICE DOKU (ancienne version jusqu\u2019\u00e0 2019) Pour la nouvelle g\u00e9n\u00e9ration","breadcrumb":{"@id":"https:\/\/test.burgwaechterservice.de\/fr\/p\/coffres-forts\/officedoku-version-e\/#breadcrumb"},"inLanguage":"fr-FR","potentialAction":[{"@type":"ReadAction","target":["https:\/\/test.burgwaechterservice.de\/fr\/p\/coffres-forts\/officedoku-version-e\/"]}]},{"@type":"BreadcrumbList","@id":"https:\/\/test.burgwaechterservice.de\/fr\/p\/coffres-forts\/officedoku-version-e\/#breadcrumb","itemListElement":[{"@type":"ListItem","position":1,"name":"Accueil","item":"https:\/\/test.burgwaechterservice.de\/fr\/"},{"@type":"ListItem","position":2,"name":"Produits","item":"https:\/\/test.burgwaechterservice.de\/fr\/p\/"},{"@type":"ListItem","position":3,"name":"OfficeDoku Version E"}]},{"@type":"WebSite","@id":"https:\/\/test.burgwaechterservice.de\/fr\/#website","url":"https:\/\/test.burgwaechterservice.de\/fr\/","name":"Burg-W\u00e4chter France","description":"Le choix le plus s\u00fbr!","potentialAction":[{"@type":"SearchAction","target":{"@type":"EntryPoint","urlTemplate":"https:\/\/test.burgwaechterservice.de\/fr\/?s={search_term_string}"},"query-input":"required name=search_term_string"}],"inLanguage":"fr-FR"}]}},"_links":{"self":[{"href":"https:\/\/test.burgwaechterservice.de\/fr\/wp-json\/wp\/v2\/product\/33487"}],"collection":[{"href":"https:\/\/test.burgwaechterservice.de\/fr\/wp-json\/wp\/v2\/product"}],"about":[{"href":"https:\/\/test.burgwaechterservice.de\/fr\/wp-json\/wp\/v2\/types\/product"}],"replies":[{"embeddable":true,"href":"https:\/\/test.burgwaechterservice.de\/fr\/wp-json\/wp\/v2\/comments?post=33487"}],"wp:featuredmedia":[{"embeddable":true,"href":"https:\/\/test.burgwaechterservice.de\/fr\/wp-json\/wp\/v2\/media\/427400"}],"wp:attachment":[{"href":"https:\/\/test.burgwaechterservice.de\/fr\/wp-json\/wp\/v2\/media?parent=33487"}],"wp:term":[{"taxonomy":"product_cat","embeddable":true,"href":"https:\/\/test.burgwaechterservice.de\/fr\/wp-json\/wp\/v2\/product_cat?post=33487"},{"taxonomy":"product_tag","embeddable":true,"href":"https:\/\/test.burgwaechterservice.de\/fr\/wp-json\/wp\/v2\/product_tag?post=33487"}],"curies":[{"name":"wp","href":"https:\/\/api.w.org\/{rel}","templated":true}]}}