{"id":33337,"date":"2016-08-01T14:02:24","date_gmt":"2016-08-01T12:02:24","guid":{"rendered":"https:\/\/www.burg.biz\/?post_type=product&#038;p=33337"},"modified":"2022-04-29T09:07:58","modified_gmt":"2022-04-29T07:07:58","slug":"secuentry-easy-5602-fingerprint","status":"publish","type":"product","link":"https:\/\/test.burgwaechterservice.de\/fr\/p\/serrure-electronique\/secuentry-easy-5602-fingerprint\/","title":{"rendered":"secuENTRY easy 5602 FINGERPRINT"},"content":{"rendered":"<h2>NOUVEAU\u00a0: Le cylindre \u00e9lectronique pour portes avec module de lecteur d&#8217;empreintes digitales et serrure de secours m\u00e9canique<\/h2>\n<p>D\u00e9verrouiller des portes n&#8217;a jamais \u00e9t\u00e9 aussi simple\u00a0: Avec la gamme easy de cylindres \u00e9lectroniques pour portes secuENTRY, l&#8217;acc\u00e8s \u00e0 et dans votre habitation est particuli\u00e8rement ais\u00e9.<br \/>\nQuand vous misez sur une technique de pointe fiable\u00a0: Avec le cylindre de fermeture \u00e9lectronique et la transmission s\u00e9curis\u00e9e des donn\u00e9es par cryptage AES via Bluetooth, l&#8217;acc\u00e8s \u00e0 votre habitation est extr\u00eamement s\u00fbr.<\/p>\n<p>Le <strong>cylindre <\/strong>secuENTRY offre une flexibilit\u00e9 hors du commun\u00a0: Il dispose \u00e9galement d&#8217;une fonction de s\u00e9rie lui permettant de l&#8217;activer via les Smartphones, avec un code PIN, et au moyen de la biom\u00e9trie.<br \/>\nCela permet de r\u00e9agir rapidement \u00e0 des conditions changeantes, le syst\u00e8me pouvant toujours \u00eatre compl\u00e9t\u00e9 ult\u00e9rieurement.<\/p>\n<h3>D\u00e9verrouiller des portes ais\u00e9ment avec sa propre empreinte digitale, un code personnel, ou avec une application Smartphone<\/h3>\n<p>Avec le cylindre \u00e9lectronique pour portes secuENTRY easy Fingerprint vous avez plus d&#8217;une possibilit\u00e9, ais\u00e9e et simple, de d\u00e9verrouiller vos portes.<\/p>\n<ul>\n<li>L&#8217;ouverture au moyen de sa propre empreinte digitale est particuli\u00e8rement rapide, facile et s\u00fbre. Il est possible de programmer \u00e0 l&#8217;avance jusqu&#8217;\u00e0 24 empreintes digitales. Pour ouvrir, il vous suffit de placer votre doigt, dont l&#8217;empreinte a \u00e9t\u00e9 programm\u00e9e, au milieu du module de lecteur d&#8217;empreintes digitales sur le clavier, en appliquant un mouvement du haut vers le bas\u00a0\u2013\u00a0le cylindre \u00e9lectrique est alors activ\u00e9 automatiquement via Bluetooth.<\/li>\n<li>Vous pouvez \u00e9galement facilement d\u00e9verrouiller la porte d&#8217;entr\u00e9e de votre maison ou de votre appartement en tapant un code personnel \u00e0 6 chiffres sur le clavier. Il est possible de programmer jusqu&#8217;\u00e0 50 codes.<\/li>\n<li>Avec la KeyApp, sur votre Smartphone, vous pouvez vous programmer un acc\u00e8s en un seul clic. Plusieurs Smartphones peuvent \u00eatre facilement configur\u00e9s pour le cylindre secuENTRY pour diff\u00e9rents utilisateurs.<br \/>\nVous pouvez t\u00e9l\u00e9charger gratuitement l&#8217;application comprenant 30 ouvertures sur Appstore et Google Play Store pour votre Smartphone. Des packages suppl\u00e9mentaires payants sont disponibles sous la forme d&#8217;achats In App.<\/li>\n<\/ul>\n<p>Lors de la transmission de donn\u00e9es pour effectuer l&#8217;ouverture, toutes les informations sont s\u00e9curis\u00e9es par cryptage AES et sont ainsi prot\u00e9g\u00e9es contre toute manipulation de fa\u00e7on optimale.<\/p>\n<h3>Compatible avec presque toutes les portes<\/h3>\n<p>Le cylindre \u00e9lectronique peut \u00eatre adapt\u00e9 individuellement pour des portes avec une \u00e9paisseur allant jusqu&#8217;\u00e0 118 mm (59\/59). Il est utilisable aussi bien avec des portes int\u00e9rieures qu&#8217;avec des portes ext\u00e9rieures. Lors du montage, aucun per\u00e7age n&#8217;est n\u00e9cessaire, les garnitures existantes restent tout simplement en place.***<br \/>\nVeillez \u00e0 ce que le clavier secuENTRY (indice de protection IP 55) soit install\u00e9 \u00e0 un endroit \u00e0 l&#8217;abri des intemp\u00e9ries et \u00e0 une distance de 4 m\u00e8tres maximum de la porte, afin de permettre une transmission de donn\u00e9es optimale.<\/p>\n<h3>Gestion d&#8217;utilisateur via un logiciel<\/h3>\n<p>Le cas \u00e9ch\u00e9ant, vous pouvez acheter le logiciel pour PC secuENTRY pour une gestion efficace de tous les utilisateurs. Avec celui-ci vous pouvez ais\u00e9ment attribuer ou retirer des droits d&#8217;acc\u00e8s ainsi qu&#8217;analyser et effectuer une lecture de l&#8217;historique des acc\u00e8s.<\/p>\n<p>Ce set contient\u00a0: Un cylindre \u00e9lectronique secuENTRY easy, un clavier secuENTRY easy Fingerprint, des piles, ainsi qu&#8217;un manuel d&#8217;utilisation et des instructions de montage.<\/p>\n<h3>Le Cylindre \u00e9lectronique pour portes secuENTRY easy 5602 FINGERPRINT en bref<\/h3>\n<h4>ACC\u00c8S<\/h4>\n<ol>\n<li>\n<h5>Mobile via Smartphone<\/h5>\n<\/li>\n<\/ol>\n<ul>\n<li>Application t\u00e9l\u00e9chargeable sur Appstore et Google Play Store*<\/li>\n<li>Application disponible pour Samsung Galaxy S4, S4 mini, S5 et S5 mini \u00e0 partir d&#8217;Android 4.3 KitKat ou 5.0 Lollipop et pour Apple iPhone 4S, 5, 5S, 6, 6P \u00e0 partir d&#8217;IOS 8.1.3 (V\u00e9rifiez la disponibilit\u00e9 des autres appareils sur\u00a0:\u00a0test.burgwaechterservice.de)<\/li>\n<li>Keyless Entry<\/li>\n<\/ul>\n<ol start=\"2\">\n<li>\n<h5>Code PIN via le clavier<\/h5>\n<\/li>\n<\/ol>\n<ul>\n<li>Clavier r\u00e9tro\u00e9clair\u00e9<\/li>\n<li>Activation du clavier via un pav\u00e9 tactile<\/li>\n<\/ul>\n<ol start=\"3\">\n<li>\n<h5>Empreinte digitale via le clavier<\/h5>\n<\/li>\n<\/ol>\n<ul>\n<li>Clavier r\u00e9tro\u00e9clair\u00e9<\/li>\n<li>Activation du clavier via un pav\u00e9 tactile<\/li>\n<li>Bouton-poussoir \u00ab\u00a0ON\u00a0\u00bb m\u00e9canique<\/li>\n<\/ul>\n<h4>S\u00c9CURIT\u00c9<\/h4>\n<ul>\n<li>Code secret \u00e0 6 chiffres<\/li>\n<li>Jusqu&#8217;\u00e0 50 codes programmables (1 code administrateur inclus), dont 24 empreintes digitales maximum<\/li>\n<li>1 million de codes possibles (code PIN)<\/li>\n<li>Protection optimale contre toute manipulation<\/li>\n<li>Incluse\u00a0:\u00a0Serrure de secours m\u00e9canique<\/li>\n<li>Transmission des donn\u00e9es de s\u00e9curit\u00e9 prot\u00e9g\u00e9es par cryptage AES<\/li>\n<li>Montage du clavier \u00e0 un endroit prot\u00e9g\u00e9 des intemp\u00e9ries, indice de protection IP 55<\/li>\n<\/ul>\n<h4>COMPATIBILIT\u00c9<\/h4>\n<ul>\n<li>Convient \u00e0 une \u00e9paisseur de porte allant jusqu&#8217;\u00e0 118 mm (59\/59)<\/li>\n<li>Pour portes int\u00e9rieures et ext\u00e9rieures<\/li>\n<li>Installation du clavier \u00e0 une distance de 4 m\u00e8tres maximum de la porte<\/li>\n<\/ul>\n<h4>SIMPLICIT\u00c9<\/h4>\n<ul>\n<li>Le cylindre secuENTRY EASY \u00e0 commande \u00e9lectronique remplace le cylindre m\u00e9canique profil\u00e9<\/li>\n<li>On conserve en place les garnitures existantes***<\/li>\n<li>Aucun per\u00e7age\u00a0\u2013 mise \u00e0 niveau facile<\/li>\n<\/ul>\n<h4>APP<\/h4>\n<h5>KeyApp<\/h5>\n<ul>\n<li>Ouverture du cylindre via Smartphone<\/li>\n<li>T\u00e9l\u00e9chargement sur Appstore et Google Play Store<\/li>\n<li>Installation rapide et mise en service directe<\/li>\n<li>Mises \u00e0 jour automatiques possibles<\/li>\n<li>Kit de d\u00e9marrage gratuit comprenant 30 ouvertures<\/li>\n<li>Packages suppl\u00e9mentaires dans votre Store<\/li>\n<\/ul>\n<h4>COMPATIBILIT\u00c9 AVEC PC<\/h4>\n<ul>\n<li>Via le logiciel pour PC disponible en option, il est possible d&#8217;acc\u00e9der entre autres \u00e0 des fonctions telles que<\/li>\n<\/ul>\n<ul>\n<li>La gestion d&#8217;utilisateur<\/li>\n<li>L&#8217;attribution de droits<\/li>\n<li>Lecture de l&#8217;historique, etc.<\/li>\n<\/ul>\n<p>***En cas de garniture de porte avec protection anti-vandalisme la serrure de secours m\u00e9canique n\u2019est plus accessible\u00a0!<\/p>\n","protected":false},"excerpt":{"rendered":"<p>NOUVEAU\u00a0: Le cylindre \u00e9lectronique pour portes avec module de lecteur d&#8217;empreintes digitales et serrure de secours m\u00e9canique D\u00e9verrouiller des portes n&#8217;a jamais \u00e9t\u00e9 aussi simple\u00a0: Avec la gamme easy de cylindres \u00e9lectroniques pour portes secuENTRY, l&#8217;acc\u00e8s \u00e0 et dans votre &hellip; <a class=\"kt-excerpt-readmore\" href=\"https:\/\/test.burgwaechterservice.de\/fr\/p\/serrure-electronique\/secuentry-easy-5602-fingerprint\/\" aria-label=\"secuENTRY easy 5602 FINGERPRINT\">Lire la suite<\/a><\/p>\n","protected":false},"featured_media":33350,"comment_status":"closed","ping_status":"closed","template":"","meta":[],"product_cat":[1136],"product_tag":[551,552],"yoast_head":"<!-- This site is optimized with the Yoast SEO Premium plugin v18.4 (Yoast SEO v19.13) - https:\/\/yoast.com\/wordpress\/plugins\/seo\/ -->\n<title>secuENTRY easy 5602 FINGERPRINT - BURG-W\u00c4CHTER<\/title>\n<meta name=\"description\" content=\"NOUVEAU\u00a0: Le cylindre \u00e9lectronique pour portes avec module de lecteur d&#039;empreintes digitales et serrure de secours m\u00e9canique D\u00e9verrouiller des portes n&#039;a\" \/>\n<meta name=\"robots\" content=\"index, follow, max-snippet:-1, max-image-preview:large, max-video-preview:-1\" \/>\n<link rel=\"canonical\" href=\"https:\/\/test.burgwaechterservice.de\/fr\/p\/serrure-electronique\/secuentry-easy-5602-fingerprint\/\" \/>\n<meta property=\"og:locale\" content=\"fr_FR\" \/>\n<meta property=\"og:type\" content=\"article\" \/>\n<meta property=\"og:title\" content=\"secuENTRY easy 5602 FINGERPRINT\" \/>\n<meta property=\"og:description\" content=\"NOUVEAU\u00a0: Le cylindre \u00e9lectronique pour portes avec module de lecteur d&#039;empreintes digitales et serrure de secours m\u00e9canique D\u00e9verrouiller des portes n&#039;a\" \/>\n<meta property=\"og:url\" content=\"https:\/\/test.burgwaechterservice.de\/fr\/p\/serrure-electronique\/secuentry-easy-5602-fingerprint\/\" \/>\n<meta property=\"og:site_name\" content=\"Burg-W\u00e4chter France\" \/>\n<meta property=\"article:modified_time\" content=\"2022-04-29T07:07:58+00:00\" \/>\n<meta property=\"og:image\" content=\"https:\/\/test.burgwaechterservice.de\/fr\/wp-content\/uploads\/sites\/4\/2016\/08\/ENTRY-easy-5602-FP.jpg\" \/>\n\t<meta property=\"og:image:width\" content=\"2953\" \/>\n\t<meta property=\"og:image:height\" content=\"2953\" \/>\n\t<meta property=\"og:image:type\" content=\"image\/jpeg\" \/>\n<meta name=\"twitter:card\" content=\"summary_large_image\" \/>\n<meta name=\"twitter:label1\" content=\"Dur\u00e9e de lecture estim\u00e9e\" \/>\n\t<meta name=\"twitter:data1\" content=\"4 minutes\" \/>\n<!-- \/ Yoast SEO Premium plugin. -->","yoast_head_json":{"title":"secuENTRY easy 5602 FINGERPRINT - BURG-W\u00c4CHTER","description":"NOUVEAU\u00a0: Le cylindre \u00e9lectronique pour portes avec module de lecteur d'empreintes digitales et serrure de secours m\u00e9canique D\u00e9verrouiller des portes n'a","robots":{"index":"index","follow":"follow","max-snippet":"max-snippet:-1","max-image-preview":"max-image-preview:large","max-video-preview":"max-video-preview:-1"},"canonical":"https:\/\/test.burgwaechterservice.de\/fr\/p\/serrure-electronique\/secuentry-easy-5602-fingerprint\/","og_locale":"fr_FR","og_type":"article","og_title":"secuENTRY easy 5602 FINGERPRINT","og_description":"NOUVEAU\u00a0: Le cylindre \u00e9lectronique pour portes avec module de lecteur d'empreintes digitales et serrure de secours m\u00e9canique D\u00e9verrouiller des portes n'a","og_url":"https:\/\/test.burgwaechterservice.de\/fr\/p\/serrure-electronique\/secuentry-easy-5602-fingerprint\/","og_site_name":"Burg-W\u00e4chter France","article_modified_time":"2022-04-29T07:07:58+00:00","og_image":[{"width":2953,"height":2953,"url":"https:\/\/test.burgwaechterservice.de\/fr\/wp-content\/uploads\/sites\/4\/2016\/08\/ENTRY-easy-5602-FP.jpg","type":"image\/jpeg"}],"twitter_card":"summary_large_image","twitter_misc":{"Dur\u00e9e de lecture estim\u00e9e":"4 minutes"},"schema":{"@context":"https:\/\/schema.org","@graph":[{"@type":"WebPage","@id":"https:\/\/test.burgwaechterservice.de\/fr\/p\/serrure-electronique\/secuentry-easy-5602-fingerprint\/","url":"https:\/\/test.burgwaechterservice.de\/fr\/p\/serrure-electronique\/secuentry-easy-5602-fingerprint\/","name":"secuENTRY easy 5602 FINGERPRINT - BURG-W\u00c4CHTER","isPartOf":{"@id":"https:\/\/test.burgwaechterservice.de\/fr\/#website"},"datePublished":"2016-08-01T12:02:24+00:00","dateModified":"2022-04-29T07:07:58+00:00","description":"NOUVEAU\u00a0: Le cylindre \u00e9lectronique pour portes avec module de lecteur d'empreintes digitales et serrure de secours m\u00e9canique D\u00e9verrouiller des portes n'a","breadcrumb":{"@id":"https:\/\/test.burgwaechterservice.de\/fr\/p\/serrure-electronique\/secuentry-easy-5602-fingerprint\/#breadcrumb"},"inLanguage":"fr-FR","potentialAction":[{"@type":"ReadAction","target":["https:\/\/test.burgwaechterservice.de\/fr\/p\/serrure-electronique\/secuentry-easy-5602-fingerprint\/"]}]},{"@type":"BreadcrumbList","@id":"https:\/\/test.burgwaechterservice.de\/fr\/p\/serrure-electronique\/secuentry-easy-5602-fingerprint\/#breadcrumb","itemListElement":[{"@type":"ListItem","position":1,"name":"Accueil","item":"https:\/\/test.burgwaechterservice.de\/fr\/"},{"@type":"ListItem","position":2,"name":"Produits","item":"https:\/\/test.burgwaechterservice.de\/fr\/p\/"},{"@type":"ListItem","position":3,"name":"secuENTRY easy 5602 FINGERPRINT"}]},{"@type":"WebSite","@id":"https:\/\/test.burgwaechterservice.de\/fr\/#website","url":"https:\/\/test.burgwaechterservice.de\/fr\/","name":"Burg-W\u00e4chter France","description":"Le choix le plus s\u00fbr!","potentialAction":[{"@type":"SearchAction","target":{"@type":"EntryPoint","urlTemplate":"https:\/\/test.burgwaechterservice.de\/fr\/?s={search_term_string}"},"query-input":"required name=search_term_string"}],"inLanguage":"fr-FR"}]}},"_links":{"self":[{"href":"https:\/\/test.burgwaechterservice.de\/fr\/wp-json\/wp\/v2\/product\/33337"}],"collection":[{"href":"https:\/\/test.burgwaechterservice.de\/fr\/wp-json\/wp\/v2\/product"}],"about":[{"href":"https:\/\/test.burgwaechterservice.de\/fr\/wp-json\/wp\/v2\/types\/product"}],"replies":[{"embeddable":true,"href":"https:\/\/test.burgwaechterservice.de\/fr\/wp-json\/wp\/v2\/comments?post=33337"}],"wp:featuredmedia":[{"embeddable":true,"href":"https:\/\/test.burgwaechterservice.de\/fr\/wp-json\/wp\/v2\/media\/33350"}],"wp:attachment":[{"href":"https:\/\/test.burgwaechterservice.de\/fr\/wp-json\/wp\/v2\/media?parent=33337"}],"wp:term":[{"taxonomy":"product_cat","embeddable":true,"href":"https:\/\/test.burgwaechterservice.de\/fr\/wp-json\/wp\/v2\/product_cat?post=33337"},{"taxonomy":"product_tag","embeddable":true,"href":"https:\/\/test.burgwaechterservice.de\/fr\/wp-json\/wp\/v2\/product_tag?post=33337"}],"curies":[{"name":"wp","href":"https:\/\/api.w.org\/{rel}","templated":true}]}}