{"id":33001,"date":"2016-07-28T10:45:59","date_gmt":"2016-07-28T08:45:59","guid":{"rendered":"https:\/\/www.burg.biz\/?post_type=product&#038;p=33001"},"modified":"2022-04-29T09:05:30","modified_gmt":"2022-04-29T07:05:30","slug":"secuentry-5705-half","status":"publish","type":"product","link":"https:\/\/test.burgwaechterservice.de\/fr\/p\/serrure-electronique\/secuentry-5705-half\/","title":{"rendered":"secuENTRY 5705 HALF"},"content":{"rendered":"<p><img decoding=\"async\" class=\"wp-image-36730 alignright\" src=\"https:\/\/test.burgwaechterservice.de\/fr\/wp-content\/uploads\/sites\/4\/2016\/07\/pxa_bp_en_pos-257x300.jpg\" alt=\"Druck\" width=\"200\" height=\"233\" srcset=\"https:\/\/test.burgwaechterservice.de\/fr\/wp-content\/uploads\/sites\/4\/2016\/07\/pxa_bp_en_pos-257x300.jpg 257w, https:\/\/test.burgwaechterservice.de\/fr\/wp-content\/uploads\/sites\/4\/2016\/07\/pxa_bp_en_pos-768x897.jpg 768w, https:\/\/test.burgwaechterservice.de\/fr\/wp-content\/uploads\/sites\/4\/2016\/07\/pxa_bp_en_pos-877x1024.jpg 877w, https:\/\/test.burgwaechterservice.de\/fr\/wp-content\/uploads\/sites\/4\/2016\/07\/pxa_bp_en_pos.jpg 894w\" sizes=\"(max-width: 200px) 100vw, 200px\" \/><\/p>\n<h2>On ne fait pas les choses \u00e0 moiti\u00e9 avec le demi cylindre \u00e9lectronique secuENTRY 5707 HALF<\/h2>\n<p>D\u00e9verrouiller et verrouiller des portes avec un transpondeur pratique ou, tr\u00e8s facilement, au moyen d&#8217;une application sur votre Smartphone. Possibilit\u00e9 d&#8217;un contr\u00f4le pr\u00e9cis des acc\u00e8s des utilisateurs avec le logiciel secuENTRY pour PC disponible en option. La gamme secuENTRY de BURG-W\u00c4CHTER rend l&#8217;acc\u00e8s de et dans votre habitation <strong>particuli\u00e8rement rapide, pratique et s\u00fbr\u00a0!<\/strong><\/p>\n<p>Le <strong>demi<\/strong> <strong>cylindre secuENTRY <\/strong>offre une flexibilit\u00e9 hors du commun, car, en dehors de l&#8217;activation par transpondeur passif, il dispose \u00e9galement d&#8217;une fonction de s\u00e9rie lui permettant de l&#8217;activer via les Smartphones.<br \/>\nCela permet de r\u00e9agir rapidement \u00e0 des conditions changeantes, le syst\u00e8me pouvant toujours \u00eatre compl\u00e9t\u00e9 ult\u00e9rieurement.<\/p>\n<h3>Diff\u00e9rents syst\u00e8mes d&#8217;ouverture (jusqu&#8217;\u00e0 50 utilisateurs)<\/h3>\n<p>Avec le demi cylindre secuENTRY 5705 HALF, vous disposez de deux possibilit\u00e9s diff\u00e9rentes pour activer le cylindre \u00e9lectronique\u00a0:<\/p>\n<ul>\n<li>Avec la <strong>KeyApp<\/strong> <strong>gratuite de<\/strong> BURG-W\u00c4CHTER, votre <strong>Smartphone<\/strong> peut d\u00e8s maintenant d\u00e9verrouiller des portes. Pour cela, t\u00e9l\u00e9chargez l&#8217;application sur AppStore \u00a0\u00a0 ou sur Google Play Store en tapant le mot cl\u00e9 \u00ab\u00a0secuENTRY KeyApp\u00a0\u00bb. Avec un simple clic sur le bouton d&#8217;acc\u00e8s dans l&#8217;application,\u00a0\u00a0\u00a0\u00a0 le cylindre se d\u00e9senclenche et la porte peut \u00eatre ouverte sans difficult\u00e9. Plusieurs \u00a0 Smartphones peuvent \u00eatre configur\u00e9s simultan\u00e9ment pour le cylindre secuENTRY pour diff\u00e9rents utilisateurs.<br \/>\nLe kit de d\u00e9marrage gratuit comprend 30 ouvertures, les packages suppl\u00e9mentaires payants \u00e9tant disponibles sous la forme d&#8217;achats In App.<\/li>\n<li>Une autre alternative pratique \u00e0 la cl\u00e9 traditionnelle est le<strong> transpondeur passif RFID fonctionnel<\/strong>. Celui-ci doit seulement \u00eatre positionn\u00e9 un court instant devant le cylindre \u00a0\u00a0\u00a0\u00a0\u00a0\u00a0 \u00e9lectronique. Il se d\u00e9senclenche alors automatiquement et le bouton de porte peut \u00eatre tourn\u00e9 \u00a0\u00a0\u00a0\u00a0\u00a0\u00a0 pour ouvrir. Deux transpondeurs sont d\u00e9j\u00e0 inclus dans la livraison. Des transpondeurs suppl\u00e9mentaires peuvent \u00eatre \u00a0\u00a0\u00a0\u00a0\u00a0\u00a0 achet\u00e9s s\u00e9par\u00e9ment. Vous pouvez programmer <strong>jusqu&#8217;\u00e0 50 transpondeurs<\/strong> pour le secuENTRY 5705 HALF.<\/li>\n<\/ul>\n<h3>Logiciel pratique secuENTRY pour PC disponible en option<\/h3>\n<p>Si vous souhaitez disposer d&#8217;une vue d&#8217;ensemble compl\u00e8te des utilisateurs et de leurs entr\u00e9es, le logiciel pour PC disponible s\u00e9par\u00e9ment est la solution id\u00e9ale. Vous pouvez ainsi attribuer et retirer <strong>des droits d&#8217;acc\u00e8s<\/strong>, cr\u00e9er des <strong>profils d&#8217;utilisateur <\/strong>et consulter<strong> l&#8217;historique des acc\u00e8s.<\/strong> Vous avez tout sous contr\u00f4le\u00a0!<\/p>\n<p>Ce set contient\u00a0: Un demi cylindre \u00e9lectronique pour portes, deux transpondeurs passifs, des piles, ainsi qu&#8217;un manuel d&#8217;utilisation et des instructions de montage.<\/p>\n<h3>Le secuENTRY 5705 HALF en bref<\/h3>\n<ul>\n<li>Bouton rotatif d\u00e9montable sans risque de d\u00e9t\u00e9rioration<\/li>\n<li>Fermeture via support d&#8217;identification<\/li>\n<li>Supports d&#8217;identification utilisables\u00a0:<br \/>\nTranspondeur et KeyApp (Smartphone)<\/li>\n<\/ul>\n<ol>\n<li>\n<h5>Mobile via Smartphone<\/h5>\n<\/li>\n<\/ol>\n<ul>\n<li>Application t\u00e9l\u00e9chargeable sur Appstore et Google Play Store*<\/li>\n<li>Application disponible pour Samsung Galaxy S4, S4 mini, S5 et S5 mini \u00e0 partir d&#8217;Android 4.3 KitKat ou 5.0 Lollipop et pour Apple iPhone 4S, 5, 5S, 6, 6P \u00e0 partir d&#8217;IOS 8.1.3 et Nexus 6**<\/li>\n<li>Keyless Entry<\/li>\n<\/ul>\n<ol start=\"2\">\n<li>\n<h5>Transpondeur passif<\/h5>\n<\/li>\n<\/ol>\n<ul>\n<li>Transpondeur passif moderne<\/li>\n<li>Livraison standard comprenant 2 transpondeurs<\/li>\n<li>Longueur de 30\/10 mm<\/li>\n<li>Jusqu&#8217;\u00e0 50 utilisateurs\u00a0\u2013\u00a0avec fonctions \u00ab\u00a0historique\u00a0\u00ab\u00a0et \u00ab\u00a0gestion des droits\u00a0\u00bb via le logiciel pour PC secuENTRY en option<\/li>\n<li>Piles\u00a0: 1 pile lithium CR123A<\/li>\n<li>Dur\u00e9e de vie des piles\u00a0:<br \/>\n3 ans sans activer la fonction Bluetooth\u00a0;\u00a02 ans avec fonction Bluetooth activ\u00e9e (selon la fr\u00e9quence d&#8217;utilisation)<\/li>\n<li>Inclus\u00a0:\u00a02 transpondeurs passifs, des piles, un manuel d&#8217;utilisation et des instructions de montage<\/li>\n<\/ul>\n<h4>KeyApp<\/h4>\n<ul>\n<li>Ouverture du cylindre via Smartphone<\/li>\n<li>T\u00e9l\u00e9chargement dans Appstore et Google Play Store<\/li>\n<li>Mot cl\u00e9 \u201csecuENTRY KeyApp\u201d<\/li>\n<li>Installation rapide et mise en service directe<\/li>\n<li>Mises \u00e0 jour automatiques possibles<\/li>\n<li>Kit de d\u00e9marrage gratuit comprenant 30 ouvertures<\/li>\n<li>Packages suppl\u00e9mentaires payants<\/li>\n<\/ul>\n<p>&nbsp;<\/p>\n<p>&nbsp;<\/p>\n","protected":false},"excerpt":{"rendered":"<p>On ne fait pas les choses \u00e0 moiti\u00e9 avec le demi cylindre \u00e9lectronique secuENTRY 5707 HALF D\u00e9verrouiller et verrouiller des portes avec un transpondeur pratique ou, tr\u00e8s facilement, au moyen d&#8217;une application sur votre Smartphone. Possibilit\u00e9 d&#8217;un contr\u00f4le pr\u00e9cis des &hellip; <a class=\"kt-excerpt-readmore\" href=\"https:\/\/test.burgwaechterservice.de\/fr\/p\/serrure-electronique\/secuentry-5705-half\/\" aria-label=\"secuENTRY 5705 HALF\">Lire la suite<\/a><\/p>\n","protected":false},"featured_media":33003,"comment_status":"closed","ping_status":"closed","template":"","meta":[],"product_cat":[1135],"product_tag":[551],"yoast_head":"<!-- This site is optimized with the Yoast SEO Premium plugin v18.4 (Yoast SEO v19.13) - https:\/\/yoast.com\/wordpress\/plugins\/seo\/ -->\n<title>secuENTRY 5705 HALF - BURG-W\u00c4CHTER<\/title>\n<meta name=\"description\" content=\"On ne fait pas les choses \u00e0 moiti\u00e9 avec le demi cylindre \u00e9lectronique secuENTRY 5707 HALF D\u00e9verrouiller et verrouiller des portes avec un transpondeur\" \/>\n<meta name=\"robots\" content=\"index, follow, max-snippet:-1, max-image-preview:large, max-video-preview:-1\" \/>\n<link rel=\"canonical\" href=\"https:\/\/test.burgwaechterservice.de\/fr\/p\/serrure-electronique\/secuentry-5705-half\/\" \/>\n<meta property=\"og:locale\" content=\"fr_FR\" \/>\n<meta property=\"og:type\" content=\"article\" \/>\n<meta property=\"og:title\" content=\"secuENTRY 5705 HALF\" \/>\n<meta property=\"og:description\" content=\"On ne fait pas les choses \u00e0 moiti\u00e9 avec le demi cylindre \u00e9lectronique secuENTRY 5707 HALF D\u00e9verrouiller et verrouiller des portes avec un transpondeur\" \/>\n<meta property=\"og:url\" content=\"https:\/\/test.burgwaechterservice.de\/fr\/p\/serrure-electronique\/secuentry-5705-half\/\" \/>\n<meta property=\"og:site_name\" content=\"Burg-W\u00e4chter France\" \/>\n<meta property=\"article:modified_time\" content=\"2022-04-29T07:05:30+00:00\" \/>\n<meta property=\"og:image\" content=\"https:\/\/test.burgwaechterservice.de\/fr\/wp-content\/uploads\/sites\/4\/2016\/07\/ENTRY-5705-Half.jpg\" \/>\n\t<meta property=\"og:image:width\" content=\"2362\" \/>\n\t<meta property=\"og:image:height\" content=\"2362\" \/>\n\t<meta property=\"og:image:type\" content=\"image\/jpeg\" \/>\n<meta name=\"twitter:card\" content=\"summary_large_image\" \/>\n<meta name=\"twitter:label1\" content=\"Dur\u00e9e de lecture estim\u00e9e\" \/>\n\t<meta name=\"twitter:data1\" content=\"3 minutes\" \/>\n<!-- \/ Yoast SEO Premium plugin. -->","yoast_head_json":{"title":"secuENTRY 5705 HALF - BURG-W\u00c4CHTER","description":"On ne fait pas les choses \u00e0 moiti\u00e9 avec le demi cylindre \u00e9lectronique secuENTRY 5707 HALF D\u00e9verrouiller et verrouiller des portes avec un transpondeur","robots":{"index":"index","follow":"follow","max-snippet":"max-snippet:-1","max-image-preview":"max-image-preview:large","max-video-preview":"max-video-preview:-1"},"canonical":"https:\/\/test.burgwaechterservice.de\/fr\/p\/serrure-electronique\/secuentry-5705-half\/","og_locale":"fr_FR","og_type":"article","og_title":"secuENTRY 5705 HALF","og_description":"On ne fait pas les choses \u00e0 moiti\u00e9 avec le demi cylindre \u00e9lectronique secuENTRY 5707 HALF D\u00e9verrouiller et verrouiller des portes avec un transpondeur","og_url":"https:\/\/test.burgwaechterservice.de\/fr\/p\/serrure-electronique\/secuentry-5705-half\/","og_site_name":"Burg-W\u00e4chter France","article_modified_time":"2022-04-29T07:05:30+00:00","og_image":[{"width":2362,"height":2362,"url":"https:\/\/test.burgwaechterservice.de\/fr\/wp-content\/uploads\/sites\/4\/2016\/07\/ENTRY-5705-Half.jpg","type":"image\/jpeg"}],"twitter_card":"summary_large_image","twitter_misc":{"Dur\u00e9e de lecture estim\u00e9e":"3 minutes"},"schema":{"@context":"https:\/\/schema.org","@graph":[{"@type":"WebPage","@id":"https:\/\/test.burgwaechterservice.de\/fr\/p\/serrure-electronique\/secuentry-5705-half\/","url":"https:\/\/test.burgwaechterservice.de\/fr\/p\/serrure-electronique\/secuentry-5705-half\/","name":"secuENTRY 5705 HALF - BURG-W\u00c4CHTER","isPartOf":{"@id":"https:\/\/test.burgwaechterservice.de\/fr\/#website"},"datePublished":"2016-07-28T08:45:59+00:00","dateModified":"2022-04-29T07:05:30+00:00","description":"On ne fait pas les choses \u00e0 moiti\u00e9 avec le demi cylindre \u00e9lectronique secuENTRY 5707 HALF D\u00e9verrouiller et verrouiller des portes avec un transpondeur","breadcrumb":{"@id":"https:\/\/test.burgwaechterservice.de\/fr\/p\/serrure-electronique\/secuentry-5705-half\/#breadcrumb"},"inLanguage":"fr-FR","potentialAction":[{"@type":"ReadAction","target":["https:\/\/test.burgwaechterservice.de\/fr\/p\/serrure-electronique\/secuentry-5705-half\/"]}]},{"@type":"BreadcrumbList","@id":"https:\/\/test.burgwaechterservice.de\/fr\/p\/serrure-electronique\/secuentry-5705-half\/#breadcrumb","itemListElement":[{"@type":"ListItem","position":1,"name":"Accueil","item":"https:\/\/test.burgwaechterservice.de\/fr\/"},{"@type":"ListItem","position":2,"name":"Produits","item":"https:\/\/test.burgwaechterservice.de\/fr\/p\/"},{"@type":"ListItem","position":3,"name":"secuENTRY 5705 HALF"}]},{"@type":"WebSite","@id":"https:\/\/test.burgwaechterservice.de\/fr\/#website","url":"https:\/\/test.burgwaechterservice.de\/fr\/","name":"Burg-W\u00e4chter France","description":"Le choix le plus s\u00fbr!","potentialAction":[{"@type":"SearchAction","target":{"@type":"EntryPoint","urlTemplate":"https:\/\/test.burgwaechterservice.de\/fr\/?s={search_term_string}"},"query-input":"required name=search_term_string"}],"inLanguage":"fr-FR"}]}},"_links":{"self":[{"href":"https:\/\/test.burgwaechterservice.de\/fr\/wp-json\/wp\/v2\/product\/33001"}],"collection":[{"href":"https:\/\/test.burgwaechterservice.de\/fr\/wp-json\/wp\/v2\/product"}],"about":[{"href":"https:\/\/test.burgwaechterservice.de\/fr\/wp-json\/wp\/v2\/types\/product"}],"replies":[{"embeddable":true,"href":"https:\/\/test.burgwaechterservice.de\/fr\/wp-json\/wp\/v2\/comments?post=33001"}],"wp:featuredmedia":[{"embeddable":true,"href":"https:\/\/test.burgwaechterservice.de\/fr\/wp-json\/wp\/v2\/media\/33003"}],"wp:attachment":[{"href":"https:\/\/test.burgwaechterservice.de\/fr\/wp-json\/wp\/v2\/media?parent=33001"}],"wp:term":[{"taxonomy":"product_cat","embeddable":true,"href":"https:\/\/test.burgwaechterservice.de\/fr\/wp-json\/wp\/v2\/product_cat?post=33001"},{"taxonomy":"product_tag","embeddable":true,"href":"https:\/\/test.burgwaechterservice.de\/fr\/wp-json\/wp\/v2\/product_tag?post=33001"}],"curies":[{"name":"wp","href":"https:\/\/api.w.org\/{rel}","templated":true}]}}