{"id":32988,"date":"2016-07-28T08:15:57","date_gmt":"2016-07-28T06:15:57","guid":{"rendered":"https:\/\/www.burg.biz\/?post_type=product&#038;p=32988"},"modified":"2022-04-29T09:04:59","modified_gmt":"2022-04-29T07:04:59","slug":"secuentry-5700-basic-set","status":"publish","type":"product","link":"https:\/\/test.burgwaechterservice.de\/fr\/p\/serrure-electronique\/secuentry-5700-basic-set\/","title":{"rendered":"secuENTRY 5700 Basic-Set"},"content":{"rendered":"<p><img decoding=\"async\" class=\"wp-image-36730 alignright\" src=\"https:\/\/test.burgwaechterservice.de\/fr\/wp-content\/uploads\/sites\/4\/2016\/07\/pxa_bp_en_pos-257x300.jpg\" alt=\"Druck\" width=\"200\" height=\"233\" srcset=\"https:\/\/test.burgwaechterservice.de\/fr\/wp-content\/uploads\/sites\/4\/2016\/07\/pxa_bp_en_pos-257x300.jpg 257w, https:\/\/test.burgwaechterservice.de\/fr\/wp-content\/uploads\/sites\/4\/2016\/07\/pxa_bp_en_pos-768x897.jpg 768w, https:\/\/test.burgwaechterservice.de\/fr\/wp-content\/uploads\/sites\/4\/2016\/07\/pxa_bp_en_pos-877x1024.jpg 877w, https:\/\/test.burgwaechterservice.de\/fr\/wp-content\/uploads\/sites\/4\/2016\/07\/pxa_bp_en_pos.jpg 894w\" sizes=\"(max-width: 200px) 100vw, 200px\" \/><\/p>\n<h2>Le secuENTRY 5700 Basic-Set\u00a0: D\u00e9verrouiller des portes via votre Smartphone ou avec un transpondeur fonctionnel<\/h2>\n<p>Permet une ouverture pratique des portes de l&#8217;int\u00e9rieur comme de l&#8217;ext\u00e9rieur.<\/p>\n<p>Ne prenez plus jamais le risque de perdre vos cl\u00e9s, et, par cons\u00e9quent, un risque en mati\u00e8re de s\u00e9curit\u00e9.<br \/>\nLe <strong>cylindre secuENTRY <\/strong>offre une flexibilit\u00e9 hors du commun, car, en dehors de l&#8217;activation au moyen de transpondeurs passifs, il dispose \u00e9galement d&#8217;une fonction de s\u00e9rie lui permettant de l&#8217;activer via les Smartphones.<br \/>\nCela permet de r\u00e9agir rapidement \u00e0 des conditions changeantes, le syst\u00e8me pouvant toujours \u00eatre compl\u00e9t\u00e9 ult\u00e9rieurement.<\/p>\n<p>L&#8217;alternative simple et pratique \u00e0 la cl\u00e9 classique\u00a0!<\/p>\n<h3>Ouverture s\u00e9curis\u00e9e via connexion Bluetooth<\/h3>\n<p>Avec le Basic-Set du secuENTRY 5700, vous disposez de <strong>deux possibilit\u00e9s diff\u00e9rentes<\/strong> pour activer le cylindre \u00e9lectronique\u00a0:<\/p>\n<ul>\n<li>Avec la <strong>KeyApp<\/strong> <strong>gratuite de<\/strong> BURG-W\u00c4CHTER, votre <strong>Smartphone<\/strong> peut d\u00e8s maintenant d\u00e9verrouiller des portes. Pour cela, t\u00e9l\u00e9chargez l&#8217;application sur AppStore ou sur Google Play Store en tapant le mot cl\u00e9 \u00ab\u00a0secuENTRY KeyApp\u00a0\u00bb. Avec un simple clic sur le bouton d&#8217;acc\u00e8s dans l&#8217;application, le cylindre se d\u00e9senclenche et la porte peut \u00eatre ouverte sans difficult\u00e9. L&#8217;avantage ici r\u00e9side dans la possibilit\u00e9 de connecter <strong>plusieurs Smartphones<\/strong> en m\u00eame temps au cylindre.<br \/>\nLe kit de d\u00e9marrage gratuit comprend 30 ouvertures, les packages suppl\u00e9mentaires payants \u00e9tant disponibles sous la forme d&#8217;achats In App.<\/li>\n<li>Une autre alternative pratique \u00e0 la cl\u00e9 traditionnelle est le<strong> transpondeur passif fonctionnel<\/strong>. Celui-ci doit seulement \u00eatre positionn\u00e9 un court instant devant le cylindre \u00e9lectronique. Il se d\u00e9senclenche alors et le bouton de porte peut \u00eatre tourn\u00e9 pour ouvrir.<br \/>\nDeux transpondeurs sont d\u00e9j\u00e0 inclus dans la livraison. Des transpondeurs suppl\u00e9mentaires peuvent \u00eatre achet\u00e9s s\u00e9par\u00e9ment. Vous pouvez programmer jusqu&#8217;\u00e0 50 transpondeurs avec le secuENTRY 5700 Basic-Set.<\/li>\n<\/ul>\n<p>Lors du <strong>transfert de donn\u00e9es via Bluetooth<\/strong>, les informations sont <strong>s\u00e9curis\u00e9es par cryptage AES, <\/strong>pour les deux m\u00e9thodes d&#8217;ouverture, et sont ainsi prot\u00e9g\u00e9es de fa\u00e7on optimale contre la falsification.<\/p>\n<h3>Installation facile sur des portes int\u00e9rieures et ext\u00e9rieures<\/h3>\n<p>Le cylindre \u00e9lectronique pour portes, <strong>fonctionnant avec piles<\/strong>, est compatible avec les portes avec <strong>une<\/strong> <strong>\u00e9paisseur allant jusqu&#8217;\u00e0 130 mm <\/strong>\u00e0 <strong>l&#8217;int\u00e9rieur et \u00e0 l&#8217;ext\u00e9rieur.<\/strong> Le remplacement du cylindre profil\u00e9 m\u00e9canique par le cylindre \u00e9lectronique secuENTRY se fait en un tour de main. Pour cela, aucun per\u00e7age n&#8217;est n\u00e9cessaire et les garnitures existantes peuvent rester en place.<\/p>\n<h3>Le cylindre secuENTRY b\u00e9n\u00e9ficie de l&#8217;indice de protection IP 65<\/h3>\n<p>Vous pouvez \u00e9galement utiliser ce cylindre \u00e9lectronique sans difficult\u00e9 <strong>pour des portes et portails en ext\u00e9rieur<\/strong>\u00a0!<br \/>\nGr\u00e2ce au transfert de donn\u00e9es via Bluetooth 4.0 LE, la consommation \u00e9nerg\u00e9tique du cylindre est tr\u00e8s faible. La livraison comprend d\u00e9j\u00e0 une pile au lithium CR123A, afin que vous puissiez utiliser imm\u00e9diatement votre cylindre secuENTRY.<\/p>\n<h3>Logiciel SecuENTRY pour PC disponible en option<\/h3>\n<p>Ce programme vous permet<strong> une gestion de l&#8217;utilisation agr\u00e9able et organis\u00e9e.<\/strong> Vous pouvez ainsi attribuer et retirer <strong>des droits d&#8217;acc\u00e8s<\/strong>, cr\u00e9er des <strong>profils d&#8217;utilisateur <\/strong>et consulter<strong> l&#8217;historique des acc\u00e8s.<\/strong> Avec ce logiciel secuENTRY, vous disposez d&#8217;une vue d&#8217;ensemble optimale de tous les acc\u00e8s et de tous les utilisateurs\u00a0!<\/p>\n<p>Ce set contient\u00a0: Un cylindre \u00e9lectronique pour porte, deux transpondeurs passifs, des piles, ainsi qu&#8217;un manuel d&#8217;utilisation et des instructions de montage.<\/p>\n<h2>Caract\u00e9ristiques du cylindre \u00e9lectronique pour porte secuENTRY 5700 Basic-Set<\/h2>\n<h4>ACC\u00c8S<\/h4>\n<ol>\n<li>\n<h5>Mobile via Smartphone<\/h5>\n<\/li>\n<\/ol>\n<ul>\n<li>Application t\u00e9l\u00e9chargeable sur Appstore et Google Play Store*<\/li>\n<li>Application disponible pour Samsung Galaxy S4, S4 mini, S5 et S5 mini \u00e0 partir d&#8217;Android 4.3 KitKat ou 5.0 Lollipop et pour Apple iPhone 4S, 5, 5S, 6, 6P \u00e0 partir d&#8217;IOS 8.1.3 et Nexus 6**<\/li>\n<li>Keyless Entry<\/li>\n<\/ul>\n<ol start=\"2\">\n<li>\n<h5>Transpondeur passif<\/h5>\n<\/li>\n<\/ol>\n<ul>\n<li>Transpondeur passif moderne<\/li>\n<li>Livraison standard comprenant 2 transpondeurs<\/li>\n<\/ul>\n<h4>S\u00c9CURIT\u00c9<\/h4>\n<ul>\n<li>1 million de codes possibles (code PIN)<\/li>\n<li>Plus d&#8217;un milliard de codes possibles (transpondeur)<\/li>\n<li>Jusqu&#8217;\u00e0 50 transpondeurs programmables<\/li>\n<li>Protection optimale contre toute manipulation<\/li>\n<li>Cylindre \u00e9tanche, indice de protection IP 65<\/li>\n<\/ul>\n<h4>COMPATIBILIT\u00c9<\/h4>\n<ul>\n<li>Convient \u00e0 tout type de porte avec une \u00e9paisseur allant jusqu&#8217;\u00e0 130 mm (67,5\/62,5)<\/li>\n<li>Pour portes int\u00e9rieures et ext\u00e9rieures<\/li>\n<li>Diam\u00e8tre du bouton\u00a0de\u00a030 mm<\/li>\n<li>Pr\u00e9r\u00e9glage du diam\u00e8tre ext\u00e9rieur de 30 mm \/ Partie int\u00e9rieure non mont\u00e9e<\/li>\n<\/ul>\n<h4>SIMPLICIT\u00c9<\/h4>\n<ul>\n<li>Le cylindre secuENTRY \u00e0 commande \u00e9lectronique remplace le cylindre m\u00e9canique profil\u00e9<\/li>\n<li>On conserve en place les garnitures existantes<\/li>\n<li>Aucun per\u00e7age\u00a0\u2013 mise \u00e0 niveau facile<\/li>\n<li>Consommation \u00e9nerg\u00e9tique r\u00e9duite gr\u00e2ce \u00e0 la connexion Bluetooth 4.0 LE<\/li>\n<li>Dur\u00e9e de vie des piles\u00a0:\u00a02 ans avec fonction Bluetooth activ\u00e9e\u00a0;\u00a03 ans sans activer la fonction Bluetooth (selon la fr\u00e9quence d&#8217;utilisation)<\/li>\n<li>1 pile lithium CR123A (cylindre) incluse<\/li>\n<\/ul>\n<h4>APP<\/h4>\n<h5>1.KeyApp<\/h5>\n<ul>\n<li>Ouverture du cylindre via Smartphone<\/li>\n<li>T\u00e9l\u00e9chargement sur Appstore et Google Play Store<\/li>\n<li>Mot cl\u00e9 \u201csecuENTRY KeyApp\u201d<\/li>\n<li>Installation rapide et mise en service directe<\/li>\n<li>Mises \u00e0 jour automatiques possibles<\/li>\n<li>Kit de d\u00e9marrage gratuit comprenant 30 ouvertures<\/li>\n<li>Packages suppl\u00e9mentaires payants<\/li>\n<\/ul>\n<h5>2.ConfigApp<\/h5>\n<ul>\n<li>Compatible uniquement avec le logiciel secuENTRY PC<\/li>\n<li>Programmation des cylindres et des claviers<\/li>\n<li>Lecture et affichage de l&#8217;historique<\/li>\n<li>T\u00e9l\u00e9chargement gratuit sur Appstore et Google Play Store<\/li>\n<li>Mot cl\u00e9 \u201esecuENTRY ConfigApp\u201c<\/li>\n<li>Mises \u00e0 jour automatiques possibles<\/li>\n<\/ul>\n<h4>COMPATIBILIT\u00c9 AVEC PC<\/h4>\n<ul>\n<li>Via le logiciel pour PC disponible en option, il est possible d&#8217;acc\u00e9der, entre autres, \u00e0 des fonctions telles que<\/li>\n<li>La gestion d&#8217;utilisateur<\/li>\n<li>L&#8217;attribution de droits<\/li>\n<li>La lecture de l&#8217;historique,<\/li>\n<\/ul>\n<p>etc.<\/p>\n<p>&nbsp;<\/p>\n<p>**V\u00e9rifiez si l&#8217;application est compatible avec votre Smartphone.<\/p>\n","protected":false},"excerpt":{"rendered":"<p>Le secuENTRY 5700 Basic-Set\u00a0: D\u00e9verrouiller des portes via votre Smartphone ou avec un transpondeur fonctionnel Permet une ouverture pratique des portes de l&#8217;int\u00e9rieur comme de l&#8217;ext\u00e9rieur. Ne prenez plus jamais le risque de perdre vos cl\u00e9s, et, par cons\u00e9quent, un &hellip; <a class=\"kt-excerpt-readmore\" href=\"https:\/\/test.burgwaechterservice.de\/fr\/p\/serrure-electronique\/secuentry-5700-basic-set\/\" aria-label=\"secuENTRY 5700 Basic-Set\">Lire la suite<\/a><\/p>\n","protected":false},"featured_media":32989,"comment_status":"closed","ping_status":"closed","template":"","meta":[],"product_cat":[1135],"product_tag":[551],"yoast_head":"<!-- This site is optimized with the Yoast SEO Premium plugin v18.4 (Yoast SEO v19.13) - https:\/\/yoast.com\/wordpress\/plugins\/seo\/ -->\n<title>secuENTRY 5700 Basic-Set - BURG-W\u00c4CHTER<\/title>\n<meta name=\"description\" content=\"Le secuENTRY 5700 Basic-Set\u00a0: D\u00e9verrouiller des portes via votre Smartphone ou avec un transpondeur fonctionnel Permet une ouverture pratique des portes\" \/>\n<meta name=\"robots\" content=\"index, follow, max-snippet:-1, max-image-preview:large, max-video-preview:-1\" \/>\n<link rel=\"canonical\" href=\"https:\/\/test.burgwaechterservice.de\/fr\/p\/serrure-electronique\/secuentry-5700-basic-set\/\" \/>\n<meta property=\"og:locale\" content=\"fr_FR\" \/>\n<meta property=\"og:type\" content=\"article\" \/>\n<meta property=\"og:title\" content=\"secuENTRY 5700 Basic-Set\" \/>\n<meta property=\"og:description\" content=\"Le secuENTRY 5700 Basic-Set\u00a0: D\u00e9verrouiller des portes via votre Smartphone ou avec un transpondeur fonctionnel Permet une ouverture pratique des portes\" \/>\n<meta property=\"og:url\" content=\"https:\/\/test.burgwaechterservice.de\/fr\/p\/serrure-electronique\/secuentry-5700-basic-set\/\" \/>\n<meta property=\"og:site_name\" content=\"Burg-W\u00e4chter France\" \/>\n<meta property=\"article:modified_time\" content=\"2022-04-29T07:04:59+00:00\" \/>\n<meta property=\"og:image\" content=\"https:\/\/test.burgwaechterservice.de\/fr\/wp-content\/uploads\/sites\/4\/2016\/07\/secuENTRY_5700_Basic_Set_570005-02.jpg\" \/>\n\t<meta property=\"og:image:width\" content=\"2362\" \/>\n\t<meta property=\"og:image:height\" content=\"2362\" \/>\n\t<meta property=\"og:image:type\" content=\"image\/jpeg\" \/>\n<meta name=\"twitter:card\" content=\"summary_large_image\" \/>\n<meta name=\"twitter:label1\" content=\"Dur\u00e9e de lecture estim\u00e9e\" \/>\n\t<meta name=\"twitter:data1\" content=\"4 minutes\" \/>\n<!-- \/ Yoast SEO Premium plugin. -->","yoast_head_json":{"title":"secuENTRY 5700 Basic-Set - BURG-W\u00c4CHTER","description":"Le secuENTRY 5700 Basic-Set\u00a0: D\u00e9verrouiller des portes via votre Smartphone ou avec un transpondeur fonctionnel Permet une ouverture pratique des portes","robots":{"index":"index","follow":"follow","max-snippet":"max-snippet:-1","max-image-preview":"max-image-preview:large","max-video-preview":"max-video-preview:-1"},"canonical":"https:\/\/test.burgwaechterservice.de\/fr\/p\/serrure-electronique\/secuentry-5700-basic-set\/","og_locale":"fr_FR","og_type":"article","og_title":"secuENTRY 5700 Basic-Set","og_description":"Le secuENTRY 5700 Basic-Set\u00a0: D\u00e9verrouiller des portes via votre Smartphone ou avec un transpondeur fonctionnel Permet une ouverture pratique des portes","og_url":"https:\/\/test.burgwaechterservice.de\/fr\/p\/serrure-electronique\/secuentry-5700-basic-set\/","og_site_name":"Burg-W\u00e4chter France","article_modified_time":"2022-04-29T07:04:59+00:00","og_image":[{"width":2362,"height":2362,"url":"https:\/\/test.burgwaechterservice.de\/fr\/wp-content\/uploads\/sites\/4\/2016\/07\/secuENTRY_5700_Basic_Set_570005-02.jpg","type":"image\/jpeg"}],"twitter_card":"summary_large_image","twitter_misc":{"Dur\u00e9e de lecture estim\u00e9e":"4 minutes"},"schema":{"@context":"https:\/\/schema.org","@graph":[{"@type":"WebPage","@id":"https:\/\/test.burgwaechterservice.de\/fr\/p\/serrure-electronique\/secuentry-5700-basic-set\/","url":"https:\/\/test.burgwaechterservice.de\/fr\/p\/serrure-electronique\/secuentry-5700-basic-set\/","name":"secuENTRY 5700 Basic-Set - BURG-W\u00c4CHTER","isPartOf":{"@id":"https:\/\/test.burgwaechterservice.de\/fr\/#website"},"datePublished":"2016-07-28T06:15:57+00:00","dateModified":"2022-04-29T07:04:59+00:00","description":"Le secuENTRY 5700 Basic-Set\u00a0: D\u00e9verrouiller des portes via votre Smartphone ou avec un transpondeur fonctionnel Permet une ouverture pratique des portes","breadcrumb":{"@id":"https:\/\/test.burgwaechterservice.de\/fr\/p\/serrure-electronique\/secuentry-5700-basic-set\/#breadcrumb"},"inLanguage":"fr-FR","potentialAction":[{"@type":"ReadAction","target":["https:\/\/test.burgwaechterservice.de\/fr\/p\/serrure-electronique\/secuentry-5700-basic-set\/"]}]},{"@type":"BreadcrumbList","@id":"https:\/\/test.burgwaechterservice.de\/fr\/p\/serrure-electronique\/secuentry-5700-basic-set\/#breadcrumb","itemListElement":[{"@type":"ListItem","position":1,"name":"Accueil","item":"https:\/\/test.burgwaechterservice.de\/fr\/"},{"@type":"ListItem","position":2,"name":"Produits","item":"https:\/\/test.burgwaechterservice.de\/fr\/p\/"},{"@type":"ListItem","position":3,"name":"secuENTRY 5700 Basic-Set"}]},{"@type":"WebSite","@id":"https:\/\/test.burgwaechterservice.de\/fr\/#website","url":"https:\/\/test.burgwaechterservice.de\/fr\/","name":"Burg-W\u00e4chter France","description":"Le choix le plus s\u00fbr!","potentialAction":[{"@type":"SearchAction","target":{"@type":"EntryPoint","urlTemplate":"https:\/\/test.burgwaechterservice.de\/fr\/?s={search_term_string}"},"query-input":"required name=search_term_string"}],"inLanguage":"fr-FR"}]}},"_links":{"self":[{"href":"https:\/\/test.burgwaechterservice.de\/fr\/wp-json\/wp\/v2\/product\/32988"}],"collection":[{"href":"https:\/\/test.burgwaechterservice.de\/fr\/wp-json\/wp\/v2\/product"}],"about":[{"href":"https:\/\/test.burgwaechterservice.de\/fr\/wp-json\/wp\/v2\/types\/product"}],"replies":[{"embeddable":true,"href":"https:\/\/test.burgwaechterservice.de\/fr\/wp-json\/wp\/v2\/comments?post=32988"}],"wp:featuredmedia":[{"embeddable":true,"href":"https:\/\/test.burgwaechterservice.de\/fr\/wp-json\/wp\/v2\/media\/32989"}],"wp:attachment":[{"href":"https:\/\/test.burgwaechterservice.de\/fr\/wp-json\/wp\/v2\/media?parent=32988"}],"wp:term":[{"taxonomy":"product_cat","embeddable":true,"href":"https:\/\/test.burgwaechterservice.de\/fr\/wp-json\/wp\/v2\/product_cat?post=32988"},{"taxonomy":"product_tag","embeddable":true,"href":"https:\/\/test.burgwaechterservice.de\/fr\/wp-json\/wp\/v2\/product_tag?post=32988"}],"curies":[{"name":"wp","href":"https:\/\/api.w.org\/{rel}","templated":true}]}}