{"id":32977,"date":"2016-07-27T14:37:06","date_gmt":"2016-07-27T12:37:06","guid":{"rendered":"https:\/\/www.burg.biz\/?post_type=product&#038;p=32977"},"modified":"2022-04-29T09:04:30","modified_gmt":"2022-04-29T07:04:30","slug":"secuentry-5701-pincode","status":"publish","type":"product","link":"https:\/\/test.burgwaechterservice.de\/fr\/p\/serrure-electronique\/secuentry-5701-pincode\/","title":{"rendered":"secuENTRY 5701 PINCODE"},"content":{"rendered":"<p><img decoding=\"async\" class=\"wp-image-36730 alignright\" src=\"https:\/\/test.burgwaechterservice.de\/fr\/wp-content\/uploads\/sites\/4\/2016\/07\/pxa_bp_en_pos-257x300.jpg\" alt=\"Druck\" width=\"200\" height=\"233\" srcset=\"https:\/\/test.burgwaechterservice.de\/fr\/wp-content\/uploads\/sites\/4\/2016\/07\/pxa_bp_en_pos-257x300.jpg 257w, https:\/\/test.burgwaechterservice.de\/fr\/wp-content\/uploads\/sites\/4\/2016\/07\/pxa_bp_en_pos-768x897.jpg 768w, https:\/\/test.burgwaechterservice.de\/fr\/wp-content\/uploads\/sites\/4\/2016\/07\/pxa_bp_en_pos-877x1024.jpg 877w, https:\/\/test.burgwaechterservice.de\/fr\/wp-content\/uploads\/sites\/4\/2016\/07\/pxa_bp_en_pos.jpg 894w\" sizes=\"(max-width: 200px) 100vw, 200px\" \/><\/p>\n<h2>Ouverture des portes int\u00e9rieures et ext\u00e9rieures\u00a0: Simple et pratique via Bluetooth avec le secuENTRY 5701 PINCODE<\/h2>\n<p>Vous n&#8217;en pouvez plus d&#8217;emmener partout plusieurs cl\u00e9s en permanence, ou m\u00eame de les perdre\u00a0? \u00c7a ne vous arrivera plus avec le secuENTRY 5701 PINCODE\u00a0!<br \/>\nCe syst\u00e8me innovant simplifie chaque ouverture et est en prime extr\u00eamement pratique\u00a0;\u00a0sans oublier fiable. Gr\u00e2ce au clavier secuENTRY vous pouvez d\u00e9verrouiller vos portes en toute aisance, sans m\u00eame utiliser de cl\u00e9, mais avec un simple code personnel via connexion Bluetooth 4.0 LE.<\/p>\n<p><strong>Pratique\u00a0:<\/strong> Le cylindre \u00e9lectronique de fermeture, accompagn\u00e9 du clavier secuENTRY correspondant dot\u00e9 de la cat\u00e9gorie de protection IP 65, peut \u00e9galement \u00eatre utilis\u00e9 en ext\u00e9rieur sans aucun probl\u00e8me.<\/p>\n<p>Le <strong>cylindre secuENTRY <\/strong>offre une flexibilit\u00e9 hors du commun, car, outre via les transpondeurs passifs et les Smartphones, il dispose \u00e9galement d&#8217;une fonction de s\u00e9rie lui permettant de l&#8217;activer avec un code PIN.<br \/>\nCela permet de r\u00e9agir rapidement \u00e0 des conditions changeantes, le syst\u00e8me pouvant toujours \u00eatre compl\u00e9t\u00e9 ult\u00e9rieurement.<\/p>\n<h3>Acc\u00e8s via Smartphone, transpondeur ou code PIN pratique<\/h3>\n<p>Ce cylindre \u00e9lectronique pour portes offre une grande vari\u00e9t\u00e9 de possibilit\u00e9s pour d\u00e9verrouiller vos portes facilement et en toute s\u00e9curit\u00e9\u00a0:<\/p>\n<ul>\n<li>Avec votre <strong>Smartphone<\/strong>, vous pouvez d\u00e9j\u00e0 payer sans esp\u00e8ces, \u00e9changer des billets et plus encore. D\u00e8s maintenant, votre Smartphone ouvre m\u00eame la porte d&#8217;entr\u00e9e. Il suffit de t\u00e9l\u00e9charger la <strong>KeyApp<\/strong> <strong>gratuite<\/strong> de l&#8217;Appstore ou de Google Play Store et d&#8217;activer le cylindre \u00e0 l&#8217;aide du bouton d&#8217;acc\u00e8s dans l&#8217;application via Bluetooth. <strong>Votre avantage particulier\u00a0:<\/strong> Ici, plusieurs Smartphones peuvent \u00eatre configur\u00e9s simultan\u00e9ment pour diff\u00e9rents utilisateurs.<br \/>\nLe kit de d\u00e9marrage gratuit comprend 30 ouvertures, les packages suppl\u00e9mentaires payants \u00e9tant disponibles sous la forme d&#8217;achats In App.<\/li>\n<li>Un<strong> transpondeur fonctionnel <\/strong>peut aussi remplacer votre cl\u00e9 habituelle de fa\u00e7on optimale. Il suffit de maintenir celui-ci devant le cylindre \u00e9lectronique. Le cylindre reconna\u00eet le transpondeur et le bouton de porte peut \u00eatre actionn\u00e9.<br \/>\nUn transpondeur est fourni dans le contenu de la livraison, des transpondeurs suppl\u00e9mentaires pouvant \u00eatre achet\u00e9s s\u00e9par\u00e9ment.<\/li>\n<li>Avec le <strong>code PIN<\/strong>, vous n&#8217;avez besoin que de votre m\u00e9moire. Choisissez un <strong>code individuel \u00e0 6 chiffres <\/strong>et offrez-vous un acc\u00e8s encore plus rapide et facile via le clavier. Le clavier est r\u00e9tro\u00e9clair\u00e9 et permet ainsi de taper le code m\u00eame en cas de mauvaises conditions d&#8217;\u00e9clairage.<\/li>\n<\/ul>\n<p>Toutes les donn\u00e9es sont s\u00e9curis\u00e9es <strong>par cryptage AES <\/strong>via Bluetooth lors des diff\u00e9rentes ouvertures et sont ainsi prot\u00e9g\u00e9es contre la manipulation de fa\u00e7on optimale.<\/p>\n<h3>secuENTRY 5701 PINCODE: Adapt\u00e9 \u00e0 un usage en ext\u00e9rieur\u00a0!<\/h3>\n<p>Le cylindre \u00e9lectronique peut \u00eatre facilement mont\u00e9 sur chaque porte int\u00e9rieure et ext\u00e9rieure avec une \u00e9paisseur allant jusqu&#8217;\u00e0 130 mm. Aucun per\u00e7age n&#8217;est n\u00e9cessaire et le remplacement du cylindre profil\u00e9 m\u00e9canique par le cylindre \u00e9lectronique secuENTRY se fait en un tour de main. On conserve ainsi en place les garnitures existantes.<br \/>\nLe clavier b\u00e9n\u00e9ficie de l&#8217;indice de protection IP 65 et peut donc \u00e9galement \u00eatre facilement utilis\u00e9 <strong>sur des portes et portails ext\u00e9rieurs.<\/strong> Pour une long\u00e9vit\u00e9 optimale, nous vous recommandons d&#8217;effectuer le montage dans un espace \u00e0 l&#8217;abri des intemp\u00e9ries. Afin de garantir une connexion Bluetooth id\u00e9ale, le clavier doit \u00eatre install\u00e9 \u00e0 une distance de 4 m\u00e8tres maximum de la porte.<\/p>\n<p>Le clavier secuENTRY ne n\u00e9cessite aucune source d&#8217;\u00e9nergie, car, comme le cylindre \u00e9lectrique, il est aliment\u00e9 par piles. La consommation d&#8217;\u00e9lectricit\u00e9 est extr\u00eamement faible gr\u00e2ce \u00e0 l&#8217;utilisation de la technologie Bluetooth et permet ainsi une longue dur\u00e9e de vie des piles. Un affichage sur l&#8217;\u00e9cran vous informe en permanence sur l&#8217;\u00e9tat des piles.<\/p>\n<h3>Autres fonctions pratiques avec le logiciel pour PC en option<\/h3>\n<p>Avec le logiciel pour PC disponible en option, vous avez la possibilit\u00e9 d&#8217;attribuer des droits d&#8217;acc\u00e8s aux membres de votre famille ou \u00e0 vos amis, et, naturellement, et les supprimer. Gr\u00e2ce \u00e0 ce programme, la gestion d&#8217;utilisateur est simple et pratique. Contr\u00f4lez \u00e0 tout moment qui a ouvert des portes et quand.<\/p>\n<p>Ce set contient\u00a0: Un cylindre \u00e9lectronique pour portes, un clavier PINCODE, deux transpondeurs passifs, des piles, ainsi qu&#8217;un manuel d&#8217;utilisation et des instructions de montage.<\/p>\n<h3>Aper\u00e7u du cylindre \u00e9lectronique pour portes secuENTRY 5701 PINCODE<\/h3>\n<h4>ACC\u00c8S<\/h4>\n<ol>\n<li>\n<h5>Mobile via Smartphone<\/h5>\n<\/li>\n<\/ol>\n<ul>\n<li>Application t\u00e9l\u00e9chargeable sur Appstore et Google Play Store*<\/li>\n<li>Application disponible pour Samsung Galaxy S4, S4 mini, S5 et S5 mini \u00e0 partir d&#8217;Android 4.3 KitKat ou 5.0 Lollipop et pour Apple iPhone 4S, 5, 5S, 6, 6P \u00e0 partir d&#8217;IOS 8.1.3 et Nexus 6**<\/li>\n<li>Keyless Entry<\/li>\n<\/ul>\n<ol start=\"2\">\n<li>\n<h5>Transpondeur passif<\/h5>\n<\/li>\n<\/ol>\n<ul>\n<li>Transpondeur passif moderne<\/li>\n<li>Livraison standard comprenant 1 transpondeur<\/li>\n<\/ul>\n<ol start=\"3\">\n<li>\n<h5>Code PIN via le clavier<\/h5>\n<\/li>\n<\/ol>\n<ul>\n<li>Clavier r\u00e9tro\u00e9clair\u00e9<\/li>\n<li>Activation du clavier via un pav\u00e9 tactile<\/li>\n<li>Bouton-poussoir \u00ab\u00a0ON\u00a0\u00bb m\u00e9canique<\/li>\n<\/ul>\n<h4>S\u00c9CURIT\u00c9<\/h4>\n<ul>\n<li>Code secret \u00e0 6 chiffres<\/li>\n<li>Jusqu&#8217;\u00e0 50 codes programmables (dont 1 code administrateur)<\/li>\n<li>1 million de codes possibles (code PIN)<\/li>\n<li>Plus d&#8217;un milliard de codes possibles (transpondeur)<\/li>\n<li>Protection optimale contre toute manipulation<\/li>\n<li>Transmission des donn\u00e9es de s\u00e9curit\u00e9 prot\u00e9g\u00e9es par cryptage AES<\/li>\n<li>Montage du clavier \u00e0 un endroit prot\u00e9g\u00e9 des intemp\u00e9ries, indice de protection IP 65<\/li>\n<\/ul>\n<h4>COMPATIBILIT\u00c9<\/h4>\n<ul>\n<li>Convient \u00e0 tout type de porte avec une \u00e9paisseur allant jusqu&#8217;\u00e0 130 mm (67,5\/62,5)<\/li>\n<li>Pour portes int\u00e9rieures et ext\u00e9rieures<\/li>\n<li>Diam\u00e8tre du bouton\u00a0de\u00a030 mm<\/li>\n<li>Pr\u00e9r\u00e9glage du diam\u00e8tre ext\u00e9rieur de 30 mm \/ Partie int\u00e9rieure non mont\u00e9e<\/li>\n<li>Installation du clavier \u00e0 une distance de 4 m\u00e8tres maximum de la porte<\/li>\n<\/ul>\n<h4>SIMPLICIT\u00c9<\/h4>\n<ul>\n<li>Le cylindre secuENTRY \u00e0 commande \u00e9lectronique remplace le cylindre m\u00e9canique profil\u00e9<\/li>\n<li>On conserve en place les garnitures existantes<\/li>\n<li>Aucun per\u00e7age\u00a0\u2013 mise \u00e0 niveau facile<\/li>\n<li>Consommation \u00e9nerg\u00e9tique r\u00e9duite gr\u00e2ce \u00e0 la connexion Bluetooth 4.0 LE<\/li>\n<li>Dur\u00e9e de vie des piles\u00a0:\u00a02 ans avec fonction Bluetooth activ\u00e9e\u00a0;\u00a03 ans sans activer la fonction Bluetooth (selon la fr\u00e9quence d&#8217;utilisation)<\/li>\n<li>2 piles Mignon LR 6 (clavier) et 1 pile lithium CR123A (cylindre) incluses<\/li>\n<\/ul>\n<h4>APP<\/h4>\n<h5>1.KeyApp<\/h5>\n<ul>\n<li>Ouverture du cylindre via Smartphone<\/li>\n<li>T\u00e9l\u00e9chargement sur Appstore et Google Play Store<\/li>\n<li>Mot cl\u00e9 \u201csecuENTRY KeyApp\u201d<\/li>\n<li>Installation rapide et mise en service directe<\/li>\n<li>Mises \u00e0 jour automatiques possibles<\/li>\n<li>Kit de d\u00e9marrage gratuit comprenant 30 ouvertures<\/li>\n<li>Packages suppl\u00e9mentaires payants<\/li>\n<\/ul>\n<h5>2.ConfigApp<\/h5>\n<ul>\n<li>Uniquement compatible avec le logiciel pour PC secuENTRY<\/li>\n<li>Programmation des cylindres et des claviers<\/li>\n<li>Lecture et affichage de l&#8217;historique<\/li>\n<li>T\u00e9l\u00e9chargement gratuit sur Appstore et Google Play Store<\/li>\n<li>Mot cl\u00e9 \u201esecuENTRY ConfigApp\u201c<\/li>\n<li>Mises \u00e0 jour automatiques possibles<\/li>\n<\/ul>\n<h4>COMPATIBILIT\u00c9 AVEC PC<\/h4>\n<ul>\n<li>Via le logiciel pour PC disponible en option, il est possible d&#8217;acc\u00e9der entre autres \u00e0 des fonctions telles que<\/li>\n<li>La gestion d&#8217;utilisateur<\/li>\n<li>L&#8217;attribution de droits<\/li>\n<li>La lecture de l&#8217;historique,<\/li>\n<\/ul>\n<p>etc.<\/p>\n<p>&nbsp;<\/p>\n<p>**V\u00e9rifiez si l&#8217;application est compatible avec votre Smartphone.<\/p>\n","protected":false},"excerpt":{"rendered":"<p>Ouverture des portes int\u00e9rieures et ext\u00e9rieures\u00a0: Simple et pratique via Bluetooth avec le secuENTRY 5701 PINCODE Vous n&#8217;en pouvez plus d&#8217;emmener partout plusieurs cl\u00e9s en permanence, ou m\u00eame de les perdre\u00a0? \u00c7a ne vous arrivera plus avec le secuENTRY 5701 &hellip; <a class=\"kt-excerpt-readmore\" href=\"https:\/\/test.burgwaechterservice.de\/fr\/p\/serrure-electronique\/secuentry-5701-pincode\/\" aria-label=\"secuENTRY 5701 PINCODE\">Lire la suite<\/a><\/p>\n","protected":false},"featured_media":32982,"comment_status":"closed","ping_status":"closed","template":"","meta":[],"product_cat":[1135],"product_tag":[543,551],"yoast_head":"<!-- This site is optimized with the Yoast SEO Premium plugin v18.4 (Yoast SEO v19.13) - https:\/\/yoast.com\/wordpress\/plugins\/seo\/ -->\n<title>secuENTRY 5701 PINCODE - BURG-W\u00c4CHTER<\/title>\n<meta name=\"description\" content=\"Ouverture des portes int\u00e9rieures et ext\u00e9rieures\u00a0: Simple et pratique via Bluetooth avec le secuENTRY 5701 PINCODE Vous n&#039;en pouvez plus d&#039;emmener partout\" \/>\n<meta name=\"robots\" content=\"index, follow, max-snippet:-1, max-image-preview:large, max-video-preview:-1\" \/>\n<link rel=\"canonical\" href=\"https:\/\/test.burgwaechterservice.de\/fr\/p\/serrure-electronique\/secuentry-5701-pincode\/\" \/>\n<meta property=\"og:locale\" content=\"fr_FR\" \/>\n<meta property=\"og:type\" content=\"article\" \/>\n<meta property=\"og:title\" content=\"secuENTRY 5701 PINCODE\" \/>\n<meta property=\"og:description\" content=\"Ouverture des portes int\u00e9rieures et ext\u00e9rieures\u00a0: Simple et pratique via Bluetooth avec le secuENTRY 5701 PINCODE Vous n&#039;en pouvez plus d&#039;emmener partout\" \/>\n<meta property=\"og:url\" content=\"https:\/\/test.burgwaechterservice.de\/fr\/p\/serrure-electronique\/secuentry-5701-pincode\/\" \/>\n<meta property=\"og:site_name\" content=\"Burg-W\u00e4chter France\" \/>\n<meta property=\"article:modified_time\" content=\"2022-04-29T07:04:30+00:00\" \/>\n<meta property=\"og:image\" content=\"https:\/\/test.burgwaechterservice.de\/fr\/wp-content\/uploads\/sites\/4\/2016\/07\/secuENTRY_5701_PINCODE_570104-02-1.jpg\" \/>\n\t<meta property=\"og:image:width\" content=\"2362\" \/>\n\t<meta property=\"og:image:height\" content=\"2362\" \/>\n\t<meta property=\"og:image:type\" content=\"image\/jpeg\" \/>\n<meta name=\"twitter:card\" content=\"summary_large_image\" \/>\n<meta name=\"twitter:label1\" content=\"Dur\u00e9e de lecture estim\u00e9e\" \/>\n\t<meta name=\"twitter:data1\" content=\"6 minutes\" \/>\n<!-- \/ Yoast SEO Premium plugin. -->","yoast_head_json":{"title":"secuENTRY 5701 PINCODE - BURG-W\u00c4CHTER","description":"Ouverture des portes int\u00e9rieures et ext\u00e9rieures\u00a0: Simple et pratique via Bluetooth avec le secuENTRY 5701 PINCODE Vous n'en pouvez plus d'emmener partout","robots":{"index":"index","follow":"follow","max-snippet":"max-snippet:-1","max-image-preview":"max-image-preview:large","max-video-preview":"max-video-preview:-1"},"canonical":"https:\/\/test.burgwaechterservice.de\/fr\/p\/serrure-electronique\/secuentry-5701-pincode\/","og_locale":"fr_FR","og_type":"article","og_title":"secuENTRY 5701 PINCODE","og_description":"Ouverture des portes int\u00e9rieures et ext\u00e9rieures\u00a0: Simple et pratique via Bluetooth avec le secuENTRY 5701 PINCODE Vous n'en pouvez plus d'emmener partout","og_url":"https:\/\/test.burgwaechterservice.de\/fr\/p\/serrure-electronique\/secuentry-5701-pincode\/","og_site_name":"Burg-W\u00e4chter France","article_modified_time":"2022-04-29T07:04:30+00:00","og_image":[{"width":2362,"height":2362,"url":"https:\/\/test.burgwaechterservice.de\/fr\/wp-content\/uploads\/sites\/4\/2016\/07\/secuENTRY_5701_PINCODE_570104-02-1.jpg","type":"image\/jpeg"}],"twitter_card":"summary_large_image","twitter_misc":{"Dur\u00e9e de lecture estim\u00e9e":"6 minutes"},"schema":{"@context":"https:\/\/schema.org","@graph":[{"@type":"WebPage","@id":"https:\/\/test.burgwaechterservice.de\/fr\/p\/serrure-electronique\/secuentry-5701-pincode\/","url":"https:\/\/test.burgwaechterservice.de\/fr\/p\/serrure-electronique\/secuentry-5701-pincode\/","name":"secuENTRY 5701 PINCODE - BURG-W\u00c4CHTER","isPartOf":{"@id":"https:\/\/test.burgwaechterservice.de\/fr\/#website"},"datePublished":"2016-07-27T12:37:06+00:00","dateModified":"2022-04-29T07:04:30+00:00","description":"Ouverture des portes int\u00e9rieures et ext\u00e9rieures\u00a0: Simple et pratique via Bluetooth avec le secuENTRY 5701 PINCODE Vous n'en pouvez plus d'emmener partout","breadcrumb":{"@id":"https:\/\/test.burgwaechterservice.de\/fr\/p\/serrure-electronique\/secuentry-5701-pincode\/#breadcrumb"},"inLanguage":"fr-FR","potentialAction":[{"@type":"ReadAction","target":["https:\/\/test.burgwaechterservice.de\/fr\/p\/serrure-electronique\/secuentry-5701-pincode\/"]}]},{"@type":"BreadcrumbList","@id":"https:\/\/test.burgwaechterservice.de\/fr\/p\/serrure-electronique\/secuentry-5701-pincode\/#breadcrumb","itemListElement":[{"@type":"ListItem","position":1,"name":"Accueil","item":"https:\/\/test.burgwaechterservice.de\/fr\/"},{"@type":"ListItem","position":2,"name":"Produits","item":"https:\/\/test.burgwaechterservice.de\/fr\/p\/"},{"@type":"ListItem","position":3,"name":"secuENTRY 5701 PINCODE"}]},{"@type":"WebSite","@id":"https:\/\/test.burgwaechterservice.de\/fr\/#website","url":"https:\/\/test.burgwaechterservice.de\/fr\/","name":"Burg-W\u00e4chter France","description":"Le choix le plus s\u00fbr!","potentialAction":[{"@type":"SearchAction","target":{"@type":"EntryPoint","urlTemplate":"https:\/\/test.burgwaechterservice.de\/fr\/?s={search_term_string}"},"query-input":"required name=search_term_string"}],"inLanguage":"fr-FR"}]}},"_links":{"self":[{"href":"https:\/\/test.burgwaechterservice.de\/fr\/wp-json\/wp\/v2\/product\/32977"}],"collection":[{"href":"https:\/\/test.burgwaechterservice.de\/fr\/wp-json\/wp\/v2\/product"}],"about":[{"href":"https:\/\/test.burgwaechterservice.de\/fr\/wp-json\/wp\/v2\/types\/product"}],"replies":[{"embeddable":true,"href":"https:\/\/test.burgwaechterservice.de\/fr\/wp-json\/wp\/v2\/comments?post=32977"}],"wp:featuredmedia":[{"embeddable":true,"href":"https:\/\/test.burgwaechterservice.de\/fr\/wp-json\/wp\/v2\/media\/32982"}],"wp:attachment":[{"href":"https:\/\/test.burgwaechterservice.de\/fr\/wp-json\/wp\/v2\/media?parent=32977"}],"wp:term":[{"taxonomy":"product_cat","embeddable":true,"href":"https:\/\/test.burgwaechterservice.de\/fr\/wp-json\/wp\/v2\/product_cat?post=32977"},{"taxonomy":"product_tag","embeddable":true,"href":"https:\/\/test.burgwaechterservice.de\/fr\/wp-json\/wp\/v2\/product_tag?post=32977"}],"curies":[{"name":"wp","href":"https:\/\/api.w.org\/{rel}","templated":true}]}}