{"id":32964,"date":"2016-07-27T12:13:19","date_gmt":"2016-07-27T10:13:19","guid":{"rendered":"https:\/\/www.burg.biz\/?post_type=product&#038;p=32964"},"modified":"2018-07-30T16:46:36","modified_gmt":"2018-07-30T14:46:36","slug":"terzo-160-eboxx","status":"publish","type":"product","link":"https:\/\/test.burgwaechterservice.de\/fr\/p\/boites-aux-lettres\/terzo-160-eboxx\/","title":{"rendered":"Terzo 160 eBoxx W et Pied Terzo eBoxx W"},"content":{"rendered":"<p><strong>Terzo 160 eBoxx W:<\/strong><\/p>\n<ul>\n<li>poteaux en profil\u00e9 d\u2018aluminium avec rev\u00eatement \u00e9poxy de haute qualit\u00e9<\/li>\n<li>\u00e0 emmurer<\/li>\n<li>2 poteaux avec set de montage<\/li>\n<\/ul>\n<p><strong>Pied Terzo eBoxx W:<\/strong><\/p>\n<ul>\n<li>montage simple \u2013 sans b\u00e9tonnage<\/li>\n<li>pour le vissage sur sol dur<\/li>\n<li>set incluant 2 pieds<\/li>\n<\/ul>\n<table class=\"ausfuehrung\">\n<thead>\n<tr>\n<td>Article<\/td>\n<td>Longueur<\/td>\n<td>Couleurs<\/td>\n<\/tr>\n<tr>\n<td class=\"subdesc\"><\/td>\n<td class=\"subdesc\">mm<\/td>\n<td class=\"subdesc\"><\/td>\n<\/tr>\n<\/thead>\n<tbody>\n<tr>\n<td>Terzo 160 eBoxx W<\/td>\n<td>1540<\/td>\n<td>blanc<\/td>\n<\/tr>\n<tr>\n<td>Terzo Fu\u00df eBoxx\u00a0 W<\/td>\n<td><\/td>\n<td>blanc<\/td>\n<\/tr>\n<\/tbody>\n<\/table>\n","protected":false},"excerpt":{"rendered":"<p>Terzo 160 eBoxx W: poteaux en profil\u00e9 d\u2018aluminium avec rev\u00eatement \u00e9poxy de haute qualit\u00e9 \u00e0 emmurer 2 poteaux avec set de montage Pied Terzo eBoxx W: montage simple \u2013 sans b\u00e9tonnage pour le vissage sur sol dur set incluant 2 &hellip; <a class=\"kt-excerpt-readmore\" href=\"https:\/\/test.burgwaechterservice.de\/fr\/p\/boites-aux-lettres\/terzo-160-eboxx\/\" aria-label=\"Terzo 160 eBoxx W et Pied Terzo eBoxx W\">Lire la suite<\/a><\/p>\n","protected":false},"featured_media":53599,"comment_status":"closed","ping_status":"closed","template":"","meta":[],"product_cat":[23,29,45],"product_tag":[],"yoast_head":"<!-- This site is optimized with the Yoast SEO Premium plugin v18.4 (Yoast SEO v19.13) - https:\/\/yoast.com\/wordpress\/plugins\/seo\/ -->\n<title>Terzo 160 eBoxx - Burg-W\u00e4chter<\/title>\n<meta name=\"description\" content=\"Terzo 160 eBoxx W: poteaux en profil\u00e9 d\u2018aluminium avec rev\u00eatement \u00e9poxy de haute qualit\u00e9 \u00e0 emmurer 2 poteaux avec set de montage Pied Terzo eBoxx W:\" \/>\n<meta name=\"robots\" content=\"index, follow, max-snippet:-1, max-image-preview:large, max-video-preview:-1\" \/>\n<link rel=\"canonical\" href=\"https:\/\/test.burgwaechterservice.de\/fr\/p\/boites-aux-lettres\/terzo-160-eboxx\/\" \/>\n<meta property=\"og:locale\" content=\"fr_FR\" \/>\n<meta property=\"og:type\" content=\"article\" \/>\n<meta property=\"og:title\" content=\"Terzo 160 eBoxx W et Pied Terzo eBoxx W\" \/>\n<meta property=\"og:description\" content=\"Terzo 160 eBoxx W: poteaux en profil\u00e9 d\u2018aluminium avec rev\u00eatement \u00e9poxy de haute qualit\u00e9 \u00e0 emmurer 2 poteaux avec set de montage Pied Terzo eBoxx W:\" \/>\n<meta property=\"og:url\" content=\"https:\/\/test.burgwaechterservice.de\/fr\/p\/boites-aux-lettres\/terzo-160-eboxx\/\" \/>\n<meta property=\"og:site_name\" content=\"Burg-W\u00e4chter France\" \/>\n<meta property=\"article:modified_time\" content=\"2018-07-30T14:46:36+00:00\" \/>\n<meta property=\"og:image\" content=\"https:\/\/test.burgwaechterservice.de\/fr\/wp-content\/uploads\/sites\/4\/2016\/07\/Terzo_Staender_silber_f\u00fcr_WEB.jpg\" \/>\n\t<meta property=\"og:image:width\" content=\"800\" \/>\n\t<meta property=\"og:image:height\" content=\"800\" \/>\n\t<meta property=\"og:image:type\" content=\"image\/jpeg\" \/>\n<meta name=\"twitter:card\" content=\"summary_large_image\" \/>\n<!-- \/ Yoast SEO Premium plugin. -->","yoast_head_json":{"title":"Terzo 160 eBoxx - Burg-W\u00e4chter","description":"Terzo 160 eBoxx W: poteaux en profil\u00e9 d\u2018aluminium avec rev\u00eatement \u00e9poxy de haute qualit\u00e9 \u00e0 emmurer 2 poteaux avec set de montage Pied Terzo eBoxx W:","robots":{"index":"index","follow":"follow","max-snippet":"max-snippet:-1","max-image-preview":"max-image-preview:large","max-video-preview":"max-video-preview:-1"},"canonical":"https:\/\/test.burgwaechterservice.de\/fr\/p\/boites-aux-lettres\/terzo-160-eboxx\/","og_locale":"fr_FR","og_type":"article","og_title":"Terzo 160 eBoxx W et Pied Terzo eBoxx W","og_description":"Terzo 160 eBoxx W: poteaux en profil\u00e9 d\u2018aluminium avec rev\u00eatement \u00e9poxy de haute qualit\u00e9 \u00e0 emmurer 2 poteaux avec set de montage Pied Terzo eBoxx W:","og_url":"https:\/\/test.burgwaechterservice.de\/fr\/p\/boites-aux-lettres\/terzo-160-eboxx\/","og_site_name":"Burg-W\u00e4chter France","article_modified_time":"2018-07-30T14:46:36+00:00","og_image":[{"width":800,"height":800,"url":"https:\/\/test.burgwaechterservice.de\/fr\/wp-content\/uploads\/sites\/4\/2016\/07\/Terzo_Staender_silber_f\u00fcr_WEB.jpg","type":"image\/jpeg"}],"twitter_card":"summary_large_image","schema":{"@context":"https:\/\/schema.org","@graph":[{"@type":"WebPage","@id":"https:\/\/test.burgwaechterservice.de\/fr\/p\/boites-aux-lettres\/terzo-160-eboxx\/","url":"https:\/\/test.burgwaechterservice.de\/fr\/p\/boites-aux-lettres\/terzo-160-eboxx\/","name":"Terzo 160 eBoxx - Burg-W\u00e4chter","isPartOf":{"@id":"https:\/\/test.burgwaechterservice.de\/fr\/#website"},"datePublished":"2016-07-27T10:13:19+00:00","dateModified":"2018-07-30T14:46:36+00:00","description":"Terzo 160 eBoxx W: poteaux en profil\u00e9 d\u2018aluminium avec rev\u00eatement \u00e9poxy de haute qualit\u00e9 \u00e0 emmurer 2 poteaux avec set de montage Pied Terzo eBoxx W:","breadcrumb":{"@id":"https:\/\/test.burgwaechterservice.de\/fr\/p\/boites-aux-lettres\/terzo-160-eboxx\/#breadcrumb"},"inLanguage":"fr-FR","potentialAction":[{"@type":"ReadAction","target":["https:\/\/test.burgwaechterservice.de\/fr\/p\/boites-aux-lettres\/terzo-160-eboxx\/"]}]},{"@type":"BreadcrumbList","@id":"https:\/\/test.burgwaechterservice.de\/fr\/p\/boites-aux-lettres\/terzo-160-eboxx\/#breadcrumb","itemListElement":[{"@type":"ListItem","position":1,"name":"Accueil","item":"https:\/\/test.burgwaechterservice.de\/fr\/"},{"@type":"ListItem","position":2,"name":"Produits","item":"https:\/\/test.burgwaechterservice.de\/fr\/p\/"},{"@type":"ListItem","position":3,"name":"Terzo 160 eBoxx W et Pied Terzo eBoxx W"}]},{"@type":"WebSite","@id":"https:\/\/test.burgwaechterservice.de\/fr\/#website","url":"https:\/\/test.burgwaechterservice.de\/fr\/","name":"Burg-W\u00e4chter France","description":"Le choix le plus s\u00fbr!","potentialAction":[{"@type":"SearchAction","target":{"@type":"EntryPoint","urlTemplate":"https:\/\/test.burgwaechterservice.de\/fr\/?s={search_term_string}"},"query-input":"required name=search_term_string"}],"inLanguage":"fr-FR"}]}},"_links":{"self":[{"href":"https:\/\/test.burgwaechterservice.de\/fr\/wp-json\/wp\/v2\/product\/32964"}],"collection":[{"href":"https:\/\/test.burgwaechterservice.de\/fr\/wp-json\/wp\/v2\/product"}],"about":[{"href":"https:\/\/test.burgwaechterservice.de\/fr\/wp-json\/wp\/v2\/types\/product"}],"replies":[{"embeddable":true,"href":"https:\/\/test.burgwaechterservice.de\/fr\/wp-json\/wp\/v2\/comments?post=32964"}],"wp:featuredmedia":[{"embeddable":true,"href":"https:\/\/test.burgwaechterservice.de\/fr\/wp-json\/wp\/v2\/media\/53599"}],"wp:attachment":[{"href":"https:\/\/test.burgwaechterservice.de\/fr\/wp-json\/wp\/v2\/media?parent=32964"}],"wp:term":[{"taxonomy":"product_cat","embeddable":true,"href":"https:\/\/test.burgwaechterservice.de\/fr\/wp-json\/wp\/v2\/product_cat?post=32964"},{"taxonomy":"product_tag","embeddable":true,"href":"https:\/\/test.burgwaechterservice.de\/fr\/wp-json\/wp\/v2\/product_tag?post=32964"}],"curies":[{"name":"wp","href":"https:\/\/api.w.org\/{rel}","templated":true}]}}