{"id":32959,"date":"2016-07-27T12:02:53","date_gmt":"2016-07-27T10:02:53","guid":{"rendered":"https:\/\/www.burg.biz\/?post_type=product&#038;p=32959"},"modified":"2017-03-29T09:21:20","modified_gmt":"2017-03-29T07:21:20","slug":"aide-au-prelevement","status":"publish","type":"product","link":"https:\/\/test.burgwaechterservice.de\/fr\/p\/boites-aux-lettres\/aide-au-prelevement\/","title":{"rendered":"Aide au pr\u00e9l\u00e8vement"},"content":{"rendered":"<p><img decoding=\"async\" class=\"alignnone wp-image-41820\" src=\"https:\/\/test.burgwaechterservice.de\/fr\/wp-content\/uploads\/sites\/4\/2016\/07\/Entnahmehilfe.jpg\" alt=\"BUW-Icons-BK 4c OK.indd\" width=\"300\" height=\"118\" srcset=\"https:\/\/test.burgwaechterservice.de\/fr\/wp-content\/uploads\/sites\/4\/2016\/07\/Entnahmehilfe.jpg 811w, https:\/\/test.burgwaechterservice.de\/fr\/wp-content\/uploads\/sites\/4\/2016\/07\/Entnahmehilfe-300x118.jpg 300w, https:\/\/test.burgwaechterservice.de\/fr\/wp-content\/uploads\/sites\/4\/2016\/07\/Entnahmehilfe-768x302.jpg 768w\" sizes=\"(max-width: 300px) 100vw, 300px\" \/><\/p>\n<p>Rampe facilitant le pr\u00e9l\u00e8vement du courrier, particuli\u00e8rement pour les courriers poser \u00e0 plat dans le fond de la boite aux lettres. Simple, montage ult\u00e9rieur par collage. Deux versions disponibles.<\/p>\n<table class=\"ausfuehrung\">\n<thead>\n<tr>\n<td>Article<\/td>\n<td>convient pour<\/td>\n<\/tr>\n<tr>\n<td class=\"subdesc\"><\/td>\n<td><\/td>\n<\/tr>\n<\/thead>\n<tbody>\n<tr>\n<td>Aide au pr\u00e9l\u00e8vement 1Ni<\/td>\n<td>Amrum\/Amrum-Set, Borkum, Comfort\/Comfort-Set,<br \/>\nFutura\/Futura-Set, Leipzig, Lucca\/Luca-Set, Magdeburg, Nordic<br \/>\nOlymp\/Olymp-Set, Potsdam, Set Vario<\/td>\n<\/tr>\n<tr>\n<td>Aide au pr\u00e9l\u00e8vement 2 Ni<\/td>\n<td>Dual, Europa, Kopenhagen, Sylt<\/td>\n<\/tr>\n<\/tbody>\n<\/table>\n","protected":false},"excerpt":{"rendered":"<p>Rampe facilitant le pr\u00e9l\u00e8vement du courrier, particuli\u00e8rement pour les courriers poser \u00e0 plat dans le fond de la boite aux lettres. Simple, montage ult\u00e9rieur par collage. Deux versions disponibles. Article convient pour Aide au pr\u00e9l\u00e8vement 1Ni Amrum\/Amrum-Set, Borkum, Comfort\/Comfort-Set, Futura\/Futura-Set, &hellip; <a class=\"kt-excerpt-readmore\" href=\"https:\/\/test.burgwaechterservice.de\/fr\/p\/boites-aux-lettres\/aide-au-prelevement\/\" aria-label=\"Aide au pr\u00e9l\u00e8vement\">Lire la suite<\/a><\/p>\n","protected":false},"featured_media":32963,"comment_status":"closed","ping_status":"closed","template":"","meta":[],"product_cat":[23,44],"product_tag":[],"yoast_head":"<!-- This site is optimized with the Yoast SEO Premium plugin v18.4 (Yoast SEO v19.13) - https:\/\/yoast.com\/wordpress\/plugins\/seo\/ -->\n<title>Aide au pr\u00e9l\u00e8vement - Burg-W\u00e4chter<\/title>\n<meta name=\"description\" content=\"Rampe facilitant le pr\u00e9l\u00e8vement du courrier, particuli\u00e8rement pour les courriers poser \u00e0 plat dans le fond de la boite aux lettres. Simple, montage\" \/>\n<meta name=\"robots\" content=\"index, follow, max-snippet:-1, max-image-preview:large, max-video-preview:-1\" \/>\n<link rel=\"canonical\" href=\"https:\/\/test.burgwaechterservice.de\/fr\/p\/boites-aux-lettres\/aide-au-prelevement\/\" \/>\n<meta property=\"og:locale\" content=\"fr_FR\" \/>\n<meta property=\"og:type\" content=\"article\" \/>\n<meta property=\"og:title\" content=\"Aide au pr\u00e9l\u00e8vement\" \/>\n<meta property=\"og:description\" content=\"Rampe facilitant le pr\u00e9l\u00e8vement du courrier, particuli\u00e8rement pour les courriers poser \u00e0 plat dans le fond de la boite aux lettres. Simple, montage\" \/>\n<meta property=\"og:url\" content=\"https:\/\/test.burgwaechterservice.de\/fr\/p\/boites-aux-lettres\/aide-au-prelevement\/\" \/>\n<meta property=\"og:site_name\" content=\"Burg-W\u00e4chter France\" \/>\n<meta property=\"article:modified_time\" content=\"2017-03-29T07:21:20+00:00\" \/>\n<meta property=\"og:image\" content=\"https:\/\/test.burgwaechterservice.de\/fr\/wp-content\/uploads\/sites\/4\/2016\/07\/vu7yi7u7.jpg\" \/>\n\t<meta property=\"og:image:width\" content=\"700\" \/>\n\t<meta property=\"og:image:height\" content=\"700\" \/>\n\t<meta property=\"og:image:type\" content=\"image\/jpeg\" \/>\n<meta name=\"twitter:card\" content=\"summary_large_image\" \/>\n<!-- \/ Yoast SEO Premium plugin. -->","yoast_head_json":{"title":"Aide au pr\u00e9l\u00e8vement - Burg-W\u00e4chter","description":"Rampe facilitant le pr\u00e9l\u00e8vement du courrier, particuli\u00e8rement pour les courriers poser \u00e0 plat dans le fond de la boite aux lettres. Simple, montage","robots":{"index":"index","follow":"follow","max-snippet":"max-snippet:-1","max-image-preview":"max-image-preview:large","max-video-preview":"max-video-preview:-1"},"canonical":"https:\/\/test.burgwaechterservice.de\/fr\/p\/boites-aux-lettres\/aide-au-prelevement\/","og_locale":"fr_FR","og_type":"article","og_title":"Aide au pr\u00e9l\u00e8vement","og_description":"Rampe facilitant le pr\u00e9l\u00e8vement du courrier, particuli\u00e8rement pour les courriers poser \u00e0 plat dans le fond de la boite aux lettres. Simple, montage","og_url":"https:\/\/test.burgwaechterservice.de\/fr\/p\/boites-aux-lettres\/aide-au-prelevement\/","og_site_name":"Burg-W\u00e4chter France","article_modified_time":"2017-03-29T07:21:20+00:00","og_image":[{"width":700,"height":700,"url":"https:\/\/test.burgwaechterservice.de\/fr\/wp-content\/uploads\/sites\/4\/2016\/07\/vu7yi7u7.jpg","type":"image\/jpeg"}],"twitter_card":"summary_large_image","schema":{"@context":"https:\/\/schema.org","@graph":[{"@type":"WebPage","@id":"https:\/\/test.burgwaechterservice.de\/fr\/p\/boites-aux-lettres\/aide-au-prelevement\/","url":"https:\/\/test.burgwaechterservice.de\/fr\/p\/boites-aux-lettres\/aide-au-prelevement\/","name":"Aide au pr\u00e9l\u00e8vement - Burg-W\u00e4chter","isPartOf":{"@id":"https:\/\/test.burgwaechterservice.de\/fr\/#website"},"datePublished":"2016-07-27T10:02:53+00:00","dateModified":"2017-03-29T07:21:20+00:00","description":"Rampe facilitant le pr\u00e9l\u00e8vement du courrier, particuli\u00e8rement pour les courriers poser \u00e0 plat dans le fond de la boite aux lettres. Simple, montage","breadcrumb":{"@id":"https:\/\/test.burgwaechterservice.de\/fr\/p\/boites-aux-lettres\/aide-au-prelevement\/#breadcrumb"},"inLanguage":"fr-FR","potentialAction":[{"@type":"ReadAction","target":["https:\/\/test.burgwaechterservice.de\/fr\/p\/boites-aux-lettres\/aide-au-prelevement\/"]}]},{"@type":"BreadcrumbList","@id":"https:\/\/test.burgwaechterservice.de\/fr\/p\/boites-aux-lettres\/aide-au-prelevement\/#breadcrumb","itemListElement":[{"@type":"ListItem","position":1,"name":"Accueil","item":"https:\/\/test.burgwaechterservice.de\/fr\/"},{"@type":"ListItem","position":2,"name":"Produits","item":"https:\/\/test.burgwaechterservice.de\/fr\/p\/"},{"@type":"ListItem","position":3,"name":"Aide au pr\u00e9l\u00e8vement"}]},{"@type":"WebSite","@id":"https:\/\/test.burgwaechterservice.de\/fr\/#website","url":"https:\/\/test.burgwaechterservice.de\/fr\/","name":"Burg-W\u00e4chter France","description":"Le choix le plus s\u00fbr!","potentialAction":[{"@type":"SearchAction","target":{"@type":"EntryPoint","urlTemplate":"https:\/\/test.burgwaechterservice.de\/fr\/?s={search_term_string}"},"query-input":"required name=search_term_string"}],"inLanguage":"fr-FR"}]}},"_links":{"self":[{"href":"https:\/\/test.burgwaechterservice.de\/fr\/wp-json\/wp\/v2\/product\/32959"}],"collection":[{"href":"https:\/\/test.burgwaechterservice.de\/fr\/wp-json\/wp\/v2\/product"}],"about":[{"href":"https:\/\/test.burgwaechterservice.de\/fr\/wp-json\/wp\/v2\/types\/product"}],"replies":[{"embeddable":true,"href":"https:\/\/test.burgwaechterservice.de\/fr\/wp-json\/wp\/v2\/comments?post=32959"}],"wp:featuredmedia":[{"embeddable":true,"href":"https:\/\/test.burgwaechterservice.de\/fr\/wp-json\/wp\/v2\/media\/32963"}],"wp:attachment":[{"href":"https:\/\/test.burgwaechterservice.de\/fr\/wp-json\/wp\/v2\/media?parent=32959"}],"wp:term":[{"taxonomy":"product_cat","embeddable":true,"href":"https:\/\/test.burgwaechterservice.de\/fr\/wp-json\/wp\/v2\/product_cat?post=32959"},{"taxonomy":"product_tag","embeddable":true,"href":"https:\/\/test.burgwaechterservice.de\/fr\/wp-json\/wp\/v2\/product_tag?post=32959"}],"curies":[{"name":"wp","href":"https:\/\/api.w.org\/{rel}","templated":true}]}}