{"id":32956,"date":"2016-07-27T11:34:40","date_gmt":"2016-07-27T09:34:40","guid":{"rendered":"https:\/\/www.burg.biz\/?post_type=product&#038;p=32956"},"modified":"2021-12-26T11:06:28","modified_gmt":"2021-12-26T10:06:28","slug":"universal-150-eboxx-ni","status":"publish","type":"product","link":"https:\/\/test.burgwaechterservice.de\/fr\/p\/boites-aux-lettres\/universal-150-eboxx-ni\/","title":{"rendered":"Universal 150 eBoxx Ni"},"content":{"rendered":"<p><img decoding=\"async\" class=\"alignnone wp-image-38818\" src=\"https:\/\/test.burgwaechterservice.de\/wp-content\/uploads\/2016\/07\/Uni-150-eBoxx-Ni-Piktos-gesamt.jpg\" alt=\"BUW-Icons-BK 4c OK.indd\" width=\"403\" height=\"118\" \/><\/p>\n<h2>Le support universel pour bo\u00eetes \u00e0 paquets en acier inoxydable<\/h2>\n<p>Le syst\u00e8me de support Universal de BURG-W\u00c4CHTER est adapt\u00e9 \u00e0 toutes les bo\u00eetes \u00e0 paquets eBoxx. Gr\u00e2ce \u00e0 lui, votre eBoxx est plac\u00e9e de mani\u00e8re optimale \u00e0 l&#8217;endroit que vous souhaitez. La forme sobre s&#8217;adapte aussi parfaitement \u00e0 l&#8217;aspect de votre bo\u00eete \u00e0 paquets.<\/p>\n<h3>Montage pratique pour les bo\u00eetes \u00e0 paquets isol\u00e9es<\/h3>\n<p>Ce support de bo\u00eete \u00e0 paquets fonctionnel est compos\u00e9 de deux tubes de 150 cm de long chacun et de 32 mm de diam\u00e8tre. Les tubes sont d\u00e9j\u00e0 \u00e9quip\u00e9s d&#8217;une perforation sp\u00e9ciale. Si n\u00e9cessaire, la longueur peut \u00eatre raccourcie. Votre bo\u00eete \u00e0 paquets est viss\u00e9e de l&#8217;int\u00e9rieur au support &#8211; ce qui assure une meilleure protection contre le vol. Le mat\u00e9riel de montage est d\u00e9j\u00e0 fourni avec le support. Vous pouvez b\u00e9tonner le support Universal de mani\u00e8re stable. Universal 150 Ni en acier inoxydable : Ce support de bo\u00eete \u00e0 paquets est en acier inoxydable. Il est particuli\u00e8rement r\u00e9sistant aux intemp\u00e9ries, a une longue dur\u00e9e de vie et poss\u00e8de en outre un bel aspect.<\/p>\n<h3>Traduit avec www.DeepL.com\/Translator (version gratuite)<\/h3>\n<ul>\n<li>peut \u00eatre combin\u00e9 avec tous les mod\u00e8les de eBoxx<\/li>\n<li>comprenant 2 tubes en acier inox avec perforation sp\u00e9ciale<\/li>\n<li>ixation du support par l\u2018int\u00e9rieur de la eBoxx<\/li>\n<li>protection anti-vol<\/li>\n<li>\u00e0 emmurer<\/li>\n<li>les tubes peuvent \u00eatre raccourcis selon besoin<\/li>\n<li>2 poteaux avec set de montage<br \/>\n<h3>Conseil pour l&#8217;installation<\/h3>\n<p>M\u00eame si la 150 Ni en acier inoxydable r\u00e9siste aux intemp\u00e9ries, nous vous recommandons de monter votre bo\u00eete aux lettres ind\u00e9pendante dans un endroit aussi prot\u00e9g\u00e9 que possible des intemp\u00e9ries. Ainsi, la bo\u00eete aux lettres et le support resteront en bon \u00e9tat pendant de nombreuses ann\u00e9es.<\/li>\n<\/ul>\n<table class=\"ausfuehrung\">\n<thead>\n<tr>\n<td>Article<\/td>\n<td>Hauteur<\/td>\n<td>\u00d8<\/td>\n<\/tr>\n<tr>\n<td class=\"subdesc\"><\/td>\n<td class=\"subdesc\">mm<\/td>\n<td class=\"subdesc\">mm<\/td>\n<\/tr>\n<\/thead>\n<tbody>\n<tr>\n<td>Universal 150 eBoxx Ni<\/td>\n<td>1500<\/td>\n<td>32<\/td>\n<\/tr>\n<\/tbody>\n<\/table>\n","protected":false},"excerpt":{"rendered":"<p>Le support universel pour bo\u00eetes \u00e0 paquets en acier inoxydable Le syst\u00e8me de support Universal de BURG-W\u00c4CHTER est adapt\u00e9 \u00e0 toutes les bo\u00eetes \u00e0 paquets eBoxx. Gr\u00e2ce \u00e0 lui, votre eBoxx est plac\u00e9e de mani\u00e8re optimale \u00e0 l&#8217;endroit que vous &hellip; <a class=\"kt-excerpt-readmore\" href=\"https:\/\/test.burgwaechterservice.de\/fr\/p\/boites-aux-lettres\/universal-150-eboxx-ni\/\" aria-label=\"Universal 150 eBoxx Ni\">Lire la suite<\/a><\/p>\n","protected":false},"featured_media":53601,"comment_status":"closed","ping_status":"closed","template":"","meta":[],"product_cat":[23,29,45],"product_tag":[],"yoast_head":"<!-- This site is optimized with the Yoast SEO Premium plugin v18.4 (Yoast SEO v19.13) - https:\/\/yoast.com\/wordpress\/plugins\/seo\/ -->\n<title>Universal 150 eBoxx Ni - Burg-W\u00e4chter<\/title>\n<meta name=\"description\" content=\"Le support universel pour bo\u00eetes \u00e0 paquets en acier inoxydable Le syst\u00e8me de support Universal de BURG-W\u00c4CHTER est adapt\u00e9 \u00e0 toutes les bo\u00eetes \u00e0 paquets\" \/>\n<meta name=\"robots\" content=\"index, follow, max-snippet:-1, max-image-preview:large, max-video-preview:-1\" \/>\n<link rel=\"canonical\" href=\"https:\/\/test.burgwaechterservice.de\/fr\/p\/boites-aux-lettres\/universal-150-eboxx-ni\/\" \/>\n<meta property=\"og:locale\" content=\"fr_FR\" \/>\n<meta property=\"og:type\" content=\"article\" \/>\n<meta property=\"og:title\" content=\"Universal 150 eBoxx Ni\" \/>\n<meta property=\"og:description\" content=\"Le support universel pour bo\u00eetes \u00e0 paquets en acier inoxydable Le syst\u00e8me de support Universal de BURG-W\u00c4CHTER est adapt\u00e9 \u00e0 toutes les bo\u00eetes \u00e0 paquets\" \/>\n<meta property=\"og:url\" content=\"https:\/\/test.burgwaechterservice.de\/fr\/p\/boites-aux-lettres\/universal-150-eboxx-ni\/\" \/>\n<meta property=\"og:site_name\" content=\"Burg-W\u00e4chter France\" \/>\n<meta property=\"article:modified_time\" content=\"2021-12-26T10:06:28+00:00\" \/>\n<meta property=\"og:image\" content=\"https:\/\/test.burgwaechterservice.de\/fr\/wp-content\/uploads\/sites\/4\/2016\/07\/Universal_Staender_f\u00fcr_WEB.jpg\" \/>\n\t<meta property=\"og:image:width\" content=\"800\" \/>\n\t<meta property=\"og:image:height\" content=\"800\" \/>\n\t<meta property=\"og:image:type\" content=\"image\/jpeg\" \/>\n<meta name=\"twitter:card\" content=\"summary_large_image\" \/>\n<meta name=\"twitter:label1\" content=\"Dur\u00e9e de lecture estim\u00e9e\" \/>\n\t<meta name=\"twitter:data1\" content=\"2 minutes\" \/>\n<!-- \/ Yoast SEO Premium plugin. -->","yoast_head_json":{"title":"Universal 150 eBoxx Ni - Burg-W\u00e4chter","description":"Le support universel pour bo\u00eetes \u00e0 paquets en acier inoxydable Le syst\u00e8me de support Universal de BURG-W\u00c4CHTER est adapt\u00e9 \u00e0 toutes les bo\u00eetes \u00e0 paquets","robots":{"index":"index","follow":"follow","max-snippet":"max-snippet:-1","max-image-preview":"max-image-preview:large","max-video-preview":"max-video-preview:-1"},"canonical":"https:\/\/test.burgwaechterservice.de\/fr\/p\/boites-aux-lettres\/universal-150-eboxx-ni\/","og_locale":"fr_FR","og_type":"article","og_title":"Universal 150 eBoxx Ni","og_description":"Le support universel pour bo\u00eetes \u00e0 paquets en acier inoxydable Le syst\u00e8me de support Universal de BURG-W\u00c4CHTER est adapt\u00e9 \u00e0 toutes les bo\u00eetes \u00e0 paquets","og_url":"https:\/\/test.burgwaechterservice.de\/fr\/p\/boites-aux-lettres\/universal-150-eboxx-ni\/","og_site_name":"Burg-W\u00e4chter France","article_modified_time":"2021-12-26T10:06:28+00:00","og_image":[{"width":800,"height":800,"url":"https:\/\/test.burgwaechterservice.de\/fr\/wp-content\/uploads\/sites\/4\/2016\/07\/Universal_Staender_f\u00fcr_WEB.jpg","type":"image\/jpeg"}],"twitter_card":"summary_large_image","twitter_misc":{"Dur\u00e9e de lecture estim\u00e9e":"2 minutes"},"schema":{"@context":"https:\/\/schema.org","@graph":[{"@type":"WebPage","@id":"https:\/\/test.burgwaechterservice.de\/fr\/p\/boites-aux-lettres\/universal-150-eboxx-ni\/","url":"https:\/\/test.burgwaechterservice.de\/fr\/p\/boites-aux-lettres\/universal-150-eboxx-ni\/","name":"Universal 150 eBoxx Ni - Burg-W\u00e4chter","isPartOf":{"@id":"https:\/\/test.burgwaechterservice.de\/fr\/#website"},"datePublished":"2016-07-27T09:34:40+00:00","dateModified":"2021-12-26T10:06:28+00:00","description":"Le support universel pour bo\u00eetes \u00e0 paquets en acier inoxydable Le syst\u00e8me de support Universal de BURG-W\u00c4CHTER est adapt\u00e9 \u00e0 toutes les bo\u00eetes \u00e0 paquets","breadcrumb":{"@id":"https:\/\/test.burgwaechterservice.de\/fr\/p\/boites-aux-lettres\/universal-150-eboxx-ni\/#breadcrumb"},"inLanguage":"fr-FR","potentialAction":[{"@type":"ReadAction","target":["https:\/\/test.burgwaechterservice.de\/fr\/p\/boites-aux-lettres\/universal-150-eboxx-ni\/"]}]},{"@type":"BreadcrumbList","@id":"https:\/\/test.burgwaechterservice.de\/fr\/p\/boites-aux-lettres\/universal-150-eboxx-ni\/#breadcrumb","itemListElement":[{"@type":"ListItem","position":1,"name":"Accueil","item":"https:\/\/test.burgwaechterservice.de\/fr\/"},{"@type":"ListItem","position":2,"name":"Produits","item":"https:\/\/test.burgwaechterservice.de\/fr\/p\/"},{"@type":"ListItem","position":3,"name":"Universal 150 eBoxx Ni"}]},{"@type":"WebSite","@id":"https:\/\/test.burgwaechterservice.de\/fr\/#website","url":"https:\/\/test.burgwaechterservice.de\/fr\/","name":"Burg-W\u00e4chter France","description":"Le choix le plus s\u00fbr!","potentialAction":[{"@type":"SearchAction","target":{"@type":"EntryPoint","urlTemplate":"https:\/\/test.burgwaechterservice.de\/fr\/?s={search_term_string}"},"query-input":"required name=search_term_string"}],"inLanguage":"fr-FR"}]}},"_links":{"self":[{"href":"https:\/\/test.burgwaechterservice.de\/fr\/wp-json\/wp\/v2\/product\/32956"}],"collection":[{"href":"https:\/\/test.burgwaechterservice.de\/fr\/wp-json\/wp\/v2\/product"}],"about":[{"href":"https:\/\/test.burgwaechterservice.de\/fr\/wp-json\/wp\/v2\/types\/product"}],"replies":[{"embeddable":true,"href":"https:\/\/test.burgwaechterservice.de\/fr\/wp-json\/wp\/v2\/comments?post=32956"}],"wp:featuredmedia":[{"embeddable":true,"href":"https:\/\/test.burgwaechterservice.de\/fr\/wp-json\/wp\/v2\/media\/53601"}],"wp:attachment":[{"href":"https:\/\/test.burgwaechterservice.de\/fr\/wp-json\/wp\/v2\/media?parent=32956"}],"wp:term":[{"taxonomy":"product_cat","embeddable":true,"href":"https:\/\/test.burgwaechterservice.de\/fr\/wp-json\/wp\/v2\/product_cat?post=32956"},{"taxonomy":"product_tag","embeddable":true,"href":"https:\/\/test.burgwaechterservice.de\/fr\/wp-json\/wp\/v2\/product_tag?post=32956"}],"curies":[{"name":"wp","href":"https:\/\/api.w.org\/{rel}","templated":true}]}}