{"id":32942,"date":"2016-07-27T11:04:09","date_gmt":"2016-07-27T09:04:09","guid":{"rendered":"https:\/\/www.burg.biz\/?post_type=product&#038;p=32942"},"modified":"2022-06-22T13:55:02","modified_gmt":"2022-06-22T11:55:02","slug":"eboxx","status":"publish","type":"product","link":"https:\/\/test.burgwaechterservice.de\/fr\/p\/boites-aux-lettres\/eboxx\/","title":{"rendered":"eBoxx"},"content":{"rendered":"<p><img decoding=\"async\" class=\"alignnone wp-image-41812\" src=\"https:\/\/test.burgwaechterservice.de\/fr\/wp-content\/uploads\/sites\/4\/2016\/07\/Zeitungsbox-4900-800-5800-808-820-1800-1890-4900-Piktos-gesamt.jpg\" alt=\"BUW-Icons-BK 4c OK.indd\" width=\"116\" height=\"118\" srcset=\"https:\/\/test.burgwaechterservice.de\/fr\/wp-content\/uploads\/sites\/4\/2016\/07\/Zeitungsbox-4900-800-5800-808-820-1800-1890-4900-Piktos-gesamt.jpg 308w, https:\/\/test.burgwaechterservice.de\/fr\/wp-content\/uploads\/sites\/4\/2016\/07\/Zeitungsbox-4900-800-5800-808-820-1800-1890-4900-Piktos-gesamt-296x300.jpg 296w, https:\/\/test.burgwaechterservice.de\/fr\/wp-content\/uploads\/sites\/4\/2016\/07\/Zeitungsbox-4900-800-5800-808-820-1800-1890-4900-Piktos-gesamt-80x80.jpg 80w\" sizes=\"(max-width: 116px) 100vw, 116px\" \/><\/p>\n<h2>Notre nouveaut\u00e9\u00a0: la bo\u00eete \u00e0 colis eBoxx garantit la r\u00e9ception en toute s\u00e9curit\u00e9 de vos paquets lorsque vous n&#8217;\u00eates pas l\u00e0.<\/h2>\n<p>Quel est l&#8217;avantage d&#8217;une bo\u00eete \u00e0 colis\u00a0? Commander des produits en ligne et les recevoir sont des \u00e9tapes simples et confortables uniquement lorsque quelqu&#8217;un est l\u00e0 pour recevoir la livraison.<br \/>\nBURG-W\u00c4CHTER a la solution \u00e0 ce probl\u00e8me\u00a0: la bo\u00eete \u00e0 colis eBoxx r\u00e9ceptionne vos commandes m\u00eame en votre absence. Finis les p\u00e9nibles allers et retours vers la filiale de l&#8217;entreprise de messagerie concern\u00e9e.<\/p>\n<p>Avec la bo\u00eete \u00e0 colis innovante eBoxx de BURG-W\u00c4CHTER, <strong>vous ne raterez plus jamais un paquet.<\/strong> Cette solution destin\u00e9e aux particuliers garde en toute s\u00e9curit\u00e9 m\u00eame de gros colis selon la version choisie.<\/p>\n<h3>Fermeture de s\u00e9curit\u00e9 innovante par enclenchement<\/h3>\n<p>Le <strong>syst\u00e8me de fermeture pour lequel une demande de brevet a \u00e9t\u00e9 d\u00e9pos\u00e9e<\/strong> de la bo\u00eete \u00e0 colis eBoxx est particuli\u00e8rement s\u00fbr.<br \/>\nLe clapet d&#8217;ouverture dispose d&#8217;une <strong>fermeture sp\u00e9ciale par enclenchement<\/strong> si bien qu&#8217;elle peut \u00eatre ouverte sans difficult\u00e9 par le livreur. Le paquet trouve sa place \u00e0 l&#8217;int\u00e9rieur et l&#8217;employ\u00e9 verrouille ensuite la porte en appuyant sur un bouton qui d\u00e9clenche la fermeture de s\u00e9curit\u00e9 d\u00e9finitive. Celle-ci ne peut ensuite \u00eatre ouverte que par le propri\u00e9taire de la bo\u00eete.<\/p>\n<h3>La porte s\u00e9curis\u00e9e de la bo\u00eete \u00e0 colis<\/h3>\n<p>La porte de l&#8217;eBoxx est prot\u00e9g\u00e9e d&#8217;une ouverture non d\u00e9sir\u00e9e. La serrure <strong>r\u00e9siste \u00e0 la corrosion <\/strong>et apporte la s\u00e9curit\u00e9 n\u00e9cessaire avec un <strong>verrou<\/strong> solide et des charni\u00e8res robustes. L&#8217;<strong>arr\u00eat int\u00e9gr\u00e9<\/strong> avec barre de but\u00e9e facilite le relev\u00e9 de vos paquets lorsque vous ouvrez la porte.<br \/>\nSon \u00e9norme volume peut donner envie \u00e0 des enfants d&#8217;y jouer \u00e0 cache-cache. Si cela devait arriver, la bo\u00eete \u00e0 colis dispose d&#8217;une <strong>ouverture d&#8217;urgence<\/strong> fiable permettant d&#8217;ouvrir la porte aussi de l&#8217;int\u00e9rieur.<br \/>\nLa <strong>fonction d&#8217;enclenchement de la porte<\/strong> emp\u00eache par contre que la porte s&#8217;ouvre intempestivement de l&#8217;ext\u00e9rieur.<\/p>\n<h3>Structure robuste<\/h3>\n<p>La bo\u00eete \u00e0 colis est fabriqu\u00e9e<strong> \u00e0 l&#8217;ext\u00e9rieur en acier galvanis\u00e9<\/strong> et les <strong>soudures au laser <\/strong>sont <strong>r\u00e9sistantes.<\/strong> Avec son <strong>fond renforc\u00e9<\/strong>, vous pouvez laisser votre commande pendant quelques jours sans vous poser de questions.<\/p>\n<h3>Un vaste volume pour de grands colis<\/h3>\n<p>L&#8217;eBoxx offre gr\u00e2ce \u00e0 sa grande profondeur extr\u00eamement de place pour vos paquets et les conserve en toute s\u00e9curit\u00e9 jusqu&#8217;\u00e0 ce que vous veniez les chercher. Cette bo\u00eete de r\u00e9ception pratique est disponible <strong>en six tailles<\/strong>. Selon vos besoins, vous pouvez choisir un petit mod\u00e8le ou une version plus grande avec bo\u00eete aux lettres int\u00e9gr\u00e9e pour en tirer profit \u00e0 double titre.<\/p>\n<h3>Les d\u00e9tails pratiques de l&#8217;eBoxx<\/h3>\n<p>La bo\u00eete \u00e0 colis est livr\u00e9e avec un <strong>carton de notification de livraison<\/strong> pour une utilisation en continu. Il peut \u00eatre conserv\u00e9 dans la fente \u00e0 cet effet.<br \/>\nLes <strong>contrats pr\u00e9imprim\u00e9s <\/strong>pour r\u00e9gir votre collaboration avec les diff\u00e9rents services de messagerie sont aussi compris dans la livraison.<br \/>\nUn <strong>syst\u00e8me principal de fermeture<\/strong> est \u00e9galement inclus dans la livraison et permet une <strong>utilisation partag\u00e9e<\/strong> de l&#8217;eBoxx (pour la taille DAA). Associez-vous avec votre voisin et profitez ensemble des avantages de la bo\u00eete \u00e0 colis. Vous n&#8217;avez pour cela besoin que d&#8217;une cl\u00e9 pour le compartiment \u00e0 paquet et pour la bo\u00eete aux lettres.<\/p>\n<h3>Possibilit\u00e9s de montage<\/h3>\n<p>L&#8217;eBoxx est con\u00e7ue pour un <strong>montage fixe \u00e0 un mur ou au sol<\/strong>. Le mat\u00e9riel de fixation compris dans la livraison permet d&#8217;effectuer rapidement le montage ainsi que la mise en service.<br \/>\nVous pouvez placer votre bo\u00eete \u00e0 colis l\u00e0 o\u00f9 vous voulez avec un pied correspondant. Les poteaux <a href=\"https:\/\/test.burgwaechterservice.de\/fr\/p\/boites-aux-lettres\/universal-150-eboxx-ni\/\">Universal 150 eBoxx Ni<\/a> ou <a href=\"https:\/\/test.burgwaechterservice.de\/fr\/p\/boites-aux-lettres\/terzo-160-eboxx\/\">Terzo 160 eBoxx Ni<\/a> sont pour cela des solutions id\u00e9ales.<br \/>\n<strong>Conseil\u00a0:<\/strong> Montez votre eBoxx <strong>\u00e0 un endroit prot\u00e9g\u00e9 des intemp\u00e9ries<\/strong>, ainsi elle conservera pendant longtemps un \u00e9tat excellent.<\/p>\n<p>La conception des bo\u00eetes \u00e0 colis est modulable et elles peuvent \u00eatre combin\u00e9es dans des unit\u00e9s de grande taille. Vous pouvez ainsi r\u00e9aliser \u00e9galement des <strong>zones <\/strong>compactes<strong> de r\u00e9ception de paquets<\/strong> pour des immeubles commerciaux et locatifs ou pour des lotissements.<\/p>\n<h3>Les caract\u00e9ristiques de l&#8217;eBoxx de BURG-W\u00c4CHTER<\/h3>\n<ul>\n<li>Bo\u00eete \u00e0 colis avec fonction de d\u00e9p\u00f4t<\/li>\n<li>Vaste volume<\/li>\n<li>Fermeture de s\u00e9curit\u00e9 innovante par enclenchement<\/li>\n<li>Serrure r\u00e9sistante \u00e0 la corrosion<\/li>\n<li>Serrure 3 points et 3 charni\u00e8res (\u00e0 partir de la taille D)<\/li>\n<li>Plus de profondeur pour plus de confort\u00a0: syst\u00e8me d&#8217;arr\u00eat de la porte \u00e0 l&#8217;aide d&#8217;une barre de but\u00e9e<\/li>\n<li>Possibilit\u00e9 d&#8217;ouverture d&#8217;urgence de l&#8217;int\u00e9rieur (s\u00e9curit\u00e9 enfant)<\/li>\n<li>Cran d&#8217;arr\u00eat de protection contre l&#8217;ouverture non d\u00e9sir\u00e9e de la porte<\/li>\n<li>Soudures au laser extr\u00eamement r\u00e9sistantes<\/li>\n<li>Fond renforc\u00e9<\/li>\n<li>Carton de notification de livraison inclus pour l&#8217;utilisation en continu, avec fente de rangement<\/li>\n<li>Imprim\u00e9s pour les contrats entre les services de messagerie et vous-m\u00eame (autorisations de d\u00e9p\u00f4t de colis)<\/li>\n<li>Serrure principale comprise dans la livraison permettant de partager une bo\u00eete \u00e0 colis (pour la taille DAA)<\/li>\n<li>Pour un montage au mur ou \u00e0 l&#8217;endroit d\u00e9sir\u00e9 avec un pied (non livr\u00e9)<\/li>\n<\/ul>\n<table class=\"ausfuehrung\">\n<thead>\n<tr>\n<td>Article<\/td>\n<td>Couleurs<\/td>\n<td>H x L x P<\/td>\n<td>Volume<\/td>\n<td>Fente<\/td>\n<\/tr>\n<tr>\n<td class=\"subdesc\"><\/td>\n<td><\/td>\n<td class=\"subdesc\">mm<\/td>\n<td>\u00a0mm<\/td>\n<td class=\"subdesc\">\u00a0B x H (mm)<\/td>\n<\/tr>\n<\/thead>\n<tbody>\n<tr>\n<td>GV 644 S W<\/td>\n<td>Blanc<\/td>\n<td>760 x 575 x 450<\/td>\n<td>725 x 535 x 405<\/td>\n<td><\/td>\n<\/tr>\n<tr>\n<td>GV 644 ANT<\/td>\n<td>Anthracit<\/td>\n<td>760 x 575 x 450<\/td>\n<td>725 x 535 x 405<\/td>\n<td><\/td>\n<\/tr>\n<tr>\n<td>EA 634 S W<\/td>\n<td>Blanc<\/td>\n<td>575 x 380 x 450<\/td>\n<td>540 x 340 x 405<\/td>\n<td><\/td>\n<\/tr>\n<tr>\n<td>EA 634 S ANT<\/td>\n<td>Anthracit<\/td>\n<td>575 x 380 x 450<\/td>\n<td>540 x 340 x 405<\/td>\n<td><\/td>\n<\/tr>\n<tr>\n<td>A 625 W<\/td>\n<td>Blanc<\/td>\n<td>115 x 380x 450<\/td>\n<td><\/td>\n<td>DIN C4<\/td>\n<\/tr>\n<tr>\n<td>A 625 ANT<\/td>\n<td>Anthracit<\/td>\n<td>115 x 380x 450<\/td>\n<td><\/td>\n<td>DIN C4<\/td>\n<\/tr>\n<\/tbody>\n<\/table>\n","protected":false},"excerpt":{"rendered":"<p>Notre nouveaut\u00e9\u00a0: la bo\u00eete \u00e0 colis eBoxx garantit la r\u00e9ception en toute s\u00e9curit\u00e9 de vos paquets lorsque vous n&#8217;\u00eates pas l\u00e0. Quel est l&#8217;avantage d&#8217;une bo\u00eete \u00e0 colis\u00a0? Commander des produits en ligne et les recevoir sont des \u00e9tapes simples &hellip; <a class=\"kt-excerpt-readmore\" href=\"https:\/\/test.burgwaechterservice.de\/fr\/p\/boites-aux-lettres\/eboxx\/\" aria-label=\"eBoxx\">Lire la suite<\/a><\/p>\n","protected":false},"featured_media":32954,"comment_status":"closed","ping_status":"closed","template":"","meta":[],"product_cat":[23,29,45],"product_tag":[],"yoast_head":"<!-- This site is optimized with the Yoast SEO Premium plugin v18.4 (Yoast SEO v19.13) - https:\/\/yoast.com\/wordpress\/plugins\/seo\/ -->\n<title>eBoxx - Burg-W\u00e4chter<\/title>\n<meta name=\"description\" content=\"Notre nouveaut\u00e9\u00a0: la bo\u00eete \u00e0 colis eBoxx garantit la r\u00e9ception en toute s\u00e9curit\u00e9 de vos paquets lorsque vous n&#039;\u00eates pas l\u00e0. Quel est l&#039;avantage d&#039;une\" \/>\n<meta name=\"robots\" content=\"index, follow, max-snippet:-1, max-image-preview:large, max-video-preview:-1\" \/>\n<link rel=\"canonical\" href=\"https:\/\/test.burgwaechterservice.de\/fr\/p\/boites-aux-lettres\/eboxx\/\" \/>\n<meta property=\"og:locale\" content=\"fr_FR\" \/>\n<meta property=\"og:type\" content=\"article\" \/>\n<meta property=\"og:title\" content=\"eBoxx\" \/>\n<meta property=\"og:description\" content=\"Notre nouveaut\u00e9\u00a0: la bo\u00eete \u00e0 colis eBoxx garantit la r\u00e9ception en toute s\u00e9curit\u00e9 de vos paquets lorsque vous n&#039;\u00eates pas l\u00e0. Quel est l&#039;avantage d&#039;une\" \/>\n<meta property=\"og:url\" content=\"https:\/\/test.burgwaechterservice.de\/fr\/p\/boites-aux-lettres\/eboxx\/\" \/>\n<meta property=\"og:site_name\" content=\"Burg-W\u00e4chter France\" \/>\n<meta property=\"article:modified_time\" content=\"2022-06-22T11:55:02+00:00\" \/>\n<meta property=\"og:image\" content=\"https:\/\/test.burgwaechterservice.de\/fr\/wp-content\/uploads\/sites\/4\/2016\/07\/Paketkasten_eBoxx_E_634_SW_377109-01.jpg\" \/>\n\t<meta property=\"og:image:width\" content=\"1848\" \/>\n\t<meta property=\"og:image:height\" content=\"1772\" \/>\n\t<meta property=\"og:image:type\" content=\"image\/jpeg\" \/>\n<meta name=\"twitter:card\" content=\"summary_large_image\" \/>\n<meta name=\"twitter:label1\" content=\"Dur\u00e9e de lecture estim\u00e9e\" \/>\n\t<meta name=\"twitter:data1\" content=\"5 minutes\" \/>\n<!-- \/ Yoast SEO Premium plugin. -->","yoast_head_json":{"title":"eBoxx - Burg-W\u00e4chter","description":"Notre nouveaut\u00e9\u00a0: la bo\u00eete \u00e0 colis eBoxx garantit la r\u00e9ception en toute s\u00e9curit\u00e9 de vos paquets lorsque vous n'\u00eates pas l\u00e0. Quel est l'avantage d'une","robots":{"index":"index","follow":"follow","max-snippet":"max-snippet:-1","max-image-preview":"max-image-preview:large","max-video-preview":"max-video-preview:-1"},"canonical":"https:\/\/test.burgwaechterservice.de\/fr\/p\/boites-aux-lettres\/eboxx\/","og_locale":"fr_FR","og_type":"article","og_title":"eBoxx","og_description":"Notre nouveaut\u00e9\u00a0: la bo\u00eete \u00e0 colis eBoxx garantit la r\u00e9ception en toute s\u00e9curit\u00e9 de vos paquets lorsque vous n'\u00eates pas l\u00e0. Quel est l'avantage d'une","og_url":"https:\/\/test.burgwaechterservice.de\/fr\/p\/boites-aux-lettres\/eboxx\/","og_site_name":"Burg-W\u00e4chter France","article_modified_time":"2022-06-22T11:55:02+00:00","og_image":[{"width":1848,"height":1772,"url":"https:\/\/test.burgwaechterservice.de\/fr\/wp-content\/uploads\/sites\/4\/2016\/07\/Paketkasten_eBoxx_E_634_SW_377109-01.jpg","type":"image\/jpeg"}],"twitter_card":"summary_large_image","twitter_misc":{"Dur\u00e9e de lecture estim\u00e9e":"5 minutes"},"schema":{"@context":"https:\/\/schema.org","@graph":[{"@type":"WebPage","@id":"https:\/\/test.burgwaechterservice.de\/fr\/p\/boites-aux-lettres\/eboxx\/","url":"https:\/\/test.burgwaechterservice.de\/fr\/p\/boites-aux-lettres\/eboxx\/","name":"eBoxx - Burg-W\u00e4chter","isPartOf":{"@id":"https:\/\/test.burgwaechterservice.de\/fr\/#website"},"datePublished":"2016-07-27T09:04:09+00:00","dateModified":"2022-06-22T11:55:02+00:00","description":"Notre nouveaut\u00e9\u00a0: la bo\u00eete \u00e0 colis eBoxx garantit la r\u00e9ception en toute s\u00e9curit\u00e9 de vos paquets lorsque vous n'\u00eates pas l\u00e0. Quel est l'avantage d'une","breadcrumb":{"@id":"https:\/\/test.burgwaechterservice.de\/fr\/p\/boites-aux-lettres\/eboxx\/#breadcrumb"},"inLanguage":"fr-FR","potentialAction":[{"@type":"ReadAction","target":["https:\/\/test.burgwaechterservice.de\/fr\/p\/boites-aux-lettres\/eboxx\/"]}]},{"@type":"BreadcrumbList","@id":"https:\/\/test.burgwaechterservice.de\/fr\/p\/boites-aux-lettres\/eboxx\/#breadcrumb","itemListElement":[{"@type":"ListItem","position":1,"name":"Accueil","item":"https:\/\/test.burgwaechterservice.de\/fr\/"},{"@type":"ListItem","position":2,"name":"Produits","item":"https:\/\/test.burgwaechterservice.de\/fr\/p\/"},{"@type":"ListItem","position":3,"name":"eBoxx"}]},{"@type":"WebSite","@id":"https:\/\/test.burgwaechterservice.de\/fr\/#website","url":"https:\/\/test.burgwaechterservice.de\/fr\/","name":"Burg-W\u00e4chter France","description":"Le choix le plus s\u00fbr!","potentialAction":[{"@type":"SearchAction","target":{"@type":"EntryPoint","urlTemplate":"https:\/\/test.burgwaechterservice.de\/fr\/?s={search_term_string}"},"query-input":"required name=search_term_string"}],"inLanguage":"fr-FR"}]}},"_links":{"self":[{"href":"https:\/\/test.burgwaechterservice.de\/fr\/wp-json\/wp\/v2\/product\/32942"}],"collection":[{"href":"https:\/\/test.burgwaechterservice.de\/fr\/wp-json\/wp\/v2\/product"}],"about":[{"href":"https:\/\/test.burgwaechterservice.de\/fr\/wp-json\/wp\/v2\/types\/product"}],"replies":[{"embeddable":true,"href":"https:\/\/test.burgwaechterservice.de\/fr\/wp-json\/wp\/v2\/comments?post=32942"}],"wp:featuredmedia":[{"embeddable":true,"href":"https:\/\/test.burgwaechterservice.de\/fr\/wp-json\/wp\/v2\/media\/32954"}],"wp:attachment":[{"href":"https:\/\/test.burgwaechterservice.de\/fr\/wp-json\/wp\/v2\/media?parent=32942"}],"wp:term":[{"taxonomy":"product_cat","embeddable":true,"href":"https:\/\/test.burgwaechterservice.de\/fr\/wp-json\/wp\/v2\/product_cat?post=32942"},{"taxonomy":"product_tag","embeddable":true,"href":"https:\/\/test.burgwaechterservice.de\/fr\/wp-json\/wp\/v2\/product_tag?post=32942"}],"curies":[{"name":"wp","href":"https:\/\/api.w.org\/{rel}","templated":true}]}}