{"id":32929,"date":"2016-07-27T10:46:27","date_gmt":"2016-07-27T08:46:27","guid":{"rendered":"https:\/\/www.burg.biz\/?post_type=product&#038;p=32929"},"modified":"2022-04-29T09:03:59","modified_gmt":"2022-04-29T07:03:59","slug":"secuentry-5702-fingerprint","status":"publish","type":"product","link":"https:\/\/test.burgwaechterservice.de\/fr\/p\/serrure-electronique\/secuentry-5702-fingerprint\/","title":{"rendered":"secuENTRY 5702 Fingerprint"},"content":{"rendered":"<p><img decoding=\"async\" class=\"wp-image-36730 alignright\" src=\"https:\/\/test.burgwaechterservice.de\/fr\/wp-content\/uploads\/sites\/4\/2016\/07\/pxa_bp_en_pos-257x300.jpg\" alt=\"Druck\" width=\"200\" height=\"233\" srcset=\"https:\/\/test.burgwaechterservice.de\/fr\/wp-content\/uploads\/sites\/4\/2016\/07\/pxa_bp_en_pos-257x300.jpg 257w, https:\/\/test.burgwaechterservice.de\/fr\/wp-content\/uploads\/sites\/4\/2016\/07\/pxa_bp_en_pos-768x897.jpg 768w, https:\/\/test.burgwaechterservice.de\/fr\/wp-content\/uploads\/sites\/4\/2016\/07\/pxa_bp_en_pos-877x1024.jpg 877w, https:\/\/test.burgwaechterservice.de\/fr\/wp-content\/uploads\/sites\/4\/2016\/07\/pxa_bp_en_pos.jpg 894w\" sizes=\"(max-width: 200px) 100vw, 200px\" \/><\/p>\n<h2>secuENTRY avec empreinte digitale\u00a0: Le cylindre \u00e9lectronique de nouvelle g\u00e9n\u00e9ration<\/h2>\n<p>D\u00e9verrouiller la porte d&#8217;entr\u00e9e facilement et en toute s\u00e9curit\u00e9 avec votre propre empreinte digitale\u00a0\u2013\u00a0\u00e7a ressemble au futur. BURG-W\u00c4CHTER vous propose d\u00e8s aujourd&#8217;hui cette invention innovante. D\u00e8s aujourd&#8217;hui, ne prenez plus une cl\u00e9 aga\u00e7ante avec vous, \u00e9vitez de la perdre, et ne prenez plus de risque en mati\u00e8re de s\u00e9curit\u00e9.<\/p>\n<p>Le <strong>cylindre secuENTRY <\/strong>offre une flexibilit\u00e9 hors du commun, car, outre via les transpondeurs passifs et les Smartphones, il dispose \u00e9galement d&#8217;une fonction de s\u00e9rie lui permettant de l&#8217;activer au moyen de la biom\u00e9trie et d&#8217;un code PIN.<br \/>\nCela permet de r\u00e9agir rapidement \u00e0 des conditions changeantes, le syst\u00e8me pouvant toujours \u00eatre compl\u00e9t\u00e9 ult\u00e9rieurement.<\/p>\n<h3>Particuli\u00e8rement s\u00fbr\u00a0: Technique moderne de lecteur d&#8217;empreintes digitales et de nombreux autres syst\u00e8mes d&#8217;ouvertures pratiques<\/h3>\n<p>Avec ce cylindre \u00e9lectronique pour portes, vous disposez de nombreuses m\u00e9thodes diff\u00e9rentes pour d\u00e9verrouiller votre porte facilement et en toute s\u00e9curit\u00e9.<\/p>\n<ul>\n<li>La possibilit\u00e9 la plus pratique et la plus simple est de commander votre porte <strong>au moyen de votre propre empreinte digitale.<\/strong> Il suffit de placer son doigt, dont l&#8217;empreinte a \u00e9t\u00e9 programm\u00e9e au pr\u00e9alable, au milieu du lecteur d&#8217;empreintes digitales du clavier, en appliquant un mouvement du haut vers le bas\u00a0\u2013\u00a0et c&#8217;est termin\u00e9. D\u00e9verrouiller des portes n&#8217;a jamais \u00e9t\u00e9 aussi rapide et aussi simple\u00a0!<\/li>\n<li>Un autre syst\u00e8me d&#8217;ouverture sans cl\u00e9 fonctionne avec <strong>la Keyapp gratuite pour votre Smartphone, <\/strong>disponible sur AppStore ou sur Google Play Store. Appuyez simplement sur le bouton d&#8217;acc\u00e8s dans votre application et le cylindre est activ\u00e9. <strong>Avantage particulier\u00a0:<\/strong> Plusieurs Smartphones peuvent \u00eatre connect\u00e9s simultan\u00e9ment pour diff\u00e9rents utilisateurs.<br \/>\nLe kit de d\u00e9marrage gratuit comprend 30 ouvertures, les packages suppl\u00e9mentaires payants \u00e9tant disponibles sous la forme d&#8217;achats In App.<\/li>\n<li>Une autre m\u00e9thode pratique\u00a0: Vous pouvez rapidement entrez chez vous en tapant <strong>un code personnel \u00e0 6 chiffres <\/strong>sur le clavier r\u00e9tro\u00e9clair\u00e9 fonctionnant avec des piles. Vous avez la possibilit\u00e9 de programmer jusqu&#8217;\u00e0 50 codes (y compris celui de l&#8217;administrateur), dans la limite de 24 empreintes digitales enregistr\u00e9es.<\/li>\n<li>Vous pouvez \u00e9galement d\u00e9verrouiller votre porte d&#8217;entr\u00e9e facilement au moyen <strong>d&#8217;un transpondeur moderne et fonctionnel.<\/strong> Il suffit de le maintenir devant le cylindre \u00e9lectronique qui r\u00e9agit imm\u00e9diatement et peut maintenant \u00eatre tourn\u00e9 pour ouvrir. Un transpondeur est fourni dans le contenu de la livraison, des transpondeurs suppl\u00e9mentaires pouvant \u00eatre achet\u00e9s s\u00e9par\u00e9ment.<\/li>\n<\/ul>\n<p>Lors de l&#8217;ouverture, toutes les informations sont <strong>s\u00e9curis\u00e9es par cryptage AES <\/strong>pendant la transmission des donn\u00e9es via Bluetooth et sont ainsi prot\u00e9g\u00e9es contre toute manipulation de fa\u00e7on optimale.<\/p>\n<h3>secuENTRY 5702 FINGERPRINT: compatible et simple \u00e0 installer<\/h3>\n<p>Le cylindre \u00e9lectronique est facile \u00e0 installer, en un tour de main, dans <strong>des portes dont l&#8217;\u00e9paisseur n&#8217;exc\u00e8de pas 130 mm<\/strong> (67,5\/62,5). Il est aussi bien adapt\u00e9 \u00e0 des portes de maison qu&#8217;\u00e0 des portes appartement.<br \/>\nLe <strong>clavier<\/strong> <strong>secuENTRY avec indice de protection IP 55 <\/strong>se fixe dans un endroit prot\u00e9g\u00e9 des intemp\u00e9ries et dans un p\u00e9rim\u00e8tre de 4 m\u00e8tres maximum autour de la porte, pour que la transmission sans fil des donn\u00e9es par Bluetooth puisse fonctionner sans accrocs.<\/p>\n<h3>Simplicit\u00e9 de mise \u00e0 niveau<\/h3>\n<p>Le cylindre \u00e9lectronique pour portes de BURG-W\u00c4CHTER est parfaitement adapt\u00e9 pour une mise \u00e0 niveau ult\u00e9rieure d&#8217;\u00e9quipement. Le cylindre \u00e9lectronique peut \u00eatre int\u00e9gr\u00e9 \u00e0 posteriori dans presque toutes les portes (\u00e9paisseur allant jusqu&#8217;\u00e0 130 mm)\u00a0:<br \/>\nLors du montage, le cylindre m\u00e9canique profil\u00e9 est facilement et rapidement remplac\u00e9 par le cylindre secuENTRY command\u00e9 \u00e9lectroniquement. On conserve en place les garnitures existantes et aucun per\u00e7age n&#8217;est n\u00e9cessaire.<\/p>\n<p>L&#8217;alimentation \u00e9lectrique se fait au moyen d&#8217;une autre source d&#8217;\u00e9nergie, sans branchement. Cela signifie pour vous\u00a0: <u>Aucun<\/u> raccordement de c\u00e2bles compliqu\u00e9 \u00e0 installer par vous-m\u00eame. La consommation d&#8217;\u00e9nergie est particuli\u00e8rement faible gr\u00e2ce \u00e0 la technologie Bluetooth 4.0 LE et s&#8217;effectue au moyen de piles.<br \/>\nUn affichage sur l&#8217;\u00e9cran vous informe sur l&#8217;\u00e9tat actuel des piles.<\/p>\n<h3>Logiciel pour PC en option pour des fonctions pratiques suppl\u00e9mentaires<\/h3>\n<p>Avec le logiciel secuENTRY pour PC disponible en option, vous disposez de nombreuses fonctions suppl\u00e9mentaires\u00a0: Vous pouvez attribuer ou supprimer des<strong> droits d&#8217;acc\u00e8s<\/strong> pour les personnes auxquelles vous avez octroy\u00e9 une autorisation et <strong>effectuer une gestion lisible de tous les utilisateurs<\/strong>, ainsi qu&#8217;une<strong> lecture de l&#8217;historique des acc\u00e8s.<\/strong><br \/>\nAvec le logiciel, vous avez \u00e0 l&#8217;\u0153il toutes les op\u00e9rations en permanence\u00a0!<\/p>\n<p>Ce set contient\u00a0: Un cylindre \u00e9lectronique pour portes, un clavier avec module de lecteur d&#8217;empreintes digitales, un transpondeur passif, des piles, ainsi qu&#8217;un manuel d&#8217;utilisation et des instructions de montage.<\/p>\n<h3>Aper\u00e7u du cylindre \u00e9lectronique pour portes secuENTRY 5702 FINGERPRIT<\/h3>\n<h4>ACC\u00c8S<\/h4>\n<ol>\n<li>\n<h5>Mobile via Smartphone<\/h5>\n<\/li>\n<\/ol>\n<ul>\n<li>Application t\u00e9l\u00e9chargeable sur Appstore et Google Play Store*<\/li>\n<li>Application disponible pour Samsung Galaxy S4, S4 mini, S5 et S5 mini \u00e0 partir d&#8217;Android 4.3 KitKat ou 5.0 Lollipop et pour Apple iPhone 4S, 5, 5S, 6, 6P \u00e0 partir d&#8217;IOS 8.1.3 et Nexus 6**<\/li>\n<li>Keyless Entry<\/li>\n<\/ul>\n<ol start=\"2\">\n<li>\n<h5>Transpondeur passif<\/h5>\n<\/li>\n<\/ol>\n<ul>\n<li>Transpondeur passif moderne<\/li>\n<li>Livraison standard comprenant 1 transpondeur<\/li>\n<\/ul>\n<ol start=\"3\">\n<li>\n<h5>Code PIN via le clavier<\/h5>\n<\/li>\n<\/ol>\n<ul>\n<li>Clavier r\u00e9tro\u00e9clair\u00e9<\/li>\n<li>Activation du clavier via un pav\u00e9 tactile<\/li>\n<li>Bouton-poussoir \u00ab\u00a0ON\u00a0\u00bb m\u00e9canique<\/li>\n<\/ul>\n<ol start=\"4\">\n<li>\n<h5>Empreinte digitale via le clavier<\/h5>\n<\/li>\n<\/ol>\n<ul>\n<li>Reconnaissance d&#8217;empreintes de doigt vivant<\/li>\n<li>Acc\u00e8s au moyen de votre propre empreinte digitale<\/li>\n<li>Technologie de capteurs ultramoderne<\/li>\n<\/ul>\n<h4>S\u00c9CURIT\u00c9<\/h4>\n<ul>\n<li>Code secret \u00e0 6 chiffres<\/li>\n<li>Jusqu&#8217;\u00e0 50 codes programmables (dont 1 code administrateur), 24 empreintes digitales maximum<\/li>\n<li>1 million de codes possibles (code PIN)<\/li>\n<li>Plus d&#8217;un milliard de codes possibles (transpondeur)<\/li>\n<li>Protection optimale contre toute manipulation<\/li>\n<li>Transmission des donn\u00e9es de s\u00e9curit\u00e9 prot\u00e9g\u00e9es par cryptage AES<\/li>\n<li>Montage du clavier \u00e0 un endroit prot\u00e9g\u00e9 des intemp\u00e9ries, indice de protection IP 55<\/li>\n<\/ul>\n<h4>COMPATIBILIT\u00c9<\/h4>\n<ul>\n<li>Convient \u00e0 tout type de porte avec une \u00e9paisseur allant jusqu&#8217;\u00e0 130 mm (67,5\/62,5)<\/li>\n<li>Pour portes int\u00e9rieures et ext\u00e9rieures<\/li>\n<li>Diam\u00e8tre du bouton\u00a0de\u00a030 mm<\/li>\n<li>Pr\u00e9r\u00e9glage du diam\u00e8tre ext\u00e9rieur de 30 mm \/ Partie int\u00e9rieure non mont\u00e9e<\/li>\n<li>Installation du clavier \u00e0 une distance de 4 m\u00e8tres maximum de la porte<\/li>\n<\/ul>\n<h4>SIMPLICIT\u00c9<\/h4>\n<ul>\n<li>Le cylindre secuENTRY \u00e0 commande \u00e9lectronique remplace le cylindre m\u00e9canique profil\u00e9<\/li>\n<li>On conserve en place les garnitures existantes<\/li>\n<li>Aucun per\u00e7age\u00a0\u2013 mise \u00e0 niveau facile<\/li>\n<li>Consommation \u00e9nerg\u00e9tique r\u00e9duite gr\u00e2ce \u00e0 la connexion Bluetooth 4.0 LE<\/li>\n<li>Dur\u00e9e de vie des piles\u00a0:\u00a02 ans avec fonction Bluetooth activ\u00e9e\u00a0;\u00a03 ans sans activer la fonction Bluetooth (selon la fr\u00e9quence d&#8217;utilisation)<\/li>\n<li>2 piles Mignon LR 6 (clavier) et 1 pile lithium CR123A (cylindre) incluses<\/li>\n<\/ul>\n<h4>APP<\/h4>\n<h5>KeyApp<\/h5>\n<ul>\n<li>Ouverture du cylindre via Smartphone<\/li>\n<li>T\u00e9l\u00e9chargement sur Appstore et Google Play Store*<\/li>\n<li>Mot cl\u00e9 \u201csecuENTRY KeyApp\u201d<\/li>\n<li>Installation rapide et mise en service directe<\/li>\n<li>Mises \u00e0 jour automatiques possibles<\/li>\n<li>Kit de d\u00e9marrage gratuit comprenant 30 ouvertures<\/li>\n<li>Packages suppl\u00e9mentaires payants<\/li>\n<\/ul>\n<h4>COMPATIBILIT\u00c9 AVEC PC<\/h4>\n<ul>\n<li>Via le logiciel pour PC disponible en option, il est possible d&#8217;acc\u00e9der entre autres \u00e0 des fonctions telles que<\/li>\n<li>La gestion d&#8217;utilisateur<\/li>\n<li>L&#8217;attribution de droits<\/li>\n<li>La lecture de l&#8217;historique,<\/li>\n<\/ul>\n<p>etc.<\/p>\n<p>&nbsp;<\/p>\n<p>**V\u00e9rifiez si l&#8217;application est compatible avec votre Smartphone.<\/p>\n","protected":false},"excerpt":{"rendered":"<p>secuENTRY avec empreinte digitale\u00a0: Le cylindre \u00e9lectronique de nouvelle g\u00e9n\u00e9ration D\u00e9verrouiller la porte d&#8217;entr\u00e9e facilement et en toute s\u00e9curit\u00e9 avec votre propre empreinte digitale\u00a0\u2013\u00a0\u00e7a ressemble au futur. BURG-W\u00c4CHTER vous propose d\u00e8s aujourd&#8217;hui cette invention innovante. D\u00e8s aujourd&#8217;hui, ne prenez plus &hellip; <a class=\"kt-excerpt-readmore\" href=\"https:\/\/test.burgwaechterservice.de\/fr\/p\/serrure-electronique\/secuentry-5702-fingerprint\/\" aria-label=\"secuENTRY 5702 Fingerprint\">Lire la suite<\/a><\/p>\n","protected":false},"featured_media":627146,"comment_status":"closed","ping_status":"closed","template":"","meta":[],"product_cat":[36,1135],"product_tag":[518,551],"yoast_head":"<!-- This site is optimized with the Yoast SEO Premium plugin v18.4 (Yoast SEO v19.13) - https:\/\/yoast.com\/wordpress\/plugins\/seo\/ -->\n<title>secuENTRY 5702 Fingerprint - BURG-W\u00c4CHTER<\/title>\n<meta name=\"description\" content=\"secuENTRY avec empreinte digitale\u00a0: Le cylindre \u00e9lectronique de nouvelle g\u00e9n\u00e9ration D\u00e9verrouiller la porte d&#039;entr\u00e9e facilement et en toute s\u00e9curit\u00e9 avec\" \/>\n<meta name=\"robots\" content=\"index, follow, max-snippet:-1, max-image-preview:large, max-video-preview:-1\" \/>\n<link rel=\"canonical\" href=\"https:\/\/test.burgwaechterservice.de\/fr\/p\/serrure-electronique\/secuentry-5702-fingerprint\/\" \/>\n<meta property=\"og:locale\" content=\"fr_FR\" \/>\n<meta property=\"og:type\" content=\"article\" \/>\n<meta property=\"og:title\" content=\"secuENTRY 5702 Fingerprint\" \/>\n<meta property=\"og:description\" content=\"secuENTRY avec empreinte digitale\u00a0: Le cylindre \u00e9lectronique de nouvelle g\u00e9n\u00e9ration D\u00e9verrouiller la porte d&#039;entr\u00e9e facilement et en toute s\u00e9curit\u00e9 avec\" \/>\n<meta property=\"og:url\" content=\"https:\/\/test.burgwaechterservice.de\/fr\/p\/serrure-electronique\/secuentry-5702-fingerprint\/\" \/>\n<meta property=\"og:site_name\" content=\"Burg-W\u00e4chter France\" \/>\n<meta property=\"article:modified_time\" content=\"2022-04-29T07:03:59+00:00\" \/>\n<meta property=\"og:image\" content=\"https:\/\/test.burgwaechterservice.de\/fr\/wp-content\/uploads\/sites\/4\/2016\/07\/TSE-5702_Button_Auslaufmodel_FR.png\" \/>\n\t<meta property=\"og:image:width\" content=\"800\" \/>\n\t<meta property=\"og:image:height\" content=\"800\" \/>\n\t<meta property=\"og:image:type\" content=\"image\/png\" \/>\n<meta name=\"twitter:card\" content=\"summary_large_image\" \/>\n<meta name=\"twitter:label1\" content=\"Dur\u00e9e de lecture estim\u00e9e\" \/>\n\t<meta name=\"twitter:data1\" content=\"6 minutes\" \/>\n<!-- \/ Yoast SEO Premium plugin. -->","yoast_head_json":{"title":"secuENTRY 5702 Fingerprint - BURG-W\u00c4CHTER","description":"secuENTRY avec empreinte digitale\u00a0: Le cylindre \u00e9lectronique de nouvelle g\u00e9n\u00e9ration D\u00e9verrouiller la porte d'entr\u00e9e facilement et en toute s\u00e9curit\u00e9 avec","robots":{"index":"index","follow":"follow","max-snippet":"max-snippet:-1","max-image-preview":"max-image-preview:large","max-video-preview":"max-video-preview:-1"},"canonical":"https:\/\/test.burgwaechterservice.de\/fr\/p\/serrure-electronique\/secuentry-5702-fingerprint\/","og_locale":"fr_FR","og_type":"article","og_title":"secuENTRY 5702 Fingerprint","og_description":"secuENTRY avec empreinte digitale\u00a0: Le cylindre \u00e9lectronique de nouvelle g\u00e9n\u00e9ration D\u00e9verrouiller la porte d'entr\u00e9e facilement et en toute s\u00e9curit\u00e9 avec","og_url":"https:\/\/test.burgwaechterservice.de\/fr\/p\/serrure-electronique\/secuentry-5702-fingerprint\/","og_site_name":"Burg-W\u00e4chter France","article_modified_time":"2022-04-29T07:03:59+00:00","og_image":[{"width":800,"height":800,"url":"https:\/\/test.burgwaechterservice.de\/fr\/wp-content\/uploads\/sites\/4\/2016\/07\/TSE-5702_Button_Auslaufmodel_FR.png","type":"image\/png"}],"twitter_card":"summary_large_image","twitter_misc":{"Dur\u00e9e de lecture estim\u00e9e":"6 minutes"},"schema":{"@context":"https:\/\/schema.org","@graph":[{"@type":"WebPage","@id":"https:\/\/test.burgwaechterservice.de\/fr\/p\/serrure-electronique\/secuentry-5702-fingerprint\/","url":"https:\/\/test.burgwaechterservice.de\/fr\/p\/serrure-electronique\/secuentry-5702-fingerprint\/","name":"secuENTRY 5702 Fingerprint - BURG-W\u00c4CHTER","isPartOf":{"@id":"https:\/\/test.burgwaechterservice.de\/fr\/#website"},"datePublished":"2016-07-27T08:46:27+00:00","dateModified":"2022-04-29T07:03:59+00:00","description":"secuENTRY avec empreinte digitale\u00a0: Le cylindre \u00e9lectronique de nouvelle g\u00e9n\u00e9ration D\u00e9verrouiller la porte d'entr\u00e9e facilement et en toute s\u00e9curit\u00e9 avec","breadcrumb":{"@id":"https:\/\/test.burgwaechterservice.de\/fr\/p\/serrure-electronique\/secuentry-5702-fingerprint\/#breadcrumb"},"inLanguage":"fr-FR","potentialAction":[{"@type":"ReadAction","target":["https:\/\/test.burgwaechterservice.de\/fr\/p\/serrure-electronique\/secuentry-5702-fingerprint\/"]}]},{"@type":"BreadcrumbList","@id":"https:\/\/test.burgwaechterservice.de\/fr\/p\/serrure-electronique\/secuentry-5702-fingerprint\/#breadcrumb","itemListElement":[{"@type":"ListItem","position":1,"name":"Accueil","item":"https:\/\/test.burgwaechterservice.de\/fr\/"},{"@type":"ListItem","position":2,"name":"Produits","item":"https:\/\/test.burgwaechterservice.de\/fr\/p\/"},{"@type":"ListItem","position":3,"name":"secuENTRY 5702 Fingerprint"}]},{"@type":"WebSite","@id":"https:\/\/test.burgwaechterservice.de\/fr\/#website","url":"https:\/\/test.burgwaechterservice.de\/fr\/","name":"Burg-W\u00e4chter France","description":"Le choix le plus s\u00fbr!","potentialAction":[{"@type":"SearchAction","target":{"@type":"EntryPoint","urlTemplate":"https:\/\/test.burgwaechterservice.de\/fr\/?s={search_term_string}"},"query-input":"required name=search_term_string"}],"inLanguage":"fr-FR"}]}},"_links":{"self":[{"href":"https:\/\/test.burgwaechterservice.de\/fr\/wp-json\/wp\/v2\/product\/32929"}],"collection":[{"href":"https:\/\/test.burgwaechterservice.de\/fr\/wp-json\/wp\/v2\/product"}],"about":[{"href":"https:\/\/test.burgwaechterservice.de\/fr\/wp-json\/wp\/v2\/types\/product"}],"replies":[{"embeddable":true,"href":"https:\/\/test.burgwaechterservice.de\/fr\/wp-json\/wp\/v2\/comments?post=32929"}],"wp:featuredmedia":[{"embeddable":true,"href":"https:\/\/test.burgwaechterservice.de\/fr\/wp-json\/wp\/v2\/media\/627146"}],"wp:attachment":[{"href":"https:\/\/test.burgwaechterservice.de\/fr\/wp-json\/wp\/v2\/media?parent=32929"}],"wp:term":[{"taxonomy":"product_cat","embeddable":true,"href":"https:\/\/test.burgwaechterservice.de\/fr\/wp-json\/wp\/v2\/product_cat?post=32929"},{"taxonomy":"product_tag","embeddable":true,"href":"https:\/\/test.burgwaechterservice.de\/fr\/wp-json\/wp\/v2\/product_tag?post=32929"}],"curies":[{"name":"wp","href":"https:\/\/api.w.org\/{rel}","templated":true}]}}