{"id":32909,"date":"2016-07-27T09:43:08","date_gmt":"2016-07-27T07:43:08","guid":{"rendered":"https:\/\/www.burg.biz\/?post_type=product&#038;p=32909"},"modified":"2019-08-13T12:24:49","modified_gmt":"2019-08-13T10:24:49","slug":"dual-front","status":"publish","type":"product","link":"https:\/\/test.burgwaechterservice.de\/fr\/p\/boites-aux-lettres\/dual-front\/","title":{"rendered":"Dual Front"},"content":{"rendered":"<p><img fetchpriority=\"high\" decoding=\"async\" class=\"alignnone wp-image-41819\" src=\"https:\/\/test.burgwaechterservice.de\/fr\/wp-content\/uploads\/sites\/4\/2016\/07\/Dual-Front-und-Back-Ni.jpg\" alt=\"BUW-Icons-BK 4c OK.indd\" width=\"448\" height=\"118\" srcset=\"https:\/\/test.burgwaechterservice.de\/fr\/wp-content\/uploads\/sites\/4\/2016\/07\/Dual-Front-und-Back-Ni.jpg 1212w, https:\/\/test.burgwaechterservice.de\/fr\/wp-content\/uploads\/sites\/4\/2016\/07\/Dual-Front-und-Back-Ni-300x79.jpg 300w, https:\/\/test.burgwaechterservice.de\/fr\/wp-content\/uploads\/sites\/4\/2016\/07\/Dual-Front-und-Back-Ni-768x202.jpg 768w, https:\/\/test.burgwaechterservice.de\/fr\/wp-content\/uploads\/sites\/4\/2016\/07\/Dual-Front-und-Back-Ni-1024x270.jpg 1024w\" sizes=\"(max-width: 448px) 100vw, 448px\" \/><\/p>\n<h2>Deux bo\u00eetes aux lettres en une\u00a0: la Dual de BURG-W\u00c4CHTER<\/h2>\n<p>La bo\u00eete aux lettres id\u00e9ale <strong>pour deux utilisateurs\u00a0<\/strong>: le mod\u00e8le Dual extr\u00eamement profond est spacieux et son utilisation est agr\u00e9able. Il convient \u00e9galement parfaitement <strong>pour des bo\u00eetes aux lettres collectives<\/strong>.<\/p>\n<h3>Disponible en deux versions<\/h3>\n<p>Le mod\u00e8le Dual propose deux compartiments pour deux utilisateurs. Sa grande profondeur est synonyme d&#8217;espace\u00a0: relever le courrier devient ainsi particuli\u00e8rement confortable.<br \/>\nLe mod\u00e8le Dual est <strong>con\u00e7u pour des bo\u00eetes aux lettres collectives<\/strong> et donc les per\u00e7ages de fixation sont d\u00e9j\u00e0 pr\u00e9sents, ce qui facilite et acc\u00e9l\u00e8re le montage.<br \/>\nCette bo\u00eete aux lettres BURG-W\u00c4CHTER est propos\u00e9e en deux versions. Vous avez ici le choix entre l&#8217;ouverture de la porte vers l&#8217;avant, qui convient pour un <strong>montage mural<\/strong> simple (mat\u00e9riel de fixation compris dans la livraison), ou un clapet \u00e0 l&#8217;arri\u00e8re pour relever le courrier, parfaitement fonctionnel et pour un placement individuel.<br \/>\nSa fente au format DIN C4 permet aussi de recevoir des enveloppes grand format.<\/p>\n<p>Cette bo\u00eete aux lettres r\u00e9pond \u00e0 la norme europ\u00e9enne (EN 13724).<\/p>\n<h3>Mat\u00e9riau haut de gamme verni<\/h3>\n<p>L&#8217;ext\u00e9rieur du mod\u00e8le Dual est <strong>enti\u00e8rement en acier galvanis\u00e9<\/strong>, ainsi votre courrier est prot\u00e9g\u00e9 \u00e0 l&#8217;int\u00e9rieur. Ce traitement de surface conf\u00e8re \u00e0 cette bo\u00eete aux lettres un ton blanc discret, anthracite ou argent\u00e9 \u00e9l\u00e9gant. Un mod\u00e8le <strong>en acier inoxydable est \u00e9galement disponible.<\/strong> Votre avantage\u00a0: ce mod\u00e8le ne rouille pas et craint encore moins les intemp\u00e9ries.<\/p>\n<p>Conseil\u00a0: montez votre Dual \u00e0 <strong>un endroit prot\u00e9g\u00e9 des intemp\u00e9ries.<\/strong> Il vous assurera ses services encore plus longtemps lorsqu&#8217;il n&#8217;est pas expos\u00e9 directement ou de mani\u00e8re permanente aux influences de la m\u00e9t\u00e9o.<\/p>\n<h3>Le mod\u00e8le Dual en bref<\/h3>\n<ul>\n<li>Fabriqu\u00e9 en acier galvanis\u00e9<\/li>\n<li>R\u00e9pond \u00e0 la norme EN 13724<\/li>\n<li>Traitement de surface de qualit\u00e9 en blanc, anthracite ou argent\u00e9 ou mod\u00e8le en acier inoxydable<\/li>\n<li>Profondeur de confort<\/li>\n<li>Convient aussi pour un montage mural, mat\u00e9riel de fixation compris dans la livraison<\/li>\n<li>Relev\u00e9 du courrier par l&#8217;avant, mais aussi disponible par l&#8217;arri\u00e8re<\/li>\n<li>Format de fente\u00a0: DIN C4<br \/>\n(L x H\u00a0: 356 x 32 mm)<\/li>\n<li>Dimensions L x l x H\u00a0: 360 x 407 x 292 mm<\/li>\n<\/ul>\n<p>&nbsp;<\/p>\n<table class=\"ausfuehrung\">\n<thead>\n<tr>\n<td>Article<\/td>\n<td>Couleurs<\/td>\n<td>H x L x P<\/td>\n<td>Fente<\/td>\n<\/tr>\n<tr>\n<td class=\"subdesc\"><\/td>\n<td><\/td>\n<td class=\"subdesc\">mm<\/td>\n<td><\/td>\n<\/tr>\n<\/thead>\n<tbody>\n<tr>\n<td>Dual Front 821 W<\/td>\n<td>blanc<\/td>\n<td>360 x 407 x 292<\/td>\n<td>356 x 32<\/td>\n<\/tr>\n<tr>\n<td>Dual Front 821 ANT<\/td>\n<td>anthracite<\/td>\n<td>360 x 407 x 292<\/td>\n<td>356 x 32<\/td>\n<\/tr>\n<tr>\n<td>Dual Front 821 Si<\/td>\n<td>argent<\/td>\n<td>360 x 407 x 292<\/td>\n<td>356 x 32<\/td>\n<\/tr>\n<tr>\n<td>Dual Front 3821 Ni<\/td>\n<td>acier inoxydable<\/td>\n<td>360 x 407 x 292<\/td>\n<td>356 x 32<\/td>\n<\/tr>\n<\/tbody>\n<\/table>\n","protected":false},"excerpt":{"rendered":"<p>Deux bo\u00eetes aux lettres en une\u00a0: la Dual de BURG-W\u00c4CHTER La bo\u00eete aux lettres id\u00e9ale pour deux utilisateurs\u00a0: le mod\u00e8le Dual extr\u00eamement profond est spacieux et son utilisation est agr\u00e9able. Il convient \u00e9galement parfaitement pour des bo\u00eetes aux lettres collectives. &hellip; <a class=\"kt-excerpt-readmore\" href=\"https:\/\/test.burgwaechterservice.de\/fr\/p\/boites-aux-lettres\/dual-front\/\" aria-label=\"Dual Front\">Lire la suite<\/a><\/p>\n","protected":false},"featured_media":32914,"comment_status":"closed","ping_status":"closed","template":"","meta":[],"product_cat":[23,45],"product_tag":[],"yoast_head":"<!-- This site is optimized with the Yoast SEO Premium plugin v18.4 (Yoast SEO v19.13) - https:\/\/yoast.com\/wordpress\/plugins\/seo\/ -->\n<title>Dual Front - Burg-W\u00e4chter<\/title>\n<meta name=\"description\" content=\"Deux bo\u00eetes aux lettres en une\u00a0: la Dual de BURG-W\u00c4CHTER La bo\u00eete aux lettres id\u00e9ale pour deux utilisateurs\u00a0: le mod\u00e8le Dual extr\u00eamement profond est\" \/>\n<meta name=\"robots\" content=\"index, follow, max-snippet:-1, max-image-preview:large, max-video-preview:-1\" \/>\n<link rel=\"canonical\" href=\"https:\/\/test.burgwaechterservice.de\/fr\/p\/boites-aux-lettres\/dual-front\/\" \/>\n<meta property=\"og:locale\" content=\"fr_FR\" \/>\n<meta property=\"og:type\" content=\"article\" \/>\n<meta property=\"og:title\" content=\"Dual Front\" \/>\n<meta property=\"og:description\" content=\"Deux bo\u00eetes aux lettres en une\u00a0: la Dual de BURG-W\u00c4CHTER La bo\u00eete aux lettres id\u00e9ale pour deux utilisateurs\u00a0: le mod\u00e8le Dual extr\u00eamement profond est\" \/>\n<meta property=\"og:url\" content=\"https:\/\/test.burgwaechterservice.de\/fr\/p\/boites-aux-lettres\/dual-front\/\" \/>\n<meta property=\"og:site_name\" content=\"Burg-W\u00e4chter France\" \/>\n<meta property=\"article:modified_time\" content=\"2019-08-13T10:24:49+00:00\" \/>\n<meta property=\"og:image\" content=\"https:\/\/test.burgwaechterservice.de\/fr\/wp-content\/uploads\/sites\/4\/2016\/07\/Briefkastenanlage_Dual_Front_821_W_341209-01.jpg\" \/>\n\t<meta property=\"og:image:width\" content=\"1181\" \/>\n\t<meta property=\"og:image:height\" content=\"1181\" \/>\n\t<meta property=\"og:image:type\" content=\"image\/jpeg\" \/>\n<meta name=\"twitter:card\" content=\"summary_large_image\" \/>\n<meta name=\"twitter:label1\" content=\"Dur\u00e9e de lecture estim\u00e9e\" \/>\n\t<meta name=\"twitter:data1\" content=\"2 minutes\" \/>\n<!-- \/ Yoast SEO Premium plugin. -->","yoast_head_json":{"title":"Dual Front - Burg-W\u00e4chter","description":"Deux bo\u00eetes aux lettres en une\u00a0: la Dual de BURG-W\u00c4CHTER La bo\u00eete aux lettres id\u00e9ale pour deux utilisateurs\u00a0: le mod\u00e8le Dual extr\u00eamement profond est","robots":{"index":"index","follow":"follow","max-snippet":"max-snippet:-1","max-image-preview":"max-image-preview:large","max-video-preview":"max-video-preview:-1"},"canonical":"https:\/\/test.burgwaechterservice.de\/fr\/p\/boites-aux-lettres\/dual-front\/","og_locale":"fr_FR","og_type":"article","og_title":"Dual Front","og_description":"Deux bo\u00eetes aux lettres en une\u00a0: la Dual de BURG-W\u00c4CHTER La bo\u00eete aux lettres id\u00e9ale pour deux utilisateurs\u00a0: le mod\u00e8le Dual extr\u00eamement profond est","og_url":"https:\/\/test.burgwaechterservice.de\/fr\/p\/boites-aux-lettres\/dual-front\/","og_site_name":"Burg-W\u00e4chter France","article_modified_time":"2019-08-13T10:24:49+00:00","og_image":[{"width":1181,"height":1181,"url":"https:\/\/test.burgwaechterservice.de\/fr\/wp-content\/uploads\/sites\/4\/2016\/07\/Briefkastenanlage_Dual_Front_821_W_341209-01.jpg","type":"image\/jpeg"}],"twitter_card":"summary_large_image","twitter_misc":{"Dur\u00e9e de lecture estim\u00e9e":"2 minutes"},"schema":{"@context":"https:\/\/schema.org","@graph":[{"@type":"WebPage","@id":"https:\/\/test.burgwaechterservice.de\/fr\/p\/boites-aux-lettres\/dual-front\/","url":"https:\/\/test.burgwaechterservice.de\/fr\/p\/boites-aux-lettres\/dual-front\/","name":"Dual Front - Burg-W\u00e4chter","isPartOf":{"@id":"https:\/\/test.burgwaechterservice.de\/fr\/#website"},"datePublished":"2016-07-27T07:43:08+00:00","dateModified":"2019-08-13T10:24:49+00:00","description":"Deux bo\u00eetes aux lettres en une\u00a0: la Dual de BURG-W\u00c4CHTER La bo\u00eete aux lettres id\u00e9ale pour deux utilisateurs\u00a0: le mod\u00e8le Dual extr\u00eamement profond est","breadcrumb":{"@id":"https:\/\/test.burgwaechterservice.de\/fr\/p\/boites-aux-lettres\/dual-front\/#breadcrumb"},"inLanguage":"fr-FR","potentialAction":[{"@type":"ReadAction","target":["https:\/\/test.burgwaechterservice.de\/fr\/p\/boites-aux-lettres\/dual-front\/"]}]},{"@type":"BreadcrumbList","@id":"https:\/\/test.burgwaechterservice.de\/fr\/p\/boites-aux-lettres\/dual-front\/#breadcrumb","itemListElement":[{"@type":"ListItem","position":1,"name":"Accueil","item":"https:\/\/test.burgwaechterservice.de\/fr\/"},{"@type":"ListItem","position":2,"name":"Produits","item":"https:\/\/test.burgwaechterservice.de\/fr\/p\/"},{"@type":"ListItem","position":3,"name":"Dual Front"}]},{"@type":"WebSite","@id":"https:\/\/test.burgwaechterservice.de\/fr\/#website","url":"https:\/\/test.burgwaechterservice.de\/fr\/","name":"Burg-W\u00e4chter France","description":"Le choix le plus s\u00fbr!","potentialAction":[{"@type":"SearchAction","target":{"@type":"EntryPoint","urlTemplate":"https:\/\/test.burgwaechterservice.de\/fr\/?s={search_term_string}"},"query-input":"required name=search_term_string"}],"inLanguage":"fr-FR"}]}},"_links":{"self":[{"href":"https:\/\/test.burgwaechterservice.de\/fr\/wp-json\/wp\/v2\/product\/32909"}],"collection":[{"href":"https:\/\/test.burgwaechterservice.de\/fr\/wp-json\/wp\/v2\/product"}],"about":[{"href":"https:\/\/test.burgwaechterservice.de\/fr\/wp-json\/wp\/v2\/types\/product"}],"replies":[{"embeddable":true,"href":"https:\/\/test.burgwaechterservice.de\/fr\/wp-json\/wp\/v2\/comments?post=32909"}],"wp:featuredmedia":[{"embeddable":true,"href":"https:\/\/test.burgwaechterservice.de\/fr\/wp-json\/wp\/v2\/media\/32914"}],"wp:attachment":[{"href":"https:\/\/test.burgwaechterservice.de\/fr\/wp-json\/wp\/v2\/media?parent=32909"}],"wp:term":[{"taxonomy":"product_cat","embeddable":true,"href":"https:\/\/test.burgwaechterservice.de\/fr\/wp-json\/wp\/v2\/product_cat?post=32909"},{"taxonomy":"product_tag","embeddable":true,"href":"https:\/\/test.burgwaechterservice.de\/fr\/wp-json\/wp\/v2\/product_tag?post=32909"}],"curies":[{"name":"wp","href":"https:\/\/api.w.org\/{rel}","templated":true}]}}