{"id":32901,"date":"2016-07-27T09:25:06","date_gmt":"2016-07-27T07:25:06","guid":{"rendered":"https:\/\/www.burg.biz\/?post_type=product&#038;p=32901"},"modified":"2021-12-26T15:19:43","modified_gmt":"2021-12-26T14:19:43","slug":"sets-dassemblage","status":"publish","type":"product","link":"https:\/\/test.burgwaechterservice.de\/fr\/p\/boites-aux-lettres\/sets-dassemblage\/","title":{"rendered":"Sets d\u2018assemblage et pied Terzo pour montage au sol"},"content":{"rendered":"<p><strong>Sets d\u2018assemblage:<\/strong> Pi\u00e8ces d\u2018\u00e9cartement, vis et rondelles emball\u00e9s pour le libre-service. Conditionnement: 5 pi\u00e8ces<br \/>\n<strong>Pied Terzo pour montage au sol:<\/strong> Pied solide en fonte de haute qualit\u00e9, pas besoin d\u2018enrobage b\u00e9ton, avec mat\u00e9riaux de fixation et couvercles.<\/p>\n<table class=\"ausfuehrung\">\n<thead>\n<tr>\n<td>Article<\/td>\n<td>Couleurs<\/td>\n<\/tr>\n<tr>\n<td class=\"subdesc\"><\/td>\n<td><\/td>\n<\/tr>\n<\/thead>\n<tbody>\n<tr>\n<td>Set d\u2018assemblage Terzo W<\/td>\n<td>blanc<\/td>\n<\/tr>\n<tr>\n<td>Set d\u2018assemblage Terzo Si (1 set par poteau, 1 set par auvent 63 ou 92, 2 sets par auvents 79 ou 115)<\/td>\n<td>argent<\/td>\n<\/tr>\n<tr>\n<td>Set d\u2018assemblage Terzo ANT<\/td>\n<td>anthracite<\/td>\n<\/tr>\n<tr>\n<td>Set d\u2018assemblage BK (1 set d\u2018assemblage BK par jonction de bo\u00eete aux lettres)<\/td>\n<td><\/td>\n<\/tr>\n<tr>\n<td>Support V 11-F W<\/td>\n<td>blanc<\/td>\n<\/tr>\n<tr>\n<td>Support V 11-F Si<\/td>\n<td>argent<\/td>\n<\/tr>\n<tr>\n<td>Support V 11-F ANT<\/td>\n<td>anthracite<\/td>\n<\/tr>\n<\/tbody>\n<\/table>\n","protected":false},"excerpt":{"rendered":"<p>Sets d\u2018assemblage: Pi\u00e8ces d\u2018\u00e9cartement, vis et rondelles emball\u00e9s pour le libre-service. Conditionnement: 5 pi\u00e8ces Pied Terzo pour montage au sol: Pied solide en fonte de haute qualit\u00e9, pas besoin d\u2018enrobage b\u00e9ton, avec mat\u00e9riaux de fixation et couvercles. Article Couleurs Set &hellip; <a class=\"kt-excerpt-readmore\" href=\"https:\/\/test.burgwaechterservice.de\/fr\/p\/boites-aux-lettres\/sets-dassemblage\/\" aria-label=\"Sets d\u2018assemblage et pied Terzo pour montage au sol\">Lire la suite<\/a><\/p>\n","protected":false},"featured_media":32908,"comment_status":"closed","ping_status":"closed","template":"","meta":[],"product_cat":[23,29,44],"product_tag":[],"yoast_head":"<!-- This site is optimized with the Yoast SEO Premium plugin v18.4 (Yoast SEO v19.13) - https:\/\/yoast.com\/wordpress\/plugins\/seo\/ -->\n<title>Sets d\u00b4assemblage Terzo - Burg-W\u00e4chter<\/title>\n<meta name=\"description\" content=\"Sets d\u2018assemblage: Pi\u00e8ces d\u2018\u00e9cartement, vis et rondelles emball\u00e9s pour le libre-service. Conditionnement: 5 pi\u00e8ces Pied Terzo pour montage au sol: Pied\" \/>\n<meta name=\"robots\" content=\"index, follow, max-snippet:-1, max-image-preview:large, max-video-preview:-1\" \/>\n<link rel=\"canonical\" href=\"https:\/\/test.burgwaechterservice.de\/fr\/p\/boites-aux-lettres\/sets-dassemblage\/\" \/>\n<meta property=\"og:locale\" content=\"fr_FR\" \/>\n<meta property=\"og:type\" content=\"article\" \/>\n<meta property=\"og:title\" content=\"Sets d\u2018assemblage et pied Terzo pour montage au sol\" \/>\n<meta property=\"og:description\" content=\"Sets d\u2018assemblage: Pi\u00e8ces d\u2018\u00e9cartement, vis et rondelles emball\u00e9s pour le libre-service. Conditionnement: 5 pi\u00e8ces Pied Terzo pour montage au sol: Pied\" \/>\n<meta property=\"og:url\" content=\"https:\/\/test.burgwaechterservice.de\/fr\/p\/boites-aux-lettres\/sets-dassemblage\/\" \/>\n<meta property=\"og:site_name\" content=\"Burg-W\u00e4chter France\" \/>\n<meta property=\"article:modified_time\" content=\"2021-12-26T14:19:43+00:00\" \/>\n<meta property=\"og:image\" content=\"https:\/\/test.burgwaechterservice.de\/fr\/wp-content\/uploads\/sites\/4\/2016\/07\/Briefkasten_Fu\u00df_f\u00fcr_Bodenmontage_Terzo_V_11-FW_310007-03.jpg\" \/>\n\t<meta property=\"og:image:width\" content=\"1000\" \/>\n\t<meta property=\"og:image:height\" content=\"1000\" \/>\n\t<meta property=\"og:image:type\" content=\"image\/jpeg\" \/>\n<meta name=\"twitter:card\" content=\"summary_large_image\" \/>\n<meta name=\"twitter:label1\" content=\"Dur\u00e9e de lecture estim\u00e9e\" \/>\n\t<meta name=\"twitter:data1\" content=\"1 minute\" \/>\n<!-- \/ Yoast SEO Premium plugin. -->","yoast_head_json":{"title":"Sets d\u00b4assemblage Terzo - Burg-W\u00e4chter","description":"Sets d\u2018assemblage: Pi\u00e8ces d\u2018\u00e9cartement, vis et rondelles emball\u00e9s pour le libre-service. Conditionnement: 5 pi\u00e8ces Pied Terzo pour montage au sol: Pied","robots":{"index":"index","follow":"follow","max-snippet":"max-snippet:-1","max-image-preview":"max-image-preview:large","max-video-preview":"max-video-preview:-1"},"canonical":"https:\/\/test.burgwaechterservice.de\/fr\/p\/boites-aux-lettres\/sets-dassemblage\/","og_locale":"fr_FR","og_type":"article","og_title":"Sets d\u2018assemblage et pied Terzo pour montage au sol","og_description":"Sets d\u2018assemblage: Pi\u00e8ces d\u2018\u00e9cartement, vis et rondelles emball\u00e9s pour le libre-service. Conditionnement: 5 pi\u00e8ces Pied Terzo pour montage au sol: Pied","og_url":"https:\/\/test.burgwaechterservice.de\/fr\/p\/boites-aux-lettres\/sets-dassemblage\/","og_site_name":"Burg-W\u00e4chter France","article_modified_time":"2021-12-26T14:19:43+00:00","og_image":[{"width":1000,"height":1000,"url":"https:\/\/test.burgwaechterservice.de\/fr\/wp-content\/uploads\/sites\/4\/2016\/07\/Briefkasten_Fu\u00df_f\u00fcr_Bodenmontage_Terzo_V_11-FW_310007-03.jpg","type":"image\/jpeg"}],"twitter_card":"summary_large_image","twitter_misc":{"Dur\u00e9e de lecture estim\u00e9e":"1 minute"},"schema":{"@context":"https:\/\/schema.org","@graph":[{"@type":"WebPage","@id":"https:\/\/test.burgwaechterservice.de\/fr\/p\/boites-aux-lettres\/sets-dassemblage\/","url":"https:\/\/test.burgwaechterservice.de\/fr\/p\/boites-aux-lettres\/sets-dassemblage\/","name":"Sets d\u00b4assemblage Terzo - Burg-W\u00e4chter","isPartOf":{"@id":"https:\/\/test.burgwaechterservice.de\/fr\/#website"},"datePublished":"2016-07-27T07:25:06+00:00","dateModified":"2021-12-26T14:19:43+00:00","description":"Sets d\u2018assemblage: Pi\u00e8ces d\u2018\u00e9cartement, vis et rondelles emball\u00e9s pour le libre-service. Conditionnement: 5 pi\u00e8ces Pied Terzo pour montage au sol: Pied","breadcrumb":{"@id":"https:\/\/test.burgwaechterservice.de\/fr\/p\/boites-aux-lettres\/sets-dassemblage\/#breadcrumb"},"inLanguage":"fr-FR","potentialAction":[{"@type":"ReadAction","target":["https:\/\/test.burgwaechterservice.de\/fr\/p\/boites-aux-lettres\/sets-dassemblage\/"]}]},{"@type":"BreadcrumbList","@id":"https:\/\/test.burgwaechterservice.de\/fr\/p\/boites-aux-lettres\/sets-dassemblage\/#breadcrumb","itemListElement":[{"@type":"ListItem","position":1,"name":"Accueil","item":"https:\/\/test.burgwaechterservice.de\/fr\/"},{"@type":"ListItem","position":2,"name":"Produits","item":"https:\/\/test.burgwaechterservice.de\/fr\/p\/"},{"@type":"ListItem","position":3,"name":"Sets d\u2018assemblage et pied Terzo pour montage au sol"}]},{"@type":"WebSite","@id":"https:\/\/test.burgwaechterservice.de\/fr\/#website","url":"https:\/\/test.burgwaechterservice.de\/fr\/","name":"Burg-W\u00e4chter France","description":"Le choix le plus s\u00fbr!","potentialAction":[{"@type":"SearchAction","target":{"@type":"EntryPoint","urlTemplate":"https:\/\/test.burgwaechterservice.de\/fr\/?s={search_term_string}"},"query-input":"required name=search_term_string"}],"inLanguage":"fr-FR"}]}},"_links":{"self":[{"href":"https:\/\/test.burgwaechterservice.de\/fr\/wp-json\/wp\/v2\/product\/32901"}],"collection":[{"href":"https:\/\/test.burgwaechterservice.de\/fr\/wp-json\/wp\/v2\/product"}],"about":[{"href":"https:\/\/test.burgwaechterservice.de\/fr\/wp-json\/wp\/v2\/types\/product"}],"replies":[{"embeddable":true,"href":"https:\/\/test.burgwaechterservice.de\/fr\/wp-json\/wp\/v2\/comments?post=32901"}],"wp:featuredmedia":[{"embeddable":true,"href":"https:\/\/test.burgwaechterservice.de\/fr\/wp-json\/wp\/v2\/media\/32908"}],"wp:attachment":[{"href":"https:\/\/test.burgwaechterservice.de\/fr\/wp-json\/wp\/v2\/media?parent=32901"}],"wp:term":[{"taxonomy":"product_cat","embeddable":true,"href":"https:\/\/test.burgwaechterservice.de\/fr\/wp-json\/wp\/v2\/product_cat?post=32901"},{"taxonomy":"product_tag","embeddable":true,"href":"https:\/\/test.burgwaechterservice.de\/fr\/wp-json\/wp\/v2\/product_tag?post=32901"}],"curies":[{"name":"wp","href":"https:\/\/api.w.org\/{rel}","templated":true}]}}