{"id":32883,"date":"2016-07-27T08:37:09","date_gmt":"2016-07-27T06:37:09","guid":{"rendered":"https:\/\/www.burg.biz\/?post_type=product&#038;p=32883"},"modified":"2021-12-26T10:51:51","modified_gmt":"2021-12-26T09:51:51","slug":"terzo","status":"publish","type":"product","link":"https:\/\/test.burgwaechterservice.de\/fr\/p\/boites-aux-lettres\/terzo\/","title":{"rendered":"Terzo"},"content":{"rendered":"<h2>Les bo\u00eetes aux lettres collectives pour une simplicit\u00e9 de montage<\/h2>\n<p>Les bo\u00eetes aux lettres collectives Terzo vous permettent de cr\u00e9er tr\u00e8s facilement un endroit prot\u00e9g\u00e9 et adapt\u00e9 pour recevoir le courrier dans votre immeuble collectif ou votre maison partag\u00e9e.<\/p>\n<p>Les <strong>pieds, poteaux <\/strong>et <strong>toits Terzo<\/strong> \u00e0 installer soi-m\u00eame se laissent combiner individuellement avec les bo\u00eetes aux lettres BURG-W\u00c4CHTER correspondantes.<br \/>\nCes \u00e9l\u00e9ments remplissent leur r\u00f4le et se marient aux mod\u00e8les de bo\u00eete aux lettres <a href=\"https:\/\/test.burgwaechterservice.de\/fr\/p\/boites-aux-lettres\/leipzig-777\/\">Leipzig 777<\/a> et <a href=\"https:\/\/test.burgwaechterservice.de\/fr\/p\/boites-aux-lettres\/potsdam-877\/\">Potsdam 877<\/a>, tous deux avec passage de courrier \u00e0 l&#8217;avant, ou aux mod\u00e8les en acier galvanis\u00e9 <a href=\"https:\/\/test.burgwaechterservice.de\/fr\/p\/boites-aux-lettres\/amsterdam\/\">Amsterdam 867<\/a> et <a href=\"https:\/\/test.burgwaechterservice.de\/fr\/p\/boites-aux-lettres\/magdeburg\/\">Magdeburg 767<\/a> \u00a0avec passage par le haut.<br \/>\nIls sont disponibles en blanc et en argent\u00e9.<\/p>\n<h3>Mat\u00e9riau de qualit\u00e9<\/h3>\n<p>Les \u00e9l\u00e9ments de support Terzo sont r\u00e9alis\u00e9s dans du <strong>profil\u00e9 d&#8217;aluminium haut de gamme au rev\u00eatement poudr\u00e9<\/strong>, synonyme de <strong>solidit\u00e9<\/strong>. Ils sont ainsi prot\u00e9g\u00e9s des influences ext\u00e9rieures et remplissent leur r\u00f4le sans faille pendant tr\u00e8s longtemps.<\/p>\n<h3>Montage<\/h3>\n<p>Les bo\u00eetes aux lettres collectives Terzo sont <strong>con\u00e7ues pour \u00eatre b\u00e9tonn\u00e9es <\/strong>dans le sol afin d&#8217;assurer leur stabilit\u00e9. La notice de montage et les poteaux d\u00e9j\u00e0 perfor\u00e9s vous permettent de commencer directement avec le montage.<br \/>\n<strong>Une alternative au montage au sol<\/strong>, si vous ne souhaitez pas les b\u00e9tonner, consiste en un pied suppl\u00e9mentaire disponible.<br \/>\nIl est fabriqu\u00e9 en fonte de zinc incroyablement robuste. Le mat\u00e9riel de fixation et les capuchons font partie de la livraison. Assurez-vous n\u00e9anmoins que le pied soit mont\u00e9 sur une surface dure (par ex. du b\u00e9ton).<\/p>\n<p>Des <strong>kits de montage<\/strong>, en blanc ou argent\u00e9 pour correspondre aux bo\u00eetes aux lettres collectives, sont compris dans la livraison pour un montage simple et solide. Vous pouvez sinon aussi les acheter s\u00e9par\u00e9ment, si besoin est.<\/p>\n<p><a href=\"https:\/\/test.burgwaechterservice.de\/fr\/p\/boites-aux-lettres\/sets-dassemblage\/\">D\u00e9couvrir ici les accessoires Terzo<\/a>.<\/p>\n<p>M\u00eame si les bo\u00eetes aux lettres collectives Terzo et les mod\u00e8les combin\u00e9s prot\u00e8gent votre courrier des caprices de la m\u00e9t\u00e9o, nous vous recommandons n\u00e9anmoins de ne pas les exposer directement et en permanence aux intemp\u00e9ries. Montez-les \u00e0 un <strong>endroit prot\u00e9g\u00e9 des intemp\u00e9ries<\/strong> afin qu&#8217;ils atteignent une dur\u00e9e de vie maximum.<\/p>\n<h3>Les bo\u00eetes aux lettres collectives Terzo de BURG-W\u00c4CHTER<\/h3>\n<ul>\n<li>Simplicit\u00e9 de montage<\/li>\n<li>En profil\u00e9 d&#8217;aluminium au rev\u00eatement poudr\u00e9, 110 mm de largeur<\/li>\n<li>Pour le montage de poteaux d\u00e9j\u00e0 perfor\u00e9s<\/li>\n<li>\u00c0 b\u00e9tonner dans le sol<\/li>\n<li>Livr\u00e9 avec la notice de montage<\/li>\n<li>Pour une utilisation \u00e0 l&#8217;ext\u00e9rieur et \u00e0 l&#8217;abri des intemp\u00e9ries<\/li>\n<li>Diff\u00e9rentes combinaisons possibles<\/li>\n<li>Conviennent \u00e0 une s\u00e9lection de mod\u00e8les de bo\u00eetes aux lettres BURG-W\u00c4CHTER\n<ul>\n<li>Avec passage de courrier \u00e0 l&#8217;avant\u00a0: <a href=\"https:\/\/test.burgwaechterservice.de\/fr\/p\/boites-aux-lettres\/leipzig-777\/\">Leipzig 777<\/a> ou <a href=\"https:\/\/test.burgwaechterservice.de\/fr\/p\/boites-aux-lettres\/potsdam-877\/\">Potsdam 877<\/a><\/li>\n<li>Avec passage de courrier par en haut\u00a0: <a href=\"https:\/\/test.burgwaechterservice.de\/fr\/p\/boites-aux-lettres\/amsterdam\/\">Amsterdam 867<\/a> ou <a href=\"https:\/\/test.burgwaechterservice.de\/fr\/p\/boites-aux-lettres\/magdeburg\/\">Magdeburg 767<\/a><\/li>\n<\/ul>\n<\/li>\n<\/ul>\n<ul>\n<li>Pied Terzo disponible pour une m\u00e9thode alternative de montage au sol<\/li>\n<li>En blanc ou en argent\u00e9<\/li>\n<\/ul>\n<p>&nbsp;<\/p>\n<table class=\"ausfuehrung\">\n<thead>\n<tr>\n<td>Article<\/td>\n<td>Longueur<\/td>\n<td>Couleurs<\/td>\n<\/tr>\n<tr>\n<td class=\"subdesc\"><\/td>\n<td class=\"subdesc\">mm<\/td>\n<td class=\"subdesc\"><\/td>\n<\/tr>\n<\/thead>\n<tbody>\n<tr>\n<td>Terzo V11-170 W<\/td>\n<td>1640<\/td>\n<td>blanc<\/td>\n<\/tr>\n<tr>\n<td>Terzo V11-170 Si<\/td>\n<td>1640<\/td>\n<td>argent<\/td>\n<\/tr>\n<tr>\n<td>Terzo V11-170 ANT<\/td>\n<td>1640<\/td>\n<td>anthracite<\/td>\n<\/tr>\n<tr>\n<td>Terzo H14-63 W<\/td>\n<td>630<\/td>\n<td>blanc<\/td>\n<\/tr>\n<tr>\n<td>Terzo H14-79 W<\/td>\n<td>\u00a0790<\/td>\n<td>blanc<\/td>\n<\/tr>\n<tr>\n<td>Terzo H14-79 Si<\/td>\n<td>790<\/td>\n<td>argent<\/td>\n<\/tr>\n<tr>\n<td>Terzo H14-92 W<\/td>\n<td>920<\/td>\n<td>blanc<\/td>\n<\/tr>\n<tr>\n<td>Terzo H14-115 W<\/td>\n<td>1150<\/td>\n<td>blanc<\/td>\n<\/tr>\n<tr>\n<td>Terzo H14-115 Si<\/td>\n<td>1150<\/td>\n<td>argent<\/td>\n<\/tr>\n<\/tbody>\n<\/table>\n","protected":false},"excerpt":{"rendered":"<p>Les bo\u00eetes aux lettres collectives pour une simplicit\u00e9 de montage Les bo\u00eetes aux lettres collectives Terzo vous permettent de cr\u00e9er tr\u00e8s facilement un endroit prot\u00e9g\u00e9 et adapt\u00e9 pour recevoir le courrier dans votre immeuble collectif ou votre maison partag\u00e9e. Les &hellip; <a class=\"kt-excerpt-readmore\" href=\"https:\/\/test.burgwaechterservice.de\/fr\/p\/boites-aux-lettres\/terzo\/\" aria-label=\"Terzo\">Lire la suite<\/a><\/p>\n","protected":false},"featured_media":53599,"comment_status":"closed","ping_status":"closed","template":"","meta":[],"product_cat":[23,45],"product_tag":[],"yoast_head":"<!-- This site is optimized with the Yoast SEO Premium plugin v18.4 (Yoast SEO v19.13) - https:\/\/yoast.com\/wordpress\/plugins\/seo\/ -->\n<title>Terzo - Burg-W\u00e4chter<\/title>\n<meta name=\"description\" content=\"Les bo\u00eetes aux lettres collectives pour une simplicit\u00e9 de montage Les bo\u00eetes aux lettres collectives Terzo vous permettent de cr\u00e9er tr\u00e8s facilement un\" \/>\n<meta name=\"robots\" content=\"index, follow, max-snippet:-1, max-image-preview:large, max-video-preview:-1\" \/>\n<link rel=\"canonical\" href=\"https:\/\/test.burgwaechterservice.de\/fr\/p\/boites-aux-lettres\/terzo\/\" \/>\n<meta property=\"og:locale\" content=\"fr_FR\" \/>\n<meta property=\"og:type\" content=\"article\" \/>\n<meta property=\"og:title\" content=\"Terzo\" \/>\n<meta property=\"og:description\" content=\"Les bo\u00eetes aux lettres collectives pour une simplicit\u00e9 de montage Les bo\u00eetes aux lettres collectives Terzo vous permettent de cr\u00e9er tr\u00e8s facilement un\" \/>\n<meta property=\"og:url\" content=\"https:\/\/test.burgwaechterservice.de\/fr\/p\/boites-aux-lettres\/terzo\/\" \/>\n<meta property=\"og:site_name\" content=\"Burg-W\u00e4chter France\" \/>\n<meta property=\"article:modified_time\" content=\"2021-12-26T09:51:51+00:00\" \/>\n<meta property=\"og:image\" content=\"https:\/\/test.burgwaechterservice.de\/fr\/wp-content\/uploads\/sites\/4\/2016\/07\/Terzo_Staender_silber_f\u00fcr_WEB.jpg\" \/>\n\t<meta property=\"og:image:width\" content=\"800\" \/>\n\t<meta property=\"og:image:height\" content=\"800\" \/>\n\t<meta property=\"og:image:type\" content=\"image\/jpeg\" \/>\n<meta name=\"twitter:card\" content=\"summary_large_image\" \/>\n<meta name=\"twitter:label1\" content=\"Dur\u00e9e de lecture estim\u00e9e\" \/>\n\t<meta name=\"twitter:data1\" content=\"3 minutes\" \/>\n<!-- \/ Yoast SEO Premium plugin. -->","yoast_head_json":{"title":"Terzo - Burg-W\u00e4chter","description":"Les bo\u00eetes aux lettres collectives pour une simplicit\u00e9 de montage Les bo\u00eetes aux lettres collectives Terzo vous permettent de cr\u00e9er tr\u00e8s facilement un","robots":{"index":"index","follow":"follow","max-snippet":"max-snippet:-1","max-image-preview":"max-image-preview:large","max-video-preview":"max-video-preview:-1"},"canonical":"https:\/\/test.burgwaechterservice.de\/fr\/p\/boites-aux-lettres\/terzo\/","og_locale":"fr_FR","og_type":"article","og_title":"Terzo","og_description":"Les bo\u00eetes aux lettres collectives pour une simplicit\u00e9 de montage Les bo\u00eetes aux lettres collectives Terzo vous permettent de cr\u00e9er tr\u00e8s facilement un","og_url":"https:\/\/test.burgwaechterservice.de\/fr\/p\/boites-aux-lettres\/terzo\/","og_site_name":"Burg-W\u00e4chter France","article_modified_time":"2021-12-26T09:51:51+00:00","og_image":[{"width":800,"height":800,"url":"https:\/\/test.burgwaechterservice.de\/fr\/wp-content\/uploads\/sites\/4\/2016\/07\/Terzo_Staender_silber_f\u00fcr_WEB.jpg","type":"image\/jpeg"}],"twitter_card":"summary_large_image","twitter_misc":{"Dur\u00e9e de lecture estim\u00e9e":"3 minutes"},"schema":{"@context":"https:\/\/schema.org","@graph":[{"@type":"WebPage","@id":"https:\/\/test.burgwaechterservice.de\/fr\/p\/boites-aux-lettres\/terzo\/","url":"https:\/\/test.burgwaechterservice.de\/fr\/p\/boites-aux-lettres\/terzo\/","name":"Terzo - Burg-W\u00e4chter","isPartOf":{"@id":"https:\/\/test.burgwaechterservice.de\/fr\/#website"},"datePublished":"2016-07-27T06:37:09+00:00","dateModified":"2021-12-26T09:51:51+00:00","description":"Les bo\u00eetes aux lettres collectives pour une simplicit\u00e9 de montage Les bo\u00eetes aux lettres collectives Terzo vous permettent de cr\u00e9er tr\u00e8s facilement un","breadcrumb":{"@id":"https:\/\/test.burgwaechterservice.de\/fr\/p\/boites-aux-lettres\/terzo\/#breadcrumb"},"inLanguage":"fr-FR","potentialAction":[{"@type":"ReadAction","target":["https:\/\/test.burgwaechterservice.de\/fr\/p\/boites-aux-lettres\/terzo\/"]}]},{"@type":"BreadcrumbList","@id":"https:\/\/test.burgwaechterservice.de\/fr\/p\/boites-aux-lettres\/terzo\/#breadcrumb","itemListElement":[{"@type":"ListItem","position":1,"name":"Accueil","item":"https:\/\/test.burgwaechterservice.de\/fr\/"},{"@type":"ListItem","position":2,"name":"Produits","item":"https:\/\/test.burgwaechterservice.de\/fr\/p\/"},{"@type":"ListItem","position":3,"name":"Terzo"}]},{"@type":"WebSite","@id":"https:\/\/test.burgwaechterservice.de\/fr\/#website","url":"https:\/\/test.burgwaechterservice.de\/fr\/","name":"Burg-W\u00e4chter France","description":"Le choix le plus s\u00fbr!","potentialAction":[{"@type":"SearchAction","target":{"@type":"EntryPoint","urlTemplate":"https:\/\/test.burgwaechterservice.de\/fr\/?s={search_term_string}"},"query-input":"required name=search_term_string"}],"inLanguage":"fr-FR"}]}},"_links":{"self":[{"href":"https:\/\/test.burgwaechterservice.de\/fr\/wp-json\/wp\/v2\/product\/32883"}],"collection":[{"href":"https:\/\/test.burgwaechterservice.de\/fr\/wp-json\/wp\/v2\/product"}],"about":[{"href":"https:\/\/test.burgwaechterservice.de\/fr\/wp-json\/wp\/v2\/types\/product"}],"replies":[{"embeddable":true,"href":"https:\/\/test.burgwaechterservice.de\/fr\/wp-json\/wp\/v2\/comments?post=32883"}],"wp:featuredmedia":[{"embeddable":true,"href":"https:\/\/test.burgwaechterservice.de\/fr\/wp-json\/wp\/v2\/media\/53599"}],"wp:attachment":[{"href":"https:\/\/test.burgwaechterservice.de\/fr\/wp-json\/wp\/v2\/media?parent=32883"}],"wp:term":[{"taxonomy":"product_cat","embeddable":true,"href":"https:\/\/test.burgwaechterservice.de\/fr\/wp-json\/wp\/v2\/product_cat?post=32883"},{"taxonomy":"product_tag","embeddable":true,"href":"https:\/\/test.burgwaechterservice.de\/fr\/wp-json\/wp\/v2\/product_tag?post=32883"}],"curies":[{"name":"wp","href":"https:\/\/api.w.org\/{rel}","templated":true}]}}