{"id":32876,"date":"2016-07-26T15:52:53","date_gmt":"2016-07-26T13:52:53","guid":{"rendered":"https:\/\/www.burg.biz\/?post_type=product&#038;p=32876"},"modified":"2016-11-17T17:14:46","modified_gmt":"2016-11-17T16:14:46","slug":"poteau-pour-europa","status":"publish","type":"product","link":"https:\/\/test.burgwaechterservice.de\/fr\/p\/boites-aux-lettres\/poteau-pour-europa\/","title":{"rendered":"Poteau pour Europa"},"content":{"rendered":"<p><img decoding=\"async\" class=\"alignnone wp-image-41812\" src=\"https:\/\/test.burgwaechterservice.de\/fr\/wp-content\/uploads\/sites\/4\/2016\/07\/Zeitungsbox-4900-800-5800-808-820-1800-1890-4900-Piktos-gesamt.jpg\" alt=\"BUW-Icons-BK 4c OK.indd\" width=\"116\" height=\"118\" srcset=\"https:\/\/test.burgwaechterservice.de\/fr\/wp-content\/uploads\/sites\/4\/2016\/07\/Zeitungsbox-4900-800-5800-808-820-1800-1890-4900-Piktos-gesamt.jpg 308w, https:\/\/test.burgwaechterservice.de\/fr\/wp-content\/uploads\/sites\/4\/2016\/07\/Zeitungsbox-4900-800-5800-808-820-1800-1890-4900-Piktos-gesamt-296x300.jpg 296w, https:\/\/test.burgwaechterservice.de\/fr\/wp-content\/uploads\/sites\/4\/2016\/07\/Zeitungsbox-4900-800-5800-808-820-1800-1890-4900-Piktos-gesamt-80x80.jpg 80w\" sizes=\"(max-width: 116px) 100vw, 116px\" \/><\/p>\n<h2>Le pied adapt\u00e9 et stable pour le mod\u00e8le de bo\u00eete aux lettres Europa<\/h2>\n<p>Pour un montage extr\u00eamement solide\u00a0: Le pied pour bo\u00eete aux lettres pour le mod\u00e8le Europa de BURG-W\u00c4CHTER con\u00e7u pour le scellement au sol dans le b\u00e9ton.<\/p>\n<p>Le design angulaire et \u00e9lanc\u00e9 s&#8217;accorde parfaitement avec l&#8217;\u00e9l\u00e9gance des lignes du mod\u00e8le Europa.<\/p>\n<p>Adaptez le pied \u00e0 vos besoins\u00a0: Si n\u00e9cessaire, le pied peut facilement \u00eatre raccourci dans sa longueur.<\/p>\n<p>Le pied est en aluminium et disponible dans un ton blanc discret, dans un noir \u00e9l\u00e9gant, ainsi que dans un ton classique argent\u00e9.<\/p>\n<h3>Le pied pour Europa en bref<\/h3>\n<ul>\n<li>\u00c0 b\u00e9tonner dans le sol<\/li>\n<li>Design angulaire<\/li>\n<li>En aluminium<\/li>\n<li>Peut \u00eatre raccourci \u00e0 la longueur souhait\u00e9e<\/li>\n<li>Disponible en blanc, noir et argent\u00e9<br \/>\nDimensions L x l x H\u00a0: 1200 x 80 x 80 mm<\/li>\n<\/ul>\n<p>&nbsp;<\/p>\n<table class=\"ausfuehrung\">\n<thead>\n<tr>\n<td>Article<\/td>\n<td>Couleurs<\/td>\n<td>H x L x P<\/td>\n<\/tr>\n<tr>\n<td class=\"subdesc\"><\/td>\n<td><\/td>\n<td class=\"subdesc\">mm<\/td>\n<\/tr>\n<\/thead>\n<tbody>\n<tr>\n<td>EST 1W<\/td>\n<td>blanc<\/td>\n<td>1200 x 80 x 80<\/td>\n<\/tr>\n<tr>\n<td>EST 1S<\/td>\n<td>noir<\/td>\n<td>1200 x 80 x 80<\/td>\n<\/tr>\n<tr>\n<td>EST1Si<\/td>\n<td>argent<\/td>\n<td>1200 x 80 x 80<\/td>\n<\/tr>\n<\/tbody>\n<\/table>\n","protected":false},"excerpt":{"rendered":"<p>Le pied adapt\u00e9 et stable pour le mod\u00e8le de bo\u00eete aux lettres Europa Pour un montage extr\u00eamement solide\u00a0: Le pied pour bo\u00eete aux lettres pour le mod\u00e8le Europa de BURG-W\u00c4CHTER con\u00e7u pour le scellement au sol dans le b\u00e9ton. Le &hellip; <a class=\"kt-excerpt-readmore\" href=\"https:\/\/test.burgwaechterservice.de\/fr\/p\/boites-aux-lettres\/poteau-pour-europa\/\" aria-label=\"Poteau pour Europa\">Lire la suite<\/a><\/p>\n","protected":false},"featured_media":32881,"comment_status":"closed","ping_status":"closed","template":"","meta":[],"product_cat":[23,45],"product_tag":[],"yoast_head":"<!-- This site is optimized with the Yoast SEO Premium plugin v18.4 (Yoast SEO v19.13) - https:\/\/yoast.com\/wordpress\/plugins\/seo\/ -->\n<title>Poteau pour Europa - Burg-W\u00e4chter<\/title>\n<meta name=\"description\" content=\"Le pied adapt\u00e9 et stable pour le mod\u00e8le de bo\u00eete aux lettres Europa Pour un montage extr\u00eamement solide\u00a0: Le pied pour bo\u00eete aux lettres pour le mod\u00e8le\" \/>\n<meta name=\"robots\" content=\"index, follow, max-snippet:-1, max-image-preview:large, max-video-preview:-1\" \/>\n<link rel=\"canonical\" href=\"https:\/\/test.burgwaechterservice.de\/fr\/p\/boites-aux-lettres\/poteau-pour-europa\/\" \/>\n<meta property=\"og:locale\" content=\"fr_FR\" \/>\n<meta property=\"og:type\" content=\"article\" \/>\n<meta property=\"og:title\" content=\"Poteau pour Europa\" \/>\n<meta property=\"og:description\" content=\"Le pied adapt\u00e9 et stable pour le mod\u00e8le de bo\u00eete aux lettres Europa Pour un montage extr\u00eamement solide\u00a0: Le pied pour bo\u00eete aux lettres pour le mod\u00e8le\" \/>\n<meta property=\"og:url\" content=\"https:\/\/test.burgwaechterservice.de\/fr\/p\/boites-aux-lettres\/poteau-pour-europa\/\" \/>\n<meta property=\"og:site_name\" content=\"Burg-W\u00e4chter France\" \/>\n<meta property=\"article:modified_time\" content=\"2016-11-17T16:14:46+00:00\" \/>\n<meta property=\"og:image\" content=\"https:\/\/test.burgwaechterservice.de\/fr\/wp-content\/uploads\/sites\/4\/2016\/07\/Briefkasten_Europa_732_W_198506_mit_Briefkastenst\u00e4nder_EST_1_W_082706-01.jpg\" \/>\n\t<meta property=\"og:image:width\" content=\"1000\" \/>\n\t<meta property=\"og:image:height\" content=\"874\" \/>\n\t<meta property=\"og:image:type\" content=\"image\/jpeg\" \/>\n<meta name=\"twitter:card\" content=\"summary_large_image\" \/>\n<meta name=\"twitter:label1\" content=\"Dur\u00e9e de lecture estim\u00e9e\" \/>\n\t<meta name=\"twitter:data1\" content=\"1 minute\" \/>\n<!-- \/ Yoast SEO Premium plugin. -->","yoast_head_json":{"title":"Poteau pour Europa - Burg-W\u00e4chter","description":"Le pied adapt\u00e9 et stable pour le mod\u00e8le de bo\u00eete aux lettres Europa Pour un montage extr\u00eamement solide\u00a0: Le pied pour bo\u00eete aux lettres pour le mod\u00e8le","robots":{"index":"index","follow":"follow","max-snippet":"max-snippet:-1","max-image-preview":"max-image-preview:large","max-video-preview":"max-video-preview:-1"},"canonical":"https:\/\/test.burgwaechterservice.de\/fr\/p\/boites-aux-lettres\/poteau-pour-europa\/","og_locale":"fr_FR","og_type":"article","og_title":"Poteau pour Europa","og_description":"Le pied adapt\u00e9 et stable pour le mod\u00e8le de bo\u00eete aux lettres Europa Pour un montage extr\u00eamement solide\u00a0: Le pied pour bo\u00eete aux lettres pour le mod\u00e8le","og_url":"https:\/\/test.burgwaechterservice.de\/fr\/p\/boites-aux-lettres\/poteau-pour-europa\/","og_site_name":"Burg-W\u00e4chter France","article_modified_time":"2016-11-17T16:14:46+00:00","og_image":[{"width":1000,"height":874,"url":"https:\/\/test.burgwaechterservice.de\/fr\/wp-content\/uploads\/sites\/4\/2016\/07\/Briefkasten_Europa_732_W_198506_mit_Briefkastenst\u00e4nder_EST_1_W_082706-01.jpg","type":"image\/jpeg"}],"twitter_card":"summary_large_image","twitter_misc":{"Dur\u00e9e de lecture estim\u00e9e":"1 minute"},"schema":{"@context":"https:\/\/schema.org","@graph":[{"@type":"WebPage","@id":"https:\/\/test.burgwaechterservice.de\/fr\/p\/boites-aux-lettres\/poteau-pour-europa\/","url":"https:\/\/test.burgwaechterservice.de\/fr\/p\/boites-aux-lettres\/poteau-pour-europa\/","name":"Poteau pour Europa - Burg-W\u00e4chter","isPartOf":{"@id":"https:\/\/test.burgwaechterservice.de\/fr\/#website"},"datePublished":"2016-07-26T13:52:53+00:00","dateModified":"2016-11-17T16:14:46+00:00","description":"Le pied adapt\u00e9 et stable pour le mod\u00e8le de bo\u00eete aux lettres Europa Pour un montage extr\u00eamement solide\u00a0: Le pied pour bo\u00eete aux lettres pour le mod\u00e8le","breadcrumb":{"@id":"https:\/\/test.burgwaechterservice.de\/fr\/p\/boites-aux-lettres\/poteau-pour-europa\/#breadcrumb"},"inLanguage":"fr-FR","potentialAction":[{"@type":"ReadAction","target":["https:\/\/test.burgwaechterservice.de\/fr\/p\/boites-aux-lettres\/poteau-pour-europa\/"]}]},{"@type":"BreadcrumbList","@id":"https:\/\/test.burgwaechterservice.de\/fr\/p\/boites-aux-lettres\/poteau-pour-europa\/#breadcrumb","itemListElement":[{"@type":"ListItem","position":1,"name":"Accueil","item":"https:\/\/test.burgwaechterservice.de\/fr\/"},{"@type":"ListItem","position":2,"name":"Produits","item":"https:\/\/test.burgwaechterservice.de\/fr\/p\/"},{"@type":"ListItem","position":3,"name":"Poteau pour Europa"}]},{"@type":"WebSite","@id":"https:\/\/test.burgwaechterservice.de\/fr\/#website","url":"https:\/\/test.burgwaechterservice.de\/fr\/","name":"Burg-W\u00e4chter France","description":"Le choix le plus s\u00fbr!","potentialAction":[{"@type":"SearchAction","target":{"@type":"EntryPoint","urlTemplate":"https:\/\/test.burgwaechterservice.de\/fr\/?s={search_term_string}"},"query-input":"required name=search_term_string"}],"inLanguage":"fr-FR"}]}},"_links":{"self":[{"href":"https:\/\/test.burgwaechterservice.de\/fr\/wp-json\/wp\/v2\/product\/32876"}],"collection":[{"href":"https:\/\/test.burgwaechterservice.de\/fr\/wp-json\/wp\/v2\/product"}],"about":[{"href":"https:\/\/test.burgwaechterservice.de\/fr\/wp-json\/wp\/v2\/types\/product"}],"replies":[{"embeddable":true,"href":"https:\/\/test.burgwaechterservice.de\/fr\/wp-json\/wp\/v2\/comments?post=32876"}],"wp:featuredmedia":[{"embeddable":true,"href":"https:\/\/test.burgwaechterservice.de\/fr\/wp-json\/wp\/v2\/media\/32881"}],"wp:attachment":[{"href":"https:\/\/test.burgwaechterservice.de\/fr\/wp-json\/wp\/v2\/media?parent=32876"}],"wp:term":[{"taxonomy":"product_cat","embeddable":true,"href":"https:\/\/test.burgwaechterservice.de\/fr\/wp-json\/wp\/v2\/product_cat?post=32876"},{"taxonomy":"product_tag","embeddable":true,"href":"https:\/\/test.burgwaechterservice.de\/fr\/wp-json\/wp\/v2\/product_tag?post=32876"}],"curies":[{"name":"wp","href":"https:\/\/api.w.org\/{rel}","templated":true}]}}