{"id":32867,"date":"2016-07-26T15:43:38","date_gmt":"2016-07-26T13:43:38","guid":{"rendered":"https:\/\/www.burg.biz\/?post_type=product&#038;p=32867"},"modified":"2018-07-30T16:46:37","modified_gmt":"2018-07-30T14:46:37","slug":"europa-731732","status":"publish","type":"product","link":"https:\/\/test.burgwaechterservice.de\/fr\/p\/boites-aux-lettres\/europa-731732\/","title":{"rendered":"Europa 731\/732"},"content":{"rendered":"<p><img decoding=\"async\" class=\"alignnone wp-image-41815\" src=\"https:\/\/test.burgwaechterservice.de\/fr\/wp-content\/uploads\/sites\/4\/2016\/07\/Bordeaux-Venezia-Europa.jpg\" alt=\"BUW-Icons-BK 4c OK.indd\" width=\"329\" height=\"118\" srcset=\"https:\/\/test.burgwaechterservice.de\/fr\/wp-content\/uploads\/sites\/4\/2016\/07\/Bordeaux-Venezia-Europa.jpg 889w, https:\/\/test.burgwaechterservice.de\/fr\/wp-content\/uploads\/sites\/4\/2016\/07\/Bordeaux-Venezia-Europa-300x108.jpg 300w, https:\/\/test.burgwaechterservice.de\/fr\/wp-content\/uploads\/sites\/4\/2016\/07\/Bordeaux-Venezia-Europa-768x276.jpg 768w\" sizes=\"(max-width: 329px) 100vw, 329px\" \/><\/p>\n<h2>La bo\u00eete aux lettres grand volume Europa avec vaste compartiment \u00e0 colis<\/h2>\n<p>La bo\u00eete aux lettres Europa peut recevoir bien plus que des lettres. Elle poss\u00e8de en effet \u00e9galement un <strong>compartiment spacieux pouvant recevoir des paquets.<\/strong><\/p>\n<h3>Grand volume<\/h3>\n<p>Le mod\u00e8le Europa avec sa <strong>profondeur maximale<\/strong> peut contenir vraiment beaucoup de courrier. La cerise sur le g\u00e2teau\u00a0: il y a m\u00eame suffisamment de place pour les colis. La livraison et la r\u00e9ception de paquets sont extr\u00eamement simples et pratiques gr\u00e2ce \u00e0 la <strong>fermeture magn\u00e9tique<\/strong>.<br \/>\nLe compartiment sup\u00e9rieur est \u00e9quip\u00e9 d&#8217;un passage de courrier au format DIN B4 qui facilite le travail du facteur.<\/p>\n<p>L&#8217;<strong>acier galvanis\u00e9 verni <\/strong>prot\u00e8ge totalement le bo\u00eetier et son contenu des influences de la m\u00e9t\u00e9o.<br \/>\nLa bo\u00eete aux lettres assure son r\u00f4le de mani\u00e8re optimale lorsqu&#8217;elle n&#8217;est pas expos\u00e9e de mani\u00e8re permanente directement aux intemp\u00e9ries. Il est recommand\u00e9 de la monter \u00e0 un <strong>endroit prot\u00e9g\u00e9<\/strong>.<\/p>\n<p>Cette bo\u00eete aux lettres r\u00e9pond non seulement \u00e0 la norme europ\u00e9enne EN 13724 mais aussi la norme suisse r\u00e9gissant les bo\u00eetes aux lettres.<\/p>\n<p>Le mod\u00e8le 731 dispose d&#8217;un couvercle plat et est disponible en blanc et m\u00e9tal vieilli. Vous pouvez aussi opter pour le mod\u00e8le 732\u00a0: la touche finale est apport\u00e9e par son toit esth\u00e9tique et large. Ce mod\u00e8le est disponible avec une peinture blanche, argent\u00e9e ou m\u00e9tal vieilli.<\/p>\n<h3>Montage solide de la bo\u00eete aux lettres<\/h3>\n<p>Le mod\u00e8le Europa est pr\u00e9vu pour un <strong>montage fixe<\/strong> et <strong>ind\u00e9pendant<\/strong> \u00e0 l&#8217;endroit que vous voulez. Pour cela, le pied pour Europa, disponible s\u00e9par\u00e9ment, est la solution. Il doit \u00eatre fix\u00e9 solidement dans une chape de b\u00e9ton.<br \/>\nLe mat\u00e9riel de montage est d\u00e9j\u00e0 compris dans la livraison de la bo\u00eete aux lettres.<br \/>\nUn montage mural est \u00e9galement possible. Vous avez alors besoin du pack de montage ABE 1.<\/p>\n<p><a href=\"https:\/\/test.burgwaechterservice.de\/fr\/p\/boites-aux-lettres\/poteau-pour-europa\/\">D\u00e9couvrez ici le pied de bo\u00eete aux lettres adapt\u00e9 au mod\u00e8le Europa<\/a>.<\/p>\n<h3>La bo\u00eete aux lettres Europa de BURG-W\u00c4CHTER<\/h3>\n<ul>\n<li>Bo\u00eete aux lettres grand volume en acier galvanis\u00e9<\/li>\n<li>Profondeur de confort<\/li>\n<li>R\u00e9pond \u00e0 la norme de la poste suisse et \u00e0 la norme EN 13724<\/li>\n<li>Haut\u00a0: compartiment \u00e0 lettres avec volet de passage du courrier int\u00e9gr\u00e9 (format de fente\u00a0: DIN C4 &#8211; 371 x 32 mm)<\/li>\n<li>Bas\u00a0: vaste compartiment \u00e0 colis avec porte de r\u00e9ception (fermeture magn\u00e9tique)<\/li>\n<li>Mod\u00e8le 731\u00a0: disponible en blanc ou m\u00e9tal vieilli<\/li>\n<li>Mod\u00e8le 732\u00a0: avec large toit d\u00e9passant de tous les c\u00f4t\u00e9s, disponible en blanc, m\u00e9tal vieilli ou argent\u00e9<\/li>\n<li>Convient pour un placement libre avec <a href=\"https:\/\/test.burgwaechterservice.de\/fr\/p\/boites-aux-lettres\/poteau-pour-europa\/\">le pied pour mod\u00e8le Europa<\/a><\/li>\n<li>Sur demande, possibilit\u00e9 d&#8217;un montage mural\u00a0: pack de montage ABE 1 \u00e0 commander s\u00e9par\u00e9ment<\/li>\n<li>Dimensions L x l x H\u00a0:<br \/>\n731 360 x 405 x 292 mm<br \/>\n732\u00a0\u00a0\u00a0\u00a0\u00a0\u00a0\u00a0 411 x 455 x 324 mm<\/li>\n<li>Mat\u00e9riel de fixation compris dans la livraison<\/li>\n<\/ul>\n<p>&nbsp;<\/p>\n<table class=\"ausfuehrung\">\n<thead>\n<tr>\n<td>Article<\/td>\n<td>Couleurs<\/td>\n<td>H x L x P<\/td>\n<td>Fente<\/td>\n<\/tr>\n<tr>\n<td class=\"subdesc\"><\/td>\n<td><\/td>\n<td class=\"subdesc\">mm<\/td>\n<td class=\"subdesc\">\u00a0L x H (mm)<\/td>\n<\/tr>\n<\/thead>\n<tbody>\n<tr>\n<td>731 W<\/td>\n<td>blanc<\/td>\n<td>360 x 405 x 292<\/td>\n<td>\u00a0371 x 32<\/td>\n<\/tr>\n<tr>\n<td>731 E<\/td>\n<td>anthracite<\/td>\n<td>360 x 405 x 292<\/td>\n<td>\u00a0371 x 32<\/td>\n<\/tr>\n<tr>\n<td>732 W<\/td>\n<td>blanc<\/td>\n<td>411 x 455 x 324<\/td>\n<td>\u00a0371 x 32<\/td>\n<\/tr>\n<tr>\n<td>732 E<\/td>\n<td>anthracite<\/td>\n<td>411 x 455 x 324<\/td>\n<td>\u00a0371 x 32<\/td>\n<\/tr>\n<tr>\n<td>732 Si<\/td>\n<td>argent<\/td>\n<td>411 x 455 x 324<\/td>\n<td>\u00a0371 x 32<\/td>\n<\/tr>\n<\/tbody>\n<\/table>\n","protected":false},"excerpt":{"rendered":"<p>La bo\u00eete aux lettres grand volume Europa avec vaste compartiment \u00e0 colis La bo\u00eete aux lettres Europa peut recevoir bien plus que des lettres. Elle poss\u00e8de en effet \u00e9galement un compartiment spacieux pouvant recevoir des paquets. Grand volume Le mod\u00e8le &hellip; <a class=\"kt-excerpt-readmore\" href=\"https:\/\/test.burgwaechterservice.de\/fr\/p\/boites-aux-lettres\/europa-731732\/\" aria-label=\"Europa 731\/732\">Lire la suite<\/a><\/p>\n","protected":false},"featured_media":32874,"comment_status":"closed","ping_status":"closed","template":"","meta":[],"product_cat":[23,45],"product_tag":[],"yoast_head":"<!-- This site is optimized with the Yoast SEO Premium plugin v18.4 (Yoast SEO v19.13) - https:\/\/yoast.com\/wordpress\/plugins\/seo\/ -->\n<title>Europa 731\/732 - Burg-W\u00e4chter<\/title>\n<meta name=\"description\" content=\"La bo\u00eete aux lettres grand volume Europa avec vaste compartiment \u00e0 colis La bo\u00eete aux lettres Europa peut recevoir bien plus que des lettres. Elle poss\u00e8de\" \/>\n<meta name=\"robots\" content=\"index, follow, max-snippet:-1, max-image-preview:large, max-video-preview:-1\" \/>\n<link rel=\"canonical\" href=\"https:\/\/test.burgwaechterservice.de\/fr\/p\/boites-aux-lettres\/europa-731732\/\" \/>\n<meta property=\"og:locale\" content=\"fr_FR\" \/>\n<meta property=\"og:type\" content=\"article\" \/>\n<meta property=\"og:title\" content=\"Europa 731\/732\" \/>\n<meta property=\"og:description\" content=\"La bo\u00eete aux lettres grand volume Europa avec vaste compartiment \u00e0 colis La bo\u00eete aux lettres Europa peut recevoir bien plus que des lettres. Elle poss\u00e8de\" \/>\n<meta property=\"og:url\" content=\"https:\/\/test.burgwaechterservice.de\/fr\/p\/boites-aux-lettres\/europa-731732\/\" \/>\n<meta property=\"og:site_name\" content=\"Burg-W\u00e4chter France\" \/>\n<meta property=\"article:modified_time\" content=\"2018-07-30T14:46:37+00:00\" \/>\n<meta property=\"og:image\" content=\"https:\/\/test.burgwaechterservice.de\/fr\/wp-content\/uploads\/sites\/4\/2016\/07\/Briefkasten_Europa_731_E_200209-01.jpg\" \/>\n\t<meta property=\"og:image:width\" content=\"653\" \/>\n\t<meta property=\"og:image:height\" content=\"653\" \/>\n\t<meta property=\"og:image:type\" content=\"image\/jpeg\" \/>\n<meta name=\"twitter:card\" content=\"summary_large_image\" \/>\n<meta name=\"twitter:label1\" content=\"Dur\u00e9e de lecture estim\u00e9e\" \/>\n\t<meta name=\"twitter:data1\" content=\"3 minutes\" \/>\n<!-- \/ Yoast SEO Premium plugin. -->","yoast_head_json":{"title":"Europa 731\/732 - Burg-W\u00e4chter","description":"La bo\u00eete aux lettres grand volume Europa avec vaste compartiment \u00e0 colis La bo\u00eete aux lettres Europa peut recevoir bien plus que des lettres. Elle poss\u00e8de","robots":{"index":"index","follow":"follow","max-snippet":"max-snippet:-1","max-image-preview":"max-image-preview:large","max-video-preview":"max-video-preview:-1"},"canonical":"https:\/\/test.burgwaechterservice.de\/fr\/p\/boites-aux-lettres\/europa-731732\/","og_locale":"fr_FR","og_type":"article","og_title":"Europa 731\/732","og_description":"La bo\u00eete aux lettres grand volume Europa avec vaste compartiment \u00e0 colis La bo\u00eete aux lettres Europa peut recevoir bien plus que des lettres. Elle poss\u00e8de","og_url":"https:\/\/test.burgwaechterservice.de\/fr\/p\/boites-aux-lettres\/europa-731732\/","og_site_name":"Burg-W\u00e4chter France","article_modified_time":"2018-07-30T14:46:37+00:00","og_image":[{"width":653,"height":653,"url":"https:\/\/test.burgwaechterservice.de\/fr\/wp-content\/uploads\/sites\/4\/2016\/07\/Briefkasten_Europa_731_E_200209-01.jpg","type":"image\/jpeg"}],"twitter_card":"summary_large_image","twitter_misc":{"Dur\u00e9e de lecture estim\u00e9e":"3 minutes"},"schema":{"@context":"https:\/\/schema.org","@graph":[{"@type":"WebPage","@id":"https:\/\/test.burgwaechterservice.de\/fr\/p\/boites-aux-lettres\/europa-731732\/","url":"https:\/\/test.burgwaechterservice.de\/fr\/p\/boites-aux-lettres\/europa-731732\/","name":"Europa 731\/732 - Burg-W\u00e4chter","isPartOf":{"@id":"https:\/\/test.burgwaechterservice.de\/fr\/#website"},"datePublished":"2016-07-26T13:43:38+00:00","dateModified":"2018-07-30T14:46:37+00:00","description":"La bo\u00eete aux lettres grand volume Europa avec vaste compartiment \u00e0 colis La bo\u00eete aux lettres Europa peut recevoir bien plus que des lettres. Elle poss\u00e8de","breadcrumb":{"@id":"https:\/\/test.burgwaechterservice.de\/fr\/p\/boites-aux-lettres\/europa-731732\/#breadcrumb"},"inLanguage":"fr-FR","potentialAction":[{"@type":"ReadAction","target":["https:\/\/test.burgwaechterservice.de\/fr\/p\/boites-aux-lettres\/europa-731732\/"]}]},{"@type":"BreadcrumbList","@id":"https:\/\/test.burgwaechterservice.de\/fr\/p\/boites-aux-lettres\/europa-731732\/#breadcrumb","itemListElement":[{"@type":"ListItem","position":1,"name":"Accueil","item":"https:\/\/test.burgwaechterservice.de\/fr\/"},{"@type":"ListItem","position":2,"name":"Produits","item":"https:\/\/test.burgwaechterservice.de\/fr\/p\/"},{"@type":"ListItem","position":3,"name":"Europa 731\/732"}]},{"@type":"WebSite","@id":"https:\/\/test.burgwaechterservice.de\/fr\/#website","url":"https:\/\/test.burgwaechterservice.de\/fr\/","name":"Burg-W\u00e4chter France","description":"Le choix le plus s\u00fbr!","potentialAction":[{"@type":"SearchAction","target":{"@type":"EntryPoint","urlTemplate":"https:\/\/test.burgwaechterservice.de\/fr\/?s={search_term_string}"},"query-input":"required name=search_term_string"}],"inLanguage":"fr-FR"}]}},"_links":{"self":[{"href":"https:\/\/test.burgwaechterservice.de\/fr\/wp-json\/wp\/v2\/product\/32867"}],"collection":[{"href":"https:\/\/test.burgwaechterservice.de\/fr\/wp-json\/wp\/v2\/product"}],"about":[{"href":"https:\/\/test.burgwaechterservice.de\/fr\/wp-json\/wp\/v2\/types\/product"}],"replies":[{"embeddable":true,"href":"https:\/\/test.burgwaechterservice.de\/fr\/wp-json\/wp\/v2\/comments?post=32867"}],"wp:featuredmedia":[{"embeddable":true,"href":"https:\/\/test.burgwaechterservice.de\/fr\/wp-json\/wp\/v2\/media\/32874"}],"wp:attachment":[{"href":"https:\/\/test.burgwaechterservice.de\/fr\/wp-json\/wp\/v2\/media?parent=32867"}],"wp:term":[{"taxonomy":"product_cat","embeddable":true,"href":"https:\/\/test.burgwaechterservice.de\/fr\/wp-json\/wp\/v2\/product_cat?post=32867"},{"taxonomy":"product_tag","embeddable":true,"href":"https:\/\/test.burgwaechterservice.de\/fr\/wp-json\/wp\/v2\/product_tag?post=32867"}],"curies":[{"name":"wp","href":"https:\/\/api.w.org\/{rel}","templated":true}]}}