{"id":32857,"date":"2016-07-26T14:49:05","date_gmt":"2016-07-26T12:49:05","guid":{"rendered":"https:\/\/www.burg.biz\/?post_type=product&#038;p=32857"},"modified":"2016-11-17T16:37:32","modified_gmt":"2016-11-17T15:37:32","slug":"rondo","status":"publish","type":"product","link":"https:\/\/test.burgwaechterservice.de\/fr\/p\/boites-aux-lettres\/rondo\/","title":{"rendered":"Rondo"},"content":{"rendered":"<p><img decoding=\"async\" class=\"alignnone wp-image-41812\" src=\"https:\/\/test.burgwaechterservice.de\/fr\/wp-content\/uploads\/sites\/4\/2016\/07\/Zeitungsbox-4900-800-5800-808-820-1800-1890-4900-Piktos-gesamt.jpg\" alt=\"BUW-Icons-BK 4c OK.indd\" width=\"116\" height=\"118\" srcset=\"https:\/\/test.burgwaechterservice.de\/fr\/wp-content\/uploads\/sites\/4\/2016\/07\/Zeitungsbox-4900-800-5800-808-820-1800-1890-4900-Piktos-gesamt.jpg 308w, https:\/\/test.burgwaechterservice.de\/fr\/wp-content\/uploads\/sites\/4\/2016\/07\/Zeitungsbox-4900-800-5800-808-820-1800-1890-4900-Piktos-gesamt-296x300.jpg 296w, https:\/\/test.burgwaechterservice.de\/fr\/wp-content\/uploads\/sites\/4\/2016\/07\/Zeitungsbox-4900-800-5800-808-820-1800-1890-4900-Piktos-gesamt-80x80.jpg 80w\" sizes=\"(max-width: 116px) 100vw, 116px\" \/><\/p>\n<h2>Arceau \u00e9l\u00e9gant en aluminium trait\u00e9<\/h2>\n<p>Le poteau adapt\u00e9 \u00e0 de nombreuses bo\u00eetes aux lettres en PVC de qualit\u00e9 BURG-W\u00c4CHTER.<br \/>\nL&#8217;\u00e9l\u00e9gant arceau Rondo apporte la touche finale \u00e0 votre bo\u00eete aux lettres.<\/p>\n<h3>Aluminium r\u00e9sistant<\/h3>\n<p>Le <strong>traitement<\/strong> du <strong>poteau en aluminium<\/strong> en fait la solution id\u00e9ale pour placer librement votre bo\u00eete aux lettres \u00e0 un endroit prot\u00e9g\u00e9 des intemp\u00e9ries. Il est en effet extr\u00eamement <strong>facile d&#8217;entretien<\/strong> et dispose d&#8217;une <strong>longue dur\u00e9e de vie<\/strong>.<br \/>\nIl est recouvert d&#8217;une peinture blanche simple et se marie particuli\u00e8rement bien aux mod\u00e8les <a href=\"https:\/\/test.burgwaechterservice.de\/fr\/p\/boites-aux-lettres\/piano\/\">Piano<\/a>, <a href=\"https:\/\/test.burgwaechterservice.de\/fr\/p\/boites-aux-lettres\/pearl\/\">Pearl<\/a>, <a href=\"https:\/\/test.burgwaechterservice.de\/fr\/p\/boites-aux-lettres\/malmoe\/\">Malm\u00f6<\/a>, <a href=\"https:\/\/test.burgwaechterservice.de\/fr\/p\/boites-aux-lettres\/bremen\/\">Bremen<\/a> et <a href=\"https:\/\/test.burgwaechterservice.de\/fr\/p\/boites-aux-lettres\/kiel\/\">Kiel<\/a>\u00a0.<\/p>\n<p>Ce poteau de bo\u00eete aux lettres est con\u00e7u pour \u00eatre <strong>b\u00e9tonn\u00e9 solidement dans le sol<\/strong>.<\/p>\n<p>De plus, sa structure en aluminium dispose d&#8217;une plaque de fixation pour y monter la bo\u00eete aux lettres. Les vis correspondantes sont comprises dans la livraison si bien que vous pouvez commencer le montage sans attendre.<\/p>\n<h3>Le poteau de bo\u00eete aux lettres Rondo en bref<\/h3>\n<ul>\n<li>Lignes douces et \u00e9l\u00e9gantes<\/li>\n<li>Arceau avec plaque de fixation mont\u00e9e solidement<\/li>\n<li>Livr\u00e9 avec vis de fixation<\/li>\n<li>Convient aux mod\u00e8les de bo\u00eete aux lettres <a href=\"https:\/\/test.burgwaechterservice.de\/fr\/p\/boites-aux-lettres\/piano\/\">Piano<\/a>,<a href=\"https:\/\/test.burgwaechterservice.de\/fr\/p\/boites-aux-lettres\/pearl\/\"> Pearl,<\/a> <a href=\"https:\/\/test.burgwaechterservice.de\/fr\/p\/boites-aux-lettres\/malmoe\/\">Malm\u00f6<\/a>, <a href=\"https:\/\/test.burgwaechterservice.de\/fr\/p\/boites-aux-lettres\/bremen\/\">Bremen<\/a> ou <a href=\"https:\/\/test.burgwaechterservice.de\/fr\/p\/boites-aux-lettres\/kiel\/\">Kiel<\/a><\/li>\n<li>Peinture blanche discr\u00e8te<\/li>\n<li>Hauteur\u00a0: 1740 mm, \u00d8: 50 mm<\/li>\n<\/ul>\n<p>&nbsp;<\/p>\n<table class=\"ausfuehrung\">\n<thead>\n<tr>\n<td>Article<\/td>\n<td>Couleurs<\/td>\n<td>Hauteur<\/td>\n<td>\u00d8<\/td>\n<\/tr>\n<tr>\n<td class=\"subdesc\"><\/td>\n<td><\/td>\n<td class=\"subdesc\">mm<\/td>\n<td><\/td>\n<\/tr>\n<\/thead>\n<tbody>\n<tr>\n<td>Rondo 145 W<\/td>\n<td>blanc<\/td>\n<td>1740<\/td>\n<td>\u00a050<\/td>\n<\/tr>\n<\/tbody>\n<\/table>\n","protected":false},"excerpt":{"rendered":"<p>Arceau \u00e9l\u00e9gant en aluminium trait\u00e9 Le poteau adapt\u00e9 \u00e0 de nombreuses bo\u00eetes aux lettres en PVC de qualit\u00e9 BURG-W\u00c4CHTER. L&#8217;\u00e9l\u00e9gant arceau Rondo apporte la touche finale \u00e0 votre bo\u00eete aux lettres. Aluminium r\u00e9sistant Le traitement du poteau en aluminium en &hellip; <a class=\"kt-excerpt-readmore\" href=\"https:\/\/test.burgwaechterservice.de\/fr\/p\/boites-aux-lettres\/rondo\/\" aria-label=\"Rondo\">Lire la suite<\/a><\/p>\n","protected":false},"featured_media":32858,"comment_status":"closed","ping_status":"closed","template":"","meta":[],"product_cat":[23,45],"product_tag":[],"yoast_head":"<!-- This site is optimized with the Yoast SEO Premium plugin v18.4 (Yoast SEO v19.13) - https:\/\/yoast.com\/wordpress\/plugins\/seo\/ -->\n<title>Rondo - Burg-W\u00e4chter<\/title>\n<meta name=\"description\" content=\"Arceau \u00e9l\u00e9gant en aluminium trait\u00e9 Le poteau adapt\u00e9 \u00e0 de nombreuses bo\u00eetes aux lettres en PVC de qualit\u00e9 BURG-W\u00c4CHTER. L&#039;\u00e9l\u00e9gant arceau Rondo apporte la\" \/>\n<meta name=\"robots\" content=\"index, follow, max-snippet:-1, max-image-preview:large, max-video-preview:-1\" \/>\n<link rel=\"canonical\" href=\"https:\/\/test.burgwaechterservice.de\/fr\/p\/boites-aux-lettres\/rondo\/\" \/>\n<meta property=\"og:locale\" content=\"fr_FR\" \/>\n<meta property=\"og:type\" content=\"article\" \/>\n<meta property=\"og:title\" content=\"Rondo\" \/>\n<meta property=\"og:description\" content=\"Arceau \u00e9l\u00e9gant en aluminium trait\u00e9 Le poteau adapt\u00e9 \u00e0 de nombreuses bo\u00eetes aux lettres en PVC de qualit\u00e9 BURG-W\u00c4CHTER. L&#039;\u00e9l\u00e9gant arceau Rondo apporte la\" \/>\n<meta property=\"og:url\" content=\"https:\/\/test.burgwaechterservice.de\/fr\/p\/boites-aux-lettres\/rondo\/\" \/>\n<meta property=\"og:site_name\" content=\"Burg-W\u00e4chter France\" \/>\n<meta property=\"article:modified_time\" content=\"2016-11-17T15:37:32+00:00\" \/>\n<meta property=\"og:image\" content=\"https:\/\/test.burgwaechterservice.de\/fr\/wp-content\/uploads\/sites\/4\/2016\/07\/Briefkastenst\u00e4nder_Rondo_145_W_277607_mit_Briefkasten_Bremen_885-01.jpg\" \/>\n\t<meta property=\"og:image:width\" content=\"2000\" \/>\n\t<meta property=\"og:image:height\" content=\"1816\" \/>\n\t<meta property=\"og:image:type\" content=\"image\/jpeg\" \/>\n<meta name=\"twitter:card\" content=\"summary_large_image\" \/>\n<meta name=\"twitter:label1\" content=\"Dur\u00e9e de lecture estim\u00e9e\" \/>\n\t<meta name=\"twitter:data1\" content=\"1 minute\" \/>\n<!-- \/ Yoast SEO Premium plugin. -->","yoast_head_json":{"title":"Rondo - Burg-W\u00e4chter","description":"Arceau \u00e9l\u00e9gant en aluminium trait\u00e9 Le poteau adapt\u00e9 \u00e0 de nombreuses bo\u00eetes aux lettres en PVC de qualit\u00e9 BURG-W\u00c4CHTER. L'\u00e9l\u00e9gant arceau Rondo apporte la","robots":{"index":"index","follow":"follow","max-snippet":"max-snippet:-1","max-image-preview":"max-image-preview:large","max-video-preview":"max-video-preview:-1"},"canonical":"https:\/\/test.burgwaechterservice.de\/fr\/p\/boites-aux-lettres\/rondo\/","og_locale":"fr_FR","og_type":"article","og_title":"Rondo","og_description":"Arceau \u00e9l\u00e9gant en aluminium trait\u00e9 Le poteau adapt\u00e9 \u00e0 de nombreuses bo\u00eetes aux lettres en PVC de qualit\u00e9 BURG-W\u00c4CHTER. L'\u00e9l\u00e9gant arceau Rondo apporte la","og_url":"https:\/\/test.burgwaechterservice.de\/fr\/p\/boites-aux-lettres\/rondo\/","og_site_name":"Burg-W\u00e4chter France","article_modified_time":"2016-11-17T15:37:32+00:00","og_image":[{"width":2000,"height":1816,"url":"https:\/\/test.burgwaechterservice.de\/fr\/wp-content\/uploads\/sites\/4\/2016\/07\/Briefkastenst\u00e4nder_Rondo_145_W_277607_mit_Briefkasten_Bremen_885-01.jpg","type":"image\/jpeg"}],"twitter_card":"summary_large_image","twitter_misc":{"Dur\u00e9e de lecture estim\u00e9e":"1 minute"},"schema":{"@context":"https:\/\/schema.org","@graph":[{"@type":"WebPage","@id":"https:\/\/test.burgwaechterservice.de\/fr\/p\/boites-aux-lettres\/rondo\/","url":"https:\/\/test.burgwaechterservice.de\/fr\/p\/boites-aux-lettres\/rondo\/","name":"Rondo - Burg-W\u00e4chter","isPartOf":{"@id":"https:\/\/test.burgwaechterservice.de\/fr\/#website"},"datePublished":"2016-07-26T12:49:05+00:00","dateModified":"2016-11-17T15:37:32+00:00","description":"Arceau \u00e9l\u00e9gant en aluminium trait\u00e9 Le poteau adapt\u00e9 \u00e0 de nombreuses bo\u00eetes aux lettres en PVC de qualit\u00e9 BURG-W\u00c4CHTER. L'\u00e9l\u00e9gant arceau Rondo apporte la","breadcrumb":{"@id":"https:\/\/test.burgwaechterservice.de\/fr\/p\/boites-aux-lettres\/rondo\/#breadcrumb"},"inLanguage":"fr-FR","potentialAction":[{"@type":"ReadAction","target":["https:\/\/test.burgwaechterservice.de\/fr\/p\/boites-aux-lettres\/rondo\/"]}]},{"@type":"BreadcrumbList","@id":"https:\/\/test.burgwaechterservice.de\/fr\/p\/boites-aux-lettres\/rondo\/#breadcrumb","itemListElement":[{"@type":"ListItem","position":1,"name":"Accueil","item":"https:\/\/test.burgwaechterservice.de\/fr\/"},{"@type":"ListItem","position":2,"name":"Produits","item":"https:\/\/test.burgwaechterservice.de\/fr\/p\/"},{"@type":"ListItem","position":3,"name":"Rondo"}]},{"@type":"WebSite","@id":"https:\/\/test.burgwaechterservice.de\/fr\/#website","url":"https:\/\/test.burgwaechterservice.de\/fr\/","name":"Burg-W\u00e4chter France","description":"Le choix le plus s\u00fbr!","potentialAction":[{"@type":"SearchAction","target":{"@type":"EntryPoint","urlTemplate":"https:\/\/test.burgwaechterservice.de\/fr\/?s={search_term_string}"},"query-input":"required name=search_term_string"}],"inLanguage":"fr-FR"}]}},"_links":{"self":[{"href":"https:\/\/test.burgwaechterservice.de\/fr\/wp-json\/wp\/v2\/product\/32857"}],"collection":[{"href":"https:\/\/test.burgwaechterservice.de\/fr\/wp-json\/wp\/v2\/product"}],"about":[{"href":"https:\/\/test.burgwaechterservice.de\/fr\/wp-json\/wp\/v2\/types\/product"}],"replies":[{"embeddable":true,"href":"https:\/\/test.burgwaechterservice.de\/fr\/wp-json\/wp\/v2\/comments?post=32857"}],"wp:featuredmedia":[{"embeddable":true,"href":"https:\/\/test.burgwaechterservice.de\/fr\/wp-json\/wp\/v2\/media\/32858"}],"wp:attachment":[{"href":"https:\/\/test.burgwaechterservice.de\/fr\/wp-json\/wp\/v2\/media?parent=32857"}],"wp:term":[{"taxonomy":"product_cat","embeddable":true,"href":"https:\/\/test.burgwaechterservice.de\/fr\/wp-json\/wp\/v2\/product_cat?post=32857"},{"taxonomy":"product_tag","embeddable":true,"href":"https:\/\/test.burgwaechterservice.de\/fr\/wp-json\/wp\/v2\/product_tag?post=32857"}],"curies":[{"name":"wp","href":"https:\/\/api.w.org\/{rel}","templated":true}]}}