{"id":32851,"date":"2016-07-26T14:42:12","date_gmt":"2016-07-26T12:42:12","guid":{"rendered":"https:\/\/www.burg.biz\/?post_type=product&#038;p=32851"},"modified":"2021-06-11T09:06:39","modified_gmt":"2021-06-11T07:06:39","slug":"u-s-mailbox","status":"publish","type":"product","link":"https:\/\/test.burgwaechterservice.de\/fr\/p\/boites-aux-lettres\/u-s-mailbox\/","title":{"rendered":"L\u00b4originale US-Mailbox"},"content":{"rendered":"<h2>La bo\u00eete aux lettres aux allures d&#8217;am\u00e9ricaine avec de nombreuses possibilit\u00e9s de stockage pour courrier et journaux<\/h2>\n<p>Cette bo\u00eete aux lettres classique, dans le style am\u00e9ricain, attire tous les regards. En plus du design cosmopolite, la bo\u00eete aux lettres est un miracle d&#8217;espace gr\u00e2ce \u00e0 son <strong>int\u00e9rieur volumineux.<\/strong> Il y a assez de place pour y stocker beaucoup de courrier.<\/p>\n<p>Le drapeau rouge embl\u00e9matique est <strong>rabattable<\/strong> et vous signale d\u00e8s que du courrier se trouve \u00e0 l&#8217;int\u00e9rieur pour vous.<\/p>\n<p>Cette bo\u00eete aux lettres est disponible en blanc (mod\u00e8le 891 W) et noir (mod\u00e8le 891 S), en t\u00f4le d&#8217;acier peinte. Vous pouvez \u00e9galement choisir le mod\u00e8le en aluminium massif (892 Alu).<\/p>\n<p>Nous proposons \u00e9galement les <strong>poteaux de support <\/strong>adapt\u00e9s \u00e0 la bo\u00eete aux lettres, avec lesquels celle-ci peut \u00eatre install\u00e9e, \u00e0 l&#8217;endroit de votre choix, de fa\u00e7on optimale. Le pilier existe en noir \u00e9l\u00e9gant.<\/p>\n<h3>Conseil de BURG-W\u00c4CHTER\u00a0:<\/h3>\n<p>Il est recommand\u00e9e de ne pas exposer l&#8217;U.S. Mailbox directement et en permanence aux intemp\u00e9ries. Installez-la pour cette raison \u00e0 <strong>un endroit prot\u00e9g\u00e9 des intemp\u00e9ries.<\/strong> Ainsi, vous pourrez profiter de ce mod\u00e8le am\u00e9ricain encore de longues ann\u00e9es.<\/p>\n<h3>L&#8217;U.S. Mailbox de BURG-W\u00c4CHTER<\/h3>\n<ul>\n<li>Avec drapeau rouge rabattable<\/li>\n<li>Grande capacit\u00e9 de stockage<\/li>\n<li>Disponible en blanc, noir et aluminium massif<\/li>\n<li>Poteaux de support disponible s\u00e9par\u00e9ment (hauteur\u00a0:\u00a01500 mm, \u00d8\u00a0:\u00a030 mm)<\/li>\n<li>Dimensions L x l x H\u00a0: 220 x 170 x 480 mm<\/li>\n<\/ul>\n<table class=\"ausfuehrung\" style=\"height: 252px;\" width=\"1372\">\n<thead>\n<tr>\n<td>Article<\/td>\n<td>Couleurs<\/td>\n<td>H x L x P<\/td>\n<\/tr>\n<tr>\n<td><\/td>\n<td><\/td>\n<td class=\"subdesc\">mm<\/td>\n<\/tr>\n<\/thead>\n<tbody>\n<tr>\n<td>891 W<\/td>\n<td>blanc<\/td>\n<td>220 x 170 x 480<\/td>\n<\/tr>\n<tr>\n<td>891 S<\/td>\n<td>noir<\/td>\n<td>220 x 170 x 480<\/td>\n<\/tr>\n<tr>\n<td>892 ALU<\/td>\n<td>aluminium massif<\/td>\n<td>220 x 170 x 480<\/td>\n<\/tr>\n<tr>\n<td>Poteau pour US-Mailbox 893 S<\/td>\n<td>noir<\/td>\n<td>Hauteur : 1500mm<\/p>\n<p>\u00d8: 30<\/td>\n<\/tr>\n<\/tbody>\n<\/table>\n","protected":false},"excerpt":{"rendered":"<p>La bo\u00eete aux lettres aux allures d&#8217;am\u00e9ricaine avec de nombreuses possibilit\u00e9s de stockage pour courrier et journaux Cette bo\u00eete aux lettres classique, dans le style am\u00e9ricain, attire tous les regards. En plus du design cosmopolite, la bo\u00eete aux lettres est &hellip; <a class=\"kt-excerpt-readmore\" href=\"https:\/\/test.burgwaechterservice.de\/fr\/p\/boites-aux-lettres\/u-s-mailbox\/\" aria-label=\"L\u00b4originale US-Mailbox\">Lire la suite<\/a><\/p>\n","protected":false},"featured_media":32855,"comment_status":"closed","ping_status":"closed","template":"","meta":[],"product_cat":[23,43],"product_tag":[566],"yoast_head":"<!-- This site is optimized with the Yoast SEO Premium plugin v18.4 (Yoast SEO v19.13) - https:\/\/yoast.com\/wordpress\/plugins\/seo\/ -->\n<title>U.S. Mailbox - Burg-W\u00e4chter<\/title>\n<meta name=\"description\" content=\"La bo\u00eete aux lettres aux allures d&#039;am\u00e9ricaine avec de nombreuses possibilit\u00e9s de stockage pour courrier et journaux Cette bo\u00eete aux lettres classique,\" \/>\n<meta name=\"robots\" content=\"index, follow, max-snippet:-1, max-image-preview:large, max-video-preview:-1\" \/>\n<link rel=\"canonical\" href=\"https:\/\/test.burgwaechterservice.de\/fr\/p\/boites-aux-lettres\/u-s-mailbox\/\" \/>\n<meta property=\"og:locale\" content=\"fr_FR\" \/>\n<meta property=\"og:type\" content=\"article\" \/>\n<meta property=\"og:title\" content=\"L\u00b4originale US-Mailbox\" \/>\n<meta property=\"og:description\" content=\"La bo\u00eete aux lettres aux allures d&#039;am\u00e9ricaine avec de nombreuses possibilit\u00e9s de stockage pour courrier et journaux Cette bo\u00eete aux lettres classique,\" \/>\n<meta property=\"og:url\" content=\"https:\/\/test.burgwaechterservice.de\/fr\/p\/boites-aux-lettres\/u-s-mailbox\/\" \/>\n<meta property=\"og:site_name\" content=\"Burg-W\u00e4chter France\" \/>\n<meta property=\"article:modified_time\" content=\"2021-06-11T07:06:39+00:00\" \/>\n<meta property=\"og:image\" content=\"https:\/\/test.burgwaechterservice.de\/fr\/wp-content\/uploads\/sites\/4\/2016\/07\/Mailbox_891_S_186107_mit_St\u00fctzpfosten_893_S_186503-01.jpg\" \/>\n\t<meta property=\"og:image:width\" content=\"2598\" \/>\n\t<meta property=\"og:image:height\" content=\"2721\" \/>\n\t<meta property=\"og:image:type\" content=\"image\/jpeg\" \/>\n<meta name=\"twitter:card\" content=\"summary_large_image\" \/>\n<meta name=\"twitter:label1\" content=\"Dur\u00e9e de lecture estim\u00e9e\" \/>\n\t<meta name=\"twitter:data1\" content=\"2 minutes\" \/>\n<!-- \/ Yoast SEO Premium plugin. -->","yoast_head_json":{"title":"U.S. Mailbox - Burg-W\u00e4chter","description":"La bo\u00eete aux lettres aux allures d'am\u00e9ricaine avec de nombreuses possibilit\u00e9s de stockage pour courrier et journaux Cette bo\u00eete aux lettres classique,","robots":{"index":"index","follow":"follow","max-snippet":"max-snippet:-1","max-image-preview":"max-image-preview:large","max-video-preview":"max-video-preview:-1"},"canonical":"https:\/\/test.burgwaechterservice.de\/fr\/p\/boites-aux-lettres\/u-s-mailbox\/","og_locale":"fr_FR","og_type":"article","og_title":"L\u00b4originale US-Mailbox","og_description":"La bo\u00eete aux lettres aux allures d'am\u00e9ricaine avec de nombreuses possibilit\u00e9s de stockage pour courrier et journaux Cette bo\u00eete aux lettres classique,","og_url":"https:\/\/test.burgwaechterservice.de\/fr\/p\/boites-aux-lettres\/u-s-mailbox\/","og_site_name":"Burg-W\u00e4chter France","article_modified_time":"2021-06-11T07:06:39+00:00","og_image":[{"width":2598,"height":2721,"url":"https:\/\/test.burgwaechterservice.de\/fr\/wp-content\/uploads\/sites\/4\/2016\/07\/Mailbox_891_S_186107_mit_St\u00fctzpfosten_893_S_186503-01.jpg","type":"image\/jpeg"}],"twitter_card":"summary_large_image","twitter_misc":{"Dur\u00e9e de lecture estim\u00e9e":"2 minutes"},"schema":{"@context":"https:\/\/schema.org","@graph":[{"@type":"WebPage","@id":"https:\/\/test.burgwaechterservice.de\/fr\/p\/boites-aux-lettres\/u-s-mailbox\/","url":"https:\/\/test.burgwaechterservice.de\/fr\/p\/boites-aux-lettres\/u-s-mailbox\/","name":"U.S. Mailbox - Burg-W\u00e4chter","isPartOf":{"@id":"https:\/\/test.burgwaechterservice.de\/fr\/#website"},"datePublished":"2016-07-26T12:42:12+00:00","dateModified":"2021-06-11T07:06:39+00:00","description":"La bo\u00eete aux lettres aux allures d'am\u00e9ricaine avec de nombreuses possibilit\u00e9s de stockage pour courrier et journaux Cette bo\u00eete aux lettres classique,","breadcrumb":{"@id":"https:\/\/test.burgwaechterservice.de\/fr\/p\/boites-aux-lettres\/u-s-mailbox\/#breadcrumb"},"inLanguage":"fr-FR","potentialAction":[{"@type":"ReadAction","target":["https:\/\/test.burgwaechterservice.de\/fr\/p\/boites-aux-lettres\/u-s-mailbox\/"]}]},{"@type":"BreadcrumbList","@id":"https:\/\/test.burgwaechterservice.de\/fr\/p\/boites-aux-lettres\/u-s-mailbox\/#breadcrumb","itemListElement":[{"@type":"ListItem","position":1,"name":"Accueil","item":"https:\/\/test.burgwaechterservice.de\/fr\/"},{"@type":"ListItem","position":2,"name":"Produits","item":"https:\/\/test.burgwaechterservice.de\/fr\/p\/"},{"@type":"ListItem","position":3,"name":"L\u00b4originale US-Mailbox"}]},{"@type":"WebSite","@id":"https:\/\/test.burgwaechterservice.de\/fr\/#website","url":"https:\/\/test.burgwaechterservice.de\/fr\/","name":"Burg-W\u00e4chter France","description":"Le choix le plus s\u00fbr!","potentialAction":[{"@type":"SearchAction","target":{"@type":"EntryPoint","urlTemplate":"https:\/\/test.burgwaechterservice.de\/fr\/?s={search_term_string}"},"query-input":"required name=search_term_string"}],"inLanguage":"fr-FR"}]}},"_links":{"self":[{"href":"https:\/\/test.burgwaechterservice.de\/fr\/wp-json\/wp\/v2\/product\/32851"}],"collection":[{"href":"https:\/\/test.burgwaechterservice.de\/fr\/wp-json\/wp\/v2\/product"}],"about":[{"href":"https:\/\/test.burgwaechterservice.de\/fr\/wp-json\/wp\/v2\/types\/product"}],"replies":[{"embeddable":true,"href":"https:\/\/test.burgwaechterservice.de\/fr\/wp-json\/wp\/v2\/comments?post=32851"}],"wp:featuredmedia":[{"embeddable":true,"href":"https:\/\/test.burgwaechterservice.de\/fr\/wp-json\/wp\/v2\/media\/32855"}],"wp:attachment":[{"href":"https:\/\/test.burgwaechterservice.de\/fr\/wp-json\/wp\/v2\/media?parent=32851"}],"wp:term":[{"taxonomy":"product_cat","embeddable":true,"href":"https:\/\/test.burgwaechterservice.de\/fr\/wp-json\/wp\/v2\/product_cat?post=32851"},{"taxonomy":"product_tag","embeddable":true,"href":"https:\/\/test.burgwaechterservice.de\/fr\/wp-json\/wp\/v2\/product_tag?post=32851"}],"curies":[{"name":"wp","href":"https:\/\/api.w.org\/{rel}","templated":true}]}}