{"id":32844,"date":"2016-07-26T14:30:58","date_gmt":"2016-07-26T12:30:58","guid":{"rendered":"https:\/\/www.burg.biz\/?post_type=product&#038;p=32844"},"modified":"2016-11-17T14:47:28","modified_gmt":"2016-11-17T13:47:28","slug":"base-uni-150","status":"publish","type":"product","link":"https:\/\/test.burgwaechterservice.de\/fr\/p\/boites-aux-lettres\/base-uni-150\/","title":{"rendered":"Pieds de montage BASE Uni 150"},"content":{"rendered":"<p><img decoding=\"async\" class=\"alignnone wp-image-41814\" src=\"https:\/\/test.burgwaechterservice.de\/fr\/wp-content\/uploads\/sites\/4\/2016\/07\/Base-Uni-150-Ni.jpg\" alt=\"BUW-Icons-BK 4c OK.indd\" width=\"300\" height=\"118\" srcset=\"https:\/\/test.burgwaechterservice.de\/fr\/wp-content\/uploads\/sites\/4\/2016\/07\/Base-Uni-150-Ni.jpg 811w, https:\/\/test.burgwaechterservice.de\/fr\/wp-content\/uploads\/sites\/4\/2016\/07\/Base-Uni-150-Ni-300x118.jpg 300w, https:\/\/test.burgwaechterservice.de\/fr\/wp-content\/uploads\/sites\/4\/2016\/07\/Base-Uni-150-Ni-768x302.jpg 768w\" sizes=\"(max-width: 300px) 100vw, 300px\" \/><\/p>\n<h2>Montage simple sans chape de b\u00e9ton gr\u00e2ce au pied BASE Uni 150<\/h2>\n<p>Ce type de montage pour votre bo\u00eete aux lettres ind\u00e9pendante est pratique, <strong>rapide et confortable.<\/strong> Gr\u00e2ce aux deux pieds de montage compris dans le lot, vous ancrez fermement le pied ainsi que la bo\u00eete aux lettres au sol.<\/p>\n<p><strong>BASE Uni 150 Ni en acier inoxydable\u00a0:<\/strong> Ce pied de montage est fabriqu\u00e9 en acier inoxydable. Il ne craint aucune m\u00e9t\u00e9o, dispose d&#8217;une longue dur\u00e9e de vie et il est particuli\u00e8rement \u00e9l\u00e9gant.<\/p>\n<p><strong>BASE Uni 150 en acier galvanis\u00e9\u00a0<\/strong>: galvanisation de protection contre les intemp\u00e9ries disponible en trois tons simples. Vous pouvez choisir entre un blanc discret, un noir \u00e9l\u00e9gant ou un vernis argent\u00e9 chic pour accompagner sans faute de go\u00fbt votre <a href=\"https:\/\/test.burgwaechterservice.de\/fr\/p\/boites-aux-lettres\/universal-150\/\">poteau Universal 150 Ni<\/a>\u00a0.<\/p>\n<h3>Astuce de montage\u00a0:<\/h3>\n<p>proc\u00e9dez au montage sur une <strong>surface stable<\/strong> (par ex. du b\u00e9ton). Vous avez la possibilit\u00e9 d&#8217;adapter la hauteur (longueur) du poteau \u00e0 vos besoins en le coupant si besoin est. Placez-le au centre du support (pied) et enfoncez-le avec force. Si n\u00e9cessaire, utilisez un marteau en plastique.<\/p>\n<p>Le mat\u00e9riel de fixation du pied de montage fait partie de la livraison si bien que vous pouvez fixer et utiliser votre bo\u00eete aux lettres sans attendre.<\/p>\n<h3>Le pied de montage pratique BASE Uni 150<\/h3>\n<ul>\n<li>Convient au poteau Universal 150 Ni et \u00e0 l&#8217;arceau Nordic<\/li>\n<li>Deux pieds compris dans le lot<\/li>\n<li>Montage simple sans avoir \u00e0 b\u00e9tonner<\/li>\n<li>Pour visser sur une surface stable<\/li>\n<li>Livr\u00e9 avec mat\u00e9riel de fixation<\/li>\n<li>BASE Uni 150 Ni\u00a0: en acier inoxydable<\/li>\n<li>BASE Uni 150\u00a0: en acier galvanis\u00e9 peint en blanc, noir ou argent\u00e9<\/li>\n<\/ul>\n<p>&nbsp;<\/p>\n<table class=\"ausfuehrung\">\n<thead>\n<tr>\n<td>Article<\/td>\n<td>Couleurs<\/td>\n<\/tr>\n<\/thead>\n<tbody>\n<tr>\n<td>BASE Uni 150 Ni<\/td>\n<td>acier inoxydable<\/td>\n<\/tr>\n<tr>\n<td>BASE Uni 150 W<\/td>\n<td>blanc<\/td>\n<\/tr>\n<tr>\n<td>BASE Uni 150 S<\/td>\n<td>noir<\/td>\n<\/tr>\n<tr>\n<td>BASE Uni 150 Si<\/td>\n<td>argent<\/td>\n<\/tr>\n<\/tbody>\n<\/table>\n","protected":false},"excerpt":{"rendered":"<p>Montage simple sans chape de b\u00e9ton gr\u00e2ce au pied BASE Uni 150 Ce type de montage pour votre bo\u00eete aux lettres ind\u00e9pendante est pratique, rapide et confortable. Gr\u00e2ce aux deux pieds de montage compris dans le lot, vous ancrez fermement &hellip; <a class=\"kt-excerpt-readmore\" href=\"https:\/\/test.burgwaechterservice.de\/fr\/p\/boites-aux-lettres\/base-uni-150\/\" aria-label=\"Pieds de montage BASE Uni 150\">Lire la suite<\/a><\/p>\n","protected":false},"featured_media":32849,"comment_status":"closed","ping_status":"closed","template":"","meta":[],"product_cat":[23,45],"product_tag":[],"yoast_head":"<!-- This site is optimized with the Yoast SEO Premium plugin v18.4 (Yoast SEO v19.13) - https:\/\/yoast.com\/wordpress\/plugins\/seo\/ -->\n<title>BASE Uni 150 - Burg-W\u00e4chter<\/title>\n<meta name=\"description\" content=\"Montage simple sans chape de b\u00e9ton gr\u00e2ce au pied BASE Uni 150 Ce type de montage pour votre bo\u00eete aux lettres ind\u00e9pendante est pratique, rapide et\" \/>\n<meta name=\"robots\" content=\"index, follow, max-snippet:-1, max-image-preview:large, max-video-preview:-1\" \/>\n<link rel=\"canonical\" href=\"https:\/\/test.burgwaechterservice.de\/fr\/p\/boites-aux-lettres\/base-uni-150\/\" \/>\n<meta property=\"og:locale\" content=\"fr_FR\" \/>\n<meta property=\"og:type\" content=\"article\" \/>\n<meta property=\"og:title\" content=\"Pieds de montage BASE Uni 150\" \/>\n<meta property=\"og:description\" content=\"Montage simple sans chape de b\u00e9ton gr\u00e2ce au pied BASE Uni 150 Ce type de montage pour votre bo\u00eete aux lettres ind\u00e9pendante est pratique, rapide et\" \/>\n<meta property=\"og:url\" content=\"https:\/\/test.burgwaechterservice.de\/fr\/p\/boites-aux-lettres\/base-uni-150\/\" \/>\n<meta property=\"og:site_name\" content=\"Burg-W\u00e4chter France\" \/>\n<meta property=\"article:modified_time\" content=\"2016-11-17T13:47:28+00:00\" \/>\n<meta property=\"og:image\" content=\"https:\/\/test.burgwaechterservice.de\/fr\/wp-content\/uploads\/sites\/4\/2016\/07\/Briefkastenst\u00e4nder_Monatgefu\u00df_Base_Uni_150_Ni_372609-03.jpg\" \/>\n\t<meta property=\"og:image:width\" content=\"2276\" \/>\n\t<meta property=\"og:image:height\" content=\"3026\" \/>\n\t<meta property=\"og:image:type\" content=\"image\/jpeg\" \/>\n<meta name=\"twitter:card\" content=\"summary_large_image\" \/>\n<meta name=\"twitter:label1\" content=\"Dur\u00e9e de lecture estim\u00e9e\" \/>\n\t<meta name=\"twitter:data1\" content=\"1 minute\" \/>\n<!-- \/ Yoast SEO Premium plugin. -->","yoast_head_json":{"title":"BASE Uni 150 - Burg-W\u00e4chter","description":"Montage simple sans chape de b\u00e9ton gr\u00e2ce au pied BASE Uni 150 Ce type de montage pour votre bo\u00eete aux lettres ind\u00e9pendante est pratique, rapide et","robots":{"index":"index","follow":"follow","max-snippet":"max-snippet:-1","max-image-preview":"max-image-preview:large","max-video-preview":"max-video-preview:-1"},"canonical":"https:\/\/test.burgwaechterservice.de\/fr\/p\/boites-aux-lettres\/base-uni-150\/","og_locale":"fr_FR","og_type":"article","og_title":"Pieds de montage BASE Uni 150","og_description":"Montage simple sans chape de b\u00e9ton gr\u00e2ce au pied BASE Uni 150 Ce type de montage pour votre bo\u00eete aux lettres ind\u00e9pendante est pratique, rapide et","og_url":"https:\/\/test.burgwaechterservice.de\/fr\/p\/boites-aux-lettres\/base-uni-150\/","og_site_name":"Burg-W\u00e4chter France","article_modified_time":"2016-11-17T13:47:28+00:00","og_image":[{"width":2276,"height":3026,"url":"https:\/\/test.burgwaechterservice.de\/fr\/wp-content\/uploads\/sites\/4\/2016\/07\/Briefkastenst\u00e4nder_Monatgefu\u00df_Base_Uni_150_Ni_372609-03.jpg","type":"image\/jpeg"}],"twitter_card":"summary_large_image","twitter_misc":{"Dur\u00e9e de lecture estim\u00e9e":"1 minute"},"schema":{"@context":"https:\/\/schema.org","@graph":[{"@type":"WebPage","@id":"https:\/\/test.burgwaechterservice.de\/fr\/p\/boites-aux-lettres\/base-uni-150\/","url":"https:\/\/test.burgwaechterservice.de\/fr\/p\/boites-aux-lettres\/base-uni-150\/","name":"BASE Uni 150 - Burg-W\u00e4chter","isPartOf":{"@id":"https:\/\/test.burgwaechterservice.de\/fr\/#website"},"datePublished":"2016-07-26T12:30:58+00:00","dateModified":"2016-11-17T13:47:28+00:00","description":"Montage simple sans chape de b\u00e9ton gr\u00e2ce au pied BASE Uni 150 Ce type de montage pour votre bo\u00eete aux lettres ind\u00e9pendante est pratique, rapide et","breadcrumb":{"@id":"https:\/\/test.burgwaechterservice.de\/fr\/p\/boites-aux-lettres\/base-uni-150\/#breadcrumb"},"inLanguage":"fr-FR","potentialAction":[{"@type":"ReadAction","target":["https:\/\/test.burgwaechterservice.de\/fr\/p\/boites-aux-lettres\/base-uni-150\/"]}]},{"@type":"BreadcrumbList","@id":"https:\/\/test.burgwaechterservice.de\/fr\/p\/boites-aux-lettres\/base-uni-150\/#breadcrumb","itemListElement":[{"@type":"ListItem","position":1,"name":"Accueil","item":"https:\/\/test.burgwaechterservice.de\/fr\/"},{"@type":"ListItem","position":2,"name":"Produits","item":"https:\/\/test.burgwaechterservice.de\/fr\/p\/"},{"@type":"ListItem","position":3,"name":"Pieds de montage BASE Uni 150"}]},{"@type":"WebSite","@id":"https:\/\/test.burgwaechterservice.de\/fr\/#website","url":"https:\/\/test.burgwaechterservice.de\/fr\/","name":"Burg-W\u00e4chter France","description":"Le choix le plus s\u00fbr!","potentialAction":[{"@type":"SearchAction","target":{"@type":"EntryPoint","urlTemplate":"https:\/\/test.burgwaechterservice.de\/fr\/?s={search_term_string}"},"query-input":"required name=search_term_string"}],"inLanguage":"fr-FR"}]}},"_links":{"self":[{"href":"https:\/\/test.burgwaechterservice.de\/fr\/wp-json\/wp\/v2\/product\/32844"}],"collection":[{"href":"https:\/\/test.burgwaechterservice.de\/fr\/wp-json\/wp\/v2\/product"}],"about":[{"href":"https:\/\/test.burgwaechterservice.de\/fr\/wp-json\/wp\/v2\/types\/product"}],"replies":[{"embeddable":true,"href":"https:\/\/test.burgwaechterservice.de\/fr\/wp-json\/wp\/v2\/comments?post=32844"}],"wp:featuredmedia":[{"embeddable":true,"href":"https:\/\/test.burgwaechterservice.de\/fr\/wp-json\/wp\/v2\/media\/32849"}],"wp:attachment":[{"href":"https:\/\/test.burgwaechterservice.de\/fr\/wp-json\/wp\/v2\/media?parent=32844"}],"wp:term":[{"taxonomy":"product_cat","embeddable":true,"href":"https:\/\/test.burgwaechterservice.de\/fr\/wp-json\/wp\/v2\/product_cat?post=32844"},{"taxonomy":"product_tag","embeddable":true,"href":"https:\/\/test.burgwaechterservice.de\/fr\/wp-json\/wp\/v2\/product_tag?post=32844"}],"curies":[{"name":"wp","href":"https:\/\/api.w.org\/{rel}","templated":true}]}}