{"id":32840,"date":"2016-07-26T13:02:53","date_gmt":"2016-07-26T11:02:53","guid":{"rendered":"https:\/\/www.burg.biz\/?post_type=product&#038;p=32840"},"modified":"2016-11-17T15:42:52","modified_gmt":"2016-11-17T14:42:52","slug":"support-nordic","status":"publish","type":"product","link":"https:\/\/test.burgwaechterservice.de\/fr\/p\/boites-aux-lettres\/support-nordic\/","title":{"rendered":"Support Nordic Ni"},"content":{"rendered":"<p><img decoding=\"async\" class=\"alignnone wp-image-41821\" src=\"https:\/\/test.burgwaechterservice.de\/fr\/wp-content\/uploads\/sites\/4\/2016\/07\/Hannover-und-Briefk\u00e4sten-Ni-Piktos-gesamt-und-Uni-190-Ni-Nordic-St\u00e4nder.jpg\" alt=\"BUW-Icons-BK 4c OK.indd\" width=\"219\" height=\"118\" srcset=\"https:\/\/test.burgwaechterservice.de\/fr\/wp-content\/uploads\/sites\/4\/2016\/07\/Hannover-und-Briefk\u00e4sten-Ni-Piktos-gesamt-und-Uni-190-Ni-Nordic-St\u00e4nder.jpg 566w, https:\/\/test.burgwaechterservice.de\/fr\/wp-content\/uploads\/sites\/4\/2016\/07\/Hannover-und-Briefk\u00e4sten-Ni-Piktos-gesamt-und-Uni-190-Ni-Nordic-St\u00e4nder-300x162.jpg 300w\" sizes=\"(max-width: 219px) 100vw, 219px\" \/><\/p>\n<h2>Le poteau adapt\u00e9 \u00e0 la bo\u00eete aux lettres galb\u00e9e NORDIC<\/h2>\n<p>Vous souhaitez placer votre bo\u00eete aux lettres Nordic \u00e0 un endroit particulier\u00a0? C&#8217;est tr\u00e8s facile avec le poteau adapt\u00e9 en acier inoxydable Nordic 3685 Ni ou 3785 Ni \u00a0de BURG-W\u00c4CHTER.<\/p>\n<p>Il est r\u00e9alis\u00e9 en <strong>acier inoxydable brut et bross\u00e9.<\/strong> Il est ainsi particuli\u00e8rement <strong>r\u00e9sistant<\/strong> et <strong>ne craint pas les intemp\u00e9ries<\/strong>. Et la rouille s&#8217;y casse les dents.<\/p>\n<p>Vous avez la possibilit\u00e9 de b\u00e9tonner solidement le poteau Universal ou de le monter sur le pied BASE Uni 150. <a href=\"https:\/\/test.burgwaechterservice.de\/fr\/p\/boites-aux-lettres\/base-uni-150\/\">D\u00e9couvrez ici le pied de montage<\/a>.<\/p>\n<h3>Le poteau Nordic de BURG-W\u00c4CHTER<\/h3>\n<ul>\n<li>Avec arceau<\/li>\n<li>Se marie parfaitement \u00e0 la forme du mod\u00e8le de bo\u00eete aux lettres Nordic<\/li>\n<li>Fabriqu\u00e9e en acier inoxydable<\/li>\n<li>Disponible en deux tailles\n<ul>\n<li>Nordic 3685 Ni pour les bo\u00eetes aux lettres <a href=\"https:\/\/test.burgwaechterservice.de\/fr\/p\/boites-aux-lettres\/nordic\/\">Nordic 3680 Ni<\/a> et <a href=\"https:\/\/test.burgwaechterservice.de\/fr\/p\/boites-aux-lettres\/nordic-680780\/\">Nordic 680<\/a><br \/>\nDimensions H x l\u00a0: 1500 (1200) x 363 mm, \u00d8: 32 mm<\/li>\n<\/ul>\n<\/li>\n<\/ul>\n<p>&nbsp;<\/p>\n<ul>\n<li>Nordic 3785 Ni pour les bo\u00eetes aux lettres <a href=\"https:\/\/test.burgwaechterservice.de\/fr\/p\/boites-aux-lettres\/nordic\/\">Nordic 3780 Ni<\/a> et <a href=\"https:\/\/test.burgwaechterservice.de\/fr\/p\/boites-aux-lettres\/nordic-680780\/\">Nordic 780<\/a><br \/>\nDimensions H x l\u00a0: 1500 (1200) x 443 mm, \u00d8\u00a0: 32 mm<\/li>\n<\/ul>\n<p>&nbsp;<\/p>\n<table class=\"ausfuehrung\">\n<thead>\n<tr>\n<td>Article<\/td>\n<td>H x L<\/td>\n<td>\u00d8<\/td>\n<\/tr>\n<tr>\n<td class=\"subdesc\"><\/td>\n<td><\/td>\n<td class=\"subdesc\">mm<\/td>\n<\/tr>\n<\/thead>\n<tbody>\n<tr>\n<td>Nordic 3685 Ni<\/td>\n<td>1500 (1200) x 363<\/td>\n<td>32<\/td>\n<\/tr>\n<tr>\n<td>Nordic 3785 Ni<\/td>\n<td>1500 (1200) x 443<\/td>\n<td>32<\/td>\n<\/tr>\n<\/tbody>\n<\/table>\n","protected":false},"excerpt":{"rendered":"<p>Le poteau adapt\u00e9 \u00e0 la bo\u00eete aux lettres galb\u00e9e NORDIC Vous souhaitez placer votre bo\u00eete aux lettres Nordic \u00e0 un endroit particulier\u00a0? C&#8217;est tr\u00e8s facile avec le poteau adapt\u00e9 en acier inoxydable Nordic 3685 Ni ou 3785 Ni \u00a0de BURG-W\u00c4CHTER. &hellip; <a class=\"kt-excerpt-readmore\" href=\"https:\/\/test.burgwaechterservice.de\/fr\/p\/boites-aux-lettres\/support-nordic\/\" aria-label=\"Support Nordic Ni\">Lire la suite<\/a><\/p>\n","protected":false},"featured_media":32843,"comment_status":"closed","ping_status":"closed","template":"","meta":[],"product_cat":[23,45],"product_tag":[],"yoast_head":"<!-- This site is optimized with the Yoast SEO Premium plugin v18.4 (Yoast SEO v19.13) - https:\/\/yoast.com\/wordpress\/plugins\/seo\/ -->\n<title>Support Nordic- Burg-W\u00e4chter<\/title>\n<meta name=\"description\" content=\"Le poteau adapt\u00e9 \u00e0 la bo\u00eete aux lettres galb\u00e9e NORDIC Vous souhaitez placer votre bo\u00eete aux lettres Nordic \u00e0 un endroit particulier\u00a0? C&#039;est tr\u00e8s facile\" \/>\n<meta name=\"robots\" content=\"index, follow, max-snippet:-1, max-image-preview:large, max-video-preview:-1\" \/>\n<link rel=\"canonical\" href=\"https:\/\/test.burgwaechterservice.de\/fr\/p\/boites-aux-lettres\/support-nordic\/\" \/>\n<meta property=\"og:locale\" content=\"fr_FR\" \/>\n<meta property=\"og:type\" content=\"article\" \/>\n<meta property=\"og:title\" content=\"Support Nordic Ni\" \/>\n<meta property=\"og:description\" content=\"Le poteau adapt\u00e9 \u00e0 la bo\u00eete aux lettres galb\u00e9e NORDIC Vous souhaitez placer votre bo\u00eete aux lettres Nordic \u00e0 un endroit particulier\u00a0? C&#039;est tr\u00e8s facile\" \/>\n<meta property=\"og:url\" content=\"https:\/\/test.burgwaechterservice.de\/fr\/p\/boites-aux-lettres\/support-nordic\/\" \/>\n<meta property=\"og:site_name\" content=\"Burg-W\u00e4chter France\" \/>\n<meta property=\"article:modified_time\" content=\"2016-11-17T14:42:52+00:00\" \/>\n<meta property=\"og:image\" content=\"https:\/\/test.burgwaechterservice.de\/fr\/wp-content\/uploads\/sites\/4\/2016\/07\/Briefkasten_Nordic_3680_Ni_368206_mit_St\u00e4nder_Nordic_3685_Ni-01-742x1024.jpg\" \/>\n\t<meta property=\"og:image:width\" content=\"742\" \/>\n\t<meta property=\"og:image:height\" content=\"1024\" \/>\n\t<meta property=\"og:image:type\" content=\"image\/jpeg\" \/>\n<meta name=\"twitter:card\" content=\"summary_large_image\" \/>\n<meta name=\"twitter:label1\" content=\"Dur\u00e9e de lecture estim\u00e9e\" \/>\n\t<meta name=\"twitter:data1\" content=\"1 minute\" \/>\n<!-- \/ Yoast SEO Premium plugin. -->","yoast_head_json":{"title":"Support Nordic- Burg-W\u00e4chter","description":"Le poteau adapt\u00e9 \u00e0 la bo\u00eete aux lettres galb\u00e9e NORDIC Vous souhaitez placer votre bo\u00eete aux lettres Nordic \u00e0 un endroit particulier\u00a0? C'est tr\u00e8s facile","robots":{"index":"index","follow":"follow","max-snippet":"max-snippet:-1","max-image-preview":"max-image-preview:large","max-video-preview":"max-video-preview:-1"},"canonical":"https:\/\/test.burgwaechterservice.de\/fr\/p\/boites-aux-lettres\/support-nordic\/","og_locale":"fr_FR","og_type":"article","og_title":"Support Nordic Ni","og_description":"Le poteau adapt\u00e9 \u00e0 la bo\u00eete aux lettres galb\u00e9e NORDIC Vous souhaitez placer votre bo\u00eete aux lettres Nordic \u00e0 un endroit particulier\u00a0? C'est tr\u00e8s facile","og_url":"https:\/\/test.burgwaechterservice.de\/fr\/p\/boites-aux-lettres\/support-nordic\/","og_site_name":"Burg-W\u00e4chter France","article_modified_time":"2016-11-17T14:42:52+00:00","og_image":[{"width":742,"height":1024,"url":"https:\/\/test.burgwaechterservice.de\/fr\/wp-content\/uploads\/sites\/4\/2016\/07\/Briefkasten_Nordic_3680_Ni_368206_mit_St\u00e4nder_Nordic_3685_Ni-01-742x1024.jpg","type":"image\/jpeg"}],"twitter_card":"summary_large_image","twitter_misc":{"Dur\u00e9e de lecture estim\u00e9e":"1 minute"},"schema":{"@context":"https:\/\/schema.org","@graph":[{"@type":"WebPage","@id":"https:\/\/test.burgwaechterservice.de\/fr\/p\/boites-aux-lettres\/support-nordic\/","url":"https:\/\/test.burgwaechterservice.de\/fr\/p\/boites-aux-lettres\/support-nordic\/","name":"Support Nordic- Burg-W\u00e4chter","isPartOf":{"@id":"https:\/\/test.burgwaechterservice.de\/fr\/#website"},"datePublished":"2016-07-26T11:02:53+00:00","dateModified":"2016-11-17T14:42:52+00:00","description":"Le poteau adapt\u00e9 \u00e0 la bo\u00eete aux lettres galb\u00e9e NORDIC Vous souhaitez placer votre bo\u00eete aux lettres Nordic \u00e0 un endroit particulier\u00a0? C'est tr\u00e8s facile","breadcrumb":{"@id":"https:\/\/test.burgwaechterservice.de\/fr\/p\/boites-aux-lettres\/support-nordic\/#breadcrumb"},"inLanguage":"fr-FR","potentialAction":[{"@type":"ReadAction","target":["https:\/\/test.burgwaechterservice.de\/fr\/p\/boites-aux-lettres\/support-nordic\/"]}]},{"@type":"BreadcrumbList","@id":"https:\/\/test.burgwaechterservice.de\/fr\/p\/boites-aux-lettres\/support-nordic\/#breadcrumb","itemListElement":[{"@type":"ListItem","position":1,"name":"Accueil","item":"https:\/\/test.burgwaechterservice.de\/fr\/"},{"@type":"ListItem","position":2,"name":"Produits","item":"https:\/\/test.burgwaechterservice.de\/fr\/p\/"},{"@type":"ListItem","position":3,"name":"Support Nordic Ni"}]},{"@type":"WebSite","@id":"https:\/\/test.burgwaechterservice.de\/fr\/#website","url":"https:\/\/test.burgwaechterservice.de\/fr\/","name":"Burg-W\u00e4chter France","description":"Le choix le plus s\u00fbr!","potentialAction":[{"@type":"SearchAction","target":{"@type":"EntryPoint","urlTemplate":"https:\/\/test.burgwaechterservice.de\/fr\/?s={search_term_string}"},"query-input":"required name=search_term_string"}],"inLanguage":"fr-FR"}]}},"_links":{"self":[{"href":"https:\/\/test.burgwaechterservice.de\/fr\/wp-json\/wp\/v2\/product\/32840"}],"collection":[{"href":"https:\/\/test.burgwaechterservice.de\/fr\/wp-json\/wp\/v2\/product"}],"about":[{"href":"https:\/\/test.burgwaechterservice.de\/fr\/wp-json\/wp\/v2\/types\/product"}],"replies":[{"embeddable":true,"href":"https:\/\/test.burgwaechterservice.de\/fr\/wp-json\/wp\/v2\/comments?post=32840"}],"wp:featuredmedia":[{"embeddable":true,"href":"https:\/\/test.burgwaechterservice.de\/fr\/wp-json\/wp\/v2\/media\/32843"}],"wp:attachment":[{"href":"https:\/\/test.burgwaechterservice.de\/fr\/wp-json\/wp\/v2\/media?parent=32840"}],"wp:term":[{"taxonomy":"product_cat","embeddable":true,"href":"https:\/\/test.burgwaechterservice.de\/fr\/wp-json\/wp\/v2\/product_cat?post=32840"},{"taxonomy":"product_tag","embeddable":true,"href":"https:\/\/test.burgwaechterservice.de\/fr\/wp-json\/wp\/v2\/product_tag?post=32840"}],"curies":[{"name":"wp","href":"https:\/\/api.w.org\/{rel}","templated":true}]}}