{"id":32835,"date":"2016-07-26T12:49:12","date_gmt":"2016-07-26T10:49:12","guid":{"rendered":"https:\/\/www.burg.biz\/?post_type=product&#038;p=32835"},"modified":"2017-03-29T09:21:47","modified_gmt":"2017-03-29T07:21:47","slug":"universal-190-ni","status":"publish","type":"product","link":"https:\/\/test.burgwaechterservice.de\/fr\/p\/boites-aux-lettres\/universal-190-ni\/","title":{"rendered":"Universal 190 Ni"},"content":{"rendered":"<p><img decoding=\"async\" class=\"alignnone wp-image-41821\" src=\"https:\/\/test.burgwaechterservice.de\/fr\/wp-content\/uploads\/sites\/4\/2016\/07\/Hannover-und-Briefk\u00e4sten-Ni-Piktos-gesamt-und-Uni-190-Ni-Nordic-St\u00e4nder.jpg\" alt=\"BUW-Icons-BK 4c OK.indd\" width=\"219\" height=\"118\" srcset=\"https:\/\/test.burgwaechterservice.de\/fr\/wp-content\/uploads\/sites\/4\/2016\/07\/Hannover-und-Briefk\u00e4sten-Ni-Piktos-gesamt-und-Uni-190-Ni-Nordic-St\u00e4nder.jpg 566w, https:\/\/test.burgwaechterservice.de\/fr\/wp-content\/uploads\/sites\/4\/2016\/07\/Hannover-und-Briefk\u00e4sten-Ni-Piktos-gesamt-und-Uni-190-Ni-Nordic-St\u00e4nder-300x162.jpg 300w\" sizes=\"(max-width: 219px) 100vw, 219px\" \/><\/p>\n<h2>Le compl\u00e9ment visuel id\u00e9al pour votre pied de bo\u00eete aux lettres Universal 150 Ni<\/h2>\n<p>Cet arceau en acier inoxydable brut peut \u00eatre fix\u00e9 ult\u00e9rieurement \u00e0 des pieds d\u00e9j\u00e0 en place, ce qui embellit davantage le design.<\/p>\n<p>Ce mat\u00e9riau, de l&#8217;acier inoxydable bross\u00e9, est particuli\u00e8rement r\u00e9sistant aux intemp\u00e9ries et est ainsi r\u00e9sistant \u00e0 la corrosion.<\/p>\n<h3>Convient \u00e0 tous les mod\u00e8les avec un espace entre les perforations de 190 mm\u00a0:<\/h3>\n<ul>\n<li><a href=\"https:\/\/test.burgwaechterservice.de\/fr\/p\/boites-aux-lettres\/verona\/\">Verona<\/a><\/li>\n<li><a href=\"https:\/\/test.burgwaechterservice.de\/fr\/p\/boites-aux-lettres\/comfort-3913-ni\/\">Comfort<\/a>\/<a href=\"https:\/\/test.burgwaechterservice.de\/fr\/p\/boites-aux-lettres\/comfort-set-39130-ni\/\">Comfort-Set<\/a><\/li>\n<li><a href=\"https:\/\/test.burgwaechterservice.de\/fr\/p\/boites-aux-lettres\/lucca\/\">Lucca<\/a>\/<a href=\"https:\/\/test.burgwaechterservice.de\/fr\/p\/boites-aux-lettres\/lucca-set-37130-ni\/\">Lucca-Set<\/a><\/li>\n<li><a href=\"https:\/\/test.burgwaechterservice.de\/fr\/p\/boites-aux-lettres\/amrum\/\">Amrum<\/a>\/<a href=\"https:\/\/test.burgwaechterservice.de\/fr\/p\/boites-aux-lettres\/amrum-set\/\">Amrum-Set<\/a><\/li>\n<li><a href=\"https:\/\/test.burgwaechterservice.de\/fr\/p\/boites-aux-lettres\/modena-3857-ni\/\">Modena<\/a><\/li>\n<li><a href=\"https:\/\/test.burgwaechterservice.de\/fr\/p\/boites-aux-lettres\/borkum-3877-ni\/\">Borkum<\/a><\/li>\n<li><a href=\"https:\/\/test.burgwaechterservice.de\/fr\/p\/boites-aux-lettres\/olymp\/\">Olymp<\/a>\/<a href=\"https:\/\/test.burgwaechterservice.de\/fr\/p\/boites-aux-lettres\/olymp-set\/\">Olymp-Set<\/a><\/li>\n<li><a href=\"https:\/\/test.burgwaechterservice.de\/fr\/p\/boites-aux-lettres\/futura\/\">Futura<\/a>\/<a href=\"https:\/\/test.burgwaechterservice.de\/fr\/p\/boites-aux-lettres\/futura-set\/\">Futura-Set<\/a><\/li>\n<li><a href=\"https:\/\/test.burgwaechterservice.de\/fr\/p\/boites-aux-lettres\/amsterdam\/\">Amsterdam<\/a><\/li>\n<li><a href=\"https:\/\/test.burgwaechterservice.de\/fr\/p\/boites-aux-lettres\/potsdam-877\/\">Potsdam<\/a><\/li>\n<li><a href=\"https:\/\/test.burgwaechterservice.de\/fr\/p\/boites-aux-lettres\/set-vario\/\">Set Vario<\/a><\/li>\n<li><a href=\"https:\/\/test.burgwaechterservice.de\/fr\/p\/boites-aux-lettres\/classico\/\">Classico\u00a0<\/a><\/li>\n<\/ul>\n<p>&nbsp;<\/p>\n<p>&nbsp;<\/p>\n<h3>Montage simple<\/h3>\n<p>Il suffit d&#8217;un tour de main pour mettre en valeur votre bo\u00eete aux lettres\u00a0: Retirez d&#8217;abord les capuchons en plastique et ins\u00e9rez l&#8217;arceau dans les deux tubes du pied Universal 150 Ni. Vous pouvez maintenant fixer facilement l&#8217;arceau avec les vis de fixation du pied.<\/p>\n<h3>Aper\u00e7u de l&#8217;arceau pour boite aux lettres Universal 190 Ni<\/h3>\n<ul>\n<li>Arceau en acier inoxydable<\/li>\n<li>\u00c0 ench\u00e2sser dans les pieds de la bo\u00eete aux lettres Universal 150 Ni<\/li>\n<li>Peut \u00eatre compl\u00e9t\u00e9 ult\u00e9rieurement lorsque des pieds sont d\u00e9j\u00e0 en place<\/li>\n<li>Acier inoxydable brut et bross\u00e9<\/li>\n<li>Montage simple<\/li>\n<li>Convient \u00e0 tous les mod\u00e8les avec un espace entre les perforations de 190 mm<\/li>\n<li>\u00d8: 32 mm<\/li>\n<\/ul>\n<p>&nbsp;<\/p>\n<table class=\"ausfuehrung\">\n<thead>\n<tr>\n<td>Article<\/td>\n<td>\u00d8<\/td>\n<\/tr>\n<tr>\n<td><\/td>\n<td><\/td>\n<\/tr>\n<\/thead>\n<tbody>\n<tr>\n<td>Uni 190 Ni<\/td>\n<td>32<\/td>\n<\/tr>\n<\/tbody>\n<\/table>\n","protected":false},"excerpt":{"rendered":"<p>Le compl\u00e9ment visuel id\u00e9al pour votre pied de bo\u00eete aux lettres Universal 150 Ni Cet arceau en acier inoxydable brut peut \u00eatre fix\u00e9 ult\u00e9rieurement \u00e0 des pieds d\u00e9j\u00e0 en place, ce qui embellit davantage le design. Ce mat\u00e9riau, de l&#8217;acier &hellip; <a class=\"kt-excerpt-readmore\" href=\"https:\/\/test.burgwaechterservice.de\/fr\/p\/boites-aux-lettres\/universal-190-ni\/\" aria-label=\"Universal 190 Ni\">Lire la suite<\/a><\/p>\n","protected":false},"featured_media":32836,"comment_status":"closed","ping_status":"closed","template":"","meta":[],"product_cat":[23,45],"product_tag":[],"yoast_head":"<!-- This site is optimized with the Yoast SEO Premium plugin v18.4 (Yoast SEO v19.13) - https:\/\/yoast.com\/wordpress\/plugins\/seo\/ -->\n<title>Universal 190 Ni - Burg-W\u00e4chter<\/title>\n<meta name=\"description\" content=\"Le compl\u00e9ment visuel id\u00e9al pour votre pied de bo\u00eete aux lettres Universal 150 Ni Cet arceau en acier inoxydable brut peut \u00eatre fix\u00e9 ult\u00e9rieurement \u00e0 des\" \/>\n<meta name=\"robots\" content=\"index, follow, max-snippet:-1, max-image-preview:large, max-video-preview:-1\" \/>\n<link rel=\"canonical\" href=\"https:\/\/test.burgwaechterservice.de\/fr\/p\/boites-aux-lettres\/universal-190-ni\/\" \/>\n<meta property=\"og:locale\" content=\"fr_FR\" \/>\n<meta property=\"og:type\" content=\"article\" \/>\n<meta property=\"og:title\" content=\"Universal 190 Ni\" \/>\n<meta property=\"og:description\" content=\"Le compl\u00e9ment visuel id\u00e9al pour votre pied de bo\u00eete aux lettres Universal 150 Ni Cet arceau en acier inoxydable brut peut \u00eatre fix\u00e9 ult\u00e9rieurement \u00e0 des\" \/>\n<meta property=\"og:url\" content=\"https:\/\/test.burgwaechterservice.de\/fr\/p\/boites-aux-lettres\/universal-190-ni\/\" \/>\n<meta property=\"og:site_name\" content=\"Burg-W\u00e4chter France\" \/>\n<meta property=\"article:modified_time\" content=\"2017-03-29T07:21:47+00:00\" \/>\n<meta property=\"og:image\" content=\"https:\/\/test.burgwaechterservice.de\/fr\/wp-content\/uploads\/sites\/4\/2016\/07\/Briefkastenst\u00e4nder_Universal_190_Ni_890608-03.jpg\" \/>\n\t<meta property=\"og:image:width\" content=\"1657\" \/>\n\t<meta property=\"og:image:height\" content=\"2323\" \/>\n\t<meta property=\"og:image:type\" content=\"image\/jpeg\" \/>\n<meta name=\"twitter:card\" content=\"summary_large_image\" \/>\n<meta name=\"twitter:label1\" content=\"Dur\u00e9e de lecture estim\u00e9e\" \/>\n\t<meta name=\"twitter:data1\" content=\"1 minute\" \/>\n<!-- \/ Yoast SEO Premium plugin. -->","yoast_head_json":{"title":"Universal 190 Ni - Burg-W\u00e4chter","description":"Le compl\u00e9ment visuel id\u00e9al pour votre pied de bo\u00eete aux lettres Universal 150 Ni Cet arceau en acier inoxydable brut peut \u00eatre fix\u00e9 ult\u00e9rieurement \u00e0 des","robots":{"index":"index","follow":"follow","max-snippet":"max-snippet:-1","max-image-preview":"max-image-preview:large","max-video-preview":"max-video-preview:-1"},"canonical":"https:\/\/test.burgwaechterservice.de\/fr\/p\/boites-aux-lettres\/universal-190-ni\/","og_locale":"fr_FR","og_type":"article","og_title":"Universal 190 Ni","og_description":"Le compl\u00e9ment visuel id\u00e9al pour votre pied de bo\u00eete aux lettres Universal 150 Ni Cet arceau en acier inoxydable brut peut \u00eatre fix\u00e9 ult\u00e9rieurement \u00e0 des","og_url":"https:\/\/test.burgwaechterservice.de\/fr\/p\/boites-aux-lettres\/universal-190-ni\/","og_site_name":"Burg-W\u00e4chter France","article_modified_time":"2017-03-29T07:21:47+00:00","og_image":[{"width":1657,"height":2323,"url":"https:\/\/test.burgwaechterservice.de\/fr\/wp-content\/uploads\/sites\/4\/2016\/07\/Briefkastenst\u00e4nder_Universal_190_Ni_890608-03.jpg","type":"image\/jpeg"}],"twitter_card":"summary_large_image","twitter_misc":{"Dur\u00e9e de lecture estim\u00e9e":"1 minute"},"schema":{"@context":"https:\/\/schema.org","@graph":[{"@type":"WebPage","@id":"https:\/\/test.burgwaechterservice.de\/fr\/p\/boites-aux-lettres\/universal-190-ni\/","url":"https:\/\/test.burgwaechterservice.de\/fr\/p\/boites-aux-lettres\/universal-190-ni\/","name":"Universal 190 Ni - Burg-W\u00e4chter","isPartOf":{"@id":"https:\/\/test.burgwaechterservice.de\/fr\/#website"},"datePublished":"2016-07-26T10:49:12+00:00","dateModified":"2017-03-29T07:21:47+00:00","description":"Le compl\u00e9ment visuel id\u00e9al pour votre pied de bo\u00eete aux lettres Universal 150 Ni Cet arceau en acier inoxydable brut peut \u00eatre fix\u00e9 ult\u00e9rieurement \u00e0 des","breadcrumb":{"@id":"https:\/\/test.burgwaechterservice.de\/fr\/p\/boites-aux-lettres\/universal-190-ni\/#breadcrumb"},"inLanguage":"fr-FR","potentialAction":[{"@type":"ReadAction","target":["https:\/\/test.burgwaechterservice.de\/fr\/p\/boites-aux-lettres\/universal-190-ni\/"]}]},{"@type":"BreadcrumbList","@id":"https:\/\/test.burgwaechterservice.de\/fr\/p\/boites-aux-lettres\/universal-190-ni\/#breadcrumb","itemListElement":[{"@type":"ListItem","position":1,"name":"Accueil","item":"https:\/\/test.burgwaechterservice.de\/fr\/"},{"@type":"ListItem","position":2,"name":"Produits","item":"https:\/\/test.burgwaechterservice.de\/fr\/p\/"},{"@type":"ListItem","position":3,"name":"Universal 190 Ni"}]},{"@type":"WebSite","@id":"https:\/\/test.burgwaechterservice.de\/fr\/#website","url":"https:\/\/test.burgwaechterservice.de\/fr\/","name":"Burg-W\u00e4chter France","description":"Le choix le plus s\u00fbr!","potentialAction":[{"@type":"SearchAction","target":{"@type":"EntryPoint","urlTemplate":"https:\/\/test.burgwaechterservice.de\/fr\/?s={search_term_string}"},"query-input":"required name=search_term_string"}],"inLanguage":"fr-FR"}]}},"_links":{"self":[{"href":"https:\/\/test.burgwaechterservice.de\/fr\/wp-json\/wp\/v2\/product\/32835"}],"collection":[{"href":"https:\/\/test.burgwaechterservice.de\/fr\/wp-json\/wp\/v2\/product"}],"about":[{"href":"https:\/\/test.burgwaechterservice.de\/fr\/wp-json\/wp\/v2\/types\/product"}],"replies":[{"embeddable":true,"href":"https:\/\/test.burgwaechterservice.de\/fr\/wp-json\/wp\/v2\/comments?post=32835"}],"wp:featuredmedia":[{"embeddable":true,"href":"https:\/\/test.burgwaechterservice.de\/fr\/wp-json\/wp\/v2\/media\/32836"}],"wp:attachment":[{"href":"https:\/\/test.burgwaechterservice.de\/fr\/wp-json\/wp\/v2\/media?parent=32835"}],"wp:term":[{"taxonomy":"product_cat","embeddable":true,"href":"https:\/\/test.burgwaechterservice.de\/fr\/wp-json\/wp\/v2\/product_cat?post=32835"},{"taxonomy":"product_tag","embeddable":true,"href":"https:\/\/test.burgwaechterservice.de\/fr\/wp-json\/wp\/v2\/product_tag?post=32835"}],"curies":[{"name":"wp","href":"https:\/\/api.w.org\/{rel}","templated":true}]}}