{"id":32828,"date":"2016-07-26T12:35:04","date_gmt":"2016-07-26T10:35:04","guid":{"rendered":"https:\/\/www.burg.biz\/?post_type=product&#038;p=32828"},"modified":"2022-05-06T11:53:40","modified_gmt":"2022-05-06T09:53:40","slug":"universal-150","status":"publish","type":"product","link":"https:\/\/test.burgwaechterservice.de\/fr\/p\/boites-aux-lettres\/universal-150\/","title":{"rendered":"Universal 150"},"content":{"rendered":"<p><img fetchpriority=\"high\" decoding=\"async\" class=\"alignnone wp-image-41809\" src=\"https:\/\/test.burgwaechterservice.de\/fr\/wp-content\/uploads\/sites\/4\/2016\/07\/Uni-150-Ni.jpg\" alt=\"BUW-Icons-BK 4c OK.indd\" width=\"577\" height=\"118\" srcset=\"https:\/\/test.burgwaechterservice.de\/fr\/wp-content\/uploads\/sites\/4\/2016\/07\/Uni-150-Ni.jpg 1558w, https:\/\/test.burgwaechterservice.de\/fr\/wp-content\/uploads\/sites\/4\/2016\/07\/Uni-150-Ni-300x61.jpg 300w, https:\/\/test.burgwaechterservice.de\/fr\/wp-content\/uploads\/sites\/4\/2016\/07\/Uni-150-Ni-768x157.jpg 768w, https:\/\/test.burgwaechterservice.de\/fr\/wp-content\/uploads\/sites\/4\/2016\/07\/Uni-150-Ni-1024x210.jpg 1024w\" sizes=\"(max-width: 577px) 100vw, 577px\" \/><\/p>\n<p><strong>\u00a0 \u00a0(Uni 150 Ni)<\/strong><\/p>\n<p><img decoding=\"async\" class=\"alignnone wp-image-41810\" src=\"https:\/\/test.burgwaechterservice.de\/fr\/wp-content\/uploads\/sites\/4\/2016\/07\/Uni-150.jpg\" alt=\"BUW-Icons-BK 4c OK.indd\" width=\"577\" height=\"118\" srcset=\"https:\/\/test.burgwaechterservice.de\/fr\/wp-content\/uploads\/sites\/4\/2016\/07\/Uni-150.jpg 1558w, https:\/\/test.burgwaechterservice.de\/fr\/wp-content\/uploads\/sites\/4\/2016\/07\/Uni-150-300x61.jpg 300w, https:\/\/test.burgwaechterservice.de\/fr\/wp-content\/uploads\/sites\/4\/2016\/07\/Uni-150-768x157.jpg 768w, https:\/\/test.burgwaechterservice.de\/fr\/wp-content\/uploads\/sites\/4\/2016\/07\/Uni-150-1024x210.jpg 1024w\" sizes=\"(max-width: 577px) 100vw, 577px\" \/><\/p>\n<p><strong>\u00a0 \u00a0 (Uni 150)<\/strong><\/p>\n<h2>Le pied universel pour bo\u00eete aux lettres en acier inoxydable ou acier galvanis\u00e9<\/h2>\n<p>Ce pied pour bo\u00eete aux lettres de BURG-W\u00c4CHTER convient \u00e0 de nombreuses bo\u00eetes aux lettres. Avec lui, votre bo\u00eete aux lettres est plac\u00e9e o\u00f9 vous le d\u00e9sirez de fa\u00e7on optimale. Visuellement, les lignes sobres s&#8217;accordent \u00e9galement parfaitement avec votre bo\u00eete aux lettres.<\/p>\n<h3>Montage pratique<\/h3>\n<p>Le produit fonctionnel et constitu\u00e9 de<strong> deux tubes,<\/strong> mesurant chacun 150 cm de long et avec un diam\u00e8tres de 32 mm. Les tuyaux sont d\u00e9j\u00e0 <strong>\u00e9quip\u00e9s d&#8217;un poin\u00e7onnage sp\u00e9cial.<\/strong> Si n\u00e9cessaire, le pied peut \u00eatre raccourci dans sa longueur.<br \/>\nVotre bo\u00eete aux lettres se fixe sur le pied et assure ainsi une <strong>protection renforc\u00e9e contre le vol. <\/strong><br \/>\nLe mat\u00e9riel de montage est d\u00e9j\u00e0 compris dans la livraison du pied.<br \/>\nVous avez la possibilit\u00e9 de b\u00e9tonner solidement le support Universal ou de le monter sur le pied BASE Uni 150.<br \/>\nLe pied pour bo\u00eete aux lettres est \u00e9galement adapt\u00e9 \u00e0 un montage avec collier usuel de fixation murale pour tuyaux.<\/p>\n<p><a href=\"https:\/\/test.burgwaechterservice.de\/fr\/p\/boites-aux-lettres\/base-uni-150\/\">D\u00e9couvrez ici le pied de montage BASE Uni<\/a>.<\/p>\n<p><strong>Universal 150 Ni en acier inoxydable\u00a0:<\/strong> Ce pied pour bo\u00eete aux lettres est en acier. Il ne craint aucune m\u00e9t\u00e9o, dispose d&#8217;une longue dur\u00e9e de vie et est particuli\u00e8rement \u00e9l\u00e9gant.<\/p>\n<p><strong>Universal 150 en acier galvanis\u00e9\u00a0<\/strong>: Avec galvanisation de protection contre les intemp\u00e9ries et disponible en trois tons sobres. Vous pouvez choisir entre un blanc discret, un noir \u00e9l\u00e9gant ou un vernis argent\u00e9 chic.<\/p>\n<h3>Conseils pour l&#8217;installation<\/h3>\n<p>M\u00eame si les deux pieds, plac\u00e9s devant le support 150 Ni en acier, sont r\u00e9sistants aux intemp\u00e9ries, nous vous recommandons de monter votre bo\u00eete aux lettres individuelle \u00e0 un<strong> endroit \u00e0 l&#8217;abri des intemp\u00e9ries.<\/strong> Ainsi, votre bo\u00eete aux lettres et les pieds restent en parfait \u00e9tat pendant longtemps.<\/p>\n<h3>Aper\u00e7u des pieds pour bo\u00eete aux lettres Universal 150 Ni et Universal 150<\/h3>\n<ul>\n<li>En acier inoxydable ou acier galvanis\u00e9 (en blanc, noir ou argent\u00e9)<\/li>\n<li>Utilisation universelle avec toutes les bo\u00eetes aux lettres en acier inoxydable, acier et PVC (sauf Opera, Quadus, Hamburg, Capri, Turn)<\/li>\n<li>Constitu\u00e9 de 2 tuyaux de 150 cm de long avec un diam\u00e8tre de 32 mm, avec poin\u00e7onnage sp\u00e9cial<\/li>\n<li>Les bo\u00eetes aux lettres se fixent au pied de l&#8217;int\u00e9rieur, ce qui renforce la protection contre le vol<\/li>\n<li>Pour scellement dans du b\u00e9ton ou fixation dans le sol au moyen du pied de montage BASE Uni 150<\/li>\n<li>Les tuyaux de pied peuvent \u00eatre raccourcis si n\u00e9cessaire<\/li>\n<li>Ce pied peut \u00e9galement \u00eatre mont\u00e9 avec un collier courant de fixation murale pour tuyaux<\/li>\n<li>Livr\u00e9 avec mat\u00e9riel de fixation<\/li>\n<li>Mat\u00e9riel de montage inclus<\/li>\n<\/ul>\n<p>&nbsp;<\/p>\n<table class=\"ausfuehrung\">\n<thead>\n<tr>\n<td>Article<\/td>\n<td>Couleurs<\/td>\n<td>Hauteur<\/td>\n<td>\u00d8<\/td>\n<\/tr>\n<tr>\n<td class=\"subdesc\"><\/td>\n<td><\/td>\n<td><\/td>\n<td class=\"subdesc\">mm<\/td>\n<\/tr>\n<\/thead>\n<tbody>\n<tr>\n<td>Universal 150 W<\/td>\n<td>blanc<\/td>\n<td>1500<\/td>\n<td>32<\/td>\n<\/tr>\n<tr>\n<td>Universal 150 S<\/td>\n<td>noir<\/td>\n<td>1500<\/td>\n<td>32<\/td>\n<\/tr>\n<tr>\n<td>Universal 150 Si<\/td>\n<td>argent<\/td>\n<td>1500<\/td>\n<td>32<\/td>\n<\/tr>\n<tr>\n<td>Universal 150 Ni<\/td>\n<td>acier inoxydable<\/td>\n<td>1500<\/td>\n<td>32<\/td>\n<\/tr>\n<\/tbody>\n<\/table>\n","protected":false},"excerpt":{"rendered":"<p>\u00a0 \u00a0(Uni 150 Ni) \u00a0 \u00a0 (Uni 150) Le pied universel pour bo\u00eete aux lettres en acier inoxydable ou acier galvanis\u00e9 Ce pied pour bo\u00eete aux lettres de BURG-W\u00c4CHTER convient \u00e0 de nombreuses bo\u00eetes aux lettres. Avec lui, votre bo\u00eete &hellip; <a class=\"kt-excerpt-readmore\" href=\"https:\/\/test.burgwaechterservice.de\/fr\/p\/boites-aux-lettres\/universal-150\/\" aria-label=\"Universal 150\">Lire la suite<\/a><\/p>\n","protected":false},"featured_media":32825,"comment_status":"closed","ping_status":"closed","template":"","meta":[],"product_cat":[23,45],"product_tag":[],"yoast_head":"<!-- This site is optimized with the Yoast SEO Premium plugin v18.4 (Yoast SEO v19.13) - https:\/\/yoast.com\/wordpress\/plugins\/seo\/ -->\n<title>Universal 150 - Burg-W\u00e4chter<\/title>\n<meta name=\"description\" content=\"\u00a0 \u00a0(Uni 150 Ni) \u00a0 \u00a0 (Uni 150) Le pied universel pour bo\u00eete aux lettres en acier inoxydable ou acier galvanis\u00e9 Ce pied pour bo\u00eete aux lettres de\" \/>\n<meta name=\"robots\" content=\"index, follow, max-snippet:-1, max-image-preview:large, max-video-preview:-1\" \/>\n<link rel=\"canonical\" href=\"https:\/\/test.burgwaechterservice.de\/fr\/p\/boites-aux-lettres\/universal-150\/\" \/>\n<meta property=\"og:locale\" content=\"fr_FR\" \/>\n<meta property=\"og:type\" content=\"article\" \/>\n<meta property=\"og:title\" content=\"Universal 150\" \/>\n<meta property=\"og:description\" content=\"\u00a0 \u00a0(Uni 150 Ni) \u00a0 \u00a0 (Uni 150) Le pied universel pour bo\u00eete aux lettres en acier inoxydable ou acier galvanis\u00e9 Ce pied pour bo\u00eete aux lettres de\" \/>\n<meta property=\"og:url\" content=\"https:\/\/test.burgwaechterservice.de\/fr\/p\/boites-aux-lettres\/universal-150\/\" \/>\n<meta property=\"og:site_name\" content=\"Burg-W\u00e4chter France\" \/>\n<meta property=\"article:modified_time\" content=\"2022-05-06T09:53:40+00:00\" \/>\n<meta property=\"og:image\" content=\"https:\/\/test.burgwaechterservice.de\/fr\/wp-content\/uploads\/sites\/4\/2016\/07\/Briefkastenst\u00e4nder_Universal_150_Ni_003008-03.jpg\" \/>\n\t<meta property=\"og:image:width\" content=\"2500\" \/>\n\t<meta property=\"og:image:height\" content=\"3000\" \/>\n\t<meta property=\"og:image:type\" content=\"image\/jpeg\" \/>\n<meta name=\"twitter:card\" content=\"summary_large_image\" \/>\n<meta name=\"twitter:label1\" content=\"Dur\u00e9e de lecture estim\u00e9e\" \/>\n\t<meta name=\"twitter:data1\" content=\"2 minutes\" \/>\n<!-- \/ Yoast SEO Premium plugin. -->","yoast_head_json":{"title":"Universal 150 - Burg-W\u00e4chter","description":"\u00a0 \u00a0(Uni 150 Ni) \u00a0 \u00a0 (Uni 150) Le pied universel pour bo\u00eete aux lettres en acier inoxydable ou acier galvanis\u00e9 Ce pied pour bo\u00eete aux lettres de","robots":{"index":"index","follow":"follow","max-snippet":"max-snippet:-1","max-image-preview":"max-image-preview:large","max-video-preview":"max-video-preview:-1"},"canonical":"https:\/\/test.burgwaechterservice.de\/fr\/p\/boites-aux-lettres\/universal-150\/","og_locale":"fr_FR","og_type":"article","og_title":"Universal 150","og_description":"\u00a0 \u00a0(Uni 150 Ni) \u00a0 \u00a0 (Uni 150) Le pied universel pour bo\u00eete aux lettres en acier inoxydable ou acier galvanis\u00e9 Ce pied pour bo\u00eete aux lettres de","og_url":"https:\/\/test.burgwaechterservice.de\/fr\/p\/boites-aux-lettres\/universal-150\/","og_site_name":"Burg-W\u00e4chter France","article_modified_time":"2022-05-06T09:53:40+00:00","og_image":[{"width":2500,"height":3000,"url":"https:\/\/test.burgwaechterservice.de\/fr\/wp-content\/uploads\/sites\/4\/2016\/07\/Briefkastenst\u00e4nder_Universal_150_Ni_003008-03.jpg","type":"image\/jpeg"}],"twitter_card":"summary_large_image","twitter_misc":{"Dur\u00e9e de lecture estim\u00e9e":"2 minutes"},"schema":{"@context":"https:\/\/schema.org","@graph":[{"@type":"WebPage","@id":"https:\/\/test.burgwaechterservice.de\/fr\/p\/boites-aux-lettres\/universal-150\/","url":"https:\/\/test.burgwaechterservice.de\/fr\/p\/boites-aux-lettres\/universal-150\/","name":"Universal 150 - Burg-W\u00e4chter","isPartOf":{"@id":"https:\/\/test.burgwaechterservice.de\/fr\/#website"},"datePublished":"2016-07-26T10:35:04+00:00","dateModified":"2022-05-06T09:53:40+00:00","description":"\u00a0 \u00a0(Uni 150 Ni) \u00a0 \u00a0 (Uni 150) Le pied universel pour bo\u00eete aux lettres en acier inoxydable ou acier galvanis\u00e9 Ce pied pour bo\u00eete aux lettres de","breadcrumb":{"@id":"https:\/\/test.burgwaechterservice.de\/fr\/p\/boites-aux-lettres\/universal-150\/#breadcrumb"},"inLanguage":"fr-FR","potentialAction":[{"@type":"ReadAction","target":["https:\/\/test.burgwaechterservice.de\/fr\/p\/boites-aux-lettres\/universal-150\/"]}]},{"@type":"BreadcrumbList","@id":"https:\/\/test.burgwaechterservice.de\/fr\/p\/boites-aux-lettres\/universal-150\/#breadcrumb","itemListElement":[{"@type":"ListItem","position":1,"name":"Accueil","item":"https:\/\/test.burgwaechterservice.de\/fr\/"},{"@type":"ListItem","position":2,"name":"Produits","item":"https:\/\/test.burgwaechterservice.de\/fr\/p\/"},{"@type":"ListItem","position":3,"name":"Universal 150"}]},{"@type":"WebSite","@id":"https:\/\/test.burgwaechterservice.de\/fr\/#website","url":"https:\/\/test.burgwaechterservice.de\/fr\/","name":"Burg-W\u00e4chter France","description":"Le choix le plus s\u00fbr!","potentialAction":[{"@type":"SearchAction","target":{"@type":"EntryPoint","urlTemplate":"https:\/\/test.burgwaechterservice.de\/fr\/?s={search_term_string}"},"query-input":"required name=search_term_string"}],"inLanguage":"fr-FR"}]}},"_links":{"self":[{"href":"https:\/\/test.burgwaechterservice.de\/fr\/wp-json\/wp\/v2\/product\/32828"}],"collection":[{"href":"https:\/\/test.burgwaechterservice.de\/fr\/wp-json\/wp\/v2\/product"}],"about":[{"href":"https:\/\/test.burgwaechterservice.de\/fr\/wp-json\/wp\/v2\/types\/product"}],"replies":[{"embeddable":true,"href":"https:\/\/test.burgwaechterservice.de\/fr\/wp-json\/wp\/v2\/comments?post=32828"}],"wp:featuredmedia":[{"embeddable":true,"href":"https:\/\/test.burgwaechterservice.de\/fr\/wp-json\/wp\/v2\/media\/32825"}],"wp:attachment":[{"href":"https:\/\/test.burgwaechterservice.de\/fr\/wp-json\/wp\/v2\/media?parent=32828"}],"wp:term":[{"taxonomy":"product_cat","embeddable":true,"href":"https:\/\/test.burgwaechterservice.de\/fr\/wp-json\/wp\/v2\/product_cat?post=32828"},{"taxonomy":"product_tag","embeddable":true,"href":"https:\/\/test.burgwaechterservice.de\/fr\/wp-json\/wp\/v2\/product_tag?post=32828"}],"curies":[{"name":"wp","href":"https:\/\/api.w.org\/{rel}","templated":true}]}}