{"id":32819,"date":"2016-07-26T11:43:50","date_gmt":"2016-07-26T09:43:50","guid":{"rendered":"https:\/\/www.burg.biz\/?post_type=product&#038;p=32819"},"modified":"2019-06-12T09:59:35","modified_gmt":"2019-06-12T07:59:35","slug":"b-4900","status":"publish","type":"product","link":"https:\/\/test.burgwaechterservice.de\/fr\/p\/boites-aux-lettres\/b-4900\/","title":{"rendered":"4900"},"content":{"rendered":"<p><img decoding=\"async\" class=\"alignnone wp-image-41812\" src=\"https:\/\/test.burgwaechterservice.de\/fr\/wp-content\/uploads\/sites\/4\/2016\/07\/Zeitungsbox-4900-800-5800-808-820-1800-1890-4900-Piktos-gesamt.jpg\" alt=\"BUW-Icons-BK 4c OK.indd\" width=\"116\" height=\"118\" srcset=\"https:\/\/test.burgwaechterservice.de\/fr\/wp-content\/uploads\/sites\/4\/2016\/07\/Zeitungsbox-4900-800-5800-808-820-1800-1890-4900-Piktos-gesamt.jpg 308w, https:\/\/test.burgwaechterservice.de\/fr\/wp-content\/uploads\/sites\/4\/2016\/07\/Zeitungsbox-4900-800-5800-808-820-1800-1890-4900-Piktos-gesamt-296x300.jpg 296w, https:\/\/test.burgwaechterservice.de\/fr\/wp-content\/uploads\/sites\/4\/2016\/07\/Zeitungsbox-4900-800-5800-808-820-1800-1890-4900-Piktos-gesamt-80x80.jpg 80w\" sizes=\"(max-width: 116px) 100vw, 116px\" \/><a href=\"https:\/\/warranty.burg.biz\/bk\/\" target=\"_blank\" rel=\"noopener noreferrer\"><img decoding=\"async\" class=\"alignright wp-image-254979\" src=\"https:\/\/test.burgwaechterservice.de\/fr\/wp-content\/uploads\/sites\/4\/2016\/07\/Siegel_5_Jahre_Garantie_FR_-295x300.jpg\" alt=\"\" width=\"214\" height=\"218\" srcset=\"https:\/\/test.burgwaechterservice.de\/fr\/wp-content\/uploads\/sites\/4\/2016\/07\/Siegel_5_Jahre_Garantie_FR_-295x300.jpg 295w, https:\/\/test.burgwaechterservice.de\/fr\/wp-content\/uploads\/sites\/4\/2016\/07\/Siegel_5_Jahre_Garantie_FR_.jpg 485w\" sizes=\"(max-width: 214px) 100vw, 214px\" \/><br \/>\n<\/a><\/p>\n<h2>Le porte-journaux pratique en PVC haut de gamme<\/h2>\n<p>Les lignes de cet exemplaire se marient particuli\u00e8rement bien aux<strong> bo\u00eetes aux lettres en PVC <a href=\"https:\/\/test.burgwaechterservice.de\/fr\/p\/boites-aux-lettres\/classico\/\">Classico<\/a>, <a href=\"https:\/\/test.burgwaechterservice.de\/fr\/p\/boites-aux-lettres\/vivo\/\">Vivo<\/a>, <a href=\"https:\/\/test.burgwaechterservice.de\/fr\/p\/boites-aux-lettres\/esprit\/\">Esprit<\/a> et <a href=\"https:\/\/test.burgwaechterservice.de\/fr\/p\/boites-aux-lettres\/swing\/\">Swing<\/a><\/strong>\u00a0. Cr\u00e9ez ainsi un espace d\u00e9di\u00e9 pour votre quotidien.<\/p>\n<h3>PVC r\u00e9sistant<\/h3>\n<p>Le PVC haut de gamme <strong>r\u00e9siste extr\u00eamement bien aux diff\u00e9rentes conditions climatiques.<\/strong> Vos journaux et magazines sont ainsi en toute s\u00e9curit\u00e9. Et ce n&#8217;est pas tout. Cette mati\u00e8re dispose d&#8217;une <strong>dur\u00e9e de vie particuli\u00e8rement longue<\/strong> et <strong>son entretien est un jeu d&#8217;enfant<\/strong>. Vous n&#8217;avez en effet besoin que d&#8217;un chiffon humide et propre.<\/p>\n<h3>Un porte-journaux aux lignes s\u00e9duisantes<\/h3>\n<p>L&#8217;<strong>ext\u00e9rieur simple et \u00e9l\u00e9gant<\/strong> met en valeur les lignes de votre bo\u00eete aux lettres et attire les regards. Ce porte-journaux est disponible dans des tons sobres\u00a0: en blanc et en argent\u00e9.<\/p>\n<p>Il est <strong>ouvert des deux c\u00f4t\u00e9s<\/strong> ce qui facilite le travail du facteur.<\/p>\n<h3>Le porte-journaux 4900 de BURG-W\u00c4CHTER<\/h3>\n<ul>\n<li>Porte-journaux en PVC<\/li>\n<li>Lignes vives et modernes<\/li>\n<li>Accompagne parfaitement les bo\u00eetes aux lettres en PVC <a href=\"https:\/\/test.burgwaechterservice.de\/fr\/p\/boites-aux-lettres\/classico\/\">Classico<\/a>, <a href=\"https:\/\/test.burgwaechterservice.de\/fr\/p\/boites-aux-lettres\/vivo\/\">Vivo<\/a>, <a href=\"https:\/\/test.burgwaechterservice.de\/fr\/p\/boites-aux-lettres\/esprit\/\">Esprit<\/a> ou <a href=\"https:\/\/test.burgwaechterservice.de\/fr\/p\/boites-aux-lettres\/swing\/\">Swing<\/a><\/li>\n<li>Disponible en blanc ou argent\u00e9<\/li>\n<li>Dimensions L x P x H\u00a0: 360 x 145 x 107 mm<\/li>\n<\/ul>\n<table class=\"ausfuehrung\">\n<thead>\n<tr>\n<td>Article<\/td>\n<td>Couleurs<\/td>\n<td>L x P x H<\/td>\n<\/tr>\n<tr>\n<td class=\"subdesc\"><\/td>\n<td><\/td>\n<td class=\"subdesc\">mm<\/td>\n<\/tr>\n<\/thead>\n<tbody>\n<tr>\n<td>4900 W<\/td>\n<td>blanc<\/td>\n<td>360 x 145 x 107<\/td>\n<\/tr>\n<tr>\n<td>4900 Si<\/td>\n<td>argent<\/td>\n<td>360 x 145 x 107<\/td>\n<\/tr>\n<\/tbody>\n<\/table>\n","protected":false},"excerpt":{"rendered":"<p>Le porte-journaux pratique en PVC haut de gamme Les lignes de cet exemplaire se marient particuli\u00e8rement bien aux bo\u00eetes aux lettres en PVC Classico, Vivo, Esprit et Swing\u00a0. Cr\u00e9ez ainsi un espace d\u00e9di\u00e9 pour votre quotidien. PVC r\u00e9sistant Le PVC &hellip; <a class=\"kt-excerpt-readmore\" href=\"https:\/\/test.burgwaechterservice.de\/fr\/p\/boites-aux-lettres\/b-4900\/\" aria-label=\"4900\">Lire la suite<\/a><\/p>\n","protected":false},"featured_media":32822,"comment_status":"closed","ping_status":"closed","template":"","meta":[],"product_cat":[23,43],"product_tag":[],"yoast_head":"<!-- This site is optimized with the Yoast SEO Premium plugin v18.4 (Yoast SEO v19.13) - https:\/\/yoast.com\/wordpress\/plugins\/seo\/ -->\n<title>4900 - Burg-W\u00e4chter<\/title>\n<meta name=\"description\" content=\"Le porte-journaux pratique en PVC haut de gamme Les lignes de cet exemplaire se marient particuli\u00e8rement bien aux bo\u00eetes aux lettres en PVC Classico,\" \/>\n<meta name=\"robots\" content=\"index, follow, max-snippet:-1, max-image-preview:large, max-video-preview:-1\" \/>\n<link rel=\"canonical\" href=\"https:\/\/test.burgwaechterservice.de\/fr\/p\/boites-aux-lettres\/b-4900\/\" \/>\n<meta property=\"og:locale\" content=\"fr_FR\" \/>\n<meta property=\"og:type\" content=\"article\" \/>\n<meta property=\"og:title\" content=\"4900\" \/>\n<meta property=\"og:description\" content=\"Le porte-journaux pratique en PVC haut de gamme Les lignes de cet exemplaire se marient particuli\u00e8rement bien aux bo\u00eetes aux lettres en PVC Classico,\" \/>\n<meta property=\"og:url\" content=\"https:\/\/test.burgwaechterservice.de\/fr\/p\/boites-aux-lettres\/b-4900\/\" \/>\n<meta property=\"og:site_name\" content=\"Burg-W\u00e4chter France\" \/>\n<meta property=\"article:modified_time\" content=\"2019-06-12T07:59:35+00:00\" \/>\n<meta property=\"og:image\" content=\"https:\/\/test.burgwaechterservice.de\/fr\/wp-content\/uploads\/sites\/4\/2016\/07\/Zeitungsbox_4900_Si_327005-01.jpg\" \/>\n\t<meta property=\"og:image:width\" content=\"1000\" \/>\n\t<meta property=\"og:image:height\" content=\"1000\" \/>\n\t<meta property=\"og:image:type\" content=\"image\/jpeg\" \/>\n<meta name=\"twitter:card\" content=\"summary_large_image\" \/>\n<meta name=\"twitter:label1\" content=\"Dur\u00e9e de lecture estim\u00e9e\" \/>\n\t<meta name=\"twitter:data1\" content=\"1 minute\" \/>\n<!-- \/ Yoast SEO Premium plugin. -->","yoast_head_json":{"title":"4900 - Burg-W\u00e4chter","description":"Le porte-journaux pratique en PVC haut de gamme Les lignes de cet exemplaire se marient particuli\u00e8rement bien aux bo\u00eetes aux lettres en PVC Classico,","robots":{"index":"index","follow":"follow","max-snippet":"max-snippet:-1","max-image-preview":"max-image-preview:large","max-video-preview":"max-video-preview:-1"},"canonical":"https:\/\/test.burgwaechterservice.de\/fr\/p\/boites-aux-lettres\/b-4900\/","og_locale":"fr_FR","og_type":"article","og_title":"4900","og_description":"Le porte-journaux pratique en PVC haut de gamme Les lignes de cet exemplaire se marient particuli\u00e8rement bien aux bo\u00eetes aux lettres en PVC Classico,","og_url":"https:\/\/test.burgwaechterservice.de\/fr\/p\/boites-aux-lettres\/b-4900\/","og_site_name":"Burg-W\u00e4chter France","article_modified_time":"2019-06-12T07:59:35+00:00","og_image":[{"width":1000,"height":1000,"url":"https:\/\/test.burgwaechterservice.de\/fr\/wp-content\/uploads\/sites\/4\/2016\/07\/Zeitungsbox_4900_Si_327005-01.jpg","type":"image\/jpeg"}],"twitter_card":"summary_large_image","twitter_misc":{"Dur\u00e9e de lecture estim\u00e9e":"1 minute"},"schema":{"@context":"https:\/\/schema.org","@graph":[{"@type":"WebPage","@id":"https:\/\/test.burgwaechterservice.de\/fr\/p\/boites-aux-lettres\/b-4900\/","url":"https:\/\/test.burgwaechterservice.de\/fr\/p\/boites-aux-lettres\/b-4900\/","name":"4900 - Burg-W\u00e4chter","isPartOf":{"@id":"https:\/\/test.burgwaechterservice.de\/fr\/#website"},"datePublished":"2016-07-26T09:43:50+00:00","dateModified":"2019-06-12T07:59:35+00:00","description":"Le porte-journaux pratique en PVC haut de gamme Les lignes de cet exemplaire se marient particuli\u00e8rement bien aux bo\u00eetes aux lettres en PVC Classico,","breadcrumb":{"@id":"https:\/\/test.burgwaechterservice.de\/fr\/p\/boites-aux-lettres\/b-4900\/#breadcrumb"},"inLanguage":"fr-FR","potentialAction":[{"@type":"ReadAction","target":["https:\/\/test.burgwaechterservice.de\/fr\/p\/boites-aux-lettres\/b-4900\/"]}]},{"@type":"BreadcrumbList","@id":"https:\/\/test.burgwaechterservice.de\/fr\/p\/boites-aux-lettres\/b-4900\/#breadcrumb","itemListElement":[{"@type":"ListItem","position":1,"name":"Accueil","item":"https:\/\/test.burgwaechterservice.de\/fr\/"},{"@type":"ListItem","position":2,"name":"Produits","item":"https:\/\/test.burgwaechterservice.de\/fr\/p\/"},{"@type":"ListItem","position":3,"name":"4900"}]},{"@type":"WebSite","@id":"https:\/\/test.burgwaechterservice.de\/fr\/#website","url":"https:\/\/test.burgwaechterservice.de\/fr\/","name":"Burg-W\u00e4chter France","description":"Le choix le plus s\u00fbr!","potentialAction":[{"@type":"SearchAction","target":{"@type":"EntryPoint","urlTemplate":"https:\/\/test.burgwaechterservice.de\/fr\/?s={search_term_string}"},"query-input":"required name=search_term_string"}],"inLanguage":"fr-FR"}]}},"_links":{"self":[{"href":"https:\/\/test.burgwaechterservice.de\/fr\/wp-json\/wp\/v2\/product\/32819"}],"collection":[{"href":"https:\/\/test.burgwaechterservice.de\/fr\/wp-json\/wp\/v2\/product"}],"about":[{"href":"https:\/\/test.burgwaechterservice.de\/fr\/wp-json\/wp\/v2\/types\/product"}],"replies":[{"embeddable":true,"href":"https:\/\/test.burgwaechterservice.de\/fr\/wp-json\/wp\/v2\/comments?post=32819"}],"wp:featuredmedia":[{"embeddable":true,"href":"https:\/\/test.burgwaechterservice.de\/fr\/wp-json\/wp\/v2\/media\/32822"}],"wp:attachment":[{"href":"https:\/\/test.burgwaechterservice.de\/fr\/wp-json\/wp\/v2\/media?parent=32819"}],"wp:term":[{"taxonomy":"product_cat","embeddable":true,"href":"https:\/\/test.burgwaechterservice.de\/fr\/wp-json\/wp\/v2\/product_cat?post=32819"},{"taxonomy":"product_tag","embeddable":true,"href":"https:\/\/test.burgwaechterservice.de\/fr\/wp-json\/wp\/v2\/product_tag?post=32819"}],"curies":[{"name":"wp","href":"https:\/\/api.w.org\/{rel}","templated":true}]}}