{"id":32801,"date":"2016-07-26T11:01:15","date_gmt":"2016-07-26T09:01:15","guid":{"rendered":"https:\/\/www.burg.biz\/?post_type=product&#038;p=32801"},"modified":"2016-11-21T10:16:41","modified_gmt":"2016-11-21T09:16:41","slug":"820","status":"publish","type":"product","link":"https:\/\/test.burgwaechterservice.de\/fr\/p\/boites-aux-lettres\/820\/","title":{"rendered":"Vario 820"},"content":{"rendered":"<p><img decoding=\"async\" class=\"alignnone wp-image-41812\" src=\"https:\/\/test.burgwaechterservice.de\/fr\/wp-content\/uploads\/sites\/4\/2016\/07\/Zeitungsbox-4900-800-5800-808-820-1800-1890-4900-Piktos-gesamt.jpg\" alt=\"BUW-Icons-BK 4c OK.indd\" width=\"116\" height=\"118\" srcset=\"https:\/\/test.burgwaechterservice.de\/fr\/wp-content\/uploads\/sites\/4\/2016\/07\/Zeitungsbox-4900-800-5800-808-820-1800-1890-4900-Piktos-gesamt.jpg 308w, https:\/\/test.burgwaechterservice.de\/fr\/wp-content\/uploads\/sites\/4\/2016\/07\/Zeitungsbox-4900-800-5800-808-820-1800-1890-4900-Piktos-gesamt-296x300.jpg 296w, https:\/\/test.burgwaechterservice.de\/fr\/wp-content\/uploads\/sites\/4\/2016\/07\/Zeitungsbox-4900-800-5800-808-820-1800-1890-4900-Piktos-gesamt-80x80.jpg 80w\" sizes=\"(max-width: 116px) 100vw, 116px\" \/><\/p>\n<h2>Porte-journaux Vario 820\u00a0: Montage simple et direct sur votre bo\u00eete aux lettres<\/h2>\n<p>Le Vario 820 est particuli\u00e8rement adapt\u00e9 \u00e0 une combinaison avec les mod\u00e8les<strong><a href=\"https:\/\/test.burgwaechterservice.de\/fr\/p\/boites-aux-lettres\/amsterdam\/\"> Amsterdam<\/a> et <a href=\"https:\/\/test.burgwaechterservice.de\/fr\/p\/boites-aux-lettres\/potsdam-877\/\">Potsdam<\/a>\u00a0de<\/strong> <strong>BURG-W\u00c4CHTER<\/strong>.<\/p>\n<p>Le porte-journaux est constitu\u00e9 d&#8217;<strong>acier enti\u00e8rement galvanis\u00e9<\/strong>. Ainsi, les mat\u00e9riaux et, principalement, vos journaux et vos magazines, sont efficacement prot\u00e9g\u00e9s contre les intemp\u00e9ries.<\/p>\n<p>Le porte-journaux est disponible dans un blanc discret ou un argent\u00e9 \u00e9l\u00e9gant.<\/p>\n<h3>Fixation simple sur la bo\u00eete aux lettres<\/h3>\n<p>Le montage est incroyablement <strong>ais\u00e9<\/strong>. Soit vous\u2026<\/p>\n<p>\u2026 fixez le porte-journaux <strong>sous votre bo\u00eete aux lettres<\/strong>\u00a0: Ensuite, fixez-le facilement, \u00e0 l&#8217;aide des bandes adh\u00e9sives fournies, puis vissez-le.<\/p>\n<p>Ou bien<\/p>\n<p>&#8230; Installez-le simplement \u00e0 l&#8217;aide des bandes adh\u00e9sives <strong>sur la bo\u00eete aux lettres<\/strong>.<\/p>\n<p>Le mat\u00e9riel de fixation livr\u00e9 avec le porte-journaux contient 4 vis, rondelles et \u00e9crous, ainsi que deux bandes adh\u00e9sives. Maintenant plus rien ne peut vous emp\u00eacher de combiner la bo\u00eete aux lettres et le porte-journaux de votre choix.<\/p>\n<p>Attention, le porte-journaux <u>n&#8217;<\/u>est <u>pas<\/u> con\u00e7u pour \u00eatre mont\u00e9 directement au mur.<\/p>\n<h3>Caract\u00e9ristiques du porte-journaux Vario 820<\/h3>\n<ul>\n<li>Acier galvanis\u00e9<\/li>\n<li>Convient pour les boites aux lettres Amsterdam et Potsdam<\/li>\n<li>Con\u00e7u pour un montage optimal sur une bo\u00eete aux lettres,<br \/>\nnon-adapt\u00e9 \u00e0 un montage direct au mur<\/li>\n<li>Mat\u00e9riel de fixation inclus (4 vis, rondelles et \u00e9crous, ainsi que deux bandes adh\u00e9sives)<\/li>\n<li>Disponible en blanc et en argent\u00e9<\/li>\n<li>Dimensions L x P x H\u00a0: 362 x 102 x 102 mm<\/li>\n<\/ul>\n<p>&nbsp;<\/p>\n<table class=\"ausfuehrung\">\n<thead>\n<tr>\n<td>Article<\/td>\n<td>Couleurs<\/td>\n<td>L x P x H<\/td>\n<\/tr>\n<tr>\n<td class=\"subdesc\"><\/td>\n<td><\/td>\n<td class=\"subdesc\">mm<\/td>\n<\/tr>\n<\/thead>\n<tbody>\n<tr>\n<td>820 W<\/td>\n<td>blanc<\/td>\n<td>362 x 102 x 102<\/td>\n<\/tr>\n<tr>\n<td>820 Si<\/td>\n<td>argent<\/td>\n<td>362 x 102 x 102<\/td>\n<\/tr>\n<\/tbody>\n<\/table>\n","protected":false},"excerpt":{"rendered":"<p>Porte-journaux Vario 820\u00a0: Montage simple et direct sur votre bo\u00eete aux lettres Le Vario 820 est particuli\u00e8rement adapt\u00e9 \u00e0 une combinaison avec les mod\u00e8les Amsterdam et Potsdam\u00a0de BURG-W\u00c4CHTER. Le porte-journaux est constitu\u00e9 d&#8217;acier enti\u00e8rement galvanis\u00e9. Ainsi, les mat\u00e9riaux et, principalement, &hellip; <a class=\"kt-excerpt-readmore\" href=\"https:\/\/test.burgwaechterservice.de\/fr\/p\/boites-aux-lettres\/820\/\" aria-label=\"Vario 820\">Lire la suite<\/a><\/p>\n","protected":false},"featured_media":32804,"comment_status":"closed","ping_status":"closed","template":"","meta":[],"product_cat":[23,43],"product_tag":[583],"yoast_head":"<!-- This site is optimized with the Yoast SEO Premium plugin v18.4 (Yoast SEO v19.13) - https:\/\/yoast.com\/wordpress\/plugins\/seo\/ -->\n<title>Vario 820 - Burg-W\u00e4chter<\/title>\n<meta name=\"description\" content=\"Porte-journaux Vario 820\u00a0: Montage simple et direct sur votre bo\u00eete aux lettres Le Vario 820 est particuli\u00e8rement adapt\u00e9 \u00e0 une combinaison avec les\" \/>\n<meta name=\"robots\" content=\"index, follow, max-snippet:-1, max-image-preview:large, max-video-preview:-1\" \/>\n<link rel=\"canonical\" href=\"https:\/\/test.burgwaechterservice.de\/fr\/p\/boites-aux-lettres\/820\/\" \/>\n<meta property=\"og:locale\" content=\"fr_FR\" \/>\n<meta property=\"og:type\" content=\"article\" \/>\n<meta property=\"og:title\" content=\"Vario 820\" \/>\n<meta property=\"og:description\" content=\"Porte-journaux Vario 820\u00a0: Montage simple et direct sur votre bo\u00eete aux lettres Le Vario 820 est particuli\u00e8rement adapt\u00e9 \u00e0 une combinaison avec les\" \/>\n<meta property=\"og:url\" content=\"https:\/\/test.burgwaechterservice.de\/fr\/p\/boites-aux-lettres\/820\/\" \/>\n<meta property=\"og:site_name\" content=\"Burg-W\u00e4chter France\" \/>\n<meta property=\"article:modified_time\" content=\"2016-11-21T09:16:41+00:00\" \/>\n<meta property=\"og:image\" content=\"https:\/\/test.burgwaechterservice.de\/fr\/wp-content\/uploads\/sites\/4\/2016\/07\/Zeitungsbox_Vario_820_W_313503-01.jpg\" \/>\n\t<meta property=\"og:image:width\" content=\"1000\" \/>\n\t<meta property=\"og:image:height\" content=\"1000\" \/>\n\t<meta property=\"og:image:type\" content=\"image\/jpeg\" \/>\n<meta name=\"twitter:card\" content=\"summary_large_image\" \/>\n<meta name=\"twitter:label1\" content=\"Dur\u00e9e de lecture estim\u00e9e\" \/>\n\t<meta name=\"twitter:data1\" content=\"1 minute\" \/>\n<!-- \/ Yoast SEO Premium plugin. -->","yoast_head_json":{"title":"Vario 820 - Burg-W\u00e4chter","description":"Porte-journaux Vario 820\u00a0: Montage simple et direct sur votre bo\u00eete aux lettres Le Vario 820 est particuli\u00e8rement adapt\u00e9 \u00e0 une combinaison avec les","robots":{"index":"index","follow":"follow","max-snippet":"max-snippet:-1","max-image-preview":"max-image-preview:large","max-video-preview":"max-video-preview:-1"},"canonical":"https:\/\/test.burgwaechterservice.de\/fr\/p\/boites-aux-lettres\/820\/","og_locale":"fr_FR","og_type":"article","og_title":"Vario 820","og_description":"Porte-journaux Vario 820\u00a0: Montage simple et direct sur votre bo\u00eete aux lettres Le Vario 820 est particuli\u00e8rement adapt\u00e9 \u00e0 une combinaison avec les","og_url":"https:\/\/test.burgwaechterservice.de\/fr\/p\/boites-aux-lettres\/820\/","og_site_name":"Burg-W\u00e4chter France","article_modified_time":"2016-11-21T09:16:41+00:00","og_image":[{"width":1000,"height":1000,"url":"https:\/\/test.burgwaechterservice.de\/fr\/wp-content\/uploads\/sites\/4\/2016\/07\/Zeitungsbox_Vario_820_W_313503-01.jpg","type":"image\/jpeg"}],"twitter_card":"summary_large_image","twitter_misc":{"Dur\u00e9e de lecture estim\u00e9e":"1 minute"},"schema":{"@context":"https:\/\/schema.org","@graph":[{"@type":"WebPage","@id":"https:\/\/test.burgwaechterservice.de\/fr\/p\/boites-aux-lettres\/820\/","url":"https:\/\/test.burgwaechterservice.de\/fr\/p\/boites-aux-lettres\/820\/","name":"Vario 820 - Burg-W\u00e4chter","isPartOf":{"@id":"https:\/\/test.burgwaechterservice.de\/fr\/#website"},"datePublished":"2016-07-26T09:01:15+00:00","dateModified":"2016-11-21T09:16:41+00:00","description":"Porte-journaux Vario 820\u00a0: Montage simple et direct sur votre bo\u00eete aux lettres Le Vario 820 est particuli\u00e8rement adapt\u00e9 \u00e0 une combinaison avec les","breadcrumb":{"@id":"https:\/\/test.burgwaechterservice.de\/fr\/p\/boites-aux-lettres\/820\/#breadcrumb"},"inLanguage":"fr-FR","potentialAction":[{"@type":"ReadAction","target":["https:\/\/test.burgwaechterservice.de\/fr\/p\/boites-aux-lettres\/820\/"]}]},{"@type":"BreadcrumbList","@id":"https:\/\/test.burgwaechterservice.de\/fr\/p\/boites-aux-lettres\/820\/#breadcrumb","itemListElement":[{"@type":"ListItem","position":1,"name":"Accueil","item":"https:\/\/test.burgwaechterservice.de\/fr\/"},{"@type":"ListItem","position":2,"name":"Produits","item":"https:\/\/test.burgwaechterservice.de\/fr\/p\/"},{"@type":"ListItem","position":3,"name":"Vario 820"}]},{"@type":"WebSite","@id":"https:\/\/test.burgwaechterservice.de\/fr\/#website","url":"https:\/\/test.burgwaechterservice.de\/fr\/","name":"Burg-W\u00e4chter France","description":"Le choix le plus s\u00fbr!","potentialAction":[{"@type":"SearchAction","target":{"@type":"EntryPoint","urlTemplate":"https:\/\/test.burgwaechterservice.de\/fr\/?s={search_term_string}"},"query-input":"required name=search_term_string"}],"inLanguage":"fr-FR"}]}},"_links":{"self":[{"href":"https:\/\/test.burgwaechterservice.de\/fr\/wp-json\/wp\/v2\/product\/32801"}],"collection":[{"href":"https:\/\/test.burgwaechterservice.de\/fr\/wp-json\/wp\/v2\/product"}],"about":[{"href":"https:\/\/test.burgwaechterservice.de\/fr\/wp-json\/wp\/v2\/types\/product"}],"replies":[{"embeddable":true,"href":"https:\/\/test.burgwaechterservice.de\/fr\/wp-json\/wp\/v2\/comments?post=32801"}],"wp:featuredmedia":[{"embeddable":true,"href":"https:\/\/test.burgwaechterservice.de\/fr\/wp-json\/wp\/v2\/media\/32804"}],"wp:attachment":[{"href":"https:\/\/test.burgwaechterservice.de\/fr\/wp-json\/wp\/v2\/media?parent=32801"}],"wp:term":[{"taxonomy":"product_cat","embeddable":true,"href":"https:\/\/test.burgwaechterservice.de\/fr\/wp-json\/wp\/v2\/product_cat?post=32801"},{"taxonomy":"product_tag","embeddable":true,"href":"https:\/\/test.burgwaechterservice.de\/fr\/wp-json\/wp\/v2\/product_tag?post=32801"}],"curies":[{"name":"wp","href":"https:\/\/api.w.org\/{rel}","templated":true}]}}