{"id":32793,"date":"2016-07-26T10:43:11","date_gmt":"2016-07-26T08:43:11","guid":{"rendered":"https:\/\/www.burg.biz\/?post_type=product&#038;p=32793"},"modified":"2019-06-12T10:03:45","modified_gmt":"2019-06-12T08:03:45","slug":"s-808","status":"publish","type":"product","link":"https:\/\/test.burgwaechterservice.de\/fr\/p\/boites-aux-lettres\/s-808\/","title":{"rendered":"808"},"content":{"rendered":"<p><img decoding=\"async\" class=\"alignnone wp-image-41812\" src=\"https:\/\/test.burgwaechterservice.de\/fr\/wp-content\/uploads\/sites\/4\/2016\/07\/Zeitungsbox-4900-800-5800-808-820-1800-1890-4900-Piktos-gesamt.jpg\" alt=\"BUW-Icons-BK 4c OK.indd\" width=\"116\" height=\"118\" srcset=\"https:\/\/test.burgwaechterservice.de\/fr\/wp-content\/uploads\/sites\/4\/2016\/07\/Zeitungsbox-4900-800-5800-808-820-1800-1890-4900-Piktos-gesamt.jpg 308w, https:\/\/test.burgwaechterservice.de\/fr\/wp-content\/uploads\/sites\/4\/2016\/07\/Zeitungsbox-4900-800-5800-808-820-1800-1890-4900-Piktos-gesamt-296x300.jpg 296w, https:\/\/test.burgwaechterservice.de\/fr\/wp-content\/uploads\/sites\/4\/2016\/07\/Zeitungsbox-4900-800-5800-808-820-1800-1890-4900-Piktos-gesamt-80x80.jpg 80w\" sizes=\"(max-width: 116px) 100vw, 116px\" \/><a href=\"https:\/\/warranty.burg.biz\/bk\/\" target=\"_blank\" rel=\"noopener noreferrer\"><img decoding=\"async\" class=\"alignright wp-image-254979\" src=\"https:\/\/test.burgwaechterservice.de\/fr\/wp-content\/uploads\/sites\/4\/2016\/07\/Siegel_5_Jahre_Garantie_FR_-295x300.jpg\" alt=\"\" width=\"214\" height=\"218\" srcset=\"https:\/\/test.burgwaechterservice.de\/fr\/wp-content\/uploads\/sites\/4\/2016\/07\/Siegel_5_Jahre_Garantie_FR_-295x300.jpg 295w, https:\/\/test.burgwaechterservice.de\/fr\/wp-content\/uploads\/sites\/4\/2016\/07\/Siegel_5_Jahre_Garantie_FR_.jpg 485w\" sizes=\"(max-width: 214px) 100vw, 214px\" \/><br \/>\n<\/a><\/p>\n<h2>Le porte-journaux 808\u00a0: des lignes anguleuses orn\u00e9es de lettres \u00e9l\u00e9gantes<\/h2>\n<p>Ce mod\u00e8le produit un effet extr\u00eamement noble gr\u00e2ce au mot \u00ab\u00a0Zeitung\u00a0\u00bb (Journal) <strong>\u00e9crit en lettres dor\u00e9es<\/strong>. Votre bo\u00eete aux lettres gagne ainsi une petite touche de luxe suppl\u00e9mentaire. Ses lignes bien marqu\u00e9es lui conf\u00e8rent un je-ne-sais-quoi de plus.<\/p>\n<p>Le porte-journaux 808 dispose d&#8217;un <strong>battant lat\u00e9ral en m\u00e9tal<\/strong> verni dans la m\u00eame couleur et qui peut \u00eatre mont\u00e9 des deux c\u00f4t\u00e9s.<\/p>\n<p>Ce porte-journaux en acier <strong>galvanis\u00e9 sur toute la surface<\/strong> est parfaitement \u00e9quip\u00e9 contre tous les caprices de la m\u00e9t\u00e9o.<br \/>\nEt pour le nettoyer\u00a0: il suffit de passer un coup de chiffon humide et propre et c&#8217;est tout. De cette mani\u00e8re, il mettra en valeur pendant longtemps l&#8217;entr\u00e9e de votre maison.<\/p>\n<p>Disponible dans des tons discrets\u00a0: blanc, marron et noir, ainsi que dans un vert vif, ou dans des finitions cuivr\u00e9es ou m\u00e9tal vieilli.<\/p>\n<h3>Le porte-journaux 808 de BURG-W\u00c4CHTER en un coup d&#8217;\u0153il<\/h3>\n<ul>\n<li>Porte-journaux aux formes anguleuses<\/li>\n<li>Lettres estamp\u00e9es<\/li>\n<li>Largeur utilisable\u00a0: 380 mm<\/li>\n<li>Avec battant lat\u00e9ral en acier galvanis\u00e9<\/li>\n<li>Utilisable des deux c\u00f4t\u00e9s<\/li>\n<li>Disponible en blanc, vert, marron, noir, cuivr\u00e9 et m\u00e9tal vieilli<\/li>\n<li>Dimensions L x P x H\u00a0: 425 x 110 x 120 mm<\/li>\n<\/ul>\n<table class=\"ausfuehrung\">\n<thead>\n<tr>\n<td>Article<\/td>\n<td>Couleurs<\/td>\n<td>L x P x H<\/td>\n<\/tr>\n<tr>\n<td class=\"subdesc\"><\/td>\n<td><\/td>\n<td class=\"subdesc\">mm<\/td>\n<\/tr>\n<\/thead>\n<tbody>\n<tr>\n<td>808 W<\/td>\n<td>blanc<\/td>\n<td>425 x 110 x 120<\/td>\n<\/tr>\n<tr>\n<td>808 GR<\/td>\n<td>vert<\/td>\n<td>425 x 110 x 120<\/td>\n<\/tr>\n<tr>\n<td>808 BR<\/td>\n<td>brun<\/td>\n<td>425 x 110 x 120<\/td>\n<\/tr>\n<tr>\n<td>808 S<\/td>\n<td>noir<\/td>\n<td>425 x 110 x 120<\/td>\n<\/tr>\n<tr>\n<td>808 K<\/td>\n<td>cuivre m\u00e9tallique<\/td>\n<td>425 x 110 x 120<\/td>\n<\/tr>\n<tr>\n<td>808 E<\/td>\n<td>anthracite<\/td>\n<td>425 x 110 x 120<\/td>\n<\/tr>\n<\/tbody>\n<\/table>\n","protected":false},"excerpt":{"rendered":"<p>Le porte-journaux 808\u00a0: des lignes anguleuses orn\u00e9es de lettres \u00e9l\u00e9gantes Ce mod\u00e8le produit un effet extr\u00eamement noble gr\u00e2ce au mot \u00ab\u00a0Zeitung\u00a0\u00bb (Journal) \u00e9crit en lettres dor\u00e9es. Votre bo\u00eete aux lettres gagne ainsi une petite touche de luxe suppl\u00e9mentaire. Ses lignes &hellip; <a class=\"kt-excerpt-readmore\" href=\"https:\/\/test.burgwaechterservice.de\/fr\/p\/boites-aux-lettres\/s-808\/\" aria-label=\"808\">Lire la suite<\/a><\/p>\n","protected":false},"featured_media":32800,"comment_status":"closed","ping_status":"closed","template":"","meta":[],"product_cat":[23,43],"product_tag":[],"yoast_head":"<!-- This site is optimized with the Yoast SEO Premium plugin v18.4 (Yoast SEO v19.13) - https:\/\/yoast.com\/wordpress\/plugins\/seo\/ -->\n<title>808 - Burg-W\u00e4chter<\/title>\n<meta name=\"description\" content=\"Le porte-journaux 808\u00a0: des lignes anguleuses orn\u00e9es de lettres \u00e9l\u00e9gantes Ce mod\u00e8le produit un effet extr\u00eamement noble gr\u00e2ce au mot \u00ab\u00a0Zeitung\u00a0\u00bb (Journal)\" \/>\n<meta name=\"robots\" content=\"index, follow, max-snippet:-1, max-image-preview:large, max-video-preview:-1\" \/>\n<link rel=\"canonical\" href=\"https:\/\/test.burgwaechterservice.de\/fr\/p\/boites-aux-lettres\/s-808\/\" \/>\n<meta property=\"og:locale\" content=\"fr_FR\" \/>\n<meta property=\"og:type\" content=\"article\" \/>\n<meta property=\"og:title\" content=\"808\" \/>\n<meta property=\"og:description\" content=\"Le porte-journaux 808\u00a0: des lignes anguleuses orn\u00e9es de lettres \u00e9l\u00e9gantes Ce mod\u00e8le produit un effet extr\u00eamement noble gr\u00e2ce au mot \u00ab\u00a0Zeitung\u00a0\u00bb (Journal)\" \/>\n<meta property=\"og:url\" content=\"https:\/\/test.burgwaechterservice.de\/fr\/p\/boites-aux-lettres\/s-808\/\" \/>\n<meta property=\"og:site_name\" content=\"Burg-W\u00e4chter France\" \/>\n<meta property=\"article:modified_time\" content=\"2019-06-12T08:03:45+00:00\" \/>\n<meta property=\"og:image\" content=\"https:\/\/test.burgwaechterservice.de\/fr\/wp-content\/uploads\/sites\/4\/2016\/07\/Zeitungsbox_808_BR_117903-01.jpg\" \/>\n\t<meta property=\"og:image:width\" content=\"1000\" \/>\n\t<meta property=\"og:image:height\" content=\"1000\" \/>\n\t<meta property=\"og:image:type\" content=\"image\/jpeg\" \/>\n<meta name=\"twitter:card\" content=\"summary_large_image\" \/>\n<meta name=\"twitter:label1\" content=\"Dur\u00e9e de lecture estim\u00e9e\" \/>\n\t<meta name=\"twitter:data1\" content=\"1 minute\" \/>\n<!-- \/ Yoast SEO Premium plugin. -->","yoast_head_json":{"title":"808 - Burg-W\u00e4chter","description":"Le porte-journaux 808\u00a0: des lignes anguleuses orn\u00e9es de lettres \u00e9l\u00e9gantes Ce mod\u00e8le produit un effet extr\u00eamement noble gr\u00e2ce au mot \u00ab\u00a0Zeitung\u00a0\u00bb (Journal)","robots":{"index":"index","follow":"follow","max-snippet":"max-snippet:-1","max-image-preview":"max-image-preview:large","max-video-preview":"max-video-preview:-1"},"canonical":"https:\/\/test.burgwaechterservice.de\/fr\/p\/boites-aux-lettres\/s-808\/","og_locale":"fr_FR","og_type":"article","og_title":"808","og_description":"Le porte-journaux 808\u00a0: des lignes anguleuses orn\u00e9es de lettres \u00e9l\u00e9gantes Ce mod\u00e8le produit un effet extr\u00eamement noble gr\u00e2ce au mot \u00ab\u00a0Zeitung\u00a0\u00bb (Journal)","og_url":"https:\/\/test.burgwaechterservice.de\/fr\/p\/boites-aux-lettres\/s-808\/","og_site_name":"Burg-W\u00e4chter France","article_modified_time":"2019-06-12T08:03:45+00:00","og_image":[{"width":1000,"height":1000,"url":"https:\/\/test.burgwaechterservice.de\/fr\/wp-content\/uploads\/sites\/4\/2016\/07\/Zeitungsbox_808_BR_117903-01.jpg","type":"image\/jpeg"}],"twitter_card":"summary_large_image","twitter_misc":{"Dur\u00e9e de lecture estim\u00e9e":"1 minute"},"schema":{"@context":"https:\/\/schema.org","@graph":[{"@type":"WebPage","@id":"https:\/\/test.burgwaechterservice.de\/fr\/p\/boites-aux-lettres\/s-808\/","url":"https:\/\/test.burgwaechterservice.de\/fr\/p\/boites-aux-lettres\/s-808\/","name":"808 - Burg-W\u00e4chter","isPartOf":{"@id":"https:\/\/test.burgwaechterservice.de\/fr\/#website"},"datePublished":"2016-07-26T08:43:11+00:00","dateModified":"2019-06-12T08:03:45+00:00","description":"Le porte-journaux 808\u00a0: des lignes anguleuses orn\u00e9es de lettres \u00e9l\u00e9gantes Ce mod\u00e8le produit un effet extr\u00eamement noble gr\u00e2ce au mot \u00ab\u00a0Zeitung\u00a0\u00bb (Journal)","breadcrumb":{"@id":"https:\/\/test.burgwaechterservice.de\/fr\/p\/boites-aux-lettres\/s-808\/#breadcrumb"},"inLanguage":"fr-FR","potentialAction":[{"@type":"ReadAction","target":["https:\/\/test.burgwaechterservice.de\/fr\/p\/boites-aux-lettres\/s-808\/"]}]},{"@type":"BreadcrumbList","@id":"https:\/\/test.burgwaechterservice.de\/fr\/p\/boites-aux-lettres\/s-808\/#breadcrumb","itemListElement":[{"@type":"ListItem","position":1,"name":"Accueil","item":"https:\/\/test.burgwaechterservice.de\/fr\/"},{"@type":"ListItem","position":2,"name":"Produits","item":"https:\/\/test.burgwaechterservice.de\/fr\/p\/"},{"@type":"ListItem","position":3,"name":"808"}]},{"@type":"WebSite","@id":"https:\/\/test.burgwaechterservice.de\/fr\/#website","url":"https:\/\/test.burgwaechterservice.de\/fr\/","name":"Burg-W\u00e4chter France","description":"Le choix le plus s\u00fbr!","potentialAction":[{"@type":"SearchAction","target":{"@type":"EntryPoint","urlTemplate":"https:\/\/test.burgwaechterservice.de\/fr\/?s={search_term_string}"},"query-input":"required name=search_term_string"}],"inLanguage":"fr-FR"}]}},"_links":{"self":[{"href":"https:\/\/test.burgwaechterservice.de\/fr\/wp-json\/wp\/v2\/product\/32793"}],"collection":[{"href":"https:\/\/test.burgwaechterservice.de\/fr\/wp-json\/wp\/v2\/product"}],"about":[{"href":"https:\/\/test.burgwaechterservice.de\/fr\/wp-json\/wp\/v2\/types\/product"}],"replies":[{"embeddable":true,"href":"https:\/\/test.burgwaechterservice.de\/fr\/wp-json\/wp\/v2\/comments?post=32793"}],"wp:featuredmedia":[{"embeddable":true,"href":"https:\/\/test.burgwaechterservice.de\/fr\/wp-json\/wp\/v2\/media\/32800"}],"wp:attachment":[{"href":"https:\/\/test.burgwaechterservice.de\/fr\/wp-json\/wp\/v2\/media?parent=32793"}],"wp:term":[{"taxonomy":"product_cat","embeddable":true,"href":"https:\/\/test.burgwaechterservice.de\/fr\/wp-json\/wp\/v2\/product_cat?post=32793"},{"taxonomy":"product_tag","embeddable":true,"href":"https:\/\/test.burgwaechterservice.de\/fr\/wp-json\/wp\/v2\/product_tag?post=32793"}],"curies":[{"name":"wp","href":"https:\/\/api.w.org\/{rel}","templated":true}]}}